{"id":4690,"date":"2023-11-11T14:33:49","date_gmt":"2023-11-11T13:33:49","guid":{"rendered":"https:\/\/vetomshop.hu\/termek\/elast-medal\/"},"modified":"2023-11-11T14:33:49","modified_gmt":"2023-11-11T13:33:49","slug":"elast-medal","status":"publish","type":"product","link":"https:\/\/vetomshop.hu\/de_at\/product\/elast-medal\/","title":{"rendered":"Elast-Medaille"},"content":{"rendered":"<p>Erg\u00e4nzendes Mittel zur Vorbeugung und Behandlung von Banderkrankungen, zur Aktivierung von Regenerationsprozessen und zur erg\u00e4nzenden Behandlung von chronischen Banderkrankungen.<\/p>\n<p>Die Wirkung der \u201eELAST\u201d-Medaille zielt auf die Wiederherstellung der normalen Stoffwechselprozesse in den Zellen und Geweben der B\u00e4nder ab, wodurch der Alterungsprozess verlangsamt wird.<\/p>\n<p>Dieses Instrument wirkt sich positiv auf den Zustand der K\u00f6rperfunktionen aus und kann in Kombination mit anderen Methoden als Optimierungs- und Korrekturinstrument eingesetzt werden:<\/p>\n<ul>\n<li>erh\u00f6ht die Flexibilit\u00e4t der B\u00e4nder und vergr\u00f6\u00dfert die Amplitude der Gelenkbewegung als Reaktion auf altersbedingte Ver\u00e4nderungen<\/li>\n<li>verringert die Wahrscheinlichkeit von Verletzungen der Sehnen und B\u00e4nder<\/li>\n<li>Verk\u00fcrzung der Heilungszeit nach B\u00e4nderverletzungen (Verstauchungen, Zerrungen)<\/li>\n<li>Verlangsamung der altersbedingten Ver\u00e4nderungen der Gelenke<\/li>\n<li>St\u00e4rkung der B\u00e4nder der inneren Organe, um deren Vorfall zu verhindern (Geb\u00e4rmutter, Darm, Niere, Magen)<\/li>\n<\/ul>\n<div class=\"su-spoiler su-spoiler-style-defoult su-spoiler-icon-caret su-spoiler-closed\" data-scroll-offset=\"0\" data-anchor-in-url=\"no\"><div class=\"su-spoiler-title\" tabindex=\"0\" role=\"button\"><span class=\"su-spoiler-icon\"><\/span>Alle<\/div><div class=\"su-spoiler-content su-u-clearfix su-u-trim\">\n<strong>Auswirkungen:<\/strong><\/p>\n<ul>\n<li>Reparatur von Stoffwechselvorg\u00e4ngen im Bindegewebe von Gelenken und inneren Organen, einschlie\u00dflich der Dupuytren'schen Kontraktur (Kontraktur: Verk\u00fcrzung von Sehnen und\/oder Muskeln, Schrumpfung, die zu Verformungen und\/oder Zw\u00e4ngen f\u00fchrt)<\/li>\n<li>Verlangsamung der \u201ealtersbedingten\u201d Ver\u00e4nderungen des Bewegungsapparats<\/li>\n<li>verbessert die Flexibilit\u00e4t von Muskeln und B\u00e4ndern<\/li>\n<li>beschleunigt die Genesung nach Verletzungen und chirurgischen Eingriffen und verhindert die Bildung von groben Narben.<\/li>\n<\/ul>\n<\/div><\/div>","protected":false},"excerpt":{"rendered":"<p>Kieg\u00e9sz\u00edt\u0151 eszk\u00f6z a ligamentum betegs\u00e9geinek megel\u0151z\u00e9s\u00e9re \u00e9s kezel\u00e9s\u00e9re, regener\u00e1ci\u00f3s folyamatok aktiv\u00e1l\u00e1s\u00e1ra \u00e9s a ligamentum kr\u00f3nikus betegs\u00e9geinek kieg\u00e9sz\u00edt\u0151 kezel\u00e9s\u00e9re. A &#8222;ELAST&#8221; Med\u00e1l hat\u00e1sa a norm\u00e1lis anyagcsere-folyamatok helyre\u00e1ll\u00edt\u00e1s\u00e1ra ir\u00e1nyul a ligamentumok sejtjeiben \u00e9s sz\u00f6veteiben, lass\u00edtva az \u00f6reged\u00e9si folyamatokat is. Ez az eszk\u00f6z pozit\u00edv hat\u00e1ssal van a testfunkci\u00f3k \u00e1llapot\u00e1ra, az optimaliz\u00e1l\u00e1s \u00e9s korrekci\u00f3 eszk\u00f6zek\u00e9nt haszn\u00e1lhat\u00f3 egy\u00e9b m\u00f3dszerekkel is [&hellip;]<\/p>\n","protected":false},"featured_media":4689,"comment_status":"open","ping_status":"closed","template":"","meta":[],"product_brand":[],"product_cat":[33,32],"product_tag":[],"class_list":{"0":"post-4690","1":"product","2":"type-product","3":"status-publish","4":"has-post-thumbnail","6":"product_cat-egeszseg-medalok","7":"product_cat-triomed","9":"first","10":"instock","11":"taxable","12":"shipping-taxable","13":"purchasable","14":"product-type-simple"},"_links":{"self":[{"href":"https:\/\/vetomshop.hu\/de_at\/wp-json\/wp\/v2\/product\/4690","targetHints":{"allow":["GET"]}}],"collection":[{"href":"https:\/\/vetomshop.hu\/de_at\/wp-json\/wp\/v2\/product"}],"about":[{"href":"https:\/\/vetomshop.hu\/de_at\/wp-json\/wp\/v2\/types\/product"}],"replies":[{"embeddable":true,"href":"https:\/\/vetomshop.hu\/de_at\/wp-json\/wp\/v2\/comments?post=4690"}],"wp:featuredmedia":[{"embeddable":true,"href":"https:\/\/vetomshop.hu\/de_at\/wp-json\/wp\/v2\/media\/4689"}],"wp:attachment":[{"href":"https:\/\/vetomshop.hu\/de_at\/wp-json\/wp\/v2\/media?parent=4690"}],"wp:term":[{"taxonomy":"product_brand","embeddable":true,"href":"https:\/\/vetomshop.hu\/de_at\/wp-json\/wp\/v2\/product_brand?post=4690"},{"taxonomy":"product_cat","embeddable":true,"href":"https:\/\/vetomshop.hu\/de_at\/wp-json\/wp\/v2\/product_cat?post=4690"},{"taxonomy":"product_tag","embeddable":true,"href":"https:\/\/vetomshop.hu\/de_at\/wp-json\/wp\/v2\/product_tag?post=4690"}],"curies":[{"name":"wp","href":"https:\/\/api.w.org\/{rel}","templated":true}]}}