{"id":4694,"date":"2023-11-11T14:33:50","date_gmt":"2023-11-11T13:33:50","guid":{"rendered":"https:\/\/vetomshop.hu\/termek\/eros-plus\/"},"modified":"2023-11-11T14:33:50","modified_gmt":"2023-11-11T13:33:50","slug":"eros-plus","status":"publish","type":"product","link":"https:\/\/vetomshop.hu\/de_at\/product\/eros-plus\/","title":{"rendered":"Eros plus"},"content":{"rendered":"<h4>\u201eEROS plus\u201d-Anh\u00e4nger<\/h4>\n<p>\u201eEROS plus\u201d-Anh\u00e4nger - ein Ger\u00e4t zur biophysikalischen Feineinstellung der Dr\u00fcsen, die f\u00fcr die Produktion der m\u00e4nnlichen Sexualpheromone Androstenol und Androsteron verantwortlich sind.<br \/>\nMenschliche Pheromone sind besondere biochemische Verbindungen, die von speziellen Dr\u00fcsen im \u00e4u\u00dferen Epithel produziert werden. Pheromone, die in die Umgebung eindringen, werden von Geruchsrezeptoren erkannt, die den Gehirnh\u00e4lften des Menschen \u201eSignale\u201d geben. Die wichtigsten vom Menschen produzierten Pheromone sind Androstenol und Androsteron.<\/p>\n<div class=\"su-spoiler su-spoiler-style-defoult su-spoiler-icon-caret su-spoiler-closed\" data-scroll-offset=\"0\" data-anchor-in-url=\"no\"><div class=\"su-spoiler-title\" tabindex=\"0\" role=\"button\"><span class=\"su-spoiler-icon\"><\/span>Alle<\/div><div class=\"su-spoiler-content su-u-clearfix su-u-trim\">\n<p>Androstenol ist ein universelles Pheromon, das von beiden Geschlechtern synthetisiert wird. Es tr\u00e4gt dazu bei, sehr schnell Sympathie f\u00fcr den Gespr\u00e4chspartner zu wecken und den Wunsch nach Kommunikation zu wecken. Der Tr\u00e4ger eines androstenolhaltigen Parfums strahlt unabh\u00e4ngig vom Alter eine Aura von Jugend und Frische aus.<\/p>\n<p>Androsteron - ein Analogon einer Substanz, die nur von Angeh\u00f6rigen des starken Geschlechts synthetisiert wird. Es ist auch als Pheromon des Mutes bekannt, weil sein Tr\u00e4ger eine selbstbewusste, kraftvolle Ausstrahlung hat, die auf Frauen anziehend wirkt.<\/p>\n<p>Das Tragen des \u201eEROS plus\u201d-Anh\u00e4ngers stimuliert die eigene Pheromonproduktion.<\/p>\n<p>Der Anh\u00e4nger \u201eEROS plus\u201d hilft Ihnen, Selbstvertrauen zu gewinnen und Sympathien beim anderen Geschlecht zu gewinnen.<\/p>\n<\/div><\/div>","protected":false},"excerpt":{"rendered":"<p>&#8222;EROS plus&#8221; med\u00e1l &#8222;EROS plus&#8221; med\u00e1l \u2013 a f\u00e9rfi nemi feromonok \u2013 androstenol \u00e9s androsteron \u2013 el\u0151\u00e1ll\u00edt\u00e1s\u00e1\u00e9rt felel\u0151s mirigyek finom biofizikai be\u00e1ll\u00edt\u00e1s\u00e1ra szolg\u00e1l\u00f3 eszk\u00f6z. Az emberi feromonok k\u00fcl\u00f6nleges biok\u00e9miai vegy\u00fcletek, amelyeket a k\u00fcls\u0151 epitheliumban tal\u00e1lhat\u00f3 speci\u00e1lis mirigyek termelnek. A k\u00f6rnyezetbe behatol\u00f3 feromonok a szagl\u00f3receptorok seg\u00edts\u00e9g\u00e9vel \u00e9rz\u00e9kelhet\u0151k, amik \u201e jelet k\u00f6zvet\u00edtenek\u201d az emberi agy f\u00e9ltek\u00e9ire. Az [&hellip;]<\/p>\n","protected":false},"featured_media":4693,"comment_status":"open","ping_status":"closed","template":"","meta":[],"product_brand":[],"product_cat":[33,32],"product_tag":[],"class_list":{"0":"post-4694","1":"product","2":"type-product","3":"status-publish","4":"has-post-thumbnail","6":"product_cat-egeszseg-medalok","7":"product_cat-triomed","9":"first","10":"instock","11":"taxable","12":"shipping-taxable","13":"purchasable","14":"product-type-simple"},"_links":{"self":[{"href":"https:\/\/vetomshop.hu\/de_at\/wp-json\/wp\/v2\/product\/4694","targetHints":{"allow":["GET"]}}],"collection":[{"href":"https:\/\/vetomshop.hu\/de_at\/wp-json\/wp\/v2\/product"}],"about":[{"href":"https:\/\/vetomshop.hu\/de_at\/wp-json\/wp\/v2\/types\/product"}],"replies":[{"embeddable":true,"href":"https:\/\/vetomshop.hu\/de_at\/wp-json\/wp\/v2\/comments?post=4694"}],"wp:featuredmedia":[{"embeddable":true,"href":"https:\/\/vetomshop.hu\/de_at\/wp-json\/wp\/v2\/media\/4693"}],"wp:attachment":[{"href":"https:\/\/vetomshop.hu\/de_at\/wp-json\/wp\/v2\/media?parent=4694"}],"wp:term":[{"taxonomy":"product_brand","embeddable":true,"href":"https:\/\/vetomshop.hu\/de_at\/wp-json\/wp\/v2\/product_brand?post=4694"},{"taxonomy":"product_cat","embeddable":true,"href":"https:\/\/vetomshop.hu\/de_at\/wp-json\/wp\/v2\/product_cat?post=4694"},{"taxonomy":"product_tag","embeddable":true,"href":"https:\/\/vetomshop.hu\/de_at\/wp-json\/wp\/v2\/product_tag?post=4694"}],"curies":[{"name":"wp","href":"https:\/\/api.w.org\/{rel}","templated":true}]}}