{"id":4722,"date":"2023-11-11T14:33:56","date_gmt":"2023-11-11T13:33:56","guid":{"rendered":"https:\/\/vetomshop.hu\/termek\/egeszseges-vese-jelado\/"},"modified":"2023-11-11T14:33:56","modified_gmt":"2023-11-11T13:33:56","slug":"egeszseges-vese-jelado","status":"publish","type":"product","link":"https:\/\/vetomshop.hu\/de_at\/product\/egeszseges-vese-jelado\/","title":{"rendered":"Leuchtturm f\u00fcr gesunde Nieren"},"content":{"rendered":"<h4>Gesunde Niere strahlt 15 s.<\/h4>\n<p>Betriebsdauer des Senders 11 Minuten<br \/>\nSie entspricht der Frequenz der Niere und der Harnwege.<\/p>\n<p>Seine Verwendung wird zur Vorbeugung und begleitenden Behandlung von Nieren- und Harnwegserkrankungen empfohlen<br \/>\nVerbessert die Durchblutung und den Stoffwechsel in den Nephronen (Funktionseinheiten der Nieren) und den Harnwegen.<\/p>\n<ul>\n<li>Es verbessert die R\u00fcckresorption, die Filtration, die Synthese, die Ionenregulierung, die Entgiftung und die Stoffwechselprozesse in den Nieren.<\/li>\n<li>Es stimuliert die Regenerations- und Reparaturprozesse von Nierengewebe und Harnwegen.<\/li>\n<li>krampfl\u00f6sende Wirkung.<\/li>\n<li>Schmerzlindernde Wirkung.<\/li>\n<li>Entz\u00fcndungshemmende Wirkung.<\/li>\n<li>Verhindert sklerotische L\u00e4sionen.<\/li>\n<\/ul>\n<p>Die Anwendung auf biologisch aktiven Stellen und Zonen wird empfohlen.<\/p>\n<div class=\"su-spoiler su-spoiler-style-defoult su-spoiler-icon-caret su-spoiler-closed\" data-scroll-offset=\"0\" data-anchor-in-url=\"no\"><div class=\"su-spoiler-title\" tabindex=\"0\" role=\"button\"><span class=\"su-spoiler-icon\"><\/span>Alle<\/div><div class=\"su-spoiler-content su-u-clearfix su-u-trim\">\n<p>Die Bestrahlung wird zur Vorbeugung und erg\u00e4nzenden Behandlung der folgenden Krankheiten empfohlen:<\/p>\n<ul>\n<li>akute und chronische Nierenentz\u00fcndung, Blasenentz\u00fcndung, entz\u00fcndliche Erkrankungen der ableitenden Harnwege,<\/li>\n<li>Stoffwechselst\u00f6rungen (einschlie\u00dflich der Bildung von Nierensteinen),<\/li>\n<li>bei Autoimmunerkrankungen - wenn die Nieren betroffen sind, und bei Autoimmunerkrankungen der Nieren,<\/li>\n<li>bei Nierenerkrankungen, die durch toxische Substanzen verursacht wurden<\/li>\n<\/ul>\n<\/div><\/div>","protected":false},"excerpt":{"rendered":"<p>Eg\u00e9szs\u00e9ges vese sug\u00e1rz\u00f3 15 sz. A sug\u00e1rz\u00f3 m\u0171k\u00f6d\u00e9si ideje 11 perc Megfelel a vesesz\u00f6vet \u00e9s a h\u00fagyutak frekvenci\u00e1j\u00e1nak. Alkalmaz\u00e1sa javasolt a vesebetegs\u00e9gek \u00e9s a h\u00fagyutak megbeteged\u00e9seinek megel\u0151z\u00e9s\u00e9ben \u00e9s kieg\u00e9sz\u00edt\u0151 kezel\u00e9s\u00e9ben Jav\u00edtja a nefronok (a vese funkcion\u00e1lis egys\u00e9geinek) \u00e9s a h\u00fagyutak v\u00e9rkering\u00e9s\u00e9t \u00e9s anyagcsere folyamatait. Jav\u00edtja a vese reabszorbci\u00f3s, filtr\u00e1ci\u00f3s, szintetikus, ionszab\u00e1lyz\u00f3, m\u00e9regtelen\u00edt\u0151 \u00e9s metabolikus folyamatait. [&hellip;]<\/p>\n","protected":false},"featured_media":4721,"comment_status":"open","ping_status":"closed","template":"","meta":[],"product_brand":[],"product_cat":[35,32],"product_tag":[],"class_list":{"0":"post-4722","1":"product","2":"type-product","3":"status-publish","4":"has-post-thumbnail","6":"product_cat-csatlakoztathato-jeladok","7":"product_cat-triomed","9":"first","10":"instock","11":"taxable","12":"shipping-taxable","13":"purchasable","14":"product-type-simple"},"_links":{"self":[{"href":"https:\/\/vetomshop.hu\/de_at\/wp-json\/wp\/v2\/product\/4722","targetHints":{"allow":["GET"]}}],"collection":[{"href":"https:\/\/vetomshop.hu\/de_at\/wp-json\/wp\/v2\/product"}],"about":[{"href":"https:\/\/vetomshop.hu\/de_at\/wp-json\/wp\/v2\/types\/product"}],"replies":[{"embeddable":true,"href":"https:\/\/vetomshop.hu\/de_at\/wp-json\/wp\/v2\/comments?post=4722"}],"wp:featuredmedia":[{"embeddable":true,"href":"https:\/\/vetomshop.hu\/de_at\/wp-json\/wp\/v2\/media\/4721"}],"wp:attachment":[{"href":"https:\/\/vetomshop.hu\/de_at\/wp-json\/wp\/v2\/media?parent=4722"}],"wp:term":[{"taxonomy":"product_brand","embeddable":true,"href":"https:\/\/vetomshop.hu\/de_at\/wp-json\/wp\/v2\/product_brand?post=4722"},{"taxonomy":"product_cat","embeddable":true,"href":"https:\/\/vetomshop.hu\/de_at\/wp-json\/wp\/v2\/product_cat?post=4722"},{"taxonomy":"product_tag","embeddable":true,"href":"https:\/\/vetomshop.hu\/de_at\/wp-json\/wp\/v2\/product_tag?post=4722"}],"curies":[{"name":"wp","href":"https:\/\/api.w.org\/{rel}","templated":true}]}}