{"id":4732,"date":"2023-11-11T14:33:59","date_gmt":"2023-11-11T13:33:59","guid":{"rendered":"https:\/\/vetomshop.hu\/termek\/specialis-111-es-jelado\/"},"modified":"2024-07-31T10:25:20","modified_gmt":"2024-07-31T08:25:20","slug":"specialis-111-es-jelado","status":"publish","type":"product","link":"https:\/\/vetomshop.hu\/de_at\/product\/specialis-111-es-jelado\/","title":{"rendered":"Sonderbake 111"},"content":{"rendered":"<h4>Spezieller 111-Informationsaufzeichnungssender<\/h4>\n<p><strong>Betriebsdauer des Strahlers:<\/strong> 15 mp<\/p>\n<p>Ihr Zweck ist es, Informationen (das elektromagnetische Wellenspektrum eines bestimmten Bereichs) \u201eaufzunehmen\u201d und sie auf einen ausgew\u00e4hlten Informationstr\u00e4ger (z. B. Wasser) oder eine biologisch aktive Zone zu \u201e\u00fcbertragen\u201d, um die Funktionsreserven zu optimieren und die Anpassungsf\u00e4higkeit des K\u00f6rpers zu erh\u00f6hen, die durch Umweltsch\u00e4den, Krankheiten oder andere Ursachen gesch\u00e4digt sein kann.<\/p>\n<p>Um die Informationen \u201eaufzuzeichnen\u201d, schlie\u00dfen Sie den 111. Sender an das Triomed an, bringen Sie es mit seiner flachen Oberfl\u00e4che in die N\u00e4he des Objekts und dr\u00fccken Sie die \u201eStart\u201d-Taste. Der Countdown beginnt - 15 Sekunden. Erst wenn die programmierte Zeit abgelaufen ist, entfernen Sie den Sender von dem Objekt. W\u00e4hrend dieser Zeit wird die Objektinformation auf dem Sender \u201egespeichert\u201d, die unver\u00e4ndert bleibt, bis der Sender an die Stromversorgung angeschlossen wird (bis das Ger\u00e4t gestartet wird).<\/p>\n<div class=\"su-spoiler su-spoiler-style-defoult su-spoiler-icon-caret su-spoiler-closed\" data-scroll-offset=\"0\" data-anchor-in-url=\"no\"><div class=\"su-spoiler-title\" tabindex=\"0\" role=\"button\"><span class=\"su-spoiler-icon\"><\/span>Alle<\/div><div class=\"su-spoiler-content su-u-clearfix su-u-trim\">\nUm die Informationen auf das Wasser zu \u201e\u00fcbertragen\u201d, muss der Sender so nah wie m\u00f6glich an das Wasser gebracht werden (das Glas sollte nicht dicker als 2 mm sein) und die Wasseroberfl\u00e4che sollte h\u00f6her als die Oberkante des Senders sein. Das Wasser sollte sauber und frei von Kohlens\u00e4ure und anderen Zus\u00e4tzen sein. Trinken Sie sofort ein paar Schlucke des zubereiteten \u201eInformations\u201d-Wassers, bevor Sie es in ein anderes Gef\u00e4\u00df umf\u00fcllen oder l\u00e4nger aufbewahren.<\/p>\n<p>Wenn Sie das urspr\u00fcngliche Signal lange Zeit beibehalten wollen, um eine versehentliche Verbindung mit dem Triomed zu verhindern, kennzeichnen Sie den Sender mit einem markanten Zeichen.<br \/>\n<\/div><\/div>","protected":false},"excerpt":{"rendered":"<p>Speci\u00e1lis 111 sz. inform\u00e1ci\u00f3t r\u00f6gz\u00edt\u0151 sug\u00e1rz\u00f3 A sug\u00e1rz\u00f3 m\u0171k\u00f6d\u00e9si ideje: 15 mp Rendeltet\u00e9se: az inform\u00e1ci\u00f3 (az adott tartom\u00e1ny elektrom\u00e1gneses hull\u00e1mspektrum\u00e1nak) \u201er\u00f6gz\u00edt\u00e9se\u201d, valamint \u201e\u00e1tvitele\u201d a kiv\u00e1lasztott inform\u00e1ci\u00f3hordoz\u00f3ra (pl. v\u00edzre) vagy biol\u00f3giailag akt\u00edv z\u00f3n\u00e1ra a funkcion\u00e1lis tartal\u00e9kok optimaliz\u00e1ci\u00f3ja \u00e9s a szervezet adapt\u00e1ci\u00f3s lehet\u0151s\u00e9geinek n\u00f6vel\u00e9se c\u00e9lj\u00e1b\u00f3l, melyek a k\u00f6rnyezet k\u00e1ros hat\u00e1sai, betegs\u00e9g, vagy egy\u00e9b okok miatt s\u00e9r\u00fcltek. Az [&hellip;]<\/p>\n","protected":false},"featured_media":4731,"comment_status":"open","ping_status":"closed","template":"","meta":[],"product_brand":[],"product_cat":[35,32],"product_tag":[],"class_list":{"0":"post-4732","1":"product","2":"type-product","3":"status-publish","4":"has-post-thumbnail","6":"product_cat-csatlakoztathato-jeladok","7":"product_cat-triomed","9":"first","10":"instock","11":"taxable","12":"shipping-taxable","13":"purchasable","14":"product-type-simple"},"_links":{"self":[{"href":"https:\/\/vetomshop.hu\/de_at\/wp-json\/wp\/v2\/product\/4732","targetHints":{"allow":["GET"]}}],"collection":[{"href":"https:\/\/vetomshop.hu\/de_at\/wp-json\/wp\/v2\/product"}],"about":[{"href":"https:\/\/vetomshop.hu\/de_at\/wp-json\/wp\/v2\/types\/product"}],"replies":[{"embeddable":true,"href":"https:\/\/vetomshop.hu\/de_at\/wp-json\/wp\/v2\/comments?post=4732"}],"wp:featuredmedia":[{"embeddable":true,"href":"https:\/\/vetomshop.hu\/de_at\/wp-json\/wp\/v2\/media\/4731"}],"wp:attachment":[{"href":"https:\/\/vetomshop.hu\/de_at\/wp-json\/wp\/v2\/media?parent=4732"}],"wp:term":[{"taxonomy":"product_brand","embeddable":true,"href":"https:\/\/vetomshop.hu\/de_at\/wp-json\/wp\/v2\/product_brand?post=4732"},{"taxonomy":"product_cat","embeddable":true,"href":"https:\/\/vetomshop.hu\/de_at\/wp-json\/wp\/v2\/product_cat?post=4732"},{"taxonomy":"product_tag","embeddable":true,"href":"https:\/\/vetomshop.hu\/de_at\/wp-json\/wp\/v2\/product_tag?post=4732"}],"curies":[{"name":"wp","href":"https:\/\/api.w.org\/{rel}","templated":true}]}}