{"id":4741,"date":"2023-11-11T14:34:00","date_gmt":"2023-11-11T13:34:00","guid":{"rendered":"https:\/\/vetomshop.hu\/termek\/sigma-medal\/"},"modified":"2023-11-11T14:34:00","modified_gmt":"2023-11-11T13:34:00","slug":"sigma-medal","status":"publish","type":"product","link":"https:\/\/vetomshop.hu\/de_at\/product\/sigma-medal\/","title":{"rendered":"Sigma-Medaille"},"content":{"rendered":"<p>A <strong>SIGMA Gesundheitsmedaille<\/strong> besteht darin, die normalen physiologischen Prozesse der Haarfollikel wiederherzustellen, ihre Widerstandsf\u00e4higkeit gegen\u00fcber ung\u00fcnstigen Umwelteinfl\u00fcssen und erh\u00f6htem Stress zu erh\u00f6hen, die Haarwachstumsphase zu verl\u00e4ngern und damit die Haardichte insgesamt zu erh\u00f6hen.<\/p>\n<p><strong>Auswirkungen:<\/strong><\/p>\n<ul>\n<li>normalisiert die Blutzirkulation, den Immunstatus und den Stoffwechsel der Haarfollikel und verhindert so die Entwicklung von Atrophie;<\/li>\n<li>reduziert die Schwere der entz\u00fcndlichen Prozesse in der Haut und den Haarfollikeln;<\/li>\n<li>tr\u00e4gt zur Normalisierung der Stoffwechselprozesse in der Haut und im gesamten Organismus bei; beugt der Entwicklung von Alopecia areata (l\u00fcckenhafter Haarausfall) vor.<\/li>\n<\/ul>\n<p>Der SIGMA-Gesundheitsanh\u00e4nger wirkt sich positiv auf den Zustand der K\u00f6rperfunktionen aus und kann als Instrument zur Optimierung und Korrektur in Kombination mit anderen Behandlungen von Alopecia areata (l\u00fcckenhafter Haarausfall) eingesetzt werden<br \/>\nund andere Methoden der Pr\u00e4vention.<\/p>\n<div class=\"su-spoiler su-spoiler-style-defoult su-spoiler-icon-caret su-spoiler-closed\" data-scroll-offset=\"0\" data-anchor-in-url=\"no\"><div class=\"su-spoiler-title\" tabindex=\"0\" role=\"button\"><span class=\"su-spoiler-icon\"><\/span>Alle<\/div><div class=\"su-spoiler-content su-u-clearfix su-u-trim\">\n<p><strong>Arten von l\u00fcckenhaftem Haarausfall:<\/strong><\/p>\n<p>Je nach Ausma\u00df des Haarausfalls wird der l\u00fcckenhafte Haarausfall in die folgenden Arten unterteilt:<\/p>\n<ul>\n<li>Alopecia areata unilocularis: die Haare fallen nur an einer Stelle aus<\/li>\n<li>Alopecia areata multilocularis: multiple Flecken mit Narbenbildung<\/li>\n<li>Alopecia areata subtotalis: Die Haare fallen fast auf der gesamten Kopfhaut aus3<\/li>\n<li>Alopecia areata totalis: alle Haare fallen auf der Kopfhaut aus Alopecia areata universalis: der Haarausfall betrifft die Kopfhaut und den ganzen K\u00f6rper<\/li>\n<li>Ophiasis-Typ: eine besondere Form der Alopecia areata, bei der die Haare haupts\u00e4chlich an den \u00e4u\u00dferen Bereichen der Kopfhaut ausfallen, in der Regel am Hinterkopf, manchmal auch an den<br \/>\nvon den Schl\u00e4fen oder der Stirn.<\/li>\n<\/ul>\n<p>Neben den oben genannten Typen kann das SIGMA Medallion auch bei Haarausfall aufgrund von Chemotherapie, Strahlentherapie oder endokriner Dysfunktion eingesetzt werden.<\/p>\n<\/div><\/div>","protected":false},"excerpt":{"rendered":"<p>A SIGMA Eg\u00e9szs\u00e9g Med\u00e1l feladata a sz\u0151rt\u00fcsz\u0151k norm\u00e1l fiziol\u00f3giai folyamatainak helyre\u00e1ll\u00edt\u00e1sa, a kedvez\u0151tlen k\u00f6rnyezeti t\u00e9nyez\u0151kkel \u00e9s a megn\u00f6vekedett stresszterhel\u00e9ssel szembeni ellen\u00e1ll\u00f3 k\u00e9pess\u00e9g\u00fck n\u00f6vel\u00e9se, a hajn\u00f6veked\u00e9s szakasz\u00e1nak meghosszabb\u00edt\u00e1sa, ez\u00e1ltal a teljes hajs\u0171r\u0171s\u00e9g n\u00f6vel\u00e9se. Hat\u00e1sok: normaliz\u00e1lja a v\u00e9rkering\u00e9st, az immun\u00e1llapotot \u00e9s az anyagcser\u00e9t a sz\u0151rt\u00fcsz\u0151kben, megel\u0151zve az atr\u00f3fia kialakul\u00e1s\u00e1t; cs\u00f6kkenti a b\u0151r \u00e9s a sz\u0151rt\u00fcsz\u0151k gyullad\u00e1sos folyamatainak [&hellip;]<\/p>\n","protected":false},"featured_media":4740,"comment_status":"open","ping_status":"closed","template":"","meta":[],"product_brand":[],"product_cat":[33,32],"product_tag":[],"class_list":{"0":"post-4741","1":"product","2":"type-product","3":"status-publish","4":"has-post-thumbnail","6":"product_cat-egeszseg-medalok","7":"product_cat-triomed","9":"first","10":"instock","11":"taxable","12":"shipping-taxable","13":"purchasable","14":"product-type-simple"},"_links":{"self":[{"href":"https:\/\/vetomshop.hu\/de_at\/wp-json\/wp\/v2\/product\/4741","targetHints":{"allow":["GET"]}}],"collection":[{"href":"https:\/\/vetomshop.hu\/de_at\/wp-json\/wp\/v2\/product"}],"about":[{"href":"https:\/\/vetomshop.hu\/de_at\/wp-json\/wp\/v2\/types\/product"}],"replies":[{"embeddable":true,"href":"https:\/\/vetomshop.hu\/de_at\/wp-json\/wp\/v2\/comments?post=4741"}],"wp:featuredmedia":[{"embeddable":true,"href":"https:\/\/vetomshop.hu\/de_at\/wp-json\/wp\/v2\/media\/4740"}],"wp:attachment":[{"href":"https:\/\/vetomshop.hu\/de_at\/wp-json\/wp\/v2\/media?parent=4741"}],"wp:term":[{"taxonomy":"product_brand","embeddable":true,"href":"https:\/\/vetomshop.hu\/de_at\/wp-json\/wp\/v2\/product_brand?post=4741"},{"taxonomy":"product_cat","embeddable":true,"href":"https:\/\/vetomshop.hu\/de_at\/wp-json\/wp\/v2\/product_cat?post=4741"},{"taxonomy":"product_tag","embeddable":true,"href":"https:\/\/vetomshop.hu\/de_at\/wp-json\/wp\/v2\/product_tag?post=4741"}],"curies":[{"name":"wp","href":"https:\/\/api.w.org\/{rel}","templated":true}]}}