{"id":4743,"date":"2023-11-11T14:34:00","date_gmt":"2023-11-11T13:34:00","guid":{"rendered":"https:\/\/vetomshop.hu\/termek\/siker-medal\/"},"modified":"2023-11-11T14:34:00","modified_gmt":"2023-11-11T13:34:00","slug":"siker-medal","status":"publish","type":"product","link":"https:\/\/vetomshop.hu\/de_at\/product\/siker-medal\/","title":{"rendered":"Erfolgsmedaille"},"content":{"rendered":"<h4>Erfolgsmedaille f\u00fcr Kinder<\/h4>\n<p><strong>Zweck:<\/strong><\/p>\n<p>Kognitive Funktionen (kognitive Prozesse) -<\/p>\n<ol>\n<li>Aufmerksamkeit, Beobachtung<\/li>\n<li>Erkennung-Erkennung<\/li>\n<li>Speicher<\/li>\n<li>Denkfunktionen<\/li>\n<\/ol>\n<p>- als erg\u00e4nzendes Instrument zur Aktivierung, zum Ausgleich von Lernm\u00fcdigkeit und zur Verbesserung des emotionalen Wohlbefindens.<\/p>\n<p>Es unterst\u00fctzt die Erholung von einer erheblichen Informations\u00fcberlastung und beugt dem Syndrom der chronischen M\u00fcdigkeit und Ersch\u00f6pfung vor.<\/p>\n<div class=\"su-spoiler su-spoiler-style-defoult su-spoiler-icon-caret su-spoiler-closed\" data-scroll-offset=\"0\" data-anchor-in-url=\"no\"><div class=\"su-spoiler-title\" tabindex=\"0\" role=\"button\"><span class=\"su-spoiler-icon\"><\/span>Alle<\/div><div class=\"su-spoiler-content su-u-clearfix su-u-trim\">\n<h4>Kurzbeschreibung<\/h4>\n<p>Die auf dem elektronischen Informationstr\u00e4ger - der SIKER-Gesundheitsmedaille - aufgezeichneten Informationen entsprechen dem Spektrum der elektromagnetischen Schwingungen der Zellen und Gewebe des Zentralnervensystems und den Schwingungen (elektromagnetisches Spektrum) der antihomotoxischen Substanzen, die die geistige Arbeitsf\u00e4higkeit und die Anti-Stress-Stabilit\u00e4t von Studenten und geistig Arbeitenden erh\u00f6hen und einen optimalen psycho-emotionalen Hintergrund aufrechterhalten. Die T\u00e4tigkeit von Studenten wird von einer hohen Intensit\u00e4t geistiger Prozesse unter Bedingungen von Zeitdruck und hoher Informationsdichte begleitet, die den Charakter von Stress haben. Das Denken umfasst die aktiven Aspekte der Kognition: Aufmerksamkeit, Wahrnehmung, Assoziationsprozesse, Begriffsbildung und Bewertungen, eine Komponente der realistischen T\u00e4tigkeit des sozialen Menschen.<\/p>\n<p>Das Denken h\u00e4ngt mit der T\u00e4tigkeit des Gehirns zusammen, aber die F\u00e4higkeit, abstrakt zu denken, ergibt sich aus dem Erwerb der praktischen Existenz, der Sprachregeln, der Logik und der Kultur. Das Denken findet in verschiedenen Formen intellektueller und praktischer T\u00e4tigkeit statt, in deren Verlauf die kognitiven Erfahrungen des Menschen verallgemeinert und aggregiert werden. Das Denken wird als die Quelle und das grundlegende Mittel der realen menschlichen Existenz betrachtet.<\/p>\n<\/div><\/div>","protected":false},"excerpt":{"rendered":"<p>Siker Med\u00e1l gyerekeknek Rendeltet\u00e9se: A kognit\u00edv funkci\u00f3k (megismer\u0151 folyamatok) &#8211; figyelem, megfigyel\u0151k\u00e9pess\u00e9g \u00e9rz\u00e9kel\u00e9s-\u00e9szlel\u00e9s eml\u00e9kezet gondolkod\u00e1si funkci\u00f3k &#8211; aktiv\u00e1l\u00e1s\u00e1t seg\u00edt\u0151, a tanul\u00e1st k\u00eds\u00e9r\u0151 f\u00e1radts\u00e1g ellens\u00falyoz\u00e1s\u00e1t \u00e9s az emocion\u00e1lis k\u00f6z\u00e9rzet jav\u00edt\u00e1s\u00e1t szolg\u00e1l\u00f3 kieg\u00e9sz\u00edt\u0151 eszk\u00f6z. T\u00e1mogatja a jelent\u0151s inform\u00e1ci\u00f3s megterhel\u00e9s ut\u00e1ni helyre\u00e1ll\u00edt\u00e1st, a kr\u00f3nikus f\u00e1radts\u00e1g \u00e9s kimer\u00fclts\u00e9g szindr\u00f3ma megel\u0151z\u00e9s\u00e9t.<\/p>","protected":false},"featured_media":4742,"comment_status":"open","ping_status":"closed","template":"","meta":[],"product_brand":[],"product_cat":[33,32],"product_tag":[],"class_list":{"0":"post-4743","1":"product","2":"type-product","3":"status-publish","4":"has-post-thumbnail","6":"product_cat-egeszseg-medalok","7":"product_cat-triomed","9":"first","10":"instock","11":"taxable","12":"shipping-taxable","13":"purchasable","14":"product-type-simple"},"_links":{"self":[{"href":"https:\/\/vetomshop.hu\/de_at\/wp-json\/wp\/v2\/product\/4743","targetHints":{"allow":["GET"]}}],"collection":[{"href":"https:\/\/vetomshop.hu\/de_at\/wp-json\/wp\/v2\/product"}],"about":[{"href":"https:\/\/vetomshop.hu\/de_at\/wp-json\/wp\/v2\/types\/product"}],"replies":[{"embeddable":true,"href":"https:\/\/vetomshop.hu\/de_at\/wp-json\/wp\/v2\/comments?post=4743"}],"wp:featuredmedia":[{"embeddable":true,"href":"https:\/\/vetomshop.hu\/de_at\/wp-json\/wp\/v2\/media\/4742"}],"wp:attachment":[{"href":"https:\/\/vetomshop.hu\/de_at\/wp-json\/wp\/v2\/media?parent=4743"}],"wp:term":[{"taxonomy":"product_brand","embeddable":true,"href":"https:\/\/vetomshop.hu\/de_at\/wp-json\/wp\/v2\/product_brand?post=4743"},{"taxonomy":"product_cat","embeddable":true,"href":"https:\/\/vetomshop.hu\/de_at\/wp-json\/wp\/v2\/product_cat?post=4743"},{"taxonomy":"product_tag","embeddable":true,"href":"https:\/\/vetomshop.hu\/de_at\/wp-json\/wp\/v2\/product_tag?post=4743"}],"curies":[{"name":"wp","href":"https:\/\/api.w.org\/{rel}","templated":true}]}}