{"id":4745,"date":"2023-11-11T14:34:01","date_gmt":"2023-11-11T13:34:01","guid":{"rendered":"https:\/\/vetomshop.hu\/termek\/solo-medal\/"},"modified":"2023-11-11T14:34:01","modified_gmt":"2023-11-11T13:34:01","slug":"solo-medal","status":"publish","type":"product","link":"https:\/\/vetomshop.hu\/de_at\/product\/solo-medal\/","title":{"rendered":"Solo-Anh\u00e4nger"},"content":{"rendered":"<h4>SOLO Health Medallion<\/h4>\n<p><strong>Hauptfunktionen:<\/strong><\/p>\n<p>Der Solo Med\u00e1l ist ein Zubeh\u00f6rger\u00e4t, das die k\u00f6rpereigenen Abwehrmechanismen und die Aktivierung des Immunsystems unterst\u00fctzt.<\/p>\n<p>Es leistet die gr\u00f6\u00dfte Hilfe bei viralen und bakteriellen Infektionen.<\/p>\n<p><strong>Auswirkungen:<\/strong><\/p>\n<ul>\n<li>Unterst\u00fctzung der St\u00e4rkung des Immunsystems, Unterst\u00fctzung der Erreichung einer reduzierten Reaktion auf Allergene,<\/li>\n<li>die Unterst\u00fctzung der Heilung von viralen Infektionskrankheiten,<\/li>\n<li>Unterst\u00fctzung der Ausscheidung toxischer Substanzen.,<\/li>\n<li>Unterst\u00fctzung der antibakteriellen und antiviralen Wirkung.<\/li>\n<\/ul>\n<p><strong>Wann wenden wir das an?<\/strong><\/p>\n<div class=\"su-spoiler su-spoiler-style-defoult su-spoiler-icon-caret su-spoiler-closed\" data-scroll-offset=\"0\" data-anchor-in-url=\"no\"><div class=\"su-spoiler-title\" tabindex=\"0\" role=\"button\"><span class=\"su-spoiler-icon\"><\/span>Alle<\/div><div class=\"su-spoiler-content su-u-clearfix su-u-trim\">\nDas Solo Med\u00e1l wirkt sich positiv auf die funktionellen K\u00f6rperfunktionen aus und kann als erg\u00e4nzendes Korrektur- und Optimierungsmittel zur Pr\u00e4vention und Behandlung der folgenden Krankheiten eingesetzt werden:<\/p>\n<ul>\n<li>bei bakteriellen und viralen Infektionen der oberen Atemwege;<\/li>\n<li>bei entz\u00fcndlichen Erkrankungen, bei bakteriell-allergischer Natur, Rhinitis, Pharyngitis, Laryngitis, Bronchitis;<\/li>\n<li>in den Anfangsstadien von Autoimmunerkrankungen (Bronchialasthma, asthmatische Bronchitis, rheumatoide Arthritis, Pyelo- und Glomerulonephritis \u2013 Nierenentz\u00fcndung, Autoimmunerkrankung der Schilddr\u00fcse, Herzklappenerkrankung infolge von rheumatischem Fieber, Endotheliale Gef\u00e4\u00dferkrankung, Strepto- und Staphylodermatitis).<\/li>\n<\/ul>\n<p>Wichtiger Hinweis: Bei Auftreten von Symptomen von Atemwegserkrankungen im oberen und unteren Bereich suchen Sie bitte einen Arzt auf. Wenden Sie das Solo-Amulett als unterst\u00fctzendes Mittel f\u00fcr die Genesung zus\u00e4tzlich zu den vom Arzt empfohlenen Behandlungsmethoden an!<\/p>\n<\/div><\/div>","protected":false},"excerpt":{"rendered":"<p>SOLO Eg\u00e9szs\u00e9g Med\u00e1l F\u0151 funkci\u00f3i: A Solo Med\u00e1l kieg\u00e9sz\u00edt\u0151 eszk\u00f6z, mely a szervezet v\u00e9dekez\u0151 mechanizmusait \u00e9s az immunrendszer aktiv\u00e1l\u00e1s\u00e1t t\u00e1mogatja. V\u00edrusos \u00e9s bakteri\u00e1lis fert\u0151z\u00e9sek eset\u00e9n ny\u00fajtja a legnagyobb seg\u00edts\u00e9get. Hat\u00e1sa: immunrendszer er\u0151s\u00edt\u00e9s\u00e9nek t\u00e1mogat\u00e1sa, az allerg\u00e9nekre val\u00f3 cs\u00f6kkent reakci\u00f3 el\u00e9r\u00e9s\u00e9nek t\u00e1mogat\u00e1sa, a v\u00edrusos megbeteged\u00e9sek gy\u00f3gyul\u00e1s\u00e1nak t\u00e1mogat\u00e1sa, a toxikus anyagok kivezet\u00e9s\u00e9nek t\u00e1mogat\u00e1sa, antibakteri\u00e1lis \u00e9s v\u00edrus\u00f6l\u0151 hat\u00e1s t\u00e1mogat\u00e1sa. [&hellip;]<\/p>\n","protected":false},"featured_media":4744,"comment_status":"open","ping_status":"closed","template":"","meta":[],"product_brand":[],"product_cat":[33,32],"product_tag":[],"class_list":{"0":"post-4745","1":"product","2":"type-product","3":"status-publish","4":"has-post-thumbnail","6":"product_cat-egeszseg-medalok","7":"product_cat-triomed","9":"first","10":"instock","11":"taxable","12":"shipping-taxable","13":"purchasable","14":"product-type-simple"},"_links":{"self":[{"href":"https:\/\/vetomshop.hu\/de_at\/wp-json\/wp\/v2\/product\/4745","targetHints":{"allow":["GET"]}}],"collection":[{"href":"https:\/\/vetomshop.hu\/de_at\/wp-json\/wp\/v2\/product"}],"about":[{"href":"https:\/\/vetomshop.hu\/de_at\/wp-json\/wp\/v2\/types\/product"}],"replies":[{"embeddable":true,"href":"https:\/\/vetomshop.hu\/de_at\/wp-json\/wp\/v2\/comments?post=4745"}],"wp:featuredmedia":[{"embeddable":true,"href":"https:\/\/vetomshop.hu\/de_at\/wp-json\/wp\/v2\/media\/4744"}],"wp:attachment":[{"href":"https:\/\/vetomshop.hu\/de_at\/wp-json\/wp\/v2\/media?parent=4745"}],"wp:term":[{"taxonomy":"product_brand","embeddable":true,"href":"https:\/\/vetomshop.hu\/de_at\/wp-json\/wp\/v2\/product_brand?post=4745"},{"taxonomy":"product_cat","embeddable":true,"href":"https:\/\/vetomshop.hu\/de_at\/wp-json\/wp\/v2\/product_cat?post=4745"},{"taxonomy":"product_tag","embeddable":true,"href":"https:\/\/vetomshop.hu\/de_at\/wp-json\/wp\/v2\/product_tag?post=4745"}],"curies":[{"name":"wp","href":"https:\/\/api.w.org\/{rel}","templated":true}]}}