{"id":6957,"date":"2025-07-26T15:40:40","date_gmt":"2025-07-26T13:40:40","guid":{"rendered":"https:\/\/vetomshop.hu\/?post_type=product&#038;p=6957"},"modified":"2025-12-31T14:57:45","modified_gmt":"2025-12-31T13:57:45","slug":"bioseptin-probiotikus-kenocs-60-g","status":"publish","type":"product","link":"https:\/\/vetomshop.hu\/de_at\/product\/bioseptin-probiotikus-kenocs-60-g\/","title":{"rendered":"Probiotische Salbe Bioseptin <span style=\"color:red\">60<\/span> g"},"content":{"rendered":"<p><span style=\"font-size: x-large;\"><b>Probiotische Salbe Bioseptin 60 g<\/b><\/span><\/p>\n<p><span style=\"font-size: x-large;\">Die Bioseptin-Salbe hat antiseptische, entz\u00fcndungshemmende und proteinspaltende Eigenschaften. Sie enth\u00e4lt Bakteriensporen von Bacillus subtilis und Bacillus licheniformis, die gegen ein breites Spektrum von Krankheitserregern wirksam sind. Sie zerst\u00f6ren pathogene Bakterien auf der Wundoberfl\u00e4che, sowohl in einer sauerstofffordernden als auch in einer sauerstofffreien Umgebung, insbesondere Gram-positive Arten. Sie tragen zum Abbau von abgestorbenem Gewebe und sch\u00e4dlichen Bakterien bei, verhindern eine erneute Infektion und beschleunigen die Wundheilung. Die Salbe verursacht keine Reizungen und es treten keine allergischen Reaktionen auf.<\/span><\/p>\n<p><span style=\"font-size: x-large;\"><b>Zusammensetzung und Pr\u00e4sentation:<\/b><\/span><\/p>\n<p><span style=\"font-size: x-large;\">Die Salbe enth\u00e4lt Sporen der beiden Bakterienst\u00e4mme in einer Agar- (gelartigen) Grundlage und Ethylalkohol. Sie enth\u00e4lt keine gentechnisch ver\u00e4nderten Bestandteile. Jedes Gramm der Salbe enth\u00e4lt mindestens eine Million lebender Bakterienzellen.<\/span><\/p>\n<p>Mehrere L\u00e4nder der internationalen Organisation haben gemeinsam ein Handelsverbot (Embargo) f\u00fcr kosmetische Mittel verh\u00e4ngt, so dass die Bioseptin-Salbe in Ungarn als Tierarzneimittel registriert wurde. .<\/p>\n<p><span style=\"font-size: x-large;\"><b>Wie zu verwenden:<\/b><\/span><\/p>\n<p><span style=\"font-size: x-large;\">Es sollte \u00e4u\u00dferlich angewendet werden, d\u00fcnn \u00fcber die gesch\u00e4digte Hautpartie gestrichen, 1-2 mal t\u00e4glich, bis es abgeheilt ist. Die behandelte Stelle muss nicht bandagiert werden.<\/span><\/p>\n<p><span style=\"font-size: x-large;\"><b>Wann nicht zu verwenden:<\/b><\/span><\/p>\n<p><span style=\"font-size: x-large;\">\u00a0 \u00a0Wenn Sie empfindlich auf einen der Inhaltsstoffe dieses Produkts reagieren, wird es nicht empfohlen. Es sollte auch nicht in Kombination mit Antibiotika, Sulfonamiden oder anderen Pr\u00e4paraten auf Bakterienbasis verwendet werden.<\/span><\/p>\n<p><span style=\"font-size: x-large;\"><b>Wichtige Informationen:<\/b><\/span><\/p>\n<p><span style=\"font-size: x-large;\"><span style=\"color: #127622;\"><b>Beim Menschen ist die Verwendung von Salbe:<\/b><\/span><\/span><\/p>\n<p><span style=\"font-size: large;\">Tragen Sie 1-2 Mal t\u00e4glich eine d\u00fcnne Schicht auf, bis die Wunde verheilt ist.<\/span><\/p>\n<p><span style=\"font-size: large;\">Eine \u00dcberdosierung ist nicht m\u00f6glich.<\/span><\/p>\n<p><span style=\"font-size: x-large;\"><span style=\"color: #127622;\"><b>Bei Tieren: die Anwendung von Salbe:<\/b><\/span><\/span><\/p>\n<p><span style=\"font-size: x-large;\">Nach der Behandlung der Tiere gibt es keine Wartezeit, bevor ihr Fleisch oder andere Produkte (z. B. Eier, Milch) als Lebensmittel verwendet werden k\u00f6nnen - d. h. sie k\u00f6nnen sofort verzehrt werden.<\/span><\/p>\n<p><span style=\"font-size: x-large;\"><b>Einsatzgebiete:<\/b><\/span><\/p>\n<p><span style=\"font-size: x-large;\">Es kann zur Behandlung von Wunden, infiziertem oder abgestorbenem Gewebe, Verbrennungen und Dermatitis bei verschiedenen Tierarten - Haus-, Nutz-, Wild- und Pelztieren sowie Gefl\u00fcgel - verwendet werden.<\/span><\/p>\n<p><span style=\"font-size: x-large;\"><b>Nebenwirkungen:<\/b><\/span><\/p>\n<p><span style=\"font-size: x-large;\">Bei richtiger Anwendung sind Nebenwirkungen selten oder gar nicht vorhanden.<\/span><\/p>\n<p><span style=\"font-size: x-large;\"><b>Lagerung:<\/b><\/span><\/p>\n<p><span style=\"font-size: x-large;\">Die Salbe sollte an einem k\u00fchlen (0-10 \u00b0C), trockenen, dunklen Ort, au\u00dferhalb der Reichweite von Kindern und Tieren gelagert werden. W\u00e4hrend des Transports sollte sie maximal 2 Wochen bei 20 \u00b0C bleiben. Sie ist ab dem Herstellungsdatum 2 Jahre lang haltbar.<\/span><\/p>","protected":false},"excerpt":{"rendered":"<p>A <strong>Bioseptin-Salbe<\/strong> antiseptische, entz\u00fcndungshemmende und proteolytische Eigenschaften. Es enth\u00e4lt <strong>Bacillus subtilis<\/strong> und <strong>Bacillus licheniformis<\/strong> Bakteriensporen sind gegen ein breites Spektrum von Krankheitserregern wirksam. Sie t\u00f6ten pathogene Bakterien auf der Wundoberfl\u00e4che ab, unabh\u00e4ngig davon, ob sie in einer sauerstofffordernden oder sauerstofffreien Umgebung leben, insbesondere die Gram-positiven Arten. Sie tragen zum Abbau von abgestorbenem Gewebe und sch\u00e4dlichen Bakterien bei, verhindern eine erneute Infektion und beschleunigen die Wundheilung. Die Salbe verursacht keine Reizungen und es treten keine allergischen Reaktionen auf.<\/p>\n<div class=\"plashka\">\n<h5>Eigenschaften und Wirkmechanismus:<br \/>\nBioseptin - Salbe mit hautpflegenden, antiseptischen, entz\u00fcndungshemmenden und proteolytischen Eigenschaften.<\/h5>\n<\/div>","protected":false},"featured_media":6958,"comment_status":"open","ping_status":"closed","template":"","meta":[],"product_brand":[],"product_cat":[22],"product_tag":[],"class_list":{"0":"post-6957","1":"product","2":"type-product","3":"status-publish","4":"has-post-thumbnail","6":"product_cat-vetom-probiotikumok","8":"first","9":"outofstock","10":"taxable","11":"shipping-taxable","12":"purchasable","13":"product-type-simple"},"_links":{"self":[{"href":"https:\/\/vetomshop.hu\/de_at\/wp-json\/wp\/v2\/product\/6957","targetHints":{"allow":["GET"]}}],"collection":[{"href":"https:\/\/vetomshop.hu\/de_at\/wp-json\/wp\/v2\/product"}],"about":[{"href":"https:\/\/vetomshop.hu\/de_at\/wp-json\/wp\/v2\/types\/product"}],"replies":[{"embeddable":true,"href":"https:\/\/vetomshop.hu\/de_at\/wp-json\/wp\/v2\/comments?post=6957"}],"wp:featuredmedia":[{"embeddable":true,"href":"https:\/\/vetomshop.hu\/de_at\/wp-json\/wp\/v2\/media\/6958"}],"wp:attachment":[{"href":"https:\/\/vetomshop.hu\/de_at\/wp-json\/wp\/v2\/media?parent=6957"}],"wp:term":[{"taxonomy":"product_brand","embeddable":true,"href":"https:\/\/vetomshop.hu\/de_at\/wp-json\/wp\/v2\/product_brand?post=6957"},{"taxonomy":"product_cat","embeddable":true,"href":"https:\/\/vetomshop.hu\/de_at\/wp-json\/wp\/v2\/product_cat?post=6957"},{"taxonomy":"product_tag","embeddable":true,"href":"https:\/\/vetomshop.hu\/de_at\/wp-json\/wp\/v2\/product_tag?post=6957"}],"curies":[{"name":"wp","href":"https:\/\/api.w.org\/{rel}","templated":true}]}}