{"id":389,"date":"2019-11-07T12:36:23","date_gmt":"2019-11-07T12:36:23","guid":{"rendered":"https:\/\/vetomshop.hu\/my-account\/"},"modified":"2024-03-06T15:55:51","modified_gmt":"2024-03-06T14:55:51","slug":"sajat-fiok","status":"publish","type":"page","link":"https:\/\/vetomshop.hu\/el\/sajat-fiok\/","title":{"rendered":"\u039f \u03bb\u03bf\u03b3\u03b1\u03c1\u03b9\u03b1\u03c3\u03bc\u03cc\u03c2 \u03bc\u03bf\u03c5"},"content":{"rendered":"<div class=\"su-spoiler su-spoiler-style-fancy su-spoiler-icon-chevron su-spoiler-closed\" data-scroll-offset=\"0\" data-anchor-in-url=\"no\"><div class=\"su-spoiler-title\" tabindex=\"0\" role=\"button\"><span class=\"su-spoiler-icon\"><\/span> \u03a0\u03b1\u03c1\u03ac\u03b4\u03bf\u03c3\u03b7 \u03ba\u03b1\u03b9 \u03c0\u03bb\u03b7\u03c1\u03c9\u03bc\u03ae<\/div><div class=\"su-spoiler-content su-u-clearfix su-u-trim\">\n<h2>\u03a0\u03c1\u03bf\u03c3\u03c9\u03c0\u03b9\u03ba\u03ae \u03b1\u03c0\u03cc\u03b4\u03b5\u03b9\u03be\u03b7<\/h2>\n<p style=\"padding-left: 40px;\">8112, Zichy\u00fajfalu, Kast\u00e9lykert 1<\/p>\n<p style=\"padding-left: 40px;\">\u038f\u03c1\u03b1 \u03b3\u03b9\u03b1 \u03c0\u03c1\u03bf\u03c3\u03c9\u03c0\u03b9\u03ba\u03ae \u03c0\u03b1\u03c1\u03b1\u03bb\u03b1\u03b2\u03ae: \u03bc\u03cc\u03bd\u03bf \u03ba\u03b1\u03c4\u03cc\u03c0\u03b9\u03bd \u03c1\u03b1\u03bd\u03c4\u03b5\u03b2\u03bf\u03cd \u03c3\u03c4\u03b1 \u03b1\u03ba\u03cc\u03bb\u03bf\u03c5\u03b8\u03b1 \u03c3\u03c4\u03bf\u03b9\u03c7\u03b5\u03af\u03b1 \u03b5\u03c0\u03b9\u03ba\u03bf\u03b9\u03bd\u03c9\u03bd\u03af\u03b1\u03c2<\/p>\n<ul>\n<li style=\"list-style-type: none;\">\n<ul>\n<li><strong>\u03a4\u03b7\u03bb\u03ad\u03c6\u03c9\u03bd\u03bf<\/strong>:\u00a0<a href=\"http:\/\/Tel:+36305573846\" target=\"_blank\" rel=\"noopener noreferrer nofollow\">+36305573846<\/a> Tam\u00e1s Pap<\/li>\n<li><strong>Email-1<\/strong>: i<a href=\"mailto:infoshop.vetom.magyarorszag@gmail.com\" target=\"_blank\" rel=\"noopener\">nfoshop.vetom.magyarorszag@<wbr \/>gmail.com<\/a><\/li>\n<li><strong>\u0397\u03bb\u03b5\u03ba\u03c4\u03c1\u03bf\u03bd\u03b9\u03ba\u03cc \u03c4\u03b1\u03c7\u03c5\u03b4\u03c1\u03bf\u03bc\u03b5\u03af\u03bf 2<\/strong>:\u00a0 <a href=\"mailto:vetomshop.hu@gmail.com\" target=\"_blank\" rel=\"noopener\">vetomshop.hu@gmail.com<\/a><\/li>\n<li>\u03ae \u03b1\u03c0\u03cc \u03c4\u03bf\u03c5\u03c2 \u03c3\u03c5\u03bd\u03b5\u03c1\u03b3\u03ac\u03c4\u03b5\u03c2 \u03bc\u03b1\u03c2 \u03c3\u03b5 \u03cc\u03bb\u03b7 \u03c4\u03b7 \u03c7\u03ce\u03c1\u03b1, \u03c4\u03b1 \u03c3\u03c4\u03bf\u03b9\u03c7\u03b5\u03af\u03b1 \u03b5\u03c0\u03b9\u03ba\u03bf\u03b9\u03bd\u03c9\u03bd\u03af\u03b1\u03c2 \u03c4\u03c9\u03bd \u03bf\u03c0\u03bf\u03af\u03c9\u03bd \u03bc\u03c0\u03bf\u03c1\u03b5\u03af\u03c4\u03b5 \u03bd\u03b1 \u03b2\u03c1\u03b5\u03af\u03c4\u03b5 \u03c3\u03c4\u03b7\u03bd \u03b9\u03c3\u03c4\u03bf\u03c3\u03b5\u03bb\u03af\u03b4\u03b1 \u03bc\u03b1\u03c2.<\/li>\n<\/ul>\n<\/li>\n<\/ul>\n<h2><span style=\"color: #ff0000;\">\u03a0\u03b1\u03c1\u03ac\u03b4\u03bf\u03c3\u03b7:<\/span><\/h2>\n<p>\u03a3\u03c4\u03bf \u03ba\u03b1\u03c4\u03ac\u03c3\u03c4\u03b7\u03bc\u03ac \u03bc\u03b1\u03c2 \u03bc\u03c0\u03bf\u03c1\u03b5\u03af\u03c4\u03b5 \u03bd\u03b1 \u03b5\u03c0\u03b9\u03bb\u03ad\u03be\u03b5\u03c4\u03b5 \u03b1\u03c0\u03cc \u03c4\u03b9\u03c2 \u03b1\u03ba\u03cc\u03bb\u03bf\u03c5\u03b8\u03b5\u03c2 \u03b5\u03c0\u03b9\u03bb\u03bf\u03b3\u03ad\u03c2 \u03c0\u03b1\u03c1\u03ac\u03b4\u03bf\u03c3\u03b7\u03c2 \u03ba\u03b1\u03b9 \u03c0\u03bb\u03b7\u03c1\u03c9\u03bc\u03ae\u03c2:<\/p>\n<p style=\"padding-left: 40px;\"><span style=\"color: #339966;\"><strong>\u03a5\u03c0\u03b7\u03c1\u03b5\u03c3\u03af\u03b1 \u03c4\u03b1\u03c7\u03c5\u03bc\u03b5\u03c4\u03b1\u03c6\u03bf\u03c1\u03ce\u03bd GLS<\/strong><\/span> \u03ba\u03b1\u03b9 <span style=\"color: #339966;\"><strong>\u039c\u03b7\u03c7\u03b1\u03bd\u03ae \u03b4\u03b5\u03bc\u03ac\u03c4\u03c9\u03bd Foxpost<\/strong><\/span><\/p>\n<p style=\"padding-left: 40px;\"><em><strong>30.000<\/strong> \u0394\u03c9\u03c1\u03b5\u03ac\u03bd \u03c0\u03b1\u03c1\u03ac\u03b4\u03bf\u03c3\u03b7 \u03c0\u03ac\u03bd\u03c9 \u03b1\u03c0\u03cc \u03c4\u03b7\u03bd \u03b1\u03be\u03af\u03b1 \u03c0\u03b1\u03c1\u03b1\u03b3\u03b3\u03b5\u03bb\u03af\u03b1\u03c2 HUF!<\/em><\/p>\n<h2><span style=\"color: #008000;\">\u03a5\u03c0\u03b7\u03c1\u03b5\u03c3\u03af\u03b1 \u03c4\u03b1\u03c7\u03c5\u03bc\u03b5\u03c4\u03b1\u03c6\u03bf\u03c1\u03ce\u03bd GLS:<\/span><\/h2>\n<p>\u0393\u03b9\u03b1 \u03c4\u03b9\u03c2 \u03c0\u03b1\u03c1\u03b1\u03b3\u03b3\u03b5\u03bb\u03af\u03b5\u03c2 GLS ParcelPoint, \u03bc\u03c0\u03bf\u03c1\u03b5\u03af\u03c4\u03b5 \u03bd\u03b1 \u03c0\u03bb\u03b7\u03c1\u03ce\u03c3\u03b5\u03c4\u03b5 \u03bc\u03b5 \u03bc\u03b5\u03c4\u03c1\u03b7\u03c4\u03ac \u03ba\u03b1\u03b9 \u03c0\u03b9\u03c3\u03c4\u03c9\u03c4\u03b9\u03ba\u03ae \u03ba\u03ac\u03c1\u03c4\u03b1 \u03c3\u03b5 \u03bf\u03c1\u03b9\u03c3\u03bc\u03ad\u03bd\u03b1 \u03c3\u03b7\u03bc\u03b5\u03af\u03b1 (\u03b5\u03c0\u03b9\u03ba\u03bf\u03b9\u03bd\u03c9\u03bd\u03ae\u03c3\u03c4\u03b5 \u03bc\u03b5 \u03c4\u03bf ParcelPoint \u03b5\u03ba \u03c4\u03c9\u03bd \u03c0\u03c1\u03bf\u03c4\u03ad\u03c1\u03c9\u03bd). <b>\u0395\u03ac\u03bd \u03b6\u03b7\u03c4\u03ac\u03c4\u03b5 \u03c0\u03b1\u03c1\u03ac\u03b4\u03bf\u03c3\u03b7 \u03c3\u03b5 \u03ad\u03bd\u03b1 GLS ParcelService \u03ae GLS ParcelPoint, \u03c0\u03c1\u03ad\u03c0\u03b5\u03b9 \u03bd\u03b1 \u03b5\u03b9\u03c3\u03b1\u03b3\u03ac\u03b3\u03b5\u03c4\u03b5 \u03c4\u03b7 \u03b4\u03b9\u03b5\u03cd\u03b8\u03c5\u03bd\u03c3\u03b7 \u03c4\u03bf\u03c5 \u03bc\u03b7\u03c7\u03b1\u03bd\u03ae\u03bc\u03b1\u03c4\u03bf\u03c2 \u03b1\u03c0\u03bf\u03c3\u03c4\u03bf\u03bb\u03ae\u03c2 \u03b4\u03b5\u03bc\u03ac\u03c4\u03c9\u03bd \u03c3\u03c4\u03bf \u03c0\u03b5\u03b4\u03af\u03bf \u03b4\u03b9\u03b5\u03cd\u03b8\u03c5\u03bd\u03c3\u03b7\u03c2 \u03c0\u03b1\u03c1\u03ac\u03b4\u03bf\u03c3\u03b7\u03c2.<\/b><\/p>\n<ul>\n<li>\u038c\u03c4\u03b1\u03bd \u03c4\u03bf \u03b4\u03ad\u03bc\u03b1 \u03b1\u03c0\u03bf\u03c3\u03c4\u03b1\u03bb\u03b5\u03af, \u03c4\u03bf \u03c3\u03cd\u03c3\u03c4\u03b7\u03bc\u03b1 GLS Courier \u03b8\u03b1 \u03b5\u03b9\u03b4\u03bf\u03c0\u03bf\u03b9\u03ae\u03c3\u03b5\u03b9 \u03c4\u03bf\u03bd \u03c0\u03b1\u03c1\u03b1\u03bb\u03ae\u03c0\u03c4\u03b7 \u03bc\u03ad\u03c3\u03c9 \u03b7\u03bb\u03b5\u03ba\u03c4\u03c1\u03bf\u03bd\u03b9\u03ba\u03bf\u03cd \u03c4\u03b1\u03c7\u03c5\u03b4\u03c1\u03bf\u03bc\u03b5\u03af\u03bf\u03c5 \u03cc\u03c4\u03b9 \u03c4\u03bf \u03b4\u03ad\u03bc\u03b1 \u03b8\u03b1 \u03c0\u03b1\u03c1\u03b1\u03b4\u03bf\u03b8\u03b5\u03af \u03c4\u03b7\u03bd \u03b5\u03c0\u03cc\u03bc\u03b5\u03bd\u03b7 \u03b5\u03c1\u03b3\u03ac\u03c3\u03b9\u03bc\u03b7 \u03b7\u03bc\u03ad\u03c1\u03b1. \u03a4\u03bf \u03bc\u03ae\u03bd\u03c5\u03bc\u03b1 \u03b7\u03bb\u03b5\u03ba\u03c4\u03c1\u03bf\u03bd\u03b9\u03ba\u03bf\u03cd \u03c4\u03b1\u03c7\u03c5\u03b4\u03c1\u03bf\u03bc\u03b5\u03af\u03bf\u03c5 \u03b8\u03b1 \u03c0\u03b5\u03c1\u03b9\u03ad\u03c7\u03b5\u03b9 \u03c4\u03bf\u03bd \u03b1\u03c1\u03b9\u03b8\u03bc\u03cc \u03c4\u03bf\u03c5 \u03b4\u03ad\u03bc\u03b1\u03c4\u03bf\u03c2 \u03ba\u03b1\u03b9 \u03c4\u03bf \u03c0\u03bf\u03c3\u03cc \u03c4\u03b7\u03c2 \u03c4\u03c5\u03c7\u03cc\u03bd \u03b1\u03bd\u03c4\u03b9\u03ba\u03b1\u03c4\u03b1\u03b2\u03bf\u03bb\u03ae\u03c2. \u03a4\u03bf \u03c0\u03c1\u03c9\u03af \u03c4\u03b7\u03c2 \u03b7\u03bc\u03ad\u03c1\u03b1\u03c2 \u03c0\u03b1\u03c1\u03ac\u03b4\u03bf\u03c3\u03b7\u03c2, \u03bf \u03c0\u03b1\u03c1\u03b1\u03bb\u03ae\u03c0\u03c4\u03b7\u03c2 \u03b8\u03b1 \u03bb\u03ac\u03b2\u03b5\u03b9 \u03b5\u03b9\u03b4\u03bf\u03c0\u03bf\u03af\u03b7\u03c3\u03b7 \u03c0\u03bf\u03c5 \u03b8\u03b1 \u03c0\u03b5\u03c1\u03b9\u03ad\u03c7\u03b5\u03b9 \u03c4\u03bf\u03bd \u03b1\u03c1\u03b9\u03b8\u03bc\u03cc \u03c4\u03b7\u03bb\u03b5\u03c6\u03ce\u03bd\u03bf\u03c5 \u03c4\u03bf\u03c5 \u03c4\u03b1\u03c7\u03c5\u03bc\u03b5\u03c4\u03b1\u03c6\u03bf\u03c1\u03ad\u03b1, \u03c4\u03bf\u03bd \u03b1\u03c1\u03b9\u03b8\u03bc\u03cc \u03c4\u03b7\u03bb\u03b5\u03c6\u03ce\u03bd\u03bf\u03c5 \u03c4\u03b7\u03c2 \u03c5\u03c0\u03b7\u03c1\u03b5\u03c3\u03af\u03b1\u03c2 \u03b5\u03be\u03c5\u03c0\u03b7\u03c1\u03ad\u03c4\u03b7\u03c3\u03b7\u03c2 \u03c0\u03b5\u03bb\u03b1\u03c4\u03ce\u03bd \u03c4\u03b7\u03c2 GLS \u03ba\u03b1\u03b9 \u03ad\u03bd\u03b1 \u03c0\u03b5\u03c1\u03b9\u03b8\u03ce\u03c1\u03b9\u03bf 3 \u03c9\u03c1\u03ce\u03bd \u03b3\u03b9\u03b1 \u03c4\u03b7\u03bd \u03b1\u03bd\u03b1\u03bc\u03b5\u03bd\u03cc\u03bc\u03b5\u03bd\u03b7 \u03c0\u03b1\u03c1\u03ac\u03b4\u03bf\u03c3\u03b7. \u03a3\u03b5 \u03c0\u03b5\u03c1\u03af\u03c0\u03c4\u03c9\u03c3\u03b7 \u03b1\u03c0\u03bf\u03c4\u03c5\u03c7\u03b7\u03bc\u03ad\u03bd\u03b7\u03c2 \u03c0\u03c1\u03bf\u03c3\u03c0\u03ac\u03b8\u03b5\u03b9\u03b1\u03c2 \u03c0\u03b1\u03c1\u03ac\u03b4\u03bf\u03c3\u03b7\u03c2, \u03b8\u03b1 \u03b1\u03c0\u03bf\u03c3\u03c4\u03b1\u03bb\u03b5\u03af \u03b5\u03b9\u03b4\u03bf\u03c0\u03bf\u03af\u03b7\u03c3\u03b7 \u03b7\u03bb\u03b5\u03ba\u03c4\u03c1\u03bf\u03bd\u03b9\u03ba\u03bf\u03cd \u03c4\u03b1\u03c7\u03c5\u03b4\u03c1\u03bf\u03bc\u03b5\u03af\u03bf\u03c5 \u03c3\u03c4\u03bf\u03bd \u03c0\u03b1\u03c1\u03b1\u03bb\u03ae\u03c0\u03c4\u03b7.<\/li>\n<li><b>\u0391\u03bd\u03b1\u03b6\u03ae\u03c4\u03b7\u03c3\u03b7 GLS ParcelSpot:<\/b> <a href=\"https:\/\/gls-group.com\/HU\/hu\/depo-csomagpont-kereses\" target=\"_blank\" rel=\"noopener noreferrer nofollow\">https:\/\/gls-group.com\/HU\/hu\/depo-csomagpont-kereses<\/a><br \/>\n<b>\u03a7\u03c1\u03cc\u03bd\u03bf\u03c2 \u03c0\u03b1\u03c1\u03ac\u03b4\u03bf\u03c3\u03b7\u03c2:<\/b> 1-3 \u03b5\u03c1\u03b3\u03ac\u03c3\u03b9\u03bc\u03b5\u03c2 \u03b7\u03bc\u03ad\u03c1\u03b5\u03c2<br \/>\n<b>\u03a7\u03c1\u03ad\u03c9\u03c3\u03b7 \u03c0\u03b1\u03c1\u03ac\u03b4\u03bf\u03c3\u03b7\u03c2:<\/b> 1590, - Ft,<br \/>\n<strong>\u03a0\u03bb\u03b7\u03c1\u03c9\u03bc\u03ae:<\/strong> \u03a0\u03c1\u03bf\u03c0\u03bb\u03b7\u03c1\u03c9\u03bc\u03ae (0,- Ft) \u03ae \u039c\u03b5\u03c4\u03b1\u03c0\u03bb\u03b7\u03c1\u03c9\u03bc\u03ae, \u03b7 \u03bf\u03c0\u03bf\u03af\u03b1 \u03ba\u03bf\u03c3\u03c4\u03af\u03b6\u03b5\u03b9 + 400,- Ft<\/li>\n<\/ul>\n<p>\u039f\u03b9 \u03c4\u03b9\u03bc\u03ad\u03c2 \u03b1\u03c5\u03c4\u03ad\u03c2 \u03b9\u03c3\u03c7\u03cd\u03bf\u03c5\u03bd \u03bc\u03cc\u03bd\u03bf \u03b3\u03b9\u03b1 \u03c0\u03b1\u03c1\u03b1\u03b4\u03cc\u03c3\u03b5\u03b9\u03c2 \u03b5\u03bd\u03c4\u03cc\u03c2 \u03c4\u03b7\u03c2 \u039f\u03c5\u03b3\u03b3\u03b1\u03c1\u03af\u03b1\u03c2. \u0395\u03ac\u03bd \u03b5\u03c0\u03b9\u03b8\u03c5\u03bc\u03b5\u03af\u03c4\u03b5 \u03bd\u03b1 \u03c3\u03c4\u03b5\u03af\u03bb\u03b5\u03c4\u03b5 \u03c4\u03bf \u03b4\u03ad\u03bc\u03b1 \u03c3\u03b1\u03c2 \u03c3\u03c4\u03bf \u03b5\u03be\u03c9\u03c4\u03b5\u03c1\u03b9\u03ba\u03cc, \u03c0\u03b1\u03c1\u03b1\u03ba\u03b1\u03bb\u03bf\u03cd\u03bc\u03b5 \u03b5\u03c0\u03b9\u03ba\u03bf\u03b9\u03bd\u03c9\u03bd\u03ae\u03c3\u03c4\u03b5 \u03b1\u03c0\u03b5\u03c5\u03b8\u03b5\u03af\u03b1\u03c2 \u03bc\u03b1\u03b6\u03af \u03bc\u03b1\u03c2 \u03bc\u03ad\u03c3\u03c9 email \u03c0\u03c1\u03b9\u03bd \u03ae \u03bc\u03b5\u03c4\u03ac \u03c4\u03b7\u03bd \u03c0\u03b1\u03c1\u03b1\u03b3\u03b3\u03b5\u03bb\u03af\u03b1 \u03c3\u03b1\u03c2 \u03b3\u03b9\u03b1 \u03bd\u03b1 \u03b5\u03bd\u03b7\u03bc\u03b5\u03c1\u03c9\u03b8\u03b5\u03af\u03c4\u03b5 \u03b3\u03b9\u03b1 \u03c4\u03b1 \u03ad\u03be\u03bf\u03b4\u03b1 \u03b1\u03c0\u03bf\u03c3\u03c4\u03bf\u03bb\u03ae\u03c2.<\/p>\n<h2><span style=\"color: #008000;\">\u03a5\u03c0\u03b7\u03c1\u03b5\u03c3\u03af\u03b1 \u03c4\u03b1\u03c7\u03c5\u03bc\u03b5\u03c4\u03b1\u03c6\u03bf\u03c1\u03ce\u03bd FOXPOST:<\/span><\/h2>\n<p>\u039c\u03c0\u03bf\u03c1\u03b5\u03af\u03c4\u03b5 \u03b5\u03c0\u03af\u03c3\u03b7\u03c2 \u03bd\u03b1 \u03b6\u03b7\u03c4\u03ae\u03c3\u03b5\u03c4\u03b5 \u03c0\u03b1\u03c1\u03ac\u03b4\u03bf\u03c3\u03b7 \u03c3\u03b5 \u03bc\u03b7\u03c7\u03ac\u03bd\u03b7\u03bc\u03b1 \u03b4\u03b5\u03bc\u03ac\u03c4\u03c9\u03bd Foxpost \u03c3\u03c4\u03bf \u03ba\u03b1\u03c4\u03ac\u03c3\u03c4\u03b7\u03bc\u03ac \u03bc\u03b1\u03c2.<\/p>\n<p style=\"padding-left: 40px;\"><a href=\"https:\/\/foxpost.hu\/csomagautomatak\" target=\"_blank\" rel=\"noopener noreferrer nofollow\" data-saferedirecturl=\"https:\/\/www.google.com\/url?q=https:\/\/foxpost.hu\/csomagautomatak&amp;source=gmail&amp;ust=1709714712502000&amp;usg=AOvVaw1Y_RPFbUPlHU38HiM-T9Re\">https:\/\/foxpost.hu\/<wbr \/>\u03c7\u03ce\u03c1\u03bf\u03c2 \u03b1\u03c0\u03bf\u03c3\u03ba\u03b5\u03c5\u03ce\u03bd \u03b1\u03c5\u03c4\u03bf\u03ba\u03b9\u03bd\u03ae\u03c4\u03c9\u03bd<\/a><\/p>\n<p><strong>\u0395\u03ac\u03bd \u03b6\u03b7\u03c4\u03ae\u03c3\u03b5\u03c4\u03b5 \u03c0\u03b1\u03c1\u03ac\u03b4\u03bf\u03c3\u03b7 \u03c3\u03b5 \u03bc\u03b7\u03c7\u03ac\u03bd\u03b7\u03bc\u03b1 \u03b1\u03c0\u03bf\u03c3\u03c4\u03bf\u03bb\u03ae\u03c2 \u03b4\u03b5\u03bc\u03ac\u03c4\u03c9\u03bd \u03c4\u03b7\u03c2 Foxpost, \u03c0\u03c1\u03ad\u03c0\u03b5\u03b9 \u03bd\u03b1 \u03b5\u03b9\u03c3\u03b1\u03b3\u03ac\u03b3\u03b5\u03c4\u03b5 \u03c4\u03b7 \u03b4\u03b9\u03b5\u03cd\u03b8\u03c5\u03bd\u03c3\u03b7 \u03c4\u03bf\u03c5 \u03bc\u03b7\u03c7\u03b1\u03bd\u03ae\u03bc\u03b1\u03c4\u03bf\u03c2 \u03b1\u03c0\u03bf\u03c3\u03c4\u03bf\u03bb\u03ae\u03c2 \u03b4\u03b5\u03bc\u03ac\u03c4\u03c9\u03bd \u03c3\u03c4\u03bf \u03c0\u03b5\u03b4\u03af\u03bf \u03b4\u03b9\u03b5\u03cd\u03b8\u03c5\u03bd\u03c3\u03b7\u03c2 \u03c0\u03b1\u03c1\u03ac\u03b4\u03bf\u03c3\u03b7\u03c2.<\/strong><\/p>\n<h3>\u039c\u03ad\u03b8\u03bf\u03b4\u03bf\u03b9 \u03c0\u03bb\u03b7\u03c1\u03c9\u03bc\u03ae\u03c2:<\/h3>\n<p><strong>\u03a7\u03c1\u03cc\u03bd\u03bf\u03c2 \u03c0\u03b1\u03c1\u03ac\u03b4\u03bf\u03c3\u03b7\u03c2:<\/strong> 1-3 \u03b5\u03c1\u03b3\u03ac\u03c3\u03b9\u03bc\u03b5\u03c2 \u03b7\u03bc\u03ad\u03c1\u03b5\u03c2<br \/>\n<strong>\u03a7\u03c1\u03ad\u03c9\u03c3\u03b7 \u03c0\u03b1\u03c1\u03ac\u03b4\u03bf\u03c3\u03b7\u03c2:<\/strong> 1390, - Ft,<br \/>\n<strong>\u03a0\u03bb\u03b7\u03c1\u03c9\u03bc\u03ae:<\/strong> \u03a0\u03c1\u03bf\u03c0\u03bb\u03b7\u03c1\u03c9\u03bc\u03ae (0, - Ft) \u03ae \u039c\u03b5\u03c4\u03b1\u03c0\u03bb\u03b7\u03c1\u03c9\u03bc\u03ae, \u03b7 \u03bf\u03c0\u03bf\u03af\u03b1 \u03ba\u03bf\u03c3\u03c4\u03af\u03b6\u03b5\u03b9 +350, - Ft<\/p>\n<h3>\u039c\u03ad\u03b8\u03bf\u03b4\u03bf\u03b9 \u03c0\u03bb\u03b7\u03c1\u03c9\u03bc\u03ae\u03c2:<\/h3>\n<h4 style=\"padding-left: 40px;\">\u03a3\u03c5\u03bd\u03ad\u03c7\u03b5\u03b9\u03b1<\/h4>\n<p>\u0395\u03ac\u03bd \u03b5\u03c0\u03b9\u03bb\u03ad\u03be\u03b5\u03c4\u03b5 \u03c4\u03b7 \u03bc\u03ad\u03b8\u03bf\u03b4\u03bf \u03c0\u03bb\u03b7\u03c1\u03c9\u03bc\u03ae\u03c2 \u03bc\u03b5 \u03b1\u03bd\u03c4\u03b9\u03ba\u03b1\u03c4\u03b1\u03b2\u03bf\u03bb\u03ae, \u03b7 \u03c0\u03bb\u03b7\u03c1\u03c9\u03bc\u03ae \u03c0\u03c1\u03b1\u03b3\u03bc\u03b1\u03c4\u03bf\u03c0\u03bf\u03b9\u03b5\u03af\u03c4\u03b1\u03b9 \u03c3\u03c4\u03bf \u03c3\u03b7\u03bc\u03b5\u03af\u03bf \u03c0\u03b1\u03c1\u03b1\u03bb\u03b1\u03b2\u03ae\u03c2 (\u03c4\u03b1\u03c7\u03c5\u03bc\u03b5\u03c4\u03b1\u03c6\u03bf\u03c1\u03ad\u03b1\u03c2 \u03ae \u03c4\u03b1\u03c7\u03c5\u03b4\u03c1\u03bf\u03bc\u03b5\u03af\u03bf\/\u03c3\u03b7\u03bc\u03b5\u03af\u03bf \u03b1\u03c0\u03bf\u03c3\u03c4\u03bf\u03bb\u03ae\u03c2). \u0391\u03c5\u03c4\u03ae \u03b7 \u03bc\u03ad\u03b8\u03bf\u03b4\u03bf\u03c2 \u03c0\u03bb\u03b7\u03c1\u03c9\u03bc\u03ae\u03c2 \u03ad\u03c7\u03b5\u03b9 \u03c4\u03ad\u03bb\u03bf\u03c2 \u03b4\u03b9\u03b1\u03ba\u03af\u03bd\u03b7\u03c3\u03b7\u03c2, \u03bf\u03c0\u03cc\u03c4\u03b5 \u03c7\u03c1\u03b5\u03ce\u03bd\u03bf\u03c5\u03bc\u03b5 \u03b5\u03c0\u03b9\u03c0\u03bb\u03ad\u03bf\u03bd 350 \u03ae 400 HUF \u03b1\u03bd\u03ac \u03b4\u03ad\u03bc\u03b1 \u03c0\u03ad\u03c1\u03b1\u03bd \u03c4\u03bf\u03c5 \u03b2\u03b1\u03c3\u03b9\u03ba\u03bf\u03cd \u03c4\u03ad\u03bb\u03bf\u03c5\u03c2 \u03c0\u03b1\u03c1\u03ac\u03b4\u03bf\u03c3\u03b7\u03c2. \u03a3\u03b5 \u03c0\u03b5\u03c1\u03af\u03c0\u03c4\u03c9\u03c3\u03b7 \u03c0\u03bb\u03b7\u03c1\u03c9\u03bc\u03ae\u03c2 \u03bc\u03b5 \u03bc\u03b5\u03c4\u03c1\u03b7\u03c4\u03ac, \u03c0\u03b1\u03c1\u03b1\u03ba\u03b1\u03bb\u03bf\u03cd\u03bc\u03b5 \u03bd\u03b1 \u03ad\u03c7\u03b5\u03c4\u03b5 \u03ad\u03c4\u03bf\u03b9\u03bc\u03bf \u03c4\u03bf \u03b1\u03ba\u03c1\u03b9\u03b2\u03ad\u03c2 \u03c0\u03bf\u03c3\u03cc, \u03ba\u03b1\u03b8\u03ce\u03c2 \u03bf \u03c4\u03b1\u03c7\u03c5\u03bc\u03b5\u03c4\u03b1\u03c6\u03bf\u03c1\u03ad\u03b1\u03c2 \u03b5\u03bd\u03b4\u03ad\u03c7\u03b5\u03c4\u03b1\u03b9 \u03bd\u03b1 \u03bc\u03b7\u03bd \u03ad\u03c7\u03b5\u03b9 \u03c0\u03ac\u03bd\u03c4\u03b1 \u03b5\u03c0\u03b1\u03c1\u03ba\u03ae \u03c1\u03ad\u03c3\u03c4\u03b1.<\/p>\n<h4 style=\"padding-left: 40px;\">\u03a4\u03c1\u03b1\u03c0\u03b5\u03b6\u03b9\u03ba\u03cc \u03ad\u03bc\u03b2\u03b1\u03c3\u03bc\u03b1 \u03b5\u03ba \u03c4\u03c9\u03bd \u03c0\u03c1\u03bf\u03c4\u03ad\u03c1\u03c9\u03bd<\/h4>\n<p>\u0395\u03ac\u03bd \u03b5\u03c0\u03b9\u03bb\u03ad\u03be\u03b5\u03c4\u03b5 \u03bd\u03b1 \u03c0\u03bb\u03b7\u03c1\u03ce\u03c3\u03b5\u03c4\u03b5 \u03bc\u03b5 \u03c4\u03c1\u03b1\u03c0\u03b5\u03b6\u03b9\u03ba\u03cc \u03ad\u03bc\u03b2\u03b1\u03c3\u03bc\u03b1 \u03b5\u03ba \u03c4\u03c9\u03bd \u03c0\u03c1\u03bf\u03c4\u03ad\u03c1\u03c9\u03bd, \u03b8\u03b1 \u03c3\u03b1\u03c2 \u03c3\u03c4\u03b5\u03af\u03bb\u03bf\u03c5\u03bc\u03b5 \u03ad\u03bd\u03b1 \u03c4\u03b9\u03bc\u03bf\u03bb\u03cc\u03b3\u03b9\u03bf \u03bc\u03ad\u03c3\u03c9 \u03b7\u03bb\u03b5\u03ba\u03c4\u03c1\u03bf\u03bd\u03b9\u03ba\u03bf\u03cd \u03c4\u03b1\u03c7\u03c5\u03b4\u03c1\u03bf\u03bc\u03b5\u03af\u03bf\u03c5 \u03bc\u03b5\u03c4\u03ac \u03b1\u03c0\u03cc \u03ad\u03bb\u03b5\u03b3\u03c7\u03bf \u03b1\u03c0\u03bf\u03b8\u03b5\u03bc\u03ac\u03c4\u03c9\u03bd, \u03c4\u03bf \u03bf\u03c0\u03bf\u03af\u03bf \u03b8\u03b1 \u03c0\u03b5\u03c1\u03b9\u03ad\u03c7\u03b5\u03b9 \u03c4\u03b1 \u03c3\u03c4\u03bf\u03b9\u03c7\u03b5\u03af\u03b1 \u03c0\u03bf\u03c5 \u03b1\u03c0\u03b1\u03b9\u03c4\u03bf\u03cd\u03bd\u03c4\u03b1\u03b9 \u03b3\u03b9\u03b1 \u03c4\u03bf \u03ad\u03bc\u03b2\u03b1\u03c3\u03bc\u03b1 \u03ba\u03b1\u03b9 \u03c4\u03bf \u03c4\u03b5\u03bb\u03b9\u03ba\u03cc \u03b1\u03ba\u03c1\u03b9\u03b2\u03ad\u03c2 \u03c0\u03bf\u03c3\u03cc. \u03a0\u03b1\u03c1\u03b1\u03ba\u03b1\u03bb\u03bf\u03cd\u03bc\u03b5 \u03bd\u03b1 \u03bc\u03b5\u03c4\u03b1\u03c6\u03ad\u03c1\u03b5\u03c4\u03b5 \u03c4\u03bf \u03c4\u03af\u03bc\u03b7\u03bc\u03b1 \u03b1\u03b3\u03bf\u03c1\u03ac\u03c2 \u03c3\u03c4\u03bf\u03bd \u03c4\u03c1\u03b1\u03c0\u03b5\u03b6\u03b9\u03ba\u03cc \u03bc\u03b1\u03c2 \u03bb\u03bf\u03b3\u03b1\u03c1\u03b9\u03b1\u03c3\u03bc\u03cc \u03b5\u03bd\u03c4\u03cc\u03c2 72 \u03c9\u03c1\u03ce\u03bd \u03b1\u03c0\u03cc \u03c4\u03b7\u03bd \u03b1\u03c0\u03bf\u03c3\u03c4\u03bf\u03bb\u03ae \u03c4\u03bf\u03c5 \u03c4\u03b9\u03bc\u03bf\u03bb\u03bf\u03b3\u03af\u03bf\u03c5, \u03b4\u03b9\u03b1\u03c6\u03bf\u03c1\u03b5\u03c4\u03b9\u03ba\u03ac \u03b7 \u03c0\u03b1\u03c1\u03b1\u03b3\u03b3\u03b5\u03bb\u03af\u03b1 \u03c3\u03b1\u03c2 \u03b8\u03b1 \u03b8\u03b5\u03c9\u03c1\u03b7\u03b8\u03b5\u03af \u03ac\u03ba\u03c5\u03c1\u03b7. \u0398\u03b1 \u03b8\u03ad\u03bb\u03b1\u03bc\u03b5 \u03bd\u03b1 \u03c3\u03b1\u03c2 \u03c5\u03c0\u03b5\u03bd\u03b8\u03c5\u03bc\u03af\u03c3\u03bf\u03c5\u03bc\u03b5 \u03cc\u03c4\u03b9 \u03b4\u03b5\u03bd \u03c0\u03c1\u03ad\u03c0\u03b5\u03b9 \u03bd\u03b1 \u03be\u03b5\u03ba\u03b9\u03bd\u03ae\u03c3\u03b5\u03c4\u03b5 \u03c4\u03b7\u03bd \u03c4\u03c1\u03b1\u03c0\u03b5\u03b6\u03b9\u03ba\u03ae \u03bc\u03b5\u03c4\u03b1\u03c6\u03bf\u03c1\u03ac \u03bc\u03ad\u03c7\u03c1\u03b9 \u03bd\u03b1 \u03c6\u03c4\u03ac\u03c3\u03b5\u03b9 \u03c4\u03bf \u03c4\u03b9\u03bc\u03bf\u03bb\u03cc\u03b3\u03b9\u03bf \u03c3\u03c4\u03bf \u03b3\u03c1\u03b1\u03bc\u03bc\u03b1\u03c4\u03bf\u03ba\u03b9\u03b2\u03ce\u03c4\u03b9\u03cc \u03c3\u03b1\u03c2! \u03a4\u03b1 \u03c3\u03c4\u03bf\u03b9\u03c7\u03b5\u03af\u03b1 \u03c0\u03bf\u03c5 \u03b1\u03c0\u03b1\u03b9\u03c4\u03bf\u03cd\u03bd\u03c4\u03b1\u03b9 \u03b3\u03b9\u03b1 \u03c4\u03b7 \u03bc\u03b5\u03c4\u03b1\u03c6\u03bf\u03c1\u03ac \u03c0\u03b5\u03c1\u03b9\u03bb\u03b1\u03bc\u03b2\u03ac\u03bd\u03bf\u03bd\u03c4\u03b1\u03b9 \u03c3\u03c4\u03bf \u03b5\u03ba\u03b4\u03bf\u03b8\u03ad\u03bd \u03c4\u03b9\u03bc\u03bf\u03bb\u03cc\u03b3\u03b9\u03bf.<\/p>\n<h4 style=\"padding-left: 40px;\">\u03a3\u03b7\u03bc\u03b5\u03b9\u03ce\u03c3\u03c4\u03b5 \u03b5\u03c0\u03af\u03c3\u03b7\u03c2 \u03c4\u03b1 \u03b5\u03be\u03ae\u03c2:<\/h4>\n<p>\u0398\u03b1 \u03b5\u03b9\u03b4\u03bf\u03c0\u03bf\u03b9\u03b7\u03b8\u03b5\u03af\u03c4\u03b5 \u03bc\u03ad\u03c3\u03c9 \u03b7\u03bb\u03b5\u03ba\u03c4\u03c1\u03bf\u03bd\u03b9\u03ba\u03bf\u03cd \u03c4\u03b1\u03c7\u03c5\u03b4\u03c1\u03bf\u03bc\u03b5\u03af\u03bf\u03c5 \u03b3\u03b9\u03b1 \u03c4\u03b7\u03bd \u03b1\u03c0\u03bf\u03c3\u03c4\u03bf\u03bb\u03ae \u03ba\u03b1\u03b9 \u03c4\u03b7\u03bd \u03b1\u03bd\u03b1\u03bc\u03b5\u03bd\u03cc\u03bc\u03b5\u03bd\u03b7 \u03ac\u03c6\u03b9\u03be\u03b7 \u03c4\u03bf\u03c5 \u03b4\u03ad\u03bc\u03b1\u03c4\u03cc\u03c2 \u03c3\u03b1\u03c2, \u03bf\u03c0\u03cc\u03c4\u03b5 \u03c0\u03b1\u03c1\u03b1\u03ba\u03b1\u03bb\u03bf\u03cd\u03bc\u03b5 \u03bd\u03b1 \u03b5\u03bb\u03ad\u03b3\u03c7\u03b5\u03c4\u03b5 \u03c4\u03b1\u03ba\u03c4\u03b9\u03ba\u03ac \u03c4\u03b1 \u03b5\u03b9\u03c3\u03b5\u03c1\u03c7\u03cc\u03bc\u03b5\u03bd\u03ac \u03c3\u03b1\u03c2 \u03bc\u03b5\u03c4\u03ac \u03c4\u03b7\u03bd \u03c0\u03b1\u03c1\u03b1\u03b3\u03b3\u03b5\u03bb\u03af\u03b1 \u03c3\u03b1\u03c2 \u03b3\u03b9\u03b1 \u03bd\u03b1 \u03b1\u03c0\u03bf\u03c6\u03cd\u03b3\u03b5\u03c4\u03b5 \u03c4\u03c5\u03c7\u03cc\u03bd \u03c0\u03b1\u03c1\u03b5\u03be\u03b7\u03b3\u03ae\u03c3\u03b5\u03b9\u03c2 \u03ae \u03c4\u03b1\u03bb\u03b1\u03b9\u03c0\u03c9\u03c1\u03af\u03b1. \u0395\u03ac\u03bd \u03b1\u03bd\u03c4\u03b9\u03bc\u03b5\u03c4\u03c9\u03c0\u03af\u03c3\u03b5\u03c4\u03b5 \u03bf\u03c0\u03bf\u03b9\u03b1\u03b4\u03ae\u03c0\u03bf\u03c4\u03b5 \u03c0\u03b1\u03c1\u03b1\u03c4\u03c5\u03c0\u03af\u03b1 \u03bc\u03b5 \u03c4\u03b7\u03bd \u03c0\u03b1\u03c1\u03b1\u03b3\u03b3\u03b5\u03bb\u03af\u03b1 \u03c3\u03b1\u03c2, \u03c0\u03b1\u03c1\u03b1\u03ba\u03b1\u03bb\u03bf\u03cd\u03bc\u03b5 \u03b5\u03c0\u03b9\u03ba\u03bf\u03b9\u03bd\u03c9\u03bd\u03ae\u03c3\u03c4\u03b5 \u03bc\u03b1\u03b6\u03af \u03bc\u03b1\u03c2 \u03c3\u03c4\u03b7 \u03b4\u03b9\u03b5\u03cd\u03b8\u03c5\u03bd\u03c3\u03b7 <a href=\"mailto:vetomshop.hu@gmail.com\" target=\"_blank\" rel=\"noopener\">vetomshop.hu@gmail.com<\/a> \u03c3\u03c4\u03bf. \u038c\u03c4\u03b1\u03bd \u03ba\u03ac\u03bd\u03b5\u03c4\u03b5 \u03c4\u03b7\u03bd \u03c0\u03b1\u03c1\u03b1\u03b3\u03b3\u03b5\u03bb\u03af\u03b1 \u03c3\u03b1\u03c2, \u03b2\u03b5\u03b2\u03b1\u03b9\u03c9\u03b8\u03b5\u03af\u03c4\u03b5 \u03cc\u03c4\u03b9 \u03b1\u03bd\u03b1\u03c6\u03ad\u03c1\u03b5\u03c4\u03b5 \u03c4\u03bf \u03c3\u03c9\u03c3\u03c4\u03cc \u03cc\u03bd\u03bf\u03bc\u03b1, \u03c4\u03b7 \u03b4\u03b9\u03b5\u03cd\u03b8\u03c5\u03bd\u03c3\u03b7, \u03c4\u03b7 \u03b4\u03b9\u03b5\u03cd\u03b8\u03c5\u03bd\u03c3\u03b7 \u03b7\u03bb\u03b5\u03ba\u03c4\u03c1\u03bf\u03bd\u03b9\u03ba\u03bf\u03cd \u03c4\u03b1\u03c7\u03c5\u03b4\u03c1\u03bf\u03bc\u03b5\u03af\u03bf\u03c5 \u03ba\u03b1\u03b9 \u03c4\u03bf\u03bd \u03b1\u03c1\u03b9\u03b8\u03bc\u03cc \u03c4\u03b7\u03bb\u03b5\u03c6\u03ce\u03bd\u03bf\u03c5 \u03c3\u03b1\u03c2. \u039f \u03c5\u03c0\u03b5\u03cd\u03b8\u03c5\u03bd\u03bf\u03c2 \u03c0\u03b1\u03c1\u03ac\u03b4\u03bf\u03c3\u03b7\u03c2 \u03b4\u03b5\u03bc\u03ac\u03c4\u03c9\u03bd \u03b5\u03bd\u03b4\u03ad\u03c7\u03b5\u03c4\u03b1\u03b9 \u03bd\u03b1 \u03bc\u03b7\u03bd \u03b5\u03af\u03bd\u03b1\u03b9 \u03b5\u03be\u03bf\u03b9\u03ba\u03b5\u03b9\u03c9\u03bc\u03ad\u03bd\u03bf\u03c2 \u03bc\u03b5 \u03c4\u03b9\u03c2 \u03c4\u03bf\u03c0\u03b9\u03ba\u03ad\u03c2 \u03b9\u03b4\u03b9\u03b1\u03b9\u03c4\u03b5\u03c1\u03cc\u03c4\u03b7\u03c4\u03b5\u03c2, \u03bf\u03c0\u03cc\u03c4\u03b5 \u03c0\u03b1\u03c1\u03b1\u03ba\u03b1\u03bb\u03bf\u03cd\u03bc\u03b5 \u03bd\u03b1 \u03c0\u03b1\u03c1\u03ad\u03c7\u03b5\u03c4\u03b5 \u03c0\u03c1\u03cc\u03c3\u03b8\u03b5\u03c4\u03b5\u03c2 \u03c0\u03bb\u03b7\u03c1\u03bf\u03c6\u03bf\u03c1\u03af\u03b5\u03c2 \u03b3\u03b9\u03b1 \u03bd\u03b1 \u03b2\u03bf\u03b7\u03b8\u03ae\u03c3\u03b5\u03c4\u03b5 \u03c3\u03c4\u03b7\u03bd \u03b5\u03c0\u03b9\u03c4\u03c5\u03c7\u03ae \u03c0\u03b1\u03c1\u03ac\u03b4\u03bf\u03c3\u03b7, \u03b5\u03ac\u03bd \u03b5\u03af\u03bd\u03b1\u03b9 \u03b1\u03c0\u03b1\u03c1\u03b1\u03af\u03c4\u03b7\u03c4\u03bf. \u0395\u03ac\u03bd \u03b7 \u03c0\u03b1\u03c1\u03ac\u03b4\u03bf\u03c3\u03b7 \u03b1\u03c0\u03bf\u03c4\u03cd\u03c7\u03b5\u03b9 \u03b5\u03be\u03b1\u03b9\u03c4\u03af\u03b1\u03c2 \u03b4\u03b9\u03ba\u03bf\u03cd \u03c3\u03b1\u03c2 \u03c3\u03c6\u03ac\u03bb\u03bc\u03b1\u03c4\u03bf\u03c2, \u03b8\u03b1 \u03bc\u03c0\u03bf\u03c1\u03ad\u03c3\u03bf\u03c5\u03bc\u03b5 \u03bd\u03b1 \u03c0\u03b1\u03c1\u03b1\u03b4\u03ce\u03c3\u03bf\u03c5\u03bc\u03b5 \u03b5\u03ba \u03bd\u03ad\u03bf\u03c5 \u03c4\u03bf \u03b4\u03ad\u03bc\u03b1 \u03c3\u03c4\u03bf\u03bd \u03bc\u03b5\u03c4\u03b1\u03c6\u03bf\u03c1\u03ad\u03b1 \u03bc\u03cc\u03bd\u03bf \u03b1\u03c6\u03bf\u03cd \u03c0\u03bb\u03b7\u03c1\u03ce\u03c3\u03b5\u03c4\u03b5 \u03b5\u03ba \u03bd\u03ad\u03bf\u03c5 \u03c4\u03bf \u03c4\u03ad\u03bb\u03bf\u03c2 \u03c0\u03b1\u03c1\u03ac\u03b4\u03bf\u03c3\u03b7\u03c2. \u0395\u03af\u03bd\u03b1\u03b9 \u03c3\u03b7\u03bc\u03b1\u03bd\u03c4\u03b9\u03ba\u03cc \u03b5\u03ac\u03bd \u03c4\u03bf \u03b4\u03ad\u03bc\u03b1 \u03b5\u03af\u03bd\u03b1\u03b9 \u03b5\u03bc\u03c6\u03b1\u03bd\u03ce\u03c2 \u03ba\u03b1\u03c4\u03b5\u03c3\u03c4\u03c1\u03b1\u03bc\u03bc\u03ad\u03bd\u03bf \u03ae \u03b1\u03bd\u03bf\u03b9\u03c7\u03c4\u03cc, \u03bd\u03b1 \u03bc\u03b7\u03bd \u03c0\u03b1\u03c1\u03b1\u03bb\u03ac\u03b2\u03b5\u03c4\u03b5 \u03c4\u03b7\u03bd \u03c0\u03b1\u03c1\u03ac\u03b4\u03bf\u03c3\u03b7 \u03ba\u03b1\u03b9 \u03bd\u03b1 \u03bc\u03b1\u03c2 \u03b5\u03b9\u03b4\u03bf\u03c0\u03bf\u03b9\u03ae\u03c3\u03b5\u03c4\u03b5 \u03c4\u03bf \u03c3\u03c5\u03bd\u03c4\u03bf\u03bc\u03cc\u03c4\u03b5\u03c1\u03bf \u03b4\u03c5\u03bd\u03b1\u03c4\u03cc.<\/p>\n<\/div><\/div>\n<div class=\"woocommerce\"><\/div>","protected":false},"excerpt":{"rendered":"Sz\u00e1ll\u00edt\u00e1s \u00e9s fizet\u00e9s Szem\u00e9lyes \u00e1tv\u00e9tel 8112, Zichy\u00fajfalu, Kast\u00e9lykert 1 A szem\u00e9lyes \u00e1tv\u00e9tel ideje: kiz\u00e1r\u00f3lag el\u0151zetes egyeztet\u00e9ssel a k\u00f6vetkez\u0151 el\u00e9rhet\u0151s\u00e9geken Telefon:\u00a0+36305573846 Pap Tam\u00e1s Email-1: infoshop.vetom.magyarorszag@gmail.com Email-2:\u00a0 vetomshop.hu@gmail.com vagy orsz\u00e1gszerte a partnereinkt\u0151l, melyeknek el\u00e9rhet\u0151s\u00e9g\u00fck a weboldalunkon is megtal\u00e1lhat\u00f3 Kisz\u00e1ll\u00edt\u00e1s: \u00c1ruh\u00e1zunkban az al\u00e1bbi kisz\u00e1ll\u00edt\u00e1si \u00e9s fizet\u00e9si lehet\u0151s\u00e9gek k\u00f6z\u00fcl v\u00e1laszthat: GLS fut\u00e1rszolg\u00e1lat \u00e9s Foxpost csomagautomata 30.000 Forint rendel\u00e9si \u00e9rt\u00e9k [...]","protected":false},"author":1,"featured_media":0,"parent":0,"menu_order":0,"comment_status":"closed","ping_status":"closed","template":"","meta":{"footnotes":""},"class_list":["post-389","page","type-page","status-publish","hentry"],"_links":{"self":[{"href":"https:\/\/vetomshop.hu\/el\/wp-json\/wp\/v2\/pages\/389","targetHints":{"allow":["GET"]}}],"collection":[{"href":"https:\/\/vetomshop.hu\/el\/wp-json\/wp\/v2\/pages"}],"about":[{"href":"https:\/\/vetomshop.hu\/el\/wp-json\/wp\/v2\/types\/page"}],"author":[{"embeddable":true,"href":"https:\/\/vetomshop.hu\/el\/wp-json\/wp\/v2\/users\/1"}],"replies":[{"embeddable":true,"href":"https:\/\/vetomshop.hu\/el\/wp-json\/wp\/v2\/comments?post=389"}],"version-history":[{"count":0,"href":"https:\/\/vetomshop.hu\/el\/wp-json\/wp\/v2\/pages\/389\/revisions"}],"wp:attachment":[{"href":"https:\/\/vetomshop.hu\/el\/wp-json\/wp\/v2\/media?parent=389"}],"curies":[{"name":"wp","href":"https:\/\/api.w.org\/{rel}","templated":true}]}}