{"id":5809,"date":"2024-06-16T14:36:41","date_gmt":"2024-06-16T12:36:41","guid":{"rendered":"https:\/\/vetomshop.hu\/?page_id=5809"},"modified":"2025-02-17T22:00:25","modified_gmt":"2025-02-17T21:00:25","slug":"kulfoldi-csomagszallitas","status":"publish","type":"page","link":"https:\/\/vetomshop.hu\/el\/kulfoldi-csomagszallitas\/","title":{"rendered":"\u0394\u03b9\u03b5\u03b8\u03bd\u03ae\u03c2 \u03c0\u03b1\u03c1\u03ac\u03b4\u03bf\u03c3\u03b7 \u03b4\u03b5\u03bc\u03ac\u03c4\u03c9\u03bd"},"content":{"rendered":"<h3 style=\"text-align: center;\"><span style=\"color: #bf1919; font-size: 27px;\">\u0397 \u03b5\u03c4\u03b1\u03b9\u03c1\u03b5\u03af\u03b1 \u03bc\u03b1\u03c2 \u03b1\u03c3\u03c7\u03bf\u03bb\u03b5\u03af\u03c4\u03b1\u03b9 \u03bc\u03b5 \u03c4\u03b7 \u03c7\u03bf\u03bd\u03b4\u03c1\u03b9\u03ba\u03ae \u03ba\u03b1\u03b9 \u03bb\u03b9\u03b1\u03bd\u03b9\u03ba\u03ae \u03c0\u03ce\u03bb\u03b7\u03c3\u03b7 \u03c4\u03cc\u03c3\u03bf \u03c3\u03c4\u03bf \u03b5\u03c3\u03c9\u03c4\u03b5\u03c1\u03b9\u03ba\u03cc \u03cc\u03c3\u03bf \u03ba\u03b1\u03b9 \u03c3\u03c4\u03bf \u03b5\u03be\u03c9\u03c4\u03b5\u03c1\u03b9\u03ba\u03cc!<\/span><\/h3>\n<div class=\"wp-image-5837\" style=\"float: right; margin-left: 0px; margin-bottom: 1em; margin-top: 15px; padding: 0;\">\n<p><img loading=\"lazy\" decoding=\"async\" src=\"https:\/\/vetomshop.hu\/wp-content\/uploads\/2024\/06\/szalitasa.png\" alt=\"K\u00fclf\u00f6ldi csomagsz\u00e1ll\u00edt\u00e1s. A Vetom probioticum nemzetk\u00f6zi sz\u00e1ll\u00edt\u00e1sa\" width=\"788\" height=\"444\" \/><\/p>\n<div style=\"text-align: center; font-size: 18px; line-height: 1.1em; margin-top: -15px; padding-top: 0;\"><b>\u0394\u03b9\u03b5\u03b8\u03bd\u03ae\u03c2 \u03c0\u03b1\u03c1\u03ac\u03b4\u03bf\u03c3\u03b7 \u03c4\u03bf\u03c5 \u03c0\u03c1\u03bf\u03b2\u03b9\u03bf\u03c4\u03b9\u03ba\u03bf\u03cd Vetom<\/b><\/div>\n<\/div>\n<h3>\u0394\u03b9\u03b5\u03b8\u03bd\u03b5\u03af\u03c2 \u03bc\u03b5\u03c4\u03b1\u03c6\u03bf\u03c1\u03ad\u03c2:<\/h3>\n<ul class=\"country-list\">\n<li>\u0391\u03c5\u03c3\u03c4\u03c1\u03af\u03b1<\/li>\n<li>\u0392\u03ad\u03bb\u03b3\u03b9\u03bf<\/li>\n<li>\u039f\u03bb\u03bb\u03b1\u03bd\u03b4\u03af\u03b1<\/li>\n<li>\u039a\u03c1\u03bf\u03b1\u03c4\u03af\u03b1<\/li>\n<li>\u0393\u03b1\u03bb\u03bb\u03af\u03b1<\/li>\n<li>\u0393\u03b5\u03c1\u03bc\u03b1\u03bd\u03af\u03b1<\/li>\n<li>\u0399\u03c4\u03b1\u03bb\u03af\u03b1<\/li>\n<li>\u03a1\u03bf\u03c5\u03bc\u03b1\u03bd\u03af\u03b1<\/li>\n<li>\u0399\u03c3\u03c0\u03b1\u03bd\u03af\u03b1<\/li>\n<li>\u0395\u03bb\u03b2\u03b5\u03c4\u03af\u03b1<\/li>\n<li>\u039f\u03c5\u03ba\u03c1\u03b1\u03bd\u03af\u03b1<\/li>\n<li>\u03a3\u03b5 \u03ac\u03bb\u03bb\u03b5\u03c2 \u03c7\u03ce\u03c1\u03b5\u03c2<\/li>\n<\/ul>\n<div style=\"clear: both;\"><\/div>\n<ul style=\"list-style: none;\">\n<li>\u03a3\u03b5 \u03b4\u03b9\u03b5\u03cd\u03b8\u03c5\u03bd\u03c3\u03b7 \u03c4\u03bf\u03c5 \u03b5\u03be\u03c9\u03c4\u03b5\u03c1\u03b9\u03ba\u03bf\u03cd \u03b2\u03ac\u03c3\u03b5\u03b9 \u03b1\u03c4\u03bf\u03bc\u03b9\u03ba\u03ae\u03c2 \u03c7\u03c1\u03ad\u03c9\u03c3\u03b7\u03c2 \u03c0\u03b1\u03c1\u03ac\u03b4\u03bf\u03c3\u03b7\u03c2 \u03ba\u03b1\u03b9 <span style=\"color: #bf0404;\">\u03c0\u03b1\u03c1\u03b1\u03b4\u03af\u03b4\u03bf\u03c5\u03bc\u03b5 \u03bc\u03cc\u03bd\u03bf \u03bc\u03b5\u03c4\u03ac \u03b1\u03c0\u03cc \u03c4\u03c1\u03b1\u03c0\u03b5\u03b6\u03b9\u03ba\u03ae \u03bc\u03b5\u03c4\u03b1\u03c6\u03bf\u03c1\u03ac \u03b5\u03ba \u03c4\u03c9\u03bd \u03c0\u03c1\u03bf\u03c4\u03ad\u03c1\u03c9\u03bd<\/span>.<\/li>\n<li>\u0395\u03ac\u03bd \u03c4\u03bf \u03c0\u03c1\u03bf\u03ca\u03cc\u03bd \u03c0\u03bf\u03c5 \u03c0\u03b1\u03c1\u03b1\u03b3\u03b3\u03b5\u03af\u03bb\u03b1\u03c4\u03b5 \u03b4\u03b5\u03bd \u03c6\u03c4\u03ac\u03c3\u03b5\u03b9 \u03c3\u03c4\u03b7\u03bd \u03b1\u03bd\u03b1\u03bc\u03b5\u03bd\u03cc\u03bc\u03b5\u03bd\u03b7 \u03b7\u03bc\u03b5\u03c1\u03bf\u03bc\u03b7\u03bd\u03af\u03b1, \u03c0\u03b1\u03c1\u03b1\u03ba\u03b1\u03bb\u03bf\u03cd\u03bc\u03b5 \u03b5\u03c0\u03b9\u03ba\u03bf\u03b9\u03bd\u03c9\u03bd\u03ae\u03c3\u03c4\u03b5 \u03bc\u03b5 \u03c4\u03b7\u03bd \u03bf\u03bc\u03ac\u03b4\u03b1 \u03b5\u03be\u03c5\u03c0\u03b7\u03c1\u03ad\u03c4\u03b7\u03c3\u03b7\u03c2 \u03c0\u03b5\u03bb\u03b1\u03c4\u03ce\u03bd \u03bc\u03b1\u03c2, \u03ce\u03c3\u03c4\u03b5 \u03bd\u03b1 \u03b1\u03bd\u03c4\u03b9\u03bc\u03b5\u03c4\u03c9\u03c0\u03af\u03c3\u03bf\u03c5\u03bc\u03b5 \u03c4\u03bf \u03c0\u03c1\u03cc\u03b2\u03bb\u03b7\u03bc\u03b1 \u03ac\u03bc\u03b5\u03c3\u03b1.<\/li>\n<li>\u0395\u03af\u03bc\u03b1\u03c3\u03c4\u03b5 \u03b5\u03c0\u03af\u03c3\u03b7\u03c2 \u03b5\u03c5\u03c4\u03c5\u03c7\u03b5\u03af\u03c2 \u03bd\u03b1 \u03c3\u03b1\u03c2 \u03b2\u03bf\u03b7\u03b8\u03ae\u03c3\u03bf\u03c5\u03bc\u03b5 \u03bc\u03b5 \u03c0\u03b1\u03c1\u03b1\u03b4\u03cc\u03c3\u03b5\u03b9\u03c2 \u03c3\u03b5 \u03ac\u03bb\u03bb\u03b5\u03c2 \u03c7\u03ce\u03c1\u03b5\u03c2, \u03c0\u03b1\u03c1\u03b1\u03ba\u03b1\u03bb\u03bf\u03cd\u03bc\u03b5 \u03b5\u03c0\u03b9\u03ba\u03bf\u03b9\u03bd\u03c9\u03bd\u03ae\u03c3\u03c4\u03b5 \u03bc\u03b1\u03b6\u03af \u03bc\u03b1\u03c2. \u03a7\u03b1\u03b9\u03c1\u03b5\u03c4\u03af\u03b6\u03bf\u03c5\u03bc\u03b5 \u03c4\u03b1 \u03b5\u03c1\u03c9\u03c4\u03ae\u03bc\u03b1\u03c4\u03ac \u03c3\u03b1\u03c2.<\/li>\n<\/ul>\n<h3 style=\"text-align: center; color: #bf1919; font-size: 28px;\">\u03a0\u03bf\u03c5\u03bb\u03ac\u03c9 \u03c0\u03c1\u03bf\u03b2\u03b9\u03bf\u03c4\u03b9\u03ba\u03ac Vetom \u03bc\u03b5 \u03b4\u03b9\u03b5\u03b8\u03bd\u03ae \u03b1\u03c0\u03bf\u03c3\u03c4\u03bf\u03bb\u03ae!<\/h3>\n<p style=\"text-align: justify; font-size: 25px;\">\u0397 \u03b5\u03c4\u03b1\u03b9\u03c1\u03b5\u03af\u03b1 \u03bc\u03b1\u03c2 \u03b4\u03c1\u03b1\u03c3\u03c4\u03b7\u03c1\u03b9\u03bf\u03c0\u03bf\u03b9\u03b5\u03af\u03c4\u03b1\u03b9 \u03c4\u03cc\u03c3\u03bf \u03c3\u03c4\u03bf \u03c7\u03bf\u03bd\u03b4\u03c1\u03b9\u03ba\u03cc \u03cc\u03c3\u03bf \u03ba\u03b1\u03b9 \u03c3\u03c4\u03bf \u03bb\u03b9\u03b1\u03bd\u03b9\u03ba\u03cc \u03b5\u03bc\u03c0\u03cc\u03c1\u03b9\u03bf \u03c3\u03c4\u03b9\u03c2 \u03b5\u03b3\u03c7\u03ce\u03c1\u03b9\u03b5\u03c2 \u03ba\u03b1\u03b9 \u03b4\u03b9\u03b5\u03b8\u03bd\u03b5\u03af\u03c2 \u03b1\u03b3\u03bf\u03c1\u03ad\u03c2! \u03a0\u03b1\u03c1\u03b1\u03b4\u03af\u03b4\u03bf\u03c5\u03bc\u03b5 \u03c3\u03b5 \u03c5\u03c0\u03b5\u03c1\u03c0\u03cc\u03bd\u03c4\u03b9\u03b5\u03c2 \u03b4\u03b9\u03b5\u03c5\u03b8\u03cd\u03bd\u03c3\u03b5\u03b9\u03c2 \u03bc\u03b5 \u03b2\u03ac\u03c3\u03b7 \u03c4\u03b1 \u03b1\u03c4\u03bf\u03bc\u03b9\u03ba\u03ac \u03ad\u03be\u03bf\u03b4\u03b1 \u03b1\u03c0\u03bf\u03c3\u03c4\u03bf\u03bb\u03ae\u03c2 \u03ba\u03b1\u03b9 \u03bc\u03cc\u03bd\u03bf \u03bc\u03b5\u03c4\u03ac \u03b1\u03c0\u03cc \u03c0\u03c1\u03bf\u03b7\u03b3\u03bf\u03cd\u03bc\u03b5\u03bd\u03b7 \u03c4\u03c1\u03b1\u03c0\u03b5\u03b6\u03b9\u03ba\u03ae \u03bc\u03b5\u03c4\u03b1\u03c6\u03bf\u03c1\u03ac. \u0395\u03ac\u03bd \u03c4\u03bf \u03c0\u03c1\u03bf\u03ca\u03cc\u03bd \u03c0\u03bf\u03c5 \u03c0\u03b1\u03c1\u03b1\u03b3\u03b3\u03b5\u03af\u03bb\u03b1\u03c4\u03b5 \u03b4\u03b5\u03bd \u03c6\u03c4\u03ac\u03c3\u03b5\u03b9 \u03b5\u03bd\u03c4\u03cc\u03c2 \u03c4\u03bf\u03c5 \u03ba\u03b1\u03b8\u03bf\u03c1\u03b9\u03c3\u03bc\u03ad\u03bd\u03bf\u03c5 \u03c7\u03c1\u03bf\u03bd\u03b9\u03ba\u03bf\u03cd \u03c0\u03bb\u03b1\u03b9\u03c3\u03af\u03bf\u03c5, \u03c0\u03b1\u03c1\u03b1\u03ba\u03b1\u03bb\u03bf\u03cd\u03bc\u03b5 \u03b5\u03c0\u03b9\u03ba\u03bf\u03b9\u03bd\u03c9\u03bd\u03ae\u03c3\u03c4\u03b5 \u03bc\u03b5 \u03c4\u03b7\u03bd \u03bf\u03bc\u03ac\u03b4\u03b1 \u03c5\u03c0\u03bf\u03c3\u03c4\u03ae\u03c1\u03b9\u03be\u03ae\u03c2 \u03bc\u03b1\u03c2, \u03ce\u03c3\u03c4\u03b5 \u03bd\u03b1 \u03b5\u03c0\u03b9\u03bb\u03cd\u03c3\u03bf\u03c5\u03bc\u03b5 \u03c4\u03bf \u03c0\u03c1\u03cc\u03b2\u03bb\u03b7\u03bc\u03b1 \u03ac\u03bc\u03b5\u03c3\u03b1.<br \/>\n\u0395\u03af\u03bc\u03b1\u03c3\u03c4\u03b5 \u03b5\u03c0\u03af\u03c3\u03b7\u03c2 \u03b5\u03c5\u03c4\u03c5\u03c7\u03b5\u03af\u03c2 \u03bd\u03b1 \u03c3\u03b1\u03c2 \u03b2\u03bf\u03b7\u03b8\u03ae\u03c3\u03bf\u03c5\u03bc\u03b5 \u03bc\u03b5 \u03c4\u03b7\u03bd \u03b1\u03c0\u03bf\u03c3\u03c4\u03bf\u03bb\u03ae \u03c3\u03b5 \u03ac\u03bb\u03bb\u03b5\u03c2 \u03c7\u03ce\u03c1\u03b5\u03c2, \u03c3\u03b5 \u03c4\u03ad\u03c4\u03bf\u03b9\u03b5\u03c2 \u03c0\u03b5\u03c1\u03b9\u03c0\u03c4\u03ce\u03c3\u03b5\u03b9\u03c2 \u03c0\u03b1\u03c1\u03b1\u03ba\u03b1\u03bb\u03bf\u03cd\u03bc\u03b5 \u03b5\u03c0\u03b9\u03ba\u03bf\u03b9\u03bd\u03c9\u03bd\u03ae\u03c3\u03c4\u03b5 \u03bc\u03b1\u03b6\u03af \u03bc\u03b1\u03c2: <strong>vetomshop.hu@gmail.com<\/strong>.<\/p>\n<p style=\"text-align: center; font-size: 27px; color: #bf1919;\"><strong>\u0391\u03bd\u03c5\u03c0\u03bf\u03bc\u03bf\u03bd\u03bf\u03cd\u03bc\u03b5 \u03b3\u03b9\u03b1 \u03c4\u03b9\u03c2 \u03c0\u03b1\u03c1\u03b1\u03b3\u03b3\u03b5\u03bb\u03af\u03b5\u03c2 \u03c3\u03b1\u03c2!<\/strong><\/p>\n<div class=\"logo-posta\"><img decoding=\"async\" class=\"alignnone size-full wp-image-5757\" src=\"https:\/\/vetomshop.hu\/wp-content\/uploads\/2024\/06\/gls_logo.jpg\" alt=\"\" width=\"250\" \/><br \/>\n<img decoding=\"async\" class=\"alignnone size-full wp-image-5758\" src=\"https:\/\/vetomshop.hu\/wp-content\/uploads\/2024\/08\/tnt_logo.jpg\" alt=\"\" width=\"250\" \/><br \/>\n<img decoding=\"async\" class=\"alignnone size-full wp-image-5760\" src=\"https:\/\/vetomshop.hu\/wp-content\/uploads\/2024\/08\/dpd_logo.jpg\" alt=\"\" width=\"250\" \/><br \/>\n<img decoding=\"async\" class=\"alignnone size-full wp-image-5759\" src=\"https:\/\/vetomshop.hu\/wp-content\/uploads\/2024\/06\/packeta_logo.jpg\" alt=\"\" width=\"250\" \/><\/div>","protected":false},"excerpt":{"rendered":"<p>C\u00e9g\u00fcnk Kis \u00e9s Nagykereskedelemmel foglalkozik Belf\u00f6ld\u00f6n \u00e9s K\u00fclf\u00f6ld\u00f6n egyar\u00e1nt! A Vetom probioticum nemzetk\u00f6zi sz\u00e1ll\u00edt\u00e1sa K\u00fclf\u00f6ldi sz\u00e1ll\u00edt\u00e1s: Ausztria Belgium Hollandia Horv\u00e1torsz\u00e1g Franciaorsz\u00e1g N\u00e9metorsz\u00e1g Olaszorsz\u00e1g Rom\u00e1nia Spanyolorsz\u00e1g Sv\u00e1jc Ukrajna Egy\u00e9b orszagokba K\u00fclf\u00f6ldi c\u00edmre egyedi sz\u00e1ll\u00edt\u00e1si d\u00edj meg\u00e1llap\u00edt\u00e1sa alapj\u00e1n \u00e9s kiz\u00e1r\u00f3lag Banki el\u0151re utal\u00e1st k\u00f6vet\u0151en sz\u00e1ll\u00edtjuk ki. Amennyiben a megrendelt Term\u00e9k nem \u00e9rkezik meg \u00d6nh\u00f6z a v\u00e1rt id\u0151pontig, [&hellip;]<\/p>\n","protected":false},"author":104,"featured_media":0,"parent":0,"menu_order":0,"comment_status":"closed","ping_status":"closed","template":"","meta":{"footnotes":""},"class_list":["post-5809","page","type-page","status-publish","hentry"],"_links":{"self":[{"href":"https:\/\/vetomshop.hu\/el\/wp-json\/wp\/v2\/pages\/5809","targetHints":{"allow":["GET"]}}],"collection":[{"href":"https:\/\/vetomshop.hu\/el\/wp-json\/wp\/v2\/pages"}],"about":[{"href":"https:\/\/vetomshop.hu\/el\/wp-json\/wp\/v2\/types\/page"}],"author":[{"embeddable":true,"href":"https:\/\/vetomshop.hu\/el\/wp-json\/wp\/v2\/users\/104"}],"replies":[{"embeddable":true,"href":"https:\/\/vetomshop.hu\/el\/wp-json\/wp\/v2\/comments?post=5809"}],"version-history":[{"count":1,"href":"https:\/\/vetomshop.hu\/el\/wp-json\/wp\/v2\/pages\/5809\/revisions"}],"predecessor-version":[{"id":6443,"href":"https:\/\/vetomshop.hu\/el\/wp-json\/wp\/v2\/pages\/5809\/revisions\/6443"}],"wp:attachment":[{"href":"https:\/\/vetomshop.hu\/el\/wp-json\/wp\/v2\/media?parent=5809"}],"curies":[{"name":"wp","href":"https:\/\/api.w.org\/{rel}","templated":true}]}}