{"id":4664,"date":"2023-11-11T14:33:45","date_gmt":"2023-11-11T13:33:45","guid":{"rendered":"https:\/\/vetomshop.hu\/termek\/aphrodita-medal\/"},"modified":"2023-11-11T14:33:45","modified_gmt":"2023-11-11T13:33:45","slug":"aphrodita-medal","status":"publish","type":"product","link":"https:\/\/vetomshop.hu\/el\/product\/aphrodita-medal\/","title":{"rendered":"\u039c\u03b5\u03bd\u03c4\u03b1\u03b3\u03b9\u03cc\u03bd \u0391\u03c6\u03c1\u03bf\u03b4\u03af\u03c4\u03b7"},"content":{"rendered":"<p><strong>\u039c\u03b5\u03bd\u03c4\u03b1\u03b3\u03b9\u03cc\u03bd \u0391\u03c6\u03c1\u03bf\u03b4\u03af\u03c4\u03b7<\/strong><\/p>\n<p>\u03a7\u03ac\u03c1\u03b7 \u03c3\u03c4\u03b7\u03bd \u03c4\u03b5\u03c7\u03bd\u03bf\u03bb\u03bf\u03b3\u03af\u03b1 BioTrEM, \u03b5\u03af\u03bd\u03b1\u03b9 \u03c0\u03bb\u03ad\u03bf\u03bd \u03b4\u03c5\u03bd\u03b1\u03c4\u03ae \u03b7 \u03b4\u03b7\u03bc\u03b9\u03bf\u03c5\u03c1\u03b3\u03af\u03b1 \u03b5\u03bd\u03cc\u03c2 \u03c6\u03b1\u03c3\u03bc\u03b1\u03c4\u03b9\u03ba\u03bf\u03cd \u03bc\u03bf\u03c4\u03af\u03b2\u03bf\u03c5 \u03c3\u03c5\u03b3\u03ba\u03b5\u03ba\u03c1\u03b9\u03bc\u03ad\u03bd\u03b7\u03c2 \u03c6\u03cd\u03c3\u03b7\u03c2 \u03c3\u03b5 \u03ad\u03bd\u03b1\u03bd \u03b5\u03b9\u03b4\u03b9\u03ba\u03cc \u03ba\u03c1\u03cd\u03c3\u03c4\u03b1\u03bb\u03bb\u03bf. \u038c\u03c4\u03b1\u03bd \u03b1\u03c5\u03b8\u03b1\u03af\u03c1\u03b5\u03c4\u03b1 \u03ba\u03b2\u03ac\u03bd\u03c4\u03b1 \u03b5\u03bd\u03ad\u03c1\u03b3\u03b5\u03b9\u03b1\u03c2 - \u03b1\u03ba\u03cc\u03bc\u03b7 \u03ba\u03b1\u03b9 \u03b8\u03b5\u03c1\u03bc\u03cc\u03c4\u03b7\u03c4\u03b1\u03c2 - \u03ad\u03c1\u03c7\u03bf\u03bd\u03c4\u03b1\u03b9 \u03c3\u03b5 \u03b5\u03c0\u03b1\u03c6\u03ae \u03bc\u03b5 \u03c4\u03b7\u03bd \u03b5\u03c0\u03b9\u03c6\u03ac\u03bd\u03b5\u03b9\u03b1 \u03c4\u03bf\u03c5 \u03ba\u03c1\u03c5\u03c3\u03c4\u03ac\u03bb\u03bb\u03bf\u03c5, \u03b7 \u03b3\u03b5\u03bd\u03bd\u03ae\u03c4\u03c1\u03b9\u03b1 \u03b5\u03ba\u03c0\u03ad\u03bc\u03c0\u03b5\u03b9 \u03b5\u03be\u03b1\u03b9\u03c1\u03b5\u03c4\u03b9\u03ba\u03ac \u03b1\u03c3\u03b8\u03b5\u03bd\u03ae \u03c3\u03ae\u03bc\u03b1\u03c4\u03b1 \u03c4\u03bf\u03c5 \u03c6\u03b1\u03c3\u03bc\u03b1\u03c4\u03b9\u03ba\u03bf\u03cd \u03bc\u03bf\u03c4\u03af\u03b2\u03bf\u03c5 \u03c0\u03bf\u03c5 \u03ad\u03c7\u03b5\u03b9 \u03ba\u03b1\u03c4\u03b1\u03b3\u03c1\u03b1\u03c6\u03b5\u03af \u03c3\u03b5 \u03b1\u03c5\u03c4\u03cc\u03bd.<br \/>\n\u0395\u03bd \u03c4\u03c9 \u03bc\u03b5\u03c4\u03b1\u03be\u03cd, \u03b7 \u03b7\u03bb\u03b5\u03ba\u03c4\u03c1\u03bf\u03bc\u03b1\u03b3\u03bd\u03b7\u03c4\u03b9\u03ba\u03ae \u03b1\u03ba\u03c4\u03b9\u03bd\u03bf\u03b2\u03bf\u03bb\u03af\u03b1 \u03b1\u03c0\u03cc \u03c4\u03bf \u03bc\u03b5\u03bd\u03c4\u03b1\u03b3\u03b9\u03cc\u03bd \u03b1\u03bb\u03bb\u03b7\u03bb\u03b5\u03c0\u03b9\u03b4\u03c1\u03ac \u03bc\u03b5 \u03c4\u03bf\u03bd \u03b6\u03c9\u03bd\u03c4\u03b1\u03bd\u03cc \u03bf\u03c1\u03b3\u03b1\u03bd\u03b9\u03c3\u03bc\u03cc.<\/p>\n<div class=\"su-spoiler su-spoiler-style-defoult su-spoiler-icon-caret su-spoiler-closed\" data-scroll-offset=\"0\" data-anchor-in-url=\"no\"><div class=\"su-spoiler-title\" tabindex=\"0\" role=\"button\"><span class=\"su-spoiler-icon\"><\/span>\u038c\u03bb\u03b1<\/div><div class=\"su-spoiler-content su-u-clearfix su-u-trim\">\n<p>\u03a4\u03b1 \u03b5\u03be\u03b1\u03b9\u03c1\u03b5\u03c4\u03b9\u03ba\u03ac \u03b1\u03b4\u03cd\u03bd\u03b1\u03bc\u03b1 \u03c3\u03b7\u03bc\u03ac\u03b4\u03b9\u03b1 \u03c4\u03bf\u03c5 \u03ba\u03c1\u03b5\u03bc\u03b1\u03c3\u03c4\u03bf\u03cd APHRODITE \u03b4\u03b9\u03b5\u03b3\u03b5\u03af\u03c1\u03bf\u03c5\u03bd \u03c4\u03b7 \u03c3\u03cd\u03bd\u03b8\u03b5\u03c3\u03b7 \u03c4\u03c9\u03bd \u03b3\u03c5\u03bd\u03b1\u03b9\u03ba\u03b5\u03af\u03c9\u03bd \u03c6\u03b5\u03c1\u03bf\u03bc\u03bf\u03bd\u03ce\u03bd, \u03bf\u03b9 \u03b5\u03b9\u03b4\u03b9\u03ba\u03bf\u03af \u03b1\u03b4\u03ad\u03bd\u03b5\u03c2 \u03c4\u03bf\u03c5 \u03b3\u03c5\u03bd\u03b1\u03b9\u03ba\u03b5\u03af\u03bf\u03c5 \u03c3\u03ce\u03bc\u03b1\u03c4\u03bf\u03c2 \u03c0\u03b1\u03c1\u03ac\u03b3\u03bf\u03c5\u03bd \u03c0\u03b9\u03bf \u03b5\u03bd\u03c4\u03b1\u03c4\u03b9\u03ba\u03ac \u03c6\u03b5\u03c1\u03bf\u03bc\u03cc\u03bd\u03b5\u03c2, \u03b1\u03bd\u03b4\u03c1\u03bf\u03c3\u03c4\u03b5\u03bd\u03cc\u03bb\u03b7 \u03ba\u03b1\u03b9 \u03ba\u03bf\u03c0\u03bf\u03c5\u03bb\u03af\u03bd\u03b7. \u038c\u03c3\u03bf \u03c0\u03b5\u03c1\u03b9\u03c3\u03c3\u03cc\u03c4\u03b5\u03c1\u03b5\u03c2 \u03c6\u03b5\u03c1\u03bf\u03bc\u03cc\u03bd\u03b5\u03c2 \u03c0\u03b1\u03c1\u03ac\u03b3\u03bf\u03bd\u03c4\u03b1\u03b9 \u03c3\u03b5 \u03bc\u03b9\u03b1 \u03b3\u03c5\u03bd\u03b1\u03af\u03ba\u03b1, \u03c4\u03cc\u03c3\u03bf \u03c0\u03b9\u03bf \u03b5\u03bb\u03ba\u03c5\u03c3\u03c4\u03b9\u03ba\u03ae \u03b5\u03af\u03bd\u03b1\u03b9 \u03c3\u03b5\u03be\u03bf\u03c5\u03b1\u03bb\u03b9\u03ba\u03ac \u03b3\u03b9\u03b1 \u03c4\u03bf\u03c5\u03c2 \u03ac\u03bd\u03b4\u03c1\u03b5\u03c2. \u0397 \u03b1\u03bd\u03b4\u03c1\u03bf\u03c3\u03c4\u03b5\u03bd\u03cc\u03bb\u03b7 \u03b5\u03bd\u03b8\u03b1\u03c1\u03c1\u03cd\u03bd\u03b5\u03b9 \u03c4\u03bf\u03c5\u03c2 \u03ac\u03bb\u03bb\u03bf\u03c5\u03c2 \u03bd\u03b1 \u03b5\u03c0\u03b9\u03ba\u03bf\u03b9\u03bd\u03c9\u03bd\u03ae\u03c3\u03bf\u03c5\u03bd \u03ba\u03b1\u03b9 \u03ba\u03ac\u03bd\u03b5\u03b9 \u03c4\u03bf\u03c5\u03c2 \u03ac\u03bb\u03bb\u03bf\u03c5\u03c2 \u03bd\u03b1 \u03c3\u03b1\u03c2 \u03b2\u03bb\u03ad\u03c0\u03bf\u03c5\u03bd \u03c9\u03c2 \u03bd\u03b5\u03cc\u03c4\u03b5\u03c1\u03bf\u03c5\u03c2.<\/p>\n<p>\u0397 \u03ba\u03bf\u03c0\u03bf\u03c5\u03bb\u03af\u03bd\u03b7 \u03b5\u03af\u03bd\u03b1\u03b9 \u03bc\u03b9\u03b1 \u03b3\u03c5\u03bd\u03b1\u03b9\u03ba\u03b5\u03af\u03b1 \u03bf\u03c1\u03bc\u03cc\u03bd\u03b7 \u03c0\u03bf\u03c5 \u03b5\u03af\u03bd\u03b1\u03b9 \u03c5\u03c0\u03b5\u03cd\u03b8\u03c5\u03bd\u03b7 \u03b3\u03b9\u03b1 \u03c4\u03b7 \u03c3\u03b5\u03be\u03bf\u03c5\u03b1\u03bb\u03b9\u03ba\u03ae \u03b5\u03bb\u03ba\u03c5\u03c3\u03c4\u03b9\u03ba\u03cc\u03c4\u03b7\u03c4\u03b1.<\/p>\n<p>\u038c\u03c4\u03b1\u03bd \u03c7\u03c1\u03b7\u03c3\u03b9\u03bc\u03bf\u03c0\u03bf\u03b9\u03b5\u03af\u03c4\u03b5 \u03c4\u03bf \u03ba\u03c1\u03b5\u03bc\u03b1\u03c3\u03c4\u03cc \u03ba\u03cc\u03c3\u03bc\u03b7\u03bc\u03b1 APHRODITE, \u03b1\u03c5\u03be\u03ac\u03bd\u03b5\u03c4\u03b1\u03b9 \u03b7 \u03c0\u03b1\u03c1\u03b1\u03b3\u03c9\u03b3\u03ae \u03b8\u03b7\u03bb\u03c5\u03ba\u03ce\u03bd \u03c6\u03b5\u03c1\u03bf\u03bc\u03bf\u03bd\u03ce\u03bd (\u03b1\u03bd\u03b4\u03c1\u03bf\u03c3\u03c4\u03b5\u03bd\u03cc\u03bb\u03b7 \u03ba\u03b1\u03b9 \u03ba\u03bf\u03c0\u03bf\u03c5\u03bb\u03af\u03bd\u03b7), \u03b7 \u03bf\u03c0\u03bf\u03af\u03b1 \u03bc\u03b5 \u03c4\u03b7 \u03c3\u03b5\u03b9\u03c1\u03ac \u03c4\u03b7\u03c2 \u03b1\u03c5\u03be\u03ac\u03bd\u03b5\u03b9 \u03c4\u03b7\u03bd \u03c0\u03b1\u03c1\u03b1\u03b3\u03c9\u03b3\u03ae \u03c6\u03b5\u03c1\u03bf\u03bc\u03bf\u03bd\u03ce\u03bd:<\/p>\n<ul>\n<li>\u03c0\u03c1\u03bf\u03c3\u03b5\u03bb\u03ba\u03cd\u03bf\u03c5\u03bd \u03c4\u03b7\u03bd \u03c0\u03c1\u03bf\u03c3\u03bf\u03c7\u03ae \u03c4\u03c9\u03bd \u03b1\u03bd\u03b4\u03c1\u03ce\u03bd,<\/li>\n<li>\u03c0\u03c1\u03bf\u03ba\u03b1\u03bb\u03b5\u03af \u03c3\u03c5\u03bc\u03c0\u03ac\u03b8\u03b5\u03b9\u03b1,<\/li>\n<li>\u03b5\u03c5\u03ba\u03bf\u03bb\u03cc\u03c4\u03b5\u03c1\u03b7 \u03b7 \u03b3\u03bd\u03c9\u03c1\u03b9\u03bc\u03af\u03b1,<\/li>\n<li>\u03bd\u03b1 \u03b5\u03c0\u03b9\u03c4\u03cd\u03c7\u03b5\u03c4\u03b5 \u03bc\u03b5\u03b3\u03b1\u03bb\u03cd\u03c4\u03b5\u03c1\u03b7 \u03b5\u03c0\u03b9\u03c7\u03b5\u03b9\u03c1\u03b7\u03bc\u03b1\u03c4\u03b9\u03ba\u03ae \u03b5\u03c0\u03b9\u03c4\u03c5\u03c7\u03af\u03b1, \u03bd\u03b1 \u03b1\u03c0\u03bf\u03ba\u03c4\u03ae\u03c3\u03b5\u03c4\u03b5 \u03bc\u03b5\u03b3\u03b1\u03bb\u03cd\u03c4\u03b5\u03c1\u03b7 \u03b1\u03c5\u03c4\u03bf\u03c0\u03b5\u03c0\u03bf\u03af\u03b8\u03b7\u03c3\u03b7,<\/li>\n<li>\u03b4\u03b7\u03bc\u03b9\u03bf\u03c5\u03c1\u03b3\u03bf\u03cd\u03bd \u03b3\u03b9\u03b1 \u03c4\u03bf\u03bd \u03c3\u03cd\u03bd\u03c4\u03c1\u03bf\u03c6\u03cc \u03c4\u03bf\u03c5\u03c2 \u201e\u03c4\u03bf \u03ad\u03bd\u03b1 \u03ba\u03b1\u03b9 \u03bc\u03bf\u03bd\u03b1\u03b4\u03b9\u03ba\u03cc \u03b1\u03ba\u03b1\u03c4\u03b1\u03bc\u03ac\u03c7\u03b7\u03c4\u03bf \u03c0\u03c1\u03cc\u03c3\u03c9\u03c0\u03bf\u201d.<\/li>\n<\/ul>\n<p>\u0397 \u03b1\u03bd\u03b4\u03c1\u03bf\u03c3\u03c4\u03b5\u03bd\u03cc\u03bb\u03b7 \u03b5\u03c0\u03b9\u03c4\u03b1\u03c7\u03cd\u03bd\u03b5\u03b9 \u03c4\u03b7\u03bd \u03b1\u03bd\u03ac\u03c0\u03c4\u03c5\u03be\u03b7 \u03c4\u03b7\u03c2 \u03c3\u03c5\u03bc\u03c0\u03ac\u03b8\u03b5\u03b9\u03b1\u03c2, \u03be\u03c5\u03c0\u03bd\u03ac\u03b5\u03b9 \u03c4\u03b7\u03bd \u03b1\u03af\u03c3\u03b8\u03b7\u03c3\u03b7 \u03c4\u03b7\u03c2 \u03c6\u03b9\u03bb\u03af\u03b1\u03c2 \u03c3\u03c4\u03bf\u03bd \u03c3\u03c5\u03bd\u03bf\u03bc\u03b9\u03bb\u03b7\u03c4\u03ae, \u03b4\u03b7\u03bc\u03b9\u03bf\u03c5\u03c1\u03b3\u03b5\u03af \u03c1\u03bf\u03bc\u03b1\u03bd\u03c4\u03b9\u03ba\u03ac \u03c3\u03c5\u03bd\u03b1\u03b9\u03c3\u03b8\u03ae\u03bc\u03b1\u03c4\u03b1, \u03b4\u03b7\u03bc\u03b9\u03bf\u03c5\u03c1\u03b3\u03b5\u03af \u03bc\u03b9\u03b1 \u03b1\u03cd\u03c1\u03b1 \u03bd\u03b5\u03cc\u03c4\u03b7\u03c4\u03b1\u03c2 \u03ba\u03b1\u03b9 \u03b5\u03c5\u03b8\u03c5\u03bc\u03af\u03b1\u03c2, \u03b1\u03bd\u03b5\u03be\u03ac\u03c1\u03c4\u03b7\u03c4\u03b1 \u03b1\u03c0\u03cc \u03c4\u03bf \u03c0\u03cc\u03c3\u03bf \u03bc\u03b5\u03b3\u03ac\u03bb\u03bf\u03c2 \u03b5\u03af\u03c3\u03b1\u03b9!<\/p>\n<\/div><\/div>","protected":false},"excerpt":{"rendered":"<p>Aphrodita med\u00e1l A BioTrEM-technol\u00f3gi\u00e1nak k\u00f6sz\u00f6nhet\u0151en lehets\u00e9gess\u00e9 v\u00e1lt l\u00e9trehozni a speci\u00e1lis krist\u00e1lyon egy adott term\u00e9szet\u0171 spektr\u00e1lis mint\u00e1t. Amikor tetsz\u0151leges energiakvantumok \u2013 ak\u00e1r h\u0151 &#8211; \u00e9rintkezik a krist\u00e1ly fel\u00fclet\u00e9vel, a gener\u00e1tor a rajta r\u00f6gz\u00edtett spektr\u00e1lis minta extr\u00e9m gyenge jeleit bocs\u00e1jtja ki. Ek\u00f6zben a med\u00e1l elektrom\u00e1gneses sug\u00e1rz\u00e1sa k\u00f6lcs\u00f6nhat\u00e1sba ker\u00fcl az \u00e9l\u0151 szervezettel.<\/p>","protected":false},"featured_media":4663,"comment_status":"open","ping_status":"closed","template":"","meta":[],"product_brand":[],"product_cat":[33,32],"product_tag":[],"class_list":{"0":"post-4664","1":"product","2":"type-product","3":"status-publish","4":"has-post-thumbnail","6":"product_cat-egeszseg-medalok","7":"product_cat-triomed","9":"first","10":"instock","11":"taxable","12":"shipping-taxable","13":"purchasable","14":"product-type-simple"},"_links":{"self":[{"href":"https:\/\/vetomshop.hu\/el\/wp-json\/wp\/v2\/product\/4664","targetHints":{"allow":["GET"]}}],"collection":[{"href":"https:\/\/vetomshop.hu\/el\/wp-json\/wp\/v2\/product"}],"about":[{"href":"https:\/\/vetomshop.hu\/el\/wp-json\/wp\/v2\/types\/product"}],"replies":[{"embeddable":true,"href":"https:\/\/vetomshop.hu\/el\/wp-json\/wp\/v2\/comments?post=4664"}],"wp:featuredmedia":[{"embeddable":true,"href":"https:\/\/vetomshop.hu\/el\/wp-json\/wp\/v2\/media\/4663"}],"wp:attachment":[{"href":"https:\/\/vetomshop.hu\/el\/wp-json\/wp\/v2\/media?parent=4664"}],"wp:term":[{"taxonomy":"product_brand","embeddable":true,"href":"https:\/\/vetomshop.hu\/el\/wp-json\/wp\/v2\/product_brand?post=4664"},{"taxonomy":"product_cat","embeddable":true,"href":"https:\/\/vetomshop.hu\/el\/wp-json\/wp\/v2\/product_cat?post=4664"},{"taxonomy":"product_tag","embeddable":true,"href":"https:\/\/vetomshop.hu\/el\/wp-json\/wp\/v2\/product_tag?post=4664"}],"curies":[{"name":"wp","href":"https:\/\/api.w.org\/{rel}","templated":true}]}}