{"id":4668,"date":"2023-11-11T14:33:46","date_gmt":"2023-11-11T13:33:46","guid":{"rendered":"https:\/\/vetomshop.hu\/termek\/ambrozia-medal\/"},"modified":"2023-11-11T14:33:46","modified_gmt":"2023-11-11T13:33:46","slug":"ambrozia-medal","status":"publish","type":"product","link":"https:\/\/vetomshop.hu\/el\/product\/ambrozia-medal\/","title":{"rendered":"\u039c\u03b5\u03c4\u03ac\u03bb\u03bb\u03b9\u03bf Ambrosia"},"content":{"rendered":"<h4>\u039c\u03b5\u03c4\u03ac\u03bb\u03bb\u03b9\u03bf Ambrosia<\/h4>\n<p>\u0397 \u03b1\u03c8\u03b9\u03b8\u03b9\u03ac, \u03ae \u03b1\u03c0\u03bb\u03ac \u03b1\u03c8\u03b9\u03b8\u03b9\u03ac (Ambrosia artemisiifolia), \u03c0\u03bf\u03c5 \u03bb\u03b1\u03bd\u03b8\u03b1\u03c3\u03bc\u03ad\u03bd\u03b1 \u03bf\u03bd\u03bf\u03bc\u03ac\u03b6\u03b5\u03c4\u03b1\u03b9 \u03ac\u03b3\u03c1\u03b9\u03b1 \u03ba\u03ac\u03bd\u03bd\u03b1\u03b2\u03b7, \u03b5\u03af\u03bd\u03b1\u03b9 \u03ad\u03bd\u03b1 \u03b5\u03af\u03b4\u03bf\u03c2 \u03b6\u03b9\u03b6\u03b1\u03bd\u03af\u03bf\u03c5 \u03c4\u03b7\u03c2 \u03bf\u03b9\u03ba\u03bf\u03b3\u03ad\u03bd\u03b5\u03b9\u03b1\u03c2 Asteraceae, \u03c3\u03c4\u03b7 \u03c6\u03c5\u03bb\u03ae Helianthinae. \u0392\u03c1\u03af\u03c3\u03ba\u03b5\u03c4\u03b1\u03b9 \u03ba\u03ac\u03b8\u03b5 \u03c7\u03c1\u03cc\u03bd\u03bf \u03c3\u03b5 \u03c4\u03b5\u03c1\u03ac\u03c3\u03c4\u03b9\u03bf\u03c5\u03c2 \u03b1\u03c1\u03b9\u03b8\u03bc\u03bf\u03cd\u03c2 \u03c3\u03c4\u03bf\u03c5\u03c2 \u03ba\u03b1\u03bb\u03bb\u03b9\u03b5\u03c1\u03b3\u03ae\u03c3\u03b9\u03bc\u03bf\u03c5\u03c2 \u03b1\u03b3\u03c1\u03bf\u03cd\u03c2 \u03c4\u03b7\u03c2 \u039f\u03c5\u03b3\u03b3\u03b1\u03c1\u03af\u03b1\u03c2 \u03ba\u03b1\u03b9 \u03c3\u03b5 \u03ac\u03bb\u03bb\u03b5\u03c2 \u03b4\u03b9\u03b1\u03c4\u03b1\u03c1\u03b1\u03b3\u03bc\u03ad\u03bd\u03b5\u03c2 \u03c0\u03b5\u03c1\u03b9\u03bf\u03c7\u03ad\u03c2.<\/p>\n<p>\u0395\u03af\u03bd\u03b1\u03b9 \u03ad\u03bd\u03b1 \u03b1\u03c0\u03cc \u03c4\u03b1 \u03c0\u03b9\u03bf \u03b3\u03bd\u03c9\u03c3\u03c4\u03ac \u03ba\u03b1\u03b9 \u03b1\u03bc\u03c6\u03b9\u03bb\u03b5\u03b3\u03cc\u03bc\u03b5\u03bd\u03b1 \u03b6\u03b9\u03b6\u03ac\u03bd\u03b9\u03b1 \u03bc\u03b1\u03c2: \u03ba\u03ac\u03c0\u03bf\u03b9\u03bf\u03b9 \u03c4\u03bf \u03b1\u03bd\u03b1\u03b3\u03bd\u03c9\u03c1\u03af\u03b6\u03bf\u03c5\u03bd \u03bc\u03cc\u03bd\u03bf \u03b3\u03b9\u03b1 \u03c4\u03b9\u03c2 \u03ba\u03b1\u03ba\u03ad\u03c2, \u03b1\u03bb\u03bb\u03b5\u03c1\u03b3\u03b9\u03bf\u03b3\u03cc\u03bd\u03b5\u03c2 \u03b9\u03b4\u03b9\u03cc\u03c4\u03b7\u03c4\u03ad\u03c2 \u03c4\u03bf\u03c5 \u03ba\u03b1\u03b9 \u03ac\u03bb\u03bb\u03bf\u03b9 \u03c4\u03bf \u03c4\u03b9\u03bc\u03bf\u03cd\u03bd \u03c9\u03c2 \u03c6\u03b1\u03c1\u03bc\u03b1\u03ba\u03b5\u03c5\u03c4\u03b9\u03ba\u03cc \u03c6\u03c5\u03c4\u03cc, \u03ba\u03b1\u03c4\u03b1\u03bd\u03b1\u03bb\u03ce\u03bd\u03bf\u03bd\u03c4\u03ac\u03c2 \u03c4\u03bf \u03c4\u03b1\u03ba\u03c4\u03b9\u03ba\u03ac.<\/p>\n<div class=\"su-spoiler su-spoiler-style-defoult su-spoiler-icon-caret su-spoiler-closed\" data-scroll-offset=\"0\" data-anchor-in-url=\"no\"><div class=\"su-spoiler-title\" tabindex=\"0\" role=\"button\"><span class=\"su-spoiler-icon\"><\/span>\u038c\u03bb\u03b1<\/div><div class=\"su-spoiler-content su-u-clearfix su-u-trim\">\n\u0393\u03b9\u03b1\u03c4\u03af \u03b1\u03c5\u03c4\u03cc \u03c4\u03bf \u03c6\u03c5\u03c4\u03cc \u03c0\u03c1\u03bf\u03ba\u03b1\u03bb\u03b5\u03af \u03c3\u03c5\u03bc\u03c0\u03c4\u03ce\u03bc\u03b1\u03c4\u03b1 \u03b1\u03bb\u03bb\u03b5\u03c1\u03b3\u03af\u03b1\u03c2 \u03c3\u03b5 \u03bc\u03b5\u03c1\u03b9\u03ba\u03bf\u03cd\u03c2 \u03b1\u03bd\u03b8\u03c1\u03ce\u03c0\u03bf\u03c5\u03c2; \u0388\u03bd\u03b1 \u03c0\u03c1\u03ac\u03b3\u03bc\u03b1 \u03b5\u03af\u03bd\u03b1\u03b9 \u03c3\u03af\u03b3\u03bf\u03c5\u03c1\u03bf: \u03bf\u03b9 \u03b1\u03b3\u03c1\u03cc\u03c4\u03b5\u03c2 \u03b4\u03b5\u03bd \u03b5\u03af\u03c7\u03b1\u03bd \u03c0\u03bf\u03c4\u03ad \u03b1\u03bb\u03bb\u03b5\u03c1\u03b3\u03af\u03b1 \u03c3\u03c4\u03b7 \u03b3\u03cd\u03c1\u03b7 \u03ae \u03b1\u03bb\u03bb\u03b5\u03c1\u03b3\u03af\u03b1 \u03c3\u03c4\u03bf \u03b1\u03b3\u03ba\u03b1\u03b8\u03c9\u03c4\u03cc. \u039c\u03c0\u03bf\u03c1\u03b5\u03af \u03bd\u03b1 \u03c7\u03c1\u03b5\u03b9\u03b1\u03c3\u03c4\u03b5\u03af \u03bd\u03b1 \u03c0\u03b5\u03c1\u03b9\u03bc\u03ad\u03bd\u03bf\u03c5\u03bc\u03b5 \u03b4\u03b5\u03ba\u03b1\u03b5\u03c4\u03af\u03b5\u03c2 \u03b3\u03b9\u03b1 \u03bc\u03b9\u03b1 \u03c3\u03b1\u03c6\u03ae \u03b1\u03c0\u03ac\u03bd\u03c4\u03b7\u03c3\u03b7, \u03b1\u03bb\u03bb\u03ac \u03c4\u03b1 \u03b4\u03c5\u03c3\u03ac\u03c1\u03b5\u03c3\u03c4\u03b1 \u03c3\u03c5\u03bc\u03c0\u03c4\u03ce\u03bc\u03b1\u03c4\u03b1 \u03b1\u03bb\u03bb\u03b5\u03c1\u03b3\u03af\u03b1\u03c2 \u03bc\u03c0\u03bf\u03c1\u03b5\u03af \u03bd\u03b1 \u03b5\u03c0\u03b9\u03c3\u03c4\u03c1\u03ad\u03c6\u03bf\u03c5\u03bd \u03c7\u03c1\u03cc\u03bd\u03bf \u03bc\u03b5 \u03c4\u03bf \u03c7\u03c1\u03cc\u03bd\u03bf \u03ba\u03b1\u03b9 \u03b8\u03b1 \u03ae\u03c4\u03b1\u03bd \u03ba\u03b1\u03bb\u03cc \u03bd\u03b1 \u03b2\u03c1\u03b5\u03b8\u03b5\u03af \u03bc\u03b9\u03b1 \u03bb\u03cd\u03c3\u03b7. \u039c\u03ad\u03c7\u03c1\u03b9 \u03bd\u03b1 \u03bc\u03ac\u03b8\u03bf\u03c5\u03bc\u03b5 \u03c4\u03b9\u03c2 \u03b1\u03c0\u03b1\u03bd\u03c4\u03ae\u03c3\u03b5\u03b9\u03c2 \u03c3\u03b5 \u03b1\u03c5\u03c4\u03ac \u03c4\u03b1 \u03b5\u03c1\u03c9\u03c4\u03ae\u03bc\u03b1\u03c4\u03b1, \u03b1\u03c2 \u03b8\u03c5\u03bc\u03b7\u03b8\u03bf\u03cd\u03bc\u03b5 \u03c4\u03bf \u03b1\u03be\u03af\u03c9\u03bc\u03b1 \u03c4\u03b7\u03c2 \u03c6\u03c5\u03c3\u03b9\u03ba\u03bf\u03c0\u03b1\u03b8\u03b7\u03c4\u03b9\u03ba\u03ae\u03c2: \u03b8\u03b5\u03c1\u03b1\u03c0\u03b5\u03cd\u03c3\u03c4\u03b5 \u03ad\u03bd\u03b1 \u03b4\u03ac\u03b3\u03ba\u03c9\u03bc\u03b1 \u03c3\u03ba\u03cd\u03bb\u03bf\u03c5 \u03bc\u03b5 \u03c4\u03b7\u03bd \u03c4\u03c1\u03af\u03c7\u03b1 \u03c4\u03bf\u03c5 \u03c3\u03ba\u03cd\u03bb\u03bf\u03c5, \u03b4\u03b7\u03bb\u03b1\u03b4\u03ae \u03b8\u03b5\u03c1\u03b1\u03c0\u03b5\u03cd\u03c3\u03c4\u03b5 \u03c4\u03bf\u03bd \u03b5\u03b1\u03c5\u03c4\u03cc \u03c3\u03b1\u03c2 \u03bc\u03b5 \u03b1\u03c5\u03c4\u03cc \u03c0\u03bf\u03c5 \u03c3\u03b1\u03c2 \u03c4\u03b1\u03bb\u03b1\u03b9\u03c0\u03c9\u03c1\u03b5\u03af. \u03a4\u03bf \u03bc\u03b5\u03bd\u03c4\u03b1\u03b3\u03b9\u03cc\u03bd Ambrosia Medallion \u03b4\u03b9\u03b1\u03b8\u03ad\u03c4\u03b5\u03b9 \u03c4\u03bf \u03b7\u03bb\u03b5\u03ba\u03c4\u03c1\u03bf\u03bc\u03b1\u03b3\u03bd\u03b7\u03c4\u03b9\u03ba\u03cc \u03c6\u03ac\u03c3\u03bc\u03b1 \u03c4\u03bf\u03c5 \u03b6\u03c9\u03bd\u03c4\u03b1\u03bd\u03bf\u03cd \u03b1\u03b3\u03ba\u03b1\u03b8\u03c9\u03c4\u03bf\u03cd \u03c0\u03bf\u03c5 \u03ad\u03c7\u03b5\u03b9 \u03c3\u03c5\u03bb\u03bb\u03b7\u03c6\u03b8\u03b5\u03af \u03bc\u03b5 \u03c4\u03b7\u03bd \u03b5\u03b9\u03b4\u03b9\u03ba\u03ae \u03c4\u03b5\u03c7\u03bd\u03bf\u03bb\u03bf\u03b3\u03af\u03b1 BioTrEm.<br \/>\n<\/div><\/div>","protected":false},"excerpt":{"rendered":"<p>Ambr\u00f3zia Med\u00e1l Az \u00fcr\u00f6mlevel\u0171 parlagf\u0171, vagy egyszer\u0171en parlagf\u0171 (Ambrosia artemisiifolia), t\u00e9vesen vadkender a f\u00e9szkesek (Asteraceae) csal\u00e1dj\u00e1ba tartozik, annak Helianthinae tribusz\u00e1ba tartoz\u00f3 gyomn\u00f6v\u00e9nyfaj. A parlagf\u0171 Magyarorsz\u00e1g sz\u00e1nt\u00f3f\u00f6ldjein \u00e9s egy\u00e9b bolygatott ter\u00fcletein \u00e9vr\u0151l \u00e9vre \u00f3ri\u00e1si sz\u00e1mban jelenik meg. Egyik legismertebb \u00e9s legellentmond\u00e1sosabb meg\u00edt\u00e9l\u00e9s\u0171 gyomn\u00f6v\u00e9ny\u00fcnk: vannak, akik kiz\u00e1r\u00f3lag rossz, allergiz\u00e1l\u00f3 tulajdons\u00e1gait ismerik el, \u00e9s vannak, akik gy\u00f3gyn\u00f6v\u00e9nyk\u00e9nt tisztelik, [&hellip;]<\/p>\n","protected":false},"featured_media":4667,"comment_status":"open","ping_status":"closed","template":"","meta":[],"product_brand":[],"product_cat":[33,32],"product_tag":[],"class_list":{"0":"post-4668","1":"product","2":"type-product","3":"status-publish","4":"has-post-thumbnail","6":"product_cat-egeszseg-medalok","7":"product_cat-triomed","9":"first","10":"instock","11":"taxable","12":"shipping-taxable","13":"purchasable","14":"product-type-simple"},"_links":{"self":[{"href":"https:\/\/vetomshop.hu\/el\/wp-json\/wp\/v2\/product\/4668","targetHints":{"allow":["GET"]}}],"collection":[{"href":"https:\/\/vetomshop.hu\/el\/wp-json\/wp\/v2\/product"}],"about":[{"href":"https:\/\/vetomshop.hu\/el\/wp-json\/wp\/v2\/types\/product"}],"replies":[{"embeddable":true,"href":"https:\/\/vetomshop.hu\/el\/wp-json\/wp\/v2\/comments?post=4668"}],"wp:featuredmedia":[{"embeddable":true,"href":"https:\/\/vetomshop.hu\/el\/wp-json\/wp\/v2\/media\/4667"}],"wp:attachment":[{"href":"https:\/\/vetomshop.hu\/el\/wp-json\/wp\/v2\/media?parent=4668"}],"wp:term":[{"taxonomy":"product_brand","embeddable":true,"href":"https:\/\/vetomshop.hu\/el\/wp-json\/wp\/v2\/product_brand?post=4668"},{"taxonomy":"product_cat","embeddable":true,"href":"https:\/\/vetomshop.hu\/el\/wp-json\/wp\/v2\/product_cat?post=4668"},{"taxonomy":"product_tag","embeddable":true,"href":"https:\/\/vetomshop.hu\/el\/wp-json\/wp\/v2\/product_tag?post=4668"}],"curies":[{"name":"wp","href":"https:\/\/api.w.org\/{rel}","templated":true}]}}