{"id":4670,"date":"2023-11-11T14:33:46","date_gmt":"2023-11-11T13:33:46","guid":{"rendered":"https:\/\/vetomshop.hu\/termek\/antivir-medal\/"},"modified":"2023-11-11T14:33:46","modified_gmt":"2023-11-11T13:33:46","slug":"antivir-medal","status":"publish","type":"product","link":"https:\/\/vetomshop.hu\/el\/product\/antivir-medal\/","title":{"rendered":"\u039c\u03b5\u03c4\u03ac\u03bb\u03bb\u03b9\u03bf Antivir"},"content":{"rendered":"<h4>\u039c\u03b5\u03c4\u03ac\u03bb\u03bb\u03b9\u03bf Antivir<\/h4>\n<p>\u0397 \u03b3\u03c1\u03af\u03c0\u03b7 \u03b5\u03af\u03bd\u03b1\u03b9 \u03bc\u03b9\u03b1 \u03b1\u03c3\u03b8\u03ad\u03bd\u03b5\u03b9\u03b1 \u03c0\u03bf\u03c5 \u03c0\u03c1\u03bf\u03ba\u03b1\u03bb\u03b5\u03af\u03c4\u03b1\u03b9 \u03b1\u03c0\u03cc \u03c4\u03bf\u03bd \u03b9\u03cc \u03c4\u03b7\u03c2 \u03b3\u03c1\u03af\u03c0\u03b7\u03c2, \u03bf \u03bf\u03c0\u03bf\u03af\u03bf\u03c2 \u03c0\u03c1\u03bf\u03ba\u03b1\u03bb\u03b5\u03af\u03c4\u03b1\u03b9 \u03c0\u03ac\u03bd\u03c4\u03b1 \u03b1\u03c0\u03cc \u03ad\u03bd\u03b1\u03bd \u03c4\u03cd\u03c0\u03bf \u03b9\u03bf\u03cd \u03c4\u03b7\u03c2 \u03b3\u03c1\u03af\u03c0\u03b7\u03c2. \u0397 \u03b3\u03c1\u03af\u03c0\u03b7 \u0391 \u03ba\u03b1\u03b9 \u03b7 \u03b3\u03c1\u03af\u03c0\u03b7 \u0392 \u03b5\u03af\u03bd\u03b1\u03b9 \u03bf\u03b9 \u03b4\u03cd\u03bf \u03c4\u03cd\u03c0\u03bf\u03b9 \u03b9\u03ce\u03bd \u03b3\u03c1\u03af\u03c0\u03b7\u03c2 \u03c0\u03bf\u03c5 \u03bc\u03c0\u03bf\u03c1\u03bf\u03cd\u03bd \u03bd\u03b1 \u03b1\u03c1\u03c1\u03c9\u03c3\u03c4\u03ae\u03c3\u03bf\u03c5\u03bd \u03b1\u03bd\u03b8\u03c1\u03ce\u03c0\u03bf\u03c5\u03c2 \u03c3\u03b5 \u03bc\u03b5\u03b3\u03ac\u03bb\u03bf\u03c5\u03c2 \u03b1\u03c1\u03b9\u03b8\u03bc\u03bf\u03cd\u03c2. \u039f\u03b9 \u03b9\u03bf\u03af \u0391 \u03bc\u03c0\u03bf\u03c1\u03bf\u03cd\u03bd \u03bd\u03b1 \u03c7\u03c9\u03c1\u03b9\u03c3\u03c4\u03bf\u03cd\u03bd \u03c3\u03b5 \u03c5\u03c0\u03bf\u03c4\u03cd\u03c0\u03bf\u03c5\u03c2 \u03bc\u03b5 \u03b2\u03ac\u03c3\u03b7 \u03c4\u03b9\u03c2 \u03c0\u03c1\u03c9\u03c4\u03b5\u0390\u03bd\u03b5\u03c2 \u03c3\u03c4\u03b7\u03bd \u03b5\u03c0\u03b9\u03c6\u03ac\u03bd\u03b5\u03b9\u03ac \u03c4\u03bf\u03c5\u03c2 (\u03b1\u03b9\u03bc\u03bf\u03c3\u03c5\u03b3\u03ba\u03bf\u03bb\u03bb\u03b7\u03c4\u03af\u03bd\u03b7 - H \u03ba\u03b1\u03b9 \u03bd\u03b5\u03c5\u03c1\u03b1\u03bc\u03b9\u03bd\u03b9\u03b4\u03ac\u03c3\u03b7 - N), \u03b1\u03c0\u03cc \u03c4\u03bf\u03c5\u03c2 \u03bf\u03c0\u03bf\u03af\u03bf\u03c5\u03c2 \u03bf\u03b9 \u03b9\u03bf\u03af H1N1 \u03ba\u03b1\u03b9 H3N2, \u03b5\u03af\u03bd\u03b1\u03b9 \u03bf\u03b9 \u03c0\u03b9\u03bf \u03c3\u03c5\u03bd\u03b7\u03b8\u03b9\u03c3\u03bc\u03ad\u03bd\u03bf\u03b9 \u03b1\u03c0\u03cc \u03c4\u03bf 1977. \u039f\u03b9 \u03b9\u03bf\u03af \u0392 \u03b5\u03af\u03bd\u03b1\u03b9 \u03bb\u03b9\u03b3\u03cc\u03c4\u03b5\u03c1\u03bf \u03c0\u03b9\u03b8\u03b1\u03bd\u03cc \u03bd\u03b1 \u03c0\u03c1\u03bf\u03ba\u03b1\u03bb\u03ad\u03c3\u03bf\u03c5\u03bd \u03c3\u03bf\u03b2\u03b1\u03c1\u03ae \u03bd\u03cc\u03c3\u03bf. \u039f\u03b9 \u03b9\u03bf\u03af \u03c4\u03b7\u03c2 \u03b3\u03c1\u03af\u03c0\u03b7\u03c2 \u03b1\u03bb\u03bb\u03ac\u03b6\u03bf\u03c5\u03bd \u03ba\u03b1\u03b9 \u03bc\u03b5\u03c4\u03b1\u03bb\u03bb\u03ac\u03c3\u03c3\u03bf\u03bd\u03c4\u03b1\u03b9 \u03b3\u03c1\u03ae\u03b3\u03bf\u03c1\u03b1, \u03b4\u03b7\u03bc\u03b9\u03bf\u03c5\u03c1\u03b3\u03ce\u03bd\u03c4\u03b1\u03c2 \u03bd\u03ad\u03bf\u03c5\u03c2 \u03c5\u03c0\u03cc\u03c4\u03c5\u03c0\u03bf\u03c5\u03c2. \u0397 \u03c0\u03c1\u03bf\u03c3\u03c4\u03b1\u03c3\u03af\u03b1 \u03ad\u03bd\u03b1\u03bd\u03c4\u03b9 \u03c4\u03bf\u03c5 \u03b5\u03bd\u03cc\u03c2 \u03c5\u03c0\u03bf\u03c4\u03cd\u03c0\u03bf\u03c5 \u03c0\u03b1\u03c1\u03ad\u03c7\u03b5\u03b9 \u03b5\u03bb\u03ac\u03c7\u03b9\u03c3\u03c4\u03b7 \u03ae \u03ba\u03b1\u03b8\u03cc\u03bb\u03bf\u03c5 \u03c0\u03c1\u03bf\u03c3\u03c4\u03b1\u03c3\u03af\u03b1 \u03ad\u03bd\u03b1\u03bd\u03c4\u03b9 \u03c4\u03bf\u03c5 \u03ac\u03bb\u03bb\u03bf\u03c5, \u03b3\u03b5\u03b3\u03bf\u03bd\u03cc\u03c2 \u03c0\u03bf\u03c5 \u03b5\u03be\u03b7\u03b3\u03b5\u03af \u03c4\u03b9\u03c2 \u03b5\u03c0\u03bf\u03c7\u03b9\u03ba\u03ad\u03c2 \u03b5\u03c0\u03b9\u03b4\u03b7\u03bc\u03af\u03b5\u03c2 \u03c0\u03bf\u03c5 \u03b5\u03bc\u03c6\u03b1\u03bd\u03af\u03b6\u03bf\u03bd\u03c4\u03b1\u03b9 \u03ba\u03ac\u03b8\u03b5 \u03c7\u03c1\u03cc\u03bd\u03bf, \u03c3\u03c5\u03bd\u03ae\u03b8\u03c9\u03c2 \u03c4\u03bf \u03c7\u03b5\u03b9\u03bc\u03ce\u03bd\u03b1.<\/p>\n<div class=\"su-spoiler su-spoiler-style-defoult su-spoiler-icon-caret su-spoiler-closed\" data-scroll-offset=\"0\" data-anchor-in-url=\"no\"><div class=\"su-spoiler-title\" tabindex=\"0\" role=\"button\"><span class=\"su-spoiler-icon\"><\/span>\u038c\u03bb\u03b1<\/div><div class=\"su-spoiler-content su-u-clearfix su-u-trim\">\n<p>\u03a4\u03b1 \u03c3\u03c5\u03bc\u03c0\u03c4\u03ce\u03bc\u03b1\u03c4\u03b1 \u03c4\u03b7\u03c2 \u03b3\u03c1\u03af\u03c0\u03b7\u03c2 \u03b5\u03af\u03bd\u03b1\u03b9 \u03c3\u03c7\u03b5\u03b4\u03cc\u03bd \u03c4\u03b1 \u03af\u03b4\u03b9\u03b1 \u03bc\u03b5 \u03b1\u03c5\u03c4\u03ac \u03c4\u03bf\u03c5 \u03ba\u03bf\u03b9\u03bd\u03bf\u03cd \u03ba\u03c1\u03c5\u03bf\u03bb\u03bf\u03b3\u03ae\u03bc\u03b1\u03c4\u03bf\u03c2, \u03b1\u03bb\u03bb\u03ac \u03b7 \u03b1\u03c3\u03b8\u03ad\u03bd\u03b5\u03b9\u03b1 \u03b5\u03af\u03bd\u03b1\u03b9 \u03c0\u03b9\u03bf \u03c3\u03bf\u03b2\u03b1\u03c1\u03ae. \u03a3\u03c5\u03bd\u03ae\u03b8\u03c9\u03c2 \u03c3\u03c5\u03bd\u03b4\u03ad\u03b5\u03c4\u03b1\u03b9 \u03bc\u03b5 \u03c5\u03c8\u03b7\u03bb\u03cc \u03c0\u03c5\u03c1\u03b5\u03c4\u03cc, \u03c0\u03bf\u03bd\u03bf\u03ba\u03ad\u03c6\u03b1\u03bb\u03bf, \u03bc\u03c5\u03ca\u03ba\u03bf\u03cd\u03c2 \u03c0\u03cc\u03bd\u03bf\u03c5\u03c2, \u03be\u03b7\u03c1\u03cc \u03b2\u03ae\u03c7\u03b1, \u03bb\u03ae\u03b8\u03b1\u03c1\u03b3\u03bf \u03ba\u03b1\u03b9 \u03b1\u03b4\u03c5\u03bd\u03b1\u03bc\u03af\u03b1. \u039f \u03c0\u03bf\u03bd\u03cc\u03bb\u03b1\u03b9\u03bc\u03bf\u03c2 \u03b5\u03af\u03bd\u03b1\u03b9 \u03c3\u03c0\u03ac\u03bd\u03b9\u03bf\u03c2 \u03ba\u03b1\u03b9 \u03bc\u03cc\u03bd\u03bf 30-50% \u03c0\u03b5\u03c1\u03b9\u03c0\u03c4\u03ce\u03c3\u03b5\u03b9\u03c2 \u03c0\u03b1\u03c1\u03bf\u03c5\u03c3\u03b9\u03ac\u03b6\u03bf\u03c5\u03bd \u03c1\u03b9\u03bd\u03b9\u03ba\u03ae \u03ba\u03b1\u03c4\u03b1\u03c1\u03c1\u03bf\u03ae, \u03c1\u03b9\u03bd\u03b9\u03ba\u03ae \u03c3\u03c5\u03bc\u03c6\u03cc\u03c1\u03b7\u03c3\u03b7. \u039f\u03b9 \u03b5\u03c0\u03b9\u03c0\u03bb\u03bf\u03ba\u03ad\u03c2 \u03b5\u03af\u03bd\u03b1\u03b9 \u03b9\u03b4\u03b9\u03b1\u03af\u03c4\u03b5\u03c1\u03b1 \u03b5\u03c0\u03b9\u03ba\u03af\u03bd\u03b4\u03c5\u03bd\u03b5\u03c2 \u03c3\u03b5 \u03bc\u03b9\u03ba\u03c1\u03ac \u03c0\u03b1\u03b9\u03b4\u03b9\u03ac, \u03b7\u03bb\u03b9\u03ba\u03b9\u03c9\u03bc\u03ad\u03bd\u03bf\u03c5\u03c2 \u03ba\u03b1\u03b9 \u03ac\u03c4\u03bf\u03bc\u03b1 \u03bc\u03b5 \u03c7\u03c1\u03cc\u03bd\u03b9\u03b5\u03c2 \u03b1\u03c3\u03b8\u03ad\u03bd\u03b5\u03b9\u03b5\u03c2.<\/p>\n<p>\u0393\u03b9' \u03b1\u03c5\u03c4\u03cc \u03b5\u03af\u03bd\u03b1\u03b9 \u03c3\u03b7\u03bc\u03b1\u03bd\u03c4\u03b9\u03ba\u03cc \u03bd\u03b1 \u03b1\u03c5\u03be\u03b7\u03b8\u03b5\u03af \u03b7 \u03b1\u03bd\u03c4\u03af\u03c3\u03c4\u03b1\u03c3\u03b7 \u03c4\u03bf\u03c5 \u03bf\u03c1\u03b3\u03b1\u03bd\u03b9\u03c3\u03bc\u03bf\u03cd.<\/p>\n<p><strong>\u0393\u03b9\u03b1 \u03c0\u03bf\u03b9\u03bf\u03c5\u03c2 \u03c3\u03c5\u03bd\u03b9\u03c3\u03c4\u03ac\u03c4\u03b1\u03b9;<\/strong><\/p>\n<ul>\n<li>\u0393\u03b9\u03b1 \u03cc\u03bb\u03bf\u03c5\u03c2 \u03b5\u03ba\u03b5\u03af\u03bd\u03bf\u03c5\u03c2 \u03c0\u03bf\u03c5 \u03b8\u03ad\u03bb\u03bf\u03c5\u03bd \u03bd\u03b1 \u03b2\u03b5\u03bb\u03c4\u03b9\u03ce\u03c3\u03bf\u03c5\u03bd \u03c4\u03b7\u03bd \u03b1\u03bd\u03b8\u03b5\u03ba\u03c4\u03b9\u03ba\u03cc\u03c4\u03b7\u03c4\u03ac \u03c4\u03bf\u03c5\u03c2,<\/li>\n<li>\u03c0\u03bf\u03c5 \u03b1\u03bd\u03ae\u03ba\u03bf\u03c5\u03bd \u03c3\u03c4\u03b7\u03bd \u03bf\u03bc\u03ac\u03b4\u03b1 \u03ba\u03b9\u03bd\u03b4\u03cd\u03bd\u03bf\u03c5 \u03b3\u03b9\u03b1 \u03c4\u03bf\u03bd \u03b9\u03cc \u03c4\u03b7\u03c2 \u03b3\u03c1\u03af\u03c0\u03b7\u03c2,<\/li>\n<li>\u03c0\u03bf\u03c5 \u03c4\u03b1\u03be\u03b9\u03b4\u03b5\u03cd\u03bf\u03c5\u03bd \u03c0\u03bf\u03bb\u03cd \u03c3\u03b5 \u03cc\u03bb\u03bf \u03c4\u03bf\u03bd \u03ba\u03cc\u03c3\u03bc\u03bf \u03ae \u03c7\u03c1\u03b7\u03c3\u03b9\u03bc\u03bf\u03c0\u03bf\u03b9\u03bf\u03cd\u03bd \u03c4\u03b1 \u03bc\u03ad\u03c3\u03b1 \u03bc\u03b1\u03b6\u03b9\u03ba\u03ae\u03c2 \u03bc\u03b5\u03c4\u03b1\u03c6\u03bf\u03c1\u03ac\u03c2,<\/li>\n<li>\u03b2\u03c1\u03af\u03c3\u03ba\u03bf\u03bd\u03c4\u03b1\u03b9 \u03c3\u03c5\u03bd\u03b5\u03c7\u03ce\u03c2 \u03c3\u03c4\u03b7\u03bd \u03ba\u03bf\u03b9\u03bd\u03cc\u03c4\u03b7\u03c4\u03b1 \u03ba\u03b1\u03b9 \u03b5\u03c1\u03b3\u03ac\u03b6\u03bf\u03bd\u03c4\u03b1\u03b9 \u03bc\u03b5 \u03c4\u03bf\u03c5\u03c2 \u03b1\u03bd\u03b8\u03c1\u03ce\u03c0\u03bf\u03c5\u03c2.<\/li>\n<\/ul>\n<p><strong>\u03a0\u03c1\u03bf\u03c3\u03bf\u03c7\u03ae, \u03c3\u03b7\u03bc\u03b1\u03bd\u03c4\u03b9\u03ba\u03cc!<\/strong><\/p>\n<p>\u0395\u03ac\u03bd \u03ad\u03c7\u03b5\u03c4\u03b5 \u03bb\u03bf\u03af\u03bc\u03c9\u03be\u03b7 \u03b1\u03c0\u03cc \u03c4\u03bf\u03bd \u03b9\u03cc \u03c4\u03b7\u03c2 \u03b3\u03c1\u03af\u03c0\u03b7\u03c2, \u03b1\u03c3\u03b8\u03ad\u03bd\u03b5\u03b9\u03b1, \u03c0\u03c5\u03c1\u03b5\u03c4\u03cc \u03ae \u03b5\u03ac\u03bd \u03b1\u03b9\u03c3\u03b8\u03ac\u03bd\u03b5\u03c3\u03c4\u03b5 \u03b1\u03b4\u03b9\u03b1\u03b8\u03b5\u03c3\u03af\u03b1, \u03b6\u03b7\u03c4\u03ae\u03c3\u03c4\u03b5 \u03b9\u03b1\u03c4\u03c1\u03b9\u03ba\u03ae \u03c3\u03c5\u03bc\u03b2\u03bf\u03c5\u03bb\u03ae. \u03a7\u03c1\u03b7\u03c3\u03b9\u03bc\u03bf\u03c0\u03bf\u03b9\u03ae\u03c3\u03c4\u03b5 \u03c4\u03bf Triomed Antiviral Medal \u03bc\u03b1\u03b6\u03af \u03bc\u03b5 \u03c4\u03b7 \u03c3\u03c5\u03bd\u03c4\u03b1\u03b3\u03bf\u03b3\u03c1\u03b1\u03c6\u03bf\u03cd\u03bc\u03b5\u03bd\u03b7 \u03b8\u03b5\u03c1\u03b1\u03c0\u03b5\u03af\u03b1.<br \/>\n\u03a0\u03b1\u03b9\u03b4\u03b9\u03ac \u03ba\u03ac\u03c4\u03c9 \u03c4\u03c9\u03bd 6 \u03b5\u03c4\u03ce\u03bd \u03c0\u03c1\u03ad\u03c0\u03b5\u03b9 \u03bd\u03b1 \u03c4\u03bf \u03c7\u03c1\u03b7\u03c3\u03b9\u03bc\u03bf\u03c0\u03bf\u03b9\u03bf\u03cd\u03bd \u03bc\u03cc\u03bd\u03bf \u03c5\u03c0\u03cc \u03c4\u03b7\u03bd \u03b5\u03c0\u03af\u03b2\u03bb\u03b5\u03c8\u03b7 \u03c4\u03c9\u03bd \u03b3\u03bf\u03bd\u03ad\u03c9\u03bd!<\/p>\n<\/div><\/div>","protected":false},"excerpt":{"rendered":"<p>Antivir Med\u00e1l Az influenza v\u00edrus okozta betegs\u00e9g, k\u00f3rokoz\u00f3ja mindig az influenza v\u00edrus valamelyik fajt\u00e1ja. Az influenza A \u00e9s B az a k\u00e9t t\u00edpusa az influenza v\u00edrusoknak, amely nagysz\u00e1mbanbeteg\u00edthet meg embereket. Az A v\u00edrusokat a fel\u00fclet\u00fck\u00f6n elhelyezked\u0151 feh\u00e9rj\u00e9k (a haemaglutinin -H \u00e9s a neuraminidase \u2013 N) alapj\u00e1n alt\u00edpusokra lehet bontani, ezek k\u00f6z\u00fcl 1977 \u00f3ta t\u00f6bbnyire a [&hellip;]<\/p>\n","protected":false},"featured_media":4669,"comment_status":"open","ping_status":"closed","template":"","meta":[],"product_brand":[],"product_cat":[33,32],"product_tag":[],"class_list":{"0":"post-4670","1":"product","2":"type-product","3":"status-publish","4":"has-post-thumbnail","6":"product_cat-egeszseg-medalok","7":"product_cat-triomed","9":"first","10":"instock","11":"taxable","12":"shipping-taxable","13":"purchasable","14":"product-type-simple"},"_links":{"self":[{"href":"https:\/\/vetomshop.hu\/el\/wp-json\/wp\/v2\/product\/4670","targetHints":{"allow":["GET"]}}],"collection":[{"href":"https:\/\/vetomshop.hu\/el\/wp-json\/wp\/v2\/product"}],"about":[{"href":"https:\/\/vetomshop.hu\/el\/wp-json\/wp\/v2\/types\/product"}],"replies":[{"embeddable":true,"href":"https:\/\/vetomshop.hu\/el\/wp-json\/wp\/v2\/comments?post=4670"}],"wp:featuredmedia":[{"embeddable":true,"href":"https:\/\/vetomshop.hu\/el\/wp-json\/wp\/v2\/media\/4669"}],"wp:attachment":[{"href":"https:\/\/vetomshop.hu\/el\/wp-json\/wp\/v2\/media?parent=4670"}],"wp:term":[{"taxonomy":"product_brand","embeddable":true,"href":"https:\/\/vetomshop.hu\/el\/wp-json\/wp\/v2\/product_brand?post=4670"},{"taxonomy":"product_cat","embeddable":true,"href":"https:\/\/vetomshop.hu\/el\/wp-json\/wp\/v2\/product_cat?post=4670"},{"taxonomy":"product_tag","embeddable":true,"href":"https:\/\/vetomshop.hu\/el\/wp-json\/wp\/v2\/product_tag?post=4670"}],"curies":[{"name":"wp","href":"https:\/\/api.w.org\/{rel}","templated":true}]}}