{"id":4672,"date":"2023-11-11T14:33:46","date_gmt":"2023-11-11T13:33:46","guid":{"rendered":"https:\/\/vetomshop.hu\/termek\/aqua-medal\/"},"modified":"2023-11-11T14:33:46","modified_gmt":"2023-11-11T13:33:46","slug":"aqua-medal","status":"publish","type":"product","link":"https:\/\/vetomshop.hu\/el\/product\/aqua-medal\/","title":{"rendered":"Aqua Medal"},"content":{"rendered":"<p><strong>Aqua Medal<\/strong> - \u03c4\u03bf \u03b6\u03c9\u03bf\u03b3\u03cc\u03bd\u03bf \u03bd\u03b5\u03c1\u03cc \u03b5\u03af\u03bd\u03b1\u03b9 \u03b6\u03c9\u03bf\u03b3\u03cc\u03bd\u03bf, \u03b1\u03bd\u03b1\u03b6\u03c9\u03bf\u03b3\u03bf\u03bd\u03b7\u03c4\u03b9\u03ba\u03cc, \u03b6\u03c9\u03bf\u03c0\u03bf\u03b9\u03cc \u03ba\u03b1\u03b9 \u03b6\u03c9\u03bf\u03b5\u03bd\u03b5\u03c1\u03b3\u03cc, \u03b1\u03c0\u03bf\u03ba\u03b1\u03b8\u03b9\u03c3\u03c4\u03ce\u03bd\u03c4\u03b1\u03c2 \u03c4\u03b7 \u03b6\u03c9\u03c4\u03b9\u03ba\u03ae \u03b5\u03bd\u03ad\u03c1\u03b3\u03b5\u03b9\u03b1.<\/p>\n<p>\u0391\u03c5\u03c4\u03cc\u03c2 \u03b1\u03ba\u03c1\u03b9\u03b2\u03ce\u03c2 \u03b5\u03af\u03bd\u03b1\u03b9 \u03bf \u03c3\u03ba\u03bf\u03c0\u03cc\u03c2 \u03c4\u03bf\u03c5 \u03b1\u03c5\u03c4\u03cc\u03bd\u03bf\u03bc\u03bf\u03c5 \u03c6\u03bf\u03c1\u03ad\u03b1 \u03c0\u03bb\u03b7\u03c1\u03bf\u03c6\u03bf\u03c1\u03b9\u03ce\u03bd AQUA -BioTrEM. \u03a7\u03ac\u03c1\u03b7 \u03c3\u03c4\u03b7\u03bd \u03b1\u03c0\u03bf\u03ba\u03bb\u03b5\u03b9\u03c3\u03c4\u03b9\u03ba\u03ae \u03c4\u03b5\u03c7\u03bd\u03bf\u03bb\u03bf\u03b3\u03af\u03b1 BioTrEM, \u03bf \u03b7\u03bc\u03b9\u03b1\u03b3\u03c9\u03b3\u03cc\u03c2 \u03c4\u03b7\u03c2 \u03c3\u03c5\u03c3\u03ba\u03b5\u03c5\u03ae\u03c2 \u03c0\u03b5\u03c1\u03b9\u03ad\u03c7\u03b5\u03b9 \u03ba\u03c9\u03b4\u03b9\u03ba\u03bf\u03c0\u03bf\u03b9\u03b7\u03bc\u03ad\u03bd\u03b5\u03c2 \u03c0\u03bb\u03b7\u03c1\u03bf\u03c6\u03bf\u03c1\u03af\u03b5\u03c2 \u03b4\u03c5\u03bd\u03b1\u03bc\u03b9\u03ba\u03ae\u03c2 \u03c6\u03cd\u03c3\u03b7\u03c2 \u03c0\u03bf\u03c5 \u03b5\u03c0\u03b9\u03c4\u03c1\u03ad\u03c0\u03bf\u03c5\u03bd \u03c4\u03b7\u03bd \u03b5\u03c0\u03af\u03c4\u03b5\u03c5\u03be\u03b7 \u03c4\u03bf\u03c5 \u03b1\u03bd\u03b1\u03c6\u03b5\u03c1\u03cc\u03bc\u03b5\u03bd\u03bf\u03c5 \u03b1\u03c0\u03bf\u03c4\u03b5\u03bb\u03ad\u03c3\u03bc\u03b1\u03c4\u03bf\u03c2. \u039c\u03b9\u03b1 \u03c0\u03b1\u03c1\u03cc\u03bc\u03bf\u03b9\u03b1 \u03b9\u03b4\u03b9\u03cc\u03c4\u03b7\u03c4\u03b1 \u03c3\u03c5\u03bd\u03b1\u03bd\u03c4\u03ac\u03c4\u03b1\u03b9 \u03c3\u03c4\u03bf\u03c5\u03c2 \u03c0\u03cc\u03c1\u03bf\u03c5\u03c2 \u03c0\u03bf\u03c5 \u03b4\u03c5\u03c3\u03c4\u03c5\u03c7\u03ce\u03c2 \u03b3\u03af\u03bd\u03bf\u03bd\u03c4\u03b1\u03b9 \u03cc\u03bb\u03bf \u03ba\u03b1\u03b9 \u03c0\u03b9\u03bf \u03c3\u03c0\u03ac\u03bd\u03b9\u03bf\u03b9 \u03c3\u03c4\u03b7 \u0393\u03b7 \u03ba\u03b1\u03b9 \u03b4\u03b9\u03b1\u03c4\u03b7\u03c1\u03bf\u03cd\u03bd \u03c9\u03c2 \u03b5\u03ba \u03b8\u03b1\u03cd\u03bc\u03b1\u03c4\u03bf\u03c2 \u03c4\u03b7\u03bd \u03ba\u03b1\u03b8\u03b1\u03c1\u03cc\u03c4\u03b7\u03c4\u03ac \u03c4\u03bf\u03c5\u03c2.<\/p>\n<div class=\"su-spoiler su-spoiler-style-defoult su-spoiler-icon-caret su-spoiler-closed\" data-scroll-offset=\"0\" data-anchor-in-url=\"no\"><div class=\"su-spoiler-title\" tabindex=\"0\" role=\"button\"><span class=\"su-spoiler-icon\"><\/span>\u038c\u03bb\u03b1<\/div><div class=\"su-spoiler-content su-u-clearfix su-u-trim\">\n<p>\u0397 \u03b1\u03bd\u03ac\u03c0\u03c4\u03c5\u03be\u03b7 \u03c4\u03b7\u03c2 \u03c3\u03c5\u03c3\u03ba\u03b5\u03c5\u03ae\u03c2 \u03ba\u03b1\u03c4\u03ad\u03c3\u03c4\u03b7 \u03b1\u03bd\u03b1\u03b3\u03ba\u03b1\u03af\u03b1 \u03bb\u03cc\u03b3\u03c9 \u03c4\u03c9\u03bd \u03bc\u03b5\u03c4\u03b1\u03b2\u03b1\u03bb\u03bb\u03cc\u03bc\u03b5\u03bd\u03c9\u03bd \u03c3\u03c5\u03bd\u03b8\u03b7\u03ba\u03ce\u03bd \u03c4\u03b7\u03c2 \u03b5\u03c0\u03bf\u03c7\u03ae\u03c2 \u03bc\u03b1\u03c2. \u03a4\u03b1 \u03c4\u03b5\u03bb\u03b5\u03c5\u03c4\u03b1\u03af\u03b1 \u03c7\u03c1\u03cc\u03bd\u03b9\u03b1, \u03bf \u03c4\u03bf\u03bc\u03ad\u03b1\u03c2 \u03c4\u03b7\u03c2 \u03c5\u03b3\u03b5\u03af\u03b1\u03c2 \u03b1\u03bd\u03b7\u03c3\u03c5\u03c7\u03b5\u03af \u03b3\u03b9\u03b1 \u03c4\u03b7\u03bd \u03b1\u03cd\u03be\u03b7\u03c3\u03b7 \u03c4\u03b7\u03c2 \u03bd\u03bf\u03c3\u03b7\u03c1\u03cc\u03c4\u03b7\u03c4\u03b1\u03c2 \u03ba\u03b1\u03b9 \u03c4\u03b7\u03c2 \u03b8\u03bd\u03b7\u03c3\u03b9\u03bc\u03cc\u03c4\u03b7\u03c4\u03b1\u03c2, \u03cc\u03c7\u03b9 \u03bc\u03cc\u03bd\u03bf \u03bc\u03b5\u03c4\u03b1\u03be\u03cd \u03c4\u03c9\u03bd \u03c0\u03b1\u03b9\u03b4\u03b9\u03ce\u03bd \u03ba\u03b1\u03b9 \u03c4\u03c9\u03bd \u03b7\u03bb\u03b9\u03ba\u03b9\u03c9\u03bc\u03ad\u03bd\u03c9\u03bd, \u03b1\u03bb\u03bb\u03ac \u03ba\u03b1\u03b9 \u03bc\u03b5\u03c4\u03b1\u03be\u03cd \u03c4\u03bf\u03c5 \u03b5\u03bd\u03b5\u03c1\u03b3\u03bf\u03cd \u03c0\u03bb\u03b7\u03b8\u03c5\u03c3\u03bc\u03bf\u03cd. \u0394\u03c5\u03c3\u03c4\u03c5\u03c7\u03ce\u03c2, \u03b3\u03b9\u03bd\u03cc\u03bc\u03b1\u03c3\u03c4\u03b5 \u03bc\u03ac\u03c1\u03c4\u03c5\u03c1\u03b5\u03c2 \u03bc\u03b9\u03b1\u03c2 \u03b5\u03be\u03b1\u03c3\u03b8\u03ad\u03bd\u03b7\u03c3\u03b7\u03c2 \u03c4\u03bf\u03c5 \u03b1\u03bd\u03bf\u03c3\u03bf\u03c0\u03bf\u03b9\u03b7\u03c4\u03b9\u03ba\u03bf\u03cd \u03c3\u03c5\u03c3\u03c4\u03ae\u03bc\u03b1\u03c4\u03bf\u03c2 \u03ba\u03b1\u03b9 \u03bc\u03b9\u03b1\u03c2 \u03b1\u03c0\u03ce\u03bb\u03b5\u03b9\u03b1\u03c2 \u03b6\u03c9\u03c4\u03b9\u03ba\u03ae\u03c2 \u03b5\u03bd\u03ad\u03c1\u03b3\u03b5\u03b9\u03b1\u03c2, \u03b7 \u03bf\u03c0\u03bf\u03af\u03b1 \u03b5\u03af\u03bd\u03b1\u03b9 \u03b1\u03c0\u03b1\u03c1\u03b1\u03af\u03c4\u03b7\u03c4\u03b7 \u03b3\u03b9\u03b1 \u03c4\u03b7\u03bd \u03ba\u03b1\u03c4\u03b1\u03c0\u03bf\u03bb\u03ad\u03bc\u03b7\u03c3\u03b7 \u03c4\u03c9\u03bd \u03b1\u03c3\u03b8\u03b5\u03bd\u03b5\u03b9\u03ce\u03bd \u03ba\u03b1\u03b9 \u03b3\u03b9\u03b1 \u03c4\u03b7\u03bd \u03b1\u03c0\u03bf\u03ba\u03b1\u03c4\u03ac\u03c3\u03c4\u03b1\u03c3\u03b7. \u039c\u03b5 \u03ac\u03bb\u03bb\u03b1 \u03bb\u03cc\u03b3\u03b9\u03b1, \u03c4\u03b1 \u03b1\u03c0\u03b1\u03c1\u03b1\u03af\u03c4\u03b7\u03c4\u03b1 \u03c0\u03c1\u03bf\u03b3\u03c1\u03ac\u03bc\u03bc\u03b1\u03c4\u03b1 \u03b3\u03b9\u03b1 \u03c4\u03b7\u03bd \u03c0\u03c1\u03bf\u03c3\u03b1\u03c1\u03bc\u03bf\u03b3\u03ae \u03c3\u03b5 \u03ad\u03bd\u03b1 \u03b1\u03bb\u03bb\u03b1\u03b3\u03bc\u03ad\u03bd\u03bf \u03c0\u03b5\u03c1\u03b9\u03b2\u03ac\u03bb\u03bb\u03bf\u03bd \u03ba\u03b1\u03b9 \u03b3\u03b9\u03b1 \u03c4\u03b7\u03bd \u03b1\u03c5\u03c4\u03bf-\u03b1\u03bd\u03b1\u03b3\u03ad\u03bd\u03bd\u03b7\u03c3\u03b7 \u03ad\u03c7\u03bf\u03c5\u03bd \u03ba\u03b1\u03c4\u03b1\u03c3\u03c4\u03c1\u03b1\u03c6\u03b5\u03af \u03ae \u03b1\u03bd\u03b1\u03b4\u03b9\u03bf\u03c1\u03b3\u03b1\u03bd\u03c9\u03b8\u03b5\u03af. \u039f\u03b9 \u03b1\u03c5\u03be\u03b1\u03bd\u03cc\u03bc\u03b5\u03bd\u03b5\u03c2 \u03ba\u03bf\u03c3\u03bc\u03bf-\u03c6\u03c5\u03c3\u03b9\u03ba\u03ad\u03c2 \u03b1\u03bb\u03bb\u03b1\u03b3\u03ad\u03c2 \u03b1\u03c0\u03b1\u03b9\u03c4\u03bf\u03cd\u03bd \u03c4\u03b1\u03c7\u03b5\u03af\u03b1 \u03b1\u03bd\u03b1\u03b3\u03ad\u03bd\u03bd\u03b7\u03c3\u03b7 \u03ba\u03b1\u03b9 \u03b9\u03ba\u03b1\u03bd\u03cc\u03c4\u03b7\u03c4\u03b1 \u03b1\u03c0\u03bf\u03ba\u03b1\u03c4\u03ac\u03c3\u03c4\u03b1\u03c3\u03b7\u03c2 \u03c4\u03c9\u03bd \u03b3\u03b5\u03bd\u03b5\u03c4\u03b9\u03ba\u03ce\u03bd \u03c0\u03c1\u03bf\u03b3\u03c1\u03b1\u03bc\u03bc\u03ac\u03c4\u03c9\u03bd \u03c0\u03c1\u03bf\u03c3\u03b1\u03c1\u03bc\u03bf\u03b3\u03ae\u03c2 \u03ba\u03b1\u03b9 \u03b1\u03c5\u03c4\u03bf-\u03af\u03b1\u03c3\u03b7\u03c2 \u03c0\u03bf\u03c5 \u03ad\u03c7\u03bf\u03c5\u03bd \u03c5\u03c0\u03bf\u03c3\u03c4\u03b5\u03af \u03b2\u03bb\u03ac\u03b2\u03b7. \u0394\u03b9\u03b1\u03c6\u03bf\u03c1\u03b5\u03c4\u03b9\u03ba\u03ac, \u03b7 \u03b5\u03c0\u03b9\u03b2\u03af\u03c9\u03c3\u03b7 \u03c4\u03bf\u03c5 \u03b1\u03c4\u03cc\u03bc\u03bf\u03c5, \u03b1\u03ba\u03cc\u03bc\u03b7 \u03ba\u03b1\u03b9 \u03bf\u03bb\u03cc\u03ba\u03bb\u03b7\u03c1\u03b7\u03c2 \u03c4\u03b7\u03c2 \u03b1\u03bd\u03b8\u03c1\u03c9\u03c0\u03cc\u03c4\u03b7\u03c4\u03b1\u03c2, \u03bc\u03c0\u03bf\u03c1\u03b5\u03af \u03bd\u03b1 \u03c4\u03b5\u03b8\u03b5\u03af \u03c3\u03b5 \u03ba\u03af\u03bd\u03b4\u03c5\u03bd\u03bf.<\/p>\n<p>\u03a4\u03bf \u03bd\u03b5\u03c1\u03cc - \u03c4\u03bf \u03bb\u03af\u03ba\u03bd\u03bf \u03c4\u03b7\u03c2 \u03b6\u03c9\u03ae\u03c2, \u03c4\u03bf \u03bf\u03c0\u03bf\u03af\u03bf \u03ad\u03c7\u03b5\u03b9 \u03b4\u03b9\u03b1\u03c4\u03b7\u03c1\u03ae\u03c3\u03b5\u03b9 \u03b3\u03b9\u03b1 \u03c0\u03bf\u03bb\u03cd \u03ba\u03b1\u03b9\u03c1\u03cc \u03c4\u03b7\u03bd \u03c0\u03c1\u03c9\u03c4\u03b1\u03c1\u03c7\u03b9\u03ba\u03ae \u03bc\u03ae\u03c4\u03c1\u03b1 \u03c4\u03b7\u03c2 \u03b6\u03c9\u03ae\u03c2 \u03ba\u03b1\u03b9 \u03c4\u03bf\u03bd \u03c0\u03c1\u03bf\u03c3\u03b1\u03bd\u03b1\u03c4\u03bf\u03bb\u03b9\u03c3\u03bc\u03cc \u03c4\u03c9\u03bd \u03bc\u03b5\u03c4\u03b1\u03b2\u03bf\u03bb\u03ce\u03bd \u03c4\u03b7\u03c2 \u03c9\u03c2 \u03b1\u03c0\u03ac\u03bd\u03c4\u03b7\u03c3\u03b7 \u03c3\u03c4\u03b9\u03c2 \u03c0\u03b5\u03c1\u03b9\u03b2\u03b1\u03bb\u03bb\u03bf\u03bd\u03c4\u03b9\u03ba\u03ad\u03c2 \u03b5\u03c0\u03b9\u03b4\u03c1\u03ac\u03c3\u03b5\u03b9\u03c2. \u03a4\u03bf \u03bd\u03b5\u03c1\u03cc \u03c0\u03c1\u03bf\u03c3\u03b1\u03c1\u03bc\u03cc\u03b6\u03b5\u03c4\u03b1\u03b9 \u03ba\u03b1\u03b9 \u03bc\u03b5\u03c4\u03b1\u03c3\u03c7\u03b7\u03bc\u03b1\u03c4\u03af\u03b6\u03b5\u03c4\u03b1\u03b9 \u03c4\u03b1\u03c7\u03cd\u03c4\u03b5\u03c1\u03b1 \u03c9\u03c2 \u03b1\u03c0\u03ac\u03bd\u03c4\u03b7\u03c3\u03b7 \u03c3\u03c4\u03b9\u03c2 \u03c0\u03b5\u03c1\u03b9\u03b2\u03b1\u03bb\u03bb\u03bf\u03bd\u03c4\u03b9\u03ba\u03ad\u03c2 \u03b5\u03c0\u03b9\u03b4\u03c1\u03ac\u03c3\u03b5\u03b9\u03c2 \u03ba\u03b1\u03b9 \u03b1\u03c0\u03b1\u03b9\u03c4\u03ae\u03c3\u03b5\u03b9\u03c2 \u03b1\u03c0\u03cc \u03cc,\u03c4\u03b9 \u03bf\u03b9 \u03b2\u03b9\u03bf\u03bb\u03bf\u03b3\u03b9\u03ba\u03bf\u03af \u03bf\u03c1\u03b3\u03b1\u03bd\u03b9\u03c3\u03bc\u03bf\u03af, \u03c4\u03bf \u03b2\u03b9\u03bf\u03bb\u03bf\u03b3\u03b9\u03ba\u03cc \u03c0\u03b5\u03c1\u03b9\u03b2\u03ac\u03bb\u03bb\u03bf\u03bd. \u03a4\u03bf \u03c5\u03b4\u03ac\u03c4\u03b9\u03bd\u03bf \u03c0\u03b5\u03c1\u03af\u03b2\u03bb\u03b7\u03bc\u03b1 \u03c4\u03b7\u03c2 \u0393\u03b7\u03c2 \u03b4\u03b9\u03b1\u03c4\u03ae\u03c1\u03b7\u03c3\u03b5 \u03b1\u03bd\u03ad\u03ba\u03b1\u03b8\u03b5\u03bd \u03c4\u03b1 \u03b1\u03c1\u03c7\u03b9\u03ba\u03ac \u03b1\u03c5\u03c4\u03bf\u03b1\u03bd\u03b1\u03b3\u03b5\u03bd\u03bd\u03b7\u03c4\u03b9\u03ba\u03ac \u03c0\u03c1\u03bf\u03b3\u03c1\u03ac\u03bc\u03bc\u03b1\u03c4\u03b1 \u03ba\u03b1\u03b9 \u03c4\u03b9\u03c2 \u03b4\u03c5\u03bd\u03b1\u03c4\u03cc\u03c4\u03b7\u03c4\u03b5\u03c2 \u03c5\u03bb\u03bf\u03c0\u03bf\u03af\u03b7\u03c3\u03ae\u03c2 \u03c4\u03bf\u03c5\u03c2, \u03c4\u03b1 \u03bf\u03c0\u03bf\u03af\u03b1 \u03b1\u03bb\u03bb\u03b7\u03bb\u03b5\u03c0\u03b9\u03b4\u03c1\u03bf\u03cd\u03c3\u03b1\u03bd \u03bc\u03b5 \u03c4\u03bf \u03c5\u03b4\u03b1\u03c4\u03b9\u03ba\u03cc \u03bc\u03ad\u03c3\u03bf \u03c4\u03c9\u03bd \u03bf\u03c1\u03b3\u03b1\u03bd\u03b9\u03c3\u03bc\u03ce\u03bd \u03b3\u03b9\u03b1 \u03bd\u03b1 \u03ba\u03b1\u03c4\u03b1\u03c3\u03c4\u03bf\u03cd\u03bd \u03bb\u03b5\u03b9\u03c4\u03bf\u03c5\u03c1\u03b3\u03b9\u03ba\u03ac. \u03a4\u03b1\u03c5\u03c4\u03cc\u03c7\u03c1\u03bf\u03bd\u03b1, \u03bf\u03b9 \u03bf\u03b9\u03ba\u03bf\u03bb\u03cc\u03b3\u03bf\u03b9 \u03c0\u03b1\u03c1\u03b1\u03c4\u03ae\u03c1\u03b7\u03c3\u03b1\u03bd \u03cc\u03c4\u03b9 \u03bf\u03b9 \u03b4\u03bf\u03bc\u03b9\u03ba\u03ad\u03c2-\u03c0\u03bb\u03b7\u03c1\u03bf\u03c6\u03bf\u03c1\u03b9\u03b1\u03ba\u03ad\u03c2 \u03b9\u03b4\u03b9\u03cc\u03c4\u03b7\u03c4\u03b5\u03c2 \u03c4\u03c9\u03bd \u03c6\u03c5\u03c3\u03b9\u03ba\u03ce\u03bd \u03c5\u03b4\u03ac\u03c4\u03c9\u03bd \u03c0\u03bf\u03c5 \u03c4\u03c1\u03bf\u03c6\u03bf\u03b4\u03bf\u03c4\u03bf\u03cd\u03c3\u03b1\u03bd \u03c4\u03bf \u03c5\u03b4\u03ac\u03c4\u03b9\u03bd\u03bf \u03c0\u03b5\u03c1\u03af\u03b2\u03bb\u03b7\u03bc\u03b1 \u03c4\u03b7\u03c2 \u0393\u03b7\u03c2 \u03ad\u03c7\u03bf\u03c5\u03bd \u03b4\u03b9\u03b1\u03ba\u03c5\u03b2\u03b5\u03c5\u03b8\u03b5\u03af. \u0397 \u03b2\u03bb\u03ac\u03b2\u03b7 \u03b1\u03c5\u03c4\u03ae \u03b4\u03b5\u03bd \u03bf\u03c6\u03b5\u03b9\u03bb\u03cc\u03c4\u03b1\u03bd \u03bc\u03cc\u03bd\u03bf \u03c3\u03b5 \u03ba\u03bf\u03c3\u03bc\u03bf\u03c6\u03c5\u03c3\u03b9\u03ba\u03ad\u03c2 \u03b1\u03bb\u03bb\u03b1\u03b3\u03ad\u03c2, \u03b1\u03bb\u03bb\u03ac \u03ba\u03b1\u03b9 \u03c3\u03c4\u03b9\u03c2 \u03ba\u03b1\u03c4\u03b1\u03c3\u03c4\u03c1\u03bf\u03c6\u03b9\u03ba\u03ad\u03c2 \u03b5\u03bd\u03ad\u03c1\u03b3\u03b5\u03b9\u03b5\u03c2 \u03c4\u03bf\u03c5 \u03b1\u03bd\u03b8\u03c1\u03ce\u03c0\u03b9\u03bd\u03bf\u03c5 \u03b5\u03af\u03b4\u03bf\u03c5\u03c2. \u0391\u03c5\u03c4\u03cc \u03b5\u03af\u03bd\u03b1\u03b9 \u03c0\u03bf\u03c5 \u03b5\u03bc\u03c0\u03bf\u03b4\u03af\u03b6\u03b5\u03b9 \u03c4\u03b7\u03bd \u03c0\u03c1\u03b1\u03b3\u03bc\u03b1\u03c4\u03bf\u03c0\u03bf\u03af\u03b7\u03c3\u03b7 \u03b6\u03c9\u03c4\u03b9\u03ba\u03ce\u03bd \u03b5\u03be\u03b5\u03bb\u03b9\u03ba\u03c4\u03b9\u03ba\u03ce\u03bd \u03b1\u03bb\u03bb\u03b1\u03b3\u03ce\u03bd, \u03c4\u03b7 \u03c3\u03c5\u03bd\u03ad\u03c7\u03b9\u03c3\u03b7 \u03c4\u03b7\u03c2 \u03b6\u03c9\u03ae\u03c2 \u03c3\u03c4\u03b7 \u0393\u03b7.<\/p>\n<p>\u03a4\u03bf \u03c0\u03bf\u03bb\u03cd\u03c0\u03bb\u03bf\u03ba\u03bf \u03c0\u03b5\u03b4\u03af\u03bf \u03c0\u03bf\u03bb\u03bb\u03b1\u03c0\u03bb\u03ce\u03bd \u03b5\u03c0\u03b9\u03c0\u03ad\u03b4\u03c9\u03bd \u03c4\u03bf\u03c5 \u03c6\u03bf\u03c1\u03ad\u03b1 \u03c0\u03bb\u03b7\u03c1\u03bf\u03c6\u03bf\u03c1\u03b9\u03ce\u03bd AQUA \u03ad\u03c7\u03b5\u03b9 \u03c3\u03c7\u03b5\u03b4\u03b9\u03b1\u03c3\u03c4\u03b5\u03af \u03c9\u03c2 \u03c3\u03b7\u03bc\u03b5\u03af\u03bf \u03b1\u03bd\u03b1\u03c6\u03bf\u03c1\u03ac\u03c2 \u03b3\u03b9\u03b1 \u03bd\u03b1 \u03c0\u03c1\u03bf\u03c3\u03b1\u03c1\u03bc\u03cc\u03b6\u03b5\u03c4\u03b1\u03b9 \u03c3\u03c4\u03b9\u03c2 \u03bd\u03ad\u03b5\u03c2 \u03b1\u03bb\u03bb\u03b1\u03b3\u03ad\u03c2 \u03c5\u03c8\u03b7\u03bb\u03ae\u03c2 \u03c3\u03c5\u03c7\u03bd\u03cc\u03c4\u03b7\u03c4\u03b1\u03c2 \u03c3\u03c4\u03bf \u03c0\u03b5\u03c1\u03b9\u03b2\u03ac\u03bb\u03bb\u03bf\u03bd \u03ba\u03b1\u03b9 \u03bd\u03b1 \u03b5\u03bd\u03b5\u03c1\u03b3\u03bf\u03c0\u03bf\u03b9\u03b5\u03af \u03c4\u03b1 \u03b1\u03c0\u03b1\u03c1\u03b1\u03af\u03c4\u03b7\u03c4\u03b1 \u03c0\u03c1\u03bf\u03b3\u03c1\u03ac\u03bc\u03bc\u03b1\u03c4\u03b1 \u03b3\u03b9\u03b1 \u03c4\u03b7 \u03bc\u03b5\u03c4\u03ac\u03b2\u03b1\u03c3\u03b7 \u03bc\u03ad\u03c3\u03c9 \u03c4\u03bf\u03c5 \u03bd\u03b5\u03c1\u03bf\u03cd. \u0397 \u03c3\u03c5\u03c3\u03ba\u03b5\u03c5\u03ae \u03b4\u03bf\u03bc\u03b5\u03af \u03c4\u03bf \u03c0\u03b5\u03b4\u03af\u03bf \u03c4\u03bf\u03c5 \u03bd\u03b5\u03c1\u03bf\u03cd \u03ba\u03b1\u03b9 \u03c4\u03bf \u03bd\u03b5\u03c1\u03cc, \u03c3\u03c5\u03bd\u03c4\u03bf\u03bd\u03b9\u03b6\u03cc\u03bc\u03b5\u03bd\u03bf \u03bc\u03b5 \u03c4\u03bf \u03c5\u03b4\u03b1\u03c4\u03b9\u03ba\u03cc \u03bc\u03ad\u03c3\u03bf \u03c4\u03bf\u03c5 \u03c3\u03ce\u03bc\u03b1\u03c4\u03bf\u03c2 (\u03b1\u03af\u03bc\u03b1, \u03bb\u03ad\u03bc\u03c6\u03bf\u03c2, \u03bb\u03ad\u03bc\u03c6\u03bf\u03c2, \u03bc\u03b5\u03c3\u03bf\u03ba\u03c5\u03c4\u03c4\u03ac\u03c1\u03b9\u03bf \u03c5\u03b3\u03c1\u03cc, \u03c5\u03b3\u03c1\u03cc \u03c3\u03c4\u03b1 \u03ba\u03cd\u03c4\u03c4\u03b1\u03c1\u03b1), \u03c4\u03bf \u03b4\u03bf\u03bc\u03b5\u03af \u201e\u03ba\u03b1\u03c4\u201d \u03b5\u03b9\u03ba\u03cc\u03bd\u03b1 \u03ba\u03b1\u03b9 \u03bf\u03bc\u03bf\u03af\u03c9\u03c3\u03b7\". \u039c\u03cc\u03bb\u03b9\u03c2 \u03b7 \u03b5\u03c3\u03c9\u03c4\u03b5\u03c1\u03b9\u03ba\u03ae \u03ba\u03b1\u03bd\u03bf\u03bd\u03b9\u03ba\u03cc\u03c4\u03b7\u03c4\u03b1 \u03c4\u03bf\u03c5 \u03bd\u03b5\u03c1\u03bf\u03cd \u03b1\u03c5\u03be\u03b7\u03b8\u03b5\u03af \u03c0\u03ac\u03bd\u03c9 \u03b1\u03c0\u03cc 60%, \u03b5\u03bd\u03b5\u03c1\u03b3\u03bf\u03c0\u03bf\u03b9\u03b5\u03af\u03c4\u03b1\u03b9 \u03c4\u03bf \u03b3\u03b5\u03bd\u03b5\u03c4\u03b9\u03ba\u03cc \u03c0\u03c1\u03cc\u03b3\u03c1\u03b1\u03bc\u03bc\u03b1 \u03b1\u03c5\u03c4\u03bf-\u03b1\u03bd\u03b1\u03b3\u03ad\u03bd\u03bd\u03b7\u03c3\u03b7\u03c2 \u03c4\u03bf\u03c5 \u03c3\u03ce\u03bc\u03b1\u03c4\u03bf\u03c2.<br \/>\n<\/div><\/div>","protected":false},"excerpt":{"rendered":"<p>Aqua Med\u00e1l \u2013 az \u00e9letalkot\u00f3 v\u00edz \u00e9letet ad, \u00e9l\u00e9nk\u00edt, \u00e9letmeg\u00f3v\u00f3, valamint aktiv\u00e1l\u00f3, \u00e9letenergi\u00e1t vissza\u00e1ll\u00edt\u00f3 hat\u00e1ssal b\u00edr. \u00c9ppen ezt a c\u00e9lt szolg\u00e1lja az AQUA \u2013BioTrEM \u00f6n\u00e1ll\u00f3 inform\u00e1ci\u00f3hordoz\u00f3 alkalmaz\u00e1sa. Az exkluz\u00edv BioTrEM-technol\u00f3gi\u00e1nak k\u00f6sz\u00f6nhet\u0151en a k\u00e9sz\u00fcl\u00e9k f\u00e9lvezet\u0151je olyan k\u00f3dolt inform\u00e1ci\u00f3t tartalmaz, mely dinamikus term\u00e9szettel b\u00edr \u00e9s seg\u00edts\u00e9g\u00e9vel a felsorolt hat\u00e1s el\u00e9rhet\u0151v\u00e9 v\u00e1lik. Hasonl\u00f3 tulajdons\u00e1ggal rendelkeznek a F\u00f6ld\u00f6n sajnos [&hellip;]<\/p>\n","protected":false},"featured_media":4671,"comment_status":"open","ping_status":"closed","template":"","meta":[],"product_brand":[],"product_cat":[33,32],"product_tag":[],"class_list":{"0":"post-4672","1":"product","2":"type-product","3":"status-publish","4":"has-post-thumbnail","6":"product_cat-egeszseg-medalok","7":"product_cat-triomed","9":"first","10":"instock","11":"taxable","12":"shipping-taxable","13":"purchasable","14":"product-type-simple"},"_links":{"self":[{"href":"https:\/\/vetomshop.hu\/el\/wp-json\/wp\/v2\/product\/4672","targetHints":{"allow":["GET"]}}],"collection":[{"href":"https:\/\/vetomshop.hu\/el\/wp-json\/wp\/v2\/product"}],"about":[{"href":"https:\/\/vetomshop.hu\/el\/wp-json\/wp\/v2\/types\/product"}],"replies":[{"embeddable":true,"href":"https:\/\/vetomshop.hu\/el\/wp-json\/wp\/v2\/comments?post=4672"}],"wp:featuredmedia":[{"embeddable":true,"href":"https:\/\/vetomshop.hu\/el\/wp-json\/wp\/v2\/media\/4671"}],"wp:attachment":[{"href":"https:\/\/vetomshop.hu\/el\/wp-json\/wp\/v2\/media?parent=4672"}],"wp:term":[{"taxonomy":"product_brand","embeddable":true,"href":"https:\/\/vetomshop.hu\/el\/wp-json\/wp\/v2\/product_brand?post=4672"},{"taxonomy":"product_cat","embeddable":true,"href":"https:\/\/vetomshop.hu\/el\/wp-json\/wp\/v2\/product_cat?post=4672"},{"taxonomy":"product_tag","embeddable":true,"href":"https:\/\/vetomshop.hu\/el\/wp-json\/wp\/v2\/product_tag?post=4672"}],"curies":[{"name":"wp","href":"https:\/\/api.w.org\/{rel}","templated":true}]}}