{"id":4678,"date":"2023-11-11T14:33:47","date_gmt":"2023-11-11T13:33:47","guid":{"rendered":"https:\/\/vetomshop.hu\/termek\/breath-szello-medal\/"},"modified":"2025-04-12T11:52:17","modified_gmt":"2025-04-12T09:52:17","slug":"breath-szello-medal","status":"publish","type":"product","link":"https:\/\/vetomshop.hu\/el\/product\/breath-szello-medal\/","title":{"rendered":"\u039c\u03b5\u03bd\u03c4\u03b1\u03b3\u03b9\u03cc\u03bd \u03b1\u03bd\u03b1\u03c0\u03bd\u03bf\u03ae\u03c2\/\u03b4\u03cd\u03bd\u03b1\u03bc\u03b7\u03c2"},"content":{"rendered":"<h4>Breath - \u039c\u03b5\u03bd\u03c4\u03b1\u03b3\u03b9\u03cc\u03bd \u03a5\u03b3\u03b5\u03af\u03b1\u03c2 \u0391\u03bd\u03b1\u03c0\u03bd\u03bf\u03ae\u03c2<\/h4>\n<p><strong>\u039a\u03cd\u03c1\u03b9\u03b1 \u03bb\u03b5\u03b9\u03c4\u03bf\u03c5\u03c1\u03b3\u03af\u03b1<\/strong><br \/>\n\u03a5\u03c0\u03bf\u03c3\u03c4\u03ae\u03c1\u03b9\u03be\u03b7 \u03c4\u03b7\u03c2 \u03c0\u03c1\u03cc\u03bb\u03b7\u03c8\u03b7\u03c2 \u03ba\u03b1\u03b9 \u03c4\u03b7\u03c2 \u03b8\u03b5\u03c1\u03b1\u03c0\u03b5\u03af\u03b1\u03c2 \u03c4\u03c9\u03bd \u03b1\u03bd\u03b1\u03c0\u03bd\u03b5\u03c5\u03c3\u03c4\u03b9\u03ba\u03ce\u03bd \u03b1\u03c3\u03b8\u03b5\u03bd\u03b5\u03b9\u03ce\u03bd, \u03b5\u03c0\u03b9\u03c4\u03ac\u03c7\u03c5\u03bd\u03c3\u03b7 \u03c4\u03b7\u03c2 \u03b4\u03b9\u03b1\u03b4\u03b9\u03ba\u03b1\u03c3\u03af\u03b1\u03c2 \u03b1\u03bd\u03ac\u03c1\u03c1\u03c9\u03c3\u03b7\u03c2 \u03bc\u03b5\u03c4\u03ac \u03b1\u03c0\u03cc \u03b1\u03c3\u03b8\u03ad\u03bd\u03b5\u03b9\u03b5\u03c2 \u03ba\u03b1\u03b9 \u03c3\u03c5\u03bc\u03c0\u03bb\u03b7\u03c1\u03c9\u03bc\u03b1\u03c4\u03b9\u03ba\u03ae \u03b8\u03b5\u03c1\u03b1\u03c0\u03b5\u03af\u03b1 \u03c4\u03c9\u03bd \u03b1\u03bd\u03b1\u03c0\u03bd\u03b5\u03c5\u03c3\u03c4\u03b9\u03ba\u03ce\u03bd \u03b1\u03c3\u03b8\u03b5\u03bd\u03b5\u03b9\u03ce\u03bd.<\/p>\n<div class=\"su-spoiler su-spoiler-style-defoult su-spoiler-icon-caret su-spoiler-closed\" data-scroll-offset=\"0\" data-anchor-in-url=\"no\"><div class=\"su-spoiler-title\" tabindex=\"0\" role=\"button\"><span class=\"su-spoiler-icon\"><\/span>\u038c\u03bb\u03b1<\/div><div class=\"su-spoiler-content su-u-clearfix su-u-trim\">\n<strong>\u03a5\u03c0\u03bf\u03c3\u03c4\u03b7\u03c1\u03af\u03b6\u03b5\u03c4\u03b1\u03b9 \u03b1\u03c0\u03cc:<\/strong><\/p>\n<ul>\n<li>\u03bf\u03bc\u03b1\u03bb\u03bf\u03c0\u03bf\u03b9\u03b5\u03af \u03c4\u03b7\u03bd \u03ba\u03c5\u03ba\u03bb\u03bf\u03c6\u03bf\u03c1\u03af\u03b1 \u03c4\u03bf\u03c5 \u03b1\u03af\u03bc\u03b1\u03c4\u03bf\u03c2, \u03c4\u03bf \u03b1\u03bd\u03bf\u03c3\u03bf\u03c0\u03bf\u03b9\u03b7\u03c4\u03b9\u03ba\u03cc \u03c3\u03cd\u03c3\u03c4\u03b7\u03bc\u03b1 \u03ba\u03b1\u03b9 \u03c4\u03bf\u03bd \u03b1\u03bd\u03b1\u03c0\u03bd\u03b5\u03c5\u03c3\u03c4\u03b9\u03ba\u03cc \u03bc\u03b5\u03c4\u03b1\u03b2\u03bf\u03bb\u03b9\u03c3\u03bc\u03cc, \u03c0\u03c1\u03bf\u03bb\u03b1\u03bc\u03b2\u03ac\u03bd\u03bf\u03bd\u03c4\u03b1\u03c2 \u03ad\u03c4\u03c3\u03b9 \u03c4\u03b9\u03c2 \u03b1\u03c3\u03b8\u03ad\u03bd\u03b5\u03b9\u03b5\u03c2, - \u03b2\u03b5\u03bb\u03c4\u03b9\u03ce\u03bd\u03b5\u03b9 \u03c4\u03b7\u03bd \u03b1\u03bd\u03c4\u03b1\u03bb\u03bb\u03b1\u03b3\u03ae \u03b1\u03b5\u03c1\u03af\u03c9\u03bd,<\/li>\n<li>\u03bc\u03b5\u03b9\u03ce\u03bd\u03b5\u03b9 \u03c4\u03bf\u03bd \u03ba\u03af\u03bd\u03b4\u03c5\u03bd\u03bf \u03c6\u03bb\u03b5\u03b3\u03bc\u03bf\u03bd\u03c9\u03b4\u03ce\u03bd \u03b4\u03b9\u03b5\u03c1\u03b3\u03b1\u03c3\u03b9\u03ce\u03bd \u03ba\u03b1\u03b9 \u03c3\u03c5\u03bc\u03c6\u03cc\u03c1\u03b7\u03c3\u03b7\u03c2 \u03c3\u03c4\u03bf \u03b1\u03bd\u03b1\u03c0\u03bd\u03b5\u03c5\u03c3\u03c4\u03b9\u03ba\u03cc \u03c3\u03cd\u03c3\u03c4\u03b7\u03bc\u03b1,<\/li>\n<li>\u03c5\u03c0\u03bf\u03c3\u03c4\u03b7\u03c1\u03af\u03b6\u03b5\u03b9 \u03c4\u03b7\u03bd \u03b1\u03c0\u03b5\u03bb\u03b5\u03c5\u03b8\u03ad\u03c1\u03c9\u03c3\u03b7 \u03c4\u03c9\u03bd \u03c3\u03c0\u03b1\u03c3\u03bc\u03c9\u03b4\u03b9\u03ba\u03ce\u03bd \u03b4\u03b9\u03b5\u03c1\u03b3\u03b1\u03c3\u03b9\u03ce\u03bd \u03c3\u03c4\u03bf \u03b1\u03bd\u03b1\u03c0\u03bd\u03b5\u03c5\u03c3\u03c4\u03b9\u03ba\u03cc \u03c3\u03cd\u03c3\u03c4\u03b7\u03bc\u03b1,<\/li>\n<li>\u03c5\u03c0\u03bf\u03c3\u03c4\u03b7\u03c1\u03af\u03b6\u03b5\u03b9 \u03c4\u03b7 \u03b4\u03b9\u03b1\u03b4\u03b9\u03ba\u03b1\u03c3\u03af\u03b1 \u03ba\u03b1\u03b8\u03b1\u03c1\u03b9\u03c3\u03bc\u03bf\u03cd,<\/li>\n<li>\u03c5\u03c0\u03bf\u03c3\u03c4\u03b7\u03c1\u03af\u03b6\u03b5\u03b9 \u03c4\u03b7\u03bd \u03c0\u03c1\u03cc\u03bb\u03b7\u03c8\u03b7 \u03c4\u03b7\u03c2 \u03c0\u03bd\u03b5\u03c5\u03bc\u03bf\u03bd\u03bf\u03c3\u03ba\u03bb\u03ae\u03c1\u03c5\u03bd\u03c3\u03b7\u03c2.<\/li>\n<\/ul>\n<\/div><\/div>","protected":false},"excerpt":{"rendered":"<p>Breath \u2013 Szell\u0151 Eg\u00e9szs\u00e9g Med\u00e1l F\u0151 funkci\u00f3 A l\u00e9g\u00fati betegs\u00e9gek megel\u0151z\u00e9s\u00e9nek \u00e9s kezel\u00e9s\u00e9nek t\u00e1mogat\u00e1sa, a betegs\u00e9gek ut\u00e1ni regener\u00e1ci\u00f3s folyamatok gyors\u00edt\u00e1sa, a l\u00e9g\u00fati betegs\u00e9gek kieg\u00e9sz\u00edt\u0151 kezel\u00e9se.<\/p>","protected":false},"featured_media":4677,"comment_status":"open","ping_status":"closed","template":"","meta":[],"product_brand":[],"product_cat":[33,32],"product_tag":[],"class_list":{"0":"post-4678","1":"product","2":"type-product","3":"status-publish","4":"has-post-thumbnail","6":"product_cat-egeszseg-medalok","7":"product_cat-triomed","9":"first","10":"instock","11":"taxable","12":"shipping-taxable","13":"purchasable","14":"product-type-simple"},"_links":{"self":[{"href":"https:\/\/vetomshop.hu\/el\/wp-json\/wp\/v2\/product\/4678","targetHints":{"allow":["GET"]}}],"collection":[{"href":"https:\/\/vetomshop.hu\/el\/wp-json\/wp\/v2\/product"}],"about":[{"href":"https:\/\/vetomshop.hu\/el\/wp-json\/wp\/v2\/types\/product"}],"replies":[{"embeddable":true,"href":"https:\/\/vetomshop.hu\/el\/wp-json\/wp\/v2\/comments?post=4678"}],"wp:featuredmedia":[{"embeddable":true,"href":"https:\/\/vetomshop.hu\/el\/wp-json\/wp\/v2\/media\/4677"}],"wp:attachment":[{"href":"https:\/\/vetomshop.hu\/el\/wp-json\/wp\/v2\/media?parent=4678"}],"wp:term":[{"taxonomy":"product_brand","embeddable":true,"href":"https:\/\/vetomshop.hu\/el\/wp-json\/wp\/v2\/product_brand?post=4678"},{"taxonomy":"product_cat","embeddable":true,"href":"https:\/\/vetomshop.hu\/el\/wp-json\/wp\/v2\/product_cat?post=4678"},{"taxonomy":"product_tag","embeddable":true,"href":"https:\/\/vetomshop.hu\/el\/wp-json\/wp\/v2\/product_tag?post=4678"}],"curies":[{"name":"wp","href":"https:\/\/api.w.org\/{rel}","templated":true}]}}