{"id":4684,"date":"2023-11-11T14:33:48","date_gmt":"2023-11-11T13:33:48","guid":{"rendered":"https:\/\/vetomshop.hu\/termek\/detox-medal\/"},"modified":"2023-11-11T14:33:48","modified_gmt":"2023-11-11T13:33:48","slug":"detox-medal","status":"publish","type":"product","link":"https:\/\/vetomshop.hu\/el\/product\/detox-medal\/","title":{"rendered":"\u039c\u03b5\u03c4\u03ac\u03bb\u03bb\u03b9\u03bf \u03b1\u03c0\u03bf\u03c4\u03bf\u03be\u03af\u03bd\u03c9\u03c3\u03b7\u03c2"},"content":{"rendered":"<h4>\u03a4\u03bf Detox Medal \u03b1\u03c0\u03b5\u03c5\u03b8\u03cd\u03bd\u03b5\u03c4\u03b1\u03b9 \u03c3\u03b5 \u03cc\u03c3\u03bf\u03c5\u03c2 \u03b8\u03ad\u03bb\u03bf\u03c5\u03bd \u03bd\u03b1 \u03b5\u03bd\u03b1\u03c1\u03bc\u03bf\u03bd\u03af\u03c3\u03bf\u03c5\u03bd \u03b1\u03c0\u03b1\u03bb\u03ac \u03c4\u03bf \u03c3\u03ce\u03bc\u03b1 \u03c4\u03bf\u03c5\u03c2.<\/p>\n<p>\u03a4\u03bf \u03c6\u03b1\u03c3\u03bc\u03b1\u03c4\u03b9\u03ba\u03cc \u03c3\u03ae\u03bc\u03b1 \u03c0\u03bf\u03c5 \u03ba\u03b1\u03c4\u03b1\u03b3\u03c1\u03ac\u03c6\u03b5\u03c4\u03b1\u03b9 \u03c3\u03c4\u03bf Detox Medallion \u03c5\u03c0\u03bf\u03c3\u03c4\u03b7\u03c1\u03af\u03b6\u03b5\u03b9 \u03c4\u03b7 \u03b2\u03b9\u03bf\u03b5\u03bd\u03b5\u03c1\u03b3\u03b5\u03b9\u03b1\u03ba\u03ae \u03bb\u03b5\u03b9\u03c4\u03bf\u03c5\u03c1\u03b3\u03af\u03b1 \u03c4\u03c9\u03bd \u03bf\u03c1\u03b3\u03ac\u03bd\u03c9\u03bd \u03ba\u03b1\u03b9 \u03c4\u03c9\u03bd \u03bf\u03c1\u03b3\u03b1\u03bd\u03b9\u03ba\u03ce\u03bd \u03c3\u03c5\u03c3\u03c4\u03b7\u03bc\u03ac\u03c4\u03c9\u03bd.<\/h4>\n<p>\u039f \u03bc\u03b5\u03b3\u03b1\u03bb\u03cd\u03c4\u03b5\u03c1\u03bf\u03c2 \u03b5\u03c7\u03b8\u03c1\u03cc\u03c2 \u03c4\u03b7\u03c2 \u03bd\u03b5\u03cc\u03c4\u03b7\u03c4\u03b1\u03c2 \u03ba\u03b1\u03b9 \u03c4\u03b7\u03c2 \u03c5\u03b3\u03b5\u03af\u03b1\u03c2 \u03b5\u03af\u03bd\u03b1\u03b9 \u03ad\u03bd\u03b1 \u03c3\u03ce\u03bc\u03b1 \u03b3\u03b5\u03bc\u03ac\u03c4\u03bf \u03b1\u03c0\u03cc\u03b2\u03bb\u03b7\u03c4\u03b1. \u03a4\u03bf \u03c3\u03ce\u03bc\u03b1 \u03bc\u03b1\u03c2 \u03b5\u03af\u03bd\u03b1\u03b9 \u03ad\u03bd\u03b1 \u03b1\u03c5\u03c4\u03bf\u03c1\u03c5\u03b8\u03bc\u03b9\u03b6\u03cc\u03bc\u03b5\u03bd\u03bf \u03b2\u03b9\u03bf\u03bb\u03bf\u03b3\u03b9\u03ba\u03cc \u03c3\u03cd\u03c3\u03c4\u03b7\u03bc\u03b1, \u03bc\u03af\u03b1 \u03b1\u03c0\u03cc \u03c4\u03b9\u03c2 \u03c3\u03b7\u03bc\u03b1\u03bd\u03c4\u03b9\u03ba\u03cc\u03c4\u03b5\u03c1\u03b5\u03c2 \u03bb\u03b5\u03b9\u03c4\u03bf\u03c5\u03c1\u03b3\u03af\u03b5\u03c2 \u03c4\u03bf\u03c5 \u03bf\u03c0\u03bf\u03af\u03bf\u03c5 \u03b5\u03af\u03bd\u03b1\u03b9 \u03b7 \u03b1\u03c0\u03bf\u03c4\u03bf\u03be\u03af\u03bd\u03c9\u03c3\u03b7 - \u03b7 \u03b1\u03c0\u03bf\u03b2\u03bf\u03bb\u03ae \u03bf\u03c5\u03c3\u03b9\u03ce\u03bd \u03c0\u03bf\u03c5 \u03b4\u03b5\u03bd \u03c7\u03c1\u03b5\u03b9\u03ac\u03b6\u03b5\u03c4\u03b1\u03b9 \u03c4\u03bf \u03c3\u03ce\u03bc\u03b1. \u03a9\u03c3\u03c4\u03cc\u03c3\u03bf, \u03b7 \u03c6\u03cd\u03c3\u03b7 \u03b4\u03b5\u03bd \u03b5\u03af\u03bd\u03b1\u03b9 \u03c0\u03c1\u03bf\u03b5\u03c4\u03bf\u03b9\u03bc\u03b1\u03c3\u03bc\u03ad\u03bd\u03b7 \u03b3\u03b9\u03b1 \u03ad\u03bd\u03b1\u03bd \u03c4\u03ad\u03c4\u03bf\u03b9\u03bf \u03c0\u03bf\u03bb\u03b9\u03c4\u03b9\u03c3\u03bc\u03cc, \u03b3\u03b9\u03b1 \u03c4\u03ad\u03c4\u03bf\u03b9\u03b5\u03c2 \u03c4\u03b5\u03c1\u03ac\u03c3\u03c4\u03b9\u03b5\u03c2 \u03c0\u03bf\u03c3\u03cc\u03c4\u03b7\u03c4\u03b5\u03c2 \u03c4\u03b5\u03c7\u03bd\u03b7\u03c4\u03ce\u03bd \u03c7\u03b7\u03bc\u03b9\u03ba\u03ce\u03bd \u03bf\u03c5\u03c3\u03b9\u03ce\u03bd \u03c3\u03c4\u03b1 \u03c4\u03c1\u03cc\u03c6\u03b9\u03bc\u03b1, \u03c4\u03bf \u03bd\u03b5\u03c1\u03cc \u03ba\u03b1\u03b9 \u03c4\u03bf\u03bd \u03b1\u03ad\u03c1\u03b1. \u03a4\u03b1 \u03b6\u03ce\u03b1 \u03c4\u03c1\u03ad\u03c6\u03bf\u03bd\u03c4\u03b1\u03b9 \u03bc\u03b5 \u03b1\u03c5\u03be\u03b7\u03c4\u03b9\u03ba\u03ad\u03c2 \u03bf\u03c1\u03bc\u03cc\u03bd\u03b5\u03c2 \u03ba\u03b1\u03b9 \u03b1\u03bd\u03c4\u03b9\u03b2\u03b9\u03bf\u03c4\u03b9\u03ba\u03ac, \u03c4\u03b1 \u03bf\u03c0\u03bf\u03af\u03b1 \u03b5\u03b9\u03c3\u03ad\u03c1\u03c7\u03bf\u03bd\u03c4\u03b1\u03b9 \u03ba\u03b1\u03b9 \u03c3\u03c4\u03bf \u03c3\u03ce\u03bc\u03b1 \u03bc\u03b1\u03c2. \u0392\u03b1\u03c1\u03ad\u03b1 \u03bc\u03ad\u03c4\u03b1\u03bb\u03bb\u03b1, \u03bd\u03b9\u03c4\u03c1\u03ce\u03b4\u03b7, \u03bd\u03b9\u03c4\u03c1\u03b9\u03ba\u03ac, \u03c1\u03b1\u03b4\u03b9\u03b5\u03bd\u03b5\u03c1\u03b3\u03ad\u03c2 \u03bf\u03c5\u03c3\u03af\u03b5\u03c2, \u03b4\u03b9\u03bf\u03be\u03af\u03bd\u03b5\u03c2, \u03c5\u03c0\u03bf\u03bb\u03b5\u03af\u03bc\u03bc\u03b1\u03c4\u03b1 \u03c6\u03b1\u03c1\u03bc\u03ac\u03ba\u03c9\u03bd \u03c3\u03c5\u03c3\u03c3\u03c9\u03c1\u03b5\u03cd\u03bf\u03bd\u03c4\u03b1\u03b9 \u03c3\u03c4\u03bf\u03c5\u03c2 \u03b9\u03c3\u03c4\u03bf\u03cd\u03c2 \u03ba\u03b1\u03b9 \u03c4\u03b1 \u03ba\u03cd\u03c4\u03c4\u03b1\u03c1\u03b1.<\/p>\n<div class=\"su-spoiler su-spoiler-style-defoult su-spoiler-icon-caret su-spoiler-closed\" data-scroll-offset=\"0\" data-anchor-in-url=\"no\"><div class=\"su-spoiler-title\" tabindex=\"0\" role=\"button\"><span class=\"su-spoiler-icon\"><\/span>\u038c\u03bb\u03b1<\/div><div class=\"su-spoiler-content su-u-clearfix su-u-trim\">\n<p>\u039f\u03b9 \u03c4\u03bf\u03be\u03b9\u03ba\u03ad\u03c2 \u03bf\u03c5\u03c3\u03af\u03b5\u03c2 \u03bc\u03c0\u03bf\u03c1\u03b5\u03af \u03bd\u03b1 \u03c0\u03c1\u03bf\u03ad\u03c1\u03c7\u03bf\u03bd\u03c4\u03b1\u03b9 \u03b1\u03c0\u03cc \u03bc\u03b9\u03b1 \u03b5\u03be\u03c9\u03c4\u03b5\u03c1\u03b9\u03ba\u03ae \u03c0\u03b7\u03b3\u03ae, \u03b1\u03bb\u03bb\u03ac \u03bc\u03c0\u03bf\u03c1\u03b5\u03af \u03b5\u03c0\u03af\u03c3\u03b7\u03c2 \u03bd\u03b1 \u03b5\u03af\u03bd\u03b1\u03b9 \u03c4\u03bf\u03be\u03af\u03bd\u03b5\u03c2 \u03b1\u03c0\u03cc \u03b5\u03c3\u03c9\u03c4\u03b5\u03c1\u03b9\u03ba\u03ad\u03c2 \u03b4\u03b9\u03b1\u03b4\u03b9\u03ba\u03b1\u03c3\u03af\u03b5\u03c2 \u03b4\u03b9\u03ac\u03c3\u03c0\u03b1\u03c3\u03b7\u03c2 \u03c9\u03c2 \u03b1\u03c0\u03bf\u03c4\u03ad\u03bb\u03b5\u03c3\u03bc\u03b1 \u03b5\u03bd\u03cc\u03c2 \u03bc\u03b5\u03c4\u03b1\u03b2\u03bf\u03bb\u03b9\u03ba\u03bf\u03cd \u03c0\u03c1\u03bf\u03b2\u03bb\u03ae\u03bc\u03b1\u03c4\u03bf\u03c2. \u0395\u03ac\u03bd \u03b1\u03c5\u03c4\u03cc \u03b5\u03c0\u03b9\u03b4\u03b5\u03b9\u03bd\u03ce\u03bd\u03b5\u03c4\u03b1\u03b9 \u03b1\u03c0\u03cc \u03ad\u03bd\u03b1\u03bd \u03ba\u03b1\u03b8\u03b9\u03c3\u03c4\u03b9\u03ba\u03cc \u03c4\u03c1\u03cc\u03c0\u03bf \u03b6\u03c9\u03ae\u03c2, \u03bf\u03b9 \u03b4\u03b9\u03b5\u03c1\u03b3\u03b1\u03c3\u03af\u03b5\u03c2 \u03c4\u03bf\u03c5 \u03c3\u03ce\u03bc\u03b1\u03c4\u03bf\u03c2 \u03b5\u03c0\u03b9\u03b2\u03c1\u03b1\u03b4\u03cd\u03bd\u03bf\u03bd\u03c4\u03b1\u03b9 \u03b1\u03ba\u03cc\u03bc\u03b7 \u03c0\u03b5\u03c1\u03b9\u03c3\u03c3\u03cc\u03c4\u03b5\u03c1\u03bf.<\/p>\n<p>\u03a4\u03b1 \u03c5\u03c8\u03b7\u03bb\u03ac \u03b5\u03c0\u03af\u03c0\u03b5\u03b4\u03b1 \u03c3\u03c4\u03c1\u03b5\u03c2 \u03bc\u03c0\u03bf\u03c1\u03bf\u03cd\u03bd \u03b5\u03c0\u03af\u03c3\u03b7\u03c2 \u03bd\u03b1 \u03b5\u03be\u03b1\u03bd\u03c4\u03bb\u03ae\u03c3\u03bf\u03c5\u03bd \u03c4\u03b1 \u03cc\u03c1\u03b3\u03b1\u03bd\u03b1 \u03c0\u03bf\u03c5 \u03c3\u03c5\u03bc\u03bc\u03b5\u03c4\u03ad\u03c7\u03bf\u03c5\u03bd \u03c3\u03c4\u03b7\u03bd \u03b1\u03c0\u03bf\u03c4\u03bf\u03be\u03af\u03bd\u03c9\u03c3\u03b7. \u03a3\u03c4\u03b7\u03bd \u03b1\u03c1\u03c7\u03ae, \u03bc\u03cc\u03bd\u03bf \u03b7 \u03b4\u03c5\u03c3\u03c6\u03bf\u03c1\u03af\u03b1 \u03b1\u03c0\u03bf\u03c4\u03b5\u03bb\u03b5\u03af \u03ad\u03bd\u03b4\u03b5\u03b9\u03be\u03b7 \u03c0\u03c1\u03bf\u03b2\u03bb\u03ae\u03bc\u03b1\u03c4\u03bf\u03c2, \u03b1\u03bb\u03bb\u03ac \u03b1\u03c1\u03b3\u03cc\u03c4\u03b5\u03c1\u03b1 \u03b7 \u03ba\u03b1\u03c4\u03ac\u03c3\u03c4\u03b1\u03c3\u03b7 \u03bc\u03c0\u03bf\u03c1\u03b5\u03af \u03bd\u03b1 \u03b5\u03c0\u03b9\u03b4\u03b5\u03b9\u03bd\u03c9\u03b8\u03b5\u03af. \u039c\u03c0\u03bf\u03c1\u03bf\u03cd\u03bd \u03bd\u03b1 \u03b1\u03bd\u03b1\u03c0\u03c4\u03c5\u03c7\u03b8\u03bf\u03cd\u03bd \u03c7\u03c1\u03cc\u03bd\u03b9\u03b5\u03c2 \u03b1\u03c3\u03b8\u03ad\u03bd\u03b5\u03b9\u03b5\u03c2, \u03bf\u03b9 \u03bf\u03c0\u03bf\u03af\u03b5\u03c2 \u03bc\u03c0\u03bf\u03c1\u03b5\u03af \u03bd\u03b1 \u03ad\u03c7\u03bf\u03c5\u03bd \u03c3\u03b7\u03bc\u03b1\u03bd\u03c4\u03b9\u03ba\u03cc \u03b1\u03bd\u03c4\u03af\u03ba\u03c4\u03c5\u03c0\u03bf \u03c3\u03c4\u03b7\u03bd \u03c0\u03bf\u03b9\u03cc\u03c4\u03b7\u03c4\u03b1 \u03c4\u03b7\u03c2 \u03b6\u03c9\u03ae\u03c2 \u03bc\u03b1\u03c2.<br \/>\n<\/div><\/div>","protected":false},"excerpt":{"rendered":"<p>Detox Med\u00e1l azok sz\u00e1m\u00e1ra k\u00e9sz\u00fclt, akik l\u00e1gyan szeretn\u00e9k a szervezet\u00fcket harmoniz\u00e1lni. A spektr\u00e1lis jel, mely a Detox Med\u00e1lon r\u00f6gz\u00edt\u00e9sre ker\u00fclt, t\u00e1mogatja a szervek \u00e9s szervrendszerek bioenergetikai m\u0171k\u00f6d\u00e9s\u00e9t. A fiatals\u00e1g \u00e9s az eg\u00e9szs\u00e9g legnagyobb ellens\u00e9ge a salakanyagokkal tel\u00edtett szervezet. Szervezet\u00fcnk egy \u00f6nszab\u00e1lyoz\u00f3 biol\u00f3giai rendszer, melynek egyik legfontosabb funkci\u00f3ja a m\u00e9regtelen\u00edt\u00e9s \u2013 kivezet\u00e9se azoknak az anyagoknak, melyekre [&hellip;]<\/p>\n","protected":false},"featured_media":4683,"comment_status":"open","ping_status":"closed","template":"","meta":[],"product_brand":[],"product_cat":[33,32],"product_tag":[],"class_list":{"0":"post-4684","1":"product","2":"type-product","3":"status-publish","4":"has-post-thumbnail","6":"product_cat-egeszseg-medalok","7":"product_cat-triomed","9":"first","10":"instock","11":"taxable","12":"shipping-taxable","13":"purchasable","14":"product-type-simple"},"_links":{"self":[{"href":"https:\/\/vetomshop.hu\/el\/wp-json\/wp\/v2\/product\/4684","targetHints":{"allow":["GET"]}}],"collection":[{"href":"https:\/\/vetomshop.hu\/el\/wp-json\/wp\/v2\/product"}],"about":[{"href":"https:\/\/vetomshop.hu\/el\/wp-json\/wp\/v2\/types\/product"}],"replies":[{"embeddable":true,"href":"https:\/\/vetomshop.hu\/el\/wp-json\/wp\/v2\/comments?post=4684"}],"wp:featuredmedia":[{"embeddable":true,"href":"https:\/\/vetomshop.hu\/el\/wp-json\/wp\/v2\/media\/4683"}],"wp:attachment":[{"href":"https:\/\/vetomshop.hu\/el\/wp-json\/wp\/v2\/media?parent=4684"}],"wp:term":[{"taxonomy":"product_brand","embeddable":true,"href":"https:\/\/vetomshop.hu\/el\/wp-json\/wp\/v2\/product_brand?post=4684"},{"taxonomy":"product_cat","embeddable":true,"href":"https:\/\/vetomshop.hu\/el\/wp-json\/wp\/v2\/product_cat?post=4684"},{"taxonomy":"product_tag","embeddable":true,"href":"https:\/\/vetomshop.hu\/el\/wp-json\/wp\/v2\/product_tag?post=4684"}],"curies":[{"name":"wp","href":"https:\/\/api.w.org\/{rel}","templated":true}]}}