{"id":4688,"date":"2023-11-11T14:33:49","date_gmt":"2023-11-11T13:33:49","guid":{"rendered":"https:\/\/vetomshop.hu\/termek\/eros-medal-feriaknak\/"},"modified":"2023-11-11T14:33:49","modified_gmt":"2023-11-11T13:33:49","slug":"eros-medal-feriaknak","status":"publish","type":"product","link":"https:\/\/vetomshop.hu\/el\/product\/eros-medal-feriaknak\/","title":{"rendered":"Eros Pendant \u03b3\u03b9\u03b1 \u03ac\u03bd\u03b4\u03c1\u03b5\u03c2"},"content":{"rendered":"<p><strong>\u039a\u03cd\u03c1\u03b9\u03b1 \u03bb\u03b5\u03b9\u03c4\u03bf\u03c5\u03c1\u03b3\u03af\u03b1:<\/strong><\/p>\n<p>\u03a3\u03c5\u03bc\u03c0\u03bb\u03b7\u03c1\u03c9\u03bc\u03b1\u03c4\u03b9\u03ba\u03cc \u03b5\u03c1\u03b3\u03b1\u03bb\u03b5\u03af\u03bf \u03b3\u03b9\u03b1 \u03c4\u03b7\u03bd \u03c0\u03c1\u03cc\u03bb\u03b7\u03c8\u03b7 \u03ba\u03b1\u03b9 \u03c4\u03b7 \u03b8\u03b5\u03c1\u03b1\u03c0\u03b5\u03af\u03b1 \u03c4\u03c9\u03bd \u03b4\u03b9\u03b1\u03c4\u03b1\u03c1\u03b1\u03c7\u03ce\u03bd \u03c4\u03b7\u03c2 \u03c3\u03c5\u03bd\u03bf\u03c5\u03c3\u03af\u03b1\u03c2, \u03c3\u03c5\u03bc\u03c0\u03bb\u03b7\u03c1\u03c9\u03bc\u03b1\u03c4\u03b9\u03ba\u03ae \u03b8\u03b5\u03c1\u03b1\u03c0\u03b5\u03af\u03b1 \u03c4\u03b7\u03c2 \u03b1\u03c0\u03ce\u03bb\u03b5\u03b9\u03b1\u03c2 \u03c4\u03b7\u03c2 \u03c3\u03b5\u03be\u03bf\u03c5\u03b1\u03bb\u03b9\u03ba\u03ae\u03c2 \u03b5\u03c0\u03b9\u03b8\u03c5\u03bc\u03af\u03b1\u03c2, \u03c3\u03c5\u03bd\u03b1\u03b9\u03c3\u03b8\u03b7\u03bc\u03b1\u03c4\u03b9\u03ba\u03ad\u03c2-\u03c8\u03c5\u03c7\u03bf\u03bb\u03bf\u03b3\u03b9\u03ba\u03ad\u03c2 \u03b4\u03b9\u03b1\u03c4\u03b1\u03c1\u03b1\u03c7\u03ad\u03c2 \u03c0\u03bf\u03c5 \u03c3\u03c7\u03b5\u03c4\u03af\u03b6\u03bf\u03bd\u03c4\u03b1\u03b9 \u03bc\u03b5 \u03c4\u03b7 \u03c3\u03b5\u03be\u03bf\u03c5\u03b1\u03bb\u03b9\u03ba\u03ae \u03b5\u03c0\u03b1\u03c6\u03ae, \u03b5\u03c1\u03b3\u03b1\u03bb\u03b5\u03af\u03bf \u03b3\u03b9\u03b1 \u03c4\u03b7\u03bd \u03b5\u03bd\u03b5\u03c1\u03b3\u03bf\u03c0\u03bf\u03af\u03b7\u03c3\u03b7 \u03c4\u03c9\u03bd \u03b1\u03bd\u03b1\u03b3\u03b5\u03bd\u03bd\u03b7\u03c4\u03b9\u03ba\u03ce\u03bd \u03b4\u03b9\u03b1\u03b4\u03b9\u03ba\u03b1\u03c3\u03b9\u03ce\u03bd \u03c3\u03c4\u03b7 \u03c3\u03c5\u03bc\u03c0\u03bb\u03b7\u03c1\u03c9\u03bc\u03b1\u03c4\u03b9\u03ba\u03ae \u03b8\u03b5\u03c1\u03b1\u03c0\u03b5\u03af\u03b1 \u03c4\u03c9\u03bd \u03b1\u03c3\u03b8\u03b5\u03bd\u03b5\u03b9\u03ce\u03bd \u03c0\u03bf\u03c5 \u03b5\u03c0\u03b7\u03c1\u03b5\u03ac\u03b6\u03bf\u03c5\u03bd \u03c4\u03b7 \u03c3\u03c6\u03b1\u03af\u03c1\u03b1 \u03c4\u03c9\u03bd \u03b3\u03b5\u03bd\u03bd\u03b7\u03c4\u03b9\u03ba\u03ce\u03bd \u03bf\u03c1\u03b3\u03ac\u03bd\u03c9\u03bd. \u03a3\u03c5\u03bd\u03b9\u03c3\u03c4\u03ac\u03c4\u03b1\u03b9 \u03bd\u03b1 \u03c7\u03c1\u03b7\u03c3\u03b9\u03bc\u03bf\u03c0\u03bf\u03b9\u03b5\u03af\u03c4\u03b1\u03b9 \u03c3\u03b5 \u03c3\u03c5\u03bd\u03b4\u03c5\u03b1\u03c3\u03bc\u03cc \u03bc\u03b5 \u03c4\u03b7 \u03b8\u03b5\u03c1\u03b1\u03c0\u03b5\u03af\u03b1 \u03c0\u03bf\u03c5 \u03c3\u03c5\u03bd\u03b9\u03c3\u03c4\u03ac\u03c4\u03b1\u03b9 \u03b1\u03c0\u03cc \u03b5\u03b9\u03b4\u03b9\u03ba\u03cc (\u03b1\u03bd\u03b4\u03c1\u03bf\u03bb\u03cc\u03b3\u03bf, \u03c3\u03b5\u03be\u03bf\u03bb\u03cc\u03b3\u03bf, \u03b5\u03bd\u03b4\u03bf\u03ba\u03c1\u03b9\u03bd\u03bf\u03bb\u03cc\u03b3\u03bf).<\/p>\n<p><strong>\u03a5\u03c0\u03bf\u03c3\u03c4\u03b7\u03c1\u03af\u03b6\u03b5\u03c4\u03b1\u03b9 \u03b1\u03c0\u03cc:<\/strong><\/p>\n<ul>\n<li>\u03c4\u03b7\u03bd \u03ba\u03c5\u03ba\u03bb\u03bf\u03c6\u03bf\u03c1\u03af\u03b1 \u03c4\u03bf\u03c5 \u03b1\u03af\u03bc\u03b1\u03c4\u03bf\u03c2, \u03c4\u03bf \u03b1\u03bd\u03bf\u03c3\u03bf\u03c0\u03bf\u03b9\u03b7\u03c4\u03b9\u03ba\u03cc \u03c3\u03cd\u03c3\u03c4\u03b7\u03bc\u03b1 \u03ba\u03b1\u03b9 \u03c4\u03bf \u03bc\u03b5\u03c4\u03b1\u03b2\u03bf\u03bb\u03b9\u03c3\u03bc\u03cc, \u03b1\u03c0\u03bf\u03c4\u03c1\u03ad\u03c0\u03bf\u03bd\u03c4\u03b1\u03c2 \u03ad\u03c4\u03c3\u03b9 \u03c4\u03b7\u03bd \u03b1\u03bd\u03ac\u03c0\u03c4\u03c5\u03be\u03b7 \u03b1\u03c3\u03b8\u03b5\u03bd\u03b5\u03b9\u03ce\u03bd<\/li>\n<li>\u03c5\u03c0\u03bf\u03c3\u03c4\u03b7\u03c1\u03af\u03b6\u03b5\u03b9 \u03c4\u03b7\u03bd \u03c0\u03bf\u03b9\u03bf\u03c4\u03b9\u03ba\u03ae \u03b2\u03b5\u03bb\u03c4\u03af\u03c9\u03c3\u03b7 \u03c4\u03c9\u03bd \u03c3\u03b5\u03be\u03bf\u03c5\u03b1\u03bb\u03b9\u03ba\u03ce\u03bd \u03b5\u03bc\u03c0\u03b5\u03b9\u03c1\u03b9\u03ce\u03bd,<\/li>\n<li>\u03c5\u03c0\u03bf\u03c3\u03c4\u03b7\u03c1\u03af\u03b6\u03b5\u03b9 \u03c4\u03b9\u03c2 \u03b4\u03b9\u03b1\u03b4\u03b9\u03ba\u03b1\u03c3\u03af\u03b5\u03c2 \u03b1\u03bd\u03b1\u03b3\u03ad\u03bd\u03bd\u03b7\u03c3\u03b7\u03c2.<\/li>\n<\/ul>\n<div class=\"su-spoiler su-spoiler-style-defoult su-spoiler-icon-caret su-spoiler-closed\" data-scroll-offset=\"0\" data-anchor-in-url=\"no\"><div class=\"su-spoiler-title\" tabindex=\"0\" role=\"button\"><span class=\"su-spoiler-icon\"><\/span>\u038c\u03bb\u03b1<\/div><div class=\"su-spoiler-content su-u-clearfix su-u-trim\">\n<p><strong>\u03a0\u03cc\u03c4\u03b5 \u03bd\u03b1 \u03c7\u03c1\u03b7\u03c3\u03b9\u03bc\u03bf\u03c0\u03bf\u03b9\u03ae\u03c3\u03b5\u03c4\u03b5 \u03c4\u03bf Eros Health Pendant;<\/strong><\/p>\n<p>\u0397 \u03c3\u03c5\u03c3\u03ba\u03b5\u03c5\u03ae \u03ad\u03c7\u03b5\u03b9 \u03b8\u03b5\u03c4\u03b9\u03ba\u03ae \u03b5\u03c0\u03af\u03b4\u03c1\u03b1\u03c3\u03b7 \u03c3\u03c4\u03b7 \u03bb\u03b5\u03b9\u03c4\u03bf\u03c5\u03c1\u03b3\u03b9\u03ba\u03ae \u03bb\u03b5\u03b9\u03c4\u03bf\u03c5\u03c1\u03b3\u03af\u03b1 \u03c4\u03bf\u03c5 \u03bf\u03c1\u03b3\u03b1\u03bd\u03b9\u03c3\u03bc\u03bf\u03cd \u03ba\u03b1\u03b9 \u03bc\u03c0\u03bf\u03c1\u03b5\u03af \u03bd\u03b1 \u03c7\u03c1\u03b7\u03c3\u03b9\u03bc\u03bf\u03c0\u03bf\u03b9\u03b7\u03b8\u03b5\u03af \u03c9\u03c2 \u03b3\u03b5\u03bd\u03b9\u03ba\u03ae \u03c3\u03c5\u03bc\u03c0\u03bb\u03b7\u03c1\u03c9\u03bc\u03b1\u03c4\u03b9\u03ba\u03ae \u03bc\u03ad\u03b8\u03bf\u03b4\u03bf\u03c2 \u03c0\u03c1\u03bf\u03b1\u03b3\u03c9\u03b3\u03ae\u03c2 \u03c4\u03b7\u03c2 \u03c5\u03b3\u03b5\u03af\u03b1\u03c2, \u03b2\u03b5\u03bb\u03c4\u03b9\u03c3\u03c4\u03bf\u03c0\u03bf\u03af\u03b7\u03c3\u03b7\u03c2 \u03ba\u03b1\u03b9 \u03b4\u03b9\u03cc\u03c1\u03b8\u03c9\u03c3\u03b7\u03c2, \u03c3\u03b5 \u03c3\u03c5\u03bd\u03b4\u03c5\u03b1\u03c3\u03bc\u03cc \u03bc\u03b5 \u03ac\u03bb\u03bb\u03b5\u03c2 \u03bc\u03b5\u03b8\u03cc\u03b4\u03bf\u03c5\u03c2, \u03b3\u03b9\u03b1 \u03c4\u03b7 \u03c3\u03c5\u03bc\u03c0\u03bb\u03b7\u03c1\u03c9\u03bc\u03b1\u03c4\u03b9\u03ba\u03ae \u03b8\u03b5\u03c1\u03b1\u03c0\u03b5\u03af\u03b1 \u03ba\u03b1\u03b9 \u03c0\u03c1\u03cc\u03bb\u03b7\u03c8\u03b7 \u03c4\u03c9\u03bd \u03b1\u03ba\u03cc\u03bb\u03bf\u03c5\u03b8\u03c9\u03bd \u03c0\u03c1\u03bf\u03b2\u03bb\u03b7\u03bc\u03ac\u03c4\u03c9\u03bd:<\/p>\n<ul>\n<li>\u03c0\u03c1\u03bf\u03b2\u03bb\u03ae\u03bc\u03b1\u03c4\u03b1 \u03c3\u03c4\u03cd\u03c3\u03b7\u03c2,<\/li>\n<li>\u03b5\u03bd\u03b4\u03bf\u03ba\u03c1\u03b9\u03bd\u03b9\u03ba\u03ad\u03c2 \u03b4\u03b9\u03b1\u03c4\u03b1\u03c1\u03b1\u03c7\u03ad\u03c2 \u03c0\u03bf\u03c5 \u03b5\u03c0\u03b7\u03c1\u03b5\u03ac\u03b6\u03bf\u03c5\u03bd \u03c4\u03b7 \u03c3\u03b5\u03be\u03bf\u03c5\u03b1\u03bb\u03b9\u03ba\u03ae \u03c3\u03c6\u03b1\u03af\u03c1\u03b1 (\u03b4\u03b9\u03b1\u03b2\u03ae\u03c4\u03b7\u03c2, \u03c5\u03c0\u03bf\u03b8\u03b1\u03bb\u03b1\u03bc\u03b9\u03ba\u03ad\u03c2 \u03b1\u03bd\u03b5\u03c0\u03ac\u03c1\u03ba\u03b5\u03b9\u03b5\u03c2, \u03b3\u03bf\u03bd\u03b1\u03b4\u03b9\u03ba\u03ad\u03c2 \u03b1\u03bd\u03b5\u03c0\u03ac\u03c1\u03ba\u03b5\u03b9\u03b5\u03c2)<\/li>\n<li>\u03c3\u03cd\u03bd\u03b4\u03c1\u03bf\u03bc\u03bf \u03c7\u03c1\u03cc\u03bd\u03b9\u03b1\u03c2 \u03ba\u03cc\u03c0\u03c9\u03c3\u03b7\u03c2 (CFS)<\/li>\n<li>\u03bc\u03b5\u03c4\u03b1\u03b2\u03bf\u03bb\u03b9\u03ba\u03cc \u03c3\u03cd\u03bd\u03b4\u03c1\u03bf\u03bc\u03bf<\/li>\n<li>\u03bc\u03b5\u03af\u03c9\u03c3\u03b7 \u03c4\u03bf\u03c5 \u03c3\u03c5\u03bd\u03b1\u03b9\u03c3\u03b8\u03b7\u03bc\u03b1\u03c4\u03b9\u03ba\u03bf\u03cd \u03b5\u03c0\u03b9\u03c0\u03ad\u03b4\u03bf\u03c5 \u03ba\u03b1\u03b9 \u03c4\u03b7\u03c2 \u03b4\u03b9\u03ac\u03b8\u03b5\u03c3\u03b7\u03c2.<\/li>\n<\/ul>\n<\/div><\/div>","protected":false},"excerpt":{"rendered":"<p>F\u0151 funkci\u00f3ja: Kieg\u00e9sz\u00edt\u0151 eszk\u00f6z a kopul\u00e1ci\u00f3s rendelleness\u00e9gek megel\u0151z\u00e9s\u00e9re \u00e9s kezel\u00e9s\u00e9re, a nemi v\u00e1gy cs\u00f6kken\u00e9s\u00e9nek, a szexu\u00e1lis aktussal kapcsolatos \u00e9rzelmi-pszich\u00e9s rendelleness\u00e9gek kieg\u00e9sz\u00edt\u0151 kezel\u00e9s\u00e9re, a regener\u00e1ci\u00f3s folyamatok aktiv\u00e1l\u00e1s\u00e1t seg\u00edt\u0151 eszk\u00f6z a nemi szf\u00e9r\u00e1t \u00e9rint\u0151 betegs\u00e9gek kieg\u00e9sz\u00edt\u0151 kezel\u00e9s\u00e9ben. Aj\u00e1nlott a szakorvos (androl\u00f3gus, szexol\u00f3gus, endokrinol\u00f3gus) \u00e1ltal javasolt ter\u00e1pia melletti alkalmaz\u00e1sa. T\u00e1mogatja: a v\u00e9rkering\u00e9st, az immunrendszer munk\u00e1j\u00e1t, az anyagcser\u00e9t, megel\u0151zve [&hellip;]<\/p>\n","protected":false},"featured_media":4687,"comment_status":"open","ping_status":"closed","template":"","meta":[],"product_brand":[],"product_cat":[33,32],"product_tag":[],"class_list":{"0":"post-4688","1":"product","2":"type-product","3":"status-publish","4":"has-post-thumbnail","6":"product_cat-egeszseg-medalok","7":"product_cat-triomed","9":"first","10":"instock","11":"taxable","12":"shipping-taxable","13":"purchasable","14":"product-type-simple"},"_links":{"self":[{"href":"https:\/\/vetomshop.hu\/el\/wp-json\/wp\/v2\/product\/4688","targetHints":{"allow":["GET"]}}],"collection":[{"href":"https:\/\/vetomshop.hu\/el\/wp-json\/wp\/v2\/product"}],"about":[{"href":"https:\/\/vetomshop.hu\/el\/wp-json\/wp\/v2\/types\/product"}],"replies":[{"embeddable":true,"href":"https:\/\/vetomshop.hu\/el\/wp-json\/wp\/v2\/comments?post=4688"}],"wp:featuredmedia":[{"embeddable":true,"href":"https:\/\/vetomshop.hu\/el\/wp-json\/wp\/v2\/media\/4687"}],"wp:attachment":[{"href":"https:\/\/vetomshop.hu\/el\/wp-json\/wp\/v2\/media?parent=4688"}],"wp:term":[{"taxonomy":"product_brand","embeddable":true,"href":"https:\/\/vetomshop.hu\/el\/wp-json\/wp\/v2\/product_brand?post=4688"},{"taxonomy":"product_cat","embeddable":true,"href":"https:\/\/vetomshop.hu\/el\/wp-json\/wp\/v2\/product_cat?post=4688"},{"taxonomy":"product_tag","embeddable":true,"href":"https:\/\/vetomshop.hu\/el\/wp-json\/wp\/v2\/product_tag?post=4688"}],"curies":[{"name":"wp","href":"https:\/\/api.w.org\/{rel}","templated":true}]}}