{"id":4690,"date":"2023-11-11T14:33:49","date_gmt":"2023-11-11T13:33:49","guid":{"rendered":"https:\/\/vetomshop.hu\/termek\/elast-medal\/"},"modified":"2023-11-11T14:33:49","modified_gmt":"2023-11-11T13:33:49","slug":"elast-medal","status":"publish","type":"product","link":"https:\/\/vetomshop.hu\/el\/product\/elast-medal\/","title":{"rendered":"\u039c\u03b5\u03c4\u03ac\u03bb\u03bb\u03b9\u03bf Elast"},"content":{"rendered":"<p>\u03a3\u03c5\u03bc\u03c0\u03bb\u03b7\u03c1\u03c9\u03bc\u03b1\u03c4\u03b9\u03ba\u03cc \u03b5\u03c1\u03b3\u03b1\u03bb\u03b5\u03af\u03bf \u03b3\u03b9\u03b1 \u03c4\u03b7\u03bd \u03c0\u03c1\u03cc\u03bb\u03b7\u03c8\u03b7 \u03ba\u03b1\u03b9 \u03c4\u03b7 \u03b8\u03b5\u03c1\u03b1\u03c0\u03b5\u03af\u03b1 \u03c4\u03c9\u03bd \u03c0\u03b1\u03b8\u03ae\u03c3\u03b5\u03c9\u03bd \u03c4\u03c9\u03bd \u03c3\u03c5\u03bd\u03b4\u03ad\u03c3\u03bc\u03c9\u03bd, \u03c4\u03b7\u03bd \u03b5\u03bd\u03b5\u03c1\u03b3\u03bf\u03c0\u03bf\u03af\u03b7\u03c3\u03b7 \u03c4\u03c9\u03bd \u03b4\u03b9\u03b1\u03b4\u03b9\u03ba\u03b1\u03c3\u03b9\u03ce\u03bd \u03b1\u03bd\u03b1\u03b3\u03ad\u03bd\u03bd\u03b7\u03c3\u03b7\u03c2 \u03ba\u03b1\u03b9 \u03c4\u03b7 \u03c3\u03c5\u03bc\u03c0\u03bb\u03b7\u03c1\u03c9\u03bc\u03b1\u03c4\u03b9\u03ba\u03ae \u03b8\u03b5\u03c1\u03b1\u03c0\u03b5\u03af\u03b1 \u03c4\u03c9\u03bd \u03c7\u03c1\u03cc\u03bd\u03b9\u03c9\u03bd \u03c0\u03b1\u03b8\u03ae\u03c3\u03b5\u03c9\u03bd \u03c4\u03c9\u03bd \u03c3\u03c5\u03bd\u03b4\u03ad\u03c3\u03bc\u03c9\u03bd.<\/p>\n<p>\u0397 \u03b5\u03c0\u03af\u03b4\u03c1\u03b1\u03c3\u03b7 \u03c4\u03bf\u03c5 Medal \u201eELAST\u201d \u03b1\u03c0\u03bf\u03c3\u03ba\u03bf\u03c0\u03b5\u03af \u03c3\u03c4\u03b7\u03bd \u03b1\u03c0\u03bf\u03ba\u03b1\u03c4\u03ac\u03c3\u03c4\u03b1\u03c3\u03b7 \u03c4\u03c9\u03bd \u03c6\u03c5\u03c3\u03b9\u03bf\u03bb\u03bf\u03b3\u03b9\u03ba\u03ce\u03bd \u03bc\u03b5\u03c4\u03b1\u03b2\u03bf\u03bb\u03b9\u03ba\u03ce\u03bd \u03b4\u03b9\u03b5\u03c1\u03b3\u03b1\u03c3\u03b9\u03ce\u03bd \u03c3\u03c4\u03b1 \u03ba\u03cd\u03c4\u03c4\u03b1\u03c1\u03b1 \u03ba\u03b1\u03b9 \u03c4\u03bf\u03c5\u03c2 \u03b9\u03c3\u03c4\u03bf\u03cd\u03c2 \u03c4\u03c9\u03bd \u03c3\u03c5\u03bd\u03b4\u03ad\u03c3\u03bc\u03c9\u03bd, \u03b5\u03c0\u03b9\u03b2\u03c1\u03b1\u03b4\u03cd\u03bd\u03bf\u03bd\u03c4\u03b1\u03c2 \u03c4\u03b7 \u03b4\u03b9\u03b1\u03b4\u03b9\u03ba\u03b1\u03c3\u03af\u03b1 \u03b3\u03ae\u03c1\u03b1\u03bd\u03c3\u03b7\u03c2.<\/p>\n<p>\u0391\u03c5\u03c4\u03cc \u03c4\u03bf \u03b5\u03c1\u03b3\u03b1\u03bb\u03b5\u03af\u03bf \u03ad\u03c7\u03b5\u03b9 \u03b8\u03b5\u03c4\u03b9\u03ba\u03cc \u03b1\u03bd\u03c4\u03af\u03ba\u03c4\u03c5\u03c0\u03bf \u03c3\u03c4\u03b7\u03bd \u03ba\u03b1\u03c4\u03ac\u03c3\u03c4\u03b1\u03c3\u03b7 \u03c4\u03c9\u03bd \u03bb\u03b5\u03b9\u03c4\u03bf\u03c5\u03c1\u03b3\u03b9\u03ce\u03bd \u03c4\u03bf\u03c5 \u03c3\u03ce\u03bc\u03b1\u03c4\u03bf\u03c2 \u03ba\u03b1\u03b9 \u03bc\u03c0\u03bf\u03c1\u03b5\u03af \u03bd\u03b1 \u03c7\u03c1\u03b7\u03c3\u03b9\u03bc\u03bf\u03c0\u03bf\u03b9\u03b7\u03b8\u03b5\u03af \u03c3\u03b5 \u03c3\u03c5\u03bd\u03b4\u03c5\u03b1\u03c3\u03bc\u03cc \u03bc\u03b5 \u03ac\u03bb\u03bb\u03b5\u03c2 \u03bc\u03b5\u03b8\u03cc\u03b4\u03bf\u03c5\u03c2 \u03c9\u03c2 \u03b5\u03c1\u03b3\u03b1\u03bb\u03b5\u03af\u03bf \u03b2\u03b5\u03bb\u03c4\u03b9\u03c3\u03c4\u03bf\u03c0\u03bf\u03af\u03b7\u03c3\u03b7\u03c2 \u03ba\u03b1\u03b9 \u03b4\u03b9\u03cc\u03c1\u03b8\u03c9\u03c3\u03b7\u03c2:<\/p>\n<ul>\n<li>\u03b1\u03c5\u03be\u03ac\u03bd\u03b5\u03b9 \u03c4\u03b7\u03bd \u03b5\u03c5\u03ba\u03b1\u03bc\u03c8\u03af\u03b1 \u03c4\u03c9\u03bd \u03c3\u03c5\u03bd\u03b4\u03ad\u03c3\u03bc\u03c9\u03bd \u03ba\u03b1\u03b9 \u03b1\u03c5\u03be\u03ac\u03bd\u03b5\u03b9 \u03c4\u03bf \u03b5\u03cd\u03c1\u03bf\u03c2 \u03c4\u03b7\u03c2 \u03ba\u03af\u03bd\u03b7\u03c3\u03b7\u03c2 \u03c4\u03c9\u03bd \u03b1\u03c1\u03b8\u03c1\u03ce\u03c3\u03b5\u03c9\u03bd \u03c9\u03c2 \u03b1\u03c0\u03ac\u03bd\u03c4\u03b7\u03c3\u03b7 \u03c3\u03c4\u03b9\u03c2 \u03b1\u03bb\u03bb\u03b1\u03b3\u03ad\u03c2 \u03c0\u03bf\u03c5 \u03c3\u03c7\u03b5\u03c4\u03af\u03b6\u03bf\u03bd\u03c4\u03b1\u03b9 \u03bc\u03b5 \u03c4\u03b7\u03bd \u03b7\u03bb\u03b9\u03ba\u03af\u03b1<\/li>\n<li>\u03bc\u03b5\u03b9\u03ce\u03bd\u03b5\u03b9 \u03c4\u03b7\u03bd \u03c0\u03b9\u03b8\u03b1\u03bd\u03cc\u03c4\u03b7\u03c4\u03b1 \u03c4\u03c1\u03b1\u03c5\u03bc\u03b1\u03c4\u03b9\u03c3\u03bc\u03bf\u03cd \u03c4\u03c9\u03bd \u03c4\u03b5\u03bd\u03cc\u03bd\u03c4\u03c9\u03bd \u03ba\u03b1\u03b9 \u03c4\u03c9\u03bd \u03c3\u03c5\u03bd\u03b4\u03ad\u03c3\u03bc\u03c9\u03bd<\/li>\n<li>\u03bc\u03b5\u03af\u03c9\u03c3\u03b7 \u03c4\u03bf\u03c5 \u03c7\u03c1\u03cc\u03bd\u03bf\u03c5 \u03b5\u03c0\u03bf\u03cd\u03bb\u03c9\u03c3\u03b7\u03c2 \u03bc\u03b5\u03c4\u03ac \u03b1\u03c0\u03cc \u03b2\u03bb\u03ac\u03b2\u03b5\u03c2 \u03c3\u03c4\u03bf\u03c5\u03c2 \u03c3\u03c5\u03bd\u03b4\u03ad\u03c3\u03bc\u03bf\u03c5\u03c2 (\u03b4\u03b9\u03b1\u03c3\u03c4\u03c1\u03ad\u03bc\u03bc\u03b1\u03c4\u03b1, \u03c1\u03ae\u03be\u03b5\u03b9\u03c2)<\/li>\n<li>\u03b5\u03c0\u03b9\u03b2\u03c1\u03ac\u03b4\u03c5\u03bd\u03c3\u03b7 \u03c4\u03c9\u03bd \u03bc\u03b5\u03c4\u03b1\u03b2\u03bf\u03bb\u03ce\u03bd \u03c4\u03c9\u03bd \u03b1\u03c1\u03b8\u03c1\u03ce\u03c3\u03b5\u03c9\u03bd \u03c0\u03bf\u03c5 \u03c3\u03c7\u03b5\u03c4\u03af\u03b6\u03bf\u03bd\u03c4\u03b1\u03b9 \u03bc\u03b5 \u03c4\u03b7\u03bd \u03b7\u03bb\u03b9\u03ba\u03af\u03b1<\/li>\n<li>\u03b5\u03bd\u03af\u03c3\u03c7\u03c5\u03c3\u03b7 \u03c4\u03c9\u03bd \u03c3\u03c5\u03bd\u03b4\u03ad\u03c3\u03bc\u03c9\u03bd \u03c4\u03c9\u03bd \u03b5\u03c3\u03c9\u03c4\u03b5\u03c1\u03b9\u03ba\u03ce\u03bd \u03bf\u03c1\u03b3\u03ac\u03bd\u03c9\u03bd, \u03b1\u03c0\u03bf\u03c4\u03c1\u03ad\u03c0\u03bf\u03bd\u03c4\u03b1\u03c2 \u03c4\u03b7\u03bd \u03c0\u03c1\u03cc\u03c0\u03c4\u03c9\u03c3\u03ae \u03c4\u03bf\u03c5\u03c2 (\u03bc\u03ae\u03c4\u03c1\u03b1, \u03ad\u03bd\u03c4\u03b5\u03c1\u03bf, \u03bd\u03b5\u03c6\u03c1\u03ac, \u03c3\u03c4\u03bf\u03bc\u03ac\u03c7\u03b9)<\/li>\n<\/ul>\n<div class=\"su-spoiler su-spoiler-style-defoult su-spoiler-icon-caret su-spoiler-closed\" data-scroll-offset=\"0\" data-anchor-in-url=\"no\"><div class=\"su-spoiler-title\" tabindex=\"0\" role=\"button\"><span class=\"su-spoiler-icon\"><\/span>\u038c\u03bb\u03b1<\/div><div class=\"su-spoiler-content su-u-clearfix su-u-trim\">\n<strong>\u0391\u03c0\u03bf\u03c4\u03b5\u03bb\u03ad\u03c3\u03bc\u03b1\u03c4\u03b1:<\/strong><\/p>\n<ul>\n<li>\u03b1\u03c0\u03bf\u03ba\u03b1\u03c4\u03ac\u03c3\u03c4\u03b1\u03c3\u03b7 \u03c4\u03c9\u03bd \u03bc\u03b5\u03c4\u03b1\u03b2\u03bf\u03bb\u03b9\u03ba\u03ce\u03bd \u03b4\u03b9\u03b5\u03c1\u03b3\u03b1\u03c3\u03b9\u03ce\u03bd \u03c3\u03c4\u03bf\u03c5\u03c2 \u03c3\u03c5\u03bd\u03b4\u03b5\u03c4\u03b9\u03ba\u03bf\u03cd\u03c2 \u03b9\u03c3\u03c4\u03bf\u03cd\u03c2 \u03c4\u03c9\u03bd \u03b1\u03c1\u03b8\u03c1\u03ce\u03c3\u03b5\u03c9\u03bd \u03ba\u03b1\u03b9 \u03c4\u03c9\u03bd \u03b5\u03c3\u03c9\u03c4\u03b5\u03c1\u03b9\u03ba\u03ce\u03bd \u03bf\u03c1\u03b3\u03ac\u03bd\u03c9\u03bd, \u03c3\u03c5\u03bc\u03c0\u03b5\u03c1\u03b9\u03bb\u03b1\u03bc\u03b2\u03b1\u03bd\u03bf\u03bc\u03ad\u03bd\u03b7\u03c2 \u03c4\u03b7\u03c2 \u03c3\u03c5\u03c3\u03c4\u03bf\u03bb\u03ae\u03c2 Dupuytren (\u03c3\u03c5\u03c3\u03c4\u03bf\u03bb\u03ae: \u03bc\u03b5\u03af\u03c9\u03c3\u03b7 \u03c4\u03c9\u03bd \u03c4\u03b5\u03bd\u03cc\u03bd\u03c4\u03c9\u03bd \u03ae\/\u03ba\u03b1\u03b9 \u03c4\u03c9\u03bd \u03bc\u03c5\u03ce\u03bd, \u03c3\u03c5\u03c1\u03c1\u03af\u03ba\u03bd\u03c9\u03c3\u03b7 \u03c0\u03bf\u03c5 \u03c0\u03c1\u03bf\u03ba\u03b1\u03bb\u03b5\u03af \u03c0\u03b1\u03c1\u03b1\u03bc\u03cc\u03c1\u03c6\u03c9\u03c3\u03b7 \u03ae\/\u03ba\u03b1\u03b9 \u03c0\u03b5\u03c1\u03b9\u03bf\u03c1\u03b9\u03c3\u03bc\u03cc)<\/li>\n<li>\u03b5\u03c0\u03b9\u03b2\u03c1\u03ac\u03b4\u03c5\u03bd\u03c3\u03b7 \u03c4\u03c9\u03bd \u201e\u03c3\u03c7\u03b5\u03c4\u03b9\u03b6\u03cc\u03bc\u03b5\u03bd\u03c9\u03bd \u03bc\u03b5 \u03c4\u03b7\u03bd \u03b7\u03bb\u03b9\u03ba\u03af\u03b1\u201d \u03b1\u03bb\u03bb\u03b1\u03b3\u03ce\u03bd \u03c3\u03c4\u03bf \u03bc\u03c5\u03bf\u03c3\u03ba\u03b5\u03bb\u03b5\u03c4\u03b9\u03ba\u03cc \u03c3\u03cd\u03c3\u03c4\u03b7\u03bc\u03b1<\/li>\n<li>\u03b2\u03b5\u03bb\u03c4\u03b9\u03ce\u03bd\u03b5\u03b9 \u03c4\u03b7\u03bd \u03b5\u03c5\u03b5\u03bb\u03b9\u03be\u03af\u03b1 \u03c4\u03c9\u03bd \u03bc\u03c5\u03ce\u03bd \u03ba\u03b1\u03b9 \u03c4\u03c9\u03bd \u03c3\u03c5\u03bd\u03b4\u03ad\u03c3\u03bc\u03c9\u03bd<\/li>\n<li>\u03b5\u03c0\u03b9\u03c4\u03b1\u03c7\u03cd\u03bd\u03b5\u03b9 \u03c4\u03b7\u03bd \u03b1\u03c0\u03bf\u03ba\u03b1\u03c4\u03ac\u03c3\u03c4\u03b1\u03c3\u03b7 \u03bc\u03b5\u03c4\u03ac \u03b1\u03c0\u03cc \u03c4\u03c1\u03b1\u03c5\u03bc\u03b1\u03c4\u03b9\u03c3\u03bc\u03bf\u03cd\u03c2 \u03ba\u03b1\u03b9 \u03c7\u03b5\u03b9\u03c1\u03bf\u03c5\u03c1\u03b3\u03b9\u03ba\u03ad\u03c2 \u03b5\u03c0\u03b5\u03bc\u03b2\u03ac\u03c3\u03b5\u03b9\u03c2, \u03b1\u03c0\u03bf\u03c4\u03c1\u03ad\u03c0\u03bf\u03bd\u03c4\u03b1\u03c2 \u03c4\u03bf \u03c3\u03c7\u03b7\u03bc\u03b1\u03c4\u03b9\u03c3\u03bc\u03cc \u03c4\u03c1\u03b1\u03c7\u03b9\u03ce\u03bd \u03bf\u03c5\u03bb\u03ce\u03bd.<\/li>\n<\/ul>\n<\/div><\/div>","protected":false},"excerpt":{"rendered":"<p>Kieg\u00e9sz\u00edt\u0151 eszk\u00f6z a ligamentum betegs\u00e9geinek megel\u0151z\u00e9s\u00e9re \u00e9s kezel\u00e9s\u00e9re, regener\u00e1ci\u00f3s folyamatok aktiv\u00e1l\u00e1s\u00e1ra \u00e9s a ligamentum kr\u00f3nikus betegs\u00e9geinek kieg\u00e9sz\u00edt\u0151 kezel\u00e9s\u00e9re. A &#8222;ELAST&#8221; Med\u00e1l hat\u00e1sa a norm\u00e1lis anyagcsere-folyamatok helyre\u00e1ll\u00edt\u00e1s\u00e1ra ir\u00e1nyul a ligamentumok sejtjeiben \u00e9s sz\u00f6veteiben, lass\u00edtva az \u00f6reged\u00e9si folyamatokat is. Ez az eszk\u00f6z pozit\u00edv hat\u00e1ssal van a testfunkci\u00f3k \u00e1llapot\u00e1ra, az optimaliz\u00e1l\u00e1s \u00e9s korrekci\u00f3 eszk\u00f6zek\u00e9nt haszn\u00e1lhat\u00f3 egy\u00e9b m\u00f3dszerekkel is [&hellip;]<\/p>\n","protected":false},"featured_media":4689,"comment_status":"open","ping_status":"closed","template":"","meta":[],"product_brand":[],"product_cat":[33,32],"product_tag":[],"class_list":{"0":"post-4690","1":"product","2":"type-product","3":"status-publish","4":"has-post-thumbnail","6":"product_cat-egeszseg-medalok","7":"product_cat-triomed","9":"first","10":"instock","11":"taxable","12":"shipping-taxable","13":"purchasable","14":"product-type-simple"},"_links":{"self":[{"href":"https:\/\/vetomshop.hu\/el\/wp-json\/wp\/v2\/product\/4690","targetHints":{"allow":["GET"]}}],"collection":[{"href":"https:\/\/vetomshop.hu\/el\/wp-json\/wp\/v2\/product"}],"about":[{"href":"https:\/\/vetomshop.hu\/el\/wp-json\/wp\/v2\/types\/product"}],"replies":[{"embeddable":true,"href":"https:\/\/vetomshop.hu\/el\/wp-json\/wp\/v2\/comments?post=4690"}],"wp:featuredmedia":[{"embeddable":true,"href":"https:\/\/vetomshop.hu\/el\/wp-json\/wp\/v2\/media\/4689"}],"wp:attachment":[{"href":"https:\/\/vetomshop.hu\/el\/wp-json\/wp\/v2\/media?parent=4690"}],"wp:term":[{"taxonomy":"product_brand","embeddable":true,"href":"https:\/\/vetomshop.hu\/el\/wp-json\/wp\/v2\/product_brand?post=4690"},{"taxonomy":"product_cat","embeddable":true,"href":"https:\/\/vetomshop.hu\/el\/wp-json\/wp\/v2\/product_cat?post=4690"},{"taxonomy":"product_tag","embeddable":true,"href":"https:\/\/vetomshop.hu\/el\/wp-json\/wp\/v2\/product_tag?post=4690"}],"curies":[{"name":"wp","href":"https:\/\/api.w.org\/{rel}","templated":true}]}}