{"id":4694,"date":"2023-11-11T14:33:50","date_gmt":"2023-11-11T13:33:50","guid":{"rendered":"https:\/\/vetomshop.hu\/termek\/eros-plus\/"},"modified":"2023-11-11T14:33:50","modified_gmt":"2023-11-11T13:33:50","slug":"eros-plus","status":"publish","type":"product","link":"https:\/\/vetomshop.hu\/el\/product\/eros-plus\/","title":{"rendered":"Eros plus"},"content":{"rendered":"<h4>\u201e\u039c\u03b5\u03bd\u03c4\u03b1\u03b3\u03b9\u03cc\u03bd \u201dEROS plus\"<\/h4>\n<p>\u201e\u03a4\u03bf \u03ba\u03c1\u03b5\u03bc\u03b1\u03c3\u03c4\u03cc \u03ba\u03cc\u03c3\u03bc\u03b7\u03bc\u03b1 \u201dEROS plus\" - \u03bc\u03b9\u03b1 \u03c3\u03c5\u03c3\u03ba\u03b5\u03c5\u03ae \u03b3\u03b9\u03b1 \u03c4\u03b7 \u03bb\u03b5\u03c0\u03c4\u03ae \u03b2\u03b9\u03bf\u03c6\u03c5\u03c3\u03b9\u03ba\u03ae \u03c1\u03cd\u03b8\u03bc\u03b9\u03c3\u03b7 \u03c4\u03c9\u03bd \u03b1\u03b4\u03ad\u03bd\u03c9\u03bd \u03c0\u03bf\u03c5 \u03b5\u03af\u03bd\u03b1\u03b9 \u03c5\u03c0\u03b5\u03cd\u03b8\u03c5\u03bd\u03bf\u03b9 \u03b3\u03b9\u03b1 \u03c4\u03b7\u03bd \u03c0\u03b1\u03c1\u03b1\u03b3\u03c9\u03b3\u03ae \u03c4\u03c9\u03bd \u03b1\u03bd\u03b4\u03c1\u03b9\u03ba\u03ce\u03bd \u03c6\u03b5\u03c1\u03bf\u03bc\u03bf\u03bd\u03ce\u03bd \u03b1\u03bd\u03b4\u03c1\u03bf\u03c3\u03c4\u03b5\u03bd\u03cc\u03bb\u03b7\u03c2 \u03ba\u03b1\u03b9 \u03b1\u03bd\u03b4\u03c1\u03bf\u03c3\u03c4\u03b5\u03c1\u03cc\u03bd\u03b7\u03c2.<br \/>\n\u039f\u03b9 \u03b1\u03bd\u03b8\u03c1\u03ce\u03c0\u03b9\u03bd\u03b5\u03c2 \u03c6\u03b5\u03c1\u03bf\u03bc\u03cc\u03bd\u03b5\u03c2 \u03b5\u03af\u03bd\u03b1\u03b9 \u03b5\u03b9\u03b4\u03b9\u03ba\u03ad\u03c2 \u03b2\u03b9\u03bf\u03c7\u03b7\u03bc\u03b9\u03ba\u03ad\u03c2 \u03b5\u03bd\u03ce\u03c3\u03b5\u03b9\u03c2 \u03c0\u03bf\u03c5 \u03c0\u03b1\u03c1\u03ac\u03b3\u03bf\u03bd\u03c4\u03b1\u03b9 \u03b1\u03c0\u03cc \u03b5\u03b9\u03b4\u03b9\u03ba\u03bf\u03cd\u03c2 \u03b1\u03b4\u03ad\u03bd\u03b5\u03c2 \u03c3\u03c4\u03bf \u03b5\u03be\u03c9\u03c4\u03b5\u03c1\u03b9\u03ba\u03cc \u03b5\u03c0\u03b9\u03b8\u03ae\u03bb\u03b9\u03bf. \u039f\u03b9 \u03c6\u03b5\u03c1\u03bf\u03bc\u03cc\u03bd\u03b5\u03c2 \u03c0\u03bf\u03c5 \u03b4\u03b9\u03b5\u03b9\u03c3\u03b4\u03cd\u03bf\u03c5\u03bd \u03c3\u03c4\u03bf \u03c0\u03b5\u03c1\u03b9\u03b2\u03ac\u03bb\u03bb\u03bf\u03bd \u03b1\u03bd\u03b9\u03c7\u03bd\u03b5\u03cd\u03bf\u03bd\u03c4\u03b1\u03b9 \u03b1\u03c0\u03cc \u03bf\u03c3\u03c6\u03c1\u03b7\u03c4\u03b9\u03ba\u03bf\u03cd\u03c2 \u03c5\u03c0\u03bf\u03b4\u03bf\u03c7\u03b5\u03af\u03c2, \u03bf\u03b9 \u03bf\u03c0\u03bf\u03af\u03bf\u03b9 \u201e\u03c3\u03b7\u03bc\u03b1\u03c4\u03bf\u03b4\u03bf\u03c4\u03bf\u03cd\u03bd\u201d \u03c4\u03b1 \u03b7\u03bc\u03b9\u03c3\u03c6\u03b1\u03af\u03c1\u03b9\u03b1 \u03c4\u03bf\u03c5 \u03b1\u03bd\u03b8\u03c1\u03ce\u03c0\u03b9\u03bd\u03bf\u03c5 \u03b5\u03b3\u03ba\u03b5\u03c6\u03ac\u03bb\u03bf\u03c5. \u039f\u03b9 \u03ba\u03c5\u03c1\u03b9\u03cc\u03c4\u03b5\u03c1\u03b5\u03c2 \u03c6\u03b5\u03c1\u03bf\u03bc\u03cc\u03bd\u03b5\u03c2 \u03c0\u03bf\u03c5 \u03c0\u03b1\u03c1\u03ac\u03b3\u03bf\u03bd\u03c4\u03b1\u03b9 \u03b1\u03c0\u03cc \u03c4\u03bf\u03bd \u03ac\u03bd\u03b8\u03c1\u03c9\u03c0\u03bf \u03b5\u03af\u03bd\u03b1\u03b9 \u03b7 \u03b1\u03bd\u03b4\u03c1\u03bf\u03c3\u03c4\u03b5\u03bd\u03cc\u03bb\u03b7 \u03ba\u03b1\u03b9 \u03b7 \u03b1\u03bd\u03b4\u03c1\u03bf\u03c3\u03c4\u03b5\u03c1\u03cc\u03bd\u03b7.<\/p>\n<div class=\"su-spoiler su-spoiler-style-defoult su-spoiler-icon-caret su-spoiler-closed\" data-scroll-offset=\"0\" data-anchor-in-url=\"no\"><div class=\"su-spoiler-title\" tabindex=\"0\" role=\"button\"><span class=\"su-spoiler-icon\"><\/span>\u038c\u03bb\u03b1<\/div><div class=\"su-spoiler-content su-u-clearfix su-u-trim\">\n<p>\u0397 \u03b1\u03bd\u03b4\u03c1\u03bf\u03c3\u03c4\u03b5\u03bd\u03cc\u03bb\u03b7 \u03b5\u03af\u03bd\u03b1\u03b9 \u03bc\u03b9\u03b1 \u03ba\u03b1\u03b8\u03bf\u03bb\u03b9\u03ba\u03ae \u03c6\u03b5\u03c1\u03bf\u03bc\u03cc\u03bd\u03b7 \u03c0\u03bf\u03c5 \u03c3\u03c5\u03bd\u03c4\u03af\u03b8\u03b5\u03c4\u03b1\u03b9 \u03ba\u03b1\u03b9 \u03b1\u03c0\u03cc \u03c4\u03b1 \u03b4\u03cd\u03bf \u03c6\u03cd\u03bb\u03b1. \u0392\u03bf\u03b7\u03b8\u03ac\u03b5\u03b9 \u03c3\u03c4\u03bf \u03bd\u03b1 \u03c0\u03c1\u03bf\u03ba\u03b1\u03bb\u03b5\u03af\u03c4\u03b1\u03b9 \u03c0\u03bf\u03bb\u03cd \u03b3\u03c1\u03ae\u03b3\u03bf\u03c1\u03b1 \u03b7 \u03c3\u03c5\u03bc\u03c0\u03ac\u03b8\u03b5\u03b9\u03b1 \u03b3\u03b9\u03b1 \u03c4\u03bf\u03bd \u03c3\u03c5\u03bd\u03bf\u03bc\u03b9\u03bb\u03b7\u03c4\u03ae, \u03c0\u03c1\u03bf\u03ba\u03b1\u03bb\u03ce\u03bd\u03c4\u03b1\u03c2 \u03c4\u03b7\u03bd \u03b5\u03c0\u03b9\u03b8\u03c5\u03bc\u03af\u03b1 \u03b3\u03b9\u03b1 \u03b5\u03c0\u03b9\u03ba\u03bf\u03b9\u03bd\u03c9\u03bd\u03af\u03b1. \u039f \u03ba\u03ac\u03c4\u03bf\u03c7\u03bf\u03c2 \u03b5\u03bd\u03cc\u03c2 \u03b1\u03c1\u03ce\u03bc\u03b1\u03c4\u03bf\u03c2 \u03c0\u03bf\u03c5 \u03c0\u03b5\u03c1\u03b9\u03ad\u03c7\u03b5\u03b9 \u03b1\u03bd\u03b4\u03c1\u03bf\u03c3\u03c4\u03b5\u03bd\u03cc\u03bb\u03b7 \u03c6\u03ad\u03c1\u03b5\u03b9 \u03bc\u03b9\u03b1 \u03b1\u03cd\u03c1\u03b1 \u03bd\u03b5\u03cc\u03c4\u03b7\u03c4\u03b1\u03c2 \u03ba\u03b1\u03b9 \u03c6\u03c1\u03b5\u03c3\u03ba\u03ac\u03b4\u03b1\u03c2, \u03b1\u03bd\u03b5\u03be\u03ac\u03c1\u03c4\u03b7\u03c4\u03b1 \u03b1\u03c0\u03cc \u03c4\u03b7\u03bd \u03b7\u03bb\u03b9\u03ba\u03af\u03b1.<\/p>\n<p>\u0391\u03bd\u03b4\u03c1\u03bf\u03c3\u03c4\u03b5\u03c1\u03cc\u03bd\u03b7 - \u03ad\u03bd\u03b1 \u03b1\u03bd\u03ac\u03bb\u03bf\u03b3\u03bf \u03bc\u03b9\u03b1\u03c2 \u03bf\u03c5\u03c3\u03af\u03b1\u03c2 \u03c0\u03bf\u03c5 \u03c3\u03c5\u03bd\u03c4\u03af\u03b8\u03b5\u03c4\u03b1\u03b9 \u03bc\u03cc\u03bd\u03bf \u03b1\u03c0\u03cc \u03c4\u03b1 \u03bc\u03ad\u03bb\u03b7 \u03c4\u03bf\u03c5 \u03b9\u03c3\u03c7\u03c5\u03c1\u03cc\u03c4\u03b5\u03c1\u03bf\u03c5 \u03c6\u03cd\u03bb\u03bf\u03c5. \u0395\u03af\u03bd\u03b1\u03b9 \u03b5\u03c0\u03af\u03c3\u03b7\u03c2 \u03b3\u03bd\u03c9\u03c3\u03c4\u03ae \u03c9\u03c2 \u03c6\u03b5\u03c1\u03bf\u03bc\u03cc\u03bd\u03b7 \u03c4\u03bf\u03c5 \u03b8\u03ac\u03c1\u03c1\u03bf\u03c5\u03c2, \u03b5\u03c0\u03b5\u03b9\u03b4\u03ae \u03bf \u03c6\u03bf\u03c1\u03ad\u03b1\u03c2 \u03c4\u03b7\u03c2 \u03ad\u03c7\u03b5\u03b9 \u03bc\u03b9\u03b1 \u03c3\u03af\u03b3\u03bf\u03c5\u03c1\u03b7, \u03b9\u03c3\u03c7\u03c5\u03c1\u03ae \u03b1\u03cd\u03c1\u03b1 \u03c0\u03bf\u03c5 \u03b5\u03af\u03bd\u03b1\u03b9 \u03b5\u03bb\u03ba\u03c5\u03c3\u03c4\u03b9\u03ba\u03ae \u03b3\u03b9\u03b1 \u03c4\u03b9\u03c2 \u03b3\u03c5\u03bd\u03b1\u03af\u03ba\u03b5\u03c2.<\/p>\n<p>\u03a6\u03bf\u03c1\u03ce\u03bd\u03c4\u03b1\u03c2 \u03c4\u03bf \u03bc\u03b5\u03bd\u03c4\u03b1\u03b3\u03b9\u03cc\u03bd \u201eEROS plus\u201d \u03b4\u03b9\u03b5\u03b3\u03b5\u03af\u03c1\u03b5\u03c4\u03b5 \u03c4\u03b7 \u03b4\u03b9\u03ba\u03ae \u03c3\u03b1\u03c2 \u03c0\u03b1\u03c1\u03b1\u03b3\u03c9\u03b3\u03ae \u03c6\u03b5\u03c1\u03bf\u03bc\u03cc\u03bd\u03b7\u03c2.<\/p>\n<p>\u03a4\u03bf \u03bc\u03b5\u03bd\u03c4\u03b1\u03b3\u03b9\u03cc\u03bd \u201eEROS plus\u201d \u03b8\u03b1 \u03c3\u03b1\u03c2 \u03b2\u03bf\u03b7\u03b8\u03ae\u03c3\u03b5\u03b9 \u03bd\u03b1 \u03b1\u03c0\u03bf\u03ba\u03c4\u03ae\u03c3\u03b5\u03c4\u03b5 \u03b1\u03c5\u03c4\u03bf\u03c0\u03b5\u03c0\u03bf\u03af\u03b8\u03b7\u03c3\u03b7, \u03bd\u03b1 \u03ba\u03b5\u03c1\u03b4\u03af\u03c3\u03b5\u03c4\u03b5 \u03c4\u03b7 \u03c3\u03c5\u03bc\u03c0\u03ac\u03b8\u03b5\u03b9\u03b1 \u03c4\u03bf\u03c5 \u03b1\u03bd\u03c4\u03af\u03b8\u03b5\u03c4\u03bf\u03c5 \u03c6\u03cd\u03bb\u03bf\u03c5.<\/p>\n<\/div><\/div>","protected":false},"excerpt":{"rendered":"<p>&#8222;EROS plus&#8221; med\u00e1l &#8222;EROS plus&#8221; med\u00e1l \u2013 a f\u00e9rfi nemi feromonok \u2013 androstenol \u00e9s androsteron \u2013 el\u0151\u00e1ll\u00edt\u00e1s\u00e1\u00e9rt felel\u0151s mirigyek finom biofizikai be\u00e1ll\u00edt\u00e1s\u00e1ra szolg\u00e1l\u00f3 eszk\u00f6z. Az emberi feromonok k\u00fcl\u00f6nleges biok\u00e9miai vegy\u00fcletek, amelyeket a k\u00fcls\u0151 epitheliumban tal\u00e1lhat\u00f3 speci\u00e1lis mirigyek termelnek. A k\u00f6rnyezetbe behatol\u00f3 feromonok a szagl\u00f3receptorok seg\u00edts\u00e9g\u00e9vel \u00e9rz\u00e9kelhet\u0151k, amik \u201e jelet k\u00f6zvet\u00edtenek\u201d az emberi agy f\u00e9ltek\u00e9ire. Az [&hellip;]<\/p>\n","protected":false},"featured_media":4693,"comment_status":"open","ping_status":"closed","template":"","meta":[],"product_brand":[],"product_cat":[33,32],"product_tag":[],"class_list":{"0":"post-4694","1":"product","2":"type-product","3":"status-publish","4":"has-post-thumbnail","6":"product_cat-egeszseg-medalok","7":"product_cat-triomed","9":"first","10":"instock","11":"taxable","12":"shipping-taxable","13":"purchasable","14":"product-type-simple"},"_links":{"self":[{"href":"https:\/\/vetomshop.hu\/el\/wp-json\/wp\/v2\/product\/4694","targetHints":{"allow":["GET"]}}],"collection":[{"href":"https:\/\/vetomshop.hu\/el\/wp-json\/wp\/v2\/product"}],"about":[{"href":"https:\/\/vetomshop.hu\/el\/wp-json\/wp\/v2\/types\/product"}],"replies":[{"embeddable":true,"href":"https:\/\/vetomshop.hu\/el\/wp-json\/wp\/v2\/comments?post=4694"}],"wp:featuredmedia":[{"embeddable":true,"href":"https:\/\/vetomshop.hu\/el\/wp-json\/wp\/v2\/media\/4693"}],"wp:attachment":[{"href":"https:\/\/vetomshop.hu\/el\/wp-json\/wp\/v2\/media?parent=4694"}],"wp:term":[{"taxonomy":"product_brand","embeddable":true,"href":"https:\/\/vetomshop.hu\/el\/wp-json\/wp\/v2\/product_brand?post=4694"},{"taxonomy":"product_cat","embeddable":true,"href":"https:\/\/vetomshop.hu\/el\/wp-json\/wp\/v2\/product_cat?post=4694"},{"taxonomy":"product_tag","embeddable":true,"href":"https:\/\/vetomshop.hu\/el\/wp-json\/wp\/v2\/product_tag?post=4694"}],"curies":[{"name":"wp","href":"https:\/\/api.w.org\/{rel}","templated":true}]}}