{"id":4696,"date":"2023-11-11T14:33:51","date_gmt":"2023-11-11T13:33:51","guid":{"rendered":"https:\/\/vetomshop.hu\/termek\/hemo-medal\/"},"modified":"2023-11-11T14:33:51","modified_gmt":"2023-11-11T13:33:51","slug":"hemo-medal","status":"publish","type":"product","link":"https:\/\/vetomshop.hu\/el\/product\/hemo-medal\/","title":{"rendered":"Hemo \u039c\u03b5\u03bd\u03c4\u03b1\u03b3\u03b9\u03cc\u03bd"},"content":{"rendered":"<h4>Hemo \u039c\u03b5\u03bd\u03c4\u03b1\u03b3\u03b9\u03cc\u03bd<\/h4>\n<p>\u0397 \u03ba\u03b1\u03b8\u03b7\u03bc\u03b5\u03c1\u03b9\u03bd\u03ae \u03c7\u03c1\u03ae\u03c3\u03b7 \u03c4\u03bf\u03c5 Triomed Medals \u03bc\u03c0\u03bf\u03c1\u03b5\u03af \u03bd\u03b1 \u03c5\u03c0\u03bf\u03c3\u03c4\u03b7\u03c1\u03af\u03be\u03b5\u03b9 \u03c4\u03b7\u03bd \u03b5\u03c0\u03af\u03c4\u03b5\u03c5\u03be\u03b7 \u03bc\u03b9\u03b1\u03c2 \u03bc\u03b1\u03ba\u03c1\u03ac\u03c2, \u03b5\u03c5\u03c4\u03c5\u03c7\u03b9\u03c3\u03bc\u03ad\u03bd\u03b7\u03c2 \u03ba\u03b1\u03b9 \u03c5\u03b3\u03b9\u03bf\u03cd\u03c2 \u03b6\u03c9\u03ae\u03c2. \u0395\u03bd\u03b1\u03c1\u03bc\u03bf\u03bd\u03af\u03b6\u03bf\u03c5\u03bd \u03b1\u03c0\u03b1\u03bb\u03ac \u03c4\u03bf \u03c3\u03cd\u03c3\u03c4\u03b7\u03bc\u03b1 \u03b5\u03bd\u03b5\u03c1\u03b3\u03b5\u03b9\u03b1\u03ba\u03ce\u03bd \u03c0\u03bb\u03b7\u03c1\u03bf\u03c6\u03bf\u03c1\u03b9\u03ce\u03bd \u03c4\u03bf\u03c5 \u03c3\u03ce\u03bc\u03b1\u03c4\u03bf\u03c2.<\/p>\n<p><strong>\u0393\u03b9\u03b1 \u03c0\u03bf\u03b9\u03bf\u03c5\u03c2 \u03c3\u03c5\u03bd\u03b9\u03c3\u03c4\u03ac\u03c4\u03b1\u03b9;<\/strong><\/p>\n<p>\u038c\u03bb\u03bf\u03b9 \u03cc\u03c3\u03bf\u03b9 \u03c0\u03ac\u03c3\u03c7\u03bf\u03c5\u03bd \u03b1\u03c0\u03cc \u03ad\u03bb\u03bb\u03b5\u03b9\u03c8\u03b7 \u03bf\u03be\u03c5\u03b3\u03cc\u03bd\u03bf\u03c5, \u03c5\u03c8\u03b7\u03bb\u03ac \u03b5\u03c0\u03af\u03c0\u03b5\u03b4\u03b1 \u03c7\u03bf\u03bb\u03b7\u03c3\u03c4\u03b5\u03c1\u03cc\u03bb\u03b7\u03c2, \u201e\u03c0\u03b1\u03c7\u03cd\u201d \u03b1\u03af\u03bc\u03b1, \u03b1\u03b8\u03b7\u03c1\u03bf\u03c3\u03ba\u03bb\u03ae\u03c1\u03c9\u03c3\u03b7.<\/p>\n<p>\u03a0\u03b1\u03b9\u03b4\u03b9\u03ac \u03ba\u03ac\u03c4\u03c9 \u03c4\u03c9\u03bd 6 \u03b5\u03c4\u03ce\u03bd \u03c0\u03c1\u03ad\u03c0\u03b5\u03b9 \u03bd\u03b1 \u03c4\u03bf \u03c7\u03c1\u03b7\u03c3\u03b9\u03bc\u03bf\u03c0\u03bf\u03b9\u03bf\u03cd\u03bd \u03bc\u03cc\u03bd\u03bf \u03c5\u03c0\u03cc \u03c4\u03b7\u03bd \u03b5\u03c0\u03af\u03b2\u03bb\u03b5\u03c8\u03b7 \u03c4\u03c9\u03bd \u03b3\u03bf\u03bd\u03ad\u03c9\u03bd!<\/p>\n<p>\u03a4\u03b1 \u03bc\u03b5\u03bd\u03c4\u03b1\u03b3\u03b9\u03cc\u03bd Triomed \u03b5\u03af\u03bd\u03b1\u03b9 \u03b1\u03b4\u03b9\u03ac\u03b2\u03c1\u03bf\u03c7\u03b1 \u03ba\u03b1\u03b9 \u03bc\u03c0\u03bf\u03c1\u03bf\u03cd\u03bd \u03bd\u03b1 \u03c4\u03bf\u03c0\u03bf\u03b8\u03b5\u03c4\u03b7\u03b8\u03bf\u03cd\u03bd \u03c3\u03c4\u03bf \u03bd\u03b5\u03c1\u03cc.<\/p>\n<p>\u038c\u03bb\u03b1 \u03c4\u03b1 \u03bc\u03b5\u03c4\u03ac\u03bb\u03bb\u03b9\u03b1 Triomed \u03c5\u03c0\u03bf\u03b2\u03ac\u03bb\u03bb\u03bf\u03bd\u03c4\u03b1\u03b9 \u03c3\u03b5 \u03b5\u03b9\u03b4\u03b9\u03ba\u03cc \u03c6\u03b1\u03c3\u03bc\u03b1\u03c4\u03b9\u03ba\u03cc - \u03c6\u03c9\u03c4\u03bf\u03bc\u03b5\u03c4\u03c1\u03b9\u03ba\u03cc - \u03ad\u03bb\u03b5\u03b3\u03c7\u03bf \u03c0\u03c1\u03b9\u03bd \u03ba\u03c5\u03ba\u03bb\u03bf\u03c6\u03bf\u03c1\u03ae\u03c3\u03bf\u03c5\u03bd \u03c0\u03c1\u03bf\u03c2 \u03c0\u03ce\u03bb\u03b7\u03c3\u03b7, \u03bf \u03bf\u03c0\u03bf\u03af\u03bf\u03c2 \u03b5\u03be\u03b1\u03c3\u03c6\u03b1\u03bb\u03af\u03b6\u03b5\u03b9 \u03c4\u03b7\u03bd \u03c0\u03bf\u03b9\u03cc\u03c4\u03b7\u03c4\u03b1 \u03ba\u03b1\u03b9 \u03c4\u03b7 \u03c3\u03c5\u03bd\u03ad\u03c0\u03b5\u03b9\u03b1 \u03c4\u03c9\u03bd \u03c3\u03b7\u03bc\u03ac\u03c4\u03c9\u03bd.<\/p>","protected":false},"excerpt":{"rendered":"<p>Hemo Med\u00e1l A Triomed Med\u00e1lok napi szinten t\u00f6rt\u00e9n\u0151 alkalmaz\u00e1sa t\u00e1mogathatja a hossz\u00fa, boldog, eg\u00e9szs\u00e9ges \u00e9let el\u00e9r\u00e9s\u00e9t. L\u00e1gyan harmoniz\u00e1lj\u00e1k a szervezet energia-inform\u00e1ci\u00f3s rendszer\u00e9nek m\u0171k\u00f6d\u00e9s\u00e9t. Kiknek aj\u00e1nljuk? Mindazoknak, akik oxig\u00e9nhi\u00e1nyt\u00f3l szenvednek, magas a koleszterin szintj\u00fck, \u201es\u0171r\u0171\u201d a v\u00e9r\u00fck, \u00e9relmeszesed\u00e9st\u0151l szenvednek. 6 \u00e9ven aluli gyermek csak sz\u00fcl\u0151i fel\u00fcgyelet mellett alkalmazhatja! A Triomed Med\u00e1lok v\u00edzbe helyezhet\u0151ek, v\u00edzhatlanok. Minden Triomed [&hellip;]<\/p>\n","protected":false},"featured_media":4695,"comment_status":"open","ping_status":"closed","template":"","meta":[],"product_brand":[],"product_cat":[33,32],"product_tag":[],"class_list":{"0":"post-4696","1":"product","2":"type-product","3":"status-publish","4":"has-post-thumbnail","6":"product_cat-egeszseg-medalok","7":"product_cat-triomed","9":"first","10":"instock","11":"taxable","12":"shipping-taxable","13":"purchasable","14":"product-type-simple"},"_links":{"self":[{"href":"https:\/\/vetomshop.hu\/el\/wp-json\/wp\/v2\/product\/4696","targetHints":{"allow":["GET"]}}],"collection":[{"href":"https:\/\/vetomshop.hu\/el\/wp-json\/wp\/v2\/product"}],"about":[{"href":"https:\/\/vetomshop.hu\/el\/wp-json\/wp\/v2\/types\/product"}],"replies":[{"embeddable":true,"href":"https:\/\/vetomshop.hu\/el\/wp-json\/wp\/v2\/comments?post=4696"}],"wp:featuredmedia":[{"embeddable":true,"href":"https:\/\/vetomshop.hu\/el\/wp-json\/wp\/v2\/media\/4695"}],"wp:attachment":[{"href":"https:\/\/vetomshop.hu\/el\/wp-json\/wp\/v2\/media?parent=4696"}],"wp:term":[{"taxonomy":"product_brand","embeddable":true,"href":"https:\/\/vetomshop.hu\/el\/wp-json\/wp\/v2\/product_brand?post=4696"},{"taxonomy":"product_cat","embeddable":true,"href":"https:\/\/vetomshop.hu\/el\/wp-json\/wp\/v2\/product_cat?post=4696"},{"taxonomy":"product_tag","embeddable":true,"href":"https:\/\/vetomshop.hu\/el\/wp-json\/wp\/v2\/product_tag?post=4696"}],"curies":[{"name":"wp","href":"https:\/\/api.w.org\/{rel}","templated":true}]}}