{"id":4698,"date":"2023-11-11T14:33:51","date_gmt":"2023-11-11T13:33:51","guid":{"rendered":"https:\/\/vetomshop.hu\/termek\/gamma-medal\/"},"modified":"2023-11-11T14:33:51","modified_gmt":"2023-11-11T13:33:51","slug":"gamma-medal","status":"publish","type":"product","link":"https:\/\/vetomshop.hu\/el\/product\/gamma-medal\/","title":{"rendered":"\u039c\u03b5\u03c4\u03ac\u03bb\u03bb\u03b9\u03bf \u0393\u03ac\u03bc\u03bc\u03b1"},"content":{"rendered":"<h4>\u039c\u03b5\u03c4\u03ac\u03bb\u03bb\u03b9\u03bf \u03c5\u03b3\u03b5\u03af\u03b1\u03c2 \u0393\u03ac\u03bc\u03bc\u03b1<\/h4>\n<p>\u03a4\u03bf Gamma Pendant \u03b5\u03af\u03bd\u03b1\u03b9 \u03bf \u03c0\u03b9\u03bf \u03c0\u03c1\u03cc\u03c3\u03c6\u03b1\u03c4\u03bf\u03c2 \u03bc\u03b9\u03ba\u03c1\u03bf\u03c3\u03ba\u03bf\u03c0\u03b9\u03ba\u03cc\u03c2 \u03bc\u03b5\u03c4\u03b1\u03c4\u03c1\u03bf\u03c0\u03ad\u03b1\u03c2, \u03bc\u03b9\u03b1 \u03ba\u03b1\u03b9\u03bd\u03bf\u03c4\u03cc\u03bc\u03bf\u03c2 \u03b5\u03be\u03ad\u03bb\u03b9\u03be\u03b7 \u03c4\u03c9\u03bd \u03a1\u03ce\u03c3\u03c9\u03bd \u03b5\u03c0\u03b9\u03c3\u03c4\u03b7\u03bc\u03cc\u03bd\u03c9\u03bd \u03c4\u03b7\u03c2 Triomed, \u03bc\u03b9\u03b1\u03c2 \u03b5\u03c4\u03b1\u03b9\u03c1\u03b5\u03af\u03b1\u03c2 \u03b9\u03b1\u03c4\u03c1\u03b9\u03ba\u03ce\u03bd \u03c3\u03c5\u03c3\u03ba\u03b5\u03c5\u03ce\u03bd. \u0392\u03bf\u03b7\u03b8\u03ac \u03c3\u03c4\u03b7\u03bd \u03c0\u03c1\u03cc\u03bb\u03b7\u03c8\u03b7 \u03c4\u03c9\u03bd \u03b1\u03c3\u03b8\u03b5\u03bd\u03b5\u03b9\u03ce\u03bd \u03c4\u03bf\u03c5 \u03b8\u03c5\u03c1\u03b5\u03bf\u03b5\u03b9\u03b4\u03bf\u03cd\u03c2, \u03c3\u03c4\u03b7\u03bd \u03b1\u03c0\u03bf\u03ba\u03b1\u03c4\u03ac\u03c3\u03c4\u03b1\u03c3\u03b7 \u03c4\u03b7\u03c2 \u03b9\u03c3\u03bf\u03c1\u03c1\u03bf\u03c0\u03af\u03b1\u03c2 \u03c4\u03bf\u03c5 \u03bf\u03c1\u03b3\u03b1\u03bd\u03b9\u03c3\u03bc\u03bf\u03cd \u03ba\u03b1\u03b9 \u03c3\u03c4\u03b9\u03c2 \u03b9\u03ba\u03b1\u03bd\u03cc\u03c4\u03b7\u03c4\u03b5\u03c2 \u03b1\u03c5\u03c4\u03bf\u03b8\u03b5\u03c1\u03b1\u03c0\u03b5\u03af\u03b1\u03c2 \u03c3\u03b5 \u03c0\u03b5\u03c1\u03af\u03c0\u03c4\u03c9\u03c3\u03b7 \u03c0\u03c1\u03bf\u03b2\u03bb\u03b7\u03bc\u03ac\u03c4\u03c9\u03bd \u03c4\u03bf\u03c5 \u03b8\u03c5\u03c1\u03b5\u03bf\u03b5\u03b9\u03b4\u03bf\u03cd\u03c2.<\/p>\n<p>\u03a3\u03c5\u03bd\u03b9\u03c3\u03c4\u03ac\u03c4\u03b1\u03b9 \u03c9\u03c2 \u03c3\u03c5\u03bc\u03c0\u03bb\u03ae\u03c1\u03c9\u03bc\u03b1 \u03c4\u03b7\u03c2 \u03b9\u03b1\u03c4\u03c1\u03b9\u03ba\u03ae\u03c2 \u03b8\u03b5\u03c1\u03b1\u03c0\u03b5\u03af\u03b1\u03c2 \u03b3\u03b9\u03b1 \u03cc\u03c3\u03bf\u03c5\u03c2 \u03c0\u03ac\u03c3\u03c7\u03bf\u03c5\u03bd \u03b1\u03c0\u03cc \u03c5\u03c0\u03bf\u03b8\u03c5\u03c1\u03b5\u03bf\u03b5\u03b9\u03b4\u03b9\u03c3\u03bc\u03cc, \u03c5\u03c0\u03b5\u03c1\u03b8\u03c5\u03c1\u03b5\u03bf\u03b5\u03b9\u03b4\u03b9\u03c3\u03bc\u03cc, \u03c6\u03bb\u03b5\u03b3\u03bc\u03bf\u03bd\u03ae, \u03bd\u03cc\u03c3\u03bf Hashimoto, \u03b1\u03bd\u03b5\u03c0\u03ac\u03c1\u03ba\u03b5\u03b9\u03b1 \u03b9\u03c9\u03b4\u03af\u03bf\u03c5 \u03ae \u03ac\u03bb\u03bb\u03b5\u03c2 \u03cd\u03c0\u03bf\u03c0\u03c4\u03b5\u03c2 \u03c0\u03b1\u03b8\u03ae\u03c3\u03b5\u03b9\u03c2 \u03c4\u03bf\u03c5 \u03b8\u03c5\u03c1\u03b5\u03bf\u03b5\u03b9\u03b4\u03bf\u03cd\u03c2.<\/p>","protected":false},"excerpt":{"rendered":"<p>Gamma Eg\u00e9szs\u00e9g Med\u00e1l A Gamma Med\u00e1l a leg\u00fajabb miniat\u0171r jelad\u00f3 k\u00e9sz\u00fcl\u00e9k, innovat\u00edv fejleszt\u00e9s a Triomed orvostechnikai eszk\u00f6z\u00f6ket gy\u00e1rt\u00f3 \u00e9s fejleszt\u0151 c\u00e9g orosz tud\u00f3sait\u00f3l. Seg\u00edt a pajzsmirigy betegs\u00e9gek megel\u0151z\u00e9s\u00e9ben, seg\u00edt vissza\u00e1ll\u00edtani a szervezet egyens\u00faly\u00e1t, \u00f6ngy\u00f3gy\u00edt\u00f3 k\u00e9pess\u00e9geit pajzsmirigy probl\u00e9m\u00e1k eset\u00e9n. Mint gy\u00f3gykezel\u00e9st kieg\u00e9sz\u00edt\u0151 korrekci\u00f3s eszk\u00f6z javasolt mindazoknak, akik az al\u00e1bbi betegs\u00e9gekben szenvednek: pajzsmirigy alul \u2013 \u00e9s t\u00falm\u0171k\u00f6d\u00e9s, [&hellip;]<\/p>\n","protected":false},"featured_media":4697,"comment_status":"open","ping_status":"closed","template":"","meta":[],"product_brand":[],"product_cat":[33,32],"product_tag":[],"class_list":{"0":"post-4698","1":"product","2":"type-product","3":"status-publish","4":"has-post-thumbnail","6":"product_cat-egeszseg-medalok","7":"product_cat-triomed","9":"first","10":"instock","11":"taxable","12":"shipping-taxable","13":"purchasable","14":"product-type-simple"},"_links":{"self":[{"href":"https:\/\/vetomshop.hu\/el\/wp-json\/wp\/v2\/product\/4698","targetHints":{"allow":["GET"]}}],"collection":[{"href":"https:\/\/vetomshop.hu\/el\/wp-json\/wp\/v2\/product"}],"about":[{"href":"https:\/\/vetomshop.hu\/el\/wp-json\/wp\/v2\/types\/product"}],"replies":[{"embeddable":true,"href":"https:\/\/vetomshop.hu\/el\/wp-json\/wp\/v2\/comments?post=4698"}],"wp:featuredmedia":[{"embeddable":true,"href":"https:\/\/vetomshop.hu\/el\/wp-json\/wp\/v2\/media\/4697"}],"wp:attachment":[{"href":"https:\/\/vetomshop.hu\/el\/wp-json\/wp\/v2\/media?parent=4698"}],"wp:term":[{"taxonomy":"product_brand","embeddable":true,"href":"https:\/\/vetomshop.hu\/el\/wp-json\/wp\/v2\/product_brand?post=4698"},{"taxonomy":"product_cat","embeddable":true,"href":"https:\/\/vetomshop.hu\/el\/wp-json\/wp\/v2\/product_cat?post=4698"},{"taxonomy":"product_tag","embeddable":true,"href":"https:\/\/vetomshop.hu\/el\/wp-json\/wp\/v2\/product_tag?post=4698"}],"curies":[{"name":"wp","href":"https:\/\/api.w.org\/{rel}","templated":true}]}}