{"id":4700,"date":"2023-11-11T14:33:51","date_gmt":"2023-11-11T13:33:51","guid":{"rendered":"https:\/\/vetomshop.hu\/termek\/jo-ejt-medal\/"},"modified":"2026-03-30T09:26:44","modified_gmt":"2026-03-30T07:26:44","slug":"jo-ejt-medal","status":"publish","type":"product","link":"https:\/\/vetomshop.hu\/el\/product\/jo-ejt-medal\/","title":{"rendered":"\u039c\u03b5\u03c4\u03ac\u03bb\u03bb\u03b9\u03bf \u03ba\u03b1\u03bb\u03b7\u03bd\u03cd\u03c7\u03c4\u03b1\u03c2"},"content":{"rendered":"<p>\u201e\u039c\u03b5\u03bd\u03c4\u03b1\u03b3\u03b9\u03cc\u03bd \u201d\u039a\u03b1\u03bb\u03b7\u03bd\u03cd\u03c7\u03c4\u03b1\" - \u03bc\u03b5\u03c4\u03b1\u03c6\u03ad\u03c1\u03b5\u03b9 \u03b5\u03be\u03b1\u03b9\u03c1\u03b5\u03c4\u03b9\u03ba\u03ac \u03ae\u03c0\u03b9\u03b1 \u03c3\u03ae\u03bc\u03b1\u03c4\u03b1 \u03c0\u03bf\u03c5 \u03c3\u03c5\u03bc\u03b2\u03ac\u03bb\u03bb\u03bf\u03c5\u03bd \u03c3\u03c4\u03b7\u03bd \u03b5\u03c5\u03ba\u03bf\u03bb\u03cc\u03c4\u03b5\u03c1\u03b7 \u03b1\u03c0\u03bf\u03ba\u03bf\u03b9\u03bc\u03b9\u03b4\u03ae \u03ba\u03b1\u03b9 \u03c4\u03b7\u03bd \u03ba\u03b1\u03bb\u03cd\u03c4\u03b5\u03c1\u03b7 \u03c0\u03bf\u03b9\u03cc\u03c4\u03b7\u03c4\u03b1 \u03c4\u03bf\u03c5 \u03cd\u03c0\u03bd\u03bf\u03c5.<\/p>\n<p><strong>\u03a0\u03c1\u03bf\u03c4\u03ac\u03c3\u03b5\u03b9\u03c2 \u03b3\u03b9\u03b1 \u03ba\u03b1\u03bb\u03cd\u03c4\u03b5\u03c1\u03bf \u03cd\u03c0\u03bd\u03bf:<\/strong><\/p>\n<ul>\n<li>\u03b1\u03c0\u03bf\u03c6\u03cd\u03b3\u03b5\u03c4\u03b5 \u03c4\u03b1 \u03ba\u03b1\u03c6\u03b5\u03ca\u03bd\u03bf\u03cd\u03c7\u03b1 \u03c0\u03bf\u03c4\u03ac, \u03c4\u03b7 \u03bd\u03b9\u03ba\u03bf\u03c4\u03af\u03bd\u03b7, \u03c4\u03b9\u03c2 \u03bc\u03b5\u03b3\u03ac\u03bb\u03b5\u03c2 \u03c0\u03bf\u03c3\u03cc\u03c4\u03b7\u03c4\u03b5\u03c2 \u03b1\u03bb\u03ba\u03bf\u03cc\u03bb<\/li>\n<li>\u03c0\u03b5\u03c1\u03c0\u03b1\u03c4\u03ae\u03c3\u03c4\u03b5 \u03cc\u03c3\u03bf \u03c4\u03bf \u03b4\u03c5\u03bd\u03b1\u03c4\u03cc\u03bd \u03c0\u03b5\u03c1\u03b9\u03c3\u03c3\u03cc\u03c4\u03b5\u03c1\u03bf, \u03b2\u03ac\u03bb\u03c4\u03b5 \u03c4\u03b7\u03bd \u03ac\u03c3\u03ba\u03b7\u03c3\u03b7 \u03c3\u03c4\u03bf\u03bd \u03c4\u03c1\u03cc\u03c0\u03bf \u03b6\u03c9\u03ae\u03c2 \u03c3\u03b1\u03c2,<\/li>\n<li>\u03b7 \u03ba\u03c1\u03b5\u03b2\u03b1\u03c4\u03bf\u03ba\u03ac\u03bc\u03b1\u03c1\u03ac \u03c3\u03b1\u03c2 \u03c0\u03c1\u03ad\u03c0\u03b5\u03b9 \u03bd\u03b1 \u03b5\u03af\u03bd\u03b1\u03b9 \u03c0\u03b9\u03bf \u03b4\u03c1\u03bf\u03c3\u03b5\u03c1\u03ae \u03ba\u03b1\u03b9 \u03bd\u03b1 \u03ad\u03c7\u03b5\u03b9 \u03ba\u03b1\u03b8\u03b1\u03c1\u03cc \u03b1\u03ad\u03c1\u03b1,<\/li>\n<li>\u03b4\u03b5\u03bd \u03ad\u03c7\u03bf\u03c5\u03bd \u03ba\u03b1\u03bb\u03cc \u03cd\u03c0\u03bd\u03bf,<\/li>\n<li>\u03bc\u03b7\u03bd \u03ba\u03bf\u03b9\u03bc\u03ac\u03c3\u03c4\u03b5 \u03ba\u03b1\u03c4\u03ac \u03c4\u03b7 \u03b4\u03b9\u03ac\u03c1\u03ba\u03b5\u03b9\u03b1 \u03c4\u03b7\u03c2 \u03b7\u03bc\u03ad\u03c1\u03b1\u03c2,<\/li>\n<li>\u03c7\u03c1\u03b7\u03c3\u03b9\u03bc\u03bf\u03c0\u03bf\u03b9\u03ae\u03c3\u03c4\u03b5 \u03c4\u03bf \u03bc\u03b5\u03bd\u03c4\u03b1\u03b3\u03b9\u03cc\u03bd \u039a\u03b1\u03bb\u03b7\u03bd\u03cd\u03c7\u03c4\u03b1.<\/li>\n<\/ul>\n<p><strong>\u039f \u03b1\u03bd\u03c4\u03af\u03ba\u03c4\u03c5\u03c0\u03bf\u03c2 \u03c4\u03bf\u03c5 \u03bc\u03b5\u03bd\u03c4\u03b1\u03b3\u03b9\u03cc\u03bd:<\/strong><\/p>\n<ul>\n<li>\u03bc\u03b5\u03b9\u03ce\u03bd\u03b5\u03b9 \u03c4\u03bf \u03c8\u03c5\u03c7\u03bf\u03c3\u03c5\u03bd\u03b1\u03b9\u03c3\u03b8\u03b7\u03bc\u03b1\u03c4\u03b9\u03ba\u03cc \u03c3\u03c4\u03c1\u03b5\u03c2,<\/li>\n<li>\u03bc\u03b5\u03b9\u03ce\u03bd\u03b5\u03b9 \u03c4\u03b1 \u03c3\u03c5\u03bd\u03b1\u03b9\u03c3\u03b8\u03ae\u03bc\u03b1\u03c4\u03b1 \u03ac\u03b3\u03c7\u03bf\u03c5\u03c2 \u03ba\u03b1\u03b9 \u03c3\u03c5\u03bd\u03b1\u03b3\u03b5\u03c1\u03bc\u03bf\u03cd, \u03c6\u03cc\u03b2\u03bf\u03c5,<\/li>\n<li>\u03c3\u03c5\u03bc\u03b2\u03ac\u03bb\u03bb\u03b5\u03b9 \u03c3\u03c4\u03b7\u03bd \u03bf\u03bc\u03b1\u03bb\u03bf\u03c0\u03bf\u03af\u03b7\u03c3\u03b7 \u03c4\u03bf\u03c5 \u03cd\u03c0\u03bd\u03bf\u03c5\/\u03ba\u03bf\u03b9\u03bc\u03ae\u03c3\u03b5\u03c9\u03bd.<\/li>\n<\/ul>","protected":false},"excerpt":{"rendered":"<p>\u201eJ\u00f3 \u00e9jt\u201d Med\u00e1l-olyan extr\u00e9m gyeng\u00e9d jeleket hordoz, melyek hozz\u00e1j\u00e1rulnak a k\u00f6nnyebb elalv\u00e1s\u00e9rt \u00e9s az alv\u00e1s jobb min\u0151s\u00e9g\u00e9\u00e9rt. Javaslatok a jobb alv\u00e1s\u00e9rt: ne fogyasszon koffein tartalm\u00fa italokat-\u00e9teleket, nikotint, nagyobb mennyis\u00e9g\u0171 alkoholt s\u00e9t\u00e1ljon min\u00e9l t\u00f6bbet, vezesse be \u00e9letm\u00f3dj\u00e1ba a mozg\u00e1st, a h\u00e1l\u00f3szob\u00e1j\u00e1ban legyen h\u0171v\u00f6sebb, \u00e9s friss leveg\u0151, ne lakjon j\u00f3l lefekv\u00e9s el\u0151tt, ne aludjon a napk\u00f6zben, haszn\u00e1lja [&hellip;]<\/p>\n","protected":false},"featured_media":4699,"comment_status":"open","ping_status":"closed","template":"","meta":[],"product_brand":[],"product_cat":[33,32],"product_tag":[],"class_list":{"0":"post-4700","1":"product","2":"type-product","3":"status-publish","4":"has-post-thumbnail","6":"product_cat-egeszseg-medalok","7":"product_cat-triomed","9":"first","10":"instock","11":"taxable","12":"shipping-taxable","13":"purchasable","14":"product-type-simple"},"_links":{"self":[{"href":"https:\/\/vetomshop.hu\/el\/wp-json\/wp\/v2\/product\/4700","targetHints":{"allow":["GET"]}}],"collection":[{"href":"https:\/\/vetomshop.hu\/el\/wp-json\/wp\/v2\/product"}],"about":[{"href":"https:\/\/vetomshop.hu\/el\/wp-json\/wp\/v2\/types\/product"}],"replies":[{"embeddable":true,"href":"https:\/\/vetomshop.hu\/el\/wp-json\/wp\/v2\/comments?post=4700"}],"wp:featuredmedia":[{"embeddable":true,"href":"https:\/\/vetomshop.hu\/el\/wp-json\/wp\/v2\/media\/4699"}],"wp:attachment":[{"href":"https:\/\/vetomshop.hu\/el\/wp-json\/wp\/v2\/media?parent=4700"}],"wp:term":[{"taxonomy":"product_brand","embeddable":true,"href":"https:\/\/vetomshop.hu\/el\/wp-json\/wp\/v2\/product_brand?post=4700"},{"taxonomy":"product_cat","embeddable":true,"href":"https:\/\/vetomshop.hu\/el\/wp-json\/wp\/v2\/product_cat?post=4700"},{"taxonomy":"product_tag","embeddable":true,"href":"https:\/\/vetomshop.hu\/el\/wp-json\/wp\/v2\/product_tag?post=4700"}],"curies":[{"name":"wp","href":"https:\/\/api.w.org\/{rel}","templated":true}]}}