{"id":4702,"date":"2023-11-11T14:33:52","date_gmt":"2023-11-11T13:33:52","guid":{"rendered":"https:\/\/vetomshop.hu\/termek\/happy-dog-medal\/"},"modified":"2023-11-11T14:33:52","modified_gmt":"2023-11-11T13:33:52","slug":"happy-dog-medal","status":"publish","type":"product","link":"https:\/\/vetomshop.hu\/el\/product\/happy-dog-medal\/","title":{"rendered":"Happy Dog \u039c\u03b5\u03bd\u03c4\u03b1\u03b3\u03b9\u03cc\u03bd"},"content":{"rendered":"<h4>\u039c\u03b5\u03c4\u03ac\u03bb\u03bb\u03b9\u03bf Happy Dog \u03b3\u03b9\u03b1 \u03c3\u03ba\u03cd\u03bb\u03bf\u03c5\u03c2<\/h4>\n<p>\u039c\u03c0\u03bf\u03c1\u03b5\u03af \u03bd\u03b1 \u03c7\u03c1\u03b7\u03c3\u03b9\u03bc\u03bf\u03c0\u03bf\u03b9\u03b7\u03b8\u03b5\u03af \u03b3\u03b9\u03b1 \u03c4\u03b7\u03bd \u03c0\u03c1\u03cc\u03bb\u03b7\u03c8\u03b7 \u03ba\u03b1\u03b9 \u03c4\u03b7 \u03b8\u03b5\u03c1\u03b1\u03c0\u03b5\u03af\u03b1 \u03c4\u03c9\u03bd \u03b1\u03ba\u03cc\u03bb\u03bf\u03c5\u03b8\u03c9\u03bd \u03b1\u03c3\u03b8\u03b5\u03bd\u03b5\u03b9\u03ce\u03bd:<\/p>\n<ul>\n<li>\u03bc\u03bf\u03bb\u03c5\u03c3\u03bc\u03b1\u03c4\u03b9\u03ba\u03ad\u03c2 \u03b1\u03c3\u03b8\u03ad\u03bd\u03b5\u03b9\u03b5\u03c2,<\/li>\n<li>\u03b1\u03bb\u03bb\u03b5\u03c1\u03b3\u03af\u03b5\u03c2 (\u03b5\u03be\u03b1\u03bd\u03b8\u03ae\u03bc\u03b1\u03c4\u03b1, \u03ba\u03bd\u03b7\u03c3\u03bc\u03cc\u03c2, \u03c4\u03c1\u03b9\u03c7\u03cc\u03c0\u03c4\u03c9\u03c3\u03b7, \u03c0\u03bd\u03b9\u03b3\u03bc\u03cc\u03c2)<\/li>\n<li>\u03b4\u03b7\u03bb\u03b7\u03c4\u03b7\u03c1\u03af\u03b1\u03c3\u03b7 (\u03b1\u03c0\u03cc \u03c4\u03c1\u03cc\u03c6\u03b9\u03bc\u03b1, \u03b4\u03b7\u03bb\u03b7\u03c4\u03ae\u03c1\u03b9\u03b1)<\/li>\n<li>\u03b5\u03bd\u03b4\u03bf\u03ba\u03c1\u03b9\u03bd\u03b9\u03ba\u03ad\u03c2 \u03c0\u03b1\u03b8\u03ae\u03c3\u03b5\u03b9\u03c2 (\u03b4\u03b9\u03b1\u03b2\u03ae\u03c4\u03b7\u03c2, \u03b8\u03c5\u03c1\u03b5\u03bf\u03b5\u03b9\u03b4\u03b5\u03af\u03c2 \u03c0\u03b1\u03b8\u03ae\u03c3\u03b5\u03b9\u03c2)<\/li>\n<li>\u03b1\u03c3\u03b8\u03ad\u03bd\u03b5\u03b9\u03b5\u03c2 \u03c4\u03c9\u03bd \u03b1\u03c1\u03b8\u03c1\u03ce\u03c3\u03b5\u03c9\u03bd<\/li>\n<\/ul>\n<p><strong>\u0395\u03c0\u03af\u03c3\u03b7\u03c2 \u03b9\u03c3\u03c7\u03cd\u03b5\u03b9:<\/strong><\/p>\n<ul>\n<li>\u03c0\u03b1\u03c1\u03ac\u03c4\u03b1\u03c3\u03b7 \u03c4\u03b7\u03c2 \u03b6\u03c9\u03ae\u03c2 \u03c4\u03c9\u03bd \u03b7\u03bb\u03b9\u03ba\u03b9\u03c9\u03bc\u03ad\u03bd\u03c9\u03bd \u03c3\u03ba\u03cd\u03bb\u03c9\u03bd \u03ba\u03b1\u03b9 \u03b2\u03b5\u03bb\u03c4\u03af\u03c9\u03c3\u03b7 \u03c4\u03b7\u03c2 \u03ba\u03b1\u03c4\u03ac\u03c3\u03c4\u03b1\u03c3\u03ae\u03c2 \u03c4\u03bf\u03c5\u03c2<\/li>\n<li>\u03c5\u03b3\u03b9\u03ae\u03c2 \u03b1\u03bd\u03ac\u03c0\u03c4\u03c5\u03be\u03b7 \u03c4\u03c9\u03bd \u03ba\u03bf\u03c5\u03c4\u03b1\u03b2\u03b9\u03ce\u03bd<\/li>\n<li>\u03b3\u03b9\u03b1 \u03c4\u03b1\u03c7\u03b5\u03af\u03b1 \u03b1\u03c0\u03bf\u03ba\u03b1\u03c4\u03ac\u03c3\u03c4\u03b1\u03c3\u03b7 \u03bc\u03b5\u03c4\u03ac \u03b1\u03c0\u03cc \u03c7\u03b5\u03b9\u03c1\u03bf\u03c5\u03c1\u03b3\u03b9\u03ba\u03ae \u03b5\u03c0\u03ad\u03bc\u03b2\u03b1\u03c3\u03b7 \u03ae \u03c3\u03bf\u03b2\u03b1\u03c1\u03ae \u03b1\u03c3\u03b8\u03ad\u03bd\u03b5\u03b9\u03b1<\/li>\n<li>\u03b5\u03c0\u03bf\u03cd\u03bb\u03c9\u03c3\u03b7 \u03c4\u03c1\u03b1\u03c5\u03bc\u03b1\u03c4\u03b9\u03c3\u03bc\u03ce\u03bd (\u03c0\u03bb\u03b7\u03b3\u03ad\u03c2, \u03c4\u03c1\u03b1\u03b2\u03ae\u03b3\u03bc\u03b1\u03c4\u03b1 \u03bc\u03c5\u03ce\u03bd, \u03ba\u03b1\u03c4\u03ac\u03b3\u03bc\u03b1\u03c4\u03b1, \u03b5\u03b3\u03ba\u03b1\u03cd\u03bc\u03b1\u03c4\u03b1)<\/li>\n<li>\u03bc\u03b5\u03c4\u03b1\u03b3\u03b5\u03bd\u03bd\u03b7\u03c4\u03b9\u03ba\u03ae \u03b1\u03c0\u03bf\u03ba\u03b1\u03c4\u03ac\u03c3\u03c4\u03b1\u03c3\u03b7<\/li>\n<\/ul>\n<p><strong>\u0395\u03c6\u03b1\u03c1\u03bc\u03bf\u03b3\u03ae:<\/strong><\/p>\n<p>\u03a4\u03bf \u201eHappyDOG\u201d<\/p>\n<p>\u039f \u03c6\u03c5\u03c3\u03b9\u03bf\u03b8\u03b5\u03c1\u03b1\u03c0\u03b5\u03c5\u03c4\u03b9\u03ba\u03cc\u03c2 \u03b1\u03bd\u03bf\u03c3\u03bf\u03c4\u03c1\u03bf\u03c0\u03bf\u03c0\u03bf\u03b9\u03b7\u03c4\u03ae\u03c2 \u03bc\u03c0\u03bf\u03c1\u03b5\u03af \u03bd\u03b1 \u03c3\u03c5\u03bd\u03b4\u03b5\u03b8\u03b5\u03af \u03c3\u03c4\u03bf \u03ba\u03bf\u03bb\u03ac\u03c1\u03bf \u03c4\u03bf\u03c5 \u03c3\u03ba\u03cd\u03bb\u03bf\u03c5. \u0397 \u03c7\u03c1\u03ae\u03c3\u03b7 \u03c4\u03bf\u03c5 \u03b4\u03b5\u03bd \u03b5\u03af\u03bd\u03b1\u03b9 \u03c0\u03b5\u03c1\u03b9\u03bf\u03c1\u03b9\u03c3\u03bc\u03ad\u03bd\u03b7, \u03b1\u03bb\u03bb\u03ac \u03b8\u03b1 \u03c0\u03c1\u03ad\u03c0\u03b5\u03b9 \u03bd\u03b1 \u03c6\u03bf\u03c1\u03b9\u03ad\u03c4\u03b1\u03b9 \u03b3\u03b9\u03b1 \u03c4\u03bf\u03c5\u03bb\u03ac\u03c7\u03b9\u03c3\u03c4\u03bf\u03bd 30 \u03bb\u03b5\u03c0\u03c4\u03ac \u03c4\u03b7\u03bd \u03b7\u03bc\u03ad\u03c1\u03b1.<\/p>","protected":false},"excerpt":{"rendered":"<p>Happy Dog Med\u00e1l kuty\u00e1knak Alkalmazhat\u00f3 a k\u00f6vetkez\u0151 betegs\u00e9gek megel\u0151z\u00e9s\u00e9ben \u00e9s kezel\u00e9s\u00e9ben: infekci\u00f3s betegs\u00e9gek, allergi\u00e1k (ki\u00fct\u00e9sek, viszket\u00e9s, sz\u0151rhull\u00e1s, fullad\u00e1s) m\u00e9rgez\u00e9s (\u00e9tel \u00e1ltal, m\u00e9rgekkel) endokrin megbeteged\u00e9sek (cukorbetegs\u00e9g, a pajzsmirigy betegs\u00e9gei) \u00edz\u00fcleti betegs\u00e9gek Tov\u00e1bb\u00e1 alkalmazhat\u00f3: az id\u0151s kuty\u00e1k \u00e9let\u00e9nek meghosszabb\u00edt\u00e1s\u00e1ban, \u00e1llapotuk jav\u00edt\u00e1s\u00e1ban a k\u00f6lyk\u00f6k eg\u00e9szs\u00e9ges fejl\u0151d\u00e9s\u00e9ben a gyors rehabilit\u00e1ci\u00f3ban a m\u0171t\u00e9tek vagy s\u00falyos betegs\u00e9gek ut\u00e1n s\u00e9r\u00fcl\u00e9sek gy\u00f3gy\u00edt\u00e1s\u00e1ban (sebek, [&hellip;]<\/p>\n","protected":false},"featured_media":4701,"comment_status":"open","ping_status":"closed","template":"","meta":[],"product_brand":[],"product_cat":[33,32],"product_tag":[],"class_list":{"0":"post-4702","1":"product","2":"type-product","3":"status-publish","4":"has-post-thumbnail","6":"product_cat-egeszseg-medalok","7":"product_cat-triomed","9":"first","10":"instock","11":"taxable","12":"shipping-taxable","13":"purchasable","14":"product-type-simple"},"_links":{"self":[{"href":"https:\/\/vetomshop.hu\/el\/wp-json\/wp\/v2\/product\/4702","targetHints":{"allow":["GET"]}}],"collection":[{"href":"https:\/\/vetomshop.hu\/el\/wp-json\/wp\/v2\/product"}],"about":[{"href":"https:\/\/vetomshop.hu\/el\/wp-json\/wp\/v2\/types\/product"}],"replies":[{"embeddable":true,"href":"https:\/\/vetomshop.hu\/el\/wp-json\/wp\/v2\/comments?post=4702"}],"wp:featuredmedia":[{"embeddable":true,"href":"https:\/\/vetomshop.hu\/el\/wp-json\/wp\/v2\/media\/4701"}],"wp:attachment":[{"href":"https:\/\/vetomshop.hu\/el\/wp-json\/wp\/v2\/media?parent=4702"}],"wp:term":[{"taxonomy":"product_brand","embeddable":true,"href":"https:\/\/vetomshop.hu\/el\/wp-json\/wp\/v2\/product_brand?post=4702"},{"taxonomy":"product_cat","embeddable":true,"href":"https:\/\/vetomshop.hu\/el\/wp-json\/wp\/v2\/product_cat?post=4702"},{"taxonomy":"product_tag","embeddable":true,"href":"https:\/\/vetomshop.hu\/el\/wp-json\/wp\/v2\/product_tag?post=4702"}],"curies":[{"name":"wp","href":"https:\/\/api.w.org\/{rel}","templated":true}]}}