{"id":4704,"date":"2023-11-11T14:33:52","date_gmt":"2023-11-11T13:33:52","guid":{"rendered":"https:\/\/vetomshop.hu\/termek\/nefron-medal\/"},"modified":"2023-11-11T14:33:52","modified_gmt":"2023-11-11T13:33:52","slug":"nefron-medal","status":"publish","type":"product","link":"https:\/\/vetomshop.hu\/el\/product\/nefron-medal\/","title":{"rendered":"\u039c\u03b5\u03c4\u03ac\u03bb\u03bb\u03b9\u03bf Nefron"},"content":{"rendered":"<h4>\u039c\u03b5\u03c4\u03ac\u03bb\u03bb\u03b9\u03bf \u03c5\u03b3\u03b5\u03af\u03b1\u03c2 Nefron<\/h4>\n<p><strong>\u039a\u03cd\u03c1\u03b9\u03b1 \u03bb\u03b5\u03b9\u03c4\u03bf\u03c5\u03c1\u03b3\u03af\u03b1:<\/strong><\/p>\n<p>\u03a5\u03c0\u03bf\u03c3\u03c4\u03b7\u03c1\u03af\u03b6\u03b5\u03b9 \u03c4\u03b7 \u03bb\u03b5\u03b9\u03c4\u03bf\u03c5\u03c1\u03b3\u03af\u03b1 \u03c4\u03c9\u03bd \u03bd\u03b5\u03c6\u03c1\u03ce\u03bd \u03ba\u03b1\u03b9 \u03c4\u03bf\u03c5 \u03bf\u03c5\u03c1\u03bf\u03c0\u03bf\u03b9\u03b7\u03c4\u03b9\u03ba\u03bf\u03cd \u03c3\u03c5\u03c3\u03c4\u03ae\u03bc\u03b1\u03c4\u03bf\u03c2, \u03c0\u03c1\u03bf\u03ac\u03b3\u03bf\u03bd\u03c4\u03b1\u03c2 \u03c1\u03c5\u03b8\u03bc\u03b9\u03c3\u03c4\u03b9\u03ba\u03ad\u03c2 \u03ba\u03b1\u03b9 \u03b1\u03bd\u03b1\u03b3\u03b5\u03bd\u03bd\u03b7\u03c4\u03b9\u03ba\u03ad\u03c2 \u03b4\u03b9\u03b1\u03b4\u03b9\u03ba\u03b1\u03c3\u03af\u03b5\u03c2.<\/p>\n<p><strong>\u03a5\u03c0\u03bf\u03c3\u03c4\u03b7\u03c1\u03af\u03b6\u03b5\u03c4\u03b1\u03b9 \u03b1\u03c0\u03cc:<\/strong><\/p>\n<ul>\n<li>\u03b2\u03b5\u03bb\u03c4\u03af\u03c9\u03c3\u03b7 \u03c4\u03b7\u03c2 \u03ba\u03c5\u03ba\u03bb\u03bf\u03c6\u03bf\u03c1\u03af\u03b1\u03c2 \u03c4\u03bf\u03c5 \u03b1\u03af\u03bc\u03b1\u03c4\u03bf\u03c2 \u03ba\u03b1\u03b9 \u03c4\u03bf\u03c5 \u03bc\u03b5\u03c4\u03b1\u03b2\u03bf\u03bb\u03b9\u03c3\u03bc\u03bf\u03cd \u03c3\u03c4\u03bf \u03bf\u03c5\u03c1\u03bf\u03c0\u03bf\u03b9\u03b7\u03c4\u03b9\u03ba\u03cc \u03c3\u03cd\u03c3\u03c4\u03b7\u03bc\u03b1.<\/li>\n<li>\u03b5\u03c0\u03b1\u03bd\u03b1\u03c1\u03c1\u03cc\u03c6\u03b7\u03c3\u03b7, \u03b4\u03b9\u03ae\u03b8\u03b7\u03c3\u03b7, \u03c1\u03cd\u03b8\u03bc\u03b9\u03c3\u03b7 \u03b9\u03cc\u03bd\u03c4\u03c9\u03bd, \u03b1\u03c0\u03bf\u03c4\u03bf\u03be\u03af\u03bd\u03c9\u03c3\u03b7, \u03bc\u03b5\u03c4\u03b1\u03b2\u03bf\u03bb\u03b9\u03ba\u03ad\u03c2 \u03b4\u03b9\u03b5\u03c1\u03b3\u03b1\u03c3\u03af\u03b5\u03c2<\/li>\n<li>\u03b5\u03c0\u03b9\u03b4\u03b9\u03cc\u03c1\u03b8\u03c9\u03c3\u03b7 \u03ba\u03b1\u03b9 \u03b1\u03bd\u03b1\u03b3\u03ad\u03bd\u03bd\u03b7\u03c3\u03b7 \u03c4\u03c9\u03bd \u03b9\u03c3\u03c4\u03ce\u03bd \u03c4\u03bf\u03c5 \u03bf\u03c5\u03c1\u03bf\u03c0\u03bf\u03b9\u03b7\u03c4\u03b9\u03ba\u03bf\u03cd \u03c3\u03c5\u03c3\u03c4\u03ae\u03bc\u03b1\u03c4\u03bf\u03c2,<\/li>\n<li>\u03b1\u03bd\u03b1\u03ba\u03bf\u03cd\u03c6\u03b9\u03c3\u03b7 \u03b1\u03c0\u03cc \u03c4\u03bf\u03bd \u03c0\u03cc\u03bd\u03bf, \u03b1\u03bd\u03b1\u03ba\u03bf\u03cd\u03c6\u03b9\u03c3\u03b7 \u03b1\u03c0\u03cc \u03c4\u03bf\u03c5\u03c2 \u03c3\u03c0\u03b1\u03c3\u03bc\u03bf\u03cd\u03c2, \u03bc\u03b5\u03af\u03c9\u03c3\u03b7 \u03c4\u03b7\u03c2 \u03c6\u03bb\u03b5\u03b3\u03bc\u03bf\u03bd\u03ae\u03c2,<\/li>\n<li>\u03c0\u03c1\u03cc\u03bb\u03b7\u03c8\u03b7 \u03c4\u03c9\u03bd \u03c3\u03ba\u03bb\u03b7\u03c1\u03c9\u03c4\u03b9\u03ba\u03ce\u03bd \u03b1\u03bb\u03bb\u03bf\u03b9\u03ce\u03c3\u03b5\u03c9\u03bd \u03c4\u03bf\u03c5 \u03bd\u03b5\u03c6\u03c1\u03bf\u03cd.<\/li>\n<\/ul>\n<p><strong>\u03a0\u03cc\u03c4\u03b5 \u03bc\u03c0\u03bf\u03c1\u03b5\u03af \u03bd\u03b1 \u03c7\u03c1\u03b7\u03c3\u03b9\u03bc\u03bf\u03c0\u03bf\u03b9\u03b7\u03b8\u03b5\u03af \u03c4\u03bf \u03ba\u03c1\u03b5\u03bc\u03b1\u03c3\u03c4\u03cc \u03ba\u03cc\u03c3\u03bc\u03b7\u03bc\u03b1 \u03c5\u03b3\u03b5\u03af\u03b1\u03c2 Nefron;<\/strong><\/p>\n<p>\u0397 \u03c3\u03c5\u03c3\u03ba\u03b5\u03c5\u03ae \u03ad\u03c7\u03b5\u03b9 \u03b8\u03b5\u03c4\u03b9\u03ba\u03ae \u03b5\u03c0\u03af\u03b4\u03c1\u03b1\u03c3\u03b7 \u03c3\u03c4\u03b7 \u03bb\u03b5\u03b9\u03c4\u03bf\u03c5\u03c1\u03b3\u03b9\u03ba\u03ae \u03bb\u03b5\u03b9\u03c4\u03bf\u03c5\u03c1\u03b3\u03af\u03b1 \u03c4\u03bf\u03c5 \u03c3\u03ce\u03bc\u03b1\u03c4\u03bf\u03c2, \u03bc\u03c0\u03bf\u03c1\u03b5\u03af \u03bd\u03b1 \u03c7\u03c1\u03b7\u03c3\u03b9\u03bc\u03bf\u03c0\u03bf\u03b9\u03b7\u03b8\u03b5\u03af \u03c9\u03c2 \u03c3\u03c5\u03bc\u03c0\u03bb\u03b7\u03c1\u03c9\u03bc\u03b1\u03c4\u03b9\u03ba\u03ae \u03c3\u03c5\u03c3\u03ba\u03b5\u03c5\u03ae \u03b3\u03b9\u03b1 \u03c4\u03b7 \u03b2\u03b5\u03bb\u03c4\u03b9\u03c3\u03c4\u03bf\u03c0\u03bf\u03af\u03b7\u03c3\u03b7 \u03ba\u03b1\u03b9 \u03c4\u03b7 \u03b4\u03b9\u03cc\u03c1\u03b8\u03c9\u03c3\u03b7 \u03c4\u03b7\u03c2 \u03bb\u03b5\u03b9\u03c4\u03bf\u03c5\u03c1\u03b3\u03b9\u03ba\u03ae\u03c2 \u03bb\u03b5\u03b9\u03c4\u03bf\u03c5\u03c1\u03b3\u03af\u03b1\u03c2 \u03c4\u03bf\u03c5 \u03c3\u03ce\u03bc\u03b1\u03c4\u03bf\u03c2, \u03b3\u03b9\u03b1 \u03c4\u03b7\u03bd \u03c0\u03c1\u03cc\u03bb\u03b7\u03c8\u03b7 \u03ba\u03b1\u03b9 \u03c4\u03b7 \u03c3\u03c5\u03bc\u03c0\u03bb\u03b7\u03c1\u03c9\u03bc\u03b1\u03c4\u03b9\u03ba\u03ae \u03b8\u03b5\u03c1\u03b1\u03c0\u03b5\u03af\u03b1 \u03c4\u03c9\u03bd \u03b1\u03ba\u03cc\u03bb\u03bf\u03c5\u03b8\u03c9\u03bd \u03b1\u03c3\u03b8\u03b5\u03bd\u03b5\u03b9\u03ce\u03bd:<\/p>\n<ul>\n<li>\u03bf\u03be\u03b5\u03af\u03b5\u03c2 \u03ba\u03b1\u03b9 \u03c7\u03c1\u03cc\u03bd\u03b9\u03b5\u03c2 \u03c6\u03bb\u03b5\u03b3\u03bc\u03bf\u03bd\u03ce\u03b4\u03b5\u03b9\u03c2 \u03c0\u03b1\u03b8\u03ae\u03c3\u03b5\u03b9\u03c2 \u03c4\u03c9\u03bd \u03bd\u03b5\u03c6\u03c1\u03ce\u03bd, \u03c4\u03b7\u03c2 \u03bf\u03c5\u03c1\u03bf\u03b4\u03cc\u03c7\u03bf\u03c5 \u03ba\u03cd\u03c3\u03c4\u03b7\u03c2 \u03ba\u03b1\u03b9 \u03c4\u03bf\u03c5 \u03bf\u03c5\u03c1\u03bf\u03c0\u03bf\u03b9\u03b7\u03c4\u03b9\u03ba\u03bf\u03cd \u03c3\u03c5\u03c3\u03c4\u03ae\u03bc\u03b1\u03c4\u03bf\u03c2,<\/li>\n<li>\u03bc\u03b5\u03c4\u03b1\u03b2\u03bf\u03bb\u03b9\u03ba\u03ad\u03c2 \u03b4\u03b9\u03b1\u03c4\u03b1\u03c1\u03b1\u03c7\u03ad\u03c2 (\u03c3\u03c5\u03bc\u03c0\u03b5\u03c1\u03b9\u03bb\u03b1\u03bc\u03b2\u03b1\u03bd\u03bf\u03bc\u03ad\u03bd\u03b7\u03c2 \u03c4\u03b7\u03c2 \u03bd\u03b5\u03c6\u03c1\u03bf\u03bb\u03b9\u03b8\u03af\u03b1\u03c3\u03b7\u03c2),<\/li>\n<li>\u03c3\u03c5\u03c3\u03c4\u03b7\u03bc\u03b1\u03c4\u03b9\u03ba\u03ac \u03b1\u03c5\u03c4\u03bf\u03ac\u03bd\u03bf\u03c3\u03b1 \u03bd\u03bf\u03c3\u03ae\u03bc\u03b1\u03c4\u03b1 \u03c0\u03bf\u03c5 \u03bf\u03b4\u03b7\u03b3\u03bf\u03cd\u03bd \u03c3\u03b5 \u03bd\u03b5\u03c6\u03c1\u03b9\u03ba\u03ae \u03b2\u03bb\u03ac\u03b2\u03b7,<\/li>\n<li>\u03b1\u03c5\u03c4\u03bf\u03ac\u03bd\u03bf\u03c3\u03bf \u03bd\u03cc\u03c3\u03b7\u03bc\u03b1 \u03c4\u03c9\u03bd \u03bd\u03b5\u03c6\u03c1\u03ce\u03bd,<\/li>\n<li>\u03c4\u03bf\u03be\u03b9\u03ba\u03ad\u03c2 \u03b5\u03c0\u03b9\u03b4\u03c1\u03ac\u03c3\u03b5\u03b9\u03c2 \u03c3\u03c4\u03b1 \u03bd\u03b5\u03c6\u03c1\u03ac,<\/li>\n<li>\u03c3\u03ba\u03bb\u03b7\u03c1\u03c5\u03bd\u03c4\u03b9\u03ba\u03ad\u03c2 \u03b1\u03bb\u03bb\u03bf\u03b9\u03ce\u03c3\u03b5\u03b9\u03c2 \u03c3\u03c4\u03bf\u03c5\u03c2 \u03bd\u03b5\u03c6\u03c1\u03bf\u03cd\u03c2 (\u03bd\u03b5\u03c6\u03c1\u03bf\u03c3\u03ba\u03bb\u03ae\u03c1\u03c5\u03bd\u03c3\u03b7) \u03bb\u03cc\u03b3\u03c9 \u03b4\u03b9\u03b1\u03b2\u03ae\u03c4\u03b7, \u03b1\u03c1\u03c4\u03b7\u03c1\u03b9\u03b1\u03ba\u03ae\u03c2 \u03c5\u03c0\u03ad\u03c1\u03c4\u03b1\u03c3\u03b7\u03c2 \u03ba.\u03bb\u03c0.<\/li>\n<\/ul>","protected":false},"excerpt":{"rendered":"<p>Nefron Eg\u00e9szs\u00e9g Med\u00e1l F\u0151 funkci\u00f3ja: A vese \u00e9s a h\u00fagyutak m\u0171k\u00f6d\u00e9s\u00e9nek t\u00e1mogat\u00e1sa, a szab\u00e1lyz\u00f3 \u00e9s regener\u00e1ci\u00f3s folyamatok el\u0151seg\u00edt\u00e9se. T\u00e1mogatja: a h\u00fagyutak v\u00e9rkering\u00e9s\u00e9nek javul\u00e1s\u00e1t \u00e9s anyagcser\u00e9j\u00e9t. a reabszorbci\u00f3t, a sz\u0171r\u00e9st, az ionszab\u00e1lyoz\u00e1st, a m\u00e9regtelen\u00edt\u00e9st, a metabolikus folyamatokat a h\u00fagyuti sz\u00f6vetek repar\u00e1ci\u00f3j\u00e1t \u00e9s regener\u00e1ci\u00f3j\u00e1t, a f\u00e1jdalomcsillap\u00edt\u00e1st, a g\u00f6rcsold\u00e1st, a gyullad\u00e1sok cs\u00f6kkent\u00e9s\u00e9t, a vese szklerotikus elv\u00e1ltoz\u00e1sainak megel\u0151z\u00e9s\u00e9t. Mikor [&hellip;]<\/p>\n","protected":false},"featured_media":4703,"comment_status":"open","ping_status":"closed","template":"","meta":[],"product_brand":[],"product_cat":[33,32],"product_tag":[],"class_list":{"0":"post-4704","1":"product","2":"type-product","3":"status-publish","4":"has-post-thumbnail","6":"product_cat-egeszseg-medalok","7":"product_cat-triomed","9":"first","10":"instock","11":"taxable","12":"shipping-taxable","13":"purchasable","14":"product-type-simple"},"_links":{"self":[{"href":"https:\/\/vetomshop.hu\/el\/wp-json\/wp\/v2\/product\/4704","targetHints":{"allow":["GET"]}}],"collection":[{"href":"https:\/\/vetomshop.hu\/el\/wp-json\/wp\/v2\/product"}],"about":[{"href":"https:\/\/vetomshop.hu\/el\/wp-json\/wp\/v2\/types\/product"}],"replies":[{"embeddable":true,"href":"https:\/\/vetomshop.hu\/el\/wp-json\/wp\/v2\/comments?post=4704"}],"wp:featuredmedia":[{"embeddable":true,"href":"https:\/\/vetomshop.hu\/el\/wp-json\/wp\/v2\/media\/4703"}],"wp:attachment":[{"href":"https:\/\/vetomshop.hu\/el\/wp-json\/wp\/v2\/media?parent=4704"}],"wp:term":[{"taxonomy":"product_brand","embeddable":true,"href":"https:\/\/vetomshop.hu\/el\/wp-json\/wp\/v2\/product_brand?post=4704"},{"taxonomy":"product_cat","embeddable":true,"href":"https:\/\/vetomshop.hu\/el\/wp-json\/wp\/v2\/product_cat?post=4704"},{"taxonomy":"product_tag","embeddable":true,"href":"https:\/\/vetomshop.hu\/el\/wp-json\/wp\/v2\/product_tag?post=4704"}],"curies":[{"name":"wp","href":"https:\/\/api.w.org\/{rel}","templated":true}]}}