{"id":4708,"date":"2023-11-11T14:33:53","date_gmt":"2023-11-11T13:33:53","guid":{"rendered":"https:\/\/vetomshop.hu\/termek\/omega-medal\/"},"modified":"2023-11-11T14:33:53","modified_gmt":"2023-11-11T13:33:53","slug":"omega-medal","status":"publish","type":"product","link":"https:\/\/vetomshop.hu\/el\/product\/omega-medal\/","title":{"rendered":"\u039c\u03b5\u03c4\u03ac\u03bb\u03bb\u03b9\u03bf \u03a9\u03bc\u03ad\u03b3\u03b1"},"content":{"rendered":"<h4>\u039c\u03b5\u03c4\u03ac\u03bb\u03bb\u03b9\u03bf \u03a9\u03bc\u03ad\u03b3\u03b1<\/h4>\n<p>\u0397 \u03ba\u03b1\u03b8\u03b7\u03bc\u03b5\u03c1\u03b9\u03bd\u03ae \u03c7\u03c1\u03ae\u03c3\u03b7 \u03c4\u03bf\u03c5 Triomed Medals \u03bc\u03c0\u03bf\u03c1\u03b5\u03af \u03bd\u03b1 \u03c5\u03c0\u03bf\u03c3\u03c4\u03b7\u03c1\u03af\u03be\u03b5\u03b9 \u03c4\u03b7\u03bd \u03b5\u03c0\u03af\u03c4\u03b5\u03c5\u03be\u03b7 \u03bc\u03b9\u03b1\u03c2 \u03bc\u03b1\u03ba\u03c1\u03ac\u03c2, \u03b5\u03c5\u03c4\u03c5\u03c7\u03b9\u03c3\u03bc\u03ad\u03bd\u03b7\u03c2 \u03ba\u03b1\u03b9 \u03c5\u03b3\u03b9\u03bf\u03cd\u03c2 \u03b6\u03c9\u03ae\u03c2. \u0395\u03bd\u03b1\u03c1\u03bc\u03bf\u03bd\u03af\u03b6\u03bf\u03c5\u03bd \u03b1\u03c0\u03b1\u03bb\u03ac \u03c4\u03bf \u03c3\u03ce\u03bc\u03b1 \u03ba\u03b1\u03b9 \u03bc\u03c0\u03bf\u03c1\u03bf\u03cd\u03bd \u03bd\u03b1 \u03c3\u03c5\u03bc\u03b2\u03ac\u03bb\u03bf\u03c5\u03bd \u03c3\u03c4\u03b7 \u03b4\u03b9\u03cc\u03c1\u03b8\u03c9\u03c3\u03b7 \u03c4\u03b7\u03c2 \u03b5\u03bd\u03b5\u03c1\u03b3\u03b5\u03b9\u03b1\u03ba\u03ae\u03c2 \u03c0\u03bb\u03b7\u03c1\u03bf\u03c6\u03cc\u03c1\u03b7\u03c3\u03b7\u03c2.<\/p>\n<p>\u0393\u03b9\u03b1 \u03c0\u03bf\u03b9\u03bf\u03c5\u03c2 \u03c3\u03c5\u03bd\u03b9\u03c3\u03c4\u03ac\u03c4\u03b1\u03b9;<\/p>\n<p>\u0393\u03b9\u03b1 \u03cc\u03bb\u03bf\u03c5\u03c2 \u03cc\u03c3\u03bf\u03c5\u03c2 \u03c5\u03c0\u03bf\u03c6\u03ad\u03c1\u03bf\u03c5\u03bd \u03b1\u03c0\u03cc \u03c5\u03c8\u03b7\u03bb\u03ae \u03b1\u03c1\u03c4\u03b7\u03c1\u03b9\u03b1\u03ba\u03ae \u03c0\u03af\u03b5\u03c3\u03b7, \u03ba\u03c5\u03ba\u03bb\u03bf\u03c6\u03bf\u03c1\u03b9\u03ba\u03ac \u03c0\u03c1\u03bf\u03b2\u03bb\u03ae\u03bc\u03b1\u03c4\u03b1.<\/p>\n<p><strong>\u03a3\u03b7\u03bc\u03b1\u03bd\u03c4\u03b9\u03ba\u03ae \u03c0\u03c1\u03bf\u03b5\u03b9\u03b4\u03bf\u03c0\u03bf\u03af\u03b7\u03c3\u03b7:<\/strong><\/p>\n<p>\u03a3\u03c5\u03bc\u03b2\u03bf\u03c5\u03bb\u03b5\u03c5\u03c4\u03b5\u03af\u03c4\u03b5 \u03c0\u03ac\u03bd\u03c4\u03b1 \u03ad\u03bd\u03b1\u03bd \u03b3\u03b9\u03b1\u03c4\u03c1\u03cc \u03b5\u03ac\u03bd \u03ad\u03c7\u03b5\u03c4\u03b5 \u03ba\u03b1\u03c1\u03b4\u03b9\u03b1\u03b3\u03b3\u03b5\u03b9\u03b1\u03ba\u03ae \u03bd\u03cc\u03c3\u03bf. \u0395\u03ba\u03c4\u03cc\u03c2 \u03b1\u03c0\u03cc \u03c4\u03b7 \u03b8\u03b5\u03c1\u03b1\u03c0\u03b5\u03af\u03b1 \u03c0\u03bf\u03c5 \u03c3\u03b1\u03c2 \u03ad\u03c7\u03b5\u03b9 \u03c3\u03c5\u03bd\u03c4\u03b1\u03b3\u03bf\u03b3\u03c1\u03b1\u03c6\u03ae\u03c3\u03b5\u03b9 \u03bf \u03b3\u03b9\u03b1\u03c4\u03c1\u03cc\u03c2 \u03c3\u03b1\u03c2, \u03bc\u03c0\u03bf\u03c1\u03b5\u03af\u03c4\u03b5 \u03b5\u03c0\u03af\u03c3\u03b7\u03c2 \u03bd\u03b1 \u03c7\u03c1\u03b7\u03c3\u03b9\u03bc\u03bf\u03c0\u03bf\u03b9\u03ae\u03c3\u03b5\u03c4\u03b5 \u03c4\u03bf Triomed Omega Medal \u03b3\u03b9\u03b1 \u03bd\u03b1 \u03c0\u03c1\u03bf\u03c9\u03b8\u03ae\u03c3\u03b5\u03c4\u03b5 \u03c4\u03b7\u03bd \u03b5\u03c0\u03bf\u03cd\u03bb\u03c9\u03c3\u03b7 \u03ba\u03b1\u03b9 \u03bd\u03b1 \u03b5\u03c0\u03b9\u03c4\u03b1\u03c7\u03cd\u03bd\u03b5\u03c4\u03b5 \u03c4\u03b7 \u03b4\u03b9\u03b1\u03b4\u03b9\u03ba\u03b1\u03c3\u03af\u03b1 \u03b1\u03bd\u03b1\u03b3\u03ad\u03bd\u03bd\u03b7\u03c3\u03b7\u03c2.<\/p>\n<p>\u03a0\u03b1\u03b9\u03b4\u03b9\u03ac \u03ba\u03ac\u03c4\u03c9 \u03c4\u03c9\u03bd 6 \u03b5\u03c4\u03ce\u03bd \u03c0\u03c1\u03ad\u03c0\u03b5\u03b9 \u03bd\u03b1 \u03c4\u03bf \u03c7\u03c1\u03b7\u03c3\u03b9\u03bc\u03bf\u03c0\u03bf\u03b9\u03bf\u03cd\u03bd \u03bc\u03cc\u03bd\u03bf \u03c5\u03c0\u03cc \u03c4\u03b7\u03bd \u03b5\u03c0\u03af\u03b2\u03bb\u03b5\u03c8\u03b7 \u03c4\u03c9\u03bd \u03b3\u03bf\u03bd\u03ad\u03c9\u03bd!<\/p>\n<p>\u03a4\u03b1 \u03bc\u03b5\u03bd\u03c4\u03b1\u03b3\u03b9\u03cc\u03bd Triomed \u03b5\u03af\u03bd\u03b1\u03b9 \u03b1\u03b4\u03b9\u03ac\u03b2\u03c1\u03bf\u03c7\u03b1 \u03ba\u03b1\u03b9 \u03bc\u03c0\u03bf\u03c1\u03bf\u03cd\u03bd \u03bd\u03b1 \u03c4\u03bf\u03c0\u03bf\u03b8\u03b5\u03c4\u03b7\u03b8\u03bf\u03cd\u03bd \u03c3\u03c4\u03bf \u03bd\u03b5\u03c1\u03cc.<\/p>\n<p>\u038c\u03bb\u03b1 \u03c4\u03b1 \u03bc\u03b5\u03c4\u03ac\u03bb\u03bb\u03b9\u03b1 Triomed \u03c5\u03c0\u03bf\u03b2\u03ac\u03bb\u03bb\u03bf\u03bd\u03c4\u03b1\u03b9 \u03c3\u03b5 \u03b5\u03b9\u03b4\u03b9\u03ba\u03cc \u03c6\u03b1\u03c3\u03bc\u03b1\u03c4\u03b9\u03ba\u03cc - \u03c6\u03c9\u03c4\u03bf\u03bc\u03b5\u03c4\u03c1\u03b9\u03ba\u03cc - \u03ad\u03bb\u03b5\u03b3\u03c7\u03bf \u03c0\u03c1\u03b9\u03bd \u03ba\u03c5\u03ba\u03bb\u03bf\u03c6\u03bf\u03c1\u03ae\u03c3\u03bf\u03c5\u03bd \u03c0\u03c1\u03bf\u03c2 \u03c0\u03ce\u03bb\u03b7\u03c3\u03b7, \u03bf \u03bf\u03c0\u03bf\u03af\u03bf\u03c2 \u03b5\u03be\u03b1\u03c3\u03c6\u03b1\u03bb\u03af\u03b6\u03b5\u03b9 \u03c4\u03b7\u03bd \u03c0\u03bf\u03b9\u03cc\u03c4\u03b7\u03c4\u03b1 \u03ba\u03b1\u03b9 \u03c4\u03b7 \u03c3\u03c5\u03bd\u03ad\u03c0\u03b5\u03b9\u03b1 \u03c4\u03c9\u03bd \u03c3\u03b7\u03bc\u03ac\u03c4\u03c9\u03bd.<\/p>","protected":false},"excerpt":{"rendered":"<p>Omega Med\u00e1l A Triomed Med\u00e1lok napi szinten t\u00f6rt\u00e9n\u0151 alkalmaz\u00e1sa t\u00e1mogathatja a hossz\u00fa, boldog, eg\u00e9szs\u00e9ges \u00e9let el\u00e9r\u00e9s\u00e9t. L\u00e1gyan harmoniz\u00e1lj\u00e1k a szervezetet, hozz\u00e1j\u00e1rulhatnak az energia-inform\u00e1ci\u00f3s korrekci\u00f3hoz. Kiknek aj\u00e1nljuk? Mindazoknak, akik magas v\u00e9rnyom\u00e1st\u00f3l, kering\u00e9si probl\u00e9m\u00e1kt\u00f3l szenvednek. Fontos figyelmeztet\u00e9s: A sz\u00edv-\u00e9s \u00e9rrendszer megbeteged\u00e9sein\u00e9l mindig forduljon orvoshoz. Az orvos \u00e1ltal el\u0151\u00edrt kezel\u00e9s mellett p\u00e1rhuzamosan alkalmazhatja a Triomed Omega Med\u00e1lt a [&hellip;]<\/p>\n","protected":false},"featured_media":4707,"comment_status":"open","ping_status":"closed","template":"","meta":[],"product_brand":[],"product_cat":[33,32],"product_tag":[],"class_list":{"0":"post-4708","1":"product","2":"type-product","3":"status-publish","4":"has-post-thumbnail","6":"product_cat-egeszseg-medalok","7":"product_cat-triomed","9":"first","10":"instock","11":"taxable","12":"shipping-taxable","13":"purchasable","14":"product-type-simple"},"_links":{"self":[{"href":"https:\/\/vetomshop.hu\/el\/wp-json\/wp\/v2\/product\/4708","targetHints":{"allow":["GET"]}}],"collection":[{"href":"https:\/\/vetomshop.hu\/el\/wp-json\/wp\/v2\/product"}],"about":[{"href":"https:\/\/vetomshop.hu\/el\/wp-json\/wp\/v2\/types\/product"}],"replies":[{"embeddable":true,"href":"https:\/\/vetomshop.hu\/el\/wp-json\/wp\/v2\/comments?post=4708"}],"wp:featuredmedia":[{"embeddable":true,"href":"https:\/\/vetomshop.hu\/el\/wp-json\/wp\/v2\/media\/4707"}],"wp:attachment":[{"href":"https:\/\/vetomshop.hu\/el\/wp-json\/wp\/v2\/media?parent=4708"}],"wp:term":[{"taxonomy":"product_brand","embeddable":true,"href":"https:\/\/vetomshop.hu\/el\/wp-json\/wp\/v2\/product_brand?post=4708"},{"taxonomy":"product_cat","embeddable":true,"href":"https:\/\/vetomshop.hu\/el\/wp-json\/wp\/v2\/product_cat?post=4708"},{"taxonomy":"product_tag","embeddable":true,"href":"https:\/\/vetomshop.hu\/el\/wp-json\/wp\/v2\/product_tag?post=4708"}],"curies":[{"name":"wp","href":"https:\/\/api.w.org\/{rel}","templated":true}]}}