{"id":4710,"date":"2023-11-11T14:33:53","date_gmt":"2023-11-11T13:33:53","guid":{"rendered":"https:\/\/vetomshop.hu\/termek\/prunus-cerasus-meggy-medal\/"},"modified":"2023-11-11T14:33:53","modified_gmt":"2023-11-11T13:33:53","slug":"prunus-cerasus-meggy-medal","status":"publish","type":"product","link":"https:\/\/vetomshop.hu\/el\/product\/prunus-cerasus-meggy-medal\/","title":{"rendered":"Prunus cerasus - Meggy Pendant"},"content":{"rendered":"<h4>Prunus cerasus - Meggy Medal-Streptococcus, Staphylococcus \u03b3\u03b9\u03b1 \u03c0\u03c1\u03cc\u03c3\u03b8\u03b5\u03c4\u03b7 \u03b8\u03b5\u03c1\u03b1\u03c0\u03b5\u03af\u03b1 \u03bb\u03bf\u03b9\u03bc\u03ce\u03be\u03b5\u03c9\u03bd<\/h4>\n<p>\u039f Streptococcus pyogenes, \u03b5\u03c0\u03af\u03c3\u03b7\u03c2 \u03b3\u03bd\u03c9\u03c3\u03c4\u03cc\u03c2 \u03c9\u03c2 \u03c3\u03c4\u03c1\u03b5\u03c0\u03c4\u03cc\u03ba\u03bf\u03ba\u03ba\u03bf\u03c2 \u03c4\u03cd\u03c0\u03bf\u03c5 \u0391, \u03b5\u03af\u03bd\u03b1\u03b9 \u03ad\u03bd\u03b1 \u03b5\u03be\u03b1\u03b9\u03c1\u03b5\u03c4\u03b9\u03ba\u03ac \u03ba\u03bf\u03b9\u03bd\u03cc \u03b2\u03b1\u03ba\u03c4\u03ae\u03c1\u03b9\u03bf: \u03c3\u03c7\u03b5\u03b4\u03cc\u03bd \u03ba\u03b1\u03bd\u03b5\u03af\u03c2 \u03b4\u03b5\u03bd \u03b5\u03af\u03c7\u03b5 \u03c0\u03bf\u03c4\u03ad \u03c0\u03bf\u03bd\u03cc\u03bb\u03b1\u03b9\u03bc\u03bf \u03c7\u03c9\u03c1\u03af\u03c2 \u03b1\u03c5\u03c4\u03cc \u03c4\u03bf \u03c9\u03c2 \u03b5\u03c0\u03af \u03c4\u03bf \u03c0\u03bb\u03b5\u03af\u03c3\u03c4\u03bf\u03bd \u03b1\u03b2\u03bb\u03b1\u03b2\u03ad\u03c2 \u03b2\u03b1\u03ba\u03c4\u03ae\u03c1\u03b9\u03bf \u03c0\u03bf\u03c5 \u03b5\u03b3\u03ba\u03b1\u03b8\u03af\u03c3\u03c4\u03b1\u03c4\u03b1\u03b9 \u03c3\u03c4\u03bf \u03bb\u03b1\u03b9\u03bc\u03cc. \u0391\u03bb\u03bb\u03ac \u03c4\u03bf \u03af\u03b4\u03b9\u03bf \u03b2\u03b1\u03ba\u03c4\u03ae\u03c1\u03b9\u03bf \u03c0\u03bf\u03c5 \u03ba\u03b1\u03c4\u03bf\u03b9\u03ba\u03b5\u03af \u03c3\u03c4\u03bf \u03bb\u03b1\u03b9\u03bc\u03cc \u03b5\u03af\u03bd\u03b1\u03b9 \u03b5\u03c0\u03af\u03c3\u03b7\u03c2 \u03b7 \u03b1\u03b9\u03c4\u03af\u03b1 \u03c4\u03b7\u03c2 \u03bf\u03c3\u03c4\u03c1\u03b1\u03ba\u03b9\u03ac\u03c2, \u03bc\u03b9\u03b1\u03c2 \u03c0\u03b1\u03b9\u03b4\u03b9\u03ba\u03ae\u03c2 \u03b1\u03c3\u03b8\u03ad\u03bd\u03b5\u03b9\u03b1\u03c2 \u03bc\u03b5 \u03c0\u03c5\u03c1\u03b5\u03c4\u03cc \u03ba\u03b1\u03b9 \u03b5\u03be\u03ac\u03bd\u03b8\u03b7\u03bc\u03b1 \u03c3\u03b5 \u03cc\u03bb\u03bf \u03c4\u03bf \u03c3\u03ce\u03bc\u03b1, \u03bc\u03ad\u03c3\u03c9 \u03c4\u03c9\u03bd \u03c4\u03bf\u03be\u03b9\u03bd\u03ce\u03bd \u03c4\u03bf\u03c5 \u03c0\u03bf\u03c5 \u03b5\u03ba\u03ba\u03c1\u03af\u03bd\u03bf\u03bd\u03c4\u03b1\u03b9 \u03c3\u03c4\u03b7\u03bd \u03ba\u03c5\u03ba\u03bb\u03bf\u03c6\u03bf\u03c1\u03af\u03b1 \u03c4\u03bf\u03c5 \u03b1\u03af\u03bc\u03b1\u03c4\u03bf\u03c2. \u03a3\u03c4\u03b7\u03bd \u03c0\u03c1\u03b1\u03b3\u03bc\u03b1\u03c4\u03b9\u03ba\u03cc\u03c4\u03b7\u03c4\u03b1, \u03bf\u03b9 \u03c0\u03b1\u03c1\u03b1\u03c4\u03b5\u03c4\u03b1\u03bc\u03ad\u03bd\u03b5\u03c2 \u03bc\u03b7 \u03b8\u03b5\u03c1\u03b1\u03c0\u03b5\u03c5\u03bc\u03ad\u03bd\u03b5\u03c2 \u03bb\u03bf\u03b9\u03bc\u03ce\u03be\u03b5\u03b9\u03c2 \u03b1\u03c0\u03cc \u03c3\u03c4\u03c1\u03b5\u03c0\u03c4\u03cc\u03ba\u03bf\u03ba\u03ba\u03bf \u03bc\u03c0\u03bf\u03c1\u03b5\u03af \u03bd\u03b1 \u03bf\u03b4\u03b7\u03b3\u03ae\u03c3\u03bf\u03c5\u03bd \u03c3\u03b5 \u03c1\u03b5\u03c5\u03bc\u03b1\u03c4\u03b9\u03ba\u03cc \u03c0\u03c5\u03c1\u03b5\u03c4\u03cc, \u03bc\u03b9\u03b1 \u03c3\u03bf\u03b2\u03b1\u03c1\u03ae \u03b1\u03c3\u03b8\u03ad\u03bd\u03b5\u03b9\u03b1 \u03c0\u03bf\u03c5 \u03c0\u03c1\u03bf\u03c3\u03b2\u03ac\u03bb\u03bb\u03b5\u03b9 \u03c4\u03b9\u03c2 \u03b1\u03c1\u03b8\u03c1\u03ce\u03c3\u03b5\u03b9\u03c2 \u03ba\u03b1\u03b9 \u03c4\u03b7\u03bd \u03ba\u03b1\u03c1\u03b4\u03b9\u03ac.<\/p>\n<p>\u039f Staphylococcus aureus \u03b5\u03af\u03bd\u03b1\u03b9 \u03ad\u03bd\u03b1 \u03c0\u03b1\u03c1\u03cc\u03bc\u03bf\u03b9\u03bf \u03ba\u03bf\u03b9\u03bd\u03cc \u03b2\u03b1\u03ba\u03c4\u03ae\u03c1\u03b9\u03bf \u03c0\u03bf\u03c5 \u03b2\u03c1\u03af\u03c3\u03ba\u03b5\u03c4\u03b1\u03b9 \u03c3\u03c7\u03b5\u03b4\u03cc\u03bd \u03c3\u03b5 \u03cc\u03bb\u03bf \u03c4\u03bf \u03b4\u03ad\u03c1\u03bc\u03b1 \u03bc\u03b1\u03c2 \u03ba\u03b1\u03b9 \u03b5\u03af\u03bd\u03b1\u03b9 \u03ad\u03bd\u03b1\u03c2 \u03b1\u03c0\u03cc \u03c4\u03bf\u03c5\u03c2 \u03b1\u03b9\u03c4\u03b9\u03bf\u03bb\u03bf\u03b3\u03b9\u03ba\u03bf\u03cd\u03c2 \u03c0\u03b1\u03c1\u03ac\u03b3\u03bf\u03bd\u03c4\u03b5\u03c2 \u03c4\u03b7\u03c2 \u03c6\u03bb\u03c5\u03ba\u03c4\u03b1\u03b9\u03bd\u03ce\u03b4\u03bf\u03c5\u03c2 \u03b1\u03ba\u03bc\u03ae\u03c2 \u03ba\u03b1\u03b9 \u03c4\u03c9\u03bd \u03c6\u03bb\u03c5\u03ba\u03c4\u03b1\u03b9\u03bd\u03ce\u03bd. \u0395\u03bd\u03ce \u03b1\u03c5\u03c4\u03ad\u03c2 \u03bf\u03b9 \u03b4\u03b5\u03c1\u03bc\u03b1\u03c4\u03b9\u03ba\u03ad\u03c2 \u03b1\u03bb\u03bb\u03bf\u03b9\u03ce\u03c3\u03b5\u03b9\u03c2 \u03bc\u03c0\u03bf\u03c1\u03b5\u03af \u03bd\u03b1 \u03b8\u03b5\u03c9\u03c1\u03bf\u03cd\u03bd\u03c4\u03b1\u03b9 \u03c3\u03c4\u03b7\u03bd \u03ba\u03b1\u03bb\u03cd\u03c4\u03b5\u03c1\u03b7 \u03c0\u03b5\u03c1\u03af\u03c0\u03c4\u03c9\u03c3\u03b7 \u03b4\u03c5\u03c3\u03ac\u03c1\u03b5\u03c3\u03c4\u03b5\u03c2, \u03bf\u03b9 \u03b5\u03c0\u03af\u03bc\u03bf\u03bd\u03b5\u03c2 \u03b4\u03b5\u03c1\u03bc\u03b1\u03c4\u03b9\u03ba\u03ad\u03c2 \u03c0\u03b1\u03b8\u03ae\u03c3\u03b5\u03b9\u03c2, \u03b9\u03b4\u03af\u03c9\u03c2 \u03c3\u03c4\u03b1 \u03c0\u03b1\u03b9\u03b4\u03b9\u03ac, \u03cc\u03c0\u03c9\u03c2 \u03c4\u03b1 \u03c3\u03c0\u03c5\u03c1\u03ac\u03ba\u03b9\u03b1 \u03ae \u03c4\u03b1 \u03b1\u03c0\u03bf\u03c3\u03c4\u03ae\u03bc\u03b1\u03c4\u03b1 \u03c3\u03b5 \u03b4\u03b9\u03ac\u03c6\u03bf\u03c1\u03b1 \u03bc\u03ad\u03c1\u03b7 \u03c4\u03bf\u03c5 \u03c3\u03ce\u03bc\u03b1\u03c4\u03bf\u03c2 \u03bc\u03c0\u03bf\u03c1\u03bf\u03cd\u03bd \u03bd\u03b1 \u03c0\u03c1\u03bf\u03ba\u03b1\u03bb\u03ad\u03c3\u03bf\u03c5\u03bd \u03c3\u03bf\u03b2\u03b1\u03c1\u03ac \u03c0\u03c1\u03bf\u03b2\u03bb\u03ae\u03bc\u03b1\u03c4\u03b1, \u03b3\u03b9\u03b1 \u03bd\u03b1 \u03bc\u03b7\u03bd \u03b1\u03bd\u03b1\u03c6\u03ad\u03c1\u03bf\u03c5\u03bc\u03b5 \u03c3\u03bf\u03b2\u03b1\u03c1\u03ad\u03c2 \u03ba\u03b1\u03b9 \u03b4\u03c5\u03bd\u03b7\u03c4\u03b9\u03ba\u03ac \u03b8\u03b1\u03bd\u03b1\u03c4\u03b7\u03c6\u03cc\u03c1\u03b5\u03c2 \u03bb\u03bf\u03b9\u03bc\u03ce\u03be\u03b5\u03b9\u03c2 \u03cc\u03c0\u03c9\u03c2 \u03b7 \u03c0\u03bd\u03b5\u03c5\u03bc\u03bf\u03bd\u03af\u03b1, \u03b7 \u03bc\u03b7\u03bd\u03b9\u03b3\u03b3\u03af\u03c4\u03b9\u03b4\u03b1, \u03b7 \u03bf\u03c3\u03c4\u03b5\u03bf\u03bc\u03c5\u03b5\u03bb\u03af\u03c4\u03b9\u03b4\u03b1 \u03ae \u03b7 \u03c0\u03b5\u03c1\u03b9\u03ba\u03b1\u03c1\u03b4\u03af\u03c4\u03b9\u03b4\u03b1. \u039f\u03b9 \u03c3\u03c4\u03b1\u03c6\u03c5\u03bb\u03cc\u03ba\u03bf\u03ba\u03ba\u03bf\u03b9, \u03bf\u03b9 \u03bf\u03c0\u03bf\u03af\u03bf\u03b9 \u03b1\u03c0\u03bf\u03b9\u03ba\u03af\u03b6\u03bf\u03c5\u03bd \u03ba\u03c5\u03c1\u03af\u03c9\u03c2 \u03c4\u03bf \u03b4\u03ad\u03c1\u03bc\u03b1 \u03bc\u03b1\u03c2, \u03bc\u03c0\u03bf\u03c1\u03bf\u03cd\u03bd \u03bd\u03b1 \u03c0\u03c1\u03bf\u03ba\u03b1\u03bb\u03ad\u03c3\u03bf\u03c5\u03bd \u03cc\u03bb\u03b1 \u03b1\u03c5\u03c4\u03ac \u03b1\u03bd \u03c4\u03bf\u03c5\u03c2 \u03b4\u03bf\u03b8\u03b5\u03af \u03b7 \u03b5\u03c5\u03ba\u03b1\u03b9\u03c1\u03af\u03b1.<\/p>\n<div class=\"su-spoiler su-spoiler-style-defoult su-spoiler-icon-caret su-spoiler-closed\" data-scroll-offset=\"0\" data-anchor-in-url=\"no\"><div class=\"su-spoiler-title\" tabindex=\"0\" role=\"button\"><span class=\"su-spoiler-icon\"><\/span>\u038c\u03bb\u03b1<\/div><div class=\"su-spoiler-content su-u-clearfix su-u-trim\">\n<h5>\u03a4\u03b9 \u03bc\u03c0\u03bf\u03c1\u03bf\u03cd\u03bd \u03bd\u03b1 \u03c0\u03c1\u03bf\u03ba\u03b1\u03bb\u03ad\u03c3\u03bf\u03c5\u03bd \u03c4\u03b1 \u03ba\u03b1\u03b8\u03b7\u03bc\u03b5\u03c1\u03b9\u03bd\u03ac \u03bc\u03b9\u03ba\u03c1\u03cc\u03b2\u03b9\u03b1 \u03c3\u03c4\u03bf \u03bb\u03ac\u03b8\u03bf\u03c2 \u03bc\u03ad\u03c1\u03bf\u03c2;<\/h5>\n<p>\u03a4\u03bf \u03bc\u03ac\u03b8\u03b7\u03bc\u03b1 \u03b5\u03af\u03bd\u03b1\u03b9 \u03cc\u03c4\u03b9 \u03ad\u03bd\u03b1 \u03c6\u03b1\u03b9\u03bd\u03bf\u03bc\u03b5\u03bd\u03b9\u03ba\u03ac \u03b1\u03ba\u03af\u03bd\u03b4\u03c5\u03bd\u03bf \u03b2\u03b1\u03ba\u03c4\u03ae\u03c1\u03b9\u03bf \u03b5\u03af\u03bd\u03b1\u03b9 \u03c3\u03c7\u03b5\u03c4\u03b9\u03ba\u03ac \u03b1\u03ba\u03af\u03bd\u03b4\u03c5\u03bd\u03bf \u03bc\u03cc\u03bd\u03bf \u03bc\u03ad\u03c7\u03c1\u03b9 \u03bd\u03b1 \u03b2\u03c1\u03b5\u03b8\u03b5\u03af \u03c3\u03b5 \u03ad\u03bd\u03b1 \u03bc\u03ad\u03c1\u03bf\u03c2 \u03cc\u03c0\u03bf\u03c5 \u03b4\u03b5\u03bd \u03ad\u03c7\u03b5\u03b9 \u03ba\u03b1\u03bc\u03af\u03b1 \u03b4\u03bf\u03c5\u03bb\u03b5\u03b9\u03ac \u03bd\u03b1 \u03b2\u03c1\u03af\u03c3\u03ba\u03b5\u03c4\u03b1\u03b9: \u03b5\u03b9\u03b4\u03b9\u03ba\u03ac \u03c3\u03b5 \u03b2\u03b1\u03b8\u03b9\u03ac \u03b9\u03c3\u03c4\u03bf\u03cd\u03c2 \u03ba\u03b1\u03b9<br \/>\n\u03c3\u03c4\u03b7\u03bd \u03ba\u03c5\u03ba\u03bb\u03bf\u03c6\u03bf\u03c1\u03af\u03b1 \u03c4\u03bf\u03c5 \u03b1\u03af\u03bc\u03b1\u03c4\u03bf\u03c2. \u0393\u03b9\u03b1 \u03c0\u03b1\u03c1\u03ac\u03b4\u03b5\u03b9\u03b3\u03bc\u03b1, \u03b5\u03ac\u03bd \u03bf\u03b9 \u03c3\u03c4\u03c1\u03b5\u03c0\u03c4\u03cc\u03ba\u03bf\u03ba\u03ba\u03bf\u03b9 \u03ae \u03bf\u03b9 \u03c3\u03c4\u03b1\u03c6\u03c5\u03bb\u03cc\u03ba\u03bf\u03ba\u03ba\u03bf\u03b9 \u03c6\u03c4\u03ac\u03c3\u03bf\u03c5\u03bd \u03c3\u03c4\u03bf\u03c5\u03c2 \u03c5\u03c0\u03bf\u03b4\u03cc\u03c1\u03b9\u03bf\u03c5\u03c2 \u03b9\u03c3\u03c4\u03bf\u03cd\u03c2 \u03bc\u03ad\u03c3\u03c9 \u03bc\u03b9\u03b1\u03c2 \u03b2\u03bb\u03ac\u03b2\u03b7\u03c2, \u03bc\u03c0\u03bf\u03c1\u03bf\u03cd\u03bd \u03bd\u03b1 \u03b5\u03be\u03b1\u03c0\u03bb\u03c9\u03b8\u03bf\u03cd\u03bd \u03b5\u03be\u03b1\u03b9\u03c1\u03b5\u03c4\u03b9\u03ba\u03ac \u03b3\u03c1\u03ae\u03b3\u03bf\u03c1\u03b1 \u03ba\u03b1\u03b9 \u03ba\u03b1\u03c4\u03b1\u03c3\u03c4\u03c1\u03bf\u03c6\u03b9\u03ba\u03ac \u03ba\u03b1\u03c4\u03ac \u03bc\u03ae\u03ba\u03bf\u03c2 \u03c4\u03c9\u03bd \u03c0\u03b5\u03c1\u03b9\u03c4\u03bf\u03bd\u03b9\u03ce\u03bd \u03c4\u03bf\u03c5 \u03c3\u03c5\u03bd\u03b4\u03b5\u03c4\u03b9\u03ba\u03bf\u03cd \u03b9\u03c3\u03c4\u03bf\u03cd \u03c0\u03bf\u03c5 \u03c0\u03b5\u03c1\u03b9\u03b2\u03ac\u03bb\u03bb\u03bf\u03c5\u03bd \u03c4\u03bf\u03c5\u03c2 \u03bc\u03cd\u03b5\u03c2 \u03ba\u03b1\u03b9 \u03c4\u03b1 \u03bd\u03b5\u03cd\u03c1\u03b1 - \u03ba\u03bf\u03b9\u03bd\u03ce\u03c2 \u03b3\u03bd\u03c9\u03c3\u03c4\u03cc \u03c9\u03c2 \u201e\u03c3\u03b1\u03c1\u03ba\u03bf\u03c6\u03ac\u03b3\u03bf\u201d. \u0388\u03bd\u03b1 \u03c4\u03c3\u03af\u03bc\u03c0\u03b7\u03bc\u03b1 \u03bc\u03b5 \u03b2\u03b5\u03bb\u03cc\u03bd\u03b1, \u03ad\u03bd\u03b1 \u03c4\u03c3\u03af\u03bc\u03c0\u03b7\u03bc\u03b1 \u03b5\u03bd\u03c4\u03cc\u03bc\u03bf\u03c5, \u03ad\u03bd\u03b1\u03c2 \u03bc\u03ce\u03bb\u03c9\u03c0\u03b1\u03c2 \u03bc\u03c0\u03bf\u03c1\u03b5\u03af \u03bd\u03b1 \u03b5\u03af\u03bd\u03b1\u03b9 \u03c4\u03bf \u03bc\u03cc\u03bd\u03bf \u03c0\u03bf\u03c5 \u03c7\u03c1\u03b5\u03b9\u03ac\u03b6\u03b5\u03c4\u03b1\u03b9 \u03b3\u03b9\u03b1 \u03bd\u03b1 \u03c0\u03b5\u03c1\u03ac\u03c3\u03bf\u03c5\u03bd \u03bc\u03ad\u03c3\u03b1 \u03b1\u03c0\u03cc \u03c4\u03bf \u03b4\u03ad\u03c1\u03bc\u03b1 - \u03b4\u03b5\u03bd \u03c7\u03c1\u03b5\u03b9\u03ac\u03b6\u03b5\u03c4\u03b1\u03b9 \u03bd\u03b1 \u03b5\u03af\u03bd\u03b1\u03b9 \u03ba\u03b1\u03c4\u03b1\u03c3\u03c4\u03c1\u03bf\u03c6\u03b9\u03ba\u03cc, \u03b1\u03c1\u03ba\u03b5\u03af \u03bc\u03b9\u03b1 \u03b5\u03bb\u03ac\u03c7\u03b9\u03c3\u03c4\u03b1 \u03bf\u03c1\u03b1\u03c4\u03ae \u03c0\u03bb\u03b7\u03b3\u03ae. \u03a5\u03c0\u03ac\u03c1\u03c7\u03b5\u03b9 \u03b1\u03c5\u03be\u03b7\u03bc\u03ad\u03bd\u03bf\u03c2 \u03ba\u03af\u03bd\u03b4\u03c5\u03bd\u03bf\u03c2 \u03b5\u03ac\u03bd \u03c4\u03bf \u03b4\u03ad\u03c1\u03bc\u03b1 \u03b5\u03af\u03bd\u03b1\u03b9 \u03ae\u03b4\u03b7 \u03c0\u03bb\u03b7\u03b3\u03c9\u03bc\u03ad\u03bd\u03bf - \u03b3\u03b9\u03b1 \u03c0\u03b1\u03c1\u03ac\u03b4\u03b5\u03b9\u03b3\u03bc\u03b1, \u03bc\u03b5\u03c4\u03ac \u03b1\u03c0\u03cc \u03c7\u03b5\u03b9\u03c1\u03bf\u03c5\u03c1\u03b3\u03b9\u03ba\u03ae \u03b5\u03c0\u03ad\u03bc\u03b2\u03b1\u03c3\u03b7, \u03bf\u03be\u03cd \u03b5\u03be\u03ac\u03bd\u03b8\u03b7\u03bc\u03b1 \u03bb\u03cc\u03b3\u03c9 \u03b9\u03bf\u03b3\u03b5\u03bd\u03bf\u03cd\u03c2 \u03bb\u03bf\u03af\u03bc\u03c9\u03be\u03b7\u03c2 \u03ae \u03c9\u03c2 \u03b5\u03c0\u03b9\u03c0\u03bb\u03bf\u03ba\u03ae \u03c4\u03bf\u03c5 \u03b4\u03b9\u03b1\u03b2\u03ae\u03c4\u03b7 - \u03ae \u03b5\u03ac\u03bd \u03c4\u03bf \u03b1\u03bd\u03bf\u03c3\u03bf\u03c0\u03bf\u03b9\u03b7\u03c4\u03b9\u03ba\u03cc \u03c3\u03cd\u03c3\u03c4\u03b7\u03bc\u03b1 \u03b5\u03af\u03bd\u03b1\u03b9 \u03b5\u03be\u03b1\u03c3\u03b8\u03b5\u03bd\u03b7\u03bc\u03ad\u03bd\u03bf.<\/p>\n<h5>\u201e\u03a4\u03bf \u03c3\u03b1\u03c1\u03ba\u03bf\u03c6\u03ac\u03b3\u03bf \u03b2\u03b1\u03ba\u03c4\u03ae\u03c1\u03b9\u03bf \u201d\u03c4\u03c1\u03ce\u03b5\u03b9 \u03ba\u03c1\u03ad\u03b1\u03c2\";<\/h5>\n<p>\u03a4\u03b1 \u201e\u03c3\u03b1\u03c1\u03ba\u03bf\u03c6\u03ac\u03b3\u03b1 \u03b2\u03b1\u03ba\u03c4\u03ae\u03c1\u03b9\u03b1\u201d \u03b4\u03b5\u03bd \u03b1\u03c0\u03bf\u03c4\u03b5\u03bb\u03bf\u03cd\u03bd \u03bc\u03b9\u03b1 \u03c4\u03c1\u03bf\u03bc\u03b1\u03ba\u03c4\u03b9\u03ba\u03ae \u03ba\u03b1\u03b9 \u03b5\u03be\u03c9\u03c4\u03b9\u03ba\u03ae \u03bf\u03bc\u03ac\u03b4\u03b1 \u03c0\u03b1\u03b8\u03bf\u03b3\u03cc\u03bd\u03c9\u03bd \u03bc\u03b9\u03ba\u03c1\u03bf\u03bf\u03c1\u03b3\u03b1\u03bd\u03b9\u03c3\u03bc\u03ce\u03bd: \u03c3\u03c4\u03b9\u03c2 \u03c0\u03b5\u03c1\u03b9\u03c3\u03c3\u03cc\u03c4\u03b5\u03c1\u03b5\u03c2 \u03c0\u03b5\u03c1\u03b9\u03c0\u03c4\u03ce\u03c3\u03b5\u03b9\u03c2, \u03c3\u03c5\u03bd\u03b7\u03b8\u03b9\u03c3\u03bc\u03ad\u03bd\u03b1 \u03bc\u03b9\u03ba\u03c1\u03cc\u03b2\u03b9\u03b1, \u03c4\u03bf\u03c0\u03bf\u03b8\u03b5\u03c4\u03b7\u03bc\u03ad\u03bd\u03b1 \u03c3\u03b5 \u03bb\u03ac\u03b8\u03bf\u03c2 \u03bc\u03ad\u03c1\u03bf\u03c2, \u03b5\u03af\u03bd\u03b1\u03b9 \u03b7 \u03b1\u03b9\u03c4\u03af\u03b1 \u03c3\u03bf\u03b2\u03b1\u03c1\u03ce\u03bd<br \/>\n\u03bc\u03b9\u03b1 \u03b4\u03b9\u03b1\u03b4\u03b9\u03ba\u03b1\u03c3\u03af\u03b1 \u03c0\u03bf\u03c5 \u03c0\u03b5\u03c1\u03b9\u03bb\u03b1\u03bc\u03b2\u03ac\u03bd\u03b5\u03b9 \u03ba\u03b1\u03c4\u03b1\u03c3\u03c4\u03c1\u03bf\u03c6\u03ae \u03b9\u03c3\u03c4\u03ce\u03bd \u03c0\u03bf\u03c5 \u03b1\u03c0\u03b5\u03b9\u03bb\u03b5\u03af \u03ac\u03bc\u03b5\u03c3\u03b1 \u03c4\u03b7 \u03b6\u03c9\u03ae.<\/p>\n<h5>\u03a0\u03ce\u03c2 \u03bb\u03b5\u03b9\u03c4\u03bf\u03c5\u03c1\u03b3\u03b5\u03af \u03b7 \u03b4\u03b9\u03b1\u03b4\u03b9\u03ba\u03b1\u03c3\u03af\u03b1;<\/h5>\n<p>\u0397 \u201e\u03c3\u03b1\u03c1\u03ba\u03bf\u03c6\u03ac\u03b3\u03bf\u03c2 \u03bb\u03bf\u03af\u03bc\u03c9\u03be\u03b7\u201d, \u03b5\u03c0\u03af\u03c3\u03b7\u03bc\u03b1 \u03b3\u03bd\u03c9\u03c3\u03c4\u03ae \u03c9\u03c2 \u03bd\u03b5\u03ba\u03c1\u03c9\u03c4\u03b9\u03ba\u03ae \u03b1\u03c0\u03bf\u03bd\u03b5\u03c5\u03c1\u03c9\u03c3\u03af\u03c4\u03b9\u03b4\u03b1 (necrotizing fasciitis), \u03be\u03b5\u03ba\u03b9\u03bd\u03ac \u03bc\u03b5 \u03bb\u03af\u03b3\u03b1 \u03c7\u03b1\u03c1\u03b1\u03ba\u03c4\u03b7\u03c1\u03b9\u03c3\u03c4\u03b9\u03ba\u03ac \u03c3\u03c5\u03bc\u03c0\u03c4\u03ce\u03bc\u03b1\u03c4\u03b1: \u03c0\u03c1\u03ae\u03be\u03b9\u03bc\u03bf, \u03b5\u03c1\u03c5\u03b8\u03c1\u03cc\u03c4\u03b7\u03c4\u03b1, \u03c0\u03cc\u03bd\u03bf \u03ba\u03b1\u03b9 \u03b5\u03bd\u03b4\u03b5\u03c7\u03bf\u03bc\u03ad\u03bd\u03c9\u03c2 \u03c6\u03bf\u03c5\u03c3\u03ba\u03ac\u03bb\u03b5\u03c2 \u03c3\u03c4\u03b7\u03bd \u03c0\u03c1\u03bf\u03c3\u03b2\u03b5\u03b2\u03bb\u03b7\u03bc\u03ad\u03bd\u03b7 \u03c0\u03b5\u03c1\u03b9\u03bf\u03c7\u03ae. \u039a\u03b1\u03b8\u03ce\u03c2 \u03b7 \u03b4\u03b9\u03b1\u03b4\u03b9\u03ba\u03b1\u03c3\u03af\u03b1 \u03b5\u03af\u03bd\u03b1\u03b9 \u03b2\u03b1\u03b8\u03b9\u03ac \u03c1\u03b9\u03b6\u03c9\u03bc\u03ad\u03bd\u03b7, \u03bc\u03ad\u03c7\u03c1\u03b9 \u03bd\u03b1 \u03c3\u03c7\u03b7\u03bc\u03b1\u03c4\u03b9\u03c3\u03c4\u03bf\u03cd\u03bd \u03bf\u03b9 \u03c0\u03bf\u03c1\u03c6\u03c5\u03c1\u03ad\u03c2 \u03b1\u03c0\u03bf\u03c7\u03c1\u03c9\u03bc\u03b1\u03c4\u03b9\u03c3\u03bc\u03ad\u03bd\u03b5\u03c2 \u03c0\u03b5\u03c1\u03b9\u03bf\u03c7\u03ad\u03c2 \u03c4\u03bf\u03c5 \u03b4\u03ad\u03c1\u03bc\u03b1\u03c4\u03bf\u03c2, \u03bf\u03b9 \u03b1\u03b9\u03bc\u03b1\u03c4\u03b7\u03c1\u03ad\u03c2 \u03c6\u03bf\u03c5\u03c3\u03ba\u03ac\u03bb\u03b5\u03c2, \u03c5\u03c0\u03ac\u03c1\u03c7\u03b5\u03b9 \u03ae\u03b4\u03b7 \u03bc\u03b1\u03b6\u03b9\u03ba\u03ae \u03ba\u03b1\u03c4\u03b1\u03c3\u03c4\u03c1\u03bf\u03c6\u03ae \u03c4\u03c9\u03bd \u03c5\u03c0\u03bf\u03b4\u03cc\u03c1\u03b9\u03c9\u03bd \u03bc\u03b1\u03bb\u03b1\u03ba\u03ce\u03bd \u03b9\u03c3\u03c4\u03ce\u03bd.<\/p>\n<\/div><\/div>","protected":false},"excerpt":{"rendered":"<p>Prunus cerasus \u2013 Meggy Med\u00e1l-Streptococcus, Staphylococcus fert\u0151z\u00e9sek kieg\u00e9sz\u00edt\u0151 kezel\u00e9s\u00e9re A Streptococcus pyogenes, m\u00e1s nev\u00e9n az A-t\u00edpus\u00fa sztreptokokkusz rendk\u00edv\u00fcl k\u00f6z\u00f6ns\u00e9ges bakt\u00e9rium: aligha akad, akinek ne okozott volna m\u00e9g torokf\u00e1j\u00e1st ez a garatban megteleped\u0151, jobb\u00e1ra \u00e1rtalmatlan k\u00f3rokoz\u00f3. \u00c1m ugyanez a toroklak\u00f3 bakt\u00e9rium &#8211; a v\u00e9r\u00e1ramba kiv\u00e1lasztott m\u00e9reganyagai r\u00e9v\u00e9n &#8211; a skarl\u00e1t, a l\u00e1zzal \u00e9s a teljes testet [&hellip;]<\/p>\n","protected":false},"featured_media":4709,"comment_status":"open","ping_status":"closed","template":"","meta":[],"product_brand":[],"product_cat":[33,32],"product_tag":[],"class_list":{"0":"post-4710","1":"product","2":"type-product","3":"status-publish","4":"has-post-thumbnail","6":"product_cat-egeszseg-medalok","7":"product_cat-triomed","9":"first","10":"instock","11":"taxable","12":"shipping-taxable","13":"purchasable","14":"product-type-simple"},"_links":{"self":[{"href":"https:\/\/vetomshop.hu\/el\/wp-json\/wp\/v2\/product\/4710","targetHints":{"allow":["GET"]}}],"collection":[{"href":"https:\/\/vetomshop.hu\/el\/wp-json\/wp\/v2\/product"}],"about":[{"href":"https:\/\/vetomshop.hu\/el\/wp-json\/wp\/v2\/types\/product"}],"replies":[{"embeddable":true,"href":"https:\/\/vetomshop.hu\/el\/wp-json\/wp\/v2\/comments?post=4710"}],"wp:featuredmedia":[{"embeddable":true,"href":"https:\/\/vetomshop.hu\/el\/wp-json\/wp\/v2\/media\/4709"}],"wp:attachment":[{"href":"https:\/\/vetomshop.hu\/el\/wp-json\/wp\/v2\/media?parent=4710"}],"wp:term":[{"taxonomy":"product_brand","embeddable":true,"href":"https:\/\/vetomshop.hu\/el\/wp-json\/wp\/v2\/product_brand?post=4710"},{"taxonomy":"product_cat","embeddable":true,"href":"https:\/\/vetomshop.hu\/el\/wp-json\/wp\/v2\/product_cat?post=4710"},{"taxonomy":"product_tag","embeddable":true,"href":"https:\/\/vetomshop.hu\/el\/wp-json\/wp\/v2\/product_tag?post=4710"}],"curies":[{"name":"wp","href":"https:\/\/api.w.org\/{rel}","templated":true}]}}