{"id":4712,"date":"2023-11-11T14:33:54","date_gmt":"2023-11-11T13:33:54","guid":{"rendered":"https:\/\/vetomshop.hu\/termek\/biotrem-active\/"},"modified":"2023-11-11T14:33:54","modified_gmt":"2023-11-11T13:33:54","slug":"biotrem-active","status":"publish","type":"product","link":"https:\/\/vetomshop.hu\/el\/product\/biotrem-active\/","title":{"rendered":"BioTrEM \u03b5\u03bd\u03b5\u03c1\u03b3\u03cc"},"content":{"rendered":"<p>\u0410 <strong>\u201eBioTrEM ACTIVE\u201d<\/strong> \u0397 \u03c3\u03c5\u03c3\u03ba\u03b5\u03c5\u03ae \u03b8\u03b5\u03c1\u03b1\u03c0\u03b5\u03af\u03b1\u03c2 EMF-IK Model 1 (\u03b5\u03c6\u03b5\u03be\u03ae\u03c2 \u03b1\u03bd\u03b1\u03c6\u03b5\u03c1\u03cc\u03bc\u03b5\u03bd\u03b7 \u03c9\u03c2 \u03c3\u03c5\u03c3\u03ba\u03b5\u03c5\u03ae) \u03b5\u03af\u03bd\u03b1\u03b9 \u03bc\u03b9\u03b1 \u03c6\u03bf\u03c1\u03b7\u03c4\u03ae \u03c3\u03c5\u03c3\u03ba\u03b5\u03c5\u03ae \u03c6\u03c5\u03c3\u03b9\u03bf\u03b8\u03b5\u03c1\u03b1\u03c0\u03b5\u03af\u03b1\u03c2 \u03ba\u03b1\u03b9 \u03b8\u03b5\u03c1\u03b1\u03c0\u03b5\u03af\u03b1\u03c2 \u03b1\u03bd\u03c4\u03b1\u03bd\u03b1\u03ba\u03bb\u03b1\u03c3\u03c4\u03b9\u03ba\u03ce\u03bd \u03c0\u03bf\u03c5 \u03c0\u03c1\u03bf\u03bf\u03c1\u03af\u03b6\u03b5\u03c4\u03b1\u03b9 \u03b3\u03b9\u03b1 \u03c4\u03b7\u03bd \u03c0\u03c1\u03cc\u03bb\u03b7\u03c8\u03b7 \u03b1\u03c3\u03b8\u03b5\u03bd\u03b5\u03b9\u03ce\u03bd \u03c4\u03c9\u03bd \u03b1\u03c1\u03b8\u03c1\u03ce\u03c3\u03b5\u03c9\u03bd, \u03c4\u03b7 \u03b8\u03b5\u03c1\u03b1\u03c0\u03b5\u03af\u03b1 \u03ba\u03b1\u03b9 \u03c4\u03b7\u03bd \u03b1\u03c0\u03bf\u03ba\u03b1\u03c4\u03ac\u03c3\u03c4\u03b1\u03c3\u03b7 \u03b1\u03c3\u03b8\u03b5\u03bd\u03ce\u03bd \u03c0\u03bf\u03c5 \u03c0\u03ac\u03c3\u03c7\u03bf\u03c5\u03bd \u03b1\u03c0\u03cc \u03bc\u03c5\u03bf\u03c3\u03ba\u03b5\u03bb\u03b5\u03c4\u03b9\u03ba\u03ad\u03c2 \u03b4\u03b9\u03b1\u03c4\u03b1\u03c1\u03b1\u03c7\u03ad\u03c2 \u03bc\u03ad\u03c3\u03c9 \u03c4\u03b7\u03c2 \u03b5\u03c6\u03b1\u03c1\u03bc\u03bf\u03b3\u03ae\u03c2 \u03b7\u03bb\u03b5\u03ba\u03c4\u03c1\u03bf\u03bc\u03b1\u03b3\u03bd\u03b7\u03c4\u03b9\u03ba\u03ce\u03bd \u03c0\u03b5\u03b4\u03af\u03c9\u03bd \u03c7\u03b1\u03bc\u03b7\u03bb\u03ae\u03c2 \u03ad\u03bd\u03c4\u03b1\u03c3\u03b7\u03c2 \u03c3\u03c4\u03b7\u03bd \u03c0\u03b5\u03c1\u03b9\u03bf\u03c7\u03ae \u03b5\u03be\u03b1\u03b9\u03c1\u03b5\u03c4\u03b9\u03ba\u03ac \u03c5\u03c8\u03b7\u03bb\u03ce\u03bd \u03c3\u03c5\u03c7\u03bd\u03bf\u03c4\u03ae\u03c4\u03c9\u03bd \u03c3\u03b5 \u03c4\u03bc\u03ae\u03bc\u03b1\u03c4\u03b1 \u03c4\u03b7\u03c2 \u03b5\u03c0\u03b9\u03c6\u03ac\u03bd\u03b5\u03b9\u03b1\u03c2 \u03c4\u03bf\u03c5 \u03b1\u03bd\u03b8\u03c1\u03ce\u03c0\u03b9\u03bd\u03bf\u03c5 \u03b4\u03ad\u03c1\u03bc\u03b1\u03c4\u03bf\u03c2.<\/p>\n<p>\u0397 \u03c3\u03c5\u03c3\u03ba\u03b5\u03c5\u03ae \u03bc\u03c0\u03bf\u03c1\u03b5\u03af \u03bd\u03b1 \u03c7\u03c1\u03b7\u03c3\u03b9\u03bc\u03bf\u03c0\u03bf\u03b9\u03b7\u03b8\u03b5\u03af \u03c3\u03b5 \u03c3\u03cd\u03bd\u03b8\u03b5\u03c4\u03b1 \u03c0\u03c1\u03bf\u03bb\u03b7\u03c0\u03c4\u03b9\u03ba\u03ac \u03ba\u03b1\u03b9 \u03b8\u03b5\u03c1\u03b1\u03c0\u03b5\u03c5\u03c4\u03b9\u03ba\u03ac \u03c0\u03c1\u03bf\u03b3\u03c1\u03ac\u03bc\u03bc\u03b1\u03c4\u03b1 \u03b3\u03b9\u03b1 \u03c4\u03b7\u03bd \u03b1\u03c0\u03bf\u03ba\u03b1\u03c4\u03ac\u03c3\u03c4\u03b1\u03c3\u03b7 \u03c4\u03c9\u03bd \u03c6\u03c5\u03c3\u03b9\u03bf\u03bb\u03bf\u03b3\u03b9\u03ba\u03ce\u03bd \u03b4\u03b9\u03b5\u03c1\u03b3\u03b1\u03c3\u03b9\u03ce\u03bd \u03c3\u03c4\u03b1 \u03ba\u03cd\u03c4\u03c4\u03b1\u03c1\u03b1 \u03ba\u03b1\u03b9 \u03c4\u03bf\u03c5\u03c2 \u03b9\u03c3\u03c4\u03bf\u03cd\u03c2 \u03c4\u03bf\u03c5 \u03c3\u03c5\u03c3\u03c4\u03ae\u03bc\u03b1\u03c4\u03bf\u03c2 \u03bf\u03c1\u03b3\u03ac\u03bd\u03c9\u03bd \u03c5\u03c0\u03bf\u03c3\u03c4\u03ae\u03c1\u03b9\u03be\u03b7\u03c2 \u03ba\u03b1\u03b9 \u03ba\u03af\u03bd\u03b7\u03c3\u03b7\u03c2 \u03c3\u03b5 \u03c0\u03b5\u03c1\u03af\u03c0\u03c4\u03c9\u03c3\u03b7 \u03b1\u03c3\u03b8\u03b5\u03bd\u03b5\u03b9\u03ce\u03bd \u03c4\u03bf\u03c5 \u03c3\u03c5\u03c3\u03c4\u03ae\u03bc\u03b1\u03c4\u03bf\u03c2 \u03bf\u03c1\u03b3\u03ac\u03bd\u03c9\u03bd \u03c5\u03c0\u03bf\u03c3\u03c4\u03ae\u03c1\u03b9\u03be\u03b7\u03c2 \u03ba\u03b1\u03b9 \u03ba\u03af\u03bd\u03b7\u03c3\u03b7\u03c2, \u03b3\u03b9\u03b1 \u03c4\u03b7 \u03bc\u03b5\u03af\u03c9\u03c3\u03b7 \u03c4\u03bf\u03c5 \u03c0\u03cc\u03bd\u03bf\u03c5 \u03ba\u03b1\u03b9 \u03c4\u03b7 \u03b2\u03b5\u03bb\u03c4\u03af\u03c9\u03c3\u03b7 \u03c4\u03c9\u03bd \u03bb\u03b5\u03b9\u03c4\u03bf\u03c5\u03c1\u03b3\u03b9\u03ce\u03bd \u03c5\u03c0\u03bf\u03c3\u03c4\u03ae\u03c1\u03b9\u03be\u03b7\u03c2 \u03ba\u03b1\u03b9 \u03ba\u03af\u03bd\u03b7\u03c3\u03b7\u03c2.<\/p>\n<div class=\"su-spoiler su-spoiler-style-defoult su-spoiler-icon-caret su-spoiler-closed\" data-scroll-offset=\"0\" data-anchor-in-url=\"no\"><div class=\"su-spoiler-title\" tabindex=\"0\" role=\"button\"><span class=\"su-spoiler-icon\"><\/span>\u038c\u03bb\u03b1<\/div><div class=\"su-spoiler-content su-u-clearfix su-u-trim\">\n<p>\u03a4\u03b1 \u03b1\u03c0\u03bf\u03c4\u03b5\u03bb\u03ad\u03c3\u03bc\u03b1\u03c4\u03b1 \u03c4\u03b7\u03c2 \u03c7\u03c1\u03ae\u03c3\u03b7\u03c2 \u03c4\u03b7\u03c2 \u03c3\u03c5\u03c3\u03ba\u03b5\u03c5\u03ae\u03c2:<\/p>\n<ul>\n<li>\u03bf\u03bc\u03b1\u03bb\u03bf\u03c0\u03bf\u03b9\u03b5\u03af \u03c4\u03b7\u03bd \u03ba\u03c5\u03ba\u03bb\u03bf\u03c6\u03bf\u03c1\u03af\u03b1 \u03c4\u03bf\u03c5 \u03b1\u03af\u03bc\u03b1\u03c4\u03bf\u03c2, \u03c4\u03b7\u03bd \u03ba\u03b1\u03c4\u03ac\u03c3\u03c4\u03b1\u03c3\u03b7 \u03c4\u03b7\u03c2 \u03b1\u03bd\u03bf\u03c3\u03af\u03b1\u03c2 \u03ba\u03b1\u03b9 \u03c4\u03b9\u03c2 \u03bc\u03b5\u03c4\u03b1\u03b2\u03bf\u03bb\u03b9\u03ba\u03ad\u03c2 \u03b4\u03b9\u03b5\u03c1\u03b3\u03b1\u03c3\u03af\u03b5\u03c2 \u03c3\u03c4\u03b1 \u03ba\u03b9\u03bd\u03b7\u03c4\u03b9\u03ba\u03ac \u03cc\u03c1\u03b3\u03b1\u03bd\u03b1\/\u03bf\u03c1\u03b3\u03b1\u03bd\u03b9\u03ba\u03ac \u03c3\u03c5\u03c3\u03c4\u03ae\u03bc\u03b1\u03c4\u03b1, \u03b1\u03c0\u03bf\u03c4\u03c1\u03ad\u03c0\u03bf\u03bd\u03c4\u03b1\u03c2 \u03c4\u03b7\u03bd \u03b1\u03bd\u03ac\u03c0\u03c4\u03c5\u03be\u03b7 \u03b1\u03c3\u03b8\u03b5\u03bd\u03b5\u03b9\u03ce\u03bd \u03c3\u03b5 \u03b1\u03c5\u03c4\u03ac,;<\/li>\n<li>\u03c3\u03c5\u03bc\u03b2\u03ac\u03bb\u03bb\u03b5\u03b9 \u03c3\u03c4\u03b7 \u03b2\u03b5\u03bb\u03c4\u03af\u03c9\u03c3\u03b7 \u03c4\u03c9\u03bd \u03bb\u03b5\u03b9\u03c4\u03bf\u03c5\u03c1\u03b3\u03b9\u03ce\u03bd \u03c3\u03c4\u03ae\u03c1\u03b9\u03be\u03b7\u03c2 \u03ba\u03b1\u03b9 \u03ba\u03b9\u03bd\u03b7\u03c4\u03b9\u03ba\u03cc\u03c4\u03b7\u03c4\u03b1\u03c2,;<\/li>\n<li>\u03bc\u03b5\u03b9\u03ce\u03bd\u03b5\u03b9 \u03c4\u03b9\u03c2 \u03b5\u03ba\u03b4\u03b7\u03bb\u03ce\u03c3\u03b5\u03b9\u03c2 \u03c6\u03bb\u03b5\u03b3\u03bc\u03bf\u03bd\u03ae\u03c2 \u03ba\u03b1\u03b9 \u03c3\u03c5\u03bc\u03c6\u03cc\u03c1\u03b7\u03c3\u03b7\u03c2 \u03c3\u03c4\u03b1 \u03ba\u03b9\u03bd\u03b7\u03c4\u03b9\u03ba\u03ac \u03cc\u03c1\u03b3\u03b1\u03bd\u03b1,;<\/li>\n<li>\u03c3\u03c5\u03bc\u03b2\u03ac\u03bb\u03bb\u03b5\u03b9 \u03c3\u03c4\u03b7\u03bd \u03b5\u03c0\u03b9\u03c4\u03ac\u03c7\u03c5\u03bd\u03c3\u03b7 \u03c4\u03c9\u03bd \u03b4\u03b9\u03b1\u03b4\u03b9\u03ba\u03b1\u03c3\u03b9\u03ce\u03bd \u03b1\u03bd\u03b1\u03b3\u03ad\u03bd\u03bd\u03b7\u03c3\u03b7\u03c2 \u03ba\u03b1\u03b9 \u03b5\u03c0\u03b9\u03b4\u03b9\u03cc\u03c1\u03b8\u03c9\u03c3\u03b7\u03c2 \u03c4\u03c9\u03bd \u03b9\u03c3\u03c4\u03ce\u03bd \u03c4\u03bf\u03c5 \u03c3\u03c5\u03c3\u03c4\u03ae\u03bc\u03b1\u03c4\u03bf\u03c2 \u03bf\u03c1\u03b3\u03ac\u03bd\u03c9\u03bd \u03c5\u03c0\u03bf\u03c3\u03c4\u03ae\u03c1\u03b9\u03be\u03b7\u03c2 \u03ba\u03b1\u03b9 \u03ba\u03af\u03bd\u03b7\u03c3\u03b7\u03c2,;<\/li>\n<li>\u03b2\u03bf\u03b7\u03b8\u03ac \u03c3\u03c4\u03b7\u03bd \u03b5\u03be\u03ac\u03bb\u03b5\u03b9\u03c8\u03b7 \u03c4\u03b7\u03c2 \u03c6\u03bb\u03b5\u03b3\u03bc\u03bf\u03bd\u03ae\u03c2 \u03c3\u03c4\u03b9\u03c2 \u03b1\u03c1\u03b8\u03c1\u03ce\u03c3\u03b5\u03b9\u03c2, \u03c4\u03b9\u03c2 \u03bc\u03b5\u03bc\u03b2\u03c1\u03ac\u03bd\u03b5\u03c2 \u03c4\u03c9\u03bd \u03b1\u03c1\u03b8\u03c1\u03ce\u03c3\u03b5\u03c9\u03bd \u03ba\u03b1\u03b9 \u03c4\u03bf\u03c5\u03c2 \u201e\u03c3\u03ac\u03ba\u03bf\u03c5\u03c2\u201d \u03c4\u03c9\u03bd \u03b1\u03c1\u03b8\u03c1\u03ce\u03c3\u03b5\u03c9\u03bd, \u03c4\u03bf\u03c5\u03c2 \u03bc\u03c5\u03c2,<\/li>\n<li>\u03c3\u03c5\u03bc\u03b2\u03ac\u03bb\u03bb\u03b5\u03b9 \u03c3\u03c4\u03b7\u03bd \u03b5\u03be\u03ac\u03bb\u03b5\u03b9\u03c8\u03b7 \u03ae \u03c4\u03b7\u03bd \u03b1\u03bd\u03c4\u03b9\u03c3\u03c4\u03ac\u03b8\u03bc\u03b9\u03c3\u03b7 \u03c4\u03b7\u03c2 \u03c0\u03b1\u03c1\u03b1\u03bc\u03cc\u03c1\u03c6\u03c9\u03c3\u03b7\u03c2 \u03ba\u03b1\u03b9 \u03c4\u03b7\u03c2 \u03b1\u03c4\u03c1\u03bf\u03c6\u03af\u03b1\u03c2 \u03c4\u03c9\u03bd \u03bf\u03c3\u03c4\u03ce\u03bd, \u03c4\u03c9\u03bd \u03c3\u03c5\u03bd\u03b4\u03ad\u03c3\u03bc\u03c9\u03bd \u03ba\u03b1\u03b9 \u03c4\u03bf\u03c5 \u03bc\u03c5\u03bf-\u03b1\u03c1\u03b8\u03c1\u03b9\u03ba\u03bf\u03cd \u03c3\u03c5\u03bc\u03c0\u03bb\u03ad\u03b3\u03bc\u03b1\u03c4\u03bf\u03c2.<\/li>\n<\/ul>\n<\/div><\/div>","protected":false},"excerpt":{"rendered":"<p>\u0410 \u201eBioTrEM ACTIVE\u201d modell EMF-IK ter\u00e1pi\u00e1s k\u00e9sz\u00fcl\u00e9k (a tov\u00e1bbiakban k\u00e9sz\u00fcl\u00e9k) egy hordozhat\u00f3 fizikoter\u00e1pi\u00e1s \u00e9s reflexter\u00e1pi\u00e1s eszk\u00f6z, amelynek rendeltet\u00e9se az \u00edz\u00fcleti megbeteged\u00e9sek megel\u0151z\u00e9s\u00e9re, a t\u00e1maszt\u00e1s \u00e9s mozg\u00e1s szervrendszeri betegs\u00e9gekben szenved\u0151 p\u00e1ciensek kezel\u00e9se \u00e9s rehabilit\u00e1ci\u00f3ja az ember b\u0151rfel\u00fclet\u00e9nek r\u00e9szeire ir\u00e1nyul\u00f3 extr\u00e9m magas frekvenci\u00e1s tartom\u00e1nyban m\u0171k\u00f6d\u0151 alacsonyintenzit\u00e1s\u00fa elektrom\u00e1gneses r\u00e1hat\u00e1s r\u00e9v\u00e9n. \u0410 k\u00e9sz\u00fcl\u00e9k komplex megel\u0151z\u0151 \u00e9s gy\u00f3gyul\u00e1st el\u0151seg\u00edt\u0151 programokban [&hellip;]<\/p>\n","protected":false},"featured_media":4711,"comment_status":"open","ping_status":"closed","template":"","meta":[],"product_brand":[],"product_cat":[34,32],"product_tag":[],"class_list":{"0":"post-4712","1":"product","2":"type-product","3":"status-publish","4":"has-post-thumbnail","6":"product_cat-keszulekek","7":"product_cat-triomed","9":"first","10":"instock","11":"taxable","12":"shipping-taxable","13":"purchasable","14":"product-type-simple"},"_links":{"self":[{"href":"https:\/\/vetomshop.hu\/el\/wp-json\/wp\/v2\/product\/4712","targetHints":{"allow":["GET"]}}],"collection":[{"href":"https:\/\/vetomshop.hu\/el\/wp-json\/wp\/v2\/product"}],"about":[{"href":"https:\/\/vetomshop.hu\/el\/wp-json\/wp\/v2\/types\/product"}],"replies":[{"embeddable":true,"href":"https:\/\/vetomshop.hu\/el\/wp-json\/wp\/v2\/comments?post=4712"}],"wp:featuredmedia":[{"embeddable":true,"href":"https:\/\/vetomshop.hu\/el\/wp-json\/wp\/v2\/media\/4711"}],"wp:attachment":[{"href":"https:\/\/vetomshop.hu\/el\/wp-json\/wp\/v2\/media?parent=4712"}],"wp:term":[{"taxonomy":"product_brand","embeddable":true,"href":"https:\/\/vetomshop.hu\/el\/wp-json\/wp\/v2\/product_brand?post=4712"},{"taxonomy":"product_cat","embeddable":true,"href":"https:\/\/vetomshop.hu\/el\/wp-json\/wp\/v2\/product_cat?post=4712"},{"taxonomy":"product_tag","embeddable":true,"href":"https:\/\/vetomshop.hu\/el\/wp-json\/wp\/v2\/product_tag?post=4712"}],"curies":[{"name":"wp","href":"https:\/\/api.w.org\/{rel}","templated":true}]}}