{"id":4716,"date":"2023-11-11T14:33:55","date_gmt":"2023-11-11T13:33:55","guid":{"rendered":"https:\/\/vetomshop.hu\/termek\/triomed-mmw\/"},"modified":"2023-11-11T14:33:55","modified_gmt":"2023-11-11T13:33:55","slug":"triomed-mmw","status":"publish","type":"product","link":"https:\/\/vetomshop.hu\/el\/product\/triomed-mmw\/","title":{"rendered":"Triomed MMW"},"content":{"rendered":"<h4>TRIOMED UNIVERSAL - \u039f \u0395\u0399\u0394\u0399\u039a\u038c\u03a3 \u03a3\u0395 \u0398\u0388\u039c\u0391\u03a4\u0391 \u0391\u03a3\u0398\u0395\u039d\u0395\u0399\u038f\u039d<\/h4>\n<p>\u03a0\u03bf\u03b9\u03bf \u03b5\u03af\u03bd\u03b1\u03b9 \u03c4\u03bf \u03ba\u03bb\u03b5\u03b9\u03b4\u03af \u03b3\u03b9\u03b1 \u03c4\u03b7\u03bd \u03b1\u03bd\u03ac\u03ba\u03b1\u03bc\u03c8\u03b7; \u03a0\u03bf\u03b9\u03b1 \u03b5\u03af\u03bd\u03b1\u03b9 \u03b7 \u03bb\u03cd\u03c3\u03b7 \u03c3\u03c4\u03b1 \u03bc\u03c5\u03c1\u03b9\u03ac\u03b4\u03b5\u03c2 \u03c0\u03c1\u03bf\u03b2\u03bb\u03ae\u03bc\u03b1\u03c4\u03b1 \u03c5\u03b3\u03b5\u03af\u03b1\u03c2;<\/p>\n<p>\u0397 \u03b1\u03c0\u03ac\u03bd\u03c4\u03b7\u03c3\u03b7 \u03b5\u03af\u03bd\u03b1\u03b9 \u03b1\u03c0\u03bb\u03ae, \u03b1\u03bb\u03bb\u03ac \u03b7 \u03bb\u03cd\u03c3\u03b7 \u03b8\u03b1 \u03bc\u03c0\u03bf\u03c1\u03bf\u03cd\u03c3\u03b5 \u03bd\u03b1 \u03b2\u03c1\u03b5\u03b8\u03b5\u03af \u03bc\u03cc\u03bd\u03bf \u03c3\u03c4\u03bf\u03bd \u03c3\u03b7\u03bc\u03b5\u03c1\u03b9\u03bd\u03cc \u03c3\u03cd\u03b3\u03c7\u03c1\u03bf\u03bd\u03bf \u03ba\u03cc\u03c3\u03bc\u03bf \u03c4\u03c9\u03bd \u03b5\u03c6\u03b5\u03c5\u03c1\u03ad\u03c3\u03b5\u03c9\u03bd \u03c4\u03b7\u03c2 \u03c0\u03bb\u03b7\u03c1\u03bf\u03c6\u03bf\u03c1\u03b9\u03ba\u03ae\u03c2, \u03cc\u03c4\u03b1\u03bd \u03b4\u03b7\u03bc\u03b9\u03bf\u03c5\u03c1\u03b3\u03ae\u03b8\u03b7\u03ba\u03b5 \u03bc\u03b9\u03b1 \u03c5\u03c0\u03b5\u03c1\u03c4\u03b1\u03c7\u03b5\u03af\u03b1 \u03b3\u03b5\u03bd\u03bd\u03ae\u03c4\u03c1\u03b9\u03b1 \u03bc\u03b5 \u03b2\u03ac\u03c3\u03b7 \u03c4\u03bf\u03bd \u03b7\u03bc\u03b9\u03b1\u03b3\u03c9\u03b3\u03cc SiGe, \u03b7 \u03bf\u03c0\u03bf\u03af\u03b1 \u03c0\u03b1\u03c1\u03ac\u03b3\u03b5\u03b9 \u03c3\u03ae\u03bc\u03b1\u03c4\u03b1 \u03c0\u03b1\u03bd\u03bf\u03bc\u03bf\u03b9\u03cc\u03c4\u03c5\u03c0\u03b1 \u03bc\u03b5 \u03b1\u03c5\u03c4\u03ac \u03c4\u03c9\u03bd \u03ba\u03c5\u03c4\u03c4\u03ac\u03c1\u03c9\u03bd \u03ba\u03b1\u03b9 \u03c4\u03c9\u03bd \u03bf\u03c1\u03b3\u03b1\u03bd\u03b9\u03c3\u03bc\u03ce\u03bd. \u0391\u03c5\u03c4\u03ae \u03b7 \u03ba\u03b1\u03b9\u03bd\u03bf\u03c4\u03bf\u03bc\u03af\u03b1 \u03b5\u03c0\u03ad\u03c4\u03c1\u03b5\u03c8\u03b5 \u03c4\u03b7 \u03b2\u03b9\u03bf\u03bb\u03bf\u03b3\u03b9\u03ba\u03ae \u03b5\u03c0\u03b9\u03ba\u03bf\u03b9\u03bd\u03c9\u03bd\u03af\u03b1 \u03bc\u03b5\u03c4\u03b1\u03be\u03cd \u03bc\u03b9\u03b1\u03c2 \u03c3\u03c5\u03c3\u03ba\u03b5\u03c5\u03ae\u03c2 \u03ba\u03b1\u03b9 \u03b5\u03bd\u03cc\u03c2 \u03b1\u03bd\u03b8\u03c1\u03ce\u03c0\u03bf\u03c5. \u0397 \u03b9\u03b1\u03c4\u03c1\u03b9\u03ba\u03ae \u03ba\u03b1\u03b9\u03bd\u03bf\u03c4\u03bf\u03bc\u03af\u03b1 \u03ba\u03b1\u03c4\u03bf\u03c7\u03c5\u03c1\u03ce\u03b8\u03b7\u03ba\u03b5 \u03bc\u03b5 \u03b4\u03af\u03c0\u03bb\u03c9\u03bc\u03b1 \u03b5\u03c5\u03c1\u03b5\u03c3\u03b9\u03c4\u03b5\u03c7\u03bd\u03af\u03b1\u03c2 \u03c9\u03c2 \u03c4\u03b5\u03c7\u03bd\u03bf\u03bb\u03bf\u03b3\u03af\u03b1 BioTrEM.<br \/>\n\u0391\u03c2 \u03b4\u03bf\u03cd\u03bc\u03b5 \u03ad\u03bd\u03b1 \u03ba\u03b1\u03b8\u03b7\u03bc\u03b5\u03c1\u03b9\u03bd\u03cc \u03c0\u03b1\u03c1\u03ac\u03b4\u03b5\u03b9\u03b3\u03bc\u03b1. \u039f\u03c0\u03bf\u03b9\u03bf\u03c3\u03b4\u03ae\u03c0\u03bf\u03c4\u03b5 \u03b5\u03c0\u03b1\u03b3\u03b3\u03b5\u03bb\u03bc\u03b1\u03c4\u03af\u03b1\u03c2 \u03c5\u03b3\u03b5\u03af\u03b1\u03c2 \u03b3\u03bd\u03c9\u03c1\u03af\u03b6\u03b5\u03b9 \u03cc\u03c4\u03b9 \u03c0\u03b1\u03c1\u03cc\u03bb\u03bf \u03c0\u03bf\u03c5 \u03bf \u03b8\u03b5\u03af\u03bf\u03c2 \u03a7\u03ac\u03bd\u03c3\u03b5\u03bb \u03ba\u03b1\u03b9 \u03b7 \u03b8\u03b5\u03af\u03b1 \u0393\u03ba\u03c1\u03ad\u03c4\u03b5\u03bb \u03ad\u03c7\u03bf\u03c5\u03bd \u03ba\u03b1\u03b9 \u03bf\u03b9 \u03b4\u03cd\u03bf \u03c5\u03c8\u03b7\u03bb\u03ae \u03b1\u03c1\u03c4\u03b7\u03c1\u03b9\u03b1\u03ba\u03ae \u03c0\u03af\u03b5\u03c3\u03b7, \u03b7 \u03bc\u03cc\u03bd\u03b7 \u03bf\u03bc\u03bf\u03b9\u03cc\u03c4\u03b7\u03c4\u03b1 \u03bc\u03b5\u03c4\u03b1\u03be\u03cd \u03c4\u03c9\u03bd \u03ba\u03b1\u03c4\u03b1\u03c3\u03c4\u03ac\u03c3\u03b5\u03c9\u03bd \u03c4\u03c9\u03bd \u03b4\u03cd\u03bf \u03b1\u03c4\u03cc\u03bc\u03c9\u03bd \u03b5\u03af\u03bd\u03b1\u03b9 \u03c4\u03b1 \u03c3\u03c5\u03bc\u03c0\u03c4\u03ce\u03bc\u03b1\u03c4\u03ac \u03c4\u03bf\u03c5\u03c2. \u0394\u03b5\u03bd \u03ad\u03c7\u03bf\u03c5\u03bd \u03c4\u03af\u03c0\u03bf\u03c4\u03b1 \u03ba\u03bf\u03b9\u03bd\u03cc, \u03bf\u03cd\u03c4\u03b5 \u03c3\u03c4\u03b7\u03bd \u03ad\u03bd\u03b1\u03c1\u03be\u03b7 \u03bf\u03cd\u03c4\u03b5 \u03c3\u03b5 \u03ac\u03bb\u03bb\u03b5\u03c2 \u03c0\u03b1\u03c1\u03b1\u03bc\u03ad\u03c4\u03c1\u03bf\u03c5\u03c2 \u03cc\u03c0\u03c9\u03c2 \u03b7 \u03b7\u03bb\u03b9\u03ba\u03af\u03b1, \u03c4\u03bf \u03c6\u03cd\u03bb\u03bf, \u03c4\u03bf \u03b9\u03c3\u03c4\u03bf\u03c1\u03b9\u03ba\u03cc, \u03b7 \u03b1\u03b9\u03c4\u03af\u03b1 \u03ae \u03b7 \u03c0\u03bf\u03c1\u03b5\u03af\u03b1 \u03c4\u03b7\u03c2 \u03bd\u03cc\u03c3\u03bf\u03c5. \u038c\u03bc\u03c9\u03c2 \u03ba\u03b1\u03b9 \u03bf\u03b9 \u03b4\u03cd\u03bf \u03ac\u03bd\u03b8\u03c1\u03c9\u03c0\u03bf\u03b9 \u03bb\u03b1\u03bc\u03b2\u03ac\u03bd\u03bf\u03c5\u03bd \u03c4\u03bf \u03af\u03b4\u03b9\u03bf \u03c6\u03ac\u03c1\u03bc\u03b1\u03ba\u03bf, \u03b5\u03c0\u03b5\u03b9\u03b4\u03ae \u03bc\u03ad\u03c7\u03c1\u03b9 \u03c4\u03ce\u03c1\u03b1 \u03bf\u03b9 \u03c0\u03ac\u03c1\u03bf\u03c7\u03bf\u03b9 \u03c4\u03b7\u03c2 \u03bb\u03cd\u03c3\u03b7\u03c2 \u03b4\u03b5\u03bd \u03b5\u03af\u03c7\u03b1\u03bd \u03c4\u03b1 \u03bc\u03ad\u03c3\u03b1 \u03bd\u03b1 \u03b1\u03bd\u03c4\u03b9\u03bc\u03b5\u03c4\u03c9\u03c0\u03af\u03c3\u03bf\u03c5\u03bd \u03b4\u03b9\u03b1\u03c6\u03bf\u03c1\u03b5\u03c4\u03b9\u03ba\u03ac \u03b1\u03c5\u03c4\u03bf\u03cd\u03c2 \u03c4\u03bf\u03c5\u03c2 \u03b4\u03cd\u03bf \u03b1\u03bd\u03b8\u03c1\u03ce\u03c0\u03bf\u03c5\u03c2.<\/p>\n<p>\u0397 \u03c3\u03c5\u03c3\u03ba\u03b5\u03c5\u03ae Triomed Universal \u03b5\u03af\u03bd\u03b1\u03b9 \u03bc\u03bf\u03bd\u03b1\u03b4\u03b9\u03ba\u03ae \u03c3\u03c4\u03bf \u03cc\u03c4\u03b9 \u03b8\u03b5\u03c1\u03b1\u03c0\u03b5\u03cd\u03b5\u03b9 \u03ba\u03ac\u03b8\u03b5 \u03ac\u03c4\u03bf\u03bc\u03bf \u03b4\u03b9\u03b1\u03c6\u03bf\u03c1\u03b5\u03c4\u03b9\u03ba\u03ac \u03c7\u03ac\u03c1\u03b7 \u03c3\u03c4\u03bf\u03c5\u03c2 \u03c3\u03c5\u03bd\u03b4\u03b5\u03cc\u03bc\u03b5\u03bd\u03bf\u03c5\u03c2 \u03b5\u03ba\u03c0\u03bf\u03bc\u03c0\u03bf\u03cd\u03c2 \u03c4\u03b7\u03c2 \u03b3\u03b9\u03b1 \u03c3\u03c5\u03b3\u03ba\u03b5\u03ba\u03c1\u03b9\u03bc\u03ad\u03bd\u03b5\u03c2 \u03b1\u03c3\u03b8\u03ad\u03bd\u03b5\u03b9\u03b5\u03c2, \u03cc\u03c0\u03c9\u03c2 \u03bf \u03b5\u03b9\u03b4\u03b9\u03ba\u03cc\u03c2 \u03ba\u03b1\u03c1\u03b4\u03b9\u03bf\u03bb\u03bf\u03b3\u03b9\u03ba\u03cc\u03c2 \u03c0\u03bf\u03bc\u03c0\u03cc\u03c2, \u03bf \u03bf\u03c0\u03bf\u03af\u03bf\u03c2 \u03c3\u03c5\u03bd\u03c4\u03bf\u03bd\u03af\u03b6\u03b5\u03c4\u03b1\u03b9 \u03bc\u03b5 \u03c4\u03bf\u03bd \u03b1\u03c3\u03b8\u03b5\u03bd\u03ae \u03c3\u03b5 \u03ba\u03ac\u03b8\u03b5 \u03c3\u03c4\u03b9\u03b3\u03bc\u03ae \u03c4\u03b7\u03c2 \u03b8\u03b5\u03c1\u03b1\u03c0\u03b5\u03af\u03b1\u03c2. \u0397 \u03c3\u03c5\u03c7\u03bd\u03cc\u03c4\u03b7\u03c4\u03b1 \u03c4\u03bf\u03c5 \u03c3\u03c5\u03bd\u03b4\u03ad\u03c3\u03b9\u03bc\u03bf\u03c5 \u03b5\u03ba\u03c0\u03bf\u03bc\u03c0\u03bf\u03cd Cardiology \u03c3\u03c4\u03b7\u03bd Triomed Universal \u03b1\u03bd\u03c4\u03b9\u03c3\u03c4\u03bf\u03b9\u03c7\u03b5\u03af \u03c3\u03c4\u03b7\u03bd \u03c5\u03b3\u03b9\u03ae \u03c3\u03c5\u03c7\u03bd\u03cc\u03c4\u03b7\u03c4\u03b1 \u03c4\u03bf\u03c5 \u03ba\u03b1\u03c1\u03b4\u03b9\u03b1\u03b3\u03b3\u03b5\u03b9\u03b1\u03ba\u03bf\u03cd \u03c3\u03c5\u03c3\u03c4\u03ae\u03bc\u03b1\u03c4\u03bf\u03c2, \u03c7\u03c1\u03b7\u03c3\u03b9\u03bc\u03bf\u03c0\u03bf\u03b9\u03ce\u03bd\u03c4\u03b1\u03c2 \u03b1\u03c5\u03c4\u03ac \u03c4\u03b1 \u03b1\u03bd\u03b5\u03c0\u03b1\u03af\u03c3\u03b8\u03b7\u03c4\u03b1 \u03c3\u03ae\u03bc\u03b1\u03c4\u03b1 \u03b3\u03b9\u03b1 \u03bd\u03b1 \u03c3\u03c5\u03bd\u03c4\u03bf\u03bd\u03af\u03c3\u03b5\u03b9 \u03c4\u03bf\u03bd \u03bf\u03c1\u03b3\u03b1\u03bd\u03b9\u03c3\u03bc\u03cc \u03c0\u03af\u03c3\u03c9 \u03c3\u03c4\u03b7\u03bd \u03c5\u03b3\u03b9\u03ae \u03bb\u03b5\u03b9\u03c4\u03bf\u03c5\u03c1\u03b3\u03af\u03b1. \u0391\u03c5\u03c4\u03cc \u03b5\u03be\u03b1\u03c4\u03bf\u03bc\u03b9\u03ba\u03b5\u03cd\u03b5\u03b9 \u03c4\u03b7 \u03b8\u03b5\u03c1\u03b1\u03c0\u03b5\u03af\u03b1, \u03c0\u03c1\u03bf\u03c3\u03b1\u03c1\u03bc\u03cc\u03b6\u03b5\u03c4\u03b1\u03b9 \u03c3\u03c4\u03b9\u03c2 \u03b1\u03bb\u03bb\u03b1\u03b3\u03ad\u03c2 \u03c0\u03bf\u03c5 \u03c3\u03c5\u03bc\u03b2\u03b1\u03af\u03bd\u03bf\u03c5\u03bd \u03c3\u03c4\u03bf \u03c3\u03ce\u03bc\u03b1 \u03b5\u03bd\u03cc\u03c2 \u03b1\u03c4\u03cc\u03bc\u03bf\u03c5, \u03b5\u03c5\u03b8\u03c5\u03b3\u03c1\u03b1\u03bc\u03bc\u03b9\u03b6\u03cc\u03bc\u03b5\u03bd\u03bf \u03bc\u03b5 \u03b1\u03c5\u03c4\u03cc \u03c3\u03b5 \u03ba\u03ac\u03b8\u03b5 \u03c3\u03c4\u03b9\u03b3\u03bc\u03ae.<\/p>\n<div class=\"su-spoiler su-spoiler-style-defoult su-spoiler-icon-caret su-spoiler-closed\" data-scroll-offset=\"0\" data-anchor-in-url=\"no\"><div class=\"su-spoiler-title\" tabindex=\"0\" role=\"button\"><span class=\"su-spoiler-icon\"><\/span>\u038c\u03bb\u03b1<\/div><div class=\"su-spoiler-content su-u-clearfix su-u-trim\">\n<p><strong>\u0392\u03b9\u03bf\u03b1\u03bd\u03ac\u03b4\u03c1\u03b1\u03c3\u03b7 \u03c3\u03c4\u03b7\u03bd \u03c0\u03b5\u03c1\u03b9\u03bf\u03c7\u03ae \u03c1\u03b1\u03b4\u03b9\u03bf\u03c3\u03c5\u03c7\u03bd\u03bf\u03c4\u03ae\u03c4\u03c9\u03bd!<\/strong><\/p>\n<p>\u0391\u03c5\u03c4\u03ae \u03b7 \u03ba\u03b1\u03b9\u03bd\u03bf\u03c4\u03cc\u03bc\u03bf\u03c2 \u03b5\u03c6\u03b5\u03cd\u03c1\u03b5\u03c3\u03b7 \u03b5\u03af\u03bd\u03b1\u03b9 \u03c0\u03bf\u03c5 \u03ba\u03ac\u03bd\u03b5\u03b9 \u03b1\u03c5\u03c4\u03ae \u03c4\u03b7 \u03c3\u03b5\u03b9\u03c1\u03ac \u03c4\u03cc\u03c3\u03bf \u03bc\u03bf\u03bd\u03b1\u03b4\u03b9\u03ba\u03ae \u03ba\u03b1\u03b9 \u03c4\u03cc\u03c3\u03bf \u03b1\u03c0\u03bf\u03c4\u03b5\u03bb\u03b5\u03c3\u03bc\u03b1\u03c4\u03b9\u03ba\u03ae!<\/p>\n<p>\u0391\u03c0\u03bb\u03ac \u03c3\u03ba\u03b5\u03c6\u03c4\u03b5\u03af\u03c4\u03b5 \u03c4\u03bf: \u03b3\u03bd\u03c9\u03c1\u03af\u03b6\u03bf\u03c5\u03bc\u03b5 \u03bc\u03b9\u03b1 \u03c3\u03c5\u03c3\u03ba\u03b5\u03c5\u03ae \u03c0\u03bf\u03c5 \u03b1\u03ba\u03bf\u03bb\u03bf\u03c5\u03b8\u03b5\u03af \u03ba\u03ac\u03b8\u03b5 \u03bc\u03b1\u03c2 \u03ba\u03af\u03bd\u03b7\u03c3\u03b7, \u03c0\u03bf\u03c5 \u03b5\u03bb\u03ad\u03b3\u03c7\u03b5\u03c4\u03b1\u03b9 \u03b1\u03c5\u03c4\u03cc\u03bc\u03b1\u03c4\u03b1 \u03b1\u03c0\u03cc \u03b5\u03bc\u03ac\u03c2, \u03b1\u03bd\u03b5\u03be\u03ac\u03c1\u03c4\u03b7\u03c4\u03b1 \u03b1\u03c0\u03cc \u03c4\u03b7 \u03c3\u03c5\u03bd\u03b5\u03af\u03b4\u03b7\u03c3\u03ae \u03bc\u03b1\u03c2, \u03b7 \u03bf\u03c0\u03bf\u03af\u03b1 - \u03b1\u03c2 \u03b5\u03af\u03bc\u03b1\u03c3\u03c4\u03b5 \u03b5\u03b9\u03bb\u03b9\u03ba\u03c1\u03b9\u03bd\u03b5\u03af\u03c2! - \u03bc\u03c0\u03bf\u03c1\u03b5\u03af \u03bd\u03b1 \u03bc\u03b1\u03c2 \u03b5\u03be\u03b1\u03c0\u03b1\u03c4\u03ae\u03c3\u03b5\u03b9;!<\/p>\n<p>\u03a4\u03bf TRIOMED UNIVERSAL \u03b4\u03b9\u03b1\u03b8\u03ad\u03c4\u03b5\u03b9 \u03b4\u03cd\u03bf \u03b5\u03ba\u03c0\u03ad\u03bc\u03c0\u03bf\u03bd\u03c4\u03b5\u03c2 \u03c4\u03b5\u03bb\u03b5\u03c5\u03c4\u03b1\u03af\u03b1\u03c2 \u03c4\u03b5\u03c7\u03bd\u03bf\u03bb\u03bf\u03b3\u03af\u03b1\u03c2 \u03c3\u03c4\u03b7 \u03b2\u03b1\u03c3\u03b9\u03ba\u03ae \u03c3\u03c5\u03c3\u03ba\u03b5\u03c5\u03b1\u03c3\u03af\u03b1, \u03bf\u03b9 \u03bf\u03c0\u03bf\u03af\u03bf\u03b9 \u03bc\u03c0\u03bf\u03c1\u03bf\u03cd\u03bd \u03bd\u03b1 \u03c7\u03c1\u03b7\u03c3\u03b9\u03bc\u03bf\u03c0\u03bf\u03b9\u03b7\u03b8\u03bf\u03cd\u03bd \u03c4\u03cc\u03c3\u03bf \u03b3\u03b9\u03b1 \u03c4\u03b7 \u03b8\u03b5\u03c1\u03b1\u03c0\u03b5\u03af\u03b1 \u03cc\u03c3\u03bf \u03ba\u03b1\u03b9 \u03b3\u03b9\u03b1 \u03c4\u03b7\u03bd \u03c0\u03c1\u03cc\u03bb\u03b7\u03c8\u03b7 \u03b1\u03c3\u03b8\u03b5\u03bd\u03b5\u03b9\u03ce\u03bd. \u0397 \u03c3\u03c5\u03c3\u03ba\u03b5\u03c5\u03ae \u03bc\u03c0\u03bf\u03c1\u03b5\u03af \u03bd\u03b1 \u03b5\u03bd\u03b5\u03c1\u03b3\u03bf\u03c0\u03bf\u03b9\u03ae\u03c3\u03b5\u03b9 \u03ad\u03bd\u03b1\u03bd \u03bc\u03b5\u03b3\u03ac\u03bb\u03bf \u03b1\u03c1\u03b9\u03b8\u03bc\u03cc \u03c0\u03c1\u03bf\u03b3\u03c1\u03b1\u03bc\u03bc\u03ac\u03c4\u03c9\u03bd \u03ba\u03b1\u03b9 \u03c5\u03c0\u03bf\u03c0\u03c1\u03bf\u03b3\u03c1\u03b1\u03bc\u03bc\u03ac\u03c4\u03c9\u03bd - \u03c3\u03c7\u03b5\u03b4\u03cc\u03bd \u03c7\u03af\u03bb\u03b9\u03b1. \u0393\u03b9\u03b1 \u03c4\u03bf \u03c3\u03ba\u03bf\u03c0\u03cc \u03b1\u03c5\u03c4\u03cc, \u03b7 \u03c3\u03c5\u03c3\u03ba\u03b5\u03c5\u03ae \u03bc\u03c0\u03bf\u03c1\u03b5\u03af \u03bd\u03b1 \u03b5\u03c0\u03b5\u03ba\u03c4\u03b1\u03b8\u03b5\u03af \u03bc\u03b5 11 \u03c0\u03c1\u03cc\u03c3\u03b8\u03b5\u03c4\u03b5\u03c2 \u03ba\u03b5\u03c6\u03b1\u03bb\u03ad\u03c2 \u03ba\u03b1\u03c4\u03ac \u03c0\u03b1\u03c1\u03b1\u03b3\u03b3\u03b5\u03bb\u03af\u03b1, \u03c0\u03c1\u03bf\u03c3\u03b8\u03ad\u03c4\u03bf\u03bd\u03c4\u03b1\u03c2 \u03bd\u03ad\u03b1 \u03c7\u03b1\u03c1\u03b1\u03ba\u03c4\u03b7\u03c1\u03b9\u03c3\u03c4\u03b9\u03ba\u03ac \u03ba\u03b1\u03b9 \u03b4\u03c5\u03bd\u03b1\u03c4\u03cc\u03c4\u03b7\u03c4\u03b5\u03c2 \u03c3\u03c4\u03b7 \u03b2\u03b1\u03c3\u03b9\u03ba\u03ae \u03c3\u03c5\u03c3\u03ba\u03b5\u03c5\u03ae. \u0388\u03bd\u03b1 \u03b5\u03be\u03b1\u03b9\u03c1\u03b5\u03c4\u03b9\u03ba\u03cc \u03b5\u03c1\u03b3\u03b1\u03bb\u03b5\u03af\u03bf \u03b3\u03b9\u03b1 \u03b3\u03b9\u03b1\u03c4\u03c1\u03bf\u03cd\u03c2, \u03b9\u03b4\u03c1\u03cd\u03bc\u03b1\u03c4\u03b1 \u03c5\u03b3\u03b5\u03af\u03b1\u03c2, \u03b8\u03b5\u03c1\u03b1\u03c0\u03b5\u03c5\u03c4\u03ad\u03c2 \u03ba\u03b1\u03b9 \u03b7 \u03c4\u03ad\u03bb\u03b5\u03b9\u03b1 \u03c0\u03c1\u03bf\u03c3\u03b8\u03ae\u03ba\u03b7 \u03c3\u03c4\u03bf \u03bf\u03b9\u03ba\u03b9\u03b1\u03ba\u03cc \u03c6\u03b1\u03c1\u03bc\u03b1\u03ba\u03b5\u03af\u03bf \u03c3\u03b1\u03c2!<\/p>\n<p><strong>\u0395\u03af\u03bd\u03b1\u03b9 \u03b5\u03cd\u03ba\u03bf\u03bb\u03bf \u03c3\u03c4\u03b7 \u03c7\u03c1\u03ae\u03c3\u03b7, \u03b8\u03b1 \u03bc\u03c0\u03bf\u03c1\u03bf\u03cd\u03c3\u03b1\u03c4\u03b5 \u03bd\u03b1 \u03c0\u03b5\u03af\u03c4\u03b5: \u03c0\u03b1\u03b9\u03c7\u03bd\u03b9\u03b4\u03ac\u03ba\u03b9!<\/strong><\/p>\n<p>\u0397 \u03c3\u03c5\u03c3\u03ba\u03b5\u03c5\u03ae \u03c4\u03b1\u03be\u03b9\u03bd\u03bf\u03bc\u03b5\u03af\u03c4\u03b1\u03b9 \u03c9\u03c2 \u03b5\u03bd\u03b5\u03c1\u03b3\u03ae \u03b9\u03b1\u03c4\u03c1\u03b9\u03ba\u03ae \u03c3\u03c5\u03c3\u03ba\u03b5\u03c5\u03ae \u03b7\u03bb\u03b5\u03ba\u03c4\u03c1\u03bf\u03bc\u03b1\u03b3\u03bd\u03b7\u03c4\u03b9\u03ba\u03ae\u03c2 \u03b4\u03b9\u03ad\u03b3\u03b5\u03c1\u03c3\u03b7\u03c2, \u03b7 \u03bf\u03c0\u03bf\u03af\u03b1 \u03c0\u03c1\u03bf\u03bf\u03c1\u03af\u03b6\u03b5\u03c4\u03b1\u03b9 \u03b3\u03b9\u03b1 \u03c4\u03b7\u03bd \u03c0\u03c1\u03cc\u03bb\u03b7\u03c8\u03b7 \u03ba\u03b1\u03b9 \u03c4\u03b7 \u03b8\u03b5\u03c1\u03b1\u03c0\u03b5\u03af\u03b1 \u03c0\u03b1\u03b8\u03bf\u03bb\u03bf\u03b3\u03b9\u03ba\u03ce\u03bd \u03ba\u03b1\u03c4\u03b1\u03c3\u03c4\u03ac\u03c3\u03b5\u03c9\u03bd \u03bc\u03b5 \u03c4\u03b7\u03bd \u03b5\u03c6\u03b1\u03c1\u03bc\u03bf\u03b3\u03ae \u03b7\u03bb\u03b5\u03ba\u03c4\u03c1\u03bf\u03bc\u03b1\u03b3\u03bd\u03b7\u03c4\u03b9\u03ba\u03ae\u03c2 \u03b1\u03ba\u03c4\u03b9\u03bd\u03bf\u03b2\u03bf\u03bb\u03af\u03b1\u03c2 \u03c7\u03b1\u03bc\u03b7\u03bb\u03ae\u03c2 \u03ad\u03bd\u03c4\u03b1\u03c3\u03b7\u03c2 \u03b1\u03ba\u03c1\u03b1\u03af\u03b1\u03c2 \u03c5\u03c8\u03b7\u03bb\u03ae\u03c2 \u03c3\u03c5\u03c7\u03bd\u03cc\u03c4\u03b7\u03c4\u03b1\u03c2 \u03ba\u03b1\u03b9 \u03c5\u03c0\u03ad\u03c1\u03c5\u03b8\u03c1\u03b7\u03c2 (IV) \u03b1\u03ba\u03c4\u03b9\u03bd\u03bf\u03b2\u03bf\u03bb\u03af\u03b1\u03c2 \u03bc\u03ad\u03c3\u03c9 \u03c4\u03bf\u03c5 \u03b4\u03ad\u03c1\u03bc\u03b1\u03c4\u03bf\u03c2. \u0392\u03bf\u03b7\u03b8\u03ac \u03c3\u03c4\u03b7\u03bd \u03b5\u03c0\u03b9\u03c4\u03ac\u03c7\u03c5\u03bd\u03c3\u03b7 \u03c4\u03b7\u03c2 \u03b4\u03b9\u03b1\u03b4\u03b9\u03ba\u03b1\u03c3\u03af\u03b1\u03c2 \u03b5\u03c0\u03bf\u03cd\u03bb\u03c9\u03c3\u03b7\u03c2, \u03c3\u03c4\u03b7 \u03bc\u03b5\u03af\u03c9\u03c3\u03b7 \u03c4\u03b7\u03c2 \u03c0\u03bf\u03c3\u03cc\u03c4\u03b7\u03c4\u03b1\u03c2 \u03ba\u03b1\u03b9 \u03c4\u03c9\u03bd \u03c0\u03b1\u03c1\u03b5\u03bd\u03b5\u03c1\u03b3\u03b5\u03b9\u03ce\u03bd \u03c4\u03b7\u03c2 \u03c6\u03b1\u03c1\u03bc\u03b1\u03ba\u03b5\u03c5\u03c4\u03b9\u03ba\u03ae\u03c2 \u03b1\u03b3\u03c9\u03b3\u03ae\u03c2 \u03ba\u03b1\u03b9 \u03c3\u03c4\u03b7\u03bd \u03b5\u03c0\u03af\u03c4\u03b5\u03c5\u03be\u03b7 \u03b8\u03b5\u03c4\u03b9\u03ba\u03ce\u03bd \u03ba\u03bb\u03b9\u03bd\u03b9\u03ba\u03ce\u03bd \u03b1\u03c0\u03bf\u03c4\u03b5\u03bb\u03b5\u03c3\u03bc\u03ac\u03c4\u03c9\u03bd \u03c3\u03b5 \u03b1\u03c3\u03b8\u03b5\u03bd\u03b5\u03af\u03c2 \u03bc\u03b5 \u03c7\u03b1\u03bc\u03b7\u03bb\u03ae \u03b1\u03bd\u03bf\u03c7\u03ae \u03c3\u03c4\u03b7 \u03c6\u03b1\u03c1\u03bc\u03b1\u03ba\u03b5\u03c5\u03c4\u03b9\u03ba\u03ae \u03b1\u03b3\u03c9\u03b3\u03ae. \u0397 \u03c3\u03c5\u03c3\u03ba\u03b5\u03c5\u03ae \u03bc\u03c0\u03bf\u03c1\u03b5\u03af \u03bd\u03b1 \u03c7\u03c1\u03b7\u03c3\u03b9\u03bc\u03bf\u03c0\u03bf\u03b9\u03b7\u03b8\u03b5\u03af \u03c3\u03b5 \u03b9\u03b4\u03c1\u03cd\u03bc\u03b1\u03c4\u03b1 \u03c5\u03b3\u03b5\u03b9\u03bf\u03bd\u03bf\u03bc\u03b9\u03ba\u03ae\u03c2 \u03c0\u03b5\u03c1\u03af\u03b8\u03b1\u03bb\u03c8\u03b7\u03c2 \u03ae \u03c3\u03c4\u03bf \u03c3\u03c0\u03af\u03c4\u03b9.<br \/>\n\u0397 \u03c3\u03c5\u03c3\u03ba\u03b5\u03c5\u03ae \u03ad\u03c7\u03b5\u03b9 \u03b1\u03bd\u03c4\u03b9\u03c6\u03bb\u03b5\u03b3\u03bc\u03bf\u03bd\u03ce\u03b4\u03b7, \u03b1\u03bd\u03b1\u03bb\u03b3\u03b7\u03c4\u03b9\u03ba\u03ac \u03ba\u03b1\u03b9 \u03b1\u03bd\u03c4\u03b9\u03bf\u03af\u03b4\u03b7\u03bc\u03b1 \u03b1\u03c0\u03bf\u03c4\u03b5\u03bb\u03ad\u03c3\u03bc\u03b1\u03c4\u03b1. \u0386\u03bb\u03bb\u03b5\u03c2 \u03ba\u03bb\u03b9\u03bd\u03b9\u03ba\u03bf\u03c6\u03c5\u03c3\u03b9\u03bf\u03bb\u03bf\u03b3\u03b9\u03ba\u03ad\u03c2 \u03b5\u03c0\u03b9\u03b4\u03c1\u03ac\u03c3\u03b5\u03b9\u03c2 \u03b5\u03ba\u03b4\u03b7\u03bb\u03ce\u03bd\u03bf\u03bd\u03c4\u03b1\u03b9 \u03c3\u03b5 \u03b4\u03b9\u03b1\u03b4\u03b9\u03ba\u03b1\u03c3\u03af\u03b5\u03c2 \u03ba\u03c5\u03c4\u03c4\u03b1\u03c1\u03b9\u03ba\u03ae\u03c2 \u03b1\u03bd\u03b1\u03b3\u03ad\u03bd\u03bd\u03b7\u03c3\u03b7\u03c2, \u03b2\u03b5\u03bb\u03c4\u03af\u03c9\u03c3\u03b7 \u03c4\u03b7\u03c2 \u03b1\u03bd\u03c4\u03af\u03c3\u03c4\u03b1\u03c3\u03b7\u03c2 \u03c4\u03bf\u03c5 \u03bf\u03c1\u03b3\u03b1\u03bd\u03b9\u03c3\u03bc\u03bf\u03cd, \u03b2\u03b5\u03bb\u03c4\u03af\u03c9\u03c3\u03b7 \u03c4\u03b7\u03c2 \u03b1\u03b9\u03bc\u03bf\u03b4\u03c5\u03bd\u03b1\u03bc\u03b9\u03ba\u03ae\u03c2, \u03b1\u03bd\u03b1\u03ba\u03bf\u03cd\u03c6\u03b9\u03c3\u03b7 \u03b1\u03c0\u03cc \u03c4\u03bf \u03c3\u03c4\u03c1\u03b5\u03c2 \u03ba\u03b1\u03b9 \u03bf\u03bc\u03b1\u03bb\u03bf\u03c0\u03bf\u03af\u03b7\u03c3\u03b7 \u03c4\u03b7\u03c2 \u03c1\u03cd\u03b8\u03bc\u03b9\u03c3\u03b7\u03c2 \u03c4\u03bf\u03c5 \u03b1\u03c5\u03c4\u03cc\u03bd\u03bf\u03bc\u03bf\u03c5 \u03bd\u03b5\u03c5\u03c1\u03b9\u03ba\u03bf\u03cd \u03c3\u03c5\u03c3\u03c4\u03ae\u03bc\u03b1\u03c4\u03bf\u03c2.<\/p>\n<\/div><\/div>","protected":false},"excerpt":{"rendered":"<p>TRIOMED UNIVERSAL \u2013 A BETEGS\u00c9GEK SPECIALIST\u00c1JA Mi a gy\u00f3gyul\u00e1s kulcsa? Mi lenne a megold\u00e1s a sz\u00e1mtalan eg\u00e9szs\u00e9g\u00fcgyi probl\u00e9m\u00e1ra? A v\u00e1lasz egyszer\u0171, de a megold\u00e1s csak a mai modern, informatikai tal\u00e1lm\u00e1nyokkal b\u0151velked\u0151 vil\u00e1gunkban tudott megval\u00f3sulni, mikor is siker\u00fclt l\u00e9trehozni egy olyan szupergyors f\u00e9lvezet\u0151 SiGe alap\u00fa gener\u00e1tort, mely a sejtekkel, szervezettel azonos jeleket gener\u00e1l. Ennek az innov\u00e1ci\u00f3nak [&hellip;]<\/p>\n","protected":false},"featured_media":4715,"comment_status":"open","ping_status":"closed","template":"","meta":[],"product_brand":[],"product_cat":[34,32],"product_tag":[],"class_list":{"0":"post-4716","1":"product","2":"type-product","3":"status-publish","4":"has-post-thumbnail","6":"product_cat-keszulekek","7":"product_cat-triomed","9":"first","10":"instock","11":"taxable","12":"shipping-taxable","13":"purchasable","14":"product-type-simple"},"_links":{"self":[{"href":"https:\/\/vetomshop.hu\/el\/wp-json\/wp\/v2\/product\/4716","targetHints":{"allow":["GET"]}}],"collection":[{"href":"https:\/\/vetomshop.hu\/el\/wp-json\/wp\/v2\/product"}],"about":[{"href":"https:\/\/vetomshop.hu\/el\/wp-json\/wp\/v2\/types\/product"}],"replies":[{"embeddable":true,"href":"https:\/\/vetomshop.hu\/el\/wp-json\/wp\/v2\/comments?post=4716"}],"wp:featuredmedia":[{"embeddable":true,"href":"https:\/\/vetomshop.hu\/el\/wp-json\/wp\/v2\/media\/4715"}],"wp:attachment":[{"href":"https:\/\/vetomshop.hu\/el\/wp-json\/wp\/v2\/media?parent=4716"}],"wp:term":[{"taxonomy":"product_brand","embeddable":true,"href":"https:\/\/vetomshop.hu\/el\/wp-json\/wp\/v2\/product_brand?post=4716"},{"taxonomy":"product_cat","embeddable":true,"href":"https:\/\/vetomshop.hu\/el\/wp-json\/wp\/v2\/product_cat?post=4716"},{"taxonomy":"product_tag","embeddable":true,"href":"https:\/\/vetomshop.hu\/el\/wp-json\/wp\/v2\/product_tag?post=4716"}],"curies":[{"name":"wp","href":"https:\/\/api.w.org\/{rel}","templated":true}]}}