{"id":4718,"date":"2023-11-11T14:33:56","date_gmt":"2023-11-11T13:33:56","guid":{"rendered":"https:\/\/vetomshop.hu\/termek\/antidiabetikus-jelado\/"},"modified":"2023-11-11T14:33:56","modified_gmt":"2023-11-11T13:33:56","slug":"antidiabetikus-jelado","status":"publish","type":"product","link":"https:\/\/vetomshop.hu\/el\/product\/antidiabetikus-jelado\/","title":{"rendered":"\u0391\u03bd\u03c4\u03b9\u03b4\u03b9\u03b1\u03b2\u03b7\u03c4\u03b9\u03ba\u03cc\u03c2 \u03c6\u03ac\u03c1\u03bf\u03c2"},"content":{"rendered":"<h4>\u0391\u03bd\u03c4\u03b9\u03b4\u03b9\u03b1\u03b2\u03b7\u03c4\u03b9\u03ba\u03ae \u03b1\u03ba\u03c4\u03b9\u03bd\u03bf\u03b2\u03bf\u03bb\u03af\u03b1 \u21167.<\/h4>\n<p>\u03a7\u03c1\u03cc\u03bd\u03bf\u03c2 \u03bb\u03b5\u03b9\u03c4\u03bf\u03c5\u03c1\u03b3\u03af\u03b1\u03c2: 13 \u03bb\u03b5\u03c0\u03c4\u03ac.<\/p>\n<p>\u0397 \u03c3\u03c5\u03c7\u03bd\u03cc\u03c4\u03b7\u03c4\u03ac \u03c4\u03bf\u03c5 \u03b1\u03bd\u03c4\u03b9\u03c3\u03c4\u03bf\u03b9\u03c7\u03b5\u03af \u03c3\u03c4\u03b7 \u03c3\u03c5\u03c7\u03bd\u03cc\u03c4\u03b7\u03c4\u03b1 \u03c4\u03c9\u03bd \u03c0\u03b5\u03b4\u03af\u03c9\u03bd \u03c5\u03c0\u03bf\u03b4\u03bf\u03c7\u03ad\u03c9\u03bd \u03c3\u03c4\u03b1 \u03c0\u03b1\u03b3\u03ba\u03c1\u03b5\u03b1\u03c4\u03b9\u03ba\u03ac \u03ba\u03cd\u03c4\u03c4\u03b1\u03c1\u03b1 \u03ba\u03b1\u03b9 \u03c3\u03c4\u03bf\u03c5\u03c2 \u03b9\u03c3\u03c4\u03bf\u03cd\u03c2 \u03c0\u03bf\u03c5 \u03b5\u03be\u03b1\u03c1\u03c4\u03ce\u03bd\u03c4\u03b1\u03b9 \u03b1\u03c0\u03cc \u03c4\u03b7\u03bd \u03b9\u03bd\u03c3\u03bf\u03c5\u03bb\u03af\u03bd\u03b7.<\/p>\n<p>\u039c\u03c0\u03bf\u03c1\u03b5\u03af \u03bd\u03b1 \u03c7\u03c1\u03b7\u03c3\u03b9\u03bc\u03bf\u03c0\u03bf\u03b9\u03b7\u03b8\u03b5\u03af \u03c3\u03b5 \u03c3\u03cd\u03bd\u03b8\u03b5\u03c4\u03b1 \u03c0\u03c1\u03bf\u03b3\u03c1\u03ac\u03bc\u03bc\u03b1\u03c4\u03b1 \u03b3\u03b9\u03b1 \u03c4\u03b7\u03bd \u03c0\u03c1\u03cc\u03bb\u03b7\u03c8\u03b7 \u03c4\u03bf\u03c5 \u03b4\u03b9\u03b1\u03b2\u03ae\u03c4\u03b7 \u03ba\u03b1\u03b9 \u03c4\u03b7 \u03b8\u03b5\u03c1\u03b1\u03c0\u03b5\u03af\u03b1 \u03c4\u03bf\u03c5 \u03b4\u03b9\u03b1\u03b2\u03ae\u03c4\u03b7 \u03c4\u03cd\u03c0\u03bf\u03c5 \u0399 \u03ba\u03b1\u03b9 \u0399\u0399, \u03bc\u03b5 \u03c3\u03c4\u03cc\u03c7\u03bf \u03c4\u03b7\u03bd \u03c0\u03c1\u03cc\u03bb\u03b7\u03c8\u03b7 \u03c4\u03b7\u03c2 \u03b1\u03bd\u03ac\u03c0\u03c4\u03c5\u03be\u03b7\u03c2 \u03b5\u03c0\u03b9\u03c0\u03bb\u03bf\u03ba\u03ce\u03bd.<\/p>\n<ul>\n<li>\u03a0\u03c1\u03bf\u03c9\u03b8\u03b5\u03af \u03c4\u03b7 \u03b2\u03b5\u03bb\u03c4\u03b9\u03c3\u03c4\u03bf\u03c0\u03bf\u03af\u03b7\u03c3\u03b7 \u03c4\u03c9\u03bd \u03bc\u03b5\u03c4\u03b1\u03b2\u03bf\u03bb\u03b9\u03ba\u03ce\u03bd \u03b4\u03b9\u03b5\u03c1\u03b3\u03b1\u03c3\u03b9\u03ce\u03bd (\u03c5\u03b4\u03b1\u03c4\u03ac\u03bd\u03b8\u03c1\u03b1\u03ba\u03b5\u03c2, \u03bb\u03b9\u03c0\u03af\u03b4\u03b9\u03b1, \u03c0\u03c1\u03c9\u03c4\u03b5\u0390\u03bd\u03b5\u03c2, \u03bc\u03ad\u03c4\u03b1\u03bb\u03bb\u03b1).<\/li>\n<li>\u0392\u03b5\u03bb\u03c4\u03b9\u03ce\u03bd\u03b5\u03b9 \u03c4\u03bf\u03bd \u03bc\u03b5\u03c4\u03b1\u03b2\u03bf\u03bb\u03b9\u03c3\u03bc\u03cc (\u03bc\u03b5\u03c4\u03b1\u03b2\u03bf\u03bb\u03b9\u03ba\u03ad\u03c2 \u03b4\u03b9\u03b5\u03c1\u03b3\u03b1\u03c3\u03af\u03b5\u03c2) \u03c3\u03c4\u03b1 \u03ba\u03cd\u03c4\u03c4\u03b1\u03c1\u03b1 \u03c4\u03bf\u03c5 \u03c0\u03b1\u03b3\u03ba\u03c1\u03ad\u03b1\u03c4\u03bf\u03c2.<\/li>\n<li>\u0392\u03b5\u03bb\u03c4\u03b9\u03c3\u03c4\u03bf\u03c0\u03bf\u03b9\u03b5\u03af \u03c4\u03b7\u03bd \u03c0\u03b1\u03c1\u03b1\u03b3\u03c9\u03b3\u03ae \u03b9\u03bd\u03c3\u03bf\u03c5\u03bb\u03af\u03bd\u03b7\u03c2 \u03b1\u03c0\u03cc \u03c4\u03b1 \u03ba\u03cd\u03c4\u03c4\u03b1\u03c1\u03b1 \u03c4\u03bf\u03c5 \u03c0\u03b1\u03b3\u03ba\u03c1\u03ad\u03b1\u03c4\u03bf\u03c2.<\/li>\n<li>\u0391\u03c5\u03be\u03ac\u03bd\u03b5\u03b9 \u03c4\u03b7\u03bd \u03b5\u03c5\u03b1\u03b9\u03c3\u03b8\u03b7\u03c3\u03af\u03b1 \u03c4\u03c9\u03bd \u03b9\u03c3\u03c4\u03ce\u03bd \u03c3\u03c4\u03b7\u03bd \u03b9\u03bd\u03c3\u03bf\u03c5\u03bb\u03af\u03bd\u03b7.<\/li>\n<li>\u0392\u03b5\u03bb\u03c4\u03b9\u03ce\u03bd\u03b5\u03b9 \u03c4\u03b7\u03bd \u03ba\u03b1\u03c4\u03ac\u03c3\u03c4\u03b1\u03c3\u03b7 \u03c4\u03c9\u03bd \u03c5\u03c0\u03bf\u03b4\u03bf\u03c7\u03ad\u03c9\u03bd \u03c4\u03c9\u03bd \u03ba\u03c5\u03c4\u03c4\u03ac\u03c1\u03c9\u03bd \u03c3\u03c4\u03bf\u03c5\u03c2 \u03b9\u03bd\u03c3\u03bf\u03c5\u03bb\u03b9\u03bd\u03bf\u03b5\u03be\u03b1\u03c1\u03c4\u03ce\u03bc\u03b5\u03bd\u03bf\u03c5\u03c2 \u03b9\u03c3\u03c4\u03bf\u03cd\u03c2<\/li>\n<li>\u0391\u03c0\u03bf\u03c4\u03c1\u03ad\u03c0\u03b5\u03b9 \u03c4\u03bf \u03bf\u03af\u03b4\u03b7\u03bc\u03b1<\/li>\n<li>\u0395\u03c0\u03b9\u03c4\u03b1\u03c7\u03cd\u03bd\u03b5\u03b9 \u03c4\u03b7\u03bd \u03b1\u03bd\u03b1\u03b3\u03ad\u03bd\u03bd\u03b7\u03c3\u03b7 \u03ba\u03b1\u03b9 \u03c4\u03b7\u03bd \u03b5\u03c0\u03b9\u03b4\u03b9\u03cc\u03c1\u03b8\u03c9\u03c3\u03b7 \u03c4\u03c9\u03bd \u03c0\u03b1\u03b3\u03ba\u03c1\u03b5\u03b1\u03c4\u03b9\u03ba\u03ce\u03bd \u03ba\u03c5\u03c4\u03c4\u03ac\u03c1\u03c9\u03bd.<\/li>\n<li>\u0388\u03c7\u03b5\u03b9 \u03c0\u03c1\u03bf\u03c6\u03bb\u03b5\u03b3\u03bc\u03bf\u03bd\u03ce\u03b4\u03b7 \u03b4\u03c1\u03ac\u03c3\u03b7.<\/li>\n<li>\u0392\u03b5\u03bb\u03c4\u03b9\u03ce\u03bd\u03b5\u03b9 \u03c4\u03b7\u03bd \u03ba\u03c5\u03ba\u03bb\u03bf\u03c6\u03bf\u03c1\u03af\u03b1 \u03c4\u03bf\u03c5 \u03b1\u03af\u03bc\u03b1\u03c4\u03bf\u03c2.<\/li>\n<li>\u03a0\u03c1\u03bf\u03bb\u03b1\u03bc\u03b2\u03ac\u03bd\u03b5\u03b9 \u03c4\u03b7\u03bd \u03b1\u03bd\u03ac\u03c0\u03c4\u03c5\u03be\u03b7 \u03b4\u03b9\u03b1\u03b2\u03ae\u03c4\u03b7.<\/li>\n<li>\u03a0\u03c1\u03bf\u03bb\u03b1\u03bc\u03b2\u03ac\u03bd\u03b5\u03b9 \u03c4\u03b7\u03bd \u03b1\u03bd\u03ac\u03c0\u03c4\u03c5\u03be\u03b7 \u03b5\u03c0\u03b9\u03c0\u03bb\u03bf\u03ba\u03ce\u03bd \u03c4\u03bf\u03c5 \u03b4\u03b9\u03b1\u03b2\u03ae\u03c4\u03b7.<\/li>\n<\/ul>\n<div class=\"su-spoiler su-spoiler-style-defoult su-spoiler-icon-caret su-spoiler-closed\" data-scroll-offset=\"0\" data-anchor-in-url=\"no\"><div class=\"su-spoiler-title\" tabindex=\"0\" role=\"button\"><span class=\"su-spoiler-icon\"><\/span>\u038c\u03bb\u03b1<\/div><div class=\"su-spoiler-content su-u-clearfix su-u-trim\">\n\u03a3\u03c5\u03bd\u03b9\u03c3\u03c4\u03ce\u03bc\u03b5\u03bd\u03b5\u03c2 \u03c0\u03b5\u03c1\u03b9\u03bf\u03c7\u03ad\u03c2 \u03b5\u03c0\u03b5\u03be\u03b5\u03c1\u03b3\u03b1\u03c3\u03af\u03b1\u03c2: \u03c3\u03b5 \u03b2\u03b9\u03bf\u03bb\u03bf\u03b3\u03b9\u03ba\u03ac \u03b5\u03bd\u03b5\u03c1\u03b3\u03ac \u03c3\u03b7\u03bc\u03b5\u03af\u03b1 \u03ba\u03b1\u03b9 \u03b6\u03ce\u03bd\u03b5\u03c2. \u039f\u03b9 \u03c3\u03c5\u03bd\u03b9\u03c3\u03c4\u03ce\u03bc\u03b5\u03bd\u03b5\u03c2 \u03b8\u03b5\u03c1\u03b1\u03c0\u03b5\u03af\u03b5\u03c2 \u03bc\u03c0\u03bf\u03c1\u03bf\u03cd\u03bd \u03bd\u03b1 \u03b5\u03c0\u03b1\u03bd\u03b1\u03bb\u03b1\u03bc\u03b2\u03ac\u03bd\u03bf\u03bd\u03c4\u03b1\u03b9 2-3 \u03c6\u03bf\u03c1\u03ad\u03c2 \u03c4\u03bf \u03c7\u03c1\u03cc\u03bd\u03bf, \u03bc\u03b5\u03c4\u03ac \u03b1\u03c0\u03cc \u03c4\u03bf\u03c5\u03bb\u03ac\u03c7\u03b9\u03c3\u03c4\u03bf\u03bd 3 \u03bc\u03ae\u03bd\u03b5\u03c2, \u03ad\u03c9\u03c2 \u03cc\u03c4\u03bf\u03c5 \u03b2\u03b5\u03bb\u03c4\u03b9\u03c9\u03b8\u03b5\u03af \u03b7 \u03ba\u03b1\u03c4\u03ac\u03c3\u03c4\u03b1\u03c3\u03b7, \u03ba\u03b1\u03b9 \u03bc\u03c0\u03bf\u03c1\u03bf\u03cd\u03bd \u03bd\u03b1 \u03c3\u03c5\u03bc\u03c0\u03bb\u03b7\u03c1\u03c9\u03b8\u03bf\u03cd\u03bd \u03bc\u03b5 \u03ac\u03bb\u03bb\u03b5\u03c2 \u03b2\u03b9\u03bf\u03c0\u03bb\u03b7\u03c1\u03bf\u03c6\u03bf\u03c1\u03b9\u03b1\u03ba\u03ad\u03c2 \u03b8\u03b5\u03c1\u03b1\u03c0\u03b5\u03af\u03b5\u03c2.<\/p>\n<\/div><\/div>","protected":false},"excerpt":{"rendered":"<p>Antidiabetikus sug\u00e1rz\u00f3 \u21167. M\u0171k\u00f6d\u00e9si ideje: 13 perc. Frekvenci\u00e1ja a hasny\u00e1lmirigy sejtjei \u00e9s az inzulinf\u00fcgg\u0151 sz\u00f6vetek receptormez\u0151i frekvenci\u00e1j\u00e1nak felel meg. A cukorbetegs\u00e9g megel\u0151z\u00e9s\u00e9nek, valamint az I. \u00e9s II. tipus\u00fa cukorbetegs\u00e9g kezel\u00e9s\u00e9nek komplex programjaiban, a sz\u00f6v\u0151dm\u00e9nyek kialakul\u00e1sa megel\u0151z\u00e9s\u00e9nek c\u00e9lj\u00e1b\u00f3l alkalmazhat\u00f3. Az anyagcsere folyamatok (sz\u00e9nhidr\u00e1t, lipid, feh\u00e9rje, \u00e1sv\u00e1nyi anyagok) optimaliz\u00e1ci\u00f3j\u00e1t seg\u00edti el\u0151. Jav\u00edtja a metabolizmus (anyagcsere) folyamatait a [&hellip;]<\/p>\n","protected":false},"featured_media":4717,"comment_status":"open","ping_status":"closed","template":"","meta":[],"product_brand":[],"product_cat":[35,32],"product_tag":[],"class_list":{"0":"post-4718","1":"product","2":"type-product","3":"status-publish","4":"has-post-thumbnail","6":"product_cat-csatlakoztathato-jeladok","7":"product_cat-triomed","9":"first","10":"instock","11":"taxable","12":"shipping-taxable","13":"purchasable","14":"product-type-simple"},"_links":{"self":[{"href":"https:\/\/vetomshop.hu\/el\/wp-json\/wp\/v2\/product\/4718","targetHints":{"allow":["GET"]}}],"collection":[{"href":"https:\/\/vetomshop.hu\/el\/wp-json\/wp\/v2\/product"}],"about":[{"href":"https:\/\/vetomshop.hu\/el\/wp-json\/wp\/v2\/types\/product"}],"replies":[{"embeddable":true,"href":"https:\/\/vetomshop.hu\/el\/wp-json\/wp\/v2\/comments?post=4718"}],"wp:featuredmedia":[{"embeddable":true,"href":"https:\/\/vetomshop.hu\/el\/wp-json\/wp\/v2\/media\/4717"}],"wp:attachment":[{"href":"https:\/\/vetomshop.hu\/el\/wp-json\/wp\/v2\/media?parent=4718"}],"wp:term":[{"taxonomy":"product_brand","embeddable":true,"href":"https:\/\/vetomshop.hu\/el\/wp-json\/wp\/v2\/product_brand?post=4718"},{"taxonomy":"product_cat","embeddable":true,"href":"https:\/\/vetomshop.hu\/el\/wp-json\/wp\/v2\/product_cat?post=4718"},{"taxonomy":"product_tag","embeddable":true,"href":"https:\/\/vetomshop.hu\/el\/wp-json\/wp\/v2\/product_tag?post=4718"}],"curies":[{"name":"wp","href":"https:\/\/api.w.org\/{rel}","templated":true}]}}