{"id":4720,"date":"2023-11-11T14:33:56","date_gmt":"2023-11-11T13:33:56","guid":{"rendered":"https:\/\/vetomshop.hu\/termek\/egeszseges-maj-jelado\/"},"modified":"2024-10-29T21:36:20","modified_gmt":"2024-10-29T20:36:20","slug":"egeszseges-maj-jelado","status":"publish","type":"product","link":"https:\/\/vetomshop.hu\/el\/product\/egeszseges-maj-jelado\/","title":{"rendered":"\u03a6\u03ac\u03c1\u03bf\u03c2 \u03c5\u03b3\u03b9\u03bf\u03cd\u03c2 \u03ae\u03c0\u03b1\u03c4\u03bf\u03c2"},"content":{"rendered":"<h4>\u00ab\u03a5\u03b3\u03b9\u03ad\u03c2 \u03c3\u03c5\u03ba\u03ce\u03c4\u03b9\u00bb \u03b1\u03ba\u03c4\u03b9\u03bd\u03bf\u03b2\u03bf\u03bb\u03b7\u03c4\u03ae\u03c2 \u211614<\/h4>\n<p>\u0397 \u03c3\u03c5\u03c7\u03bd\u03cc\u03c4\u03b7\u03c4\u03ac \u03c4\u03bf\u03c5 \u03b1\u03bd\u03c4\u03b9\u03c3\u03c4\u03bf\u03b9\u03c7\u03b5\u03af \u03c3\u03c4\u03b7 \u03c3\u03c5\u03c7\u03bd\u03cc\u03c4\u03b7\u03c4\u03b1 \u03c4\u03bf\u03c5 \u03b7\u03c0\u03b1\u03c4\u03b9\u03ba\u03bf\u03cd \u03b9\u03c3\u03c4\u03bf\u03cd \u03ba\u03b1\u03b9 \u03bf \u03c7\u03c1\u03cc\u03bd\u03bf\u03c2 \u03bb\u03b5\u03b9\u03c4\u03bf\u03c5\u03c1\u03b3\u03af\u03b1\u03c2 \u03c4\u03bf\u03c5 \u03b5\u03af\u03bd\u03b1\u03b9 12 \u03bb\u03b5\u03c0\u03c4\u03ac.<\/p>\n<p>\u039c\u03c0\u03bf\u03c1\u03b5\u03af \u03bd\u03b1 \u03c7\u03c1\u03b7\u03c3\u03b9\u03bc\u03bf\u03c0\u03bf\u03b9\u03b7\u03b8\u03b5\u03af \u03c3\u03b5 \u03c3\u03cd\u03bd\u03b8\u03b5\u03c4\u03b1 \u03c0\u03c1\u03bf\u03b3\u03c1\u03ac\u03bc\u03bc\u03b1\u03c4\u03b1 \u03b8\u03b5\u03c1\u03b1\u03c0\u03b5\u03af\u03b1\u03c2 \u03b3\u03b9\u03b1 \u03c4\u03bf \u03ae\u03c0\u03b1\u03c1, \u03c4\u03b7 \u03c7\u03bf\u03bb\u03ae \u03ba\u03b1\u03b9 \u03c4\u03bf\u03c5\u03c2 \u03c7\u03bf\u03bb\u03b7\u03c6\u03cc\u03c1\u03bf\u03c5\u03c2 \u03c0\u03cc\u03c1\u03bf\u03c5\u03c2.<\/p>\n<ul>\n<li>\u0394\u03b9\u03b5\u03b3\u03b5\u03af\u03c1\u03b5\u03b9 \u03c4\u03bf\u03bd \u03bc\u03b5\u03c4\u03b1\u03b2\u03bf\u03bb\u03b9\u03c3\u03bc\u03cc (\u03bc\u03b5\u03c4\u03b1\u03b2\u03bf\u03bb\u03b9\u03ba\u03ad\u03c2 \u03b4\u03b9\u03b5\u03c1\u03b3\u03b1\u03c3\u03af\u03b5\u03c2) \u03c3\u03c4\u03b1 \u03b7\u03c0\u03b1\u03c4\u03bf\u03ba\u03cd\u03c4\u03c4\u03b1\u03c1\u03b1 (\u03b7\u03c0\u03b1\u03c4\u03b9\u03ba\u03ac \u03ba\u03cd\u03c4\u03c4\u03b1\u03c1\u03b1).<\/li>\n<li>\u0392\u03b5\u03bb\u03c4\u03b9\u03ce\u03bd\u03b5\u03b9 \u03c4\u03b9\u03c2 \u03c3\u03c5\u03bd\u03b8\u03b5\u03c4\u03b9\u03ba\u03ad\u03c2 \u03ba\u03b1\u03b9 \u03b1\u03c0\u03bf\u03c4\u03bf\u03be\u03b9\u03bd\u03c9\u03c4\u03b9\u03ba\u03ad\u03c2 \u03bb\u03b5\u03b9\u03c4\u03bf\u03c5\u03c1\u03b3\u03af\u03b5\u03c2 \u03c4\u03bf\u03c5 \u03ae\u03c0\u03b1\u03c4\u03bf\u03c2.<\/li>\n<li>\u039c\u03b5\u03b9\u03ce\u03bd\u03b5\u03b9 \u03c4\u03bf \u03bf\u03af\u03b4\u03b7\u03bc\u03b1.<\/li>\n<li>\u0394\u03b9\u03b5\u03b3\u03b5\u03af\u03c1\u03b5\u03b9 \u03c4\u03b9\u03c2 \u03b4\u03b9\u03b1\u03b4\u03b9\u03ba\u03b1\u03c3\u03af\u03b5\u03c2 \u03b1\u03bd\u03b1\u03b3\u03ad\u03bd\u03bd\u03b7\u03c3\u03b7\u03c2 \u03ba\u03b1\u03b9 \u03b5\u03c0\u03b9\u03b4\u03b9\u03cc\u03c1\u03b8\u03c9\u03c3\u03b7\u03c2 \u03c4\u03c9\u03bd \u03b7\u03c0\u03b1\u03c4\u03bf\u03ba\u03c5\u03c4\u03c4\u03ac\u03c1\u03c9\u03bd.<\/li>\n<li>\u0388\u03c7\u03b5\u03b9 \u03b1\u03bd\u03c4\u03b9\u03c3\u03c0\u03b1\u03c3\u03bc\u03c9\u03b4\u03b9\u03ba\u03ae \u03b4\u03c1\u03ac\u03c3\u03b7.<\/li>\n<li>\u0391\u03bd\u03b1\u03bb\u03b3\u03b7\u03c4\u03b9\u03ba\u03ae \u03b4\u03c1\u03ac\u03c3\u03b7.<\/li>\n<li>\u0391\u03bd\u03c4\u03b9\u03c6\u03bb\u03b5\u03b3\u03bc\u03bf\u03bd\u03ce\u03b4\u03b5\u03c2 \u03b1\u03c0\u03bf\u03c4\u03ad\u03bb\u03b5\u03c3\u03bc\u03b1.<\/li>\n<li>\u0392\u03b5\u03bb\u03c4\u03b9\u03ce\u03bd\u03b5\u03b9 \u03c4\u03b7\u03bd \u03ba\u03c5\u03ba\u03bb\u03bf\u03c6\u03bf\u03c1\u03af\u03b1 \u03c4\u03bf\u03c5 \u03b1\u03af\u03bc\u03b1\u03c4\u03bf\u03c2.<\/li>\n<li>\u0392\u03b5\u03bb\u03c4\u03b9\u03c3\u03c4\u03bf\u03c0\u03bf\u03b9\u03b5\u03af \u03c4\u03bf \u03c3\u03c7\u03b7\u03bc\u03b1\u03c4\u03b9\u03c3\u03bc\u03cc \u03ba\u03b1\u03b9 \u03c4\u03b7\u03bd \u03ad\u03ba\u03ba\u03c1\u03b9\u03c3\u03b7 \u03c4\u03b7\u03c2 \u03c7\u03bf\u03bb\u03ae\u03c2.<\/li>\n<li>\u03a0\u03c1\u03bf\u03bb\u03b1\u03bc\u03b2\u03ac\u03bd\u03b5\u03b9 \u03c4\u03b9\u03c2 \u03ba\u03b9\u03c1\u03c1\u03c9\u03c4\u03b9\u03ba\u03ad\u03c2 \u03b1\u03bb\u03bb\u03bf\u03b9\u03ce\u03c3\u03b5\u03b9\u03c2 \u03c4\u03bf\u03c5 \u03ae\u03c0\u03b1\u03c4\u03bf\u03c2.<\/li>\n<\/ul>\n<div class=\"su-spoiler su-spoiler-style-defoult su-spoiler-icon-caret su-spoiler-closed\" data-scroll-offset=\"0\" data-anchor-in-url=\"no\"><div class=\"su-spoiler-title\" tabindex=\"0\" role=\"button\"><span class=\"su-spoiler-icon\"><\/span>\u038c\u03bb\u03b1<\/div><div class=\"su-spoiler-content su-u-clearfix su-u-trim\">\n<p>\u03a3\u03c5\u03bd\u03b9\u03c3\u03c4\u03ce\u03bc\u03b5\u03bd\u03b5\u03c2 \u03c0\u03b5\u03c1\u03b9\u03bf\u03c7\u03ad\u03c2 \u03b8\u03b5\u03c1\u03b1\u03c0\u03b5\u03af\u03b1\u03c2: \u03b2\u03b9\u03bf\u03bb\u03bf\u03b3\u03b9\u03ba\u03ac \u03b5\u03bd\u03b5\u03c1\u03b3\u03ac \u03c3\u03b7\u03bc\u03b5\u03af\u03b1 \u03ba\u03b1\u03b9 \u03b6\u03ce\u03bd\u03b5\u03c2, 12-12 \u03bb\u03b5\u03c0\u03c4\u03ac \u03b1\u03bd\u03ac \u03c3\u03b7\u03bc\u03b5\u03af\u03bf. \u039f\u03b9 \u03c3\u03c5\u03bd\u03b9\u03c3\u03c4\u03ce\u03bc\u03b5\u03bd\u03b5\u03c2 \u03b8\u03b5\u03c1\u03b1\u03c0\u03b5\u03af\u03b5\u03c2 \u03bc\u03c0\u03bf\u03c1\u03bf\u03cd\u03bd \u03bd\u03b1 \u03b5\u03c0\u03b1\u03bd\u03b1\u03bb\u03b1\u03bc\u03b2\u03ac\u03bd\u03bf\u03bd\u03c4\u03b1\u03b9 2-3 \u03c6\u03bf\u03c1\u03ad\u03c2 \u03c4\u03bf \u03c7\u03c1\u03cc\u03bd\u03bf, \u03bc\u03b5\u03c4\u03ac \u03b1\u03c0\u03cc \u03c4\u03bf\u03c5\u03bb\u03ac\u03c7\u03b9\u03c3\u03c4\u03bf\u03bd 3 \u03bc\u03ae\u03bd\u03b5\u03c2, \u03ad\u03c9\u03c2 \u03cc\u03c4\u03bf\u03c5 \u03b2\u03b5\u03bb\u03c4\u03b9\u03c9\u03b8\u03b5\u03af \u03b7 \u03ba\u03b1\u03c4\u03ac\u03c3\u03c4\u03b1\u03c3\u03b7, \u03ba\u03b1\u03b9 \u03bc\u03c0\u03bf\u03c1\u03bf\u03cd\u03bd \u03bd\u03b1 \u03c3\u03c5\u03bc\u03c0\u03bb\u03b7\u03c1\u03c9\u03b8\u03bf\u03cd\u03bd \u03bc\u03b5 \u03ac\u03bb\u03bb\u03b5\u03c2 \u03b2\u03b9\u03bf\u03c0\u03bb\u03b7\u03c1\u03bf\u03c6\u03bf\u03c1\u03b9\u03ba\u03ad\u03c2 \u03b8\u03b5\u03c1\u03b1\u03c0\u03b5\u03af\u03b5\u03c2.<\/p>\n<\/div><\/div>","protected":false},"excerpt":{"rendered":"<p>\u00abEg\u00e9szs\u00e9ges m\u00e1j\u00bb sug\u00e1rz\u00f3 \u211614 Frekvenci\u00e1ja megfelel a m\u00e1jsz\u00f6vet frekvenci\u00e1j\u00e1nak, m\u0171k\u00f6d\u00e9si ideje 12 perc. A m\u00e1j, az epe \u00e9s az epevezet\u00e9kek komplex kezel\u00e9si programjaiban alkalmazhat\u00f3. Serkenti a metabolizmus (anyagcsere) folyamatait a hepatocit\u00e1kban (a m\u00e1jsejtekben). Jav\u00edtja a m\u00e1j szintetikus \u00e9s dezintoxik\u00e1ci\u00f3s funkci\u00f3it. Cs\u00f6kkenti az \u00f6d\u00e9m\u00e1sod\u00e1st. Serkenti a hepatocit\u00e1k regener\u00e1ci\u00f3s \u00e9s repar\u00e1ci\u00f3s folyamatait. G\u00f6rcsold\u00f3 hat\u00e1sa van. F\u00e1jdalomcsillap\u00edt\u00f3 hat\u00e1s. [&hellip;]<\/p>\n","protected":false},"featured_media":4719,"comment_status":"open","ping_status":"closed","template":"","meta":[],"product_brand":[],"product_cat":[35,32],"product_tag":[],"class_list":{"0":"post-4720","1":"product","2":"type-product","3":"status-publish","4":"has-post-thumbnail","6":"product_cat-csatlakoztathato-jeladok","7":"product_cat-triomed","9":"first","10":"instock","11":"taxable","12":"shipping-taxable","13":"purchasable","14":"product-type-simple"},"_links":{"self":[{"href":"https:\/\/vetomshop.hu\/el\/wp-json\/wp\/v2\/product\/4720","targetHints":{"allow":["GET"]}}],"collection":[{"href":"https:\/\/vetomshop.hu\/el\/wp-json\/wp\/v2\/product"}],"about":[{"href":"https:\/\/vetomshop.hu\/el\/wp-json\/wp\/v2\/types\/product"}],"replies":[{"embeddable":true,"href":"https:\/\/vetomshop.hu\/el\/wp-json\/wp\/v2\/comments?post=4720"}],"wp:featuredmedia":[{"embeddable":true,"href":"https:\/\/vetomshop.hu\/el\/wp-json\/wp\/v2\/media\/4719"}],"wp:attachment":[{"href":"https:\/\/vetomshop.hu\/el\/wp-json\/wp\/v2\/media?parent=4720"}],"wp:term":[{"taxonomy":"product_brand","embeddable":true,"href":"https:\/\/vetomshop.hu\/el\/wp-json\/wp\/v2\/product_brand?post=4720"},{"taxonomy":"product_cat","embeddable":true,"href":"https:\/\/vetomshop.hu\/el\/wp-json\/wp\/v2\/product_cat?post=4720"},{"taxonomy":"product_tag","embeddable":true,"href":"https:\/\/vetomshop.hu\/el\/wp-json\/wp\/v2\/product_tag?post=4720"}],"curies":[{"name":"wp","href":"https:\/\/api.w.org\/{rel}","templated":true}]}}