{"id":4722,"date":"2023-11-11T14:33:56","date_gmt":"2023-11-11T13:33:56","guid":{"rendered":"https:\/\/vetomshop.hu\/termek\/egeszseges-vese-jelado\/"},"modified":"2023-11-11T14:33:56","modified_gmt":"2023-11-11T13:33:56","slug":"egeszseges-vese-jelado","status":"publish","type":"product","link":"https:\/\/vetomshop.hu\/el\/product\/egeszseges-vese-jelado\/","title":{"rendered":"\u03a6\u03ac\u03c1\u03bf\u03c2 \u03c5\u03b3\u03b9\u03bf\u03cd\u03c2 \u03bd\u03b5\u03c6\u03c1\u03bf\u03cd"},"content":{"rendered":"<h4>\u03a5\u03b3\u03b9\u03ae\u03c2 \u03bd\u03b5\u03c6\u03c1\u03cc\u03c2 \u03c0\u03bf\u03c5 \u03b1\u03ba\u03c4\u03b9\u03bd\u03bf\u03b2\u03bf\u03bb\u03b5\u03af 15 \u03b4\u03b5\u03c5\u03c4\u03b5\u03c1\u03cc\u03bb\u03b5\u03c0\u03c4\u03b1.<\/h4>\n<p>\u03a7\u03c1\u03cc\u03bd\u03bf\u03c2 \u03bb\u03b5\u03b9\u03c4\u03bf\u03c5\u03c1\u03b3\u03af\u03b1\u03c2 \u03c4\u03bf\u03c5 \u03c0\u03bf\u03bc\u03c0\u03bf\u03cd 11 \u03bb\u03b5\u03c0\u03c4\u03ac<br \/>\n\u03a4\u03b1\u03b9\u03c1\u03b9\u03ac\u03b6\u03b5\u03b9 \u03bc\u03b5 \u03c4\u03b7 \u03c3\u03c5\u03c7\u03bd\u03cc\u03c4\u03b7\u03c4\u03b1 \u03c4\u03c9\u03bd \u03bd\u03b5\u03c6\u03c1\u03ce\u03bd \u03ba\u03b1\u03b9 \u03c4\u03bf\u03c5 \u03bf\u03c5\u03c1\u03bf\u03c0\u03bf\u03b9\u03b7\u03c4\u03b9\u03ba\u03bf\u03cd \u03c3\u03c5\u03c3\u03c4\u03ae\u03bc\u03b1\u03c4\u03bf\u03c2.<\/p>\n<p>\u03a3\u03c5\u03bd\u03b9\u03c3\u03c4\u03ac\u03c4\u03b1\u03b9 \u03b7 \u03c7\u03c1\u03ae\u03c3\u03b7 \u03c4\u03bf\u03c5 \u03b3\u03b9\u03b1 \u03c4\u03b7\u03bd \u03c0\u03c1\u03cc\u03bb\u03b7\u03c8\u03b7 \u03ba\u03b1\u03b9 \u03c4\u03b7 \u03c3\u03c5\u03bc\u03c0\u03bb\u03b7\u03c1\u03c9\u03bc\u03b1\u03c4\u03b9\u03ba\u03ae \u03b8\u03b5\u03c1\u03b1\u03c0\u03b5\u03af\u03b1 \u03c4\u03c9\u03bd \u03c0\u03b1\u03b8\u03ae\u03c3\u03b5\u03c9\u03bd \u03c4\u03c9\u03bd \u03bd\u03b5\u03c6\u03c1\u03ce\u03bd \u03ba\u03b1\u03b9 \u03c4\u03bf\u03c5 \u03bf\u03c5\u03c1\u03bf\u03c0\u03bf\u03b9\u03b7\u03c4\u03b9\u03ba\u03bf\u03cd \u03c3\u03c5\u03c3\u03c4\u03ae\u03bc\u03b1\u03c4\u03bf\u03c2.<br \/>\n\u0392\u03b5\u03bb\u03c4\u03b9\u03ce\u03bd\u03b5\u03b9 \u03c4\u03b7\u03bd \u03ba\u03c5\u03ba\u03bb\u03bf\u03c6\u03bf\u03c1\u03af\u03b1 \u03c4\u03bf\u03c5 \u03b1\u03af\u03bc\u03b1\u03c4\u03bf\u03c2 \u03ba\u03b1\u03b9 \u03c4\u03bf\u03bd \u03bc\u03b5\u03c4\u03b1\u03b2\u03bf\u03bb\u03b9\u03c3\u03bc\u03cc \u03c3\u03c4\u03bf\u03c5\u03c2 \u03bd\u03b5\u03c6\u03c1\u03ce\u03bd\u03b5\u03c2 (\u03bb\u03b5\u03b9\u03c4\u03bf\u03c5\u03c1\u03b3\u03b9\u03ba\u03ad\u03c2 \u03bc\u03bf\u03bd\u03ac\u03b4\u03b5\u03c2 \u03c4\u03c9\u03bd \u03bd\u03b5\u03c6\u03c1\u03ce\u03bd) \u03ba\u03b1\u03b9 \u03c4\u03bf \u03bf\u03c5\u03c1\u03bf\u03c0\u03bf\u03b9\u03b7\u03c4\u03b9\u03ba\u03cc \u03c3\u03cd\u03c3\u03c4\u03b7\u03bc\u03b1.<\/p>\n<ul>\n<li>\u0392\u03b5\u03bb\u03c4\u03b9\u03ce\u03bd\u03b5\u03b9 \u03c4\u03b7 \u03bd\u03b5\u03c6\u03c1\u03b9\u03ba\u03ae \u03b5\u03c0\u03b1\u03bd\u03b1\u03c1\u03c1\u03cc\u03c6\u03b7\u03c3\u03b7, \u03c4\u03b7 \u03b4\u03b9\u03ae\u03b8\u03b7\u03c3\u03b7, \u03c4\u03b7 \u03c3\u03c5\u03bd\u03b8\u03b5\u03c4\u03b9\u03ba\u03ae, \u03c4\u03b7 \u03c1\u03cd\u03b8\u03bc\u03b9\u03c3\u03b7 \u03c4\u03c9\u03bd \u03b9\u03cc\u03bd\u03c4\u03c9\u03bd, \u03c4\u03b7\u03bd \u03b1\u03c0\u03bf\u03c4\u03bf\u03be\u03af\u03bd\u03c9\u03c3\u03b7 \u03ba\u03b1\u03b9 \u03c4\u03b9\u03c2 \u03bc\u03b5\u03c4\u03b1\u03b2\u03bf\u03bb\u03b9\u03ba\u03ad\u03c2 \u03b4\u03b9\u03b5\u03c1\u03b3\u03b1\u03c3\u03af\u03b5\u03c2.<\/li>\n<li>\u0394\u03b9\u03b5\u03b3\u03b5\u03af\u03c1\u03b5\u03b9 \u03c4\u03b9\u03c2 \u03b4\u03b9\u03b1\u03b4\u03b9\u03ba\u03b1\u03c3\u03af\u03b5\u03c2 \u03b1\u03bd\u03b1\u03b3\u03ad\u03bd\u03bd\u03b7\u03c3\u03b7\u03c2 \u03ba\u03b1\u03b9 \u03b5\u03c0\u03b9\u03b4\u03b9\u03cc\u03c1\u03b8\u03c9\u03c3\u03b7\u03c2 \u03c4\u03bf\u03c5 \u03bd\u03b5\u03c6\u03c1\u03b9\u03ba\u03bf\u03cd \u03b9\u03c3\u03c4\u03bf\u03cd \u03ba\u03b1\u03b9 \u03c4\u03bf\u03c5 \u03bf\u03c5\u03c1\u03bf\u03c0\u03bf\u03b9\u03b7\u03c4\u03b9\u03ba\u03bf\u03cd \u03c3\u03c5\u03c3\u03c4\u03ae\u03bc\u03b1\u03c4\u03bf\u03c2.<\/li>\n<li>\u03a3\u03c0\u03b1\u03c3\u03bc\u03bf\u03bb\u03c5\u03c4\u03b9\u03ba\u03ae \u03b4\u03c1\u03ac\u03c3\u03b7.<\/li>\n<li>\u0391\u03bd\u03b1\u03bb\u03b3\u03b7\u03c4\u03b9\u03ba\u03ae \u03b4\u03c1\u03ac\u03c3\u03b7.<\/li>\n<li>\u0391\u03bd\u03c4\u03b9\u03c6\u03bb\u03b5\u03b3\u03bc\u03bf\u03bd\u03ce\u03b4\u03b5\u03c2 \u03b1\u03c0\u03bf\u03c4\u03ad\u03bb\u03b5\u03c3\u03bc\u03b1.<\/li>\n<li>\u0391\u03c0\u03bf\u03c4\u03c1\u03ad\u03c0\u03b5\u03b9 \u03c4\u03b9\u03c2 \u03c3\u03ba\u03bb\u03b7\u03c1\u03c5\u03bd\u03c4\u03b9\u03ba\u03ad\u03c2 \u03b1\u03bb\u03bb\u03bf\u03b9\u03ce\u03c3\u03b5\u03b9\u03c2.<\/li>\n<\/ul>\n<p>\u03a3\u03c5\u03bd\u03b9\u03c3\u03c4\u03ac\u03c4\u03b1\u03b9 \u03b7 \u03b5\u03c6\u03b1\u03c1\u03bc\u03bf\u03b3\u03ae \u03c3\u03b5 \u03b2\u03b9\u03bf\u03bb\u03bf\u03b3\u03b9\u03ba\u03ac \u03b5\u03bd\u03b5\u03c1\u03b3\u03ac \u03c3\u03b7\u03bc\u03b5\u03af\u03b1 \u03ba\u03b1\u03b9 \u03b6\u03ce\u03bd\u03b5\u03c2.<\/p>\n<div class=\"su-spoiler su-spoiler-style-defoult su-spoiler-icon-caret su-spoiler-closed\" data-scroll-offset=\"0\" data-anchor-in-url=\"no\"><div class=\"su-spoiler-title\" tabindex=\"0\" role=\"button\"><span class=\"su-spoiler-icon\"><\/span>\u038c\u03bb\u03b1<\/div><div class=\"su-spoiler-content su-u-clearfix su-u-trim\">\n<p>\u0397 \u03b1\u03ba\u03c4\u03b9\u03bd\u03bf\u03b2\u03bf\u03bb\u03af\u03b1 \u03c3\u03c5\u03bd\u03b9\u03c3\u03c4\u03ac\u03c4\u03b1\u03b9 \u03b3\u03b9\u03b1 \u03c4\u03b7\u03bd \u03c0\u03c1\u03cc\u03bb\u03b7\u03c8\u03b7 \u03ba\u03b1\u03b9 \u03c4\u03b7 \u03c3\u03c5\u03bc\u03c0\u03bb\u03b7\u03c1\u03c9\u03bc\u03b1\u03c4\u03b9\u03ba\u03ae \u03b8\u03b5\u03c1\u03b1\u03c0\u03b5\u03af\u03b1 \u03c4\u03c9\u03bd \u03b1\u03ba\u03cc\u03bb\u03bf\u03c5\u03b8\u03c9\u03bd \u03b1\u03c3\u03b8\u03b5\u03bd\u03b5\u03b9\u03ce\u03bd:<\/p>\n<ul>\n<li>\u03bf\u03be\u03b5\u03af\u03b1 \u03ba\u03b1\u03b9 \u03c7\u03c1\u03cc\u03bd\u03b9\u03b1 \u03c6\u03bb\u03b5\u03b3\u03bc\u03bf\u03bd\u03ae \u03c4\u03c9\u03bd \u03bd\u03b5\u03c6\u03c1\u03ce\u03bd, \u03c6\u03bb\u03b5\u03b3\u03bc\u03bf\u03bd\u03ae \u03c4\u03b7\u03c2 \u03bf\u03c5\u03c1\u03bf\u03b4\u03cc\u03c7\u03bf\u03c5 \u03ba\u03cd\u03c3\u03c4\u03b7\u03c2, \u03c6\u03bb\u03b5\u03b3\u03bc\u03bf\u03bd\u03ce\u03b4\u03b5\u03b9\u03c2 \u03c0\u03b1\u03b8\u03ae\u03c3\u03b5\u03b9\u03c2 \u03c4\u03bf\u03c5 \u03bf\u03c5\u03c1\u03bf\u03c0\u03bf\u03b9\u03b7\u03c4\u03b9\u03ba\u03bf\u03cd \u03c3\u03c5\u03c3\u03c4\u03ae\u03bc\u03b1\u03c4\u03bf\u03c2,<\/li>\n<li>\u03bc\u03b5\u03c4\u03b1\u03b2\u03bf\u03bb\u03b9\u03ba\u03ad\u03c2 \u03b4\u03b9\u03b1\u03c4\u03b1\u03c1\u03b1\u03c7\u03ad\u03c2 (\u03c3\u03c5\u03bc\u03c0\u03b5\u03c1\u03b9\u03bb\u03b1\u03bc\u03b2\u03b1\u03bd\u03bf\u03bc\u03ad\u03bd\u03bf\u03c5 \u03c4\u03bf\u03c5 \u03c3\u03c7\u03b7\u03bc\u03b1\u03c4\u03b9\u03c3\u03bc\u03bf\u03cd \u03c0\u03ad\u03c4\u03c1\u03b1\u03c2 \u03c3\u03c4\u03b1 \u03bd\u03b5\u03c6\u03c1\u03ac),<\/li>\n<li>\u03c3\u03b5 \u03b1\u03c5\u03c4\u03bf\u03ac\u03bd\u03bf\u03c3\u03b5\u03c2 \u03b1\u03c3\u03b8\u03ad\u03bd\u03b5\u03b9\u03b5\u03c2 - \u03cc\u03c4\u03b1\u03bd \u03c0\u03c1\u03bf\u03c3\u03b2\u03ac\u03bb\u03bb\u03bf\u03bd\u03c4\u03b1\u03b9 \u03bf\u03b9 \u03bd\u03b5\u03c6\u03c1\u03bf\u03af \u03ba\u03b1\u03b9 \u03c3\u03b5 \u03b1\u03c5\u03c4\u03bf\u03ac\u03bd\u03bf\u03c3\u03b5\u03c2 \u03bd\u03b5\u03c6\u03c1\u03bf\u03c0\u03ac\u03b8\u03b5\u03b9\u03b5\u03c2,<\/li>\n<li>\u03c3\u03b5 \u03c0\u03b5\u03c1\u03af\u03c0\u03c4\u03c9\u03c3\u03b7 \u03bd\u03b5\u03c6\u03c1\u03bf\u03c0\u03ac\u03b8\u03b5\u03b9\u03b1\u03c2 \u03c0\u03bf\u03c5 \u03c0\u03c1\u03bf\u03ba\u03b1\u03bb\u03b5\u03af\u03c4\u03b1\u03b9 \u03b1\u03c0\u03cc \u03c4\u03bf\u03be\u03b9\u03ba\u03ad\u03c2 \u03bf\u03c5\u03c3\u03af\u03b5\u03c2<\/li>\n<\/ul>\n<\/div><\/div>","protected":false},"excerpt":{"rendered":"<p>Eg\u00e9szs\u00e9ges vese sug\u00e1rz\u00f3 15 sz. A sug\u00e1rz\u00f3 m\u0171k\u00f6d\u00e9si ideje 11 perc Megfelel a vesesz\u00f6vet \u00e9s a h\u00fagyutak frekvenci\u00e1j\u00e1nak. Alkalmaz\u00e1sa javasolt a vesebetegs\u00e9gek \u00e9s a h\u00fagyutak megbeteged\u00e9seinek megel\u0151z\u00e9s\u00e9ben \u00e9s kieg\u00e9sz\u00edt\u0151 kezel\u00e9s\u00e9ben Jav\u00edtja a nefronok (a vese funkcion\u00e1lis egys\u00e9geinek) \u00e9s a h\u00fagyutak v\u00e9rkering\u00e9s\u00e9t \u00e9s anyagcsere folyamatait. Jav\u00edtja a vese reabszorbci\u00f3s, filtr\u00e1ci\u00f3s, szintetikus, ionszab\u00e1lyz\u00f3, m\u00e9regtelen\u00edt\u0151 \u00e9s metabolikus folyamatait. [&hellip;]<\/p>\n","protected":false},"featured_media":4721,"comment_status":"open","ping_status":"closed","template":"","meta":[],"product_brand":[],"product_cat":[35,32],"product_tag":[],"class_list":{"0":"post-4722","1":"product","2":"type-product","3":"status-publish","4":"has-post-thumbnail","6":"product_cat-csatlakoztathato-jeladok","7":"product_cat-triomed","9":"first","10":"instock","11":"taxable","12":"shipping-taxable","13":"purchasable","14":"product-type-simple"},"_links":{"self":[{"href":"https:\/\/vetomshop.hu\/el\/wp-json\/wp\/v2\/product\/4722","targetHints":{"allow":["GET"]}}],"collection":[{"href":"https:\/\/vetomshop.hu\/el\/wp-json\/wp\/v2\/product"}],"about":[{"href":"https:\/\/vetomshop.hu\/el\/wp-json\/wp\/v2\/types\/product"}],"replies":[{"embeddable":true,"href":"https:\/\/vetomshop.hu\/el\/wp-json\/wp\/v2\/comments?post=4722"}],"wp:featuredmedia":[{"embeddable":true,"href":"https:\/\/vetomshop.hu\/el\/wp-json\/wp\/v2\/media\/4721"}],"wp:attachment":[{"href":"https:\/\/vetomshop.hu\/el\/wp-json\/wp\/v2\/media?parent=4722"}],"wp:term":[{"taxonomy":"product_brand","embeddable":true,"href":"https:\/\/vetomshop.hu\/el\/wp-json\/wp\/v2\/product_brand?post=4722"},{"taxonomy":"product_cat","embeddable":true,"href":"https:\/\/vetomshop.hu\/el\/wp-json\/wp\/v2\/product_cat?post=4722"},{"taxonomy":"product_tag","embeddable":true,"href":"https:\/\/vetomshop.hu\/el\/wp-json\/wp\/v2\/product_tag?post=4722"}],"curies":[{"name":"wp","href":"https:\/\/api.w.org\/{rel}","templated":true}]}}