{"id":4726,"date":"2023-11-11T14:33:58","date_gmt":"2023-11-11T13:33:58","guid":{"rendered":"https:\/\/vetomshop.hu\/termek\/infravoros-jelado\/"},"modified":"2023-11-11T14:33:58","modified_gmt":"2023-11-11T13:33:58","slug":"infravoros-jelado","status":"publish","type":"product","link":"https:\/\/vetomshop.hu\/el\/product\/infravoros-jelado\/","title":{"rendered":"\u03a5\u03c0\u03ad\u03c1\u03c5\u03b8\u03c1\u03bf\u03c2 \u03c6\u03ac\u03c1\u03bf\u03c2"},"content":{"rendered":"<h4>\u03a0\u03bf\u03bc\u03c0\u03cc\u03c2 \u03c5\u03c0\u03b5\u03c1\u03cd\u03b8\u03c1\u03c9\u03bd IV<\/h4>\n<p>\u03a5\u03c0\u03ad\u03c1\u03c5\u03b8\u03c1\u03b7 \u03b1\u03ba\u03c4\u03b9\u03bd\u03bf\u03b2\u03bf\u03bb\u03af\u03b1 (IV radiation) - \u03b7\u03bb\u03b5\u03ba\u03c4\u03c1\u03bf\u03bc\u03b1\u03b3\u03bd\u03b7\u03c4\u03b9\u03ba\u03ae \u03b1\u03ba\u03c4\u03b9\u03bd\u03bf\u03b2\u03bf\u03bb\u03af\u03b1, \u03bc\u03ad\u03c1\u03bf\u03c2 \u03c4\u03c9\u03bd \u03b1\u03ba\u03c4\u03af\u03bd\u03c9\u03bd \u03c4\u03bf\u03c5 \u03ae\u03bb\u03b9\u03bf\u03c5. \u039f\u03b9 IV \u03b1\u03ba\u03c4\u03af\u03bd\u03b5\u03c2 \u03ad\u03c7\u03bf\u03c5\u03bd \u03b1\u03bd\u03c4\u03b9\u03c6\u03bb\u03b5\u03b3\u03bc\u03bf\u03bd\u03ce\u03b4\u03b7, \u03b1\u03bd\u03c4\u03b9\u03c3\u03c0\u03b1\u03c3\u03bc\u03c9\u03b4\u03b9\u03ba\u03ac, \u03b4\u03b9\u03b1\u03c3\u03ba\u03bf\u03c1\u03c0\u03b9\u03c3\u03c4\u03b9\u03ba\u03ac (\u03b1\u03c0\u03bf\u03c1\u03c1\u03cc\u03c6\u03b7\u03c3\u03b7), \u03b1\u03bd\u03b1\u03bb\u03b3\u03b7\u03c4\u03b9\u03ba\u03ac \u03b1\u03c0\u03bf\u03c4\u03b5\u03bb\u03ad\u03c3\u03bc\u03b1\u03c4\u03b1.<\/p>\n<p><strong>\u03a4\u03b1 \u03bf\u03c6\u03ad\u03bb\u03b7 \u03c4\u03bf\u03c5 \u03c8\u03c5\u03b3\u03b5\u03af\u03bf\u03c5 Triomed Universal IV:<\/strong><\/p>\n<p>\u03a7\u03ac\u03c1\u03b7 \u03c3\u03c4\u03b1 \u03bd\u03ad\u03b1 \u03c5\u03bb\u03b9\u03ba\u03ac \u03ba\u03b1\u03b9 \u03c4\u03b9\u03c2 \u03bd\u03ad\u03b5\u03c2 \u03c4\u03b5\u03c7\u03bd\u03bf\u03bb\u03bf\u03b3\u03af\u03b5\u03c2, \u03ba\u03b1\u03c4\u03b1\u03c6\u03ad\u03c1\u03b1\u03bc\u03b5 \u03bd\u03b1 \u03b4\u03b7\u03bc\u03b9\u03bf\u03c5\u03c1\u03b3\u03ae\u03c3\u03bf\u03c5\u03bc\u03b5 \u03bc\u03b9\u03b1 \u03c0\u03b1\u03bb\u03bc\u03b9\u03ba\u03ae \u03c0\u03b7\u03b3\u03ae \u03b1\u03ba\u03c4\u03b9\u03bd\u03bf\u03b2\u03bf\u03bb\u03af\u03b1\u03c2 IV \u03c7\u03b1\u03bc\u03b7\u03bb\u03ae\u03c2 \u03ad\u03bd\u03c4\u03b1\u03c3\u03b7\u03c2, \u03b4\u03b9\u03b1\u03bc\u03bf\u03c1\u03c6\u03c9\u03bc\u03ad\u03bd\u03b7\u03c2 \u03b4\u03c1\u03ac\u03c3\u03b7\u03c2, \u03b7 \u03bf\u03c0\u03bf\u03af\u03b1 \u03bb\u03b5\u03b9\u03c4\u03bf\u03c5\u03c1\u03b3\u03b5\u03af \u03c3\u03b5 \u03ad\u03bd\u03b1 \u03c3\u03c5\u03b3\u03ba\u03b5\u03ba\u03c1\u03b9\u03bc\u03ad\u03bd\u03bf \u03c0\u03c1\u03cc\u03b3\u03c1\u03b1\u03bc\u03bc\u03b1 \u03ba\u03b1\u03b9 \u03bc\u03c0\u03bf\u03c1\u03b5\u03af \u03bd\u03b1 \u03c7\u03c1\u03b7\u03c3\u03b9\u03bc\u03bf\u03c0\u03bf\u03b9\u03b7\u03b8\u03b5\u03af \u03b3\u03b9\u03b1 \u03bd\u03b1 \u03b1\u03c3\u03ba\u03ae\u03c3\u03b5\u03b9 \u03ad\u03bd\u03b1 \u03b5\u03bd\u03b5\u03c1\u03b3\u03b5\u03b9\u03b1\u03ba\u03cc-\u03c0\u03bb\u03b7\u03c1\u03bf\u03c6\u03bf\u03c1\u03b9\u03b1\u03ba\u03cc \u03b1\u03c0\u03bf\u03c4\u03ad\u03bb\u03b5\u03c3\u03bc\u03b1 \u03ba\u03c5\u03c1\u03af\u03c9\u03c2 \u03c3\u03b5 \u03ba\u03c5\u03c4\u03c4\u03b1\u03c1\u03b9\u03ba\u03cc \u03b5\u03c0\u03af\u03c0\u03b5\u03b4\u03bf - \u03ba\u03b1\u03b9 \u03c3\u03b5 \u03b5\u03c0\u03af\u03c0\u03b5\u03b4\u03bf \u03c3\u03c5\u03c3\u03c4\u03b1\u03c4\u03b9\u03ba\u03ce\u03bd \u03c4\u03bf\u03c5 \u03ba\u03c5\u03c4\u03c4\u03ac\u03c1\u03bf\u03c5.<\/p>\n<p>\u03a0\u03b1\u03c1\u03ad\u03c7\u03b5\u03b9 \u03c3\u03c4\u03bf \u03ba\u03cd\u03c4\u03c4\u03b1\u03c1\u03bf \u03b5\u03bd\u03ad\u03c1\u03b3\u03b5\u03b9\u03b1 \u03bc\u03ad\u03c3\u03c9 \u03c4\u03bf\u03c5 \u03c3\u03c5\u03bd\u03c4\u03bf\u03bd\u03b9\u03c3\u03bc\u03bf\u03cd, \u03bf \u03bf\u03c0\u03bf\u03af\u03bf\u03c2 \u03b5\u03bd\u03b5\u03c1\u03b3\u03bf\u03c0\u03bf\u03b9\u03b5\u03af \u03c4\u03b9\u03c2 \u03bc\u03b5\u03c4\u03b1\u03b2\u03bf\u03bb\u03b9\u03ba\u03ad\u03c2 \u03b4\u03b9\u03b5\u03c1\u03b3\u03b1\u03c3\u03af\u03b5\u03c2 \u03ba\u03b1\u03b9 \u03b1\u03c5\u03be\u03ac\u03bd\u03b5\u03b9 \u03c4\u03b1 \u03b5\u03c0\u03af\u03c0\u03b5\u03b4\u03b1 \u03b5\u03bd\u03ad\u03c1\u03b3\u03b5\u03b9\u03b1\u03c2 \u03c3\u03b5 \u03c0\u03b5\u03c1\u03af\u03c0\u03c4\u03c9\u03c3\u03b7 \u03ad\u03bb\u03bb\u03b5\u03b9\u03c8\u03b7\u03c2 \u03bf\u03be\u03c5\u03b3\u03cc\u03bd\u03bf\u03c5.<br \/>\n\u0391\u03c5\u03c4\u03ad\u03c2 \u03bf\u03b9 \u03b4\u03b9\u03b1\u03b4\u03b9\u03ba\u03b1\u03c3\u03af\u03b5\u03c2, \u03b5\u03ba\u03c4\u03cc\u03c2 \u03b1\u03c0\u03cc \u03c4\u03bf \u03cc\u03c4\u03b9 \u03b5\u03af\u03bd\u03b1\u03b9 \u03b8\u03b5\u03c4\u03b9\u03ba\u03ad\u03c2 \u03b1\u03c0\u03cc \u03bc\u03cc\u03bd\u03b5\u03c2 \u03c4\u03bf\u03c5\u03c2, \u03b2\u03bf\u03b7\u03b8\u03bf\u03cd\u03bd \u03c4\u03bf\u03bd \u03bf\u03c1\u03b3\u03b1\u03bd\u03b9\u03c3\u03bc\u03cc \u03bd\u03b1 \u03c7\u03b9\u03bb\u03b9\u03bf\u03bc\u03b5\u03c4\u03c1\u03ae\u03c3\u03b5\u03b9 \u03c4\u03b7 \u03b8\u03b5\u03c1\u03b1\u03c0\u03b5\u03af\u03b1 \u03ba\u03b1\u03b9 \u03c3\u03b5 \u03c0\u03bf\u03bb\u03bb\u03ad\u03c2 \u03c0\u03b5\u03c1\u03b9\u03c0\u03c4\u03ce\u03c3\u03b5\u03b9\u03c2 \u03b1\u03c5\u03be\u03ac\u03bd\u03bf\u03c5\u03bd \u03c4\u03b7\u03bd \u03b1\u03c0\u03bf\u03c4\u03b5\u03bb\u03b5\u03c3\u03bc\u03b1\u03c4\u03b9\u03ba\u03cc\u03c4\u03b7\u03c4\u03ac \u03c4\u03b7\u03c2.<\/p>\n<p>\u0397 \u03c7\u03c1\u03ae\u03c3\u03b7 \u03c4\u03b7\u03c2 \u03b5\u03bd\u03b4\u03bf\u03c6\u03bb\u03ad\u03b2\u03b9\u03b1\u03c2 \u03b1\u03ba\u03c4\u03b9\u03bd\u03bf\u03b8\u03b5\u03c1\u03b1\u03c0\u03b5\u03af\u03b1\u03c2 \u03b5\u03bd\u03b4\u03b5\u03af\u03ba\u03bd\u03c5\u03c4\u03b1\u03b9 \u03b3\u03b9\u03b1: \u03c7\u03c1\u03cc\u03bd\u03b9\u03b5\u03c2 \u03ba\u03b1\u03b9 \u03bc\u03b5\u03c4\u03b1-\u03bf\u03be\u03b5\u03af\u03b5\u03c2 (\u03c0\u03c1\u03bf-\u03bf\u03be\u03b5\u03af\u03b5\u03c2) \u03bc\u03b7 \u03c0\u03c5\u03ce\u03b4\u03b5\u03b9\u03c2 \u03c6\u03bb\u03b5\u03b3\u03bc\u03bf\u03bd\u03ce\u03b4\u03b5\u03b9\u03c2 \u03c0\u03b1\u03b8\u03ae\u03c3\u03b5\u03b9\u03c2 \u03b5\u03c3\u03c9\u03c4\u03b5\u03c1\u03b9\u03ba\u03ce\u03bd \u03bf\u03c1\u03b3\u03ac\u03bd\u03c9\u03bd, \u03c0\u03bb\u03b7\u03b3\u03ad\u03c2 \u03c0\u03bf\u03c5 \u03b5\u03c0\u03bf\u03c5\u03bb\u03ce\u03bd\u03bf\u03bd\u03c4\u03b1\u03b9 \u03b1\u03bd\u03b5\u03c0\u03b1\u03c1\u03ba\u03ce\u03c2 \u03ba\u03b1\u03b9 \u03c0\u03bb\u03b7\u03b3\u03ad\u03c2 \u03c0\u03bf\u03c5 \u03c0\u03c1\u03bf\u03ba\u03b1\u03bb\u03bf\u03cd\u03bd\u03c4\u03b1\u03b9 \u03b1\u03c0\u03cc \u03b8\u03c1\u03cc\u03bc\u03b2\u03c9\u03c3\u03b7, \u03b5\u03c0\u03ce\u03b4\u03c5\u03bd\u03b5\u03c2 \u03c0\u03b1\u03b8\u03ae\u03c3\u03b5\u03b9\u03c2 \u03c4\u03bf\u03c5 \u03c0\u03b5\u03c1\u03b9\u03c6\u03b5\u03c1\u03b9\u03ba\u03bf\u03cd \u03bd\u03b5\u03c5\u03c1\u03b9\u03ba\u03bf\u03cd \u03c3\u03c5\u03c3\u03c4\u03ae\u03bc\u03b1\u03c4\u03bf\u03c2, \u03bc\u03b5\u03c4\u03b5\u03b3\u03c7\u03b5\u03b9\u03c1\u03b7\u03c4\u03b9\u03ba\u03ae \u03b8\u03b5\u03c1\u03b1\u03c0\u03b5\u03af\u03b1 \u03b5\u03b3\u03ba\u03b1\u03c5\u03bc\u03ac\u03c4\u03c9\u03bd \u03ba\u03b1\u03b9 \u03ba\u03c1\u03c5\u03bf\u03c0\u03b1\u03b3\u03b7\u03bc\u03ac\u03c4\u03c9\u03bd, \u03c6\u03c5\u03c4\u03b9\u03ba\u03ae \u03b4\u03c5\u03c3\u03bb\u03b5\u03b9\u03c4\u03bf\u03c5\u03c1\u03b3\u03af\u03b1, \u03c3\u03c5\u03bc\u03c0\u03b1\u03b8\u03b7\u03c4\u03b9\u03ba\u03ae \u03b1\u03af\u03c3\u03b8\u03b7\u03c3\u03ae.<\/p>\n<p>\u0391\u03bd\u03c4\u03b5\u03bd\u03b4\u03b5\u03af\u03be\u03b5\u03b9\u03c2 \u03b3\u03b9\u03b1 \u03c4\u03b7 \u03c7\u03c1\u03ae\u03c3\u03b7 IV \u03b1\u03ba\u03c4\u03b9\u03bd\u03bf\u03b8\u03b5\u03c1\u03b1\u03c0\u03b5\u03af\u03b1\u03c2: \u03ba\u03b1\u03bb\u03bf\u03ae\u03b8\u03b7 \u03ae \u03ba\u03b1\u03ba\u03bf\u03ae\u03b8\u03b7 \u03bd\u03b5\u03bf\u03c0\u03bb\u03ac\u03c3\u03bc\u03b1\u03c4\u03b1, \u03b5\u03bd\u03b5\u03c1\u03b3\u03cc\u03c2 \u03c6\u03ac\u03c3\u03b7 \u03c6\u03c5\u03bc\u03b1\u03c4\u03af\u03c9\u03c3\u03b7\u03c2, \u03c5\u03c0\u03ad\u03c1\u03c4\u03b1\u03c3\u03b7 \u03c3\u03c4\u03b1\u03b4\u03af\u03bf\u03c5 III, \u03b1\u03b9\u03bc\u03bf\u03c1\u03c1\u03b1\u03b3\u03af\u03b1 \u03ba\u03b1\u03b9 \u03b4\u03b9\u03b1\u03c4\u03b1\u03c1\u03b1\u03c7\u03ad\u03c2 \u03c4\u03bf\u03c5 \u03ba\u03c5\u03ba\u03bb\u03bf\u03c6\u03bf\u03c1\u03b9\u03ba\u03bf\u03cd \u03c3\u03c5\u03c3\u03c4\u03ae\u03bc\u03b1\u03c4\u03bf\u03c2 \u03b2\u03b1\u03b8\u03bc\u03bf\u03cd IIIII.<\/p>\n<div class=\"su-spoiler su-spoiler-style-defoult su-spoiler-icon-caret su-spoiler-closed\" data-scroll-offset=\"0\" data-anchor-in-url=\"no\"><div class=\"su-spoiler-title\" tabindex=\"0\" role=\"button\"><span class=\"su-spoiler-icon\"><\/span>\u038c\u03bb\u03b1<\/div><div class=\"su-spoiler-content su-u-clearfix su-u-trim\"><strong>\u03a4\u03b1 \u03ba\u03cd\u03c1\u03b9\u03b1 \u03ba\u03bb\u03b9\u03bd\u03b9\u03ba\u03ac \u03b1\u03c0\u03bf\u03c4\u03b5\u03bb\u03ad\u03c3\u03bc\u03b1\u03c4\u03b1 \u03c4\u03bf\u03c5 \u03b1\u03ba\u03c4\u03b9\u03bd\u03bf\u03b2\u03bf\u03bb\u03b7\u03c4\u03ae Triomed Universal IV:<\/strong><\/p>\n<ul>\n<li>\u03b2\u03b5\u03bb\u03c4\u03b9\u03ce\u03bd\u03b5\u03b9 \u03c4\u03b7\u03bd \u03ba\u03c5\u03ba\u03bb\u03bf\u03c6\u03bf\u03c1\u03af\u03b1 \u03c4\u03bf\u03c5 \u03b1\u03af\u03bc\u03b1\u03c4\u03bf\u03c2,<\/li>\n<li>\u03bf\u03bc\u03b1\u03bb\u03bf\u03c0\u03bf\u03b9\u03b5\u03af \u03c4\u03b7 \u03bc\u03b9\u03ba\u03c1\u03bf\u03ba\u03c5\u03ba\u03bb\u03bf\u03c6\u03bf\u03c1\u03af\u03b1,<\/li>\n<li>\u03b2\u03b5\u03bb\u03c4\u03b9\u03c3\u03c4\u03bf\u03c0\u03bf\u03b9\u03b5\u03af \u03c4\u03b7 \u03b4\u03c1\u03b1\u03c3\u03c4\u03b7\u03c1\u03b9\u03cc\u03c4\u03b7\u03c4\u03b1 \u03c4\u03bf\u03c5 \u03bd\u03b5\u03c5\u03c1\u03b9\u03ba\u03bf\u03cd, \u03bf\u03c1\u03bc\u03bf\u03bd\u03b9\u03ba\u03bf\u03cd \u03ba\u03b1\u03b9 \u03b1\u03bd\u03bf\u03c3\u03bf\u03c0\u03bf\u03b9\u03b7\u03c4\u03b9\u03ba\u03bf\u03cd \u03c3\u03c5\u03c3\u03c4\u03ae\u03bc\u03b1\u03c4\u03bf\u03c2,<\/li>\n<li>\u03b2\u03bf\u03b7\u03b8\u03ac \u03c3\u03c4\u03b7\u03bd \u03b1\u03bd\u03b1\u03b3\u03ad\u03bd\u03bd\u03b7\u03c3\u03b7 \u03c4\u03c9\u03bd \u03ba\u03c5\u03c4\u03c4\u03ac\u03c1\u03c9\u03bd.<\/li>\n<\/ul>\n<p><strong>\u03a0\u03ce\u03c2 \u03c7\u03c1\u03b7\u03c3\u03b9\u03bc\u03bf\u03c0\u03bf\u03b9\u03b5\u03af\u03c4\u03b1\u03b9:<\/strong><\/p>\n<ul>\n<li>\u0397 \u03b4\u03af\u03bf\u03b4\u03bf\u03c2 \u03c5\u03c0\u03ad\u03c1\u03c5\u03b8\u03c1\u03bf\u03c5 \u03c6\u03c9\u03c4\u03cc\u03c2 \u03c7\u03c1\u03b7\u03c3\u03b9\u03bc\u03bf\u03c0\u03bf\u03b9\u03b5\u03af\u03c4\u03b1\u03b9 \u03b3\u03b9\u03b1 \u03bd\u03b1 \u03b5\u03c0\u03b7\u03c1\u03b5\u03ac\u03c3\u03b5\u03b9 \u03c4\u03b1 \u03c3\u03b7\u03bc\u03b5\u03af\u03b1 \u03ba\u03b1\u03b9 \u03c4\u03b9\u03c2 \u03c0\u03b5\u03c1\u03b9\u03bf\u03c7\u03ad\u03c2 \u03c0\u03bf\u03c5 \u03c0\u03c1\u03ad\u03c0\u03b5\u03b9 \u03bd\u03b1 \u03c0\u03c1\u03bf\u03b5\u03c4\u03bf\u03b9\u03bc\u03b1\u03c3\u03c4\u03bf\u03cd\u03bd \u03ae \u03bd\u03b1 \u201e\u03b6\u03b5\u03c3\u03c4\u03b1\u03b8\u03bf\u03cd\u03bd\u201d \u03c0\u03c1\u03b9\u03bd \u03b1\u03c0\u03cc \u03c4\u03b7\u03bd \u03b5\u03b9\u03b4\u03b9\u03ba\u03ae \u03b8\u03b5\u03c1\u03b1\u03c0\u03b5\u03af\u03b1 \u03c7\u03b9\u03bb\u03b9\u03bf\u03c3\u03c4\u03bf\u03cd. \u0397 \u03b8\u03b5\u03c1\u03b1\u03c0\u03b5\u03af\u03b1 \u03b4\u03b9\u03b1\u03c1\u03ba\u03b5\u03af 5 \u03bb\u03b5\u03c0\u03c4\u03ac \u03b1\u03bd\u03ac \u03c0\u03b5\u03c1\u03b9\u03bf\u03c7\u03ae.<\/li>\n<li>\u039c\u03c0\u03bf\u03c1\u03b5\u03af \u03bd\u03b1 \u03c7\u03c1\u03b7\u03c3\u03b9\u03bc\u03bf\u03c0\u03bf\u03b9\u03b7\u03b8\u03b5\u03af \u03b3\u03b9\u03b1 \u03c4\u03b7\u03bd \u03c0\u03c1\u03bf\u03ce\u03b8\u03b7\u03c3\u03b7 \u03c4\u03b7\u03c2 \u03b1\u03c0\u03bf\u03c1\u03c1\u03cc\u03c6\u03b7\u03c3\u03b7\u03c2 \u03c4\u03c9\u03bd \u03bf\u03c5\u03bb\u03ce\u03bd \u03b3\u03b9\u03b1 10 \u03bb\u03b5\u03c0\u03c4\u03ac \u03c4\u03b7\u03bd \u03b7\u03bc\u03ad\u03c1\u03b1 \u03b3\u03b9\u03b1 2 \u03b5\u03b2\u03b4\u03bf\u03bc\u03ac\u03b4\u03b5\u03c2.<\/li>\n<li>\u0393\u03b9\u03b1 \u03c4\u03b7 \u03b8\u03b5\u03c1\u03b1\u03c0\u03b5\u03af\u03b1 \u03c7\u03c1\u03cc\u03bd\u03b9\u03c9\u03bd, \u03b1\u03c1\u03b3\u03ce\u03bd \u03c6\u03bb\u03b5\u03b3\u03bc\u03bf\u03bd\u03c9\u03b4\u03ce\u03bd \u03b1\u03c3\u03b8\u03b5\u03bd\u03b5\u03b9\u03ce\u03bd (\u03c3\u03c4\u03b7\u03bd \u03b5\u03c3\u03c4\u03af\u03b1 \u03c4\u03b7\u03c2 \u03bd\u03cc\u03c3\u03bf\u03c5). \u0397 \u03b8\u03b5\u03c1\u03b1\u03c0\u03b5\u03af\u03b1 \u03b4\u03b9\u03b1\u03c1\u03ba\u03b5\u03af 10 \u03bb\u03b5\u03c0\u03c4\u03ac, \u03b5\u03c6\u03b1\u03c1\u03bc\u03cc\u03b6\u03b5\u03c4\u03b1\u03b9 \u03c3\u03c4\u03bf \u03c0\u03c1\u03bf\u03c3\u03b2\u03b5\u03b2\u03bb\u03b7\u03bc\u03ad\u03bd\u03bf \u03cc\u03c1\u03b3\u03b1\u03bd\u03bf, \u03b3\u03b9\u03b1 2 \u03b5\u03b2\u03b4\u03bf\u03bc\u03ac\u03b4\u03b5\u03c2.<\/li>\n<li>\u03a3\u03c4\u03bf\u03bd \u03b4\u03b9\u03b1\u03b2\u03ae\u03c4\u03b7 \u03c4\u03cd\u03c0\u03bf\u03c5 \u0399\u0399 \u03b3\u03b9\u03b1 \u03c4\u03b7\u03bd \u03c0\u03c1\u03bf\u03ce\u03b8\u03b7\u03c3\u03b7 \u03c4\u03b7\u03c2 \u03b5\u03c5\u03b1\u03b9\u03c3\u03b8\u03b7\u03c3\u03af\u03b1\u03c2 \u03c3\u03c4\u03b7\u03bd \u03b9\u03bd\u03c3\u03bf\u03c5\u03bb\u03af\u03bd\u03b7 \u03ba\u03b1\u03b9 \u03c4\u03b7\u03bd \u03c0\u03c1\u03bf\u03ce\u03b8\u03b7\u03c3\u03b7 \u03c4\u03b7\u03c2 \u03c0\u03b1\u03c1\u03b1\u03b3\u03c9\u03b3\u03ae\u03c2 \u03b9\u03bd\u03c3\u03bf\u03c5\u03bb\u03af\u03bd\u03b7\u03c2. \u0391\u03bd\u03c4\u03b9\u03bc\u03b5\u03c4\u03c9\u03c0\u03af\u03c3\u03c4\u03b5 \u03c4\u03b7\u03bd \u03c0\u03c1\u03bf\u03b2\u03bf\u03bb\u03ae \u03c4\u03bf\u03c5 \u03c0\u03b1\u03b3\u03ba\u03c1\u03ad\u03b1\u03c4\u03bf\u03c2 \u03b3\u03b9\u03b1 5 \u03bb\u03b5\u03c0\u03c4\u03ac \u03c4\u03b7\u03bd \u03b7\u03bc\u03ad\u03c1\u03b1 \u03b3\u03b9\u03b1 2 \u03b5\u03b2\u03b4\u03bf\u03bc\u03ac\u03b4\u03b5\u03c2.<\/li>\n<li>\u0393\u03b9\u03b1 \u03c4\u03b7\u03bd \u03c0\u03c1\u03bf\u03ce\u03b8\u03b7\u03c3\u03b7 \u03c4\u03b7\u03c2 \u03b5\u03c0\u03bf\u03cd\u03bb\u03c9\u03c3\u03b7\u03c2 \u03b4\u03b9\u03b1\u03c6\u03cc\u03c1\u03c9\u03bd \u03c0\u03bb\u03b7\u03b3\u03ce\u03bd \u03ba\u03b1\u03b9 \u03c4\u03c1\u03bf\u03c6\u03b9\u03ba\u03ce\u03bd \u03c4\u03c1\u03b1\u03c5\u03bc\u03ac\u03c4\u03c9\u03bd, \u03c3\u03c5\u03bd\u03b9\u03c3\u03c4\u03ac\u03c4\u03b1\u03b9 \u03b7 \u03b8\u03b5\u03c1\u03b1\u03c0\u03b5\u03af\u03b1 \u03c4\u03b7\u03c2 \u03c0\u03b5\u03c1\u03b9\u03bf\u03c7\u03ae\u03c2 \u03c4\u03c9\u03bd \u03bc\u03b1\u03c4\u03b9\u03ce\u03bd \u03ba\u03b1\u03b9 \u03c4\u03b7\u03c2 \u03b5\u03c3\u03c4\u03af\u03b1\u03c2 \u03c4\u03c9\u03bd \u03cc\u03b3\u03ba\u03c9\u03bd \u03b3\u03b9\u03b1 5 \u03bb\u03b5\u03c0\u03c4\u03ac \u03b5\u03c0\u03af 2 \u03b5\u03b2\u03b4\u03bf\u03bc\u03ac\u03b4\u03b5\u03c2 \u03c0\u03c1\u03b9\u03bd \u03b1\u03c0\u03cc \u03c4\u03b7 \u03b8\u03b5\u03c1\u03b1\u03c0\u03b5\u03af\u03b1 \u03bc\u03b5 \u03c7\u03b9\u03bb\u03b9\u03bf\u03c3\u03c4\u03cc\u03bc\u03b5\u03c4\u03c1\u03b1.<\/li>\n<\/ul>\n<\/div><\/div>","protected":false},"excerpt":{"rendered":"<p>Infrav\u00f6r\u00f6s sug\u00e1rz\u00f3 IV Az infrav\u00f6r\u00f6s sug\u00e1rz\u00e1s (IV-sug\u00e1rz\u00e1s) \u2013 elektrom\u00e1gneses sug\u00e1rz\u00e1s, a Nap sugarainak r\u00e9sze. Az IV-sugarak gyullad\u00e1scs\u00f6kkent\u0151, g\u00f6rcsold\u00f3, sz\u00e9toszlat\u00f3 (felsz\u00edv\u00f3d\u00e1st el\u0151seg\u00edt\u0151), f\u00e1jdalomcsillap\u00edt\u00f3 hat\u00e1ssal rendelkeznek. A Triomed Universal k\u00e9sz\u00fcl\u00e9k IV-sug\u00e1rz\u00f3j\u00e1nak el\u0151nyei: Az \u00faj anyagoknak \u00e9s technol\u00f3gi\u00e1knak k\u00f6sz\u00f6nhet\u0151en siker\u00fclt l\u00e9trehozni olyan speci\u00e1lis programban m\u0171k\u00f6d\u0151 alacsony intenzit\u00e1s\u00fa pulz\u00e1l\u00f3, modul\u00e1lt hat\u00e1s\u00fa IV-sug\u00e1rz\u00f3t, mely seg\u00edts\u00e9g\u00e9vel els\u0151sorban energoinform\u00e1ci\u00f3s hat\u00e1st tudunk gyakorolni [&hellip;]<\/p>\n","protected":false},"featured_media":4725,"comment_status":"open","ping_status":"closed","template":"","meta":[],"product_brand":[],"product_cat":[35,32],"product_tag":[],"class_list":{"0":"post-4726","1":"product","2":"type-product","3":"status-publish","4":"has-post-thumbnail","6":"product_cat-csatlakoztathato-jeladok","7":"product_cat-triomed","9":"first","10":"instock","11":"taxable","12":"shipping-taxable","13":"purchasable","14":"product-type-simple"},"_links":{"self":[{"href":"https:\/\/vetomshop.hu\/el\/wp-json\/wp\/v2\/product\/4726","targetHints":{"allow":["GET"]}}],"collection":[{"href":"https:\/\/vetomshop.hu\/el\/wp-json\/wp\/v2\/product"}],"about":[{"href":"https:\/\/vetomshop.hu\/el\/wp-json\/wp\/v2\/types\/product"}],"replies":[{"embeddable":true,"href":"https:\/\/vetomshop.hu\/el\/wp-json\/wp\/v2\/comments?post=4726"}],"wp:featuredmedia":[{"embeddable":true,"href":"https:\/\/vetomshop.hu\/el\/wp-json\/wp\/v2\/media\/4725"}],"wp:attachment":[{"href":"https:\/\/vetomshop.hu\/el\/wp-json\/wp\/v2\/media?parent=4726"}],"wp:term":[{"taxonomy":"product_brand","embeddable":true,"href":"https:\/\/vetomshop.hu\/el\/wp-json\/wp\/v2\/product_brand?post=4726"},{"taxonomy":"product_cat","embeddable":true,"href":"https:\/\/vetomshop.hu\/el\/wp-json\/wp\/v2\/product_cat?post=4726"},{"taxonomy":"product_tag","embeddable":true,"href":"https:\/\/vetomshop.hu\/el\/wp-json\/wp\/v2\/product_tag?post=4726"}],"curies":[{"name":"wp","href":"https:\/\/api.w.org\/{rel}","templated":true}]}}