{"id":4730,"date":"2023-11-11T14:33:58","date_gmt":"2023-11-11T13:33:58","guid":{"rendered":"https:\/\/vetomshop.hu\/termek\/oxigenizalo-jelado\/"},"modified":"2023-11-11T14:33:58","modified_gmt":"2023-11-11T13:33:58","slug":"oxigenizalo-jelado","status":"publish","type":"product","link":"https:\/\/vetomshop.hu\/el\/product\/oxigenizalo-jelado\/","title":{"rendered":"\u03a0\u03bf\u03bc\u03c0\u03cc\u03c2 \u03bf\u03be\u03c5\u03b3\u03cc\u03bd\u03c9\u03c3\u03b7\u03c2"},"content":{"rendered":"<h4>\u0395\u03ba\u03c0\u03bf\u03bc\u03c0\u03cc\u03c2 \u03bf\u03be\u03c5\u03b3\u03cc\u03bd\u03bf\u03c5, \u03b1\u03c1\u03b9\u03b8. 11.<\/h4>\n<p><strong>\u03a7\u03c1\u03cc\u03bd\u03bf\u03c2 \u03bb\u03b5\u03b9\u03c4\u03bf\u03c5\u03c1\u03b3\u03af\u03b1\u03c2:<\/strong> 10 \u03bb\u03b5\u03c0\u03c4\u03ac.<\/p>\n<p>\u03a4\u03bf \u03bc\u03ae\u03ba\u03bf\u03c2 \u03ba\u03cd\u03bc\u03b1\u03c4\u03bf\u03c2 \u03b1\u03bd\u03c4\u03b9\u03c3\u03c4\u03bf\u03b9\u03c7\u03b5\u03af \u03c3\u03c4\u03b9\u03c2 \u03c3\u03c5\u03c7\u03bd\u03cc\u03c4\u03b7\u03c4\u03b5\u03c2 \u03c4\u03b7\u03c2 \u03b1\u03bd\u03b1\u03c0\u03bd\u03b5\u03c5\u03c3\u03c4\u03b9\u03ba\u03ae\u03c2 \u03b1\u03bb\u03c5\u03c3\u03af\u03b4\u03b1\u03c2 (\u03b1\u03b9\u03bc\u03bf\u03c3\u03c6\u03b1\u03b9\u03c1\u03af\u03bd\u03b7 \u03b1\u03af\u03bc\u03b1\u03c4\u03bf\u03c2, \u03bc\u03b9\u03c4\u03bf\u03c7\u03cc\u03bd\u03b4\u03c1\u03b9\u03b1, \u03b6\u03c5\u03bc\u03ce\u03c3\u03b5\u03b9\u03c2), \u03b2\u03b5\u03bb\u03c4\u03b9\u03ce\u03bd\u03b5\u03b9 \u03c4\u03b7 \u03bc\u03b5\u03c4\u03b1\u03c6\u03bf\u03c1\u03ac \u03ba\u03b1\u03b9 \u03c4\u03b7 \u03c7\u03c1\u03ae\u03c3\u03b7 \u03c4\u03bf\u03c5 \u03bf\u03be\u03c5\u03b3\u03cc\u03bd\u03bf\u03c5, \u03b1\u03c5\u03be\u03ac\u03bd\u03b5\u03b9 \u03c4\u03b7 \u03c3\u03cd\u03bd\u03b8\u03b5\u03c3\u03b7 \u0391\u03a4\u03a1, \u03c0\u03c1\u03bf\u03ac\u03b3\u03b5\u03b9 \u03c4\u03b7\u03bd \u03ba\u03c5\u03c4\u03c4\u03b1\u03c1\u03b9\u03ba\u03ae \u03b1\u03bd\u03b1\u03c0\u03bd\u03bf\u03ae \u03c3\u03c4\u03bf\u03c5\u03c2 \u03b9\u03c3\u03c4\u03bf\u03cd\u03c2. \u0397 \u03c7\u03b1\u03bc\u03b7\u03bb\u03ae \u03c3\u03c5\u03c7\u03bd\u03cc\u03c4\u03b7\u03c4\u03b1 \u03b1\u03bd\u03c4\u03b9\u03c3\u03c4\u03bf\u03b9\u03c7\u03b5\u03af \u03c3\u03c4\u03b7 \u03c3\u03c5\u03c7\u03bd\u03cc\u03c4\u03b7\u03c4\u03b1 \u03c4\u03bf\u03c5 \u03b1\u03bd\u03bf\u03c3\u03bf\u03c0\u03bf\u03b9\u03b7\u03c4\u03b9\u03ba\u03bf\u03cd \u03c3\u03c5\u03c3\u03c4\u03ae\u03bc\u03b1\u03c4\u03bf\u03c2.<\/p>\n<ul>\n<li>\u0392\u03b5\u03bb\u03c4\u03b9\u03ce\u03bd\u03b5\u03b9 \u03c4\u03b7 \u03bc\u03b9\u03ba\u03c1\u03bf\u03ba\u03c5\u03ba\u03bb\u03bf\u03c6\u03bf\u03c1\u03af\u03b1,<\/li>\n<li>\u0388\u03c7\u03b5\u03b9 \u03b1\u03bd\u03bf\u03c3\u03bf\u03c4\u03c1\u03bf\u03c0\u03bf\u03c0\u03bf\u03b9\u03b7\u03c4\u03b9\u03ba\u03ae \u03b4\u03c1\u03ac\u03c3\u03b7,<\/li>\n<li>\u039c\u03b5\u03b9\u03ce\u03bd\u03b5\u03b9 \u03c4\u03b7\u03bd \u03b1\u03bd\u03b5\u03c0\u03ac\u03c1\u03ba\u03b5\u03b9\u03b1 \u03bf\u03be\u03c5\u03b3\u03cc\u03bd\u03bf\u03c5 \u03c3\u03c4\u03bf\u03c5\u03c2 \u03b9\u03c3\u03c4\u03bf\u03cd\u03c2, \u03bf\u03be\u03c5\u03b3\u03bf\u03bd\u03ce\u03bd\u03b5\u03b9 \u03c4\u03bf\u03c5\u03c2 \u03b9\u03c3\u03c4\u03bf\u03cd\u03c2, \u03ad\u03c7\u03b5\u03b9 \u03b4\u03b9\u03b1\u03bb\u03c5\u03c4\u03b9\u03ba\u03ae \u03b4\u03c1\u03ac\u03c3\u03b7 (\u03b5\u03bc\u03c0\u03bf\u03b4\u03af\u03b6\u03b5\u03b9 \u03c4\u03b7 \u03c3\u03c5\u03c3\u03c3\u03ce\u03c1\u03b5\u03c5\u03c3\u03b7 \u03c4\u03c9\u03bd \u03b5\u03c1\u03c5\u03b8\u03c1\u03bf\u03ba\u03c5\u03c4\u03c4\u03ac\u03c1\u03c9\u03bd \u03ba\u03b1\u03b9 \u03ac\u03bb\u03bb\u03c9\u03bd \u03ba\u03c5\u03c4\u03c4\u03ac\u03c1\u03c9\u03bd \u03c4\u03bf\u03c5 \u03b1\u03af\u03bc\u03b1\u03c4\u03bf\u03c2), \u03bc\u03b5\u03b9\u03ce\u03bd\u03b5\u03b9 \u03c4\u03b7\u03bd \u03c0\u03ae\u03be\u03b7 \u03c4\u03bf\u03c5 \u03b1\u03af\u03bc\u03b1\u03c4\u03bf\u03c2,<\/li>\n<li>\u03a0\u03c1\u03bf\u03c9\u03b8\u03b5\u03af \u03c4\u03b7\u03bd \u03b5\u03c0\u03bf\u03cd\u03bb\u03c9\u03c3\u03b7 \u03c4\u03c9\u03bd \u03c0\u03bb\u03b7\u03b3\u03ce\u03bd,<\/li>\n<li>\u0392\u03bf\u03b7\u03b8\u03ac \u03c3\u03c4\u03b7\u03bd \u03b5\u03be\u03ac\u03bb\u03b5\u03b9\u03c8\u03b7 \u03c4\u03c9\u03bd \u03bf\u03c5\u03bb\u03ce\u03bd,<\/li>\n<li>\u0388\u03c7\u03b5\u03b9 \u03b1\u03bd\u03b1\u03bb\u03b3\u03b7\u03c4\u03b9\u03ba\u03ae \u03b4\u03c1\u03ac\u03c3\u03b7,<\/li>\n<li>\u0392\u03bf\u03b7\u03b8\u03ac \u03c3\u03c4\u03b7\u03bd \u03b1\u03c0\u03bf\u03c4\u03bf\u03be\u03af\u03bd\u03c9\u03c3\u03b7 \u03c4\u03bf\u03c5 \u03c3\u03ce\u03bc\u03b1\u03c4\u03bf\u03c2,<\/li>\n<li>\u03a3\u03c0\u03b1\u03c3\u03bc\u03bf\u03bb\u03c5\u03c4\u03b9\u03ba\u03ae \u03b4\u03c1\u03ac\u03c3\u03b7,<\/li>\n<li>\u03a0\u03c1\u03bf\u03ac\u03b3\u03b5\u03b9 \u03c4\u03bf \u03c3\u03c7\u03b7\u03bc\u03b1\u03c4\u03b9\u03c3\u03bc\u03cc \u03b1\u03af\u03bc\u03b1\u03c4\u03bf\u03c2, \u03bf\u03bc\u03b1\u03bb\u03bf\u03c0\u03bf\u03b9\u03b5\u03af \u03c4\u03bf\u03bd \u03b1\u03c1\u03b9\u03b8\u03bc\u03cc \u03c4\u03c9\u03bd \u03b1\u03b9\u03bc\u03bf\u03c3\u03c6\u03b1\u03b9\u03c1\u03af\u03c9\u03bd,<\/li>\n<li>\u03b2\u03b5\u03bb\u03c4\u03b9\u03ce\u03bd\u03b5\u03b9 \u03c4\u03b7 \u03bc\u03b9\u03ba\u03c1\u03bf\u03ba\u03c5\u03ba\u03bb\u03bf\u03c6\u03bf\u03c1\u03af\u03b1,<\/li>\n<li>\u0388\u03c7\u03b5\u03b9 \u03b1\u03bd\u03bf\u03c3\u03bf\u03c4\u03c1\u03bf\u03c0\u03bf\u03c0\u03bf\u03b9\u03b7\u03c4\u03b9\u03ba\u03ae \u03b4\u03c1\u03ac\u03c3\u03b7,<\/li>\n<li>\u039c\u03b5\u03b9\u03ce\u03bd\u03b5\u03b9 \u03c4\u03b7\u03bd \u03ad\u03bb\u03bb\u03b5\u03b9\u03c8\u03b7 \u03bf\u03be\u03c5\u03b3\u03cc\u03bd\u03bf\u03c5 \u03c3\u03c4\u03bf\u03c5\u03c2 \u03b9\u03c3\u03c4\u03bf\u03cd\u03c2, \u03b5\u03bc\u03c0\u03bb\u03bf\u03c5\u03c4\u03af\u03b6\u03b5\u03b9 \u03c4\u03bf\u03c5\u03c2 \u03b9\u03c3\u03c4\u03bf\u03cd\u03c2 \u03bc\u03b5 \u03bf\u03be\u03c5\u03b3\u03cc\u03bd\u03bf,<\/li>\n<li>\u0388\u03c7\u03b5\u03b9 \u03b4\u03b9\u03b1\u03bb\u03c5\u03c4\u03b9\u03ba\u03ae \u03b4\u03c1\u03ac\u03c3\u03b7 (\u03b5\u03bc\u03c0\u03bf\u03b4\u03af\u03b6\u03b5\u03b9 \u03c4\u03b7 \u03c3\u03c5\u03c3\u03c3\u03c9\u03bc\u03ac\u03c4\u03c9\u03c3\u03b7 \u03c4\u03c9\u03bd \u03b5\u03c1\u03c5\u03b8\u03c1\u03bf\u03ba\u03c5\u03c4\u03c4\u03ac\u03c1\u03c9\u03bd \u03ba\u03b1\u03b9 \u03ac\u03bb\u03bb\u03c9\u03bd \u03ba\u03c5\u03c4\u03c4\u03ac\u03c1\u03c9\u03bd \u03c4\u03bf\u03c5 \u03b1\u03af\u03bc\u03b1\u03c4\u03bf\u03c2), \u03bc\u03b5\u03b9\u03ce\u03bd\u03b5\u03b9 \u03c4\u03b7\u03bd \u03c0\u03ae\u03be\u03b7 \u03c4\u03bf\u03c5 \u03b1\u03af\u03bc\u03b1\u03c4\u03bf\u03c2,<\/li>\n<li>\u03a0\u03c1\u03bf\u03c9\u03b8\u03b5\u03af \u03c4\u03b7\u03bd \u03b5\u03c0\u03bf\u03cd\u03bb\u03c9\u03c3\u03b7 \u03c4\u03c9\u03bd \u03c0\u03bb\u03b7\u03b3\u03ce\u03bd,<\/li>\n<li>\u0392\u03bf\u03b7\u03b8\u03ac \u03c3\u03c4\u03b7\u03bd \u03b5\u03be\u03ac\u03bb\u03b5\u03b9\u03c8\u03b7 \u03c4\u03c9\u03bd \u03bf\u03c5\u03bb\u03ce\u03bd,<\/li>\n<li>\u0388\u03c7\u03b5\u03b9 \u03b1\u03bd\u03b1\u03bb\u03b3\u03b7\u03c4\u03b9\u03ba\u03ae \u03b4\u03c1\u03ac\u03c3\u03b7,<\/li>\n<li>\u0392\u03bf\u03b7\u03b8\u03ac \u03c3\u03c4\u03b7\u03bd \u03b1\u03c0\u03bf\u03c4\u03bf\u03be\u03af\u03bd\u03c9\u03c3\u03b7 \u03c4\u03bf\u03c5 \u03c3\u03ce\u03bc\u03b1\u03c4\u03bf\u03c2,<\/li>\n<li>\u03a3\u03c0\u03b1\u03c3\u03bc\u03bf\u03bb\u03c5\u03c4\u03b9\u03ba\u03ae \u03b4\u03c1\u03ac\u03c3\u03b7,<\/li>\n<li>\u03a0\u03c1\u03bf\u03ac\u03b3\u03b5\u03b9 \u03c4\u03bf \u03c3\u03c7\u03b7\u03bc\u03b1\u03c4\u03b9\u03c3\u03bc\u03cc \u03b1\u03af\u03bc\u03b1\u03c4\u03bf\u03c2, \u03bf\u03bc\u03b1\u03bb\u03bf\u03c0\u03bf\u03b9\u03b5\u03af \u03c4\u03bf\u03bd \u03b1\u03c1\u03b9\u03b8\u03bc\u03cc \u03c4\u03c9\u03bd \u03b1\u03b9\u03bc\u03bf\u03c3\u03c6\u03b1\u03b9\u03c1\u03af\u03c9\u03bd,<\/li>\n<li>\u0388\u03c7\u03b5\u03b9 \u03b1\u03bd\u03b1\u03b6\u03c9\u03bf\u03b3\u03bf\u03bd\u03b7\u03c4\u03b9\u03ba\u03cc \u03b1\u03c0\u03bf\u03c4\u03ad\u03bb\u03b5\u03c3\u03bc\u03b1,<\/li>\n<li>\u0394\u03bf\u03bc\u03b5\u03af \u03c4\u03bf \u03bd\u03b5\u03c1\u03cc.<\/li>\n<\/ul>\n<div class=\"su-spoiler su-spoiler-style-defoult su-spoiler-icon-caret su-spoiler-closed\" data-scroll-offset=\"0\" data-anchor-in-url=\"no\"><div class=\"su-spoiler-title\" tabindex=\"0\" role=\"button\"><span class=\"su-spoiler-icon\"><\/span>\u038c\u03bb\u03b1<\/div><div class=\"su-spoiler-content su-u-clearfix su-u-trim\">\n<p>\u03a3\u03c5\u03bd\u03b9\u03c3\u03c4\u03ce\u03bc\u03b5\u03bd\u03b7 \u03c0\u03b5\u03c1\u03b9\u03bf\u03c7\u03ae \u03b5\u03c6\u03b1\u03c1\u03bc\u03bf\u03b3\u03ae\u03c2: \u03b6\u03ce\u03bd\u03b5\u03c2 \u03bc\u03b5\u03b3\u03ac\u03bb\u03c9\u03bd \u03b1\u03b9\u03bc\u03bf\u03c6\u03cc\u03c1\u03c9\u03bd \u03b1\u03b3\u03b3\u03b5\u03af\u03c9\u03bd - \u03c6\u03bb\u03ad\u03b2\u03b5\u03c2, \u03b1\u03c1\u03c4\u03b7\u03c1\u03af\u03b5\u03c2, \u03b2\u03b9\u03bf\u03bb\u03bf\u03b3\u03b9\u03ba\u03ac \u03b5\u03bd\u03b5\u03c1\u03b3\u03ac \u03c3\u03b7\u03bc\u03b5\u03af\u03b1.<\/p>\n<p><strong>\u0399\u03c3\u03c7\u03cd\u03b5\u03b9 \u03b3\u03b9\u03b1:<\/strong><\/p>\n<ul>\n<li>\u03b3\u03b9\u03b1 \u03c4\u03b7\u03bd \u03bf\u03bc\u03b1\u03bb\u03bf\u03c0\u03bf\u03af\u03b7\u03c3\u03b7 \u03c4\u03bf\u03c5 \u03b1\u03bd\u03bf\u03c3\u03bf\u03c0\u03bf\u03b9\u03b7\u03c4\u03b9\u03ba\u03bf\u03cd \u03c3\u03c5\u03c3\u03c4\u03ae\u03bc\u03b1\u03c4\u03bf\u03c2 \u03c3\u03b5 \u03bf\u03be\u03b5\u03af\u03b5\u03c2 \u03ba\u03b1\u03b9 \u03c7\u03c1\u03cc\u03bd\u03b9\u03b5\u03c2 \u03b1\u03c3\u03b8\u03ad\u03bd\u03b5\u03b9\u03b5\u03c2,<\/li>\n<li>\u03b2\u03b5\u03bb\u03c4\u03b9\u03ce\u03bd\u03bf\u03c5\u03bd \u03c4\u03b7 \u03b3\u03b5\u03bd\u03b9\u03ba\u03ae \u03b5\u03c5\u03b5\u03be\u03af\u03b1, \u03c4\u03b7\u03bd \u03b1\u03bd\u03c4\u03bf\u03c7\u03ae, \u03c4\u03b7 \u03c3\u03c5\u03b3\u03ba\u03ad\u03bd\u03c4\u03c1\u03c9\u03c3\u03b7 \u03c3\u03b5 \u03c0\u03b5\u03c1\u03af\u03c0\u03c4\u03c9\u03c3\u03b7 \u03c3\u03c9\u03bc\u03b1\u03c4\u03b9\u03ba\u03ae\u03c2 \u03ba\u03b1\u03b9 \u03c8\u03c5\u03c7\u03b9\u03ba\u03ae\u03c2 \u03ba\u03b1\u03c4\u03b1\u03c0\u03cc\u03bd\u03b7\u03c3\u03b7\u03c2,<\/li>\n<li>\u03c0\u03c1\u03cc\u03bb\u03b7\u03c8\u03b7 \u03ba\u03b1\u03c1\u03b4\u03b9\u03b1\u03ba\u03ae\u03c2 \u03c0\u03c1\u03bf\u03c3\u03b2\u03bf\u03bb\u03ae\u03c2, \u03b5\u03b3\u03ba\u03b5\u03c6\u03b1\u03bb\u03b9\u03ba\u03bf\u03cd \u03b5\u03c0\u03b5\u03b9\u03c3\u03bf\u03b4\u03af\u03bf\u03c5,<\/li>\n<li>\u03c6\u03c1\u03bf\u03bd\u03c4\u03af\u03b4\u03b1 \u03bc\u03b5\u03c4\u03ac \u03b1\u03c0\u03cc \u03ad\u03bc\u03c6\u03c1\u03b1\u03b3\u03bc\u03b1, \u03c6\u03c1\u03bf\u03bd\u03c4\u03af\u03b4\u03b1 \u03bc\u03b5\u03c4\u03ac \u03b1\u03c0\u03cc \u03b5\u03b3\u03ba\u03b5\u03c6\u03b1\u03bb\u03b9\u03ba\u03cc \u03b5\u03c0\u03b5\u03b9\u03c3\u03cc\u03b4\u03b9\u03bf,<\/li>\n<li>\u03b5\u03c0\u03b9\u03c4\u03b1\u03c7\u03cd\u03bd\u03bf\u03c5\u03bd \u03c4\u03b9\u03c2 \u03b4\u03b9\u03b1\u03b4\u03b9\u03ba\u03b1\u03c3\u03af\u03b5\u03c2 \u03b1\u03bd\u03b1\u03b3\u03ad\u03bd\u03bd\u03b7\u03c3\u03b7\u03c2,<\/li>\n<li>\u03b8\u03b5\u03c1\u03b1\u03c0\u03b5\u03af\u03b1 \u03c0\u03bb\u03b7\u03b3\u03ce\u03bd \u03ba\u03b1\u03b9 \u03bc\u03b5\u03c4\u03b5\u03b3\u03c7\u03b5\u03b9\u03c1\u03b7\u03c4\u03b9\u03ba\u03ce\u03bd \u03bf\u03c5\u03bb\u03ce\u03bd,<\/li>\n<li>\u03b4\u03b9\u03b1\u03c7\u03b5\u03af\u03c1\u03b9\u03c3\u03b7 \u03ba\u03b1\u03c4\u03b1\u03b3\u03bc\u03ac\u03c4\u03c9\u03bd,<\/li>\n<li>\u03bf\u03bc\u03b1\u03bb\u03bf\u03c0\u03bf\u03af\u03b7\u03c3\u03b7 \u03c4\u03c9\u03bd \u03b1\u03b9\u03bc\u03b1\u03c4\u03bf\u03bb\u03bf\u03b3\u03b9\u03ba\u03ce\u03bd \u03bc\u03b5\u03c4\u03c1\u03ae\u03c3\u03b5\u03c9\u03bd,<\/li>\n<li>\u03bc\u03b5\u03c4\u03ac \u03b1\u03c0\u03cc \u03b1\u03ba\u03c4\u03b9\u03bd\u03bf\u03b8\u03b5\u03c1\u03b1\u03c0\u03b5\u03af\u03b1,<\/li>\n<li>\u03b1\u03c0\u03bf\u03ba\u03b1\u03c4\u03ac\u03c3\u03c4\u03b1\u03c3\u03b7 \u03bc\u03b5\u03c4\u03ac \u03b1\u03c0\u03cc \u03c3\u03bf\u03b2\u03b1\u03c1\u03ae \u03b1\u03c3\u03b8\u03ad\u03bd\u03b5\u03b9\u03b1 \u03ba\u03b1\u03b9 \u03b2\u03b1\u03c1\u03b9\u03ac \u03c3\u03c9\u03bc\u03b1\u03c4\u03b9\u03ba\u03ae \u03b5\u03c1\u03b3\u03b1\u03c3\u03af\u03b1,<\/li>\n<li>\u03c4\u03cc\u03bd\u03c9\u03c3\u03b7 \u03c4\u03b7\u03c2 \u03b5\u03b3\u03ba\u03b5\u03c6\u03b1\u03bb\u03b9\u03ba\u03ae\u03c2 \u03ba\u03c5\u03ba\u03bb\u03bf\u03c6\u03bf\u03c1\u03af\u03b1\u03c2,2<\/li>\n<li>\u03c3\u03c4\u03b1 \u03ba\u03b1\u03bb\u03bb\u03c5\u03bd\u03c4\u03b9\u03ba\u03ac: \u03b2\u03bf\u03b7\u03b8\u03ac \u03c4\u03bf \u03b4\u03ad\u03c1\u03bc\u03b1 \u03bd\u03b1 \u03b1\u03c0\u03bf\u03c1\u03c1\u03bf\u03c6\u03ae\u03c3\u03b5\u03b9 \u03c4\u03b1 \u03b8\u03c1\u03b5\u03c0\u03c4\u03b9\u03ba\u03ac \u03c3\u03c5\u03c3\u03c4\u03b1\u03c4\u03b9\u03ba\u03ac,<\/li>\n<li>\u03b3\u03b9\u03b1 \u03b1\u03b8\u03bb\u03b7\u03c4\u03ad\u03c2: \u03b1\u03c5\u03be\u03ac\u03bd\u03b5\u03b9 \u03c4\u03b7\u03bd \u03b1\u03bd\u03c4\u03bf\u03c7\u03ae,<\/li>\n<li>\u03b2\u03bf\u03b7\u03b8\u03ac \u03c4\u03bf\u03c5\u03c2 \u03bc\u03b1\u03b8\u03b7\u03c4\u03ad\u03c2 \u03ba\u03b1\u03b9 \u03c4\u03bf\u03c5\u03c2 \u03c6\u03bf\u03b9\u03c4\u03b7\u03c4\u03ad\u03c2 \u03bd\u03b1 \u03bc\u03ac\u03b8\u03bf\u03c5\u03bd,<\/li>\n<li>\u03b3\u03b9\u03b1 \u03c4\u03b7\u03bd \u03b1\u03bd\u03c4\u03b9\u03bc\u03b5\u03c4\u03ce\u03c0\u03b9\u03c3\u03b7 \u03c4\u03c9\u03bd \u03b5\u03c0\u03b9\u03b2\u03bb\u03b1\u03b2\u03ce\u03bd \u03b5\u03c0\u03b9\u03b4\u03c1\u03ac\u03c3\u03b5\u03c9\u03bd \u03c4\u03c9\u03bd \u03b7\u03bb\u03b5\u03ba\u03c4\u03c1\u03bf\u03bd\u03b9\u03ba\u03ce\u03bd \u03c5\u03c0\u03bf\u03bb\u03bf\u03b3\u03b9\u03c3\u03c4\u03ce\u03bd,<\/li>\n<li>\u03c3\u03c4\u03b7 \u03b8\u03b5\u03c1\u03b1\u03c0\u03b5\u03af\u03b1 \u03c4\u03bf\u03c5 \u03c3\u03c4\u03c1\u03b5\u03c2 \u03ba\u03b1\u03b9 \u03c4\u03bf\u03c5 \u03c3\u03c5\u03bd\u03b4\u03c1\u03cc\u03bc\u03bf\u03c5 \u03c7\u03c1\u03cc\u03bd\u03b9\u03b1\u03c2 \u03ba\u03cc\u03c0\u03c9\u03c3\u03b7\u03c2,<\/li>\n<li>\u03c3\u03c4\u03bf\u03bd \u03c4\u03bf\u03bc\u03ad\u03b1 \u03c4\u03c9\u03bd \u03ba\u03b1\u03bb\u03bb\u03c5\u03bd\u03c4\u03b9\u03ba\u03ce\u03bd \u03b3\u03b9\u03b1 \u03c4\u03b7 \u03b2\u03b5\u03bb\u03c4\u03af\u03c9\u03c3\u03b7 \u03c4\u03b7\u03c2 \u03ba\u03b1\u03c4\u03ac\u03c3\u03c4\u03b1\u03c3\u03b7\u03c2 \u03c4\u03bf\u03c5 \u03b4\u03ad\u03c1\u03bc\u03b1\u03c4\u03bf\u03c2,<\/li>\n<li>\u03b8\u03b5\u03c1\u03b1\u03c0\u03b5\u03af\u03b1 \u03ae \u03c0\u03c1\u03cc\u03bb\u03b7\u03c8\u03b7 \u03b6\u03c9\u03b9\u03ba\u03ce\u03bd \u03b1\u03c3\u03b8\u03b5\u03bd\u03b5\u03b9\u03ce\u03bd<\/li>\n<\/ul>\n<\/div><\/div>","protected":false},"excerpt":{"rendered":"<p>Oxig\u00e9n sug\u00e1rz\u00f3, 11. sz. M\u0171k\u00f6d\u00e9si ideje: 10 perc. A hull\u00e1mhossz megfelel a l\u00e9gz\u00e9si l\u00e1nc frekvenci\u00e1inak (a v\u00e9r hemoglobinja, mitokondriumok, fermentumok), javul az oxig\u00e9n sz\u00e1ll\u00edt\u00e1sa \u00e9s hasznos\u00edt\u00e1sa, n\u00f6vekszik ATP-szint\u00e9zis, el\u0151seg\u00edti a sz\u00f6vetben a sejtek l\u00e9gz\u00e9s\u00e9t. Az alacsony frekvencia megfelel az immunrendszer frekvenci\u00e1j\u00e1nak. Jav\u00edtja a mikrokering\u00e9st, Immun-modul\u00e1ci\u00f3s hat\u00e1sa van, Cs\u00f6kkenti az oxig\u00e9nhi\u00e1nyt a sz\u00f6vetekben, oxig\u00e9nnel d\u00fas\u00edtja a [&hellip;]<\/p>\n","protected":false},"featured_media":4729,"comment_status":"open","ping_status":"closed","template":"","meta":[],"product_brand":[],"product_cat":[35,32],"product_tag":[],"class_list":{"0":"post-4730","1":"product","2":"type-product","3":"status-publish","4":"has-post-thumbnail","6":"product_cat-csatlakoztathato-jeladok","7":"product_cat-triomed","9":"first","10":"instock","11":"taxable","12":"shipping-taxable","13":"purchasable","14":"product-type-simple"},"_links":{"self":[{"href":"https:\/\/vetomshop.hu\/el\/wp-json\/wp\/v2\/product\/4730","targetHints":{"allow":["GET"]}}],"collection":[{"href":"https:\/\/vetomshop.hu\/el\/wp-json\/wp\/v2\/product"}],"about":[{"href":"https:\/\/vetomshop.hu\/el\/wp-json\/wp\/v2\/types\/product"}],"replies":[{"embeddable":true,"href":"https:\/\/vetomshop.hu\/el\/wp-json\/wp\/v2\/comments?post=4730"}],"wp:featuredmedia":[{"embeddable":true,"href":"https:\/\/vetomshop.hu\/el\/wp-json\/wp\/v2\/media\/4729"}],"wp:attachment":[{"href":"https:\/\/vetomshop.hu\/el\/wp-json\/wp\/v2\/media?parent=4730"}],"wp:term":[{"taxonomy":"product_brand","embeddable":true,"href":"https:\/\/vetomshop.hu\/el\/wp-json\/wp\/v2\/product_brand?post=4730"},{"taxonomy":"product_cat","embeddable":true,"href":"https:\/\/vetomshop.hu\/el\/wp-json\/wp\/v2\/product_cat?post=4730"},{"taxonomy":"product_tag","embeddable":true,"href":"https:\/\/vetomshop.hu\/el\/wp-json\/wp\/v2\/product_tag?post=4730"}],"curies":[{"name":"wp","href":"https:\/\/api.w.org\/{rel}","templated":true}]}}