{"id":4733,"date":"2023-11-11T14:33:59","date_gmt":"2023-11-11T13:33:59","guid":{"rendered":"https:\/\/vetomshop.hu\/termek\/szabad-legzes-jelado\/"},"modified":"2023-11-11T14:33:59","modified_gmt":"2023-11-11T13:33:59","slug":"szabad-legzes-jelado","status":"publish","type":"product","link":"https:\/\/vetomshop.hu\/el\/product\/szabad-legzes-jelado\/","title":{"rendered":"\u03a0\u03bf\u03bc\u03c0\u03cc\u03c2 \u03b5\u03bb\u03b5\u03cd\u03b8\u03b5\u03c1\u03b7\u03c2 \u03b1\u03bd\u03b1\u03c0\u03bd\u03bf\u03ae\u03c2"},"content":{"rendered":"<h4>\u201e\u0395\u03b9\u03b4\u03b9\u03ba\u03cc\u03c2 \u03c0\u03bf\u03bc\u03c0\u03cc\u03c2 \u201d\u03b5\u03bb\u03b5\u03cd\u03b8\u03b5\u03c1\u03b7\u03c2 \u03b1\u03bd\u03b1\u03c0\u03bd\u03bf\u03ae\u03c2\" \u03b1\u03c1\u03b9\u03b8. 16<\/h4>\n<p>\u0393\u03b9\u03b1 \u03c4\u03b7\u03bd Triomed MMW<\/p>\n<p>\u0397 \u03c7\u03c1\u03ae\u03c3\u03b7 \u03c3\u03c5\u03b3\u03ba\u03b5\u03ba\u03c1\u03b9\u03bc\u03ad\u03bd\u03c9\u03bd \u03b1\u03ba\u03c4\u03b9\u03bd\u03bf\u03b2\u03bf\u03bb\u03b9\u03ce\u03bd \u03ad\u03c7\u03b5\u03b9 \u03ba\u03b1\u03c4\u03b5\u03c5\u03b8\u03c5\u03bd\u03cc\u03bc\u03b5\u03bd\u03b7 \u03b5\u03c0\u03af\u03b4\u03c1\u03b1\u03c3\u03b7 \u03c3\u03c4\u03b1 \u03cc\u03c1\u03b3\u03b1\u03bd\u03b1 \u03ba\u03b1\u03b9 \u03c4\u03bf\u03c5\u03c2 \u03b9\u03c3\u03c4\u03bf\u03cd\u03c2, \u03c4\u03b1 \u03c3\u03c5\u03c3\u03c4\u03ae\u03bc\u03b1\u03c4\u03b1 \u03bf\u03c1\u03b3\u03ac\u03bd\u03c9\u03bd \u03ba\u03b1\u03b9 \u03c4\u03b1 \u03bb\u03b5\u03b9\u03c4\u03bf\u03c5\u03c1\u03b3\u03b9\u03ba\u03ac \u03c3\u03c5\u03c3\u03c4\u03ae\u03bc\u03b1\u03c4\u03b1 \u03c4\u03bf\u03c5 \u03b1\u03bd\u03b8\u03c1\u03ce\u03c0\u03b9\u03bd\u03bf\u03c5 \u03c3\u03ce\u03bc\u03b1\u03c4\u03bf\u03c2. \u03a4\u03bf BioTrEM\u00ae EMP \u03b2\u03b1\u03c3\u03af\u03b6\u03b5\u03c4\u03b1\u03b9 \u03c3\u03c4\u03b7 \u03b3\u03b5\u03bd\u03bd\u03ae\u03c4\u03c1\u03b9\u03b1 EHF (\u03b4\u03b9\u03b5\u03b8\u03bd\u03ad\u03c2 \u03b4\u03af\u03c0\u03bb\u03c9\u03bc\u03b1 \u03b5\u03c5\u03c1\u03b5\u03c3\u03b9\u03c4\u03b5\u03c7\u03bd\u03af\u03b1\u03c2 EE 05541).<\/p>\n<p>\u03a3\u03b5 \u03c3\u03cd\u03bd\u03b8\u03b5\u03c4\u03b1 \u03b8\u03b5\u03c1\u03b1\u03c0\u03b5\u03c5\u03c4\u03b9\u03ba\u03ac \u03c0\u03c1\u03bf\u03b3\u03c1\u03ac\u03bc\u03bc\u03b1\u03c4\u03b1, \u03c7\u03c1\u03b7\u03c3\u03b9\u03bc\u03bf\u03c0\u03bf\u03b9\u03b5\u03af\u03c4\u03b1\u03b9 \u03b3\u03b9\u03b1 \u03c4\u03b7\u03bd \u03c0\u03c1\u03cc\u03bb\u03b7\u03c8\u03b7, \u03c4\u03b7 \u03b8\u03b5\u03c1\u03b1\u03c0\u03b5\u03af\u03b1 \u03ba\u03b1\u03b9 \u03c4\u03b7\u03bd \u03b1\u03c0\u03bf\u03ba\u03b1\u03c4\u03ac\u03c3\u03c4\u03b1\u03c3\u03b7 \u03b2\u03c1\u03bf\u03b3\u03c7\u03b9\u03ba\u03ce\u03bd \u03ba\u03b1\u03b9 \u03c0\u03bd\u03b5\u03c5\u03bc\u03bf\u03bd\u03b9\u03ba\u03ce\u03bd \u03c0\u03b1\u03b8\u03ae\u03c3\u03b5\u03c9\u03bd (\u03c0\u03bd\u03b5\u03c5\u03bc\u03bf\u03bd\u03af\u03b1, \u03b2\u03c1\u03bf\u03b3\u03c7\u03af\u03c4\u03b9\u03b4\u03b1, \u03c7\u03c1\u03cc\u03bd\u03b9\u03b5\u03c2 \u03c0\u03b1\u03b8\u03ae\u03c3\u03b5\u03b9\u03c2 \u03c4\u03bf\u03c5 \u03b2\u03c1\u03bf\u03b3\u03c7\u03bf\u03c0\u03bd\u03b5\u03c5\u03bc\u03bf\u03bd\u03b9\u03ba\u03bf\u03cd \u03c3\u03c5\u03c3\u03c4\u03ae\u03bc\u03b1\u03c4\u03bf\u03c2, \u03b2\u03c1\u03bf\u03b3\u03c7\u03b9\u03ba\u03cc \u03ac\u03c3\u03b8\u03bc\u03b1 \u03ba.\u03bb\u03c0.).<\/p>\n<p><strong>\u03a7\u03c1\u03cc\u03bd\u03bf\u03c2 \u03bb\u03b5\u03b9\u03c4\u03bf\u03c5\u03c1\u03b3\u03af\u03b1\u03c2<\/strong>: 12 \u03bb\u03b5\u03c0\u03c4\u03ac.<\/p>\n<div class=\"su-spoiler su-spoiler-style-defoult su-spoiler-icon-caret su-spoiler-closed\" data-scroll-offset=\"0\" data-anchor-in-url=\"no\"><div class=\"su-spoiler-title\" tabindex=\"0\" role=\"button\"><span class=\"su-spoiler-icon\"><\/span>\u038c\u03bb\u03b1<\/div><div class=\"su-spoiler-content su-u-clearfix su-u-trim\">\n<strong>\u0391\u03c0\u03bf\u03c4\u03b5\u03bb\u03ad\u03c3\u03bc\u03b1\u03c4\u03b1 \u03c4\u03bf\u03c5 \u03b5\u03b9\u03b4\u03b9\u03ba\u03bf\u03cd \u03c0\u03bf\u03bc\u03c0\u03bf\u03cd:<\/strong><\/p>\n<ul>\n<li>\u03b2\u03b5\u03bb\u03c4\u03af\u03c9\u03c3\u03b7 \u03c4\u03c9\u03bd \u03bc\u03b5\u03c4\u03b1\u03b2\u03bf\u03bb\u03b9\u03ba\u03ce\u03bd \u03b4\u03b9\u03b5\u03c1\u03b3\u03b1\u03c3\u03b9\u03ce\u03bd \u03c3\u03c4\u03b1 \u03ba\u03cd\u03c4\u03c4\u03b1\u03c1\u03b1 \u03ba\u03b1\u03b9 \u03c4\u03bf\u03c5\u03c2 \u03b9\u03c3\u03c4\u03bf\u03cd\u03c2 \u03c4\u03bf\u03c5 \u03b2\u03c1\u03bf\u03b3\u03c7\u03bf\u03c0\u03bd\u03b5\u03c5\u03bc\u03bf\u03bd\u03b9\u03ba\u03bf\u03cd \u03c3\u03c5\u03c3\u03c4\u03ae\u03bc\u03b1\u03c4\u03bf\u03c2,;<\/li>\n<li>\u03b5\u03bd\u03b5\u03c1\u03b3\u03bf\u03c0\u03bf\u03b9\u03ae\u03c3\u03c4\u03b5 \u03c4\u03b9\u03c2 \u03b2\u03b1\u03c3\u03b9\u03ba\u03ad\u03c2 \u03bb\u03b5\u03b9\u03c4\u03bf\u03c5\u03c1\u03b3\u03af\u03b5\u03c2,;<\/li>\n<li>\u03bf\u03bc\u03b1\u03bb\u03bf\u03c0\u03bf\u03af\u03b7\u03c3\u03b7 \u03c4\u03c9\u03bd \u03b1\u03bd\u03bf\u03c3\u03bf\u03bb\u03bf\u03b3\u03b9\u03ba\u03ce\u03bd \u03b4\u03b9\u03b5\u03c1\u03b3\u03b1\u03c3\u03b9\u03ce\u03bd: \u03bc\u03b5\u03c4\u03c1\u03b9\u03b1\u03c3\u03bc\u03cc\u03c2 \u03c4\u03b7\u03c2 \u03b1\u03c5\u03c4\u03bf\u03ac\u03bd\u03bf\u03c3\u03b7\u03c2 \u03b5\u03c0\u03b9\u03b8\u03b5\u03c4\u03b9\u03ba\u03cc\u03c4\u03b7\u03c4\u03b1\u03c2 \u03ba\u03b1\u03b9 \u03b1\u03bd\u03bf\u03c3\u03bf\u03c4\u03c1\u03bf\u03c0\u03bf\u03c0\u03bf\u03b9\u03b7\u03c4\u03b9\u03ba\u03ad\u03c2 \u03b5\u03c0\u03b9\u03b4\u03c1\u03ac\u03c3\u03b5\u03b9\u03c2,;<\/li>\n<li>\u03bc\u03b5\u03af\u03c9\u03c3\u03b7 \u03c4\u03bf\u03c5 \u03b2\u03c1\u03bf\u03b3\u03c7\u03cc\u03c3\u03c0\u03b1\u03c3\u03bc\u03bf\u03c5,;<\/li>\n<li>\u03b1\u03cd\u03be\u03b7\u03c3\u03b7 \u03c4\u03b7\u03c2 \u03b5\u03bb\u03b1\u03c3\u03c4\u03b9\u03ba\u03cc\u03c4\u03b7\u03c4\u03b1\u03c2 \u03c4\u03bf\u03c5 \u03c3\u03c5\u03bd\u03b4\u03b5\u03c4\u03b9\u03ba\u03bf\u03cd \u03b9\u03c3\u03c4\u03bf\u03cd \u03c3\u03b5 \u03c0\u03bd\u03b5\u03cd\u03bc\u03bf\u03bd\u03b5\u03c2 \u03bc\u03b5 \u03b5\u03bc\u03c6\u03cd\u03c3\u03b7\u03bc\u03b1 \u03ba\u03b1\u03b9 \u03c0\u03bd\u03b5\u03c5\u03bc\u03bf\u03c3\u03ba\u03bb\u03ae\u03c1\u03c9\u03c3\u03b7,;<\/li>\n<li>\u03bf\u03bc\u03b1\u03bb\u03bf\u03c0\u03bf\u03af\u03b7\u03c3\u03b7 \u03c4\u03bf\u03c5 \u03c6\u03bb\u03ad\u03b3\u03bc\u03b1\u03c4\u03bf\u03c2 \u03ba\u03b1\u03b9 \u03c4\u03b7\u03c2 \u03ba\u03ac\u03b8\u03b1\u03c1\u03c3\u03b7\u03c2 \u03c4\u03c9\u03bd \u03c0\u03c4\u03c5\u03ad\u03bb\u03c9\u03bd.<\/li>\n<\/ul>\n<\/div><\/div>","protected":false},"excerpt":{"rendered":"<p>\u201eSzabad l\u00e9gz\u00e9s\u201d 16. sz. speci\u00e1lis jelad\u00f3 Triomed MMW k\u00e9sz\u00fcl\u00e9khez A speci\u00e1lis sug\u00e1rz\u00f3k haszn\u00e1lata ir\u00e1ny\u00edtott hat\u00e1st gyakorol az emberi test szerveire \u00e9s sz\u00f6veteire, szervrendszereire \u00e9s funkcion\u00e1lis rendszereire. A BioTrEM \u00ae EMP EHF gener\u00e1tor alapj\u00e1n fejlesztett\u00e9k ki (EE 05541 nemzetk\u00f6zi szabadalom). A komplex kezel\u00e9si programokban a h\u00f6rg\u0151k \u00e9s a t\u00fcd\u0151 betegs\u00e9geinek (t\u00fcd\u0151gyullad\u00e1s, h\u00f6rghurut, a h\u00f6rg\u0151-t\u00fcd\u0151 rendszer kr\u00f3nikus [&hellip;]<\/p>\n","protected":false},"featured_media":4729,"comment_status":"open","ping_status":"closed","template":"","meta":[],"product_brand":[],"product_cat":[35,32],"product_tag":[],"class_list":{"0":"post-4733","1":"product","2":"type-product","3":"status-publish","4":"has-post-thumbnail","6":"product_cat-csatlakoztathato-jeladok","7":"product_cat-triomed","9":"first","10":"instock","11":"taxable","12":"shipping-taxable","13":"purchasable","14":"product-type-simple"},"_links":{"self":[{"href":"https:\/\/vetomshop.hu\/el\/wp-json\/wp\/v2\/product\/4733","targetHints":{"allow":["GET"]}}],"collection":[{"href":"https:\/\/vetomshop.hu\/el\/wp-json\/wp\/v2\/product"}],"about":[{"href":"https:\/\/vetomshop.hu\/el\/wp-json\/wp\/v2\/types\/product"}],"replies":[{"embeddable":true,"href":"https:\/\/vetomshop.hu\/el\/wp-json\/wp\/v2\/comments?post=4733"}],"wp:featuredmedia":[{"embeddable":true,"href":"https:\/\/vetomshop.hu\/el\/wp-json\/wp\/v2\/media\/4729"}],"wp:attachment":[{"href":"https:\/\/vetomshop.hu\/el\/wp-json\/wp\/v2\/media?parent=4733"}],"wp:term":[{"taxonomy":"product_brand","embeddable":true,"href":"https:\/\/vetomshop.hu\/el\/wp-json\/wp\/v2\/product_brand?post=4733"},{"taxonomy":"product_cat","embeddable":true,"href":"https:\/\/vetomshop.hu\/el\/wp-json\/wp\/v2\/product_cat?post=4733"},{"taxonomy":"product_tag","embeddable":true,"href":"https:\/\/vetomshop.hu\/el\/wp-json\/wp\/v2\/product_tag?post=4733"}],"curies":[{"name":"wp","href":"https:\/\/api.w.org\/{rel}","templated":true}]}}