{"id":4735,"date":"2023-11-11T14:33:59","date_gmt":"2023-11-11T13:33:59","guid":{"rendered":"https:\/\/vetomshop.hu\/termek\/szabalyozo-jelado\/"},"modified":"2025-04-14T17:42:09","modified_gmt":"2025-04-14T15:42:09","slug":"szabalyozo-jelado","status":"publish","type":"product","link":"https:\/\/vetomshop.hu\/el\/product\/szabalyozo-jelado\/","title":{"rendered":"\u03a1\u03c5\u03b8\u03bc\u03b9\u03c3\u03c4\u03b9\u03ba\u03cc\u03c2 \u03c0\u03bf\u03bc\u03c0\u03cc\u03c2"},"content":{"rendered":"<h4>\u03a1\u03c5\u03b8\u03bc\u03b9\u03c3\u03c4\u03b9\u03ba\u03cc \u03c8\u03c5\u03b3\u03b5\u03af\u03bf, \u03b1\u03c1\u03b9\u03b8. 52.<\/h4>\n<p><strong>\u03a7\u03c1\u03cc\u03bd\u03bf\u03c2 \u03bb\u03b5\u03b9\u03c4\u03bf\u03c5\u03c1\u03b3\u03af\u03b1\u03c2 \u03c4\u03bf\u03c5 \u03c0\u03bf\u03bc\u03c0\u03bf\u03cd<\/strong>: 15 \u03bb\u03b5\u03c0\u03c4\u03ac<\/p>\n<p>\u0397 \u03c3\u03c5\u03c7\u03bd\u03cc\u03c4\u03b7\u03c4\u03ac \u03c4\u03bf\u03c5 \u03b1\u03bd\u03c4\u03b9\u03c3\u03c4\u03bf\u03b9\u03c7\u03b5\u03af \u03c3\u03c4\u03b7 \u03c3\u03c5\u03c7\u03bd\u03cc\u03c4\u03b7\u03c4\u03b1 \u03c4\u03bf\u03c5 \u03bf\u03c1\u03bc\u03bf\u03bd\u03b9\u03ba\u03bf\u03cd \u03c3\u03c5\u03c3\u03c4\u03ae\u03bc\u03b1\u03c4\u03bf\u03c2.<\/p>\n<p><strong>\u0395\u03c0\u03b9\u03c0\u03c4\u03ce\u03c3\u03b5\u03b9\u03c2:<\/strong><\/p>\n<ul>\n<li>\u0391\u03c0\u03bf\u03ba\u03b1\u03b8\u03b9\u03c3\u03c4\u03ac \u03c4\u03bf \u03bf\u03c1\u03bc\u03bf\u03bd\u03b9\u03ba\u03cc \u03c3\u03cd\u03c3\u03c4\u03b7\u03bc\u03b1.<\/li>\n<li>\u0391\u03c0\u03bf\u03ba\u03b1\u03b8\u03b9\u03c3\u03c4\u03ac \u03c4\u03bf \u03ba\u03b5\u03bd\u03c4\u03c1\u03b9\u03ba\u03cc, \u03c0\u03b5\u03c1\u03b9\u03c6\u03b5\u03c1\u03b9\u03ba\u03cc \u03ba\u03b1\u03b9 \u03b1\u03c5\u03c4\u03cc\u03bd\u03bf\u03bc\u03bf \u03bd\u03b5\u03c5\u03c1\u03b9\u03ba\u03cc \u03c3\u03cd\u03c3\u03c4\u03b7\u03bc\u03b1.<\/li>\n<li>\u0392\u03b5\u03bb\u03c4\u03b9\u03ce\u03bd\u03b5\u03b9 \u03c4\u03b7\u03bd \u03b9\u03ba\u03b1\u03bd\u03cc\u03c4\u03b7\u03c4\u03b1 \u03bc\u03b5\u03c4\u03ac\u03b4\u03bf\u03c3\u03b7\u03c2 \u03b5\u03c1\u03b5\u03b8\u03b9\u03c3\u03bc\u03ac\u03c4\u03c9\u03bd \u03c4\u03c9\u03bd \u03bd\u03b5\u03c5\u03c1\u03b9\u03ba\u03ce\u03bd \u03b9\u03bd\u03ce\u03bd.<\/li>\n<li>\u03a0\u03c1\u03bf\u03c9\u03b8\u03b5\u03af \u03c4\u03b7\u03bd \u03b1\u03bd\u03b1\u03b3\u03ad\u03bd\u03bd\u03b7\u03c3\u03b7 \u03c4\u03c9\u03bd \u03bd\u03b5\u03c5\u03c1\u03b9\u03ba\u03ce\u03bd \u03ba\u03c5\u03c4\u03c4\u03ac\u03c1\u03c9\u03bd.<\/li>\n<li>\u0388\u03c7\u03b5\u03b9 \u03b5\u03bd\u03b9\u03c3\u03c7\u03c5\u03c4\u03b9\u03ba\u03ae \u03b5\u03c0\u03af\u03b4\u03c1\u03b1\u03c3\u03b7 \u03c3\u03c4\u03bf \u03b1\u03bd\u03bf\u03c3\u03bf\u03c0\u03bf\u03b9\u03b7\u03c4\u03b9\u03ba\u03cc \u03c3\u03cd\u03c3\u03c4\u03b7\u03bc\u03b1.<\/li>\n<li>\u0388\u03c7\u03b5\u03b9 \u03bc\u03b9\u03b1 \u03b3\u03b5\u03bd\u03b9\u03ba\u03ae \u03b1\u03bd\u03b1\u03b6\u03c9\u03bf\u03b3\u03bf\u03bd\u03b7\u03c4\u03b9\u03ba\u03ae \u03b5\u03c0\u03af\u03b4\u03c1\u03b1\u03c3\u03b7.<\/li>\n<li>\u0394\u03bf\u03bc\u03b5\u03af \u03c4\u03bf \u03bd\u03b5\u03c1\u03cc.<\/li>\n<\/ul>\n<p>\u03a3\u03c5\u03bd\u03b9\u03c3\u03c4\u03ce\u03bc\u03b5\u03bd\u03b7 \u03c0\u03b5\u03c1\u03b9\u03bf\u03c7\u03ae \u03b5\u03c6\u03b1\u03c1\u03bc\u03bf\u03b3\u03ae\u03c2: \u03c0\u03c1\u03bf\u03b2\u03bf\u03bb\u03ae \u03b5\u03bd\u03b4\u03bf\u03ba\u03c1\u03b9\u03bd\u03ce\u03bd \u03b1\u03b4\u03ad\u03bd\u03c9\u03bd, \u03c0\u03c1\u03bf\u03b2\u03bf\u03bb\u03ae \u03bc\u03b5\u03b3\u03ac\u03bb\u03c9\u03bd \u03b1\u03b9\u03bc\u03bf\u03c6\u03cc\u03c1\u03c9\u03bd \u03b1\u03b3\u03b3\u03b5\u03af\u03c9\u03bd, 15-14 \u03bb\u03b5\u03c0\u03c4\u03ac \u03b1\u03bd\u03ac \u03c3\u03b7\u03bc\u03b5\u03af\u03bf \u03ae \u03b6\u03ce\u03bd\u03b7 BAP.<\/p>\n<div class=\"su-spoiler su-spoiler-style-defoult su-spoiler-icon-caret su-spoiler-closed\" data-scroll-offset=\"0\" data-anchor-in-url=\"no\"><div class=\"su-spoiler-title\" tabindex=\"0\" role=\"button\"><span class=\"su-spoiler-icon\"><\/span>\u038c\u03bb\u03b1<\/div><div class=\"su-spoiler-content su-u-clearfix su-u-trim\">\n<strong>\u0399\u03c3\u03c7\u03cd\u03b5\u03b9 \u03b3\u03b9\u03b1:<\/strong><\/p>\n<ul>\n<li>\u03b3\u03b9\u03b1 \u03c6\u03c5\u03c4\u03b9\u03ba\u03ad\u03c2 \u03b4\u03b9\u03b1\u03c4\u03b1\u03c1\u03b1\u03c7\u03ad\u03c2,<\/li>\n<li>\u03b3\u03b9\u03b1 \u03c3\u03cd\u03bd\u03b8\u03b5\u03c4\u03b7 \u03b8\u03b5\u03c1\u03b1\u03c0\u03b5\u03af\u03b1 \u03c4\u03bf\u03c5 \u03b5\u03bd\u03b4\u03bf\u03ba\u03c1\u03b9\u03bd\u03b9\u03ba\u03bf\u03cd \u03ba\u03b1\u03b9 \u03c4\u03bf\u03c5 \u03bd\u03b5\u03c5\u03c1\u03b9\u03ba\u03bf\u03cd \u03c3\u03c5\u03c3\u03c4\u03ae\u03bc\u03b1\u03c4\u03bf\u03c2,<\/li>\n<li>\u03c3\u03c4\u03b9\u03c2 \u03bd\u03b5\u03c5\u03c1\u03bf\u03b5\u03c0\u03b9\u03c3\u03c4\u03ae\u03bc\u03b5\u03c2,<\/li>\n<li>\u03c3\u03c4\u03b7 \u03b8\u03b5\u03c1\u03b1\u03c0\u03b5\u03af\u03b1 \u03b1\u03bb\u03bb\u03b5\u03c1\u03b3\u03b9\u03ba\u03ce\u03bd \u03b1\u03c3\u03b8\u03b5\u03bd\u03b5\u03b9\u03ce\u03bd,<\/li>\n<li>\u03c3\u03c4\u03b7\u03bd \u03c0\u03bf\u03bb\u03cd\u03c0\u03bb\u03bf\u03ba\u03b7 \u03b8\u03b5\u03c1\u03b1\u03c0\u03b5\u03af\u03b1 \u03c4\u03c9\u03bd \u03ba\u03b9\u03c1\u03c3\u03ce\u03bd,<\/li>\n<li>\u03c3\u03c4\u03b7 \u03b8\u03b5\u03c1\u03b1\u03c0\u03b5\u03af\u03b1 \u03c4\u03bf\u03c5 \u03c3\u03c5\u03bd\u03b4\u03c1\u03cc\u03bc\u03bf\u03c5 \u03c7\u03c1\u03cc\u03bd\u03b9\u03b1\u03c2 \u03ba\u03cc\u03c0\u03c9\u03c3\u03b7\u03c2,<\/li>\n<li>\u03b5\u03bb\u03ad\u03b3\u03c7\u03bf\u03c5\u03bd \u03c4\u03b1 \u03c3\u03c5\u03bc\u03c0\u03c4\u03ce\u03bc\u03b1\u03c4\u03b1 \u03c4\u03b7\u03c2 \u03b5\u03bc\u03bc\u03b7\u03bd\u03cc\u03c0\u03b1\u03c5\u03c3\u03b7\u03c2 \u03c4\u03cc\u03c3\u03bf \u03c3\u03c4\u03b9\u03c2 \u03b3\u03c5\u03bd\u03b1\u03af\u03ba\u03b5\u03c2 \u03cc\u03c3\u03bf \u03ba\u03b1\u03b9 \u03c3\u03c4\u03bf\u03c5\u03c2 \u03ac\u03bd\u03b4\u03c1\u03b5\u03c2,<\/li>\n<li>\u03b3\u03b9\u03b1 \u03c4\u03b7 \u03b4\u03b9\u03cc\u03c1\u03b8\u03c9\u03c3\u03b7 \u03c4\u03bf\u03c5 \u03bc\u03b5\u03c4\u03b1\u03b2\u03bf\u03bb\u03b9\u03c3\u03bc\u03bf\u03cd \u03c4\u03bf\u03c5 \u03b1\u03c3\u03b2\u03b5\u03c3\u03c4\u03af\u03bf\u03c5, \u03c4\u03b7\u03bd \u03c0\u03c1\u03cc\u03bb\u03b7\u03c8\u03b7 \u03c4\u03b7\u03c2 \u03bf\u03c3\u03c4\u03b5\u03bf\u03c0\u03cc\u03c1\u03c9\u03c3\u03b7\u03c2,<\/li>\n<li>\u03b3\u03b9\u03b1 \u03c4\u03b7 \u03b4\u03b9\u03cc\u03c1\u03b8\u03c9\u03c3\u03b7 \u03c4\u03bf\u03c5 \u03b1\u03bd\u03bf\u03c3\u03bf\u03c0\u03bf\u03b9\u03b7\u03c4\u03b9\u03ba\u03bf\u03cd \u03c3\u03c5\u03c3\u03c4\u03ae\u03bc\u03b1\u03c4\u03bf\u03c2.<\/li>\n<\/ul>\n<\/div><\/div>","protected":false},"excerpt":{"rendered":"<p>Szab\u00e1lyz\u00f3 sug\u00e1rz\u00f3, 52. sz. A sug\u00e1rz\u00f3 m\u0171k\u00f6d\u00e9si ideje: 15 perc Frekvenci\u00e1ja a hormonrendszer frekvenci\u00e1j\u00e1nak felel meg. Hat\u00e1sa: Helyre\u00e1ll\u00edtja a hormonrendszer m\u0171k\u00f6d\u00e9s\u00e9t. Helyre\u00e1ll\u00edtja a k\u00f6zponti, a perif\u00e9ri\u00e1s, valamint a vegetat\u00edv idegrendszer munk\u00e1j\u00e1t. Jav\u00edtja az idegsz\u00e1lak impulzus-tov\u00e1bb\u00edt\u00f3 k\u00e9pess\u00e9g\u00e9t. El\u0151seg\u00edti az idegsejtek regener\u00e1ci\u00f3j\u00e1t. Immunrendszer er\u0151s\u00edt\u0151 hat\u00e1ssal b\u00edr. \u00c1ltal\u00e1nos fiatal\u00edt\u00f3 hat\u00e1s\u00fa. Struktur\u00e1lja a vizet. Aj\u00e1nlott alkalmaz\u00e1si fel\u00fclet: az endokrin [&hellip;]<\/p>\n","protected":false},"featured_media":4734,"comment_status":"open","ping_status":"closed","template":"","meta":[],"product_brand":[],"product_cat":[35,32],"product_tag":[],"class_list":{"0":"post-4735","1":"product","2":"type-product","3":"status-publish","4":"has-post-thumbnail","6":"product_cat-csatlakoztathato-jeladok","7":"product_cat-triomed","9":"first","10":"instock","11":"taxable","12":"shipping-taxable","13":"purchasable","14":"product-type-simple"},"_links":{"self":[{"href":"https:\/\/vetomshop.hu\/el\/wp-json\/wp\/v2\/product\/4735","targetHints":{"allow":["GET"]}}],"collection":[{"href":"https:\/\/vetomshop.hu\/el\/wp-json\/wp\/v2\/product"}],"about":[{"href":"https:\/\/vetomshop.hu\/el\/wp-json\/wp\/v2\/types\/product"}],"replies":[{"embeddable":true,"href":"https:\/\/vetomshop.hu\/el\/wp-json\/wp\/v2\/comments?post=4735"}],"wp:featuredmedia":[{"embeddable":true,"href":"https:\/\/vetomshop.hu\/el\/wp-json\/wp\/v2\/media\/4734"}],"wp:attachment":[{"href":"https:\/\/vetomshop.hu\/el\/wp-json\/wp\/v2\/media?parent=4735"}],"wp:term":[{"taxonomy":"product_brand","embeddable":true,"href":"https:\/\/vetomshop.hu\/el\/wp-json\/wp\/v2\/product_brand?post=4735"},{"taxonomy":"product_cat","embeddable":true,"href":"https:\/\/vetomshop.hu\/el\/wp-json\/wp\/v2\/product_cat?post=4735"},{"taxonomy":"product_tag","embeddable":true,"href":"https:\/\/vetomshop.hu\/el\/wp-json\/wp\/v2\/product_tag?post=4735"}],"curies":[{"name":"wp","href":"https:\/\/api.w.org\/{rel}","templated":true}]}}