{"id":4737,"date":"2023-11-11T14:33:59","date_gmt":"2023-11-11T13:33:59","guid":{"rendered":"https:\/\/vetomshop.hu\/termek\/trio-men-jelado\/"},"modified":"2023-11-11T14:33:59","modified_gmt":"2023-11-11T13:33:59","slug":"trio-men-jelado","status":"publish","type":"product","link":"https:\/\/vetomshop.hu\/el\/product\/trio-men-jelado\/","title":{"rendered":"\u03a6\u03ac\u03c1\u03bf\u03c2 \u03c4\u03c1\u03b9\u03ce\u03bd \u03b1\u03bd\u03b4\u03c1\u03ce\u03bd"},"content":{"rendered":"<h4>\u0395\u03b9\u03b4\u03b9\u03ba\u03cc\u03c2 \u03c0\u03bf\u03bc\u03c0\u03cc\u03c2 Trio-men<\/h4>\n<p>\u0393\u03b9\u03b1 \u03c4\u03bf\u03c5\u03c2 \u03ac\u03bd\u03b4\u03c1\u03b5\u03c2, \u03b1\u03c1\u03b9\u03b8. 23.<\/p>\n<p>\u0395\u03bd\u03b4\u03b5\u03af\u03ba\u03bd\u03c5\u03c4\u03b1\u03b9 \u03b3\u03b9\u03b1: \u03c4\u03b7 \u03b2\u03b5\u03bb\u03c4\u03b9\u03c3\u03c4\u03bf\u03c0\u03bf\u03af\u03b7\u03c3\u03b7 \u03c4\u03c9\u03bd \u03bb\u03b5\u03b9\u03c4\u03bf\u03c5\u03c1\u03b3\u03b9\u03ba\u03ce\u03bd \u03b1\u03c0\u03bf\u03b8\u03b5\u03bc\u03ac\u03c4\u03c9\u03bd \u03ba\u03b1\u03b9 \u03c4\u03b7\u03c2 \u03b9\u03ba\u03b1\u03bd\u03cc\u03c4\u03b7\u03c4\u03b1\u03c2 \u03c4\u03bf\u03c5 \u03b1\u03bd\u03b8\u03c1\u03ce\u03c0\u03b9\u03bd\u03bf\u03c5 \u03c3\u03ce\u03bc\u03b1\u03c4\u03bf\u03c2 \u03bd\u03b1 \u03c0\u03c1\u03bf\u03c3\u03b1\u03c1\u03bc\u03cc\u03b6\u03b5\u03c4\u03b1\u03b9 \u03c3\u03b5 \u03b1\u03c1\u03bd\u03b7\u03c4\u03b9\u03ba\u03ad\u03c2 \u03c0\u03b5\u03c1\u03b9\u03b2\u03b1\u03bb\u03bb\u03bf\u03bd\u03c4\u03b9\u03ba\u03ad\u03c2 \u03b5\u03c0\u03b9\u03b4\u03c1\u03ac\u03c3\u03b5\u03b9\u03c2, \u03c4\u03bf\u03bd \u03c4\u03c1\u03cc\u03c0\u03bf \u03b6\u03c9\u03ae\u03c2 \u03ae \u03c4\u03b7\u03bd \u03b1\u03c3\u03b8\u03ad\u03bd\u03b5\u03b9\u03b1.<br \/>\n\u039a\u03b1\u03c4\u03b7\u03b3\u03bf\u03c1\u03af\u03b1 \u03b5\u03c1\u03b3\u03b1\u03b6\u03bf\u03bc\u03ad\u03bd\u03c9\u03bd: \u03ac\u03bd\u03b4\u03c1\u03b5\u03c2.<\/p>\n<p><strong>\u0395\u03c0\u03b9\u03c0\u03c4\u03ce\u03c3\u03b5\u03b9\u03c2:<\/strong> \u03b3\u03b5\u03bd\u03b9\u03ba\u03ae \u03b5\u03bd\u03b9\u03c3\u03c7\u03c5\u03c4\u03b9\u03ba\u03ae \u03b5\u03c0\u03af\u03b4\u03c1\u03b1\u03c3\u03b7 \u03b1\u03bd\u03ac\u03bb\u03bf\u03b3\u03b1 \u03bc\u03b5 \u03c4\u03bf \u03c6\u03cd\u03bb\u03bf (\u03c8\u03c5\u03c7\u03bf\u03c3\u03c5\u03bd\u03b1\u03b9\u03c3\u03b8\u03b7\u03bc\u03b1\u03c4\u03b9\u03ba\u03cc \u03b5\u03c0\u03af\u03c0\u03b5\u03b4\u03bf, \u03c1\u03cd\u03b8\u03bc\u03b9\u03c3\u03b7 \u03c4\u03bf\u03c5 \u03bd\u03b5\u03c5\u03c1\u03bf-\u03b1\u03bd\u03b8\u03c1\u03ce\u03c0\u03b9\u03bd\u03bf\u03c5 \u03c3\u03c5\u03c3\u03c4\u03ae\u03bc\u03b1\u03c4\u03bf\u03c2).<\/p>\n<p><strong>\u039c\u03b7\u03c7\u03b1\u03bd\u03b9\u03c3\u03bc\u03cc\u03c2 \u03b4\u03c1\u03ac\u03c3\u03b7\u03c2:<\/strong> \u03a4\u03bf \u03c0\u03c1\u03cc\u03b3\u03c1\u03b1\u03bc\u03bc\u03b1 (\u03c6\u03ad\u03c1\u03bf\u03c5\u03c3\u03b1 \u03c3\u03c5\u03c7\u03bd\u03cc\u03c4\u03b7\u03c4\u03b1, \u03b4\u03b9\u03b1\u03bc\u03cc\u03c1\u03c6\u03c9\u03c3\u03b7 \u03c7\u03b1\u03bc\u03b7\u03bb\u03ae\u03c2 \u03c3\u03c5\u03c7\u03bd\u03cc\u03c4\u03b7\u03c4\u03b1\u03c2 \u03ba\u03b1\u03b9 \u03c0\u03b1\u03c1\u03ac\u03bc\u03b5\u03c4\u03c1\u03bf\u03b9 \u03c0\u03bb\u03ac\u03c4\u03bf\u03c5\u03c2) \u03ad\u03c7\u03b5\u03b9 \u03c3\u03c7\u03b5\u03b4\u03b9\u03b1\u03c3\u03c4\u03b5\u03af \u03b5\u03b9\u03b4\u03b9\u03ba\u03ac \u03b3\u03b9\u03b1 \u03c4\u03bf \u03b1\u03bd\u03b4\u03c1\u03b9\u03ba\u03cc \u03cc\u03c1\u03b3\u03b1\u03bd\u03bf \u03b3\u03b9\u03b1 \u03bd\u03b1 \u03c4\u03bf \u03b2\u03bf\u03b7\u03b8\u03ae\u03c3\u03b5\u03b9 \u03cc\u03c4\u03b1\u03bd \u03c7\u03c1\u03b7\u03c3\u03b9\u03bc\u03bf\u03c0\u03bf\u03b9\u03b5\u03af\u03c4\u03b1\u03b9 \u03c3\u03b5 \u03ad\u03bd\u03b1 \u03c3\u03cd\u03c3\u03c4\u03b7\u03bc\u03b1.<\/p>\n<p>\u039c\u03b5 \u03c4\u03b7 \u03c7\u03c1\u03ae\u03c3\u03b7 \u03c4\u03bf\u03c5 Trio-men 23. radiant cure, \u03bc\u03c0\u03bf\u03c1\u03bf\u03cd\u03bc\u03b5 \u03bd\u03b1 \u03bf\u03bc\u03b1\u03bb\u03bf\u03c0\u03bf\u03b9\u03ae\u03c3\u03bf\u03c5\u03bc\u03b5 \u03c4\u03b9\u03c2 \u03c4\u03c1\u03bf\u03c6\u03b9\u03ba\u03ad\u03c2 \u03ba\u03b1\u03b9 \u03bc\u03b5\u03c4\u03b1\u03b2\u03bf\u03bb\u03b9\u03ba\u03ad\u03c2 \u03b4\u03b9\u03b5\u03c1\u03b3\u03b1\u03c3\u03af\u03b5\u03c2 \u03c3\u03c4\u03bf\u03c5\u03c2 \u03b9\u03c3\u03c4\u03bf\u03cd\u03c2 \u03ba\u03b1\u03b9 \u03c4\u03b1 \u03ba\u03cd\u03c4\u03c4\u03b1\u03c1\u03b1, \u03bd\u03b1 \u03b1\u03bd\u03b1\u03b3\u03b5\u03bd\u03bd\u03ae\u03c3\u03bf\u03c5\u03bc\u03b5 \u03c4\u03b7 \u03b4\u03bf\u03bc\u03ae \u03c4\u03bf\u03c5\u03c2, \u03bd\u03b1 \u03b2\u03b5\u03bb\u03c4\u03b9\u03ce\u03c3\u03bf\u03c5\u03bc\u03b5 \u03c4\u03b7 \u03bb\u03b5\u03b9\u03c4\u03bf\u03c5\u03c1\u03b3\u03af\u03b1 \u03c4\u03bf\u03c5 \u03bf\u03c1\u03b3\u03b1\u03bd\u03b9\u03c3\u03bc\u03bf\u03cd \u03c4\u03cc\u03c3\u03bf \u03c3\u03c5\u03c3\u03c4\u03b7\u03bc\u03b1\u03c4\u03b9\u03ba\u03ac \u03cc\u03c3\u03bf \u03ba\u03b1\u03b9 \u03c3\u03c5\u03bd\u03bf\u03bb\u03b9\u03ba\u03ac, \u03bd\u03b1 \u03b1\u03c5\u03be\u03ae\u03c3\u03bf\u03c5\u03bc\u03b5 \u03c4\u03b7\u03bd \u03b5\u03b9\u03b4\u03b9\u03ba\u03ae \u03b1\u03bd\u03c4\u03af\u03c3\u03c4\u03b1\u03c3\u03b7 \u03c4\u03bf\u03c5 \u03bf\u03c1\u03b3\u03b1\u03bd\u03b9\u03c3\u03bc\u03bf\u03cd.<\/p>\n<p>\u03a4\u03b1 \u03b8\u03b5\u03c4\u03b9\u03ba\u03ac \u03b1\u03c0\u03bf\u03c4\u03b5\u03bb\u03ad\u03c3\u03bc\u03b1\u03c4\u03b1 \u03bf\u03c6\u03b5\u03af\u03bb\u03bf\u03bd\u03c4\u03b1\u03b9 \u03c3\u03c4\u03b7\u03bd \u03b1\u03bd\u03b1\u03c4\u03c1\u03bf\u03c6\u03bf\u03b4\u03cc\u03c4\u03b7\u03c3\u03b7 \u03c4\u03bf\u03c5 \u03b2\u03b9\u03bf\u03c3\u03c5\u03bd\u03c4\u03bf\u03bd\u03b9\u03c3\u03bc\u03bf\u03cd \u03b1\u03c0\u03cc \u03c4\u03b1 \u03ba\u03cd\u03c4\u03c4\u03b1\u03c1\u03b1, \u03c4\u03bf \u03b1\u03c4\u03bf\u03bc\u03b9\u03ba\u03cc \u03c6\u03c5\u03c3\u03b9\u03bf\u03bb\u03bf\u03b3\u03b9\u03ba\u03cc \u03c3\u03cd\u03c3\u03c4\u03b7\u03bc\u03b1 \u03ba\u03b1\u03b9 \u03c4\u03bf \u03bd\u03b5\u03c5\u03c1\u03bf-\u03b7\u03b8\u03b9\u03ba\u03cc \u03c1\u03c5\u03b8\u03bc\u03b9\u03c3\u03c4\u03b9\u03ba\u03cc \u03c3\u03cd\u03c3\u03c4\u03b7\u03bc\u03b1, \u03ba\u03b1\u03b8\u03ce\u03c2 \u03ba\u03b1\u03b9 \u03c3\u03c4\u03b7\u03bd \u03b5\u03bd\u03b5\u03c1\u03b3\u03bf\u03c0\u03bf\u03af\u03b7\u03c3\u03b7 \u03c4\u03bf\u03c5 \u03bc\u03b7\u03c7\u03b1\u03bd\u03b9\u03c3\u03bc\u03bf\u03cd \u03c0\u03c1\u03bf\u03c3\u03b1\u03c1\u03bc\u03bf\u03b3\u03ae\u03c2 (\u03c3\u03cd\u03bd\u03b4\u03c1\u03bf\u03bc\u03bf \u03b3\u03b5\u03bd\u03b9\u03ba\u03ae\u03c2 \u03c0\u03c1\u03bf\u03c3\u03b1\u03c1\u03bc\u03bf\u03b3\u03ae\u03c2).<\/p>\n<div class=\"su-spoiler su-spoiler-style-defoult su-spoiler-icon-caret su-spoiler-closed\" data-scroll-offset=\"0\" data-anchor-in-url=\"no\"><div class=\"su-spoiler-title\" tabindex=\"0\" role=\"button\"><span class=\"su-spoiler-icon\"><\/span>\u038c\u03bb\u03b1<\/div><div class=\"su-spoiler-content su-u-clearfix su-u-trim\">\n<strong>\u03a3\u03c5\u03bd\u03b9\u03c3\u03c4\u03ac\u03c4\u03b1\u03b9 \u03b3\u03b9\u03b1:<\/strong><\/p>\n<ol>\n<li>\u0393\u03b9\u03b1 \u03bc\u03b5\u03b9\u03c9\u03bc\u03ad\u03bd\u03b7 \u03b5\u03c1\u03b3\u03b1\u03c3\u03b9\u03b1\u03ba\u03ae \u03b9\u03ba\u03b1\u03bd\u03cc\u03c4\u03b7\u03c4\u03b1 \u03ba\u03b1\u03b9 \u03ba\u03c5\u03ba\u03bb\u03bf\u03b8\u03c5\u03bc\u03af\u03b1, \u03c8\u03c5\u03c7\u03bf\u03c3\u03c5\u03bd\u03b1\u03b9\u03c3\u03b8\u03b7\u03bc\u03b1\u03c4\u03b9\u03ba\u03ae \u03b1\u03c3\u03c4\u03ac\u03b8\u03b5\u03b9\u03b1, \u03b1\u03cb\u03c0\u03bd\u03af\u03b1 \u03c9\u03c2 \u03c3\u03c5\u03bd\u03ad\u03c0\u03b5\u03b9\u03b1 \u03c7\u03c1\u03cc\u03bd\u03b9\u03b1\u03c2 \u03ba\u03cc\u03c0\u03c9\u03c3\u03b7\u03c2.<\/li>\n<li>\u0391\u03c3\u03b8\u03ad\u03bd\u03b5\u03b9\u03b5\u03c2 \u03c4\u03bf\u03c5 \u03c0\u03c1\u03bf\u03c3\u03c4\u03ac\u03c4\u03b7, \u03b1\u03bd\u03b4\u03c1\u03b9\u03ba\u03ae \u03b5\u03bc\u03bc\u03b7\u03bd\u03cc\u03c0\u03b1\u03c5\u03c3\u03b7.<\/li>\n<li>\u039a\u03bf\u03b9\u03bd\u03ac \u03ba\u03c1\u03c5\u03bf\u03bb\u03bf\u03b3\u03ae\u03bc\u03b1\u03c4\u03b1 \u03ba\u03b1\u03b9 \u03b3\u03c1\u03af\u03c0\u03b7.<\/li>\n<li>\u0393\u03b5\u03bd\u03b9\u03ba\u03ae \u03b5\u03be\u03b1\u03c3\u03b8\u03ad\u03bd\u03b7\u03c3\u03b7 \u03c4\u03bf\u03c5 \u03b1\u03bd\u03bf\u03c3\u03bf\u03c0\u03bf\u03b9\u03b7\u03c4\u03b9\u03ba\u03bf\u03cd \u03c3\u03c5\u03c3\u03c4\u03ae\u03bc\u03b1\u03c4\u03bf\u03c2 \u03bc\u03b5\u03c4\u03ac \u03b1\u03c0\u03cc \u03c3\u03bf\u03b2\u03b1\u03c1\u03ae \u03b1\u03c3\u03b8\u03ad\u03bd\u03b5\u03b9\u03b1, \u03b3\u03b9\u03b1 \u03b1\u03c0\u03bf\u03ba\u03b1\u03c4\u03ac\u03c3\u03c4\u03b1\u03c3\u03b7<\/li>\n<\/ol>\n<\/div><\/div>","protected":false},"excerpt":{"rendered":"<p>Speci\u00e1lis Trio-men sug\u00e1rz\u00f3 F\u00e9rfiak sz\u00e1m\u00e1ra, 23. sz. Javallott: a funkcion\u00e1lis tartal\u00e9kok \u00e9s az emberi szervezet adapt\u00e1ci\u00f3s lehet\u0151s\u00e9geinek optimiz\u00e1l\u00e1s\u00e1hoz, melyek a negat\u00edv k\u00f6rnyezeti hat\u00e1sok, \u00e9letm\u00f3d vagy betegs\u00e9g k\u00f6vetkezt\u00e9ben l\u00e9ptek fel. Az alkalmaz\u00f3k kateg\u00f3ri\u00e1ja: f\u00e9rfiak. Hat\u00e1sa: a nemi hovatartoz\u00e1st figyelembe vev\u0151 \u00e1ltal\u00e1nos er\u0151s\u00edt\u0151 hat\u00e1s (pszichoemocion\u00e1lis szint, neurohumor\u00e1lis regul\u00e1ci\u00f3). Hat\u00e1smechanizmus: A program (hordoz\u00f3 frekvencia, alacsony frekvenci\u00e1j\u00fa modul\u00e1ci\u00f3 \u00e9s [&hellip;]<\/p>\n","protected":false},"featured_media":4736,"comment_status":"open","ping_status":"closed","template":"","meta":[],"product_brand":[],"product_cat":[35,32],"product_tag":[],"class_list":{"0":"post-4737","1":"product","2":"type-product","3":"status-publish","4":"has-post-thumbnail","6":"product_cat-csatlakoztathato-jeladok","7":"product_cat-triomed","9":"first","10":"instock","11":"taxable","12":"shipping-taxable","13":"purchasable","14":"product-type-simple"},"_links":{"self":[{"href":"https:\/\/vetomshop.hu\/el\/wp-json\/wp\/v2\/product\/4737","targetHints":{"allow":["GET"]}}],"collection":[{"href":"https:\/\/vetomshop.hu\/el\/wp-json\/wp\/v2\/product"}],"about":[{"href":"https:\/\/vetomshop.hu\/el\/wp-json\/wp\/v2\/types\/product"}],"replies":[{"embeddable":true,"href":"https:\/\/vetomshop.hu\/el\/wp-json\/wp\/v2\/comments?post=4737"}],"wp:featuredmedia":[{"embeddable":true,"href":"https:\/\/vetomshop.hu\/el\/wp-json\/wp\/v2\/media\/4736"}],"wp:attachment":[{"href":"https:\/\/vetomshop.hu\/el\/wp-json\/wp\/v2\/media?parent=4737"}],"wp:term":[{"taxonomy":"product_brand","embeddable":true,"href":"https:\/\/vetomshop.hu\/el\/wp-json\/wp\/v2\/product_brand?post=4737"},{"taxonomy":"product_cat","embeddable":true,"href":"https:\/\/vetomshop.hu\/el\/wp-json\/wp\/v2\/product_cat?post=4737"},{"taxonomy":"product_tag","embeddable":true,"href":"https:\/\/vetomshop.hu\/el\/wp-json\/wp\/v2\/product_tag?post=4737"}],"curies":[{"name":"wp","href":"https:\/\/api.w.org\/{rel}","templated":true}]}}