{"id":4739,"date":"2023-11-11T14:34:00","date_gmt":"2023-11-11T13:34:00","guid":{"rendered":"https:\/\/vetomshop.hu\/termek\/trio-women-jelado\/"},"modified":"2023-11-11T14:34:00","modified_gmt":"2023-11-11T13:34:00","slug":"trio-women-jelado","status":"publish","type":"product","link":"https:\/\/vetomshop.hu\/el\/product\/trio-women-jelado\/","title":{"rendered":"\u03a6\u03ac\u03c1\u03bf\u03c2 \u03c4\u03c1\u03b9\u03ce\u03bd \u03b3\u03c5\u03bd\u03b1\u03b9\u03ba\u03ce\u03bd"},"content":{"rendered":"<h4>\u0395\u03b9\u03b4\u03b9\u03ba\u03cc\u03c2 \u03b1\u03ba\u03c4\u03b9\u03bd\u03bf\u03b2\u03bf\u03bb\u03b7\u03c4\u03ae\u03c2 Trio-\u0393\u03c5\u03bd\u03b1\u03af\u03ba\u03b5\u03c2<\/h4>\n<p>\u0393\u03b9\u03b1 \u03c4\u03b9\u03c2 \u03b3\u03c5\u03bd\u03b1\u03af\u03ba\u03b5\u03c2, \u03b1\u03c1\u03b9\u03b8. 8.<\/p>\n<p>\u03a3\u03c5\u03bd\u03b9\u03c3\u03c4\u03ac\u03c4\u03b1\u03b9: \u03b3\u03b9\u03b1 \u03c4\u03b7 \u03b2\u03b5\u03bb\u03c4\u03b9\u03c3\u03c4\u03bf\u03c0\u03bf\u03af\u03b7\u03c3\u03b7 \u03c4\u03c9\u03bd \u03bb\u03b5\u03b9\u03c4\u03bf\u03c5\u03c1\u03b3\u03b9\u03ba\u03ce\u03bd \u03b1\u03c0\u03bf\u03b8\u03b5\u03bc\u03ac\u03c4\u03c9\u03bd \u03ba\u03b1\u03b9 \u03c4\u03b7\u03c2 \u03c0\u03c1\u03bf\u03c3\u03b1\u03c1\u03bc\u03bf\u03c3\u03c4\u03b9\u03ba\u03ae\u03c2 \u03b9\u03ba\u03b1\u03bd\u03cc\u03c4\u03b7\u03c4\u03b1\u03c2 \u03c4\u03bf\u03c5 \u03b1\u03bd\u03b8\u03c1\u03ce\u03c0\u03b9\u03bd\u03bf\u03c5 \u03c3\u03ce\u03bc\u03b1\u03c4\u03bf\u03c2 \u03c9\u03c2 \u03b1\u03c0\u03bf\u03c4\u03ad\u03bb\u03b5\u03c3\u03bc\u03b1 \u03b1\u03c1\u03bd\u03b7\u03c4\u03b9\u03ba\u03ce\u03bd \u03c0\u03b5\u03c1\u03b9\u03b2\u03b1\u03bb\u03bb\u03bf\u03bd\u03c4\u03b9\u03ba\u03ce\u03bd \u03b5\u03c0\u03b9\u03b4\u03c1\u03ac\u03c3\u03b5\u03c9\u03bd, \u03c4\u03bf\u03c5 \u03c4\u03c1\u03cc\u03c0\u03bf\u03c5 \u03b6\u03c9\u03ae\u03c2 \u03ae \u03c4\u03b7\u03c2 \u03b1\u03c3\u03b8\u03ad\u03bd\u03b5\u03b9\u03b1\u03c2.<\/p>\n<p><strong>\u03a3\u03c5\u03bd\u03b9\u03c3\u03c4\u03ac\u03c4\u03b1\u03b9 \u03b3\u03b9\u03b1: <\/strong>\u03b3\u03b9\u03b1 \u03ba\u03bf\u03c1\u03af\u03c4\u03c3\u03b9\u03b1, \u03b3\u03c5\u03bd\u03b1\u03af\u03ba\u03b5\u03c2.<\/p>\n<p><strong>\u0395\u03c0\u03b9\u03c0\u03c4\u03ce\u03c3\u03b5\u03b9\u03c2:<\/strong> \u03b3\u03b5\u03bd\u03b9\u03ba\u03ae \u03b5\u03c0\u03af\u03b4\u03c1\u03b1\u03c3\u03b7 \u03c3\u03c4\u03b7\u03bd \u03c5\u03b3\u03b5\u03af\u03b1, \u03bb\u03b1\u03bc\u03b2\u03ac\u03bd\u03bf\u03bd\u03c4\u03b1\u03c2 \u03c5\u03c0\u03cc\u03c8\u03b7 \u03c4\u03b1 \u03c7\u03b1\u03c1\u03b1\u03ba\u03c4\u03b7\u03c1\u03b9\u03c3\u03c4\u03b9\u03ba\u03ac \u03c4\u03bf\u03c5 \u03b3\u03c5\u03bd\u03b1\u03b9\u03ba\u03b5\u03af\u03bf\u03c5 \u03bf\u03c1\u03b3\u03b1\u03bd\u03b9\u03c3\u03bc\u03bf\u03cd (\u03c8\u03c5\u03c7\u03bf\u03c3\u03c5\u03bd\u03b1\u03b9\u03c3\u03b8\u03b7\u03bc\u03b1\u03c4\u03b9\u03ba\u03ae \u03c3\u03c6\u03b1\u03af\u03c1\u03b1, \u03bd\u03b5\u03c5\u03c1\u03bf-\u03c0\u03bd\u03b5\u03c5\u03bc\u03bf\u03bd\u03b9\u03ba\u03ae \u03c1\u03cd\u03b8\u03bc\u03b9\u03c3\u03b7).<\/p>\n<p><strong>\u039c\u03b7\u03c7\u03b1\u03bd\u03b9\u03c3\u03bc\u03cc\u03c2 \u03b4\u03c1\u03ac\u03c3\u03b7\u03c2:<\/strong> \u03a4\u03bf \u03c0\u03c1\u03cc\u03b3\u03c1\u03b1\u03bc\u03bc\u03b1 (\u03c6\u03ad\u03c1\u03bf\u03c5\u03c3\u03b1 \u03c3\u03c5\u03c7\u03bd\u03cc\u03c4\u03b7\u03c4\u03b1, \u03b4\u03b9\u03b1\u03bc\u03cc\u03c1\u03c6\u03c9\u03c3\u03b7 \u03c7\u03b1\u03bc\u03b7\u03bb\u03ae\u03c2 \u03c3\u03c5\u03c7\u03bd\u03cc\u03c4\u03b7\u03c4\u03b1\u03c2 \u03ba\u03b1\u03b9 \u03c0\u03b1\u03c1\u03ac\u03bc\u03b5\u03c4\u03c1\u03bf\u03b9 \u03c0\u03bb\u03ac\u03c4\u03bf\u03c5\u03c2) \u03ad\u03c7\u03b5\u03b9 \u03c3\u03c7\u03b5\u03b4\u03b9\u03b1\u03c3\u03c4\u03b5\u03af \u03b5\u03b9\u03b4\u03b9\u03ba\u03ac \u03b3\u03b9\u03b1 \u03bd\u03b1 \u03b2\u03bf\u03b7\u03b8\u03ae\u03c3\u03b5\u03b9 \u03c4\u03bf \u03b3\u03c5\u03bd\u03b1\u03b9\u03ba\u03b5\u03af\u03bf \u03c3\u03ce\u03bc\u03b1 \u03cc\u03c4\u03b1\u03bd \u03c7\u03c1\u03b7\u03c3\u03b9\u03bc\u03bf\u03c0\u03bf\u03b9\u03b5\u03af\u03c4\u03b1\u03b9 \u03c3\u03b5 \u03ad\u03bd\u03b1 \u03c3\u03cd\u03c3\u03c4\u03b7\u03bc\u03b1.<\/p>\n<p>\u0397 \u03b5\u03c6\u03b1\u03c1\u03bc\u03bf\u03b3\u03ae \u03c4\u03b7\u03c2 \u03b1\u03ba\u03c4\u03b9\u03bd\u03bf\u03b8\u03b5\u03c1\u03b1\u03c0\u03b5\u03af\u03b1\u03c2 \u03c3\u03b5 \u03bc\u03b9\u03b1 \u03b8\u03b5\u03c1\u03b1\u03c0\u03b5\u03c5\u03c4\u03b9\u03ba\u03ae \u03b1\u03b3\u03c9\u03b3\u03ae \u03bf\u03bc\u03b1\u03bb\u03bf\u03c0\u03bf\u03b9\u03b5\u03af \u03c4\u03b9\u03c2 \u03c4\u03c1\u03bf\u03c6\u03b9\u03ba\u03ad\u03c2 \u03ba\u03b1\u03b9 \u03bc\u03b5\u03c4\u03b1\u03b2\u03bf\u03bb\u03b9\u03ba\u03ad\u03c2 \u03b4\u03b9\u03b5\u03c1\u03b3\u03b1\u03c3\u03af\u03b5\u03c2 \u03c3\u03c4\u03b1 \u03ba\u03cd\u03c4\u03c4\u03b1\u03c1\u03b1 \u03ba\u03b1\u03b9 \u03c4\u03bf\u03c5\u03c2 \u03b9\u03c3\u03c4\u03bf\u03cd\u03c2, \u03c4\u03b1 \u03b1\u03bd\u03b1\u03b3\u03b5\u03bd\u03bd\u03ac, \u03ad\u03c7\u03b5\u03b9 \u03bc\u03b9\u03b1 \u03b3\u03b5\u03bd\u03b9\u03ba\u03ae \u03b5\u03bd\u03b1\u03c1\u03bc\u03bf\u03bd\u03b9\u03c3\u03c4\u03b9\u03ba\u03ae \u03b5\u03c0\u03af\u03b4\u03c1\u03b1\u03c3\u03b7 \u03c3\u03c4\u03b1 \u03cc\u03c1\u03b3\u03b1\u03bd\u03b1, \u03c4\u03b1 \u03c3\u03c5\u03c3\u03c4\u03ae\u03bc\u03b1\u03c4\u03b1 \u03bf\u03c1\u03b3\u03ac\u03bd\u03c9\u03bd \u03ba\u03b1\u03b9 \u03c4\u03bf \u03c3\u03ce\u03bc\u03b1 \u03c3\u03c4\u03bf \u03c3\u03cd\u03bd\u03bf\u03bb\u03cc \u03c4\u03bf\u03c5 \u03ba\u03b1\u03b9 \u03b1\u03c5\u03be\u03ac\u03bd\u03b5\u03b9 \u03c4\u03b7 \u03bc\u03b7 \u03b5\u03b9\u03b4\u03b9\u03ba\u03ae \u03b1\u03bd\u03c4\u03af\u03c3\u03c4\u03b1\u03c3\u03b7 \u03c4\u03bf\u03c5 \u03bf\u03c1\u03b3\u03b1\u03bd\u03b9\u03c3\u03bc\u03bf\u03cd. \u03a4\u03b1 \u03b8\u03b5\u03c4\u03b9\u03ba\u03ac \u03b1\u03c0\u03bf\u03c4\u03b5\u03bb\u03ad\u03c3\u03bc\u03b1\u03c4\u03b1 \u03bf\u03c6\u03b5\u03af\u03bb\u03bf\u03bd\u03c4\u03b1\u03b9 \u03b1\u03c6\u03b5\u03bd\u03cc\u03c2 \u03c3\u03c4\u03b7\u03bd \u03b1\u03bd\u03b1\u03c4\u03c1\u03bf\u03c6\u03bf\u03b4\u03cc\u03c4\u03b7\u03c3\u03b7 \u03c4\u03bf\u03c5 \u03b2\u03b9\u03bf\u03c3\u03c5\u03bd\u03c4\u03bf\u03bd\u03b9\u03c3\u03bc\u03bf\u03cd \u03b1\u03c0\u03cc \u03c4\u03b1 \u03ba\u03cd\u03c4\u03c4\u03b1\u03c1\u03b1, \u03c4\u03bf \u03b1\u03c4\u03bf\u03bc\u03b9\u03ba\u03cc \u03c6\u03c5\u03c3\u03b9\u03bf\u03bb\u03bf\u03b3\u03b9\u03ba\u03cc \u03c3\u03cd\u03c3\u03c4\u03b7\u03bc\u03b1 \u03ba\u03b1\u03b9 \u03c4\u03bf \u03bd\u03b5\u03c5\u03c1\u03bf\u03b3\u03b1\u03c3\u03c4\u03c1\u03b9\u03ba\u03cc \u03c1\u03c5\u03b8\u03bc\u03b9\u03c3\u03c4\u03b9\u03ba\u03cc \u03c3\u03cd\u03c3\u03c4\u03b7\u03bc\u03b1 \u03ba\u03b1\u03b9 \u03b1\u03c6\u03b5\u03c4\u03ad\u03c1\u03bf\u03c5 \u03c3\u03c4\u03b7\u03bd \u03b5\u03bd\u03b5\u03c1\u03b3\u03bf\u03c0\u03bf\u03af\u03b7\u03c3\u03b7 \u03c4\u03bf\u03c5 \u03bc\u03b7\u03c7\u03b1\u03bd\u03b9\u03c3\u03bc\u03bf\u03cd \u03c0\u03c1\u03bf\u03c3\u03b1\u03c1\u03bc\u03bf\u03b3\u03ae\u03c2 (\u03b3\u03b5\u03bd\u03b9\u03ba\u03cc \u03c3\u03cd\u03bd\u03b4\u03c1\u03bf\u03bc\u03bf \u03c0\u03c1\u03bf\u03c3\u03b1\u03c1\u03bc\u03bf\u03b3\u03ae\u03c2).<\/p>\n<div class=\"su-spoiler su-spoiler-style-defoult su-spoiler-icon-caret su-spoiler-closed\" data-scroll-offset=\"0\" data-anchor-in-url=\"no\"><div class=\"su-spoiler-title\" tabindex=\"0\" role=\"button\"><span class=\"su-spoiler-icon\"><\/span>\u038c\u03bb\u03b1<\/div><div class=\"su-spoiler-content su-u-clearfix su-u-trim\">\n<p><strong>\u03a3\u03c5\u03bd\u03b9\u03c3\u03c4\u03ac\u03c4\u03b1\u03b9 \u03b3\u03b9\u03b1:<\/strong><\/p>\n<ol>\n<li>\u0393\u03b9\u03b1 \u03bc\u03b5\u03b9\u03c9\u03bc\u03ad\u03bd\u03b7 \u03b5\u03c1\u03b3\u03b1\u03c3\u03b9\u03b1\u03ba\u03ae \u03b9\u03ba\u03b1\u03bd\u03cc\u03c4\u03b7\u03c4\u03b1 \u03ba\u03b1\u03b9 \u03ba\u03c5\u03ba\u03bb\u03bf\u03b8\u03c5\u03bc\u03af\u03b1, \u03c8\u03c5\u03c7\u03bf\u03c3\u03c5\u03bd\u03b1\u03b9\u03c3\u03b8\u03b7\u03bc\u03b1\u03c4\u03b9\u03ba\u03ae \u03b1\u03c3\u03c4\u03ac\u03b8\u03b5\u03b9\u03b1, \u03b1\u03cb\u03c0\u03bd\u03af\u03b1 \u03c9\u03c2 \u03c3\u03c5\u03bd\u03ad\u03c0\u03b5\u03b9\u03b1 \u03c7\u03c1\u03cc\u03bd\u03b9\u03b1\u03c2 \u03ba\u03cc\u03c0\u03c9\u03c3\u03b7\u03c2.<\/li>\n<li>\u0393\u03b9\u03b1 \u03c4\u03b7 \u03b8\u03b5\u03c1\u03b1\u03c0\u03b5\u03af\u03b1 \u03ba\u03b1\u03b9 \u03c4\u03b7\u03bd \u03c0\u03c1\u03cc\u03bb\u03b7\u03c8\u03b7 \u03c4\u03c9\u03bd \u03b4\u03b9\u03b1\u03c4\u03b1\u03c1\u03b1\u03c7\u03ce\u03bd \u03c4\u03c9\u03bd \u03b3\u03c5\u03bd\u03b1\u03b9\u03ba\u03b5\u03af\u03c9\u03bd \u03b3\u03b5\u03bd\u03bd\u03b7\u03c4\u03b9\u03ba\u03ce\u03bd \u03bf\u03c1\u03b3\u03ac\u03bd\u03c9\u03bd \u03ba\u03b1\u03b9 \u03c4\u03c9\u03bd \u03b4\u03c5\u03c3\u03ac\u03c1\u03b5\u03c3\u03c4\u03c9\u03bd \u03c3\u03c5\u03bc\u03c0\u03c4\u03c9\u03bc\u03ac\u03c4\u03c9\u03bd \u03c0\u03bf\u03c5 \u03c3\u03c5\u03bd\u03bf\u03b4\u03b5\u03cd\u03bf\u03c5\u03bd \u03c4\u03b7\u03bd \u03b5\u03bc\u03bc\u03b7\u03bd\u03cc\u03c0\u03b1\u03c5\u03c3\u03b7, \u03ba\u03b1\u03b8\u03ce\u03c2 \u03ba\u03b1\u03b9 \u03b3\u03b9\u03b1 \u03c4\u03b7\u03bd \u03b5\u03bd\u03af\u03c3\u03c7\u03c5\u03c3\u03b7 \u03c4\u03b7\u03c2 \u03b3\u03bf\u03bd\u03b9\u03bc\u03cc\u03c4\u03b7\u03c4\u03b1\u03c2 \u03ba\u03b1\u03b9 \u03c4\u03b7\u03c2 \u03c3\u03b5\u03be\u03bf\u03c5\u03b1\u03bb\u03b9\u03ba\u03ae\u03c2 \u03c5\u03b3\u03b5\u03af\u03b1\u03c2.<\/li>\n<li>\u03a3\u03c5\u03bd\u03ae\u03b8\u03b7\u03c2 \u03c3\u03b5 \u03ba\u03c1\u03c5\u03bf\u03bb\u03bf\u03b3\u03ae\u03bc\u03b1\u03c4\u03b1.<\/li>\n<li>\u0395\u03b9\u03b4\u03b9\u03ba\u03ae \u03c0\u03c1\u03cc\u03bb\u03b7\u03c8\u03b7 \u03c4\u03b7\u03c2 \u03b3\u03c1\u03af\u03c0\u03b7\u03c2 \u03ba\u03b1\u03b9 \u03c4\u03bf\u03c5 \u03ba\u03c1\u03c5\u03bf\u03bb\u03bf\u03b3\u03ae\u03bc\u03b1\u03c4\u03bf\u03c2.<\/li>\n<li>\u0391\u03c0\u03bf\u03b4\u03c5\u03bd\u03ac\u03bc\u03c9\u03c3\u03b7 \u03c4\u03bf\u03c5 \u03b1\u03bd\u03bf\u03c3\u03bf\u03c0\u03bf\u03b9\u03b7\u03c4\u03b9\u03ba\u03bf\u03cd \u03c3\u03c5\u03c3\u03c4\u03ae\u03bc\u03b1\u03c4\u03bf\u03c2 \u03ba\u03b1\u03c4\u03ac \u03c4\u03b7 \u03b4\u03b9\u03ac\u03c1\u03ba\u03b5\u03b9\u03b1 \u03c4\u03b7\u03c2 \u03b1\u03bd\u03ac\u03c1\u03c1\u03c9\u03c3\u03b7\u03c2 \u03ae \u03c4\u03b7\u03c2 \u03b1\u03c0\u03bf\u03ba\u03b1\u03c4\u03ac\u03c3\u03c4\u03b1\u03c3\u03b7\u03c2 \u03bc\u03b5\u03c4\u03ac \u03b1\u03c0\u03cc \u03b1\u03c3\u03b8\u03ad\u03bd\u03b5\u03b9\u03b1.<\/li>\n<\/ol>\n<\/div><\/div>","protected":false},"excerpt":{"rendered":"<p>Speci\u00e1lis Trio-Women sug\u00e1rz\u00f3 N\u0151k sz\u00e1m\u00e1ra, 8.sz. Javasolt: a funkcion\u00e1lis tartal\u00e9kok \u00e9s az emberi szervezet adapt\u00e1ci\u00f3s lehet\u0151s\u00e9geinek optimiz\u00e1l\u00e1s\u00e1hoz, melyek a negat\u00edv k\u00f6rnyezeti hat\u00e1sok, \u00e9letm\u00f3d vagy betegs\u00e9g k\u00f6vetkezt\u00e9ben l\u00e9ptek fel. Aj\u00e1nlott: l\u00e1nyok, n\u0151k sz\u00e1m\u00e1ra. Hat\u00e1sa: a n\u0151i szervezet jellemz\u0151it figyelembe vev\u0151 (pszicho-emocion\u00e1lis szf\u00e9ra, neurohumor\u00e1lis szab\u00e1lyoz\u00e1s) \u00e1ltal\u00e1nos eg\u00e9szs\u00e9gmeger\u0151s\u00edt\u0151 hat\u00e1s. Hat\u00e1smechanizmus: A program (hordoz\u00f3 frekvencia, alacsony frekvenci\u00e1j\u00fa modul\u00e1ci\u00f3 \u00e9s [&hellip;]<\/p>\n","protected":false},"featured_media":4738,"comment_status":"open","ping_status":"closed","template":"","meta":[],"product_brand":[],"product_cat":[35,32],"product_tag":[],"class_list":{"0":"post-4739","1":"product","2":"type-product","3":"status-publish","4":"has-post-thumbnail","6":"product_cat-csatlakoztathato-jeladok","7":"product_cat-triomed","9":"first","10":"instock","11":"taxable","12":"shipping-taxable","13":"purchasable","14":"product-type-simple"},"_links":{"self":[{"href":"https:\/\/vetomshop.hu\/el\/wp-json\/wp\/v2\/product\/4739","targetHints":{"allow":["GET"]}}],"collection":[{"href":"https:\/\/vetomshop.hu\/el\/wp-json\/wp\/v2\/product"}],"about":[{"href":"https:\/\/vetomshop.hu\/el\/wp-json\/wp\/v2\/types\/product"}],"replies":[{"embeddable":true,"href":"https:\/\/vetomshop.hu\/el\/wp-json\/wp\/v2\/comments?post=4739"}],"wp:featuredmedia":[{"embeddable":true,"href":"https:\/\/vetomshop.hu\/el\/wp-json\/wp\/v2\/media\/4738"}],"wp:attachment":[{"href":"https:\/\/vetomshop.hu\/el\/wp-json\/wp\/v2\/media?parent=4739"}],"wp:term":[{"taxonomy":"product_brand","embeddable":true,"href":"https:\/\/vetomshop.hu\/el\/wp-json\/wp\/v2\/product_brand?post=4739"},{"taxonomy":"product_cat","embeddable":true,"href":"https:\/\/vetomshop.hu\/el\/wp-json\/wp\/v2\/product_cat?post=4739"},{"taxonomy":"product_tag","embeddable":true,"href":"https:\/\/vetomshop.hu\/el\/wp-json\/wp\/v2\/product_tag?post=4739"}],"curies":[{"name":"wp","href":"https:\/\/api.w.org\/{rel}","templated":true}]}}