{"id":4741,"date":"2023-11-11T14:34:00","date_gmt":"2023-11-11T13:34:00","guid":{"rendered":"https:\/\/vetomshop.hu\/termek\/sigma-medal\/"},"modified":"2023-11-11T14:34:00","modified_gmt":"2023-11-11T13:34:00","slug":"sigma-medal","status":"publish","type":"product","link":"https:\/\/vetomshop.hu\/el\/product\/sigma-medal\/","title":{"rendered":"\u039c\u03b5\u03c4\u03ac\u03bb\u03bb\u03b9\u03bf Sigma"},"content":{"rendered":"<p>A <strong>\u039c\u03b5\u03c4\u03ac\u03bb\u03bb\u03b9\u03bf \u03c5\u03b3\u03b5\u03af\u03b1\u03c2 SIGMA<\/strong> \u03b5\u03af\u03bd\u03b1\u03b9 \u03bd\u03b1 \u03b1\u03c0\u03bf\u03ba\u03b1\u03c4\u03b1\u03c3\u03c4\u03ae\u03c3\u03b5\u03b9 \u03c4\u03b9\u03c2 \u03c6\u03c5\u03c3\u03b9\u03bf\u03bb\u03bf\u03b3\u03b9\u03ba\u03ad\u03c2 \u03b4\u03b9\u03b5\u03c1\u03b3\u03b1\u03c3\u03af\u03b5\u03c2 \u03c4\u03c9\u03bd \u03b8\u03c5\u03bb\u03ac\u03ba\u03c9\u03bd \u03c4\u03b7\u03c2 \u03c4\u03c1\u03af\u03c7\u03b1\u03c2, \u03bd\u03b1 \u03b1\u03c5\u03be\u03ae\u03c3\u03b5\u03b9 \u03c4\u03b7\u03bd \u03b1\u03bd\u03b8\u03b5\u03ba\u03c4\u03b9\u03ba\u03cc\u03c4\u03b7\u03c4\u03ac \u03c4\u03bf\u03c5\u03c2 \u03c3\u03b5 \u03b4\u03c5\u03c3\u03bc\u03b5\u03bd\u03b5\u03af\u03c2 \u03c0\u03b5\u03c1\u03b9\u03b2\u03b1\u03bb\u03bb\u03bf\u03bd\u03c4\u03b9\u03ba\u03bf\u03cd\u03c2 \u03c0\u03b1\u03c1\u03ac\u03b3\u03bf\u03bd\u03c4\u03b5\u03c2 \u03ba\u03b1\u03b9 \u03b1\u03c5\u03be\u03b7\u03bc\u03ad\u03bd\u03bf \u03c3\u03c4\u03c1\u03b5\u03c2, \u03bd\u03b1 \u03c0\u03b1\u03c1\u03b1\u03c4\u03b5\u03af\u03bd\u03b5\u03b9 \u03c4\u03b7 \u03c6\u03ac\u03c3\u03b7 \u03b1\u03bd\u03ac\u03c0\u03c4\u03c5\u03be\u03b7\u03c2 \u03c4\u03c9\u03bd \u03bc\u03b1\u03bb\u03bb\u03b9\u03ce\u03bd \u03ba\u03b1\u03b9 \u03bd\u03b1 \u03b1\u03c5\u03be\u03ae\u03c3\u03b5\u03b9 \u03ad\u03c4\u03c3\u03b9 \u03c4\u03b7 \u03c3\u03c5\u03bd\u03bf\u03bb\u03b9\u03ba\u03ae \u03c0\u03c5\u03ba\u03bd\u03cc\u03c4\u03b7\u03c4\u03b1 \u03c4\u03c9\u03bd \u03bc\u03b1\u03bb\u03bb\u03b9\u03ce\u03bd.<\/p>\n<p><strong>\u0391\u03c0\u03bf\u03c4\u03b5\u03bb\u03ad\u03c3\u03bc\u03b1\u03c4\u03b1:<\/strong><\/p>\n<ul>\n<li>\u03bf\u03bc\u03b1\u03bb\u03bf\u03c0\u03bf\u03b9\u03b5\u03af \u03c4\u03b7\u03bd \u03ba\u03c5\u03ba\u03bb\u03bf\u03c6\u03bf\u03c1\u03af\u03b1 \u03c4\u03bf\u03c5 \u03b1\u03af\u03bc\u03b1\u03c4\u03bf\u03c2, \u03c4\u03b7\u03bd \u03b1\u03bd\u03bf\u03c3\u03bf\u03bb\u03bf\u03b3\u03b9\u03ba\u03ae \u03ba\u03b1\u03c4\u03ac\u03c3\u03c4\u03b1\u03c3\u03b7 \u03ba\u03b1\u03b9 \u03c4\u03bf\u03bd \u03bc\u03b5\u03c4\u03b1\u03b2\u03bf\u03bb\u03b9\u03c3\u03bc\u03cc \u03c3\u03c4\u03bf\u03c5\u03c2 \u03b8\u03cd\u03bb\u03b1\u03ba\u03b5\u03c2 \u03c4\u03c9\u03bd \u03c4\u03c1\u03b9\u03c7\u03ce\u03bd, \u03b1\u03c0\u03bf\u03c4\u03c1\u03ad\u03c0\u03bf\u03bd\u03c4\u03b1\u03c2 \u03c4\u03b7\u03bd \u03b1\u03bd\u03ac\u03c0\u03c4\u03c5\u03be\u03b7 \u03b1\u03c4\u03c1\u03bf\u03c6\u03af\u03b1\u03c2,;<\/li>\n<li>\u03bc\u03b5\u03b9\u03ce\u03bd\u03b5\u03b9 \u03c4\u03b7 \u03c3\u03bf\u03b2\u03b1\u03c1\u03cc\u03c4\u03b7\u03c4\u03b1 \u03c4\u03c9\u03bd \u03c6\u03bb\u03b5\u03b3\u03bc\u03bf\u03bd\u03c9\u03b4\u03ce\u03bd \u03b4\u03b9\u03b5\u03c1\u03b3\u03b1\u03c3\u03b9\u03ce\u03bd \u03c3\u03c4\u03bf \u03b4\u03ad\u03c1\u03bc\u03b1 \u03ba\u03b1\u03b9 \u03c4\u03bf\u03c5\u03c2 \u03b8\u03cd\u03bb\u03b1\u03ba\u03b5\u03c2 \u03c4\u03c9\u03bd \u03c4\u03c1\u03b9\u03c7\u03ce\u03bd,;<\/li>\n<li>\u03c3\u03c5\u03bc\u03b2\u03ac\u03bb\u03bb\u03b5\u03b9 \u03c3\u03c4\u03b7\u03bd \u03bf\u03bc\u03b1\u03bb\u03bf\u03c0\u03bf\u03af\u03b7\u03c3\u03b7 \u03c4\u03c9\u03bd \u03bc\u03b5\u03c4\u03b1\u03b2\u03bf\u03bb\u03b9\u03ba\u03ce\u03bd \u03b4\u03b9\u03b5\u03c1\u03b3\u03b1\u03c3\u03b9\u03ce\u03bd \u03c3\u03c4\u03bf \u03b4\u03ad\u03c1\u03bc\u03b1 \u03ba\u03b1\u03b9 \u03c3\u03c4\u03bf \u03c3\u03ce\u03bc\u03b1 \u03c3\u03c5\u03bd\u03bf\u03bb\u03b9\u03ba\u03ac- \u03b1\u03c0\u03bf\u03c4\u03c1\u03ad\u03c0\u03b5\u03b9 \u03c4\u03b7\u03bd \u03b1\u03bd\u03ac\u03c0\u03c4\u03c5\u03be\u03b7 \u03c4\u03b7\u03c2 \u03b3\u03c5\u03c1\u03bf\u03b5\u03b9\u03b4\u03bf\u03cd\u03c2 \u03b1\u03bb\u03c9\u03c0\u03b5\u03ba\u03af\u03b1\u03c2 (\u03ba\u03b1\u03c4\u03ac \u03c4\u03cc\u03c0\u03bf\u03c5\u03c2 \u03c4\u03c1\u03b9\u03c7\u03cc\u03c0\u03c4\u03c9\u03c3\u03b7).<\/li>\n<\/ul>\n<p>\u03a4\u03bf \u03ba\u03c1\u03b5\u03bc\u03b1\u03c3\u03c4\u03cc \u03ba\u03cc\u03c3\u03bc\u03b7\u03bc\u03b1 \u03c5\u03b3\u03b5\u03af\u03b1\u03c2 SIGMA \u03ad\u03c7\u03b5\u03b9 \u03b8\u03b5\u03c4\u03b9\u03ba\u03ae \u03b5\u03c0\u03af\u03b4\u03c1\u03b1\u03c3\u03b7 \u03c3\u03c4\u03b7\u03bd \u03ba\u03b1\u03c4\u03ac\u03c3\u03c4\u03b1\u03c3\u03b7 \u03c4\u03c9\u03bd \u03bb\u03b5\u03b9\u03c4\u03bf\u03c5\u03c1\u03b3\u03b9\u03ce\u03bd \u03c4\u03bf\u03c5 \u03c3\u03ce\u03bc\u03b1\u03c4\u03bf\u03c2, \u03bc\u03c0\u03bf\u03c1\u03b5\u03af \u03bd\u03b1 \u03c7\u03c1\u03b7\u03c3\u03b9\u03bc\u03bf\u03c0\u03bf\u03b9\u03b7\u03b8\u03b5\u03af \u03c9\u03c2 \u03b5\u03c1\u03b3\u03b1\u03bb\u03b5\u03af\u03bf \u03b2\u03b5\u03bb\u03c4\u03b9\u03c3\u03c4\u03bf\u03c0\u03bf\u03af\u03b7\u03c3\u03b7\u03c2 \u03ba\u03b1\u03b9 \u03b4\u03b9\u03cc\u03c1\u03b8\u03c9\u03c3\u03b7\u03c2 \u03c3\u03b5 \u03c3\u03c5\u03bd\u03b4\u03c5\u03b1\u03c3\u03bc\u03cc \u03bc\u03b5 \u03ac\u03bb\u03bb\u03b5\u03c2 \u03b8\u03b5\u03c1\u03b1\u03c0\u03b5\u03af\u03b5\u03c2 \u03b1\u03bb\u03c9\u03c0\u03b5\u03ba\u03af\u03b1\u03c2 (\u03ba\u03b1\u03c4\u03ac \u03c4\u03cc\u03c0\u03bf\u03c5\u03c2 \u03c4\u03c1\u03b9\u03c7\u03cc\u03c0\u03c4\u03c9\u03c3\u03b7).<br \/>\n\u03ba\u03b1\u03b9 \u03ac\u03bb\u03bb\u03b5\u03c2 \u03bc\u03b5\u03b8\u03cc\u03b4\u03bf\u03c5\u03c2 \u03c0\u03c1\u03cc\u03bb\u03b7\u03c8\u03b7\u03c2.<\/p>\n<div class=\"su-spoiler su-spoiler-style-defoult su-spoiler-icon-caret su-spoiler-closed\" data-scroll-offset=\"0\" data-anchor-in-url=\"no\"><div class=\"su-spoiler-title\" tabindex=\"0\" role=\"button\"><span class=\"su-spoiler-icon\"><\/span>\u038c\u03bb\u03b1<\/div><div class=\"su-spoiler-content su-u-clearfix su-u-trim\">\n<p><strong>\u03a4\u03cd\u03c0\u03bf\u03b9 \u03ba\u03b7\u03bb\u03b9\u03b4\u03c9\u03c4\u03ae\u03c2 \u03c4\u03c1\u03b9\u03c7\u03cc\u03c0\u03c4\u03c9\u03c3\u03b7\u03c2:<\/strong><\/p>\n<p>\u039c\u03b5 \u03b2\u03ac\u03c3\u03b7 \u03c4\u03b7\u03bd \u03ad\u03ba\u03c4\u03b1\u03c3\u03b7 \u03c4\u03b7\u03c2 \u03c4\u03c1\u03b9\u03c7\u03cc\u03c0\u03c4\u03c9\u03c3\u03b7\u03c2, \u03b7 \u03ba\u03b1\u03c4\u03ac \u03c4\u03cc\u03c0\u03bf\u03c5\u03c2 \u03c4\u03c1\u03b9\u03c7\u03cc\u03c0\u03c4\u03c9\u03c3\u03b7 \u03c7\u03c9\u03c1\u03af\u03b6\u03b5\u03c4\u03b1\u03b9 \u03c3\u03c4\u03bf\u03c5\u03c2 \u03b1\u03ba\u03cc\u03bb\u03bf\u03c5\u03b8\u03bf\u03c5\u03c2 \u03c4\u03cd\u03c0\u03bf\u03c5\u03c2:<\/p>\n<ul>\n<li>Alopecia areata unilocularis: \u03c4\u03b1 \u03bc\u03b1\u03bb\u03bb\u03b9\u03ac \u03c0\u03ad\u03c6\u03c4\u03bf\u03c5\u03bd \u03bc\u03cc\u03bd\u03bf \u03c3\u03b5 \u03ad\u03bd\u03b1 \u03c3\u03b7\u03bc\u03b5\u03af\u03bf<\/li>\n<li>Alopecia areata multilocularis: \u03c0\u03bf\u03bb\u03bb\u03b1\u03c0\u03bb\u03ad\u03c2 \u03ba\u03b7\u03bb\u03af\u03b4\u03b5\u03c2 \u03bf\u03c5\u03bb\u03ae\u03c2<\/li>\n<li>Alopecia areata subtotalis: \u03c4\u03b1 \u03bc\u03b1\u03bb\u03bb\u03b9\u03ac \u03c0\u03ad\u03c6\u03c4\u03bf\u03c5\u03bd \u03c3\u03c7\u03b5\u03b4\u03cc\u03bd \u03c3\u03b5 \u03cc\u03bb\u03bf \u03c4\u03bf \u03c4\u03c1\u03b9\u03c7\u03c9\u03c4\u03cc \u03c4\u03b7\u03c2 \u03ba\u03b5\u03c6\u03b1\u03bb\u03ae\u03c23<\/li>\n<li>Alopecia areata totalis: \u03cc\u03bb\u03b5\u03c2 \u03bf\u03b9 \u03c4\u03c1\u03af\u03c7\u03b5\u03c2 \u03c0\u03ad\u03c6\u03c4\u03bf\u03c5\u03bd \u03b1\u03c0\u03cc \u03c4\u03bf \u03c4\u03c1\u03b9\u03c7\u03c9\u03c4\u03cc \u03c4\u03b7\u03c2 \u03ba\u03b5\u03c6\u03b1\u03bb\u03ae\u03c2 Alopecia areata universalis: \u03b7 \u03c4\u03c1\u03b9\u03c7\u03cc\u03c0\u03c4\u03c9\u03c3\u03b7 \u03b5\u03c0\u03b7\u03c1\u03b5\u03ac\u03b6\u03b5\u03b9 \u03c4\u03bf \u03c4\u03c1\u03b9\u03c7\u03c9\u03c4\u03cc \u03c4\u03b7\u03c2 \u03ba\u03b5\u03c6\u03b1\u03bb\u03ae\u03c2 \u03ba\u03b1\u03b9 \u03bf\u03bb\u03cc\u03ba\u03bb\u03b7\u03c1\u03bf \u03c4\u03bf \u03c3\u03ce\u03bc\u03b1.<\/li>\n<li>\u03a4\u03cd\u03c0\u03bf\u03c2 \u03bf\u03c6\u03b8\u03b1\u03bb\u03bc\u03af\u03b1\u03c2: \u03bc\u03b9\u03b1 \u03b5\u03b9\u03b4\u03b9\u03ba\u03ae \u03bc\u03bf\u03c1\u03c6\u03ae \u03c4\u03b7\u03c2 \u03b3\u03c5\u03c1\u03bf\u03b5\u03b9\u03b4\u03bf\u03cd\u03c2 \u03b1\u03bb\u03c9\u03c0\u03b5\u03ba\u03af\u03b1\u03c2, \u03c0\u03bf\u03c5 \u03c7\u03b1\u03c1\u03b1\u03ba\u03c4\u03b7\u03c1\u03af\u03b6\u03b5\u03c4\u03b1\u03b9 \u03b1\u03c0\u03cc \u03c4\u03b7\u03bd \u03c0\u03c4\u03ce\u03c3\u03b7 \u03c4\u03c9\u03bd \u03c4\u03c1\u03b9\u03c7\u03ce\u03bd \u03ba\u03c5\u03c1\u03af\u03c9\u03c2 \u03b1\u03c0\u03cc \u03c4\u03b9\u03c2 \u03b5\u03be\u03c9\u03c4\u03b5\u03c1\u03b9\u03ba\u03ad\u03c2 \u03c0\u03b5\u03c1\u03b9\u03bf\u03c7\u03ad\u03c2 \u03c4\u03bf\u03c5 \u03c4\u03c1\u03b9\u03c7\u03c9\u03c4\u03bf\u03cd \u03c4\u03b7\u03c2 \u03ba\u03b5\u03c6\u03b1\u03bb\u03ae\u03c2, \u03c3\u03c5\u03bd\u03ae\u03b8\u03c9\u03c2 \u03b1\u03c0\u03cc \u03c4\u03bf \u03c0\u03af\u03c3\u03c9 \u03bc\u03ad\u03c1\u03bf\u03c2 \u03c4\u03bf\u03c5 \u03ba\u03b5\u03c6\u03b1\u03bb\u03b9\u03bf\u03cd, \u03bc\u03b5\u03c1\u03b9\u03ba\u03ad\u03c2 \u03c6\u03bf\u03c1\u03ad\u03c2 \u03b1\u03c0\u03cc \u03c4\u03bf<br \/>\n\u03b1\u03c0\u03cc \u03c4\u03bf\u03c5\u03c2 \u03ba\u03c1\u03bf\u03c4\u03ac\u03c6\u03bf\u03c5\u03c2 \u03ae \u03c4\u03bf \u03bc\u03ad\u03c4\u03c9\u03c0\u03bf.<\/li>\n<\/ul>\n<p>\u0395\u03ba\u03c4\u03cc\u03c2 \u03b1\u03c0\u03cc \u03c4\u03bf\u03c5\u03c2 \u03c4\u03cd\u03c0\u03bf\u03c5\u03c2 \u03c0\u03bf\u03c5 \u03b1\u03bd\u03b1\u03c6\u03ad\u03c1\u03bf\u03bd\u03c4\u03b1\u03b9 \u03c0\u03b1\u03c1\u03b1\u03c0\u03ac\u03bd\u03c9, \u03c4\u03bf SIGMA Medallion \u03bc\u03c0\u03bf\u03c1\u03b5\u03af \u03bd\u03b1 \u03c7\u03c1\u03b7\u03c3\u03b9\u03bc\u03bf\u03c0\u03bf\u03b9\u03b7\u03b8\u03b5\u03af \u03c3\u03b5 \u03c0\u03b5\u03c1\u03b9\u03c0\u03c4\u03ce\u03c3\u03b5\u03b9\u03c2 \u03c4\u03c1\u03b9\u03c7\u03cc\u03c0\u03c4\u03c9\u03c3\u03b7\u03c2 \u03c0\u03bf\u03c5 \u03c0\u03c1\u03bf\u03ba\u03b1\u03bb\u03bf\u03cd\u03bd\u03c4\u03b1\u03b9 \u03b1\u03c0\u03cc \u03c7\u03b7\u03bc\u03b5\u03b9\u03bf\u03b8\u03b5\u03c1\u03b1\u03c0\u03b5\u03af\u03b1, \u03b1\u03ba\u03c4\u03b9\u03bd\u03bf\u03b8\u03b5\u03c1\u03b1\u03c0\u03b5\u03af\u03b1 \u03ae \u03b5\u03bd\u03b4\u03bf\u03ba\u03c1\u03b9\u03bd\u03b9\u03ba\u03ae \u03b4\u03c5\u03c3\u03bb\u03b5\u03b9\u03c4\u03bf\u03c5\u03c1\u03b3\u03af\u03b1.<\/p>\n<\/div><\/div>","protected":false},"excerpt":{"rendered":"<p>A SIGMA Eg\u00e9szs\u00e9g Med\u00e1l feladata a sz\u0151rt\u00fcsz\u0151k norm\u00e1l fiziol\u00f3giai folyamatainak helyre\u00e1ll\u00edt\u00e1sa, a kedvez\u0151tlen k\u00f6rnyezeti t\u00e9nyez\u0151kkel \u00e9s a megn\u00f6vekedett stresszterhel\u00e9ssel szembeni ellen\u00e1ll\u00f3 k\u00e9pess\u00e9g\u00fck n\u00f6vel\u00e9se, a hajn\u00f6veked\u00e9s szakasz\u00e1nak meghosszabb\u00edt\u00e1sa, ez\u00e1ltal a teljes hajs\u0171r\u0171s\u00e9g n\u00f6vel\u00e9se. Hat\u00e1sok: normaliz\u00e1lja a v\u00e9rkering\u00e9st, az immun\u00e1llapotot \u00e9s az anyagcser\u00e9t a sz\u0151rt\u00fcsz\u0151kben, megel\u0151zve az atr\u00f3fia kialakul\u00e1s\u00e1t; cs\u00f6kkenti a b\u0151r \u00e9s a sz\u0151rt\u00fcsz\u0151k gyullad\u00e1sos folyamatainak [&hellip;]<\/p>\n","protected":false},"featured_media":4740,"comment_status":"open","ping_status":"closed","template":"","meta":[],"product_brand":[],"product_cat":[33,32],"product_tag":[],"class_list":{"0":"post-4741","1":"product","2":"type-product","3":"status-publish","4":"has-post-thumbnail","6":"product_cat-egeszseg-medalok","7":"product_cat-triomed","9":"first","10":"instock","11":"taxable","12":"shipping-taxable","13":"purchasable","14":"product-type-simple"},"_links":{"self":[{"href":"https:\/\/vetomshop.hu\/el\/wp-json\/wp\/v2\/product\/4741","targetHints":{"allow":["GET"]}}],"collection":[{"href":"https:\/\/vetomshop.hu\/el\/wp-json\/wp\/v2\/product"}],"about":[{"href":"https:\/\/vetomshop.hu\/el\/wp-json\/wp\/v2\/types\/product"}],"replies":[{"embeddable":true,"href":"https:\/\/vetomshop.hu\/el\/wp-json\/wp\/v2\/comments?post=4741"}],"wp:featuredmedia":[{"embeddable":true,"href":"https:\/\/vetomshop.hu\/el\/wp-json\/wp\/v2\/media\/4740"}],"wp:attachment":[{"href":"https:\/\/vetomshop.hu\/el\/wp-json\/wp\/v2\/media?parent=4741"}],"wp:term":[{"taxonomy":"product_brand","embeddable":true,"href":"https:\/\/vetomshop.hu\/el\/wp-json\/wp\/v2\/product_brand?post=4741"},{"taxonomy":"product_cat","embeddable":true,"href":"https:\/\/vetomshop.hu\/el\/wp-json\/wp\/v2\/product_cat?post=4741"},{"taxonomy":"product_tag","embeddable":true,"href":"https:\/\/vetomshop.hu\/el\/wp-json\/wp\/v2\/product_tag?post=4741"}],"curies":[{"name":"wp","href":"https:\/\/api.w.org\/{rel}","templated":true}]}}