{"id":4743,"date":"2023-11-11T14:34:00","date_gmt":"2023-11-11T13:34:00","guid":{"rendered":"https:\/\/vetomshop.hu\/termek\/siker-medal\/"},"modified":"2023-11-11T14:34:00","modified_gmt":"2023-11-11T13:34:00","slug":"siker-medal","status":"publish","type":"product","link":"https:\/\/vetomshop.hu\/el\/product\/siker-medal\/","title":{"rendered":"\u039c\u03b5\u03c4\u03ac\u03bb\u03bb\u03b9\u03bf \u03b5\u03c0\u03b9\u03c4\u03c5\u03c7\u03af\u03b1\u03c2"},"content":{"rendered":"<h4>\u039c\u03b5\u03c4\u03ac\u03bb\u03bb\u03b9\u03bf \u03b5\u03c0\u03b9\u03c4\u03c5\u03c7\u03af\u03b1\u03c2 \u03b3\u03b9\u03b1 \u03c0\u03b1\u03b9\u03b4\u03b9\u03ac<\/h4>\n<p><strong>\u03a3\u03ba\u03bf\u03c0\u03cc\u03c2:<\/strong><\/p>\n<p>\u0393\u03bd\u03c9\u03c3\u03c4\u03b9\u03ba\u03ad\u03c2 \u03bb\u03b5\u03b9\u03c4\u03bf\u03c5\u03c1\u03b3\u03af\u03b5\u03c2 (\u03b3\u03bd\u03c9\u03c3\u03c4\u03b9\u03ba\u03ad\u03c2 \u03b4\u03b9\u03b5\u03c1\u03b3\u03b1\u03c3\u03af\u03b5\u03c2) -<\/p>\n<ol>\n<li>\u03c0\u03c1\u03bf\u03c3\u03bf\u03c7\u03ae, \u03c0\u03b1\u03c1\u03b1\u03c4\u03ae\u03c1\u03b7\u03c3\u03b7<\/li>\n<li>\u03b1\u03bd\u03af\u03c7\u03bd\u03b5\u03c5\u03c3\u03b7-\u03b1\u03bd\u03af\u03c7\u03bd\u03b5\u03c5\u03c3\u03b7<\/li>\n<li>\u03bc\u03bd\u03ae\u03bc\u03b7<\/li>\n<li>\u03bb\u03b5\u03b9\u03c4\u03bf\u03c5\u03c1\u03b3\u03af\u03b5\u03c2 \u03c3\u03ba\u03ad\u03c8\u03b7\u03c2<\/li>\n<\/ol>\n<p>- \u03c9\u03c2 \u03c3\u03c5\u03bc\u03c0\u03bb\u03b7\u03c1\u03c9\u03bc\u03b1\u03c4\u03b9\u03ba\u03cc \u03b5\u03c1\u03b3\u03b1\u03bb\u03b5\u03af\u03bf \u03b3\u03b9\u03b1 \u03c4\u03b7\u03bd \u03b5\u03bd\u03b5\u03c1\u03b3\u03bf\u03c0\u03bf\u03af\u03b7\u03c3\u03b7, \u03c4\u03b7\u03bd \u03b1\u03bd\u03c4\u03b9\u03bc\u03b5\u03c4\u03ce\u03c0\u03b9\u03c3\u03b7 \u03c4\u03b7\u03c2 \u03bc\u03b1\u03b8\u03b7\u03c3\u03b9\u03b1\u03ba\u03ae\u03c2 \u03ba\u03cc\u03c0\u03c9\u03c3\u03b7\u03c2 \u03ba\u03b1\u03b9 \u03c4\u03b7 \u03b2\u03b5\u03bb\u03c4\u03af\u03c9\u03c3\u03b7 \u03c4\u03b7\u03c2 \u03c3\u03c5\u03bd\u03b1\u03b9\u03c3\u03b8\u03b7\u03bc\u03b1\u03c4\u03b9\u03ba\u03ae\u03c2 \u03b5\u03c5\u03b5\u03be\u03af\u03b1\u03c2.<\/p>\n<p>\u03a5\u03c0\u03bf\u03c3\u03c4\u03b7\u03c1\u03af\u03b6\u03b5\u03b9 \u03c4\u03b7\u03bd \u03b1\u03c0\u03bf\u03ba\u03b1\u03c4\u03ac\u03c3\u03c4\u03b1\u03c3\u03b7 \u03b1\u03c0\u03cc \u03c4\u03b7 \u03c3\u03b7\u03bc\u03b1\u03bd\u03c4\u03b9\u03ba\u03ae \u03c5\u03c0\u03b5\u03c1\u03c6\u03cc\u03c1\u03c4\u03c9\u03c3\u03b7 \u03c0\u03bb\u03b7\u03c1\u03bf\u03c6\u03bf\u03c1\u03b9\u03ce\u03bd, \u03b1\u03c0\u03bf\u03c4\u03c1\u03ad\u03c0\u03bf\u03bd\u03c4\u03b1\u03c2 \u03c4\u03bf \u03c3\u03cd\u03bd\u03b4\u03c1\u03bf\u03bc\u03bf \u03c7\u03c1\u03cc\u03bd\u03b9\u03b1\u03c2 \u03ba\u03cc\u03c0\u03c9\u03c3\u03b7\u03c2 \u03ba\u03b1\u03b9 \u03b5\u03be\u03ac\u03bd\u03c4\u03bb\u03b7\u03c3\u03b7\u03c2.<\/p>\n<div class=\"su-spoiler su-spoiler-style-defoult su-spoiler-icon-caret su-spoiler-closed\" data-scroll-offset=\"0\" data-anchor-in-url=\"no\"><div class=\"su-spoiler-title\" tabindex=\"0\" role=\"button\"><span class=\"su-spoiler-icon\"><\/span>\u038c\u03bb\u03b1<\/div><div class=\"su-spoiler-content su-u-clearfix su-u-trim\">\n<h4>\u03a3\u03cd\u03bd\u03c4\u03bf\u03bc\u03b7 \u03c0\u03b5\u03c1\u03b9\u03b3\u03c1\u03b1\u03c6\u03ae<\/h4>\n<p>\u039f\u03b9 \u03c0\u03bb\u03b7\u03c1\u03bf\u03c6\u03bf\u03c1\u03af\u03b5\u03c2 \u03c0\u03bf\u03c5 \u03ba\u03b1\u03c4\u03b1\u03b3\u03c1\u03ac\u03c6\u03bf\u03bd\u03c4\u03b1\u03b9 \u03c3\u03c4\u03bf\u03bd \u03b7\u03bb\u03b5\u03ba\u03c4\u03c1\u03bf\u03bd\u03b9\u03ba\u03cc \u03c6\u03bf\u03c1\u03ad\u03b1 \u03c0\u03bb\u03b7\u03c1\u03bf\u03c6\u03bf\u03c1\u03b9\u03ce\u03bd - \u03c4\u03bf \u03bc\u03b5\u03c4\u03ac\u03bb\u03bb\u03b9\u03bf \u03c5\u03b3\u03b5\u03af\u03b1\u03c2 SIKER - \u03b1\u03bd\u03c4\u03b9\u03c3\u03c4\u03bf\u03b9\u03c7\u03bf\u03cd\u03bd \u03c3\u03c4\u03bf \u03c6\u03ac\u03c3\u03bc\u03b1 \u03c4\u03c9\u03bd \u03b7\u03bb\u03b5\u03ba\u03c4\u03c1\u03bf\u03bc\u03b1\u03b3\u03bd\u03b7\u03c4\u03b9\u03ba\u03ce\u03bd \u03b4\u03bf\u03bd\u03ae\u03c3\u03b5\u03c9\u03bd \u03c4\u03c9\u03bd \u03ba\u03c5\u03c4\u03c4\u03ac\u03c1\u03c9\u03bd \u03ba\u03b1\u03b9 \u03c4\u03c9\u03bd \u03b9\u03c3\u03c4\u03ce\u03bd \u03c4\u03bf\u03c5 \u03ba\u03b5\u03bd\u03c4\u03c1\u03b9\u03ba\u03bf\u03cd \u03bd\u03b5\u03c5\u03c1\u03b9\u03ba\u03bf\u03cd \u03c3\u03c5\u03c3\u03c4\u03ae\u03bc\u03b1\u03c4\u03bf\u03c2 \u03ba\u03b1\u03b9 \u03c3\u03c4\u03b9\u03c2 \u03b4\u03bf\u03bd\u03ae\u03c3\u03b5\u03b9\u03c2 (\u03b7\u03bb\u03b5\u03ba\u03c4\u03c1\u03bf\u03bc\u03b1\u03b3\u03bd\u03b7\u03c4\u03b9\u03ba\u03cc \u03c6\u03ac\u03c3\u03bc\u03b1) \u03c4\u03c9\u03bd \u03b1\u03bd\u03c4\u03b9\u03bf\u03bc\u03bf\u03c4\u03bf\u03be\u03b9\u03ba\u03ce\u03bd \u03bf\u03c5\u03c3\u03b9\u03ce\u03bd \u03c0\u03bf\u03c5 \u03b1\u03c5\u03be\u03ac\u03bd\u03bf\u03c5\u03bd \u03c4\u03b7\u03bd \u03c0\u03bd\u03b5\u03c5\u03bc\u03b1\u03c4\u03b9\u03ba\u03ae \u03b9\u03ba\u03b1\u03bd\u03cc\u03c4\u03b7\u03c4\u03b1 \u03b5\u03c1\u03b3\u03b1\u03c3\u03af\u03b1\u03c2, \u03c4\u03b7 \u03c3\u03c4\u03b1\u03b8\u03b5\u03c1\u03cc\u03c4\u03b7\u03c4\u03b1 \u03ba\u03b1\u03c4\u03ac \u03c4\u03bf\u03c5 \u03c3\u03c4\u03c1\u03b5\u03c2 \u03c4\u03c9\u03bd \u03bc\u03b1\u03b8\u03b7\u03c4\u03ce\u03bd \u03ba\u03b1\u03b9 \u03c4\u03c9\u03bd \u03c0\u03bd\u03b5\u03c5\u03bc\u03b1\u03c4\u03b9\u03ba\u03ac \u03b5\u03c1\u03b3\u03b1\u03b6\u03bf\u03bc\u03ad\u03bd\u03c9\u03bd \u03ba\u03b1\u03b9 \u03b4\u03b9\u03b1\u03c4\u03b7\u03c1\u03bf\u03cd\u03bd \u03ad\u03bd\u03b1 \u03b2\u03ad\u03bb\u03c4\u03b9\u03c3\u03c4\u03bf \u03c8\u03c5\u03c7\u03bf\u03c3\u03c5\u03bd\u03b1\u03b9\u03c3\u03b8\u03b7\u03bc\u03b1\u03c4\u03b9\u03ba\u03cc \u03c5\u03c0\u03cc\u03b2\u03b1\u03b8\u03c1\u03bf. \u039f\u03b9 \u03b4\u03c1\u03b1\u03c3\u03c4\u03b7\u03c1\u03b9\u03cc\u03c4\u03b7\u03c4\u03b5\u03c2 \u03c4\u03c9\u03bd \u03c6\u03bf\u03b9\u03c4\u03b7\u03c4\u03ce\u03bd \u03c3\u03c5\u03bd\u03bf\u03b4\u03b5\u03cd\u03bf\u03bd\u03c4\u03b1\u03b9 \u03b1\u03c0\u03cc \u03c5\u03c8\u03b7\u03bb\u03ae \u03ad\u03bd\u03c4\u03b1\u03c3\u03b7 \u03bd\u03bf\u03b7\u03c4\u03b9\u03ba\u03ce\u03bd \u03b4\u03b9\u03b5\u03c1\u03b3\u03b1\u03c3\u03b9\u03ce\u03bd \u03c5\u03c0\u03cc \u03c3\u03c5\u03bd\u03b8\u03ae\u03ba\u03b5\u03c2 \u03c0\u03af\u03b5\u03c3\u03b7\u03c2 \u03c7\u03c1\u03cc\u03bd\u03bf\u03c5 \u03ba\u03b1\u03b9 \u03c5\u03c8\u03b7\u03bb\u03ae\u03c2 \u03c0\u03c5\u03ba\u03bd\u03cc\u03c4\u03b7\u03c4\u03b1\u03c2 \u03c0\u03bb\u03b7\u03c1\u03bf\u03c6\u03bf\u03c1\u03b9\u03ce\u03bd, \u03bf\u03b9 \u03bf\u03c0\u03bf\u03af\u03b5\u03c2 \u03ad\u03c7\u03bf\u03c5\u03bd \u03c4\u03bf\u03bd \u03c7\u03b1\u03c1\u03b1\u03ba\u03c4\u03ae\u03c1\u03b1 \u03c4\u03bf\u03c5 \u03c3\u03c4\u03c1\u03b5\u03c2. \u0397 \u03c3\u03ba\u03ad\u03c8\u03b7 \u03c0\u03b5\u03c1\u03b9\u03bb\u03b1\u03bc\u03b2\u03ac\u03bd\u03b5\u03b9 \u03c4\u03b9\u03c2 \u03b5\u03bd\u03b5\u03c1\u03b3\u03ad\u03c2 \u03c0\u03c4\u03c5\u03c7\u03ad\u03c2 \u03c4\u03b7\u03c2 \u03bd\u03cc\u03b7\u03c3\u03b7\u03c2: \u03c0\u03c1\u03bf\u03c3\u03bf\u03c7\u03ae, \u03b1\u03bd\u03c4\u03af\u03bb\u03b7\u03c8\u03b7, \u03b4\u03b9\u03b1\u03b4\u03b9\u03ba\u03b1\u03c3\u03af\u03b5\u03c2 \u03c3\u03c5\u03c3\u03c7\u03ad\u03c4\u03b9\u03c3\u03b7\u03c2, \u03c3\u03c7\u03b7\u03bc\u03b1\u03c4\u03b9\u03c3\u03bc\u03cc \u03b5\u03bd\u03bd\u03bf\u03b9\u03ce\u03bd \u03ba\u03b1\u03b9 \u03b1\u03be\u03b9\u03bf\u03bb\u03bf\u03b3\u03ae\u03c3\u03b5\u03c9\u03bd, \u03c3\u03c5\u03c3\u03c4\u03b1\u03c4\u03b9\u03ba\u03cc \u03c3\u03c4\u03bf\u03b9\u03c7\u03b5\u03af\u03bf \u03c4\u03b7\u03c2 \u03c1\u03b5\u03b1\u03bb\u03b9\u03c3\u03c4\u03b9\u03ba\u03ae\u03c2 \u03b4\u03c1\u03b1\u03c3\u03c4\u03b7\u03c1\u03b9\u03cc\u03c4\u03b7\u03c4\u03b1\u03c2 \u03c4\u03bf\u03c5 \u03ba\u03bf\u03b9\u03bd\u03c9\u03bd\u03b9\u03ba\u03bf\u03cd \u03c0\u03c1\u03bf\u03c3\u03ce\u03c0\u03bf\u03c5.<\/p>\n<p>\u0397 \u03c3\u03ba\u03ad\u03c8\u03b7 \u03c3\u03c7\u03b5\u03c4\u03af\u03b6\u03b5\u03c4\u03b1\u03b9 \u03bc\u03b5 \u03c4\u03b7 \u03b4\u03c1\u03b1\u03c3\u03c4\u03b7\u03c1\u03b9\u03cc\u03c4\u03b7\u03c4\u03b1 \u03c4\u03bf\u03c5 \u03b5\u03b3\u03ba\u03b5\u03c6\u03ac\u03bb\u03bf\u03c5, \u03b1\u03bb\u03bb\u03ac \u03b7 \u03b9\u03ba\u03b1\u03bd\u03cc\u03c4\u03b7\u03c4\u03b1 \u03b1\u03c6\u03b7\u03c1\u03b7\u03bc\u03ad\u03bd\u03b7\u03c2 \u03c3\u03ba\u03ad\u03c8\u03b7\u03c2 \u03c0\u03c1\u03bf\u03ad\u03c1\u03c7\u03b5\u03c4\u03b1\u03b9 \u03b1\u03c0\u03cc \u03c4\u03b7\u03bd \u03b1\u03c0\u03cc\u03ba\u03c4\u03b7\u03c3\u03b7 \u03c4\u03b7\u03c2 \u03c0\u03c1\u03b1\u03ba\u03c4\u03b9\u03ba\u03ae\u03c2 \u03cd\u03c0\u03b1\u03c1\u03be\u03b7\u03c2, \u03c4\u03c9\u03bd \u03b3\u03bb\u03c9\u03c3\u03c3\u03b9\u03ba\u03ce\u03bd \u03ba\u03b1\u03bd\u03cc\u03bd\u03c9\u03bd, \u03c4\u03b7\u03c2 \u03bb\u03bf\u03b3\u03b9\u03ba\u03ae\u03c2, \u03c4\u03b7\u03c2 \u03ba\u03bf\u03c5\u03bb\u03c4\u03bf\u03cd\u03c1\u03b1\u03c2. \u0397 \u03c3\u03ba\u03ad\u03c8\u03b7 \u03bb\u03b1\u03bc\u03b2\u03ac\u03bd\u03b5\u03b9 \u03c7\u03ce\u03c1\u03b1 \u03c3\u03b5 \u03b4\u03b9\u03ac\u03c6\u03bf\u03c1\u03b5\u03c2 \u03bc\u03bf\u03c1\u03c6\u03ad\u03c2 \u03b4\u03b9\u03b1\u03bd\u03bf\u03b7\u03c4\u03b9\u03ba\u03ae\u03c2 \u03ba\u03b1\u03b9 \u03c0\u03c1\u03b1\u03ba\u03c4\u03b9\u03ba\u03ae\u03c2 \u03b4\u03c1\u03b1\u03c3\u03c4\u03b7\u03c1\u03b9\u03cc\u03c4\u03b7\u03c4\u03b1\u03c2, \u03ba\u03b1\u03c4\u03ac \u03c4\u03b7 \u03b4\u03b9\u03ac\u03c1\u03ba\u03b5\u03b9\u03b1 \u03c4\u03b7\u03c2 \u03bf\u03c0\u03bf\u03af\u03b1\u03c2 \u03bf\u03b9 \u03b3\u03bd\u03c9\u03c3\u03c4\u03b9\u03ba\u03ad\u03c2 \u03b5\u03bc\u03c0\u03b5\u03b9\u03c1\u03af\u03b5\u03c2 \u03c4\u03c9\u03bd \u03b1\u03bd\u03b8\u03c1\u03ce\u03c0\u03c9\u03bd \u03b3\u03b5\u03bd\u03b9\u03ba\u03b5\u03cd\u03bf\u03bd\u03c4\u03b1\u03b9 \u03ba\u03b1\u03b9 \u03c3\u03c5\u03bd\u03b1\u03b8\u03c1\u03bf\u03af\u03b6\u03bf\u03bd\u03c4\u03b1\u03b9. \u0397 \u03c3\u03ba\u03ad\u03c8\u03b7 \u03b8\u03b5\u03c9\u03c1\u03b5\u03af\u03c4\u03b1\u03b9 \u03b7 \u03c0\u03b7\u03b3\u03ae \u03ba\u03b1\u03b9 \u03c4\u03bf \u03b8\u03b5\u03bc\u03b5\u03bb\u03b9\u03ce\u03b4\u03b5\u03c2 \u03bc\u03ad\u03c3\u03bf \u03c4\u03b7\u03c2 \u03c0\u03c1\u03b1\u03b3\u03bc\u03b1\u03c4\u03b9\u03ba\u03ae\u03c2 \u03b1\u03bd\u03b8\u03c1\u03ce\u03c0\u03b9\u03bd\u03b7\u03c2 \u03cd\u03c0\u03b1\u03c1\u03be\u03b7\u03c2.<\/p>\n<\/div><\/div>","protected":false},"excerpt":{"rendered":"<p>Siker Med\u00e1l gyerekeknek Rendeltet\u00e9se: A kognit\u00edv funkci\u00f3k (megismer\u0151 folyamatok) &#8211; figyelem, megfigyel\u0151k\u00e9pess\u00e9g \u00e9rz\u00e9kel\u00e9s-\u00e9szlel\u00e9s eml\u00e9kezet gondolkod\u00e1si funkci\u00f3k &#8211; aktiv\u00e1l\u00e1s\u00e1t seg\u00edt\u0151, a tanul\u00e1st k\u00eds\u00e9r\u0151 f\u00e1radts\u00e1g ellens\u00falyoz\u00e1s\u00e1t \u00e9s az emocion\u00e1lis k\u00f6z\u00e9rzet jav\u00edt\u00e1s\u00e1t szolg\u00e1l\u00f3 kieg\u00e9sz\u00edt\u0151 eszk\u00f6z. T\u00e1mogatja a jelent\u0151s inform\u00e1ci\u00f3s megterhel\u00e9s ut\u00e1ni helyre\u00e1ll\u00edt\u00e1st, a kr\u00f3nikus f\u00e1radts\u00e1g \u00e9s kimer\u00fclts\u00e9g szindr\u00f3ma megel\u0151z\u00e9s\u00e9t.<\/p>","protected":false},"featured_media":4742,"comment_status":"open","ping_status":"closed","template":"","meta":[],"product_brand":[],"product_cat":[33,32],"product_tag":[],"class_list":{"0":"post-4743","1":"product","2":"type-product","3":"status-publish","4":"has-post-thumbnail","6":"product_cat-egeszseg-medalok","7":"product_cat-triomed","9":"first","10":"instock","11":"taxable","12":"shipping-taxable","13":"purchasable","14":"product-type-simple"},"_links":{"self":[{"href":"https:\/\/vetomshop.hu\/el\/wp-json\/wp\/v2\/product\/4743","targetHints":{"allow":["GET"]}}],"collection":[{"href":"https:\/\/vetomshop.hu\/el\/wp-json\/wp\/v2\/product"}],"about":[{"href":"https:\/\/vetomshop.hu\/el\/wp-json\/wp\/v2\/types\/product"}],"replies":[{"embeddable":true,"href":"https:\/\/vetomshop.hu\/el\/wp-json\/wp\/v2\/comments?post=4743"}],"wp:featuredmedia":[{"embeddable":true,"href":"https:\/\/vetomshop.hu\/el\/wp-json\/wp\/v2\/media\/4742"}],"wp:attachment":[{"href":"https:\/\/vetomshop.hu\/el\/wp-json\/wp\/v2\/media?parent=4743"}],"wp:term":[{"taxonomy":"product_brand","embeddable":true,"href":"https:\/\/vetomshop.hu\/el\/wp-json\/wp\/v2\/product_brand?post=4743"},{"taxonomy":"product_cat","embeddable":true,"href":"https:\/\/vetomshop.hu\/el\/wp-json\/wp\/v2\/product_cat?post=4743"},{"taxonomy":"product_tag","embeddable":true,"href":"https:\/\/vetomshop.hu\/el\/wp-json\/wp\/v2\/product_tag?post=4743"}],"curies":[{"name":"wp","href":"https:\/\/api.w.org\/{rel}","templated":true}]}}