{"id":4745,"date":"2023-11-11T14:34:01","date_gmt":"2023-11-11T13:34:01","guid":{"rendered":"https:\/\/vetomshop.hu\/termek\/solo-medal\/"},"modified":"2023-11-11T14:34:01","modified_gmt":"2023-11-11T13:34:01","slug":"solo-medal","status":"publish","type":"product","link":"https:\/\/vetomshop.hu\/el\/product\/solo-medal\/","title":{"rendered":"Solo \u03ba\u03c1\u03b5\u03bc\u03b1\u03c3\u03c4\u03cc \u03ba\u03cc\u03c3\u03bc\u03b7\u03bc\u03b1"},"content":{"rendered":"<h4>\u039c\u03b5\u03c4\u03ac\u03bb\u03bb\u03b9\u03bf \u03c5\u03b3\u03b5\u03af\u03b1\u03c2 SOLO<\/h4>\n<p><strong>\u039a\u03cd\u03c1\u03b9\u03b5\u03c2 \u03bb\u03b5\u03b9\u03c4\u03bf\u03c5\u03c1\u03b3\u03af\u03b5\u03c2:<\/strong><\/p>\n<p>\u03a4\u03bf Solo Medal \u03b5\u03af\u03bd\u03b1\u03b9 \u03ad\u03bd\u03b1 \u03c3\u03c5\u03bc\u03c0\u03bb\u03b7\u03c1\u03c9\u03bc\u03b1\u03c4\u03b9\u03ba\u03cc \u03b5\u03c1\u03b3\u03b1\u03bb\u03b5\u03af\u03bf \u03b3\u03b9\u03b1 \u03c4\u03b7\u03bd \u03c5\u03c0\u03bf\u03c3\u03c4\u03ae\u03c1\u03b9\u03be\u03b7 \u03c4\u03c9\u03bd \u03b1\u03bc\u03c5\u03bd\u03c4\u03b9\u03ba\u03ce\u03bd \u03bc\u03b7\u03c7\u03b1\u03bd\u03b9\u03c3\u03bc\u03ce\u03bd \u03c4\u03bf\u03c5 \u03bf\u03c1\u03b3\u03b1\u03bd\u03b9\u03c3\u03bc\u03bf\u03cd \u03ba\u03b1\u03b9 \u03c4\u03b7\u03bd \u03b5\u03bd\u03b5\u03c1\u03b3\u03bf\u03c0\u03bf\u03af\u03b7\u03c3\u03b7 \u03c4\u03bf\u03c5 \u03b1\u03bd\u03bf\u03c3\u03bf\u03c0\u03bf\u03b9\u03b7\u03c4\u03b9\u03ba\u03bf\u03cd \u03c3\u03c5\u03c3\u03c4\u03ae\u03bc\u03b1\u03c4\u03bf\u03c2.<\/p>\n<p>\u0395\u03af\u03bd\u03b1\u03b9 \u03c0\u03b9\u03bf \u03c7\u03c1\u03ae\u03c3\u03b9\u03bc\u03bf \u03b3\u03b9\u03b1 \u03b9\u03bf\u03b3\u03b5\u03bd\u03b5\u03af\u03c2 \u03ba\u03b1\u03b9 \u03b2\u03b1\u03ba\u03c4\u03b7\u03c1\u03b9\u03b1\u03ba\u03ad\u03c2 \u03bb\u03bf\u03b9\u03bc\u03ce\u03be\u03b5\u03b9\u03c2.<\/p>\n<p><strong>\u0395\u03c0\u03b9\u03c0\u03c4\u03ce\u03c3\u03b5\u03b9\u03c2:<\/strong><\/p>\n<ul>\n<li>\u03b3\u03b9\u03b1 \u03bd\u03b1 \u03c5\u03c0\u03bf\u03c3\u03c4\u03b7\u03c1\u03af\u03be\u03b5\u03b9 \u03c4\u03b7\u03bd \u03b5\u03bd\u03af\u03c3\u03c7\u03c5\u03c3\u03b7 \u03c4\u03bf\u03c5 \u03b1\u03bd\u03bf\u03c3\u03bf\u03c0\u03bf\u03b9\u03b7\u03c4\u03b9\u03ba\u03bf\u03cd \u03c3\u03c5\u03c3\u03c4\u03ae\u03bc\u03b1\u03c4\u03bf\u03c2, \u03b3\u03b9\u03b1 \u03bd\u03b1 \u03c5\u03c0\u03bf\u03c3\u03c4\u03b7\u03c1\u03af\u03be\u03b5\u03b9 \u03bc\u03b9\u03b1 \u03bc\u03b5\u03b9\u03c9\u03bc\u03ad\u03bd\u03b7 \u03b1\u03bd\u03c4\u03af\u03b4\u03c1\u03b1\u03c3\u03b7 \u03c3\u03c4\u03b1 \u03b1\u03bb\u03bb\u03b5\u03c1\u03b3\u03b9\u03bf\u03b3\u03cc\u03bd\u03b1,<\/li>\n<li>\u03c5\u03c0\u03bf\u03c3\u03c4\u03ae\u03c1\u03b9\u03be\u03b7 \u03c4\u03b7\u03c2 \u03b1\u03bd\u03ac\u03c1\u03c1\u03c9\u03c3\u03b7\u03c2 \u03b1\u03c0\u03cc \u03b9\u03bf\u03b3\u03b5\u03bd\u03b5\u03af\u03c2 \u03b1\u03c3\u03b8\u03ad\u03bd\u03b5\u03b9\u03b5\u03c2,<\/li>\n<li>\u03c5\u03c0\u03bf\u03c3\u03c4\u03ae\u03c1\u03b9\u03be\u03b7 \u03c4\u03b7\u03c2 \u03b1\u03c0\u03bf\u03bc\u03ac\u03ba\u03c1\u03c5\u03bd\u03c3\u03b7\u03c2 \u03c4\u03bf\u03be\u03b9\u03ba\u03ce\u03bd \u03bf\u03c5\u03c3\u03b9\u03ce\u03bd,<\/li>\n<li>\u03c5\u03c0\u03bf\u03c3\u03c4\u03b7\u03c1\u03af\u03b6\u03bf\u03c5\u03bd \u03c4\u03b7\u03bd \u03b1\u03bd\u03c4\u03b9\u03b2\u03b1\u03ba\u03c4\u03b7\u03c1\u03b9\u03b1\u03ba\u03ae \u03ba\u03b1\u03b9 \u03b1\u03bd\u03c4\u03b9\u03b9\u03b9\u03ba\u03ae \u03b4\u03c1\u03ac\u03c3\u03b7.<\/li>\n<\/ul>\n<p><strong>\u03a0\u03cc\u03c4\u03b5 \u03bd\u03b1 \u03c4\u03bf \u03c7\u03c1\u03b7\u03c3\u03b9\u03bc\u03bf\u03c0\u03bf\u03b9\u03ae\u03c3\u03b5\u03c4\u03b5;<\/strong><\/p>\n<div class=\"su-spoiler su-spoiler-style-defoult su-spoiler-icon-caret su-spoiler-closed\" data-scroll-offset=\"0\" data-anchor-in-url=\"no\"><div class=\"su-spoiler-title\" tabindex=\"0\" role=\"button\"><span class=\"su-spoiler-icon\"><\/span>\u038c\u03bb\u03b1<\/div><div class=\"su-spoiler-content su-u-clearfix su-u-trim\">\n\u03a4\u03bf Solo Pendant \u03ad\u03c7\u03b5\u03b9 \u03b8\u03b5\u03c4\u03b9\u03ba\u03ae \u03b5\u03c0\u03af\u03b4\u03c1\u03b1\u03c3\u03b7 \u03c3\u03c4\u03b7 \u03bb\u03b5\u03b9\u03c4\u03bf\u03c5\u03c1\u03b3\u03b9\u03ba\u03ae \u03bb\u03b5\u03b9\u03c4\u03bf\u03c5\u03c1\u03b3\u03af\u03b1 \u03c4\u03bf\u03c5 \u03c3\u03ce\u03bc\u03b1\u03c4\u03bf\u03c2 \u03ba\u03b1\u03b9 \u03bc\u03c0\u03bf\u03c1\u03b5\u03af \u03bd\u03b1 \u03c7\u03c1\u03b7\u03c3\u03b9\u03bc\u03bf\u03c0\u03bf\u03b9\u03b7\u03b8\u03b5\u03af \u03c9\u03c2 \u03c0\u03c1\u03cc\u03c3\u03b8\u03b5\u03c4\u03bf \u03b4\u03b9\u03bf\u03c1\u03b8\u03c9\u03c4\u03b9\u03ba\u03cc \u03ba\u03b1\u03b9 \u03b2\u03b5\u03bb\u03c4\u03b9\u03c3\u03c4\u03bf\u03c0\u03bf\u03b9\u03b7\u03c4\u03b9\u03ba\u03cc \u03b5\u03c1\u03b3\u03b1\u03bb\u03b5\u03af\u03bf \u03c3\u03c4\u03b7\u03bd \u03c0\u03c1\u03cc\u03bb\u03b7\u03c8\u03b7 \u03ba\u03b1\u03b9 \u03b8\u03b5\u03c1\u03b1\u03c0\u03b5\u03af\u03b1 \u03c4\u03c9\u03bd \u03b1\u03ba\u03cc\u03bb\u03bf\u03c5\u03b8\u03c9\u03bd \u03b1\u03c3\u03b8\u03b5\u03bd\u03b5\u03b9\u03ce\u03bd:<\/p>\n<ul>\n<li>\u03b3\u03b9\u03b1 \u03c4\u03b9\u03c2 \u03b1\u03bd\u03ce\u03c4\u03b5\u03c1\u03b5\u03c2 \u03b2\u03b1\u03ba\u03c4\u03b7\u03c1\u03b9\u03b1\u03ba\u03ad\u03c2 \u03ba\u03b1\u03b9 \u03b9\u03bf\u03b3\u03b5\u03bd\u03b5\u03af\u03c2 \u03b1\u03bd\u03b1\u03c0\u03bd\u03b5\u03c5\u03c3\u03c4\u03b9\u03ba\u03ad\u03c2 \u03bd\u03cc\u03c3\u03bf\u03c5\u03c2,;<\/li>\n<li>\u03c3\u03b5 \u03c6\u03bb\u03b5\u03b3\u03bc\u03bf\u03bd\u03ce\u03b4\u03b5\u03b9\u03c2 \u03c0\u03b1\u03b8\u03ae\u03c3\u03b5\u03b9\u03c2, \u03c0\u03b5\u03c1\u03b9\u03c0\u03c4\u03ce\u03c3\u03b5\u03b9\u03c2 \u03b2\u03b1\u03ba\u03c4\u03b7\u03c1\u03b9\u03b1\u03ba\u03ae\u03c2-\u03b1\u03bb\u03bb\u03b5\u03c1\u03b3\u03b9\u03ba\u03ae\u03c2 \u03c6\u03cd\u03c3\u03b7\u03c2, \u03c1\u03b9\u03bd\u03af\u03c4\u03b9\u03b4\u03b1, \u03c6\u03b1\u03c1\u03c5\u03b3\u03b3\u03af\u03c4\u03b9\u03b4\u03b1, \u03bb\u03b1\u03c1\u03c5\u03b3\u03b3\u03af\u03c4\u03b9\u03b4\u03b1, \u03b2\u03c1\u03bf\u03b3\u03c7\u03af\u03c4\u03b9\u03b4\u03b1,;<\/li>\n<li>\u03c3\u03c4\u03b1 \u03b1\u03c1\u03c7\u03b9\u03ba\u03ac \u03c3\u03c4\u03ac\u03b4\u03b9\u03b1 \u03c4\u03c9\u03bd \u03b1\u03c5\u03c4\u03bf\u03ac\u03bd\u03bf\u03c3\u03c9\u03bd \u03bd\u03bf\u03c3\u03b7\u03bc\u03ac\u03c4\u03c9\u03bd (\u03b2\u03c1\u03bf\u03b3\u03c7\u03b9\u03ba\u03cc \u03ac\u03c3\u03b8\u03bc\u03b1, \u03b1\u03c3\u03b8\u03bc\u03b1\u03c4\u03b9\u03ba\u03ae \u03b2\u03c1\u03bf\u03b3\u03c7\u03af\u03c4\u03b9\u03b4\u03b1, \u03c1\u03b5\u03c5\u03bc\u03b1\u03c4\u03bf\u03b5\u03b9\u03b4\u03ae\u03c2 \u03b1\u03c1\u03b8\u03c1\u03af\u03c4\u03b9\u03b4\u03b1, \u03c0\u03c5\u03b5\u03bb\u03bf- \u03ba\u03b1\u03b9 \u03b3\u03bb\u03bf\u03c5\u03bc\u03b5\u03c1\u03bf\u03bd\u03b5\u03c6\u03c1\u03af\u03c4\u03b9\u03b4\u03b1 - \u03bd\u03b5\u03c6\u03c1\u03af\u03c4\u03b9\u03b4\u03b1, \u03b1\u03c5\u03c4\u03bf\u03ac\u03bd\u03bf\u03c3\u03b7 \u03b8\u03c5\u03c1\u03b5\u03bf\u03b5\u03b9\u03b4\u03bf\u03c0\u03ac\u03b8\u03b5\u03b9\u03b1, \u03b2\u03b1\u03bb\u03b2\u03b9\u03b4\u03bf\u03c0\u03ac\u03b8\u03b5\u03b9\u03b1 \u03bb\u03cc\u03b3\u03c9 \u03c1\u03b5\u03c5\u03bc\u03b1\u03c4\u03b9\u03c3\u03bc\u03ce\u03bd, \u03b5\u03bd\u03b4\u03bf\u03b8\u03b7\u03bb\u03b9\u03b1\u03ba\u03ae \u03b1\u03b3\u03b3\u03b5\u03b9\u03bf\u03c0\u03ac\u03b8\u03b5\u03b9\u03b1, \u03c3\u03c4\u03c1\u03b5\u03c0\u03c4\u03bf\u03ba\u03bf\u03ba\u03ba\u03b9\u03ba\u03ae \u03ba\u03b1\u03b9 \u03c3\u03c4\u03b1\u03c6\u03c5\u03bb\u03bf\u03ba\u03bf\u03ba\u03ba\u03b9\u03ba\u03ae \u03b4\u03b5\u03c1\u03bc\u03b1\u03c4\u03af\u03c4\u03b9\u03b4\u03b1).<\/li>\n<\/ul>\n<p>\u03a3\u03b7\u03bc\u03b1\u03bd\u03c4\u03b9\u03ba\u03ae \u03c0\u03c1\u03bf\u03b5\u03b9\u03b4\u03bf\u03c0\u03bf\u03af\u03b7\u03c3\u03b7: \u03b5\u03ac\u03bd \u03b5\u03bc\u03c6\u03b1\u03bd\u03af\u03c3\u03b5\u03c4\u03b5 \u03c3\u03c5\u03bc\u03c0\u03c4\u03ce\u03bc\u03b1\u03c4\u03b1 \u03b1\u03c3\u03b8\u03b5\u03bd\u03b5\u03b9\u03ce\u03bd \u03c4\u03bf\u03c5 \u03b1\u03bd\u03ce\u03c4\u03b5\u03c1\u03bf\u03c5 \u03ba\u03b1\u03b9 \u03ba\u03b1\u03c4\u03ce\u03c4\u03b5\u03c1\u03bf\u03c5 \u03b1\u03bd\u03b1\u03c0\u03bd\u03b5\u03c5\u03c3\u03c4\u03b9\u03ba\u03bf\u03cd \u03c3\u03c5\u03c3\u03c4\u03ae\u03bc\u03b1\u03c4\u03bf\u03c2, \u03b6\u03b7\u03c4\u03ae\u03c3\u03c4\u03b5 \u03b9\u03b1\u03c4\u03c1\u03b9\u03ba\u03ae \u03c3\u03c5\u03bc\u03b2\u03bf\u03c5\u03bb\u03ae. \u03a7\u03c1\u03b7\u03c3\u03b9\u03bc\u03bf\u03c0\u03bf\u03b9\u03ae\u03c3\u03c4\u03b5 \u03c4\u03bf Solo Medal \u03c9\u03c2 \u03c3\u03c5\u03bc\u03c0\u03bb\u03b7\u03c1\u03c9\u03bc\u03b1\u03c4\u03b9\u03ba\u03cc \u03b5\u03c1\u03b3\u03b1\u03bb\u03b5\u03af\u03bf \u03c3\u03c4\u03b9\u03c2 \u03b8\u03b5\u03c1\u03b1\u03c0\u03b5\u03c5\u03c4\u03b9\u03ba\u03ad\u03c2 \u03bc\u03b5\u03b8\u03cc\u03b4\u03bf\u03c5\u03c2 \u03c0\u03bf\u03c5 \u03c3\u03c5\u03bd\u03b9\u03c3\u03c4\u03ac \u03bf \u03b3\u03b9\u03b1\u03c4\u03c1\u03cc\u03c2 \u03c3\u03b1\u03c2 \u03b3\u03b9\u03b1 \u03bd\u03b1 \u03c5\u03c0\u03bf\u03c3\u03c4\u03b7\u03c1\u03af\u03be\u03b5\u03c4\u03b5 \u03c4\u03b7\u03bd \u03b1\u03bd\u03ac\u03c1\u03c1\u03c9\u03c3\u03ae \u03c3\u03b1\u03c2.<\/p>\n<\/div><\/div>","protected":false},"excerpt":{"rendered":"<p>SOLO Eg\u00e9szs\u00e9g Med\u00e1l F\u0151 funkci\u00f3i: A Solo Med\u00e1l kieg\u00e9sz\u00edt\u0151 eszk\u00f6z, mely a szervezet v\u00e9dekez\u0151 mechanizmusait \u00e9s az immunrendszer aktiv\u00e1l\u00e1s\u00e1t t\u00e1mogatja. V\u00edrusos \u00e9s bakteri\u00e1lis fert\u0151z\u00e9sek eset\u00e9n ny\u00fajtja a legnagyobb seg\u00edts\u00e9get. Hat\u00e1sa: immunrendszer er\u0151s\u00edt\u00e9s\u00e9nek t\u00e1mogat\u00e1sa, az allerg\u00e9nekre val\u00f3 cs\u00f6kkent reakci\u00f3 el\u00e9r\u00e9s\u00e9nek t\u00e1mogat\u00e1sa, a v\u00edrusos megbeteged\u00e9sek gy\u00f3gyul\u00e1s\u00e1nak t\u00e1mogat\u00e1sa, a toxikus anyagok kivezet\u00e9s\u00e9nek t\u00e1mogat\u00e1sa, antibakteri\u00e1lis \u00e9s v\u00edrus\u00f6l\u0151 hat\u00e1s t\u00e1mogat\u00e1sa. [&hellip;]<\/p>\n","protected":false},"featured_media":4744,"comment_status":"open","ping_status":"closed","template":"","meta":[],"product_brand":[],"product_cat":[33,32],"product_tag":[],"class_list":{"0":"post-4745","1":"product","2":"type-product","3":"status-publish","4":"has-post-thumbnail","6":"product_cat-egeszseg-medalok","7":"product_cat-triomed","9":"first","10":"instock","11":"taxable","12":"shipping-taxable","13":"purchasable","14":"product-type-simple"},"_links":{"self":[{"href":"https:\/\/vetomshop.hu\/el\/wp-json\/wp\/v2\/product\/4745","targetHints":{"allow":["GET"]}}],"collection":[{"href":"https:\/\/vetomshop.hu\/el\/wp-json\/wp\/v2\/product"}],"about":[{"href":"https:\/\/vetomshop.hu\/el\/wp-json\/wp\/v2\/types\/product"}],"replies":[{"embeddable":true,"href":"https:\/\/vetomshop.hu\/el\/wp-json\/wp\/v2\/comments?post=4745"}],"wp:featuredmedia":[{"embeddable":true,"href":"https:\/\/vetomshop.hu\/el\/wp-json\/wp\/v2\/media\/4744"}],"wp:attachment":[{"href":"https:\/\/vetomshop.hu\/el\/wp-json\/wp\/v2\/media?parent=4745"}],"wp:term":[{"taxonomy":"product_brand","embeddable":true,"href":"https:\/\/vetomshop.hu\/el\/wp-json\/wp\/v2\/product_brand?post=4745"},{"taxonomy":"product_cat","embeddable":true,"href":"https:\/\/vetomshop.hu\/el\/wp-json\/wp\/v2\/product_cat?post=4745"},{"taxonomy":"product_tag","embeddable":true,"href":"https:\/\/vetomshop.hu\/el\/wp-json\/wp\/v2\/product_tag?post=4745"}],"curies":[{"name":"wp","href":"https:\/\/api.w.org\/{rel}","templated":true}]}}