{"id":4751,"date":"2023-11-11T14:34:02","date_gmt":"2023-11-11T13:34:02","guid":{"rendered":"https:\/\/vetomshop.hu\/termek\/vita-medal\/"},"modified":"2023-11-11T14:34:02","modified_gmt":"2023-11-11T13:34:02","slug":"vita-medal","status":"publish","type":"product","link":"https:\/\/vetomshop.hu\/el\/product\/vita-medal\/","title":{"rendered":"\u039c\u03b5\u03c4\u03ac\u03bb\u03bb\u03b9\u03bf Debate"},"content":{"rendered":"<h4>\u039c\u03b5\u03c4\u03ac\u03bb\u03bb\u03b9\u03bf Debate<\/h4>\n<p><strong>\u039a\u03cd\u03c1\u03b9\u03b1 \u03bb\u03b5\u03b9\u03c4\u03bf\u03c5\u03c1\u03b3\u03af\u03b1:\u00a0<\/strong>\u0395\u03af\u03bd\u03b1\u03b9 \u03ad\u03bd\u03b1 \u03c3\u03c5\u03bc\u03c0\u03bb\u03b7\u03c1\u03c9\u03bc\u03b1\u03c4\u03b9\u03ba\u03cc \u03b5\u03c1\u03b3\u03b1\u03bb\u03b5\u03af\u03bf \u03b3\u03b9\u03b1 \u03c4\u03b7\u03bd \u03c0\u03c1\u03cc\u03bb\u03b7\u03c8\u03b7 \u03ba\u03b1\u03b9 \u03c4\u03b7 \u03c3\u03c5\u03bc\u03c0\u03bb\u03b7\u03c1\u03c9\u03bc\u03b1\u03c4\u03b9\u03ba\u03ae \u03b8\u03b5\u03c1\u03b1\u03c0\u03b5\u03af\u03b1 \u03c4\u03c9\u03bd \u03b1\u03c3\u03b8\u03b5\u03bd\u03b5\u03b9\u03ce\u03bd \u03c4\u03bf\u03c5 \u03c0\u03b5\u03c0\u03c4\u03b9\u03ba\u03bf\u03cd \u03c3\u03c5\u03c3\u03c4\u03ae\u03bc\u03b1\u03c4\u03bf\u03c2 \u03ba\u03b1\u03b9 \u03b3\u03b9\u03b1 \u03c4\u03b7\u03bd \u03b5\u03bd\u03b5\u03c1\u03b3\u03bf\u03c0\u03bf\u03af\u03b7\u03c3\u03b7 \u03c4\u03c9\u03bd \u03b4\u03b9\u03b1\u03b4\u03b9\u03ba\u03b1\u03c3\u03b9\u03ce\u03bd \u03b1\u03bd\u03b1\u03b3\u03ad\u03bd\u03bd\u03b7\u03c3\u03b7\u03c2 \u03bc\u03b5\u03c4\u03ac \u03b1\u03c0\u03cc \u03b1\u03c3\u03b8\u03ad\u03bd\u03b5\u03b9\u03b5\u03c2.<\/p>\n<p><strong>\u03a3\u03cd\u03bd\u03c4\u03bf\u03bc\u03b7 \u03c0\u03b5\u03c1\u03b9\u03b3\u03c1\u03b1\u03c6\u03ae<\/strong><\/p>\n<p>\u03a4\u03bf \u03c6\u03b1\u03c3\u03bc\u03b1\u03c4\u03b9\u03ba\u03cc \u03bc\u03bf\u03c4\u03af\u03b2\u03bf \u03c0\u03bf\u03c5 \u03ba\u03b1\u03c4\u03b1\u03b3\u03c1\u03ac\u03c6\u03b5\u03c4\u03b1\u03b9 \u03c3\u03c4\u03bf \u03bc\u03b5\u03bd\u03c4\u03b1\u03b3\u03b9\u03cc\u03bd Vita Health \u03b1\u03bd\u03c4\u03b9\u03c3\u03c4\u03bf\u03b9\u03c7\u03b5\u03af \u03c3\u03c4\u03b7 \u03b4\u03cc\u03bd\u03b7\u03c3\u03b7 \u03c4\u03c9\u03bd \u03bf\u03c1\u03b3\u03ac\u03bd\u03c9\u03bd, \u03c4\u03c9\u03bd \u03b9\u03c3\u03c4\u03ce\u03bd \u03ba\u03b1\u03b9 \u03c4\u03c9\u03bd \u03bf\u03c1\u03b3\u03ac\u03bd\u03c9\u03bd \u03c4\u03bf\u03c5 \u03c0\u03b5\u03c0\u03c4\u03b9\u03ba\u03bf\u03cd \u03c3\u03c5\u03c3\u03c4\u03ae\u03bc\u03b1\u03c4\u03bf\u03c2. \u0391\u03bd\u03c4\u03b9\u03c3\u03c4\u03bf\u03b9\u03c7\u03b5\u03af \u03c3\u03c4\u03b7\u03bd<br \/>\n\u03b4\u03bf\u03bd\u03ae\u03c3\u03b5\u03b9\u03c2 \u03b1\u03bd\u03c4\u03b9\u03bf\u03bc\u03bf\u03c4\u03bf\u03be\u03b9\u03ba\u03ce\u03bd \u03c6\u03b1\u03c1\u03bc\u03ac\u03ba\u03c9\u03bd, \u03c4\u03b1 \u03bf\u03c0\u03bf\u03af\u03b1 \u03ad\u03c7\u03bf\u03c5\u03bd \u03b1\u03bd\u03bf\u03c3\u03bf\u03c4\u03c1\u03bf\u03c0\u03bf\u03c0\u03bf\u03b9\u03b7\u03c4\u03b9\u03ba\u03ae, \u03b1\u03bd\u03c4\u03b9\u03c6\u03bb\u03b5\u03b3\u03bc\u03bf\u03bd\u03ce\u03b4\u03b7, \u03b1\u03c0\u03b5\u03c5\u03b1\u03b9\u03c3\u03b8\u03b7\u03c4\u03bf\u03c0\u03bf\u03b9\u03b7\u03c4\u03b9\u03ba\u03ae (\u03b1\u03c0\u03b5\u03c5\u03b1\u03b9\u03c3\u03b8\u03b7\u03c4\u03bf\u03c0\u03bf\u03b9\u03b7\u03c4\u03b9\u03ba\u03ae) \u03b4\u03c1\u03ac\u03c3\u03b7.<\/p>\n<p>\u03a4\u03bf \u03c0\u03b5\u03c0\u03c4\u03b9\u03ba\u03cc \u03c3\u03cd\u03c3\u03c4\u03b7\u03bc\u03b1 \u03b5\u03af\u03bd\u03b1\u03b9 \u03c4\u03bf \u03c3\u03cd\u03bd\u03bf\u03bb\u03bf \u03c4\u03c9\u03bd \u03c6\u03c5\u03c3\u03b9\u03ba\u03ce\u03bd, \u03c7\u03b7\u03bc\u03b9\u03ba\u03ce\u03bd \u03ba\u03b1\u03b9 \u03c6\u03c5\u03c3\u03b9\u03bf\u03bb\u03bf\u03b3\u03b9\u03ba\u03ce\u03bd \u03b4\u03b9\u03b5\u03c1\u03b3\u03b1\u03c3\u03b9\u03ce\u03bd \u03bc\u03b5 \u03c4\u03b9\u03c2 \u03bf\u03c0\u03bf\u03af\u03b5\u03c2 \u03b7 \u03c4\u03c1\u03bf\u03c6\u03ae \u03c0\u03bf\u03c5 \u03ba\u03b1\u03c4\u03b1\u03bd\u03b1\u03bb\u03ce\u03bd\u03b5\u03c4\u03b1\u03b9 \u03bc\u03b5\u03c4\u03b1\u03c4\u03c1\u03ad\u03c0\u03b5\u03c4\u03b1\u03b9 \u03c3\u03b5 \u03b1\u03c0\u03bb\u03bf\u03cd\u03c2 \u03c7\u03b7\u03bc\u03b9\u03ba\u03bf\u03cd\u03c2 \u03b4\u03b5\u03c3\u03bc\u03bf\u03cd\u03c2 \u03ba\u03b1\u03b9 \u03b1\u03c6\u03bf\u03bc\u03bf\u03b9\u03ce\u03bd\u03b5\u03c4\u03b1\u03b9 \u03b1\u03c0\u03cc \u03c4\u03b1 \u03ba\u03cd\u03c4\u03c4\u03b1\u03c1\u03b1.<\/p>\n<div class=\"su-spoiler su-spoiler-style-defoult su-spoiler-icon-caret su-spoiler-closed\" data-scroll-offset=\"0\" data-anchor-in-url=\"no\"><div class=\"su-spoiler-title\" tabindex=\"0\" role=\"button\"><span class=\"su-spoiler-icon\"><\/span>\u038c\u03bb\u03b1<\/div><div class=\"su-spoiler-content su-u-clearfix su-u-trim\">\n\u039f\u03b9 \u03b4\u03b9\u03b5\u03c1\u03b3\u03b1\u03c3\u03af\u03b5\u03c2 \u03b1\u03c5\u03c4\u03ad\u03c2 \u03bb\u03b1\u03bc\u03b2\u03ac\u03bd\u03bf\u03c5\u03bd \u03c7\u03ce\u03c1\u03b1 \u03bc\u03b5 \u03c3\u03c5\u03b3\u03ba\u03b5\u03ba\u03c1\u03b9\u03bc\u03ad\u03bd\u03b7 \u03c3\u03b5\u03b9\u03c1\u03ac \u03b5\u03bd\u03c4\u03cc\u03c2 \u03c4\u03bf\u03c5 \u03c0\u03b5\u03c0\u03c4\u03b9\u03ba\u03bf\u03cd \u03c3\u03c5\u03c3\u03c4\u03ae\u03bc\u03b1\u03c4\u03bf\u03c2 (\u03c3\u03c4\u03bf\u03bc\u03b1\u03c4\u03b9\u03ba\u03ae \u03ba\u03bf\u03b9\u03bb\u03cc\u03c4\u03b7\u03c4\u03b1, \u03bb\u03b1\u03b9\u03bc\u03cc\u03c2, \u03bf\u03b9\u03c3\u03bf\u03c6\u03ac\u03b3\u03bf\u03c2, \u03c3\u03c4\u03bf\u03bc\u03ac\u03c7\u03b9, \u03bb\u03b5\u03c0\u03c4\u03cc \u03ba\u03b1\u03b9 \u03c0\u03b1\u03c7\u03cd \u03ad\u03bd\u03c4\u03b5\u03c1\u03bf, \u03ae\u03c0\u03b1\u03c1, \u03c7\u03bf\u03bb\u03ae \u03ba\u03b1\u03b9 \u03c0\u03ac\u03b3\u03ba\u03c1\u03b5\u03b1\u03c2). \u0397 \u03b4\u03b9\u03b1\u03b4\u03b9\u03ba\u03b1\u03c3\u03af\u03b1 \u03c0\u03c1\u03b1\u03b3\u03bc\u03b1\u03c4\u03bf\u03c0\u03bf\u03b9\u03b5\u03af\u03c4\u03b1\u03b9 \u03b1\u03c0\u03cc \u03c1\u03c5\u03b8\u03bc\u03b9\u03c3\u03c4\u03b9\u03ba\u03bf\u03cd\u03c2 \u03bc\u03b7\u03c7\u03b1\u03bd\u03b9\u03c3\u03bc\u03bf\u03cd\u03c2 \u03c3\u03b5 \u03b4\u03b9\u03ac\u03c6\u03bf\u03c1\u03b1 \u03b5\u03c0\u03af\u03c0\u03b5\u03b4\u03b1. \u0397 \u03b4\u03b9\u03b1\u03b4\u03bf\u03c7\u03b9\u03ba\u03ae \u03b4\u03b9\u03b1\u03b4\u03b9\u03ba\u03b1\u03c3\u03af\u03b1 \u03bc\u03b5 \u03c4\u03b7\u03bd \u03bf\u03c0\u03bf\u03af\u03b1 \u03b7 \u03c4\u03c1\u03bf\u03c6\u03ae \u03b4\u03b9\u03b1\u03c3\u03c0\u03ac\u03c4\u03b1\u03b9 \u03c3\u03c4\u03b1 \u03bc\u03bf\u03bd\u03bf\u03bc\u03b5\u03c1\u03ae \u03c0\u03bf\u03c5 \u03bc\u03c0\u03bf\u03c1\u03bf\u03cd\u03bd \u03bd\u03b1 \u03b1\u03c0\u03bf\u03c1\u03c1\u03bf\u03c6\u03b7\u03b8\u03bf\u03cd\u03bd \u03b5\u03af\u03bd\u03b1\u03b9 \u03b7 \u03bf\u03c5\u03c3\u03af\u03b1 \u03c4\u03b7\u03c2 \u03bb\u03b5\u03b9\u03c4\u03bf\u03c5\u03c1\u03b3\u03af\u03b1\u03c2 \u03c4\u03bf\u03c5 \u03c0\u03b5\u03c0\u03c4\u03b9\u03ba\u03bf\u03cd \u03c3\u03c5\u03c3\u03c4\u03ae\u03bc\u03b1\u03c4\u03bf\u03c2.<br \/>\n<\/div><\/div>","protected":false},"excerpt":{"rendered":"<p>Vita Med\u00e1l F\u0151 funkci\u00f3ja:\u00a0Kieg\u00e9sz\u00edt\u0151 eszk\u00f6z a az em\u00e9szt\u0151rendszeri betegs\u00e9gek megel\u0151z\u00e9s\u00e9re \u00e9s kieg\u00e9sz\u00edt\u0151 kezel\u00e9s\u00e9re, a betegs\u00e9gek ut\u00e1ni regener\u00e1ci\u00f3s folyamatok aktiv\u00e1l\u00e1s\u00e1ra. R\u00f6vid ismertet\u0151 A spektr\u00e1lis minta, mely a Vita Eg\u00e9szs\u00e9g Med\u00e1lon van r\u00f6gz\u00edtve, megfelel az em\u00e9szt\u0151rendszer szervei, sz\u00f6vetei \u00e9s szervei rezg\u00e9s\u00e9nek. Megfelel azoknak az antihomotoxikus k\u00e9sz\u00edtm\u00e9nyek rezg\u00e9s\u00e9nek, melyek immunmodul\u00e1l\u00f3, gyullad\u00e1scs\u00f6kkent\u0151, deszenzibiliz\u00e1l\u00f3 (\u00e9rz\u00e9kenys\u00e9get cs\u00f6kkent\u0151) hat\u00e1ssal b\u00edrnak. Az em\u00e9szt\u0151rendszer [&hellip;]<\/p>\n","protected":false},"featured_media":4750,"comment_status":"open","ping_status":"closed","template":"","meta":[],"product_brand":[],"product_cat":[33,32],"product_tag":[],"class_list":{"0":"post-4751","1":"product","2":"type-product","3":"status-publish","4":"has-post-thumbnail","6":"product_cat-egeszseg-medalok","7":"product_cat-triomed","9":"first","10":"instock","11":"taxable","12":"shipping-taxable","13":"purchasable","14":"product-type-simple"},"_links":{"self":[{"href":"https:\/\/vetomshop.hu\/el\/wp-json\/wp\/v2\/product\/4751","targetHints":{"allow":["GET"]}}],"collection":[{"href":"https:\/\/vetomshop.hu\/el\/wp-json\/wp\/v2\/product"}],"about":[{"href":"https:\/\/vetomshop.hu\/el\/wp-json\/wp\/v2\/types\/product"}],"replies":[{"embeddable":true,"href":"https:\/\/vetomshop.hu\/el\/wp-json\/wp\/v2\/comments?post=4751"}],"wp:featuredmedia":[{"embeddable":true,"href":"https:\/\/vetomshop.hu\/el\/wp-json\/wp\/v2\/media\/4750"}],"wp:attachment":[{"href":"https:\/\/vetomshop.hu\/el\/wp-json\/wp\/v2\/media?parent=4751"}],"wp:term":[{"taxonomy":"product_brand","embeddable":true,"href":"https:\/\/vetomshop.hu\/el\/wp-json\/wp\/v2\/product_brand?post=4751"},{"taxonomy":"product_cat","embeddable":true,"href":"https:\/\/vetomshop.hu\/el\/wp-json\/wp\/v2\/product_cat?post=4751"},{"taxonomy":"product_tag","embeddable":true,"href":"https:\/\/vetomshop.hu\/el\/wp-json\/wp\/v2\/product_tag?post=4751"}],"curies":[{"name":"wp","href":"https:\/\/api.w.org\/{rel}","templated":true}]}}