{"id":4753,"date":"2023-11-11T14:34:02","date_gmt":"2023-11-11T13:34:02","guid":{"rendered":"https:\/\/vetomshop.hu\/termek\/zold-dio-medal\/"},"modified":"2023-11-11T14:34:02","modified_gmt":"2023-11-11T13:34:02","slug":"zold-dio-medal","status":"publish","type":"product","link":"https:\/\/vetomshop.hu\/el\/product\/zold-dio-medal\/","title":{"rendered":"\u03a0\u03c1\u03ac\u03c3\u03b9\u03bd\u03bf \u03bc\u03b5\u03c4\u03ac\u03bb\u03bb\u03b9\u03bf \u03be\u03b7\u03c1\u03bf\u03cd \u03ba\u03b1\u03c1\u03c0\u03bf\u03cd"},"content":{"rendered":"<h4>Nuces Virides - \u03a0\u03c1\u03ac\u03c3\u03b9\u03bd\u03bf \u03bc\u03b5\u03c4\u03ac\u03bb\u03bb\u03b9\u03bf \u03be\u03b7\u03c1\u03ce\u03bd \u03ba\u03b1\u03c1\u03c0\u03ce\u03bd<\/h4>\n<p>\u03a0\u03b1\u03c1\u03b1\u03b4\u03bf\u03c3\u03b9\u03b1\u03ba\u03ad\u03c2 \u03c7\u03c1\u03ae\u03c3\u03b5\u03b9\u03c2 \u03c9\u03c2 \u03c6\u03b1\u03c1\u03bc\u03b1\u03ba\u03b5\u03c5\u03c4\u03b9\u03ba\u03cc \u03b2\u03cc\u03c4\u03b1\u03bd\u03bf: \u03c4\u03bf\u03bd\u03c9\u03c4\u03b9\u03ba\u03cc, \u03b4\u03b9\u03b5\u03b3\u03b5\u03c1\u03c4\u03b9\u03ba\u03cc, \u03c0\u03b5\u03c0\u03c4\u03b9\u03ba\u03cc \u03ba\u03b1\u03b9 \u03b1\u03c0\u03bf\u03c4\u03bf\u03be\u03b9\u03bd\u03c9\u03c4\u03b9\u03ba\u03cc. \u03a3\u03c5\u03bd\u03b9\u03c3\u03c4\u03ac\u03c4\u03b1\u03b9 \u03b5\u03c0\u03bf\u03bc\u03ad\u03bd\u03c9\u03c2 \u03b3\u03b9\u03b1 \u03c4\u03b7 \u03c3\u03c4\u03b7\u03b8\u03ac\u03b3\u03c7\u03b7, \u03c4\u03b9\u03c2 \u03bb\u03b5\u03bc\u03c6\u03b9\u03ba\u03ad\u03c2 \u03c0\u03b1\u03b8\u03ae\u03c3\u03b5\u03b9\u03c2, \u03c4\u03b7 \u03c6\u03c5\u03bc\u03b1\u03c4\u03af\u03c9\u03c3\u03b7 \u03c4\u03c9\u03bd \u03c0\u03bd\u03b5\u03c5\u03bc\u03cc\u03bd\u03c9\u03bd \u03ba\u03b1\u03b9 \u03c4\u03c9\u03bd \u03bf\u03c3\u03c4\u03ce\u03bd. \u0388\u03c7\u03b5\u03b9 \u03b1\u03be\u03b9\u03bf\u03c3\u03b7\u03bc\u03b5\u03af\u03c9\u03c4\u03b7 \u03b5\u03c0\u03af\u03b4\u03c1\u03b1\u03c3\u03b7 \u03c3\u03c4\u03bf \u03c0\u03b5\u03c0\u03c4\u03b9\u03ba\u03cc \u03c3\u03cd\u03c3\u03c4\u03b7\u03bc\u03b1 \u03ba\u03b1\u03b9 \u03c3\u03c4\u03bf\u03c5\u03c2 \u03bc\u03cd\u03b5\u03c2. \u0395\u03af\u03bd\u03b1\u03b9 \u03ba\u03b1\u03b8\u03b1\u03c1\u03b9\u03c3\u03c4\u03b9\u03ba\u03cc \u03c4\u03bf\u03c5 \u03b1\u03af\u03bc\u03b1\u03c4\u03bf\u03c2, \u03b4\u03b9\u03b5\u03b3\u03b5\u03af\u03c1\u03b5\u03b9 \u03c4\u03b7 \u03b4\u03c1\u03b1\u03c3\u03c4\u03b7\u03c1\u03b9\u03cc\u03c4\u03b7\u03c4\u03b1 \u03c4\u03bf\u03c5 \u03ae\u03c0\u03b1\u03c4\u03bf\u03c2 \u03ba\u03b1\u03b9 \u03c4\u03b7\u03bd \u03ba\u03c5\u03ba\u03bb\u03bf\u03c6\u03bf\u03c1\u03af\u03b1 \u03c4\u03bf\u03c5 \u03b1\u03af\u03bc\u03b1\u03c4\u03bf\u03c2. \u0397 \u03b1\u03bd\u03c4\u03b9\u03b2\u03b9\u03bf\u03c4\u03b9\u03ba\u03ae \u03c4\u03bf\u03c5 \u03b4\u03c1\u03ac\u03c3\u03b7 \u03b5\u03af\u03bd\u03b1\u03b9 \u03b3\u03bd\u03c9\u03c3\u03c4\u03ae \u03b1\u03c0\u03cc \u03ba\u03b1\u03b9\u03c1\u03cc \u03c3\u03c4\u03b7 \u03bb\u03b1\u03ca\u03ba\u03ae \u03b9\u03b1\u03c4\u03c1\u03b9\u03ba\u03ae.<\/p>\n<p>\u03a3\u03c4\u03b7\u03bd \u03cd\u03c0\u03b1\u03b9\u03b8\u03c1\u03bf, \u03c4\u03bf \u03c7\u03c1\u03b7\u03c3\u03b9\u03bc\u03bf\u03c0\u03bf\u03b9\u03bf\u03cd\u03c3\u03b1\u03bd \u03b5\u03c0\u03af\u03c3\u03b7\u03c2 \u03b3\u03b9\u03b1 \u03c4\u03b7 \u03b8\u03b5\u03c1\u03b1\u03c0\u03b5\u03af\u03b1 \u03c4\u03bf\u03c5 \u03ac\u03bd\u03b8\u03c1\u03b1\u03ba\u03b1. \u0395\u03af\u03bd\u03b1\u03b9 \u03b1\u03c0\u03bf\u03c4\u03b5\u03bb\u03b5\u03c3\u03bc\u03b1\u03c4\u03b9\u03ba\u03cc \u03b3\u03b9\u03b1 \u03c4\u03bf\u03bd \u03b4\u03b9\u03b1\u03b2\u03ae\u03c4\u03b7, \u03b5\u03c0\u03b5\u03b9\u03b4\u03ae \u03c1\u03c5\u03b8\u03bc\u03af\u03b6\u03b5\u03b9 \u03c4\u03bf\u03bd \u03bc\u03b5\u03c4\u03b1\u03b2\u03bf\u03bb\u03b9\u03c3\u03bc\u03cc, \u03bc\u03b5\u03b9\u03ce\u03bd\u03b5\u03b9 \u03c4\u03bf \u03c3\u03ac\u03ba\u03c7\u03b1\u03c1\u03bf \u03c3\u03c4\u03bf \u03b1\u03af\u03bc\u03b1, \u03b1\u03bd\u03b1\u03ba\u03bf\u03c5\u03c6\u03af\u03b6\u03b5\u03b9 \u03b1\u03c0\u03cc \u03c4\u03b7 \u03b4\u03af\u03c8\u03b1, \u03bc\u03b5\u03b9\u03ce\u03bd\u03b5\u03b9 \u03c4\u03b7\u03bd \u03bf\u03cd\u03c1\u03b7\u03c3\u03b7 \u03ba\u03b1\u03b9 \u03c0\u03c1\u03bf\u03bb\u03b1\u03bc\u03b2\u03ac\u03bd\u03b5\u03b9 \u03c4\u03b9\u03c2 \u03b5\u03c0\u03b9\u03c0\u03bb\u03bf\u03ba\u03ad\u03c2. \u03a4\u03b1 \u03c6\u03cd\u03bb\u03bb\u03b1<br \/>\n\u03ad\u03c7\u03bf\u03c5\u03bd \u03c3\u03c4\u03c5\u03c0\u03c4\u03b9\u03ba\u03ad\u03c2 \u03b9\u03b4\u03b9\u03cc\u03c4\u03b7\u03c4\u03b5\u03c2, \u03b3\u03b9' \u03b1\u03c5\u03c4\u03cc \u03ba\u03b1\u03b9 \u03c7\u03c1\u03b7\u03c3\u03b9\u03bc\u03bf\u03c0\u03bf\u03b9\u03bf\u03cd\u03bd\u03c4\u03b1\u03b9 \u03b3\u03b9\u03b1 \u03ae\u03c0\u03b9\u03b1 \u03b4\u03b9\u03ac\u03c1\u03c1\u03bf\u03b9\u03b1 \u03ba\u03b1\u03b9 \u03b3\u03b1\u03c3\u03c4\u03c1\u03af\u03c4\u03b9\u03b4\u03b1, \u03ba\u03b1\u03b8\u03ce\u03c2 \u03ba\u03b1\u03b9 \u03b3\u03b9\u03b1 \u03c0\u03b5\u03c0\u03c4\u03b9\u03ba\u03ac \u03c0\u03c1\u03bf\u03b2\u03bb\u03ae\u03bc\u03b1\u03c4\u03b1. \u0395\u03af\u03bd\u03b1\u03b9 \u03b5\u03c0\u03af\u03c3\u03b7\u03c2 \u03b1\u03c0\u03bf\u03c4\u03b5\u03bb\u03b5\u03c3\u03bc\u03b1\u03c4\u03b9\u03ba\u03cc \u03c3\u03c4\u03b7 \u03b4\u03b9\u03b1\u03ba\u03bf\u03c0\u03ae \u03c4\u03b7\u03c2 \u03b1\u03b9\u03bc\u03bf\u03c1\u03c1\u03b1\u03b3\u03af\u03b1\u03c2 \u03ba\u03b1\u03b9 \u03c3\u03c4\u03b7 \u03b2\u03b5\u03bb\u03c4\u03af\u03c9\u03c3\u03b7 \u03c4\u03b7\u03c2 \u03ba\u03c5\u03ba\u03bb\u03bf\u03c6\u03bf\u03c1\u03af\u03b1\u03c2 \u03c3\u03c4\u03b1 \u03c0\u03cc\u03b4\u03b9\u03b1.<\/p>\n<div class=\"su-spoiler su-spoiler-style-defoult su-spoiler-icon-caret su-spoiler-closed\" data-scroll-offset=\"0\" data-anchor-in-url=\"no\"><div class=\"su-spoiler-title\" tabindex=\"0\" role=\"button\"><span class=\"su-spoiler-icon\"><\/span>\u038c\u03bb\u03b1<\/div><div class=\"su-spoiler-content su-u-clearfix su-u-trim\">\n\u0395\u03be\u03b1\u03b9\u03c1\u03b5\u03c4\u03b9\u03ba\u03ac \u03b1\u03c0\u03bf\u03c4\u03b5\u03bb\u03ad\u03c3\u03bc\u03b1\u03c4\u03b1 \u03c3\u03c4\u03b7 \u03b8\u03b5\u03c1\u03b1\u03c0\u03b5\u03af\u03b1 \u03b3\u03b1\u03c3\u03c4\u03c1\u03b9\u03ba\u03ce\u03bd \u03ba\u03b1\u03b9 \u03c1\u03b9\u03bd\u03b9\u03ba\u03ce\u03bd \u03c0\u03bf\u03bb\u03c5\u03c0\u03cc\u03b4\u03c9\u03bd \u03b1\u03bd\u03b1\u03c6\u03ad\u03c1\u03bf\u03c5\u03bd \u03cc\u03c3\u03bf\u03b9 \u03c4\u03bf \u03ad\u03c7\u03bf\u03c5\u03bd \u03c7\u03c1\u03b7\u03c3\u03b9\u03bc\u03bf\u03c0\u03bf\u03b9\u03ae\u03c3\u03b5\u03b9.<\/p>\n<p>\u0397 \u03bb\u03b1\u03ca\u03ba\u03ae \u03b9\u03b1\u03c4\u03c1\u03b9\u03ba\u03ae \u03c4\u03bf \u03c7\u03c1\u03b7\u03c3\u03b9\u03bc\u03bf\u03c0\u03bf\u03b9\u03b5\u03af \u03b1\u03c0\u03cc \u03c4\u03b7\u03bd \u03b1\u03c1\u03c7\u03b1\u03b9\u03cc\u03c4\u03b7\u03c4\u03b1 \u03b3\u03b9\u03b1 \u03c4\u03b7\u03bd \u03ba\u03b1\u03c4\u03b1\u03c0\u03bf\u03bb\u03ad\u03bc\u03b7\u03c3\u03b7 \u03ba\u03b1\u03ba\u03bf\u03ae\u03b8\u03c9\u03bd \u03ba\u03b1\u03b9 \u03ba\u03b1\u03bb\u03bf\u03ae\u03b8\u03c9\u03bd \u03cc\u03b3\u03ba\u03c9\u03bd.<br \/>\n<\/div><\/div>","protected":false},"excerpt":{"rendered":"<p>Nuces Virides \u2013 Z\u00f6ld Di\u00f3 Med\u00e1l Gy\u00f3gyn\u00f6v\u00e9nyk\u00e9nt val\u00f3 hagyom\u00e1nyos felhaszn\u00e1l\u00e1sa: toniz\u00e1l\u00f3, stimul\u00e1l\u00f3, em\u00e9szt\u00e9st el\u0151seg\u00edt\u0151 \u00e9s salaktalan\u00edt\u00f3. Ez\u00e9rt aj\u00e1nlj\u00e1k angolk\u00f3rra, nyirokrendszeri betegs\u00e9gekre, t\u00fcd\u0151-\u00e9s csont tbc-re. J\u00f3l megfigyelhet\u0151 hat\u00e1sa van az em\u00e9szt\u0151rendszerre \u00e9s az izomzatra. V\u00e9rtiszt\u00edt\u00f3, serkenti a m\u00e1j tev\u00e9kenys\u00e9g\u00e9t \u00e9s a v\u00e9rkering\u00e9st. Antibiotikus hat\u00e1sa r\u00e9g\u00f3ta ismert a n\u00e9pgy\u00f3gy\u00e1szatban. Vid\u00e9ken a l\u00e9pfen\u00e9t is k\u00far\u00e1lt\u00e1k vele. Cukorbetegs\u00e9gre az\u00e9rt [&hellip;]<\/p>\n","protected":false},"featured_media":4752,"comment_status":"open","ping_status":"closed","template":"","meta":[],"product_brand":[],"product_cat":[33,32],"product_tag":[],"class_list":{"0":"post-4753","1":"product","2":"type-product","3":"status-publish","4":"has-post-thumbnail","6":"product_cat-egeszseg-medalok","7":"product_cat-triomed","9":"first","10":"instock","11":"taxable","12":"shipping-taxable","13":"purchasable","14":"product-type-simple"},"_links":{"self":[{"href":"https:\/\/vetomshop.hu\/el\/wp-json\/wp\/v2\/product\/4753","targetHints":{"allow":["GET"]}}],"collection":[{"href":"https:\/\/vetomshop.hu\/el\/wp-json\/wp\/v2\/product"}],"about":[{"href":"https:\/\/vetomshop.hu\/el\/wp-json\/wp\/v2\/types\/product"}],"replies":[{"embeddable":true,"href":"https:\/\/vetomshop.hu\/el\/wp-json\/wp\/v2\/comments?post=4753"}],"wp:featuredmedia":[{"embeddable":true,"href":"https:\/\/vetomshop.hu\/el\/wp-json\/wp\/v2\/media\/4752"}],"wp:attachment":[{"href":"https:\/\/vetomshop.hu\/el\/wp-json\/wp\/v2\/media?parent=4753"}],"wp:term":[{"taxonomy":"product_brand","embeddable":true,"href":"https:\/\/vetomshop.hu\/el\/wp-json\/wp\/v2\/product_brand?post=4753"},{"taxonomy":"product_cat","embeddable":true,"href":"https:\/\/vetomshop.hu\/el\/wp-json\/wp\/v2\/product_cat?post=4753"},{"taxonomy":"product_tag","embeddable":true,"href":"https:\/\/vetomshop.hu\/el\/wp-json\/wp\/v2\/product_tag?post=4753"}],"curies":[{"name":"wp","href":"https:\/\/api.w.org\/{rel}","templated":true}]}}