{"id":1020,"date":"2020-02-17T14:15:30","date_gmt":"2020-02-17T14:15:30","guid":{"rendered":"https:\/\/vetomshop.hu\/?page_id=1020"},"modified":"2024-09-26T18:57:13","modified_gmt":"2024-09-26T16:57:13","slug":"gyakori-kerdesek","status":"publish","type":"page","link":"https:\/\/vetomshop.hu\/en\/gyakori-kerdesek\/","title":{"rendered":"FAQ"},"content":{"rendered":"<div class=\"wpb-content-wrapper\">\n<div  data-mk-stretch-content=\"true\" class=\"wpb_row vc_row vc_row-fluid jupiter-donut- mk-fullwidth-false  attched-false     js-master-row  mk-grid\">\n\t\t\t\t\n<div class=\"vc_col-sm-12 wpb_column column_container  jupiter-donut- _ jupiter-donut-height-full\">\n\t\n<div data-style=\"accordion-style\" data-initialindex=\"0\" id=\"mk-accordion-2\" class=\"mk-accordion mobile-false fancy-style\">\n\t<div class=\"wpb_accordion_wrapper\">\n\t\t\n<div id=\"\"class=\"mk-accordion-single\">\n\n\t<div class=\"mk-accordion-tab\">\n\t\t<i><svg  class=\"mk-svg-icon\" data-name=\"mk-icon-medkit\" data-cacheid=\"icon-69f76cdd4d3cd\" xmlns=\"http:\/\/www.w3.org\/2000\/svg\" viewbox=\"0 0 1792 1792\"><path d=\"M1280 1120v-192q0-14-9-23t-23-9h-224v-224q0-14-9-23t-23-9h-192q-14 0-23 9t-9 23v224h-224q-14 0-23 9t-9 23v192q0 14 9 23t23 9h224v224q0 14 9 23t23 9h192q14 0 23-9t9-23v-224h224q14 0 23-9t9-23zm-640-736h512v-128h-512v128zm-384 0v1280h-32q-92 0-158-66t-66-158v-832q0-92 66-158t158-66h32zm1184 0v1280h-1088v-1280h160v-160q0-40 28-68t68-28h576q40 0 68 28t28 68v160h160zm352 224v832q0 92-66 158t-158 66h-32v-1280h32q92 0 158 66t66 158z\"\/><\/svg><\/i>\t\t<span>What is Vetom?<\/span>\n\t\t<svg  class=\"mk-svg-icon\" data-name=\"mk-icon-chevron-right\" data-cacheid=\"icon-69f76cdd4d563\" style=\" height:13px; width: 9.2857142857143px; \"  xmlns=\"http:\/\/www.w3.org\/2000\/svg\" viewbox=\"0 0 1280 1792\"><path d=\"M1107 877l-742 742q-19 19-45 19t-45-19l-166-166q-19-19-19-45t19-45l531-531-531-531q-19-19-19-45t19-45l166-166q19-19 45-19t45 19l742 742q19 19 19 45t-19 45z\"\/><\/svg>\t<\/div>\n\n\t<div class=\"mk-accordion-pane\">\n\t\t\t<div class=\"vc_custom_1716651722549\">\n\n<div id=\"text-block-3\" class=\"mk-text-block  jupiter-donut-\">\n\n\t\n\t<p><span style=\"color: #a58904;\"><strong>The Vetom<\/strong><\/span>\u00a0\u2014 a very powerful probiotic that restores and maintains the structure of the intestinal mucosa and the microflora of the stomach.<\/p>\n<p><img loading=\"lazy\" decoding=\"async\" class=\"size-full wp-image-623 aligncenter\" src=\"https:\/\/vetomshop.hu\/wp-content\/uploads\/2024\/05\/vetom-laboratorium.jpg\" alt=\"\" width=\"1464\" height=\"560\" \/><\/p>\n<p><strong><span style=\"color: #a58904;\">How does Vetom fight viral and bacterial infections?<\/span><\/strong><\/p>\n<p>The active ingredient in Vetom is the Bacillus subtilis VKPM B 10641 strain. Bacteria belonging to this species specifically suppress the growth and development of microflora outside the gastrointestinal tract through direct antagonism against infectious agents and indirectly by optimizing the body's immune system through the production of human leukocyte interferon \u03b1-2.<\/p>\n<p>Interferon \u2014 a protein molecule that provides antiviral immunity!<\/p>\n<p>The main mechanism of action of interferon is the suppression of development and division. At physiological doses, this effect regulates the reproduction of viruses.<\/p>\n<p>A healthy body responds to viral invasion by producing interferons, which prevent the infection from developing further.<\/p>\n<p><img loading=\"lazy\" decoding=\"async\" class=\"size-full wp-image-5647 aligncenter\" src=\"https:\/\/vetomshop.hu\/wp-content\/uploads\/2024\/05\/laborator.jpg\" alt=\"\" width=\"1000\" height=\"534\" srcset=\"https:\/\/vetomshop.hu\/wp-content\/uploads\/2024\/05\/laborator.jpg 1000w, https:\/\/vetomshop.hu\/wp-content\/uploads\/2024\/05\/laborator-300x160.jpg 300w, https:\/\/vetomshop.hu\/wp-content\/uploads\/2024\/05\/laborator-768x410.jpg 768w, https:\/\/vetomshop.hu\/wp-content\/uploads\/2024\/05\/laborator-600x320.jpg 600w\" sizes=\"auto, (max-width: 1000px) 100vw, 1000px\" \/>Since Vetom stimulates interferon production, it is also used to combat viruses and infections, including coronavirus:<\/p>\n<ul>\n<li>SARS (rhino-, coronavirus infection, influenza and parainfluenza viruses);<\/li>\n<li>infectious diseases \u2013 various forms of herpetic lesions (viral keratoconjunctivitis and keratitis, keratouveitis, genital herpes, shingles);<\/li>\n<li>acute and chronic viral hepatitis (A, B, C, D (delta)).<\/li>\n<\/ul>\n\n\t<div class=\"clearboth\"><\/div>\n<\/div>\n\n\t<\/div>\n\n\t\t<div class=\"clearboth\"><\/div>\n\t<\/div>\n\n<\/div>\n\n<div id=\"\"class=\"mk-accordion-single\">\n\n\t<div class=\"mk-accordion-tab\">\n\t\t<i><svg  class=\"mk-svg-icon\" data-name=\"mk-icon-medkit\" data-cacheid=\"icon-69f76cdd4dba1\" xmlns=\"http:\/\/www.w3.org\/2000\/svg\" viewbox=\"0 0 1792 1792\"><path d=\"M1280 1120v-192q0-14-9-23t-23-9h-224v-224q0-14-9-23t-23-9h-192q-14 0-23 9t-9 23v224h-224q-14 0-23 9t-9 23v192q0 14 9 23t23 9h224v224q0 14 9 23t23 9h192q14 0 23-9t9-23v-224h224q14 0 23-9t9-23zm-640-736h512v-128h-512v128zm-384 0v1280h-32q-92 0-158-66t-66-158v-832q0-92 66-158t158-66h32zm1184 0v1280h-1088v-1280h160v-160q0-40 28-68t68-28h576q40 0 68 28t28 68v160h160zm352 224v832q0 92-66 158t-158 66h-32v-1280h32q92 0 158 66t66 158z\"\/><\/svg><\/i>\t\t<span>Is Vetom suitable for children?<\/span>\n\t\t<svg  class=\"mk-svg-icon\" data-name=\"mk-icon-chevron-right\" data-cacheid=\"icon-69f76cdd4dc51\" style=\" height:13px; width: 9.2857142857143px; \"  xmlns=\"http:\/\/www.w3.org\/2000\/svg\" viewbox=\"0 0 1280 1792\"><path d=\"M1107 877l-742 742q-19 19-45 19t-45-19l-166-166q-19-19-19-45t19-45l531-531-531-531q-19-19-19-45t19-45l166-166q19-19 45-19t45 19l742 742q19 19 19 45t-19 45z\"\/><\/svg>\t<\/div>\n\n\t<div class=\"mk-accordion-pane\">\n\t\t\t<div class=\"vc_custom_1675849573805\">\n\n<div id=\"text-block-4\" class=\"mk-text-block  jupiter-donut-\">\n\n\t\n\t<p><img loading=\"lazy\" decoding=\"async\" class=\"size-full wp-image-612 aligncenter\" src=\"\/\/vetom-egeszsegshop.hu\/wp-content\/uploads\/2023\/02\/probio-dity.jpg\" alt=\"\" width=\"1105\" height=\"600\" \/><\/p>\n<p>Probiotics have no age restrictions, so both adults and children can take them.<\/p>\n<p>You can use the liquid form of probiotics: 1\u20132 drops diluted in a little water, 2\u20133 times a day. A 10\u201314-day course of treatment is recommended.<\/p>\n<p>Or it is administered in powder form, 1 g of powder per 10 kg of the child's weight, 2-3 times a day. The powder can be diluted in a small amount of liquid.<\/p>\n<p>A beneficial treatment lasting 10\u201314 days.<\/p>\n\n\t<div class=\"clearboth\"><\/div>\n<\/div>\n\n\t<\/div>\n\n\t\t<div class=\"clearboth\"><\/div>\n\t<\/div>\n\n<\/div>\n\n<div id=\"\"class=\"mk-accordion-single\">\n\n\t<div class=\"mk-accordion-tab\">\n\t\t<i><svg  class=\"mk-svg-icon\" data-name=\"mk-icon-medkit\" data-cacheid=\"icon-69f76cdd4e080\" xmlns=\"http:\/\/www.w3.org\/2000\/svg\" viewbox=\"0 0 1792 1792\"><path d=\"M1280 1120v-192q0-14-9-23t-23-9h-224v-224q0-14-9-23t-23-9h-192q-14 0-23 9t-9 23v224h-224q-14 0-23 9t-9 23v192q0 14 9 23t23 9h224v224q0 14 9 23t23 9h192q14 0 23-9t9-23v-224h224q14 0 23-9t9-23zm-640-736h512v-128h-512v128zm-384 0v1280h-32q-92 0-158-66t-66-158v-832q0-92 66-158t158-66h32zm1184 0v1280h-1088v-1280h160v-160q0-40 28-68t68-28h576q40 0 68 28t28 68v160h160zm352 224v832q0 92-66 158t-158 66h-32v-1280h32q92 0 158 66t66 158z\"\/><\/svg><\/i>\t\t<span>How should Vetom products be taken?<\/span>\n\t\t<svg  class=\"mk-svg-icon\" data-name=\"mk-icon-chevron-right\" data-cacheid=\"icon-69f76cdd4e145\" style=\" height:13px; width: 9.2857142857143px; \"  xmlns=\"http:\/\/www.w3.org\/2000\/svg\" viewbox=\"0 0 1280 1792\"><path d=\"M1107 877l-742 742q-19 19-45 19t-45-19l-166-166q-19-19-19-45t19-45l531-531-531-531q-19-19-19-45t19-45l166-166q19-19 45-19t45 19l742 742q19 19 19 45t-19 45z\"\/><\/svg>\t<\/div>\n\n\t<div class=\"mk-accordion-pane\">\n\t\t\t<div class=\"vc_custom_1716651401497\">\n\n<div id=\"text-block-5\" class=\"mk-text-block  jupiter-donut-\">\n\n\t\n\t<p>Maximum effect is achieved when Vetomot is taken one hour before meals with a small amount of clean water. During the course of treatment, it is recommended to avoid alcohol and spicy foods. When choosing the dosage and frequency of administration, it should be borne in mind that the therapeutic effect does not depend directly on the amount of the preparation taken at one time, but on the frequency of use, as in a course of treatment \u2013 the more often it is taken, the stronger the effect.<\/p>\n<p><img decoding=\"async\" class=\"alignnone size-full wp-image-5645\" src=\"https:\/\/vetomshop.hu\/wp-content\/uploads\/2024\/05\/gettyimages.jpg\" alt=\"\" width=\"100%\" srcset=\"https:\/\/vetomshop.hu\/wp-content\/uploads\/2024\/05\/gettyimages.jpg 1920w, https:\/\/vetomshop.hu\/wp-content\/uploads\/2024\/05\/gettyimages-300x171.jpg 300w, https:\/\/vetomshop.hu\/wp-content\/uploads\/2024\/05\/gettyimages-1024x585.jpg 1024w, https:\/\/vetomshop.hu\/wp-content\/uploads\/2024\/05\/gettyimages-768x438.jpg 768w, https:\/\/vetomshop.hu\/wp-content\/uploads\/2024\/05\/gettyimages-1536x877.jpg 1536w, https:\/\/vetomshop.hu\/wp-content\/uploads\/2024\/05\/gettyimages-1320x754.jpg 1320w, https:\/\/vetomshop.hu\/wp-content\/uploads\/2024\/05\/gettyimages-600x343.jpg 600w\" sizes=\"(max-width: 1920px) 100vw, 1920px\" \/><\/p>\n<p>One dose contains at least 5 million microorganisms, e.g. a minimum of 5 g powder (approximately 1 teaspoon), 1 sachet, or 1 capsule. If you are taking Vetomot in liquid form, 1 dose = 1 drop.<\/p>\n<p><span style=\"color: #a58904;\"><strong>Overdose has no negative effects.<\/strong><\/span><\/p>\n<p>Preventive dosing for healthy people to prevent possible diseases<em>:\u00a0<\/em><\/p>\n<ul>\n<li>Take Vetom <span style=\"color: #ff0000;\">1.1<\/span>or Vetom <span style=\"color: #ff0000;\">1.23<\/span>(choose the form of the preparation yourself \u2013 the presence of the active ingredient is important \u2013 Bacillus subtilis VKPM B-10641 (DSM 24613) strain) for 10-14 days, taking 7-10 doses per day at approximately equal intervals. For example, take it for 2 weeks, then take a 3-week break and repeat the treatment.<\/li>\n<li>Repeat the treatment at least twice a year, preferably during the period before the likelihood of catching a cold is higher.<\/li>\n<li>It is recommended to take Vetom <span style=\"color: #ff0000;\">1.1<\/span> capsules \u2013 in drop form Vetom <span style=\"color: #ff0000;\">1.23<\/span> between courses of treatment, take <span style=\"color: #ff0000;\">3<\/span>and <span style=\"color: #ff0000;\">4<\/span>(or Vetom <span style=\"color: #ff0000;\">2<\/span>) in 2-3 doses daily for 10-14 days.<\/li>\n<li>Instead of Vetom powder or capsules, you can also take liquid probiotics, which are suitable for everyone: Vetom <span style=\"color: #ff0000;\">1.23<\/span> Vetom <span style=\"color: #ff0000;\">3.22<\/span>, Vetom <span style=\"color: #ff0000;\">4.24<\/span> or Vetom <span style=\"color: #ff0000;\">2.25<\/span>, Vetom <span style=\"color: #ff0000;\">2.26<\/span>.<\/li>\n<\/ul>\n<p>If you really have good immunity, then 1-2 courses of 10-14 days of Vetom <span style=\"color: #ff0000;\">1.1<\/span> You will not notice any special effects after the treatment.<\/p>\n<p><strong><span style=\"color: #a58904;\">Therapeutic use:<\/span><\/strong><\/p>\n<ul>\n<li>Take a Vetom <span style=\"color: #ff0000;\">1.1<\/span> capsule or Vetom <span style=\"color: #ff0000;\">1.23<\/span> 10 drops daily (10 capsules \u2013 10 drops) for 10-14 days. Then take a break for at least 14 days.<\/li>\n<li>The treatment should be repeated after 1 to 2 months at most.<\/li>\n<li>Consider the Vetom <span style=\"color: #ff0000;\">1.1<\/span> Veto <span style=\"color: #ff0000;\">1.23<\/span> ) treatments, try to consume Vetom <span style=\"color: #ff0000;\">3<\/span>and <span style=\"color: #ff0000;\">4<\/span>(or Vetom <span style=\"color: #ff0000;\">2<\/span>) for 10-14 days.<\/li>\n<li>To improve well-being, the interval between Vetom <span style=\"color: #ff0000;\">1.1<\/span> courses should be increased to 2\u20133 times per year. Accordingly, the frequency of Vetom <span style=\"color: #ff0000;\">2<\/span> - 3 - 4 consumption can also be gradually reduced over time from 10 to 2-3 doses.<\/li>\n<\/ul>\n\n\t<div class=\"clearboth\"><\/div>\n<\/div>\n\n\t<\/div>\n\n\t\t<div class=\"clearboth\"><\/div>\n\t<\/div>\n\n<\/div>\n\n<div id=\"\"class=\"mk-accordion-single\">\n\n\t<div class=\"mk-accordion-tab\">\n\t\t<i><svg  class=\"mk-svg-icon\" data-name=\"mk-icon-medkit\" data-cacheid=\"icon-69f76cdd4e5ee\" xmlns=\"http:\/\/www.w3.org\/2000\/svg\" viewbox=\"0 0 1792 1792\"><path d=\"M1280 1120v-192q0-14-9-23t-23-9h-224v-224q0-14-9-23t-23-9h-192q-14 0-23 9t-9 23v224h-224q-14 0-23 9t-9 23v192q0 14 9 23t23 9h224v224q0 14 9 23t23 9h192q14 0 23-9t9-23v-224h224q14 0 23-9t9-23zm-640-736h512v-128h-512v128zm-384 0v1280h-32q-92 0-158-66t-66-158v-832q0-92 66-158t158-66h32zm1184 0v1280h-1088v-1280h160v-160q0-40 28-68t68-28h576q40 0 68 28t28 68v160h160zm352 224v832q0 92-66 158t-158 66h-32v-1280h32q92 0 158 66t66 158z\"\/><\/svg><\/i>\t\t<span>Which Vetom is the best?<\/span>\n\t\t<svg  class=\"mk-svg-icon\" data-name=\"mk-icon-chevron-right\" data-cacheid=\"icon-69f76cdd4e6a7\" style=\" height:13px; width: 9.2857142857143px; \"  xmlns=\"http:\/\/www.w3.org\/2000\/svg\" viewbox=\"0 0 1280 1792\"><path d=\"M1107 877l-742 742q-19 19-45 19t-45-19l-166-166q-19-19-19-45t19-45l531-531-531-531q-19-19-19-45t19-45l166-166q19-19 45-19t45 19l742 742q19 19 19 45t-19 45z\"\/><\/svg>\t<\/div>\n\n\t<div class=\"mk-accordion-pane\">\n\t\t\t<div class=\"vc_custom_1727369822448\">\n\n<div id=\"text-block-6\" class=\"mk-text-block  jupiter-donut-\">\n\n\t\n\t<p><img decoding=\"async\" class=\"wp-image-621 aligncenter\" src=\"https:\/\/vetomshop.hu\/wp-content\/uploads\/2024\/05\/nutrigenomics.jpg\" alt=\"\" width=\"100%\" \/><\/p>\n<p>It is impossible to determine which of these probiotics is better. They are used for almost the same diseases, but each Vetom has a different effect.  They complement each other.<\/p>\n<p>All this depends on the individual characteristics and condition of the organism. The best solution would be to use the full course of treatment with all Vetom products.<\/p>\n<p>The 4 different capsules actually form one large whole.<\/p>\n\n\t<div class=\"clearboth\"><\/div>\n<\/div>\n\n\t<\/div>\n\n\t\t<div class=\"clearboth\"><\/div>\n\t<\/div>\n\n<\/div>\n\n<div id=\"\"class=\"mk-accordion-single\">\n\n\t<div class=\"mk-accordion-tab\">\n\t\t<i><svg  class=\"mk-svg-icon\" data-name=\"mk-icon-medkit\" data-cacheid=\"icon-69f76cdd4ea17\" xmlns=\"http:\/\/www.w3.org\/2000\/svg\" viewbox=\"0 0 1792 1792\"><path d=\"M1280 1120v-192q0-14-9-23t-23-9h-224v-224q0-14-9-23t-23-9h-192q-14 0-23 9t-9 23v224h-224q-14 0-23 9t-9 23v192q0 14 9 23t23 9h224v224q0 14 9 23t23 9h192q14 0 23-9t9-23v-224h224q14 0 23-9t9-23zm-640-736h512v-128h-512v128zm-384 0v1280h-32q-92 0-158-66t-66-158v-832q0-92 66-158t158-66h32zm1184 0v1280h-1088v-1280h160v-160q0-40 28-68t68-28h576q40 0 68 28t28 68v160h160zm352 224v832q0 92-66 158t-158 66h-32v-1280h32q92 0 158 66t66 158z\"\/><\/svg><\/i>\t\t<span>What packaging is Vetom available in?<\/span>\n\t\t<svg  class=\"mk-svg-icon\" data-name=\"mk-icon-chevron-right\" data-cacheid=\"icon-69f76cdd4eaf2\" style=\" height:13px; width: 9.2857142857143px; \"  xmlns=\"http:\/\/www.w3.org\/2000\/svg\" viewbox=\"0 0 1280 1792\"><path d=\"M1107 877l-742 742q-19 19-45 19t-45-19l-166-166q-19-19-19-45t19-45l531-531-531-531q-19-19-19-45t19-45l166-166q19-19 45-19t45 19l742 742q19 19 19 45t-19 45z\"\/><\/svg>\t<\/div>\n\n\t<div class=\"mk-accordion-pane\">\n\t\t\t<div class=\"vc_custom_1716650901197\">\n\n<div id=\"text-block-7\" class=\"mk-text-block  jupiter-donut-\">\n\n\t\n\t<p><strong>What packaging does Vetom come in?<\/strong><\/p>\n<p>Vetom is available in three dosage forms:<\/p>\n<ul>\n<li>Powder in 5 500g packages<\/li>\n<li>Capsules in packs of 50<\/li>\n<li>Liquid in 10 ml packaging<\/li>\n<\/ul>\n<p><img loading=\"lazy\" decoding=\"async\" class=\"wp-image-625 aligncenter\" src=\"https:\/\/vetomshop.hu\/wp-content\/uploads\/2024\/05\/biotech-deepdive.webp\" alt=\"\" width=\"869\" height=\"365\" \/><\/p>\n\n\t<div class=\"clearboth\"><\/div>\n<\/div>\n\n\t<\/div>\n\n\t\t<div class=\"clearboth\"><\/div>\n\t<\/div>\n\n<\/div>\n\n<div id=\"\"class=\"mk-accordion-single\">\n\n\t<div class=\"mk-accordion-tab\">\n\t\t<i><svg  class=\"mk-svg-icon\" data-name=\"mk-icon-medkit\" data-cacheid=\"icon-69f76cdd4ef26\" xmlns=\"http:\/\/www.w3.org\/2000\/svg\" viewbox=\"0 0 1792 1792\"><path d=\"M1280 1120v-192q0-14-9-23t-23-9h-224v-224q0-14-9-23t-23-9h-192q-14 0-23 9t-9 23v224h-224q-14 0-23 9t-9 23v192q0 14 9 23t23 9h224v224q0 14 9 23t23 9h192q14 0 23-9t9-23v-224h224q14 0 23-9t9-23zm-640-736h512v-128h-512v128zm-384 0v1280h-32q-92 0-158-66t-66-158v-832q0-92 66-158t158-66h32zm1184 0v1280h-1088v-1280h160v-160q0-40 28-68t68-28h576q40 0 68 28t28 68v160h160zm352 224v832q0 92-66 158t-158 66h-32v-1280h32q92 0 158 66t66 158z\"\/><\/svg><\/i>\t\t<span>How are VETOM probiotics different?<\/span>\n\t\t<svg  class=\"mk-svg-icon\" data-name=\"mk-icon-chevron-right\" data-cacheid=\"icon-69f76cdd4eff4\" style=\" height:13px; width: 9.2857142857143px; \"  xmlns=\"http:\/\/www.w3.org\/2000\/svg\" viewbox=\"0 0 1280 1792\"><path d=\"M1107 877l-742 742q-19 19-45 19t-45-19l-166-166q-19-19-19-45t19-45l531-531-531-531q-19-19-19-45t19-45l166-166q19-19 45-19t45 19l742 742q19 19 19 45t-19 45z\"\/><\/svg>\t<\/div>\n\n\t<div class=\"mk-accordion-pane\">\n\t\t\t<div class=\"vc_custom_1722780911439\">\n\n<div id=\"text-block-8\" class=\"mk-text-block  jupiter-donut-\">\n\n\t\n\t<h3><span style=\"color: #a58904;\">Vetom probiotics may differ in terms of their bacterial components and packaging.<\/span><\/h3>\n<p><span style=\"color: #a58904;\"><strong>The difference between probiotic microorganisms in Vetom products:<\/strong><\/span><\/p>\n<p>The legendary VETOM Probiotics have been manufactured for more than 20 years, but few people know why the course consists of 4 numbers and what the difference between them is.<\/p>\n<p><img loading=\"lazy\" decoding=\"async\" class=\"size-full wp-image-623 aligncenter\" src=\"https:\/\/vetomshop.hu\/wp-content\/uploads\/2024\/05\/tech-biotechnology.webp\" alt=\"\" width=\"1464\" height=\"560\" \/><\/p>\n<p>So we'll try to find out.<\/p>\n<p>\u2713 The Vetom <span style=\"color: #ff0000;\">1<\/span> capsule and the drops form of <span style=\"color: #ff0000;\">1.23<\/span> works like a broom in the most sludge-filled part of the colon. It stimulates the production of interferon.<\/p>\n<p>The organelles in the lymphatic sheath of the small intestine are often in a dormant state due to stress, antibiotic therapy, environmental factors, etc.<\/p>\n<p>The composition of Vetom <span style=\"color: #ff0000;\">1.1<\/span> bacteria includes plasmids that activate these organelles and force us to produce our own interferon in quantities appropriate to the current state of the body.<\/p>\n<p>\u2713 The Vetom <span style=\"color: #ff0000;\">2<\/span> capsule and the drops form of <span style=\"color: #ff0000;\">2.25<\/span> or <span style=\"color: #ff0000;\">2.26<\/span> contains 2 bacterial strains, one of which continues to disinfect the large intestine, while the other acts in the small intestine (preventing pathogenic flora from \"escaping\" from the colon into the small intestine).<\/p>\n<p>\u2713 The Vetom <span style=\"color: #ff0000;\">3<\/span> capsule and the drops form of <span style=\"color: #ff0000;\">3.22<\/span>\u00a0 the \"most aggressive,\" cleanses the colon.<\/p>\n<p>\u2713 The Vetom <span style=\"color: #ff0000;\">4<\/span> capsule and the drops form of <span style=\"color: #ff0000;\">4.24<\/span> is the fastest and most meticulous, it completes what the first three VETOMs did not do, acting as a \"fixing\" trunk.<\/p>\n<p>Thus, by applying all VETOM numbers in succession, we eliminate putrefactive processes in the intestines, as it has a constant effect on the remaining pathogenic flora.<\/p>\n<p>By relieving the pancreas and liver, we enable the body to repair the malfunction of the system itself, improve metabolism, and thereby support overall immunity.<\/p>\n<p>Cheers!<\/p>\n<p>The Vetom <span style=\"color: #ff0000;\">1.1<\/span> for, Vetom <span style=\"color: #ff0000;\">1.1<\/span> capsule, the drops form of Vetom <span style=\"color: #ff0000;\">1.23<\/span> - contains the bacterial strain of the Subtilis Bacilluis B-10641.<\/p>\n<p>The Vetom <span style=\"color: #ff0000;\">2<\/span>, Vetom <span style=\"color: #ff0000;\">2<\/span> capsule, the drops form of Vetom <span style=\"color: #ff0000;\">2.25<\/span>\u00a0 - contains the bacterial strain of the B-10642 (Dsm 24614) and B-10643 (Dsm 24615).<\/p>\n<p>Vetom <span style=\"color: #ff0000;\">2.26<\/span>\u00a0 contains the bacterial strain of Bacillus Subtilis-10641 and Bacillus amylolique faciens  10643.<\/p>\n<p>The Vetom <span style=\"color: #ff0000;\">3<\/span>, Vetom <span style=\"color: #ff0000;\">3<\/span> capsule, the drops form of Vetom <span style=\"color: #ff0000;\">3.22<\/span> contains the bacterial strain of the B-10642 (Dsm 24614).<\/p>\n<p>The Vetom <span style=\"color: #ff0000;\">4<\/span>, Vetom <span style=\"color: #ff0000;\">4<\/span> capsule or the drop form of Vetom <span style=\"color: #ff0000;\">4.24<\/span> - contains the bacterial strain of B-10643 (Dsm 24614).<\/p>\n<p>Product packaging: plastic packages containing 500 g powder, 50 capsules, 50 g powder, or 10 ml liquid.<\/p>\n<p>For cancer patients, diabetics, and patients with severe digestive problems, it is recommended to consume it in liquid form (Vetom 1.23,Vetom 2.26, Vetom 3.22, Vetom 4.24). <span style=\"color: #ff0000;\">1.23<\/span>,Vetom <span style=\"color: #ff0000;\">2.26<\/span>, Vetom <span style=\"color: #ff0000;\">3.22<\/span>, Vetom <span style=\"color: #ff0000;\">4.24<\/span>)<\/p>\n<p>Consider the Vetom <span style=\"color: #ff0000;\">1.23<\/span>, Vetom <span style=\"color: #ff0000;\">2.25<\/span>, Vetom <span style=\"color: #ff0000;\">2.26<\/span>, Vetom <span style=\"color: #ff0000;\">3.22<\/span>, Vetom <span style=\"color: #ff0000;\">4.24<\/span> , they are identical in terms of their effects. In terms of their effectiveness, they contain various microorganisms that exert their effect in the intestinal tract and transport various biologically active substances to the surrounding organs. As a result, their overall effect on the human body is different. In order to achieve maximum positive effect, it is recommended to use all Vetom products alternately to cleanse the entire intestinal tract and pathogenic systems.<\/p>\n\n\t<div class=\"clearboth\"><\/div>\n<\/div>\n\n\t<\/div>\n\n\t\t<div class=\"clearboth\"><\/div>\n\t<\/div>\n\n<\/div>\n\t<\/div>\n<\/div>\n\n\n\t<div class=\"vc_custom_1675852632641\">\n\n<div id=\"text-block-9\" class=\"mk-text-block  jupiter-donut-\">\n\n\t\n\t<hr \/>\n<h3 style=\"padding-left: 40px;\"><span style=\"color: #9c810c;\"><strong>VETOM probiotics can be ordered on our websites:<\/strong>:<\/span><\/h3>\n<p style=\"padding-left: 80px;\"><a href=\"https:\/\/vetomshop.hu\/en\/\">Vetomshop.hu<\/a><\/p>\n<p style=\"padding-left: 80px;\"><a href=\"https:\/\/vetom-egeszsegshop.hu\" target=\"_blank\" rel=\"noopener noreferrer nofollow\">Vetomegeszsegshop.hu<\/a><\/p>\n<p style=\"padding-left: 80px;\"><a href=\"https:\/\/www.facebook.com\/Vetomshop.hu\" target=\"_blank\" rel=\"noopener noreferrer nofollow\">Facebook (vetom-hungary)<\/a><\/p>\n<p style=\"padding-left: 40px;\">Emag<\/p>\n<hr \/>\n\n\t<div class=\"clearboth\"><\/div>\n<\/div>\n\n\t<\/div>\n<\/div>\n\t<\/div>\n\n<\/div>","protected":false},"excerpt":{"rendered":"Mi az a Vetom? VETOM\u00a0\u2014 egy nagyon er\u0151s probiotikum, amely helyre\u00e1ll\u00edtja \u00e9s meg\u0151rzi a b\u00e9lny\u00e1lkah\u00e1rtya szerkezet\u00e9t \u00e9s a gyomor mikrofl\u00f3r\u00e1j\u00e1t. Hogyan harcol a Vetom a v\u00edrusos \u00e9s bakteri\u00e1lis fert\u0151z\u00e9sekkel? A Vetom k\u00e9sz\u00edtm\u00e9ny hat\u00f3anyaga a Bacillus subtilis VKPM B 10641 t\u00f6rzs. Az ezen fajokhoz tartoz\u00f3 bakt\u00e9riumok kifejezetten elnyomj\u00e1k a gyomor-b\u00e9l traktuson k\u00edv\u00fcli mikrofl\u00f3ra n\u00f6veked\u00e9s\u00e9t \u00e9s fejl\u0151d\u00e9s\u00e9t [...]","protected":false},"author":1,"featured_media":0,"parent":0,"menu_order":0,"comment_status":"closed","ping_status":"closed","template":"","meta":{"footnotes":""},"class_list":["post-1020","page","type-page","status-publish","hentry"],"_links":{"self":[{"href":"https:\/\/vetomshop.hu\/en\/wp-json\/wp\/v2\/pages\/1020","targetHints":{"allow":["GET"]}}],"collection":[{"href":"https:\/\/vetomshop.hu\/en\/wp-json\/wp\/v2\/pages"}],"about":[{"href":"https:\/\/vetomshop.hu\/en\/wp-json\/wp\/v2\/types\/page"}],"author":[{"embeddable":true,"href":"https:\/\/vetomshop.hu\/en\/wp-json\/wp\/v2\/users\/1"}],"replies":[{"embeddable":true,"href":"https:\/\/vetomshop.hu\/en\/wp-json\/wp\/v2\/comments?post=1020"}],"version-history":[{"count":0,"href":"https:\/\/vetomshop.hu\/en\/wp-json\/wp\/v2\/pages\/1020\/revisions"}],"wp:attachment":[{"href":"https:\/\/vetomshop.hu\/en\/wp-json\/wp\/v2\/media?parent=1020"}],"curies":[{"name":"wp","href":"https:\/\/api.w.org\/{rel}","templated":true}]}}