{"id":389,"date":"2019-11-07T12:36:23","date_gmt":"2019-11-07T12:36:23","guid":{"rendered":"https:\/\/vetomshop.hu\/my-account\/"},"modified":"2024-03-06T15:55:51","modified_gmt":"2024-03-06T14:55:51","slug":"sajat-fiok","status":"publish","type":"page","link":"https:\/\/vetomshop.hu\/en\/sajat-fiok\/","title":{"rendered":"MY ACCOUNT"},"content":{"rendered":"<div class=\"su-spoiler su-spoiler-style-fancy su-spoiler-icon-chevron su-spoiler-closed\" data-scroll-offset=\"0\" data-anchor-in-url=\"no\"><div class=\"su-spoiler-title\" tabindex=\"0\" role=\"button\"><span class=\"su-spoiler-icon\"><\/span> Shipping and payment<\/div><div class=\"su-spoiler-content su-u-clearfix su-u-trim\">\n<h2>Personal collection<\/h2>\n<p style=\"padding-left: 40px;\">8112, Zichy\u00fajfalu, Kast\u00e9lykert 1<\/p>\n<p style=\"padding-left: 40px;\">Time of personal collection: by prior arrangement only, using the following contact details<\/p>\n<ul>\n<li style=\"list-style-type: none;\">\n<ul>\n<li><strong>Phone:<\/strong>:\u00a0<a href=\"http:\/\/Tel:+36305573846\" target=\"_blank\" rel=\"noopener noreferrer nofollow\">+36305573846<\/a> Tam\u00e1s Pap<\/li>\n<li><strong>Email-1<\/strong>: i<a href=\"mailto:infoshop.vetom.magyarorszag@gmail.com\" target=\"_blank\" rel=\"noopener\">nfoshop.vetom.magyarorszag@<wbr \/>gmail.com<\/a><\/li>\n<li><strong>Email 2<\/strong>:\u00a0 <a href=\"mailto:vetomshop.hu@gmail.com\" target=\"_blank\" rel=\"noopener\">vetomshop.hu@gmail.com<\/a><\/li>\n<li>or from our partners nationwide, whose contact details can also be found on our website.<\/li>\n<\/ul>\n<\/li>\n<\/ul>\n<h2><span style=\"color: #ff0000;\">Delivery:<\/span><\/h2>\n<p>In our store, you can choose from the following delivery and payment options:<\/p>\n<p style=\"padding-left: 40px;\"><span style=\"color: #339966;\"><strong>GLS courier service<\/strong><\/span> and <span style=\"color: #339966;\"><strong>Foxpost parcel machine<\/strong><\/span><\/p>\n<p style=\"padding-left: 40px;\"><em><strong>30.000<\/strong> Free delivery for orders over a certain amount in Hungarian forints!<\/em><\/p>\n<h2><span style=\"color: #008000;\">GLS courier service:<\/span><\/h2>\n<p>For orders placed at GLS Parcel Points, cash and credit card payments are accepted at certain locations (it is advisable to check with the relevant Parcel Point in advance). <b>If you are requesting delivery to a GLS ParcelService or GLS ParcelPoint, you must enter the address of the parcel machine in the delivery address field.<\/b><\/p>\n<ul>\n<li>When the parcel is dispatched, the GLS Courier Service system will notify the recipient by email that their parcel will be delivered on the next working day. The email will contain the parcel number and any cash on delivery charges. On the morning of the delivery date, the recipient will receive a notification containing the courier's phone number, the GLS Customer Service phone number, and a 3-hour time window for the expected delivery. If the delivery attempt fails, an email notification will be sent to the recipients.<\/li>\n<li><b>GLS Parcel Point locator:<\/b> <a href=\"https:\/\/gls-group.com\/HU\/hu\/depo-csomagpont-kereses\" target=\"_blank\" rel=\"noopener noreferrer nofollow\">https:\/\/gls-group.com\/HU\/hu\/depo-csomagpont-kereses<\/a><br \/>\n<b>Delivery time:<\/b> 1\u20133 business days<br \/>\n<b>Shipping fee:<\/b> 1590, - Ft,<br \/>\n<strong>Payment:<\/strong> Advance payment (0 HUF) or cash on delivery, which costs + 400 HUF<\/li>\n<\/ul>\n<p>These prices apply only to shipping within Hungary. If you would like to have your package shipped abroad, please inquire about shipping costs by email before or immediately after placing your order.<\/p>\n<h2><span style=\"color: #008000;\">FOXPOST courier service:<\/span><\/h2>\n<p>In our store, you can also request delivery of your order to a Foxpost parcel locker.<\/p>\n<p style=\"padding-left: 40px;\"><a href=\"https:\/\/foxpost.hu\/csomagautomatak\" target=\"_blank\" rel=\"noopener noreferrer nofollow\" data-saferedirecturl=\"https:\/\/www.google.com\/url?q=https:\/\/foxpost.hu\/csomagautomatak&amp;source=gmail&amp;ust=1709714712502000&amp;usg=AOvVaw1Y_RPFbUPlHU38HiM-T9Re\">https:\/\/foxpost.hu\/<wbr \/>car boot<\/a><\/p>\n<p><strong>If you request delivery to a Foxpost parcel machine, you must enter the address of the parcel machine in the delivery address field.<\/strong><\/p>\n<h3>Payment methods:<\/h3>\n<p><strong>Delivery time:<\/strong> 1\u20133 business days<br \/>\n<strong>Shipping fee:<\/strong> 1390, - Ft,<br \/>\n<strong>Payment:<\/strong> Advance payment (0 HUF) or cash on delivery, which costs +350 HUF<\/p>\n<h3>Payment methods:<\/h3>\n<h4 style=\"padding-left: 40px;\">Cash on delivery<\/h4>\n<p>If you choose to pay cash on delivery, payment for the goods will be made upon receipt of the goods at the place of delivery (courier or post office\/parcel point). There is a handling fee for this payment method, for which we charge an additional 350 or 400 forints per parcel on top of the basic shipping fee. If paying in cash, please have the exact amount ready, as the courier may not always have sufficient change.<\/p>\n<h4 style=\"padding-left: 40px;\">Bank advance transfer<\/h4>\n<p>If you choose to pay by bank transfer, we will send you an invoice notification (Invoice) by email after checking our stock, which will contain the details required for the transfer and the final exact amount. Please transfer the purchase price to our bank account within 72 hours of the invoice being sent, otherwise we will have to consider your order void. Please note that you should not initiate the bank transfer until the Invoice has arrived in your mailbox! The details required for the transfer are included in the invoice issued.<\/p>\n<h4 style=\"padding-left: 40px;\">Please also note the following:<\/h4>\n<p>You will receive an email notification about the shipment and expected arrival of your package, so please check your email regularly after placing your order to avoid any misunderstandings or inconveniences. If you notice any irregularities with your order, please contact us at <a href=\"mailto:vetomshop.hu@gmail.com\" target=\"_blank\" rel=\"noopener\">vetomshop.hu@gmail.com<\/a> . When placing your order, please check that you have entered your correct name, address, email address, and phone number. The delivery person may not be familiar with local conditions, so if necessary, please provide additional information to help ensure successful delivery. If delivery fails due to your fault, we can only hand the package over to the delivery company again after you have paid the delivery fee again. It is important that if the package is visibly damaged or opened, you do not accept it and notify us of what has happened as soon as possible.<\/p>\n<\/div><\/div>\n<div class=\"woocommerce\"><\/div>","protected":false},"excerpt":{"rendered":"Sz\u00e1ll\u00edt\u00e1s \u00e9s fizet\u00e9s Szem\u00e9lyes \u00e1tv\u00e9tel 8112, Zichy\u00fajfalu, Kast\u00e9lykert 1 A szem\u00e9lyes \u00e1tv\u00e9tel ideje: kiz\u00e1r\u00f3lag el\u0151zetes egyeztet\u00e9ssel a k\u00f6vetkez\u0151 el\u00e9rhet\u0151s\u00e9geken Telefon:\u00a0+36305573846 Pap Tam\u00e1s Email-1: infoshop.vetom.magyarorszag@gmail.com Email-2:\u00a0 vetomshop.hu@gmail.com vagy orsz\u00e1gszerte a partnereinkt\u0151l, melyeknek el\u00e9rhet\u0151s\u00e9g\u00fck a weboldalunkon is megtal\u00e1lhat\u00f3 Kisz\u00e1ll\u00edt\u00e1s: \u00c1ruh\u00e1zunkban az al\u00e1bbi kisz\u00e1ll\u00edt\u00e1si \u00e9s fizet\u00e9si lehet\u0151s\u00e9gek k\u00f6z\u00fcl v\u00e1laszthat: GLS fut\u00e1rszolg\u00e1lat \u00e9s Foxpost csomagautomata 30.000 Forint rendel\u00e9si \u00e9rt\u00e9k [...]","protected":false},"author":1,"featured_media":0,"parent":0,"menu_order":0,"comment_status":"closed","ping_status":"closed","template":"","meta":{"footnotes":""},"class_list":["post-389","page","type-page","status-publish","hentry"],"_links":{"self":[{"href":"https:\/\/vetomshop.hu\/en\/wp-json\/wp\/v2\/pages\/389","targetHints":{"allow":["GET"]}}],"collection":[{"href":"https:\/\/vetomshop.hu\/en\/wp-json\/wp\/v2\/pages"}],"about":[{"href":"https:\/\/vetomshop.hu\/en\/wp-json\/wp\/v2\/types\/page"}],"author":[{"embeddable":true,"href":"https:\/\/vetomshop.hu\/en\/wp-json\/wp\/v2\/users\/1"}],"replies":[{"embeddable":true,"href":"https:\/\/vetomshop.hu\/en\/wp-json\/wp\/v2\/comments?post=389"}],"version-history":[{"count":0,"href":"https:\/\/vetomshop.hu\/en\/wp-json\/wp\/v2\/pages\/389\/revisions"}],"wp:attachment":[{"href":"https:\/\/vetomshop.hu\/en\/wp-json\/wp\/v2\/media?parent=389"}],"curies":[{"name":"wp","href":"https:\/\/api.w.org\/{rel}","templated":true}]}}