{"id":5220,"date":"2024-03-06T12:36:43","date_gmt":"2024-03-06T11:36:43","guid":{"rendered":"https:\/\/vetomshop.hu\/?page_id=5220"},"modified":"2025-06-02T08:45:13","modified_gmt":"2025-06-02T06:45:13","slug":"szallitas-es-fizetes","status":"publish","type":"page","link":"https:\/\/vetomshop.hu\/en\/szallitas-es-fizetes\/","title":{"rendered":"Domestic parcel delivery"},"content":{"rendered":"<p><img decoding=\"async\" class=\"wp-image-5799 alignright\" src=\"https:\/\/vetomshop.hu\/wp-content\/uploads\/2024\/06\/gerb.png\" alt=\"\" width=\"555\" srcset=\"https:\/\/vetomshop.hu\/wp-content\/uploads\/2024\/06\/gerb.png 1200w, https:\/\/vetomshop.hu\/wp-content\/uploads\/2024\/06\/gerb-300x219.png 300w, https:\/\/vetomshop.hu\/wp-content\/uploads\/2024\/06\/gerb-1024x748.png 1024w, https:\/\/vetomshop.hu\/wp-content\/uploads\/2024\/06\/gerb-768x561.png 768w, https:\/\/vetomshop.hu\/wp-content\/uploads\/2024\/06\/gerb-600x438.png 600w\" sizes=\"(max-width: 1200px) 100vw, 1200px\" \/><\/p>\n<h2>Personal collection<\/h2>\n<p style=\"padding-left: 40px;\">8112, Zichy\u00fajfalu, Kast\u00e9lykert 1<\/p>\n<p style=\"padding-left: 40px;\">Time of personal collection: by prior arrangement only, using the following contact details<\/p>\n<ul>\n<li style=\"list-style-type: none;\">\n<ul>\n<li><strong>Phone:<\/strong>:\u00a0<a href=\"http:\/\/Tel:+36305573846\" target=\"_blank\" rel=\"noopener noreferrer nofollow\">+36305573846<\/a> Tam\u00e1s Pap<\/li>\n<li><strong>Email 1<\/strong>: <a href=\"mailto:vetomshop.hu@gmail.com\" target=\"_blank\" rel=\"noopener\">vetomshop.hu@gmail.com<\/a><\/li>\n<li><strong>Email 2<\/strong>: i<a href=\"mailto:infoshop.vetom.magyarorszag@gmail.com\" target=\"_blank\" rel=\"noopener\">nfoshop.vetom.magyarorszag@<wbr \/>gmail.com<\/a><\/li>\n<li>or from our partners nationwide, whose contact details can also be found on our website.<\/li>\n<\/ul>\n<\/li>\n<\/ul>\n<h2><span style=\"color: #ff0000;\">Delivery:<\/span><\/h2>\n<p>In our store, you can choose from the following delivery and payment options:<\/p>\n<p style=\"padding-left: 40px;\"><span style=\"color: #339966;\"><strong>GLS courier service<\/strong><\/span> and <span style=\"color: #339966;\"><strong>Foxpost parcel machine<\/strong><\/span><\/p>\n<p style=\"padding-left: 40px;\"><em><strong>40.000<\/strong> Free delivery for orders over a certain amount in Hungarian forints!<\/em><\/p>\n<h2><span style=\"color: #008000;\">GLS courier service:<\/span><\/h2>\n<p><img decoding=\"async\" class=\"wp-image-5803 alignleft\" style=\"margin-top: -10px;\" src=\"https:\/\/vetomshop.hu\/wp-content\/uploads\/2024\/06\/gls-logo.png\" alt=\"\" width=\"350\" srcset=\"https:\/\/vetomshop.hu\/wp-content\/uploads\/2024\/06\/gls-logo.png 885w, https:\/\/vetomshop.hu\/wp-content\/uploads\/2024\/06\/gls-logo-300x80.png 300w, https:\/\/vetomshop.hu\/wp-content\/uploads\/2024\/06\/gls-logo-768x204.png 768w, https:\/\/vetomshop.hu\/wp-content\/uploads\/2024\/06\/gls-logo-600x159.png 600w\" sizes=\"(max-width: 885px) 100vw, 885px\" \/>For orders placed at GLS Parcel Points, cash and credit card payments are accepted at certain locations (it is advisable to check with the relevant Parcel Point in advance). <b>If you request delivery to a GLS parcel locker or GLS ParcelPoint, you must enter the address of the parcel locker in the delivery address field or in the comments when placing your order.<\/b><\/p>\n<ul>\n<li>When the parcel is dispatched, the GLS Courier Service system will notify the recipient by email that their parcel will be delivered on the next working day. The email will contain the parcel number and any cash on delivery charges. On the morning of the delivery date, the recipient will receive a notification containing the courier's phone number, the GLS Customer Service phone number, and a 3-hour time window for the expected delivery. If the delivery attempt fails, an email notification will be sent to the recipients.<\/li>\n<li><b>GLS Parcel Point locator:<\/b> <span style=\"color: #ff0000;\"><a style=\"color: #ff0000;\" href=\"https:\/\/gls-group.eu\/HU\/hu\/csomagpont-kereses\" target=\"_blank\" rel=\"noopener noreferrer nofollow\" data-saferedirecturl=\"https:\/\/www.google.com\/url?q=https:\/\/gls-group.eu\/HU\/hu\/csomagpont-kereses&amp;source=gmail&amp;ust=1709714712502000&amp;usg=AOvVaw3hrSNVVmvMC6btceWutRDK\">https:\/\/gls-group.eu\/<wbr \/>HU\/hu\/package-point-search<\/a><\/span><br \/>\n<b>Delivery time:<\/b> 1\u20133 business days<br \/>\n<b>Shipping fee:<\/b> 1590, - Ft,<br \/>\n<strong>Payment:<\/strong> Advance payment (0 HUF) or cash on delivery, which costs + 400 HUF<\/li>\n<\/ul>\n<p>These prices apply only to shipping within Hungary. If you would like to have your package shipped abroad, please inquire about shipping costs by email before or immediately after placing your order.<\/p>\n<h2><span style=\"color: #008000;\">FOXPOST courier service:<\/span><\/h2>\n<p><img decoding=\"async\" class=\"wp-image-5807 alignleft\" style=\"margin-top: -10px;\" src=\"https:\/\/vetomshop.hu\/wp-content\/uploads\/2024\/06\/foxpost-.png\" alt=\"\" width=\"350\" srcset=\"https:\/\/vetomshop.hu\/wp-content\/uploads\/2024\/06\/foxpost-.png 1267w, https:\/\/vetomshop.hu\/wp-content\/uploads\/2024\/06\/foxpost--300x151.png 300w, https:\/\/vetomshop.hu\/wp-content\/uploads\/2024\/06\/foxpost--1024x516.png 1024w, https:\/\/vetomshop.hu\/wp-content\/uploads\/2024\/06\/foxpost--768x387.png 768w, https:\/\/vetomshop.hu\/wp-content\/uploads\/2024\/06\/foxpost--600x302.png 600w\" sizes=\"(max-width: 1267px) 100vw, 1267px\" \/>In our store, you can also request delivery of your order to a Foxpost parcel locker.<\/p>\n<p style=\"padding-left: 40px;\"><span style=\"color: #ff0000;\"><a style=\"color: #ff0000;\" href=\"https:\/\/foxpost.hu\/csomagautomatak\" target=\"_blank\" rel=\"noopener noreferrer nofollow\" data-saferedirecturl=\"https:\/\/www.google.com\/url?q=https:\/\/foxpost.hu\/csomagautomatak&amp;source=gmail&amp;ust=1709714712502000&amp;usg=AOvVaw1Y_RPFbUPlHU38HiM-T9Re\">https:\/\/foxpost.hu\/<wbr \/>car boot<\/a><\/span><\/p>\n<p><strong>If you request delivery to a Foxpost parcel locker, you must enter the address of the parcel locker in the delivery address field or in the comments section when placing your order.<\/strong><\/p>\n<h3>Payment methods:<\/h3>\n<p><strong>Delivery time:<\/strong> 1\u20133 business days<br \/>\n<strong>Shipping fee:<\/strong> 1390, - Ft,<br \/>\n<strong>Payment:<\/strong> Advance payment (0 HUF) or cash on delivery, which costs +350 HUF<\/p>\n<h3>Payment methods:<\/h3>\n<h4 style=\"padding-left: 40px;\">Cash on delivery<\/h4>\n<p>If you choose to pay cash on delivery, payment for the goods will be made upon receipt of the goods at the place of delivery (courier or post office\/parcel point). There is a handling fee for this payment method, for which we charge an additional 350 or 400 forints per parcel on top of the basic shipping fee. If paying in cash, please have the exact amount ready, as the courier may not always have sufficient change.<\/p>\n<h4 style=\"padding-left: 40px;\">Bank advance transfer<\/h4>\n<p>If you choose to pay by bank transfer, we will send you an invoice notification (Invoice) by email after checking our stock, which will contain the details required for the transfer and the final exact amount. Please transfer the purchase price to our bank account within 72 hours of the invoice being sent, otherwise we will have to consider your order void. Please note that you should not initiate the bank transfer until the Invoice has arrived in your mailbox! The details required for the transfer are included in the invoice issued.<\/p>\n<h4 style=\"padding-left: 40px;\">Please also note the following:<\/h4>\n<p>You will receive an email notification about the shipment and expected arrival of your package, so please check your email regularly after placing your order to avoid any misunderstandings or inconveniences. If you notice any irregularities with your order, please contact us at <a href=\"mailto:vetomshop.hu@gmail.com\" target=\"_blank\" rel=\"noopener\">vetomshop.hu@gmail.com<\/a> . When placing your order, please check that you have entered your correct name, address, email address, and phone number. The delivery person may not be familiar with local conditions, so if necessary, please provide additional information to help ensure successful delivery. If delivery fails due to your fault, we can only hand the package over to the delivery company again after you have paid the delivery fee again. It is important that if the package is visibly damaged or opened, you do not accept it and notify us of what has happened as soon as possible.<\/p>\n<div class=\"logo-posta\"><img decoding=\"async\" class=\"alignnone size-full wp-image-5757\" src=\"https:\/\/vetomshop.hu\/wp-content\/uploads\/2024\/06\/gls_logo.jpg\" alt=\"\" width=\"197\" \/><br \/>\n<img decoding=\"async\" class=\"alignnone size-full wp-image-5758\" src=\"https:\/\/vetomshop.hu\/wp-content\/uploads\/2024\/06\/mpl_logo.jpg\" alt=\"\" width=\"197\" \/><br \/>\n<img decoding=\"async\" class=\"alignnone size-full wp-image-5760\" src=\"https:\/\/vetomshop.hu\/wp-content\/uploads\/2024\/06\/fox_logo.jpg\" alt=\"\" width=\"197\" \/><br \/>\n<img decoding=\"async\" class=\"alignnone size-full wp-image-5759\" src=\"https:\/\/vetomshop.hu\/wp-content\/uploads\/2024\/06\/packeta_logo.jpg\" alt=\"\" width=\"197\" \/><br \/>\n<img decoding=\"async\" class=\"alignnone size-full wp-image-5759\" src=\"https:\/\/vetomshop.hu\/wp-content\/uploads\/2025\/02\/fedex_logo.jpg\" alt=\"\" width=\"197\" \/><\/div>\n<div id=\"gtx-trans\" style=\"position: absolute; left: 39px; top: 1545.89px;\">\n<div class=\"gtx-trans-icon\"><\/div>\n<\/div>","protected":false},"excerpt":{"rendered":"<p>Szem\u00e9lyes \u00e1tv\u00e9tel 8112, Zichy\u00fajfalu, Kast\u00e9lykert 1 A szem\u00e9lyes \u00e1tv\u00e9tel ideje: kiz\u00e1r\u00f3lag el\u0151zetes egyeztet\u00e9ssel a k\u00f6vetkez\u0151 el\u00e9rhet\u0151s\u00e9geken Telefon:\u00a0+36305573846 Pap Tam\u00e1s Email 1: vetomshop.hu@gmail.com Email 2: infoshop.vetom.magyarorszag@gmail.com vagy orsz\u00e1gszerte a partnereinkt\u0151l, melyeknek el\u00e9rhet\u0151s\u00e9g\u00fck a weboldalunkon is megtal\u00e1lhat\u00f3 Kisz\u00e1ll\u00edt\u00e1s: \u00c1ruh\u00e1zunkban az al\u00e1bbi kisz\u00e1ll\u00edt\u00e1si \u00e9s fizet\u00e9si lehet\u0151s\u00e9gek k\u00f6z\u00fcl v\u00e1laszthat: GLS fut\u00e1rszolg\u00e1lat \u00e9s Foxpost csomagautomata 40.000 Forint rendel\u00e9si \u00e9rt\u00e9k felett [&hellip;]<\/p>\n","protected":false},"author":9,"featured_media":0,"parent":0,"menu_order":0,"comment_status":"closed","ping_status":"closed","template":"","meta":{"footnotes":""},"class_list":["post-5220","page","type-page","status-publish","hentry"],"_links":{"self":[{"href":"https:\/\/vetomshop.hu\/en\/wp-json\/wp\/v2\/pages\/5220","targetHints":{"allow":["GET"]}}],"collection":[{"href":"https:\/\/vetomshop.hu\/en\/wp-json\/wp\/v2\/pages"}],"about":[{"href":"https:\/\/vetomshop.hu\/en\/wp-json\/wp\/v2\/types\/page"}],"author":[{"embeddable":true,"href":"https:\/\/vetomshop.hu\/en\/wp-json\/wp\/v2\/users\/9"}],"replies":[{"embeddable":true,"href":"https:\/\/vetomshop.hu\/en\/wp-json\/wp\/v2\/comments?post=5220"}],"version-history":[{"count":8,"href":"https:\/\/vetomshop.hu\/en\/wp-json\/wp\/v2\/pages\/5220\/revisions"}],"predecessor-version":[{"id":6763,"href":"https:\/\/vetomshop.hu\/en\/wp-json\/wp\/v2\/pages\/5220\/revisions\/6763"}],"wp:attachment":[{"href":"https:\/\/vetomshop.hu\/en\/wp-json\/wp\/v2\/media?parent=5220"}],"curies":[{"name":"wp","href":"https:\/\/api.w.org\/{rel}","templated":true}]}}