{"id":5809,"date":"2024-06-16T14:36:41","date_gmt":"2024-06-16T12:36:41","guid":{"rendered":"https:\/\/vetomshop.hu\/?page_id=5809"},"modified":"2025-02-17T22:00:25","modified_gmt":"2025-02-17T21:00:25","slug":"kulfoldi-csomagszallitas","status":"publish","type":"page","link":"https:\/\/vetomshop.hu\/en\/kulfoldi-csomagszallitas\/","title":{"rendered":"International parcel delivery"},"content":{"rendered":"<h3 style=\"text-align: center;\"><span style=\"color: #bf1919; font-size: 27px;\">Our company is engaged in retail and wholesale trade both domestically and abroad!<\/span><\/h3>\n<div class=\"wp-image-5837\" style=\"float: right; margin-left: 0px; margin-bottom: 1em; margin-top: 15px; padding: 0;\">\n<p><img loading=\"lazy\" decoding=\"async\" src=\"https:\/\/vetomshop.hu\/wp-content\/uploads\/2024\/06\/szalitasa.png\" alt=\"K\u00fclf\u00f6ldi csomagsz\u00e1ll\u00edt\u00e1s. A Vetom probioticum nemzetk\u00f6zi sz\u00e1ll\u00edt\u00e1sa\" width=\"788\" height=\"444\" \/><\/p>\n<div style=\"text-align: center; font-size: 18px; line-height: 1.1em; margin-top: -15px; padding-top: 0;\"><b>A Vetom probioticum nemzetk\u00f6zi sz\u00e1ll\u00edt\u00e1sa<\/b><\/div>\n<\/div>\n<h3>K\u00fclf\u00f6ldi sz\u00e1ll\u00edt\u00e1s:<\/h3>\n<ul class=\"country-list\">\n<li>Ausztria<\/li>\n<li>Belgium<\/li>\n<li>Hollandia<\/li>\n<li>Horv\u00e1torsz\u00e1g<\/li>\n<li>Franciaorsz\u00e1g<\/li>\n<li>Germany<\/li>\n<li>Olaszorsz\u00e1g<\/li>\n<li>Rom\u00e1nia<\/li>\n<li>Spanyolorsz\u00e1g<\/li>\n<li>Sv\u00e1jc<\/li>\n<li>Ukrajna<\/li>\n<li>Other countries<\/li>\n<\/ul>\n<div style=\"clear: both;\"><\/div>\n<ul style=\"list-style: none;\">\n<li>Based on the determination of a unique shipping fee for foreign addresses and <span style=\"color: #bf0404;\">we ship exclusively after receiving advance payment via bank transfer.<\/span>.<\/li>\n<li>If the ordered Product does not arrive by the expected date, please contact our customer service so that we can address the issue immediately.<\/li>\n<li>We are also happy to assist with deliveries to other countries. In such cases, please contact us. We welcome your inquiries.<\/li>\n<\/ul>\n<h3 style=\"text-align: center; color: #bf1919; font-size: 28px;\">I sell Vetom probiotics with international shipping!<\/h3>\n<p style=\"text-align: justify; font-size: 25px;\">Our company is engaged in both wholesale and retail trade on domestic and international markets! We deliver to overseas addresses on the basis of individual shipping costs and only after prior bank transfer. If the ordered item does not arrive within the specified time frame, please contact our support team so that we can resolve the problem immediately.<br \/>\nWe are also happy to assist you with shipping to other countries, in such cases please contact us: <strong>vetomshop.hu@gmail.com<\/strong>.<\/p>\n<p style=\"text-align: center; font-size: 27px; color: #bf1919;\"><strong>We look forward to your orders!<\/strong><\/p>\n<div class=\"logo-posta\"><img decoding=\"async\" class=\"alignnone size-full wp-image-5757\" src=\"https:\/\/vetomshop.hu\/wp-content\/uploads\/2024\/06\/gls_logo.jpg\" alt=\"\" width=\"250\" \/><br \/>\n<img decoding=\"async\" class=\"alignnone size-full wp-image-5758\" src=\"https:\/\/vetomshop.hu\/wp-content\/uploads\/2024\/08\/tnt_logo.jpg\" alt=\"\" width=\"250\" \/><br \/>\n<img decoding=\"async\" class=\"alignnone size-full wp-image-5760\" src=\"https:\/\/vetomshop.hu\/wp-content\/uploads\/2024\/08\/dpd_logo.jpg\" alt=\"\" width=\"250\" \/><br \/>\n<img decoding=\"async\" class=\"alignnone size-full wp-image-5759\" src=\"https:\/\/vetomshop.hu\/wp-content\/uploads\/2024\/06\/packeta_logo.jpg\" alt=\"\" width=\"250\" \/><\/div>","protected":false},"excerpt":{"rendered":"<p>C\u00e9g\u00fcnk Kis \u00e9s Nagykereskedelemmel foglalkozik Belf\u00f6ld\u00f6n \u00e9s K\u00fclf\u00f6ld\u00f6n egyar\u00e1nt! A Vetom probioticum nemzetk\u00f6zi sz\u00e1ll\u00edt\u00e1sa K\u00fclf\u00f6ldi sz\u00e1ll\u00edt\u00e1s: Ausztria Belgium Hollandia Horv\u00e1torsz\u00e1g Franciaorsz\u00e1g N\u00e9metorsz\u00e1g Olaszorsz\u00e1g Rom\u00e1nia Spanyolorsz\u00e1g Sv\u00e1jc Ukrajna Egy\u00e9b orszagokba K\u00fclf\u00f6ldi c\u00edmre egyedi sz\u00e1ll\u00edt\u00e1si d\u00edj meg\u00e1llap\u00edt\u00e1sa alapj\u00e1n \u00e9s kiz\u00e1r\u00f3lag Banki el\u0151re utal\u00e1st k\u00f6vet\u0151en sz\u00e1ll\u00edtjuk ki. Amennyiben a megrendelt Term\u00e9k nem \u00e9rkezik meg \u00d6nh\u00f6z a v\u00e1rt id\u0151pontig, [&hellip;]<\/p>\n","protected":false},"author":104,"featured_media":0,"parent":0,"menu_order":0,"comment_status":"closed","ping_status":"closed","template":"","meta":{"footnotes":""},"class_list":["post-5809","page","type-page","status-publish","hentry"],"_links":{"self":[{"href":"https:\/\/vetomshop.hu\/en\/wp-json\/wp\/v2\/pages\/5809","targetHints":{"allow":["GET"]}}],"collection":[{"href":"https:\/\/vetomshop.hu\/en\/wp-json\/wp\/v2\/pages"}],"about":[{"href":"https:\/\/vetomshop.hu\/en\/wp-json\/wp\/v2\/types\/page"}],"author":[{"embeddable":true,"href":"https:\/\/vetomshop.hu\/en\/wp-json\/wp\/v2\/users\/104"}],"replies":[{"embeddable":true,"href":"https:\/\/vetomshop.hu\/en\/wp-json\/wp\/v2\/comments?post=5809"}],"version-history":[{"count":1,"href":"https:\/\/vetomshop.hu\/en\/wp-json\/wp\/v2\/pages\/5809\/revisions"}],"predecessor-version":[{"id":6443,"href":"https:\/\/vetomshop.hu\/en\/wp-json\/wp\/v2\/pages\/5809\/revisions\/6443"}],"wp:attachment":[{"href":"https:\/\/vetomshop.hu\/en\/wp-json\/wp\/v2\/media?parent=5809"}],"curies":[{"name":"wp","href":"https:\/\/api.w.org\/{rel}","templated":true}]}}