{"id":4664,"date":"2023-11-11T14:33:45","date_gmt":"2023-11-11T13:33:45","guid":{"rendered":"https:\/\/vetomshop.hu\/termek\/aphrodita-medal\/"},"modified":"2023-11-11T14:33:45","modified_gmt":"2023-11-11T13:33:45","slug":"aphrodita-medal","status":"publish","type":"product","link":"https:\/\/vetomshop.hu\/en\/product\/aphrodita-medal\/","title":{"rendered":"Aphrodite Pendant"},"content":{"rendered":"<p><strong>Aphrodite pendant<\/strong><\/p>\n<p>Thanks to BioTrEM technology, it is now possible to create a spectral pattern of a specific nature on a special crystal. When arbitrary energy quanta - even heat - come into contact with the surface of the crystal, the generator emits extremely weak signals of the spectral pattern recorded on it.<br \/>\nMeanwhile, the electromagnetic radiation from the pendant interacts with the living organism.<\/p>\n<div class=\"su-spoiler su-spoiler-style-defoult su-spoiler-icon-caret su-spoiler-closed\" data-scroll-offset=\"0\" data-anchor-in-url=\"no\"><div class=\"su-spoiler-title\" tabindex=\"0\" role=\"button\"><span class=\"su-spoiler-icon\"><\/span>All<\/div><div class=\"su-spoiler-content su-u-clearfix su-u-trim\">\n<p>The extremely weak signs of the APHRODITE pendant stimulate the synthesis of female pheromones, the special glands of the female body produce more intensively pheromones, androstenol and copulin. The more pheromones produced in a woman, the more sexually attractive she is to men. Androstenol encourages others to communicate and makes others see you as younger.<\/p>\n<p>Copulin is a female hormone responsible for sexual attractiveness.<\/p>\n<p>When using the APHRODITE pendant, the production of female pheromones (androstenol and copulin) is increased, which in turn increases the pheromones' production:<\/p>\n<ul>\n<li>attract the attention of men,<\/li>\n<li>arouse sympathy,<\/li>\n<li>easier to get to know,<\/li>\n<li>achieve greater business success, gain more confidence,<\/li>\n<li>they create for their partner \u201ethe one and only irresistible person\u201d.<\/li>\n<\/ul>\n<p>Androstenol speeds up the development of sympathy, awakens a sense of friendship in the interlocutor, creates romantic feelings, creates an aura of youth and exhilaration, no matter how old you are!<\/p>\n<\/div><\/div>","protected":false},"excerpt":{"rendered":"<p>Aphrodita med\u00e1l A BioTrEM-technol\u00f3gi\u00e1nak k\u00f6sz\u00f6nhet\u0151en lehets\u00e9gess\u00e9 v\u00e1lt l\u00e9trehozni a speci\u00e1lis krist\u00e1lyon egy adott term\u00e9szet\u0171 spektr\u00e1lis mint\u00e1t. Amikor tetsz\u0151leges energiakvantumok \u2013 ak\u00e1r h\u0151 &#8211; \u00e9rintkezik a krist\u00e1ly fel\u00fclet\u00e9vel, a gener\u00e1tor a rajta r\u00f6gz\u00edtett spektr\u00e1lis minta extr\u00e9m gyenge jeleit bocs\u00e1jtja ki. Ek\u00f6zben a med\u00e1l elektrom\u00e1gneses sug\u00e1rz\u00e1sa k\u00f6lcs\u00f6nhat\u00e1sba ker\u00fcl az \u00e9l\u0151 szervezettel.<\/p>","protected":false},"featured_media":4663,"comment_status":"open","ping_status":"closed","template":"","meta":[],"product_brand":[],"product_cat":[33,32],"product_tag":[],"class_list":{"0":"post-4664","1":"product","2":"type-product","3":"status-publish","4":"has-post-thumbnail","6":"product_cat-egeszseg-medalok","7":"product_cat-triomed","9":"first","10":"instock","11":"taxable","12":"shipping-taxable","13":"purchasable","14":"product-type-simple"},"_links":{"self":[{"href":"https:\/\/vetomshop.hu\/en\/wp-json\/wp\/v2\/product\/4664","targetHints":{"allow":["GET"]}}],"collection":[{"href":"https:\/\/vetomshop.hu\/en\/wp-json\/wp\/v2\/product"}],"about":[{"href":"https:\/\/vetomshop.hu\/en\/wp-json\/wp\/v2\/types\/product"}],"replies":[{"embeddable":true,"href":"https:\/\/vetomshop.hu\/en\/wp-json\/wp\/v2\/comments?post=4664"}],"wp:featuredmedia":[{"embeddable":true,"href":"https:\/\/vetomshop.hu\/en\/wp-json\/wp\/v2\/media\/4663"}],"wp:attachment":[{"href":"https:\/\/vetomshop.hu\/en\/wp-json\/wp\/v2\/media?parent=4664"}],"wp:term":[{"taxonomy":"product_brand","embeddable":true,"href":"https:\/\/vetomshop.hu\/en\/wp-json\/wp\/v2\/product_brand?post=4664"},{"taxonomy":"product_cat","embeddable":true,"href":"https:\/\/vetomshop.hu\/en\/wp-json\/wp\/v2\/product_cat?post=4664"},{"taxonomy":"product_tag","embeddable":true,"href":"https:\/\/vetomshop.hu\/en\/wp-json\/wp\/v2\/product_tag?post=4664"}],"curies":[{"name":"wp","href":"https:\/\/api.w.org\/{rel}","templated":true}]}}