{"id":4666,"date":"2023-11-11T14:33:45","date_gmt":"2023-11-11T13:33:45","guid":{"rendered":"https:\/\/vetomshop.hu\/termek\/alfa-medal\/"},"modified":"2023-11-11T14:33:45","modified_gmt":"2023-11-11T13:33:45","slug":"alfa-medal","status":"publish","type":"product","link":"https:\/\/vetomshop.hu\/en\/product\/alfa-medal\/","title":{"rendered":"Alpha Medal"},"content":{"rendered":"<h4>ALFA Health Medal<\/h4>\n<p><strong>Main functions:<\/strong><\/p>\n<p>It is a complementary tool to normalize the functioning of the psychic and emotional sphere, it improves mood, motivation and capacity for action, reduces the adverse effects of psychic and emotional stress.<\/p>\n<p><strong>Short description:<\/strong><\/p>\n<p>The information signal recorded on the ALFA Health Medallion corresponds to the electromagnetic vibration of the centre that regulates the psychic and emotional spheres.<br \/>\nIt is well known that a person's emotional state, which depends on several external and internal factors, is regulated by the central nervous system.<\/p>\n<div class=\"su-spoiler su-spoiler-style-defoult su-spoiler-icon-caret su-spoiler-closed\" data-scroll-offset=\"0\" data-anchor-in-url=\"no\"><div class=\"su-spoiler-title\" tabindex=\"0\" role=\"button\"><span class=\"su-spoiler-icon\"><\/span>All<\/div><div class=\"su-spoiler-content su-u-clearfix su-u-trim\">\nThe first signs of stress include emotional tension, fears, anxiety, agitation and increased irritability. This can lead to sleep disturbances, resulting in fatigue, general moodiness, and impaired cognitive functions (memory, attention, thinking).<\/p>\n<p>Prolonged psychological and emotional disturbances have a negative impact on the general condition and reactivity of the body. People who experience chronic psychological and emotional stress are more likely to get colds, to relapse from pre-existing chronic diseases (ischaemic heart disease, pancreatic diseases, cystitis, pyelonephritis, adnexitis, prostatitis, etc.).<\/p>\n<p>Stress factors are the cause of classic psychosomatic illnesses such as hypertension, bronchial asthma, gastric ulcers, duodenal ulcers, allergic skin diseases (eczema, neurodermatitis) and others, including visual and hearing impairment.<\/p>\n<p><strong>When to use the ALFA Health Medal?<\/strong><\/p>\n<p>The device has a positive effect on the functional functioning of the body. It can be used as an optimising and corrective device in combination with other methods to prevent and treat diseases:<\/p>\n<ul>\n<li>agitation, neurasthenia, adaptation problems, accompanied by a disharmonious emotional state,<\/li>\n<li>a functional disturbance of the nervous system, accompanied by mental fatigue, irritability, slowing down and loss of quality of thinking,<\/li>\n<li>insomnia caused by panic attacks,<\/li>\n<li>in the initial and relapsing phases of psychosomatic illnesses (bronchial asthma, sensitive bowel syndrome - IBS, ischaemic heart disease, hypertension, skin and other diseases),<\/li>\n<li>symptoms of chronic psychological and emotional stress.<\/li>\n<\/ul>\n<p>Attention, important!<\/p>\n<p>Consult a doctor if you have a marked decrease in mood, emotional instability and irritability, persistent insomnia that does not go away. In addition to the prescribed treatment, use the ALFA Health Medal in parallel to strengthen the effectiveness of the treatment and the body's rehabilitation abilities.<br \/>\n<\/div><\/div>","protected":false},"excerpt":{"rendered":"<p>ALFA Eg\u00e9szs\u00e9g Med\u00e1l F\u0151 funkci\u00f3i: Kieg\u00e9sz\u00edt\u0151 eszk\u00f6z a pszich\u00e9s \u00e9s \u00e9rzelmi szf\u00e9ra m\u0171k\u00f6d\u00e9s\u00e9nek normaliz\u00e1l\u00e1s\u00e1ra, hangulatjav\u00edt\u00f3, motiv\u00e1ci\u00f3 \u00e9s cselekv\u0151k\u00e9pess\u00e9g n\u00f6vel\u0151, cs\u00f6kkenti a pszich\u00e9s \u00e9s \u00e9rzelmi stressz \u00e1ldatlan hat\u00e1sait. R\u00f6vid ismertet\u0151: Az inform\u00e1ci\u00f3s jel, mely az ALFA Eg\u00e9szs\u00e9g Med\u00e1lra r\u00f6gz\u00edt\u00e9sre ker\u00fclt, megfelel a pszich\u00e9s \u00e9s \u00e9rzelmi szf\u00e9r\u00e1kat szab\u00e1lyoz\u00f3 k\u00f6zpont elektrom\u00e1gneses rezg\u00e9s\u00e9nek. K\u00f6ztudott, hogy az ember \u00e9rzelmi \u00e1llapota, [&hellip;]<\/p>\n","protected":false},"featured_media":4665,"comment_status":"open","ping_status":"closed","template":"","meta":[],"product_brand":[],"product_cat":[33,32],"product_tag":[],"class_list":{"0":"post-4666","1":"product","2":"type-product","3":"status-publish","4":"has-post-thumbnail","6":"product_cat-egeszseg-medalok","7":"product_cat-triomed","9":"first","10":"instock","11":"taxable","12":"shipping-taxable","13":"purchasable","14":"product-type-simple"},"_links":{"self":[{"href":"https:\/\/vetomshop.hu\/en\/wp-json\/wp\/v2\/product\/4666","targetHints":{"allow":["GET"]}}],"collection":[{"href":"https:\/\/vetomshop.hu\/en\/wp-json\/wp\/v2\/product"}],"about":[{"href":"https:\/\/vetomshop.hu\/en\/wp-json\/wp\/v2\/types\/product"}],"replies":[{"embeddable":true,"href":"https:\/\/vetomshop.hu\/en\/wp-json\/wp\/v2\/comments?post=4666"}],"wp:featuredmedia":[{"embeddable":true,"href":"https:\/\/vetomshop.hu\/en\/wp-json\/wp\/v2\/media\/4665"}],"wp:attachment":[{"href":"https:\/\/vetomshop.hu\/en\/wp-json\/wp\/v2\/media?parent=4666"}],"wp:term":[{"taxonomy":"product_brand","embeddable":true,"href":"https:\/\/vetomshop.hu\/en\/wp-json\/wp\/v2\/product_brand?post=4666"},{"taxonomy":"product_cat","embeddable":true,"href":"https:\/\/vetomshop.hu\/en\/wp-json\/wp\/v2\/product_cat?post=4666"},{"taxonomy":"product_tag","embeddable":true,"href":"https:\/\/vetomshop.hu\/en\/wp-json\/wp\/v2\/product_tag?post=4666"}],"curies":[{"name":"wp","href":"https:\/\/api.w.org\/{rel}","templated":true}]}}