{"id":4710,"date":"2023-11-11T14:33:53","date_gmt":"2023-11-11T13:33:53","guid":{"rendered":"https:\/\/vetomshop.hu\/termek\/prunus-cerasus-meggy-medal\/"},"modified":"2023-11-11T14:33:53","modified_gmt":"2023-11-11T13:33:53","slug":"prunus-cerasus-meggy-medal","status":"publish","type":"product","link":"https:\/\/vetomshop.hu\/en\/product\/prunus-cerasus-meggy-medal\/","title":{"rendered":"Prunus cerasus - Meggy Pendant"},"content":{"rendered":"<h4>Prunus cerasus - Meggy Medal-Streptococcus, Staphylococcus for additional treatment of infections<\/h4>\n<p>Streptococcus pyogenes, also known as type A streptococcus, is an extremely common bacterium: hardly anyone has ever had a sore throat without this mostly harmless bacterium that settles in the throat. But the same throat-dwelling bacterium is also the cause of scarlet fever, a childhood illness with fever and a full-body rash, through its toxins secreted into the bloodstream. In fact, prolonged untreated strep infections can lead to rheumatic fever, a serious disease that attacks the joints and heart.<\/p>\n<p>Staphylococcus aureus is a similarly common bacterium found on pretty much all of our skin, and is one of the causative agents of pustular acne and pustules. While these skin lesions might be considered unpleasant at best, stubborn skin conditions, especially in children, such as boils or abscesses on various parts of the body can cause serious problems, not to mention serious and potentially fatal infections such as pneumonia, meningitis, osteomyelitis or pericarditis. Staphylococci, which mostly colonise our skin, can cause all of these if given the chance.<\/p>\n<div class=\"su-spoiler su-spoiler-style-defoult su-spoiler-icon-caret su-spoiler-closed\" data-scroll-offset=\"0\" data-anchor-in-url=\"no\"><div class=\"su-spoiler-title\" tabindex=\"0\" role=\"button\"><span class=\"su-spoiler-icon\"><\/span>All<\/div><div class=\"su-spoiler-content su-u-clearfix su-u-trim\">\n<h5>What can everyday microbes in the wrong place cause?<\/h5>\n<p>The lesson is that a seemingly harmless bacterium is only relatively harmless until it is in a place where it has no business being: especially in deep tissues and<br \/>\ninto the bloodstream. For example, if Streptococci or Staphylococci reach subcutaneous tissues through a lesion, they can spread extremely rapidly and destructively along the connective tissue fasciae that envelop muscles and nerves - colloquially known as \u201eflesh-eating\u201d. A needle prick, an insect bite, a bruise can be all it takes to get them through the skin - it doesn't have to be catastrophic, a barely visible wound will do. There is an increased risk if the skin is already wounded - for example, following surgery, an acute rash due to a viral infection, or as a complication of diabetes - or if the immune system is weakened.<\/p>\n<h5>\u201eDoes the flesh-eating bacterium \u201deat meat\"?<\/h5>\n<p>\u201eFlesh-eating bacteria\u201d do not form a frightening and exotic group of pathogens: in most cases, ordinary microbes, misplaced in the wrong place, are the cause of serious<br \/>\na process involving tissue destruction that directly threatens life.<\/p>\n<h5>How does the process work?<\/h5>\n<p>The \u201eflesh-eating infection\u201d, formally known as necrotizing fasciitis (necrotizing fasciitis), starts with few characteristic symptoms: swelling, redness, pain and possibly blistering in the affected area. As the process is deep-seated, by the time the purplish discolored areas of the skin, the bloody blisters, have formed, there is already massive destruction of the subcutaneous soft tissues.<\/p>\n<\/div><\/div>","protected":false},"excerpt":{"rendered":"<p>Prunus cerasus \u2013 Meggy Med\u00e1l-Streptococcus, Staphylococcus fert\u0151z\u00e9sek kieg\u00e9sz\u00edt\u0151 kezel\u00e9s\u00e9re A Streptococcus pyogenes, m\u00e1s nev\u00e9n az A-t\u00edpus\u00fa sztreptokokkusz rendk\u00edv\u00fcl k\u00f6z\u00f6ns\u00e9ges bakt\u00e9rium: aligha akad, akinek ne okozott volna m\u00e9g torokf\u00e1j\u00e1st ez a garatban megteleped\u0151, jobb\u00e1ra \u00e1rtalmatlan k\u00f3rokoz\u00f3. \u00c1m ugyanez a toroklak\u00f3 bakt\u00e9rium &#8211; a v\u00e9r\u00e1ramba kiv\u00e1lasztott m\u00e9reganyagai r\u00e9v\u00e9n &#8211; a skarl\u00e1t, a l\u00e1zzal \u00e9s a teljes testet [&hellip;]<\/p>\n","protected":false},"featured_media":4709,"comment_status":"open","ping_status":"closed","template":"","meta":[],"product_brand":[],"product_cat":[33,32],"product_tag":[],"class_list":{"0":"post-4710","1":"product","2":"type-product","3":"status-publish","4":"has-post-thumbnail","6":"product_cat-egeszseg-medalok","7":"product_cat-triomed","9":"first","10":"instock","11":"taxable","12":"shipping-taxable","13":"purchasable","14":"product-type-simple"},"_links":{"self":[{"href":"https:\/\/vetomshop.hu\/en\/wp-json\/wp\/v2\/product\/4710","targetHints":{"allow":["GET"]}}],"collection":[{"href":"https:\/\/vetomshop.hu\/en\/wp-json\/wp\/v2\/product"}],"about":[{"href":"https:\/\/vetomshop.hu\/en\/wp-json\/wp\/v2\/types\/product"}],"replies":[{"embeddable":true,"href":"https:\/\/vetomshop.hu\/en\/wp-json\/wp\/v2\/comments?post=4710"}],"wp:featuredmedia":[{"embeddable":true,"href":"https:\/\/vetomshop.hu\/en\/wp-json\/wp\/v2\/media\/4709"}],"wp:attachment":[{"href":"https:\/\/vetomshop.hu\/en\/wp-json\/wp\/v2\/media?parent=4710"}],"wp:term":[{"taxonomy":"product_brand","embeddable":true,"href":"https:\/\/vetomshop.hu\/en\/wp-json\/wp\/v2\/product_brand?post=4710"},{"taxonomy":"product_cat","embeddable":true,"href":"https:\/\/vetomshop.hu\/en\/wp-json\/wp\/v2\/product_cat?post=4710"},{"taxonomy":"product_tag","embeddable":true,"href":"https:\/\/vetomshop.hu\/en\/wp-json\/wp\/v2\/product_tag?post=4710"}],"curies":[{"name":"wp","href":"https:\/\/api.w.org\/{rel}","templated":true}]}}