{"id":4714,"date":"2023-11-11T14:33:54","date_gmt":"2023-11-11T13:33:54","guid":{"rendered":"https:\/\/vetomshop.hu\/termek\/triomed-compact\/"},"modified":"2023-11-11T14:33:54","modified_gmt":"2023-11-11T13:33:54","slug":"triomed-compact","status":"publish","type":"product","link":"https:\/\/vetomshop.hu\/en\/product\/triomed-compact\/","title":{"rendered":"Triomed compact"},"content":{"rendered":"<h4>Pain relief, inflammation reduction, rehabilitation, chiropractic care, first aid, chronic diseases, electrosmog, stress, light therapy<\/h4>\n<p>Innovation system for health protection and recovery - <strong>Triomed compact.<\/strong><\/p>\n<p>We hear almost daily that our environment has become increasingly aggressive.<\/p>\n<p>Chemicals in food and water, air pollution and the ever-faster pace of life are putting our bodies under serious strain. Civilisation diseases, which are the result of changing environmental factors and dietary habits, working conditions and stress, can also be a cause for serious concern. Curing them is a major challenge for doctors, who are often helpless in the face of this challenge. Often, after lengthy investigations, we are given a good (or rather bad) sounding Latin name for the diagnosis and advised to live with it.<\/p>\n<p>But is it pleasant to live life in such an unfortunate condition, spending decades between illness and death? How much pain, resignation, energy, money, time, disappointment accompany the patient along the way? How many unfulfilled plans, goals, careers, desires are thrown away because from then on it's all about the disease?<\/p>\n<div class=\"su-spoiler su-spoiler-style-defoult su-spoiler-icon-caret su-spoiler-closed\" data-scroll-offset=\"0\" data-anchor-in-url=\"no\"><div class=\"su-spoiler-title\" tabindex=\"0\" role=\"button\"><span class=\"su-spoiler-icon\"><\/span>All<\/div><div class=\"su-spoiler-content su-u-clearfix su-u-trim\">\n<p>The question: can we be healthy if we don't change<\/p>\n<p>On the root causes of diseases and only partial solutions?<\/p>\n<p>The answer is clearly NO!Get to know a complex system that is unique of its kind!<\/p>\n<p>Our tools can treat your illnesses, improve your quality of life, help you adapt to a changing and ever-changing environment and change it.<\/p>\n<p>Not only in the case of various diseases, pains, inflammations, autoimmune processes, bad mood, we can achieve excellent results, but also eliminate the root causes! All this is done by the device communicating with your body, each impulse is a response to your current condition.<\/p>\n<p>Biofeedback - radio frequency range.<\/p>\n<p>Systemic health protection! unique approach!<\/p>\n<p>At the touch of a button:<\/p>\n<ul>\n<li>Improve your ecological environment - millimetre therapy across the square,<\/li>\n<li>Improves the quality of water and food - restores the regularity of water and water in food, reducing harmful effects.<\/li>\n<li>It relieves stress at work and elsewhere and increases our resilience.<\/li>\n<\/ul>\n<p>The next step: apply it as a cure to solve your problems!<\/p>\n<p>Triomed Compact - the Pro!<\/p>\n<p><strong>Experience:<\/strong> I have also had very good experiences with Triomed and Compact. When we found ourselves sick, we were completely cured of even the most stubborn germs in two or three days without medication. I am a pregnant woman and on one of my ultrasounds the doctor found a cyst in our baby's skull. He reassured me that nothing would go wrong and I was completely at ease, knowing that after a few treatments the cyst there would be completely absorbed. Well, it did!!! I certainly would not have been a calm mum if I had not known about the existence of these devices. I am so glad that I found these devices before the baby was due.<\/p>\n<p>Attention! The device is not a substitute for medical treatment!<\/p>\n<p>Each mode implements a specific programme<\/p>\n<p>THE TRIOMED COMPACT WORKS IN EIGHT MODES.<\/p>\n<p>Each mode implements a specific, unique programme.<\/p>\n<\/div><\/div>","protected":false},"excerpt":{"rendered":"<p>F\u00e1jdalomcsillap\u00edt\u00e1s, gyullad\u00e1s cs\u00f6kkent\u00e9s, lugos\u00edt\u00e1s, rehabilit\u00e1ci\u00f3, oki kezel\u00e9s, els\u0151seg\u00e9ly, kr\u00f3nikus betegs\u00e9gek, elektroszmog, stressz, f\u00e9nyter\u00e1pia Az eg\u00e9szs\u00e9g v\u00e9delm\u00e9nek \u00e9s vissza\u00e1ll\u00edt\u00e1s\u00e1nak innov\u00e1ci\u00f3s rendszere \u2013 Triomed compact. Szinte naponta hallunk arr\u00f3l, hogy k\u00f6rnyezet\u00fcnk egyre agressz\u00edvebb\u00e9 v\u00e1lt. Az \u00e9lelmiszerekben \u00e9s a v\u00edzben tal\u00e1lhat\u00f3 vegyszerek, a leveg\u0151 szennyezetts\u00e9ge, az egyre gyorsabb \u00e9lettemp\u00f3 komoly kih\u00edv\u00e1sok el\u00e9 \u00e1ll\u00edtja szervezet\u00fcnket. Komoly aggodalomra adhatnak okot [&hellip;]<\/p>\n","protected":false},"featured_media":4713,"comment_status":"open","ping_status":"closed","template":"","meta":[],"product_brand":[],"product_cat":[34,32],"product_tag":[],"class_list":{"0":"post-4714","1":"product","2":"type-product","3":"status-publish","4":"has-post-thumbnail","6":"product_cat-keszulekek","7":"product_cat-triomed","9":"first","10":"instock","11":"taxable","12":"shipping-taxable","13":"purchasable","14":"product-type-simple"},"_links":{"self":[{"href":"https:\/\/vetomshop.hu\/en\/wp-json\/wp\/v2\/product\/4714","targetHints":{"allow":["GET"]}}],"collection":[{"href":"https:\/\/vetomshop.hu\/en\/wp-json\/wp\/v2\/product"}],"about":[{"href":"https:\/\/vetomshop.hu\/en\/wp-json\/wp\/v2\/types\/product"}],"replies":[{"embeddable":true,"href":"https:\/\/vetomshop.hu\/en\/wp-json\/wp\/v2\/comments?post=4714"}],"wp:featuredmedia":[{"embeddable":true,"href":"https:\/\/vetomshop.hu\/en\/wp-json\/wp\/v2\/media\/4713"}],"wp:attachment":[{"href":"https:\/\/vetomshop.hu\/en\/wp-json\/wp\/v2\/media?parent=4714"}],"wp:term":[{"taxonomy":"product_brand","embeddable":true,"href":"https:\/\/vetomshop.hu\/en\/wp-json\/wp\/v2\/product_brand?post=4714"},{"taxonomy":"product_cat","embeddable":true,"href":"https:\/\/vetomshop.hu\/en\/wp-json\/wp\/v2\/product_cat?post=4714"},{"taxonomy":"product_tag","embeddable":true,"href":"https:\/\/vetomshop.hu\/en\/wp-json\/wp\/v2\/product_tag?post=4714"}],"curies":[{"name":"wp","href":"https:\/\/api.w.org\/{rel}","templated":true}]}}